{"id":165,"date":"2018-08-13T09:52:52","date_gmt":"2018-08-13T06:52:52","guid":{"rendered":"https:\/\/rotary.fi\/kauhavarc\/?page_id=165"},"modified":"2025-08-06T11:49:33","modified_gmt":"2025-08-06T08:49:33","slug":"yhteistyo","status":"publish","type":"page","link":"https:\/\/rotary.fi\/kauhavarc\/mita-teemme\/yhteistyo\/","title":{"rendered":"Yhteisty\u00f6"},"content":{"rendered":"<p>[et_pb_section fb_built=&#8221;1&#8243; module_class=&#8221;jumbotron-page&#8221; _builder_version=&#8221;4.16&#8243; background_image=&#8221;https:\/\/rotary.fi\/kauhavarc\/wp-content\/uploads\/sites\/22\/2018\/12\/ilmakuva.jpg&#8221; global_colors_info=&#8221;{}&#8221;][et_pb_row _builder_version=&#8221;4.16&#8243; background_size=&#8221;initial&#8221; background_position=&#8221;top_left&#8221; background_repeat=&#8221;repeat&#8221; global_colors_info=&#8221;{}&#8221;][et_pb_column type=&#8221;4_4&#8243; _builder_version=&#8221;4.16&#8243; custom_padding=&#8221;|||&#8221; global_colors_info=&#8221;{}&#8221; custom_padding__hover=&#8221;|||&#8221;][et_pb_text admin_label=&#8221;P\u00e4\u00e4otsikko&#8221; _builder_version=&#8221;4.16&#8243; text_orientation=&#8221;center&#8221; background_layout=&#8221;dark&#8221; global_colors_info=&#8221;{}&#8221;]<br \/>\n[\/et_pb_text][\/et_pb_column][\/et_pb_row][\/et_pb_section][et_pb_section fb_built=&#8221;1&#8243; specialty=&#8221;on&#8221; module_class_2=&#8221;sivupalkki&#8221; _builder_version=&#8221;4.16&#8243; global_colors_info=&#8221;{}&#8221;][et_pb_column type=&#8221;2_3&#8243; specialty_columns=&#8221;2&#8243; _builder_version=&#8221;4.16&#8243; custom_padding=&#8221;|||&#8221; global_colors_info=&#8221;{}&#8221; custom_padding__hover=&#8221;|||&#8221;][et_pb_row_inner admin_label=&#8221;Rivi&#8221; _builder_version=&#8221;4.16&#8243; global_colors_info=&#8221;{}&#8221;][et_pb_column_inner saved_specialty_column_type=&#8221;2_3&#8243; _builder_version=&#8221;4.16&#8243; custom_padding=&#8221;|||&#8221; global_colors_info=&#8221;{}&#8221; custom_padding__hover=&#8221;|||&#8221;][et_pb_text admin_label=&#8221;Otsikko&#8221; _builder_version=&#8221;4.16&#8243; text_orientation=&#8221;center&#8221; global_colors_info=&#8221;{}&#8221;]<\/p>\n<h1>Yhteisty\u00f6kumppaneitamme<\/h1>\n<p>[\/et_pb_text][et_pb_text _builder_version=&#8221;4.27.4&#8243; z_index_tablet=&#8221;500&#8243; text_text_shadow_horizontal_length_tablet=&#8221;0px&#8221; text_text_shadow_vertical_length_tablet=&#8221;0px&#8221; text_text_shadow_blur_strength_tablet=&#8221;1px&#8221; link_text_shadow_horizontal_length_tablet=&#8221;0px&#8221; link_text_shadow_vertical_length_tablet=&#8221;0px&#8221; link_text_shadow_blur_strength_tablet=&#8221;1px&#8221; ul_text_shadow_horizontal_length_tablet=&#8221;0px&#8221; ul_text_shadow_vertical_length_tablet=&#8221;0px&#8221; ul_text_shadow_blur_strength_tablet=&#8221;1px&#8221; ol_text_shadow_horizontal_length_tablet=&#8221;0px&#8221; ol_text_shadow_vertical_length_tablet=&#8221;0px&#8221; ol_text_shadow_blur_strength_tablet=&#8221;1px&#8221; quote_text_shadow_horizontal_length_tablet=&#8221;0px&#8221; quote_text_shadow_vertical_length_tablet=&#8221;0px&#8221; quote_text_shadow_blur_strength_tablet=&#8221;1px&#8221; header_text_shadow_horizontal_length_tablet=&#8221;0px&#8221; header_text_shadow_vertical_length_tablet=&#8221;0px&#8221; header_text_shadow_blur_strength_tablet=&#8221;1px&#8221; header_2_text_shadow_horizontal_length_tablet=&#8221;0px&#8221; header_2_text_shadow_vertical_length_tablet=&#8221;0px&#8221; header_2_text_shadow_blur_strength_tablet=&#8221;1px&#8221; header_3_text_shadow_horizontal_length_tablet=&#8221;0px&#8221; header_3_text_shadow_vertical_length_tablet=&#8221;0px&#8221; header_3_text_shadow_blur_strength_tablet=&#8221;1px&#8221; header_4_text_shadow_horizontal_length_tablet=&#8221;0px&#8221; header_4_text_shadow_vertical_length_tablet=&#8221;0px&#8221; header_4_text_shadow_blur_strength_tablet=&#8221;1px&#8221; header_5_text_shadow_horizontal_length_tablet=&#8221;0px&#8221; header_5_text_shadow_vertical_length_tablet=&#8221;0px&#8221; header_5_text_shadow_blur_strength_tablet=&#8221;1px&#8221; header_6_text_shadow_horizontal_length_tablet=&#8221;0px&#8221; header_6_text_shadow_vertical_length_tablet=&#8221;0px&#8221; header_6_text_shadow_blur_strength_tablet=&#8221;1px&#8221; box_shadow_horizontal_tablet=&#8221;0px&#8221; box_shadow_vertical_tablet=&#8221;0px&#8221; box_shadow_blur_tablet=&#8221;40px&#8221; box_shadow_spread_tablet=&#8221;0px&#8221; global_colors_info=&#8221;{}&#8221;]<\/p>\n<p>Klubimme toimii aktiivisesti nuorisovaihdossa sek\u00e4 palvelu- ja hyv\u00e4ntekev\u00e4isyysprojekteissa. Ty\u00f6t\u00e4mme ovat tukeneet monet yhteisty\u00f6kumppanit. T\u00e4st\u00e4 heille l\u00e4mpim\u00e4t kiitokset!<\/p>\n<h4>\u00a0<\/h4>\n<h4><img decoding=\"async\" src=\"https:\/\/encrypted-tbn0.gstatic.com\/images?q=tbn:ANd9GcSvlOI2thvXd-eJyrfpp3acPPKJSmuSL4B2Fw&amp;s\" alt=\"J\u00e4rvilakeuden kansalaisopisto | Kauhava\" \/><\/h4>\n<p>&nbsp;<\/p>\n<h4><a href=\"https:\/\/www.jarvilakeus.fi\/\" target=\"_blank\" rel=\"noopener\">J\u00e4rvilakeuden kansalaisopisto<\/a><\/h4>\n<p>&nbsp;<\/p>\n<p>&nbsp;<\/p>\n<p>&nbsp;<\/p>\n<p><img loading=\"lazy\" decoding=\"async\" class=\"wp-image-4920 alignnone \" src=\"https:\/\/rotary.fi\/kauhavarc\/wp-content\/uploads\/sites\/22\/2025\/08\/aisapari.png\" alt=\"\" width=\"243\" height=\"133\" \/><\/p>\n<h4><a href=\"https:\/\/www.aisapari.net\/en\/\" target=\"_blank\" rel=\"noopener\">Aisapari<\/a><\/h4>\n<p>&nbsp;<\/p>\n<p>&nbsp;<\/p>\n<p>&nbsp;<\/p>\n<p><img loading=\"lazy\" decoding=\"async\" class=\"alignnone size-full wp-image-1938\" src=\"https:\/\/rotary.fi\/kauhavarc\/wp-content\/uploads\/sites\/22\/2018\/12\/kauhavan-lukio.jpg\" alt=\"\" width=\"280\" height=\"124\" \/><\/p>\n<h4><a href=\"https:\/\/peda.net\/kauhava\/lukiokoulutus\/kauhavanlukio\" target=\"_blank\" rel=\"noopener noreferrer\">Kauhavan Lukio<\/a><\/h4>\n<p>&nbsp;<\/p>\n<p>&nbsp;<\/p>\n<p>&nbsp;<\/p>\n<p>&nbsp;<\/p>\n<h4><img loading=\"lazy\" decoding=\"async\" class=\"alignnone size-full wp-image-1663\" src=\"https:\/\/rotary.fi\/kauhavarc\/wp-content\/uploads\/sites\/22\/2018\/12\/kauhavan-kaupunki.jpg\" alt=\"\" width=\"199\" height=\"151\" \/><\/h4>\n<h4><a href=\"https:\/\/www.kauhava.fi\/\" target=\"_blank\" rel=\"noopener noreferrer\">Kauhavan kaupunki<\/a><\/h4>\n<h4><\/h4>\n<p>&nbsp;<\/p>\n<p><img loading=\"lazy\" decoding=\"async\" class=\"wp-image-4927 alignnone size-full\" src=\"https:\/\/rotary.fi\/kauhavarc\/wp-content\/uploads\/sites\/22\/2025\/08\/wisa.jpg\" alt=\"\" width=\"225\" height=\"225\" srcset=\"https:\/\/rotary.fi\/kauhavarc\/wp-content\/uploads\/sites\/22\/2025\/08\/wisa.jpg 225w, https:\/\/rotary.fi\/kauhavarc\/wp-content\/uploads\/sites\/22\/2025\/08\/wisa-150x150.jpg 150w\" sizes=\"(max-width: 225px) 100vw, 225px\" \/><\/p>\n<p><a href=\"https:\/\/www.kauhavanwisa.fi\/\" target=\"_blank\" rel=\"noopener\" style=\"font-size: 28px\">Kauhavan Wisa<\/a><\/p>\n<p><img loading=\"lazy\" decoding=\"async\" class=\"wp-image-4928 alignnone \" src=\"https:\/\/rotary.fi\/kauhavarc\/wp-content\/uploads\/sites\/22\/2025\/08\/lentosotakoulun-kiltatunnus.jpg\" alt=\"\" width=\"207\" height=\"192\" \/><\/p>\n<p>&nbsp;<\/p>\n<h4><a href=\"https:\/\/lentosotakoulunkilta.fi\/\" target=\"_blank\" rel=\"noopener\">Lentosotakoulun kilta<\/a><\/h4>\n<p>&nbsp;<\/p>\n<p><strong>Rotary-organisaatiossa l\u00e4heisimpi\u00e4 yhteisty\u00f6kumppaneitamme ovat:<\/strong><\/p>\n<p>&nbsp;<\/p>\n<h4><img loading=\"lazy\" decoding=\"async\" class=\"wp-image-3247 alignnone size-full\" src=\"https:\/\/rotary.fi\/kauhavarc\/wp-content\/uploads\/sites\/22\/2020\/07\/piiri-1385-logo.jpg\" alt=\"\" width=\"302\" height=\"77\" srcset=\"https:\/\/rotary.fi\/kauhavarc\/wp-content\/uploads\/sites\/22\/2020\/07\/piiri-1385-logo.jpg 302w, https:\/\/rotary.fi\/kauhavarc\/wp-content\/uploads\/sites\/22\/2020\/07\/piiri-1385-logo-300x76.jpg 300w\" sizes=\"(max-width: 302px) 100vw, 302px\" \/><\/h4>\n<h4><a href=\"https:\/\/rotary.fi\/d1380\/\" target=\"_blank\" rel=\"noopener noreferrer\">Rotarypiiri 1385<\/a><\/h4>\n<p>&nbsp;<\/p>\n<p>&nbsp;<\/p>\n<p>&nbsp;<\/p>\n<h4><strong><img loading=\"lazy\" decoding=\"async\" class=\"alignnone wp-image-1668\" src=\"https:\/\/rotary.fi\/kauhavarc\/wp-content\/uploads\/sites\/22\/2018\/12\/rye-vaihto.jpg\" alt=\"\" width=\"226\" height=\"52\" \/><\/strong><\/h4>\n<h4><a href=\"http:\/\/rye.fi\/\" target=\"_blank\" rel=\"noopener noreferrer\">Rotary nuorisovaihdon monipiiri<\/a><\/h4>\n<p>&nbsp;<\/p>\n<p>&nbsp;<\/p>\n<h4>\u00a0<img loading=\"lazy\" decoding=\"async\" class=\"alignnone wp-image-1684\" src=\"https:\/\/rotary.fi\/kauhavarc\/wp-content\/uploads\/sites\/22\/2018\/12\/saatio-1.jpg\" alt=\"\" width=\"179\" height=\"171\" \/><\/h4>\n<h4><a href=\"https:\/\/www.rotary.org\/en\/about-rotary\/rotary-foundation\" target=\"_blank\" rel=\"noopener noreferrer\">Rotarys\u00e4\u00e4ti\u00f6<\/a><\/h4>\n<h4>\u00a0<\/h4>\n<h4><img loading=\"lazy\" decoding=\"async\" class=\"alignnone wp-image-1670\" src=\"https:\/\/rotary.fi\/kauhavarc\/wp-content\/uploads\/sites\/22\/2018\/12\/kauhava-harma.jpg\" alt=\"\" width=\"82\" height=\"153\" \/><\/h4>\n<h4><a href=\"https:\/\/rotary.fi\/kauhavaharmat\/\" target=\"_blank\" rel=\"noopener noreferrer\">Kauhava-H\u00e4rm\u00e4t Rotaryklubi<\/a><\/h4>\n<p>&nbsp;<\/p>\n<p>&nbsp;<\/p>\n<h6 style=\"text-align: center\"><strong>Kiit\u00e4mme l\u00e4mpim\u00e4sti kaikkia toimintamme tukijoita ja yhteisty\u00f6kumppaneitamme<\/strong>!<\/h6>\n<p>&nbsp;<\/p>\n<p style=\"text-align: center\"><em><strong>&#8221;Yksik\u00e4\u00e4n ihminen ei ole saari, t\u00e4ydellinen itsest\u00e4\u00e4n<\/strong><\/em><br \/><em><strong>jokainen on pala mannermaata, kokonaisuuden osa<\/strong><\/em><br \/><em><strong>jos meri huuhtelee mukaansa maakimpaleen<\/strong><\/em><br \/><em><strong>niin Eurooppa pienenee vastaavasti<\/strong><\/em><br \/><em><strong>samoin kuin pienenee niemimaa ja my\u00f6s maatila<\/strong><\/em><br \/><em><strong>joka kuuluu sinun yst\u00e4villesi tai sinulle itsellesi<\/strong><\/em><br \/><em><strong>jokaisen ihmisen kuolema v\u00e4hent\u00e4\u00e4 minua<\/strong><\/em><br \/><em><strong>sill\u00e4 min\u00e4 sis\u00e4llyn ihmiskuntaan<\/strong><\/em><br \/><em><strong>\u00e4l\u00e4k\u00e4 sen vuoksi konsanaan l\u00e4het\u00e4 kysym\u00e4\u00e4n<\/strong><\/em><br \/><em><strong>kenelle kellot soivat<\/strong><\/em><br \/><em><strong>Ne soivat sinulle&#8221;<\/strong><\/em><\/p>\n<p style=\"text-align: center\"><em>John Donne<\/em><\/p>\n<p style=\"text-align: center\">\n<p>[\/et_pb_text][\/et_pb_column_inner][\/et_pb_row_inner][\/et_pb_column][et_pb_column type=&#8221;1_3&#8243; _builder_version=&#8221;4.16&#8243; custom_padding=&#8221;|||&#8221; global_colors_info=&#8221;{}&#8221; custom_padding__hover=&#8221;|||&#8221;][et_pb_sidebar area=&#8221;sidebar-1&#8243; module_class=&#8221;sivupalkki_sisalto&#8221; _builder_version=&#8221;4.16&#8243; locked=&#8221;off&#8221; global_colors_info=&#8221;{}&#8221;]<br \/>\n[\/et_pb_sidebar][\/et_pb_column][\/et_pb_section]<\/p>\n","protected":false},"excerpt":{"rendered":"<p>Yhteisty\u00f6kumppaneitamme Klubimme toimii aktiivisesti nuorisovaihdossa sek\u00e4 palvelu- ja hyv\u00e4ntekev\u00e4isyysprojekteissa. Ty\u00f6t\u00e4mme ovat tukeneet monet yhteisty\u00f6kumppanit. T\u00e4st\u00e4 heille l\u00e4mpim\u00e4t kiitokset! \u00a0 &nbsp; J\u00e4rvilakeuden kansalaisopisto &nbsp; &nbsp; &nbsp; Aisapari &nbsp; &nbsp; &nbsp; Kauhavan Lukio &nbsp; &nbsp; &nbsp; &nbsp; Kauhavan kaupunki &nbsp; Kauhavan Wisa &nbsp; Lentosotakoulun kilta &nbsp; Rotary-organisaatiossa l\u00e4heisimpi\u00e4 yhteisty\u00f6kumppaneitamme ovat: &nbsp; Rotarypiiri 1385 &nbsp; &nbsp; &nbsp; Rotary [&hellip;]<\/p>\n","protected":false},"author":1,"featured_media":0,"parent":77,"menu_order":0,"comment_status":"closed","ping_status":"closed","template":"","meta":{"_acf_changed":false,"_et_pb_use_builder":"on","_et_pb_old_content":"","_et_gb_content_width":"","footnotes":""},"class_list":["post-165","page","type-page","status-publish","hentry"],"acf":[],"yoast_head":"<!-- This site is optimized with the Yoast SEO plugin v27.0 - https:\/\/yoast.com\/product\/yoast-seo-wordpress\/ -->\n<title>Yhteisty\u00f6 - Kauhavan Rotaryklubi ry<\/title>\n<meta name=\"robots\" content=\"index, follow, max-snippet:-1, max-image-preview:large, max-video-preview:-1\" \/>\n<link rel=\"canonical\" href=\"https:\/\/rotary.fi\/kauhavarc\/mita-teemme\/yhteistyo\/\" \/>\n<meta property=\"og:locale\" content=\"fi_FI\" \/>\n<meta property=\"og:type\" content=\"article\" \/>\n<meta property=\"og:title\" content=\"Yhteisty\u00f6 - Kauhavan Rotaryklubi ry\" \/>\n<meta property=\"og:description\" content=\"Yhteisty\u00f6kumppaneitamme Klubimme toimii aktiivisesti nuorisovaihdossa sek\u00e4 palvelu- ja hyv\u00e4ntekev\u00e4isyysprojekteissa. Ty\u00f6t\u00e4mme ovat tukeneet monet yhteisty\u00f6kumppanit. T\u00e4st\u00e4 heille l\u00e4mpim\u00e4t kiitokset! \u00a0 &nbsp; J\u00e4rvilakeuden kansalaisopisto &nbsp; &nbsp; &nbsp; Aisapari &nbsp; &nbsp; &nbsp; Kauhavan Lukio &nbsp; &nbsp; &nbsp; &nbsp; Kauhavan kaupunki &nbsp; Kauhavan Wisa &nbsp; Lentosotakoulun kilta &nbsp; Rotary-organisaatiossa l\u00e4heisimpi\u00e4 yhteisty\u00f6kumppaneitamme ovat: &nbsp; Rotarypiiri 1385 &nbsp; &nbsp; &nbsp; Rotary [&hellip;]\" \/>\n<meta property=\"og:url\" content=\"https:\/\/rotary.fi\/kauhavarc\/mita-teemme\/yhteistyo\/\" \/>\n<meta property=\"og:site_name\" content=\"Kauhavan Rotaryklubi ry\" \/>\n<meta property=\"article:modified_time\" content=\"2025-08-06T08:49:33+00:00\" \/>\n<meta property=\"og:image\" content=\"https:\/\/encrypted-tbn0.gstatic.com\/images?q=tbn:ANd9GcSvlOI2thvXd-eJyrfpp3acPPKJSmuSL4B2Fw&amp;s\" \/>\n<meta name=\"twitter:card\" content=\"summary_large_image\" \/>\n<meta name=\"twitter:label1\" content=\"Arvioitu lukuaika\" \/>\n\t<meta name=\"twitter:data1\" content=\"4 minuuttia\" \/>\n<script type=\"application\/ld+json\" class=\"yoast-schema-graph\">{\"@context\":\"https:\/\/schema.org\",\"@graph\":[{\"@type\":\"WebPage\",\"@id\":\"https:\/\/rotary.fi\/kauhavarc\/mita-teemme\/yhteistyo\/\",\"url\":\"https:\/\/rotary.fi\/kauhavarc\/mita-teemme\/yhteistyo\/\",\"name\":\"Yhteisty\u00f6 - Kauhavan Rotaryklubi ry\",\"isPartOf\":{\"@id\":\"https:\/\/rotary.fi\/kauhavarc\/#website\"},\"primaryImageOfPage\":{\"@id\":\"https:\/\/rotary.fi\/kauhavarc\/mita-teemme\/yhteistyo\/#primaryimage\"},\"image\":{\"@id\":\"https:\/\/rotary.fi\/kauhavarc\/mita-teemme\/yhteistyo\/#primaryimage\"},\"thumbnailUrl\":\"https:\/\/encrypted-tbn0.gstatic.com\/images?q=tbn:ANd9GcSvlOI2thvXd-eJyrfpp3acPPKJSmuSL4B2Fw&amp;s\",\"datePublished\":\"2018-08-13T06:52:52+00:00\",\"dateModified\":\"2025-08-06T08:49:33+00:00\",\"breadcrumb\":{\"@id\":\"https:\/\/rotary.fi\/kauhavarc\/mita-teemme\/yhteistyo\/#breadcrumb\"},\"inLanguage\":\"fi\",\"potentialAction\":[{\"@type\":\"ReadAction\",\"target\":[\"https:\/\/rotary.fi\/kauhavarc\/mita-teemme\/yhteistyo\/\"]}]},{\"@type\":\"ImageObject\",\"inLanguage\":\"fi\",\"@id\":\"https:\/\/rotary.fi\/kauhavarc\/mita-teemme\/yhteistyo\/#primaryimage\",\"url\":\"https:\/\/encrypted-tbn0.gstatic.com\/images?q=tbn:ANd9GcSvlOI2thvXd-eJyrfpp3acPPKJSmuSL4B2Fw&amp;s\",\"contentUrl\":\"https:\/\/encrypted-tbn0.gstatic.com\/images?q=tbn:ANd9GcSvlOI2thvXd-eJyrfpp3acPPKJSmuSL4B2Fw&amp;s\"},{\"@type\":\"BreadcrumbList\",\"@id\":\"https:\/\/rotary.fi\/kauhavarc\/mita-teemme\/yhteistyo\/#breadcrumb\",\"itemListElement\":[{\"@type\":\"ListItem\",\"position\":1,\"name\":\"Home\",\"item\":\"https:\/\/rotary.fi\/kauhavarc\/\"},{\"@type\":\"ListItem\",\"position\":2,\"name\":\"Mit\u00e4 teemme\",\"item\":\"https:\/\/rotary.fi\/kauhavarc\/mita-teemme\/\"},{\"@type\":\"ListItem\",\"position\":3,\"name\":\"Yhteisty\u00f6\"}]},{\"@type\":\"WebSite\",\"@id\":\"https:\/\/rotary.fi\/kauhavarc\/#website\",\"url\":\"https:\/\/rotary.fi\/kauhavarc\/\",\"name\":\"Kauhavan Rotaryklubi ry\",\"description\":\"Uusi Rotary klubisivusto\",\"potentialAction\":[{\"@type\":\"SearchAction\",\"target\":{\"@type\":\"EntryPoint\",\"urlTemplate\":\"https:\/\/rotary.fi\/kauhavarc\/?s={search_term_string}\"},\"query-input\":{\"@type\":\"PropertyValueSpecification\",\"valueRequired\":true,\"valueName\":\"search_term_string\"}}],\"inLanguage\":\"fi\"}]}<\/script>\n<!-- \/ Yoast SEO plugin. -->","yoast_head_json":{"title":"Yhteisty\u00f6 - Kauhavan Rotaryklubi ry","robots":{"index":"index","follow":"follow","max-snippet":"max-snippet:-1","max-image-preview":"max-image-preview:large","max-video-preview":"max-video-preview:-1"},"canonical":"https:\/\/rotary.fi\/kauhavarc\/mita-teemme\/yhteistyo\/","og_locale":"fi_FI","og_type":"article","og_title":"Yhteisty\u00f6 - Kauhavan Rotaryklubi ry","og_description":"Yhteisty\u00f6kumppaneitamme Klubimme toimii aktiivisesti nuorisovaihdossa sek\u00e4 palvelu- ja hyv\u00e4ntekev\u00e4isyysprojekteissa. Ty\u00f6t\u00e4mme ovat tukeneet monet yhteisty\u00f6kumppanit. T\u00e4st\u00e4 heille l\u00e4mpim\u00e4t kiitokset! \u00a0 &nbsp; J\u00e4rvilakeuden kansalaisopisto &nbsp; &nbsp; &nbsp; Aisapari &nbsp; &nbsp; &nbsp; Kauhavan Lukio &nbsp; &nbsp; &nbsp; &nbsp; Kauhavan kaupunki &nbsp; Kauhavan Wisa &nbsp; Lentosotakoulun kilta &nbsp; Rotary-organisaatiossa l\u00e4heisimpi\u00e4 yhteisty\u00f6kumppaneitamme ovat: &nbsp; Rotarypiiri 1385 &nbsp; &nbsp; &nbsp; Rotary [&hellip;]","og_url":"https:\/\/rotary.fi\/kauhavarc\/mita-teemme\/yhteistyo\/","og_site_name":"Kauhavan Rotaryklubi ry","article_modified_time":"2025-08-06T08:49:33+00:00","og_image":[{"url":"https:\/\/encrypted-tbn0.gstatic.com\/images?q=tbn:ANd9GcSvlOI2thvXd-eJyrfpp3acPPKJSmuSL4B2Fw&amp;s","type":"","width":"","height":""}],"twitter_card":"summary_large_image","twitter_misc":{"Arvioitu lukuaika":"4 minuuttia"},"schema":{"@context":"https:\/\/schema.org","@graph":[{"@type":"WebPage","@id":"https:\/\/rotary.fi\/kauhavarc\/mita-teemme\/yhteistyo\/","url":"https:\/\/rotary.fi\/kauhavarc\/mita-teemme\/yhteistyo\/","name":"Yhteisty\u00f6 - Kauhavan Rotaryklubi ry","isPartOf":{"@id":"https:\/\/rotary.fi\/kauhavarc\/#website"},"primaryImageOfPage":{"@id":"https:\/\/rotary.fi\/kauhavarc\/mita-teemme\/yhteistyo\/#primaryimage"},"image":{"@id":"https:\/\/rotary.fi\/kauhavarc\/mita-teemme\/yhteistyo\/#primaryimage"},"thumbnailUrl":"https:\/\/encrypted-tbn0.gstatic.com\/images?q=tbn:ANd9GcSvlOI2thvXd-eJyrfpp3acPPKJSmuSL4B2Fw&amp;s","datePublished":"2018-08-13T06:52:52+00:00","dateModified":"2025-08-06T08:49:33+00:00","breadcrumb":{"@id":"https:\/\/rotary.fi\/kauhavarc\/mita-teemme\/yhteistyo\/#breadcrumb"},"inLanguage":"fi","potentialAction":[{"@type":"ReadAction","target":["https:\/\/rotary.fi\/kauhavarc\/mita-teemme\/yhteistyo\/"]}]},{"@type":"ImageObject","inLanguage":"fi","@id":"https:\/\/rotary.fi\/kauhavarc\/mita-teemme\/yhteistyo\/#primaryimage","url":"https:\/\/encrypted-tbn0.gstatic.com\/images?q=tbn:ANd9GcSvlOI2thvXd-eJyrfpp3acPPKJSmuSL4B2Fw&amp;s","contentUrl":"https:\/\/encrypted-tbn0.gstatic.com\/images?q=tbn:ANd9GcSvlOI2thvXd-eJyrfpp3acPPKJSmuSL4B2Fw&amp;s"},{"@type":"BreadcrumbList","@id":"https:\/\/rotary.fi\/kauhavarc\/mita-teemme\/yhteistyo\/#breadcrumb","itemListElement":[{"@type":"ListItem","position":1,"name":"Home","item":"https:\/\/rotary.fi\/kauhavarc\/"},{"@type":"ListItem","position":2,"name":"Mit\u00e4 teemme","item":"https:\/\/rotary.fi\/kauhavarc\/mita-teemme\/"},{"@type":"ListItem","position":3,"name":"Yhteisty\u00f6"}]},{"@type":"WebSite","@id":"https:\/\/rotary.fi\/kauhavarc\/#website","url":"https:\/\/rotary.fi\/kauhavarc\/","name":"Kauhavan Rotaryklubi ry","description":"Uusi Rotary klubisivusto","potentialAction":[{"@type":"SearchAction","target":{"@type":"EntryPoint","urlTemplate":"https:\/\/rotary.fi\/kauhavarc\/?s={search_term_string}"},"query-input":{"@type":"PropertyValueSpecification","valueRequired":true,"valueName":"search_term_string"}}],"inLanguage":"fi"}]}},"lang":"fi","translations":{"fi":165},"pll_sync_post":[],"_links":{"self":[{"href":"https:\/\/rotary.fi\/kauhavarc\/wp-json\/wp\/v2\/pages\/165","targetHints":{"allow":["GET"]}}],"collection":[{"href":"https:\/\/rotary.fi\/kauhavarc\/wp-json\/wp\/v2\/pages"}],"about":[{"href":"https:\/\/rotary.fi\/kauhavarc\/wp-json\/wp\/v2\/types\/page"}],"author":[{"embeddable":true,"href":"https:\/\/rotary.fi\/kauhavarc\/wp-json\/wp\/v2\/users\/1"}],"replies":[{"embeddable":true,"href":"https:\/\/rotary.fi\/kauhavarc\/wp-json\/wp\/v2\/comments?post=165"}],"version-history":[{"count":11,"href":"https:\/\/rotary.fi\/kauhavarc\/wp-json\/wp\/v2\/pages\/165\/revisions"}],"predecessor-version":[{"id":4930,"href":"https:\/\/rotary.fi\/kauhavarc\/wp-json\/wp\/v2\/pages\/165\/revisions\/4930"}],"up":[{"embeddable":true,"href":"https:\/\/rotary.fi\/kauhavarc\/wp-json\/wp\/v2\/pages\/77"}],"wp:attachment":[{"href":"https:\/\/rotary.fi\/kauhavarc\/wp-json\/wp\/v2\/media?parent=165"}],"curies":[{"name":"wp","href":"https:\/\/api.w.org\/{rel}","templated":true}]}}