{"id":160,"date":"2018-08-13T09:49:16","date_gmt":"2018-08-13T06:49:16","guid":{"rendered":"https:\/\/rotary.fi\/kauhavarc\/?page_id=160"},"modified":"2020-07-02T20:07:30","modified_gmt":"2020-07-02T17:07:30","slug":"yhteiset-projektit","status":"publish","type":"page","link":"https:\/\/rotary.fi\/kauhavarc\/mita-teemme\/yhteiset-projektit\/","title":{"rendered":"Klubin historia"},"content":{"rendered":"<p>[et_pb_section fb_built=&#8221;1&#8243; module_class=&#8221;jumbotron-page&#8221; _builder_version=&#8221;3.22&#8243; background_image=&#8221;https:\/\/rotary.fi\/kauhavarc\/wp-content\/uploads\/sites\/22\/2018\/12\/filmi-kuvineen.jpg&#8221;][et_pb_row _builder_version=&#8221;3.25&#8243; background_size=&#8221;initial&#8221; background_position=&#8221;top_left&#8221; background_repeat=&#8221;repeat&#8221;][et_pb_column type=&#8221;4_4&#8243; _builder_version=&#8221;3.25&#8243; custom_padding=&#8221;|||&#8221; custom_padding__hover=&#8221;|||&#8221;][et_pb_text admin_label=&#8221;P\u00e4\u00e4otsikko&#8221; _builder_version=&#8221;3.27.4&#8243; text_orientation=&#8221;center&#8221; background_layout=&#8221;dark&#8221;]<\/p>\n<h1>\u00a0<\/h1>\n<h1>\u00a0<\/h1>\n<p>[\/et_pb_text][\/et_pb_column][\/et_pb_row][\/et_pb_section][et_pb_section fb_built=&#8221;1&#8243; specialty=&#8221;on&#8221; module_class_2=&#8221;sivupalkki&#8221; _builder_version=&#8221;3.22&#8243;][et_pb_column type=&#8221;2_3&#8243; specialty_columns=&#8221;2&#8243; _builder_version=&#8221;3.25&#8243; custom_padding=&#8221;|||&#8221; custom_padding__hover=&#8221;|||&#8221;][et_pb_row_inner admin_label=&#8221;Rivi&#8221; _builder_version=&#8221;3.25&#8243;][et_pb_column_inner saved_specialty_column_type=&#8221;2_3&#8243; _builder_version=&#8221;3.25&#8243; custom_padding=&#8221;|||&#8221; custom_padding__hover=&#8221;|||&#8221;][et_pb_text admin_label=&#8221;Otsikko&#8221; _builder_version=&#8221;3.27.4&#8243; text_orientation=&#8221;center&#8221;]<\/p>\n<h1>Kauhavan Rotaryklubin historiaa<\/h1>\n<p>[\/et_pb_text][et_pb_text _builder_version=&#8221;3.27.4&#8243;]<\/p>\n<p><img loading=\"lazy\" decoding=\"async\" class=\"alignnone size-full wp-image-2174\" src=\"https:\/\/rotary.fi\/kauhavarc\/wp-content\/uploads\/sites\/22\/2019\/03\/charterkirja.jpg\" alt=\"\" width=\"920\" height=\"768\" srcset=\"https:\/\/rotary.fi\/kauhavarc\/wp-content\/uploads\/sites\/22\/2019\/03\/charterkirja.jpg 920w, https:\/\/rotary.fi\/kauhavarc\/wp-content\/uploads\/sites\/22\/2019\/03\/charterkirja-300x250.jpg 300w, https:\/\/rotary.fi\/kauhavarc\/wp-content\/uploads\/sites\/22\/2019\/03\/charterkirja-768x641.jpg 768w\" sizes=\"(max-width: 920px) 100vw, 920px\" \/><\/p>\n<p>[\/et_pb_text][et_pb_text _builder_version=&#8221;3.27.4&#8243;]<\/p>\n<p>Odottaa viel\u00e4 materiaalia<\/p>\n<p>&nbsp;<\/p>\n<p>[\/et_pb_text][et_pb_text admin_label=&#8221;Klubin syntyhistoriaa teksti&#8221; _builder_version=&#8221;3.27.4&#8243;][\/et_pb_text][et_pb_button button_url=&#8221;https:\/\/rotary.fi\/kauhavarc\/klubin-synty\/&#8221; button_text=&#8221;Klubin synty&#8221; button_alignment=&#8221;center&#8221; admin_label=&#8221;Klubin synty painike&#8221; _builder_version=&#8221;3.17.6&#8243; custom_margin=&#8221;40px||40px|&#8221;][\/et_pb_button][et_pb_text admin_label=&#8221;Klubin kuvern\u00f6\u00f6reja ja pressoja Teksti&#8221; _builder_version=&#8221;3.27.4&#8243;][\/et_pb_text][et_pb_button button_url=&#8221;https:\/\/rotary.fi\/kauhavarc\/klubin-presidentit-kautta-aikojen\/&#8221; button_text=&#8221;Klubin presidentit&#8221; button_alignment=&#8221;center&#8221; admin_label=&#8221;pressat painike&#8221; _builder_version=&#8221;3.17.6&#8243; custom_margin=&#8221;40px||40px|&#8221;][\/et_pb_button][et_pb_text admin_label=&#8221;Nuija joka kiersi maailmaa teksti&#8221; _builder_version=&#8221;3.27.4&#8243;]<\/p>\n<h4 style=\"text-align: center\">Nuija joka kiersi maailman<\/h4>\n<p>&nbsp;<\/p>\n<p><img loading=\"lazy\" decoding=\"async\" class=\"alignnone size-full wp-image-1978\" src=\"https:\/\/rotary.fi\/kauhavarc\/wp-content\/uploads\/sites\/22\/2018\/12\/nuija-kiersi442.jpg\" alt=\"\" width=\"1024\" height=\"514\" srcset=\"https:\/\/rotary.fi\/kauhavarc\/wp-content\/uploads\/sites\/22\/2018\/12\/nuija-kiersi442.jpg 1024w, https:\/\/rotary.fi\/kauhavarc\/wp-content\/uploads\/sites\/22\/2018\/12\/nuija-kiersi442-300x151.jpg 300w, https:\/\/rotary.fi\/kauhavarc\/wp-content\/uploads\/sites\/22\/2018\/12\/nuija-kiersi442-768x386.jpg 768w\" sizes=\"(max-width: 1024px) 100vw, 1024px\" \/><\/p>\n<p>Er\u00e4s Rotarytoiminnnan &#8221;suola&#8221; on mahdollisuus klubivierailuihin. Eli jokainen rotary on aina tervetullut vierailemaan mink\u00e4 tahansa klubin viikkokokouksessa miss\u00e4 p\u00e4in Suomea tai maailmaa sitten liikkuukaan. Kauhavan klubiveljet on vuosikymmenten saatossa t\u00e4t\u00e4 mahdollisuutta k\u00e4ytt\u00e4neet taajaan hyv\u00e4kseen. Ainakin p\u00e4\u00e4tellen suorastaan liitoksistaan ratkeavan viirikaappimme sis\u00e4ll\u00f6st\u00e4. Mutta ei siin\u00e4 kaikki. My\u00f6s Kauhavan Rotaryklubin nuija on aikoinaan ollut ahkera matkailija ja klubivierailija!<\/p>\n<p>Ajatuksena oli, ett\u00e4 matkaileva nuija olisi tervehdys Kauhavan Rotaryklubilta muiden maiden rotareille ja saatekirjeess\u00e4 esitettiin toive, ett\u00e4 sill\u00e4 my\u00f6s johdettaisiin kussakin vierailukohteessa yksi klubikokous. Ensimm\u00e4isen, l\u00e4hinn\u00e4 harjoitusmatkansa nuija teki v. 1981, jolloin se l\u00e4hetettiin Kauhavan Ruotsalaiseen yst\u00e4vyyskuntaan Vimmerbyyhyn. Sielt\u00e4 matka jatkuin Tanskan Lemvingen Rotaryklubin kautta takaisin kotiin. Maailmanymp\u00e4riturnee alkoi sitten v.1983 jolloin ensimm\u00e4inen etappi oli per\u00e4ti Australia. Sielt\u00e4 matka jatkui Uuden-Seelannin kautta Alaskaan ja sielt\u00e4 Kanadan kautta USA:han. Lopuksi paluu viel\u00e4 Ranskan kautta koukaten kotiin loppuvuodesta 1984. Vierailukohteina oli rotaryklubeja joiden kanssa Kauhavalla oli ollut nuorisovaihto yhteisty\u00f6t\u00e4. Aika velikulta tuo nuijamme&#8230;<\/p>\n<p>[\/et_pb_text][et_pb_button button_url=&#8221;https:\/\/rotary.fi\/kauhavarc\/nuija-joka-kiersi-maailmaa\/&#8221; button_text=&#8221;Lue lis\u00e4\u00e4&#8221; button_alignment=&#8221;center&#8221; admin_label=&#8221;Nuija kiersi Painike&#8221; _builder_version=&#8221;3.17.6&#8243; custom_margin=&#8221;40px||40px|&#8221;][\/et_pb_button][et_pb_text admin_label=&#8221;Ruudun takaa teksti&#8221; _builder_version=&#8221;3.27.4&#8243;]<\/p>\n<h4 style=\"text-align: center\">Ruudun takaa<\/h4>\n<p>&nbsp;<\/p>\n<p><img loading=\"lazy\" decoding=\"async\" class=\"size-full wp-image-1958 aligncenter\" src=\"https:\/\/rotary.fi\/kauhavarc\/wp-content\/uploads\/sites\/22\/2018\/12\/ruudun-takaa-nayttely.jpg\" alt=\"\" width=\"1745\" height=\"786\" srcset=\"https:\/\/rotary.fi\/kauhavarc\/wp-content\/uploads\/sites\/22\/2018\/12\/ruudun-takaa-nayttely.jpg 1745w, https:\/\/rotary.fi\/kauhavarc\/wp-content\/uploads\/sites\/22\/2018\/12\/ruudun-takaa-nayttely-300x135.jpg 300w, https:\/\/rotary.fi\/kauhavarc\/wp-content\/uploads\/sites\/22\/2018\/12\/ruudun-takaa-nayttely-768x346.jpg 768w, https:\/\/rotary.fi\/kauhavarc\/wp-content\/uploads\/sites\/22\/2018\/12\/ruudun-takaa-nayttely-1024x461.jpg 1024w, https:\/\/rotary.fi\/kauhavarc\/wp-content\/uploads\/sites\/22\/2018\/12\/ruudun-takaa-nayttely-1080x486.jpg 1080w\" sizes=\"(max-width: 1745px) 100vw, 1745px\" \/><\/p>\n<p>L\u00e4pi vuosikymmenten on kannettu huolta siit\u00e4, miksi Rotaryn merkitt\u00e4v\u00e4 toiminta ja arvokas palveluty\u00f6 ei n\u00e4y laajemmin ymp\u00e4rist\u00f6ss\u00e4 vaan j\u00e4\u00e4 l\u00e4hinn\u00e4 oman sis\u00e4piirin tietoisuuteen. Emmeh\u00e4n kuitenkaan koskaan ole ollut mik\u00e4\u00e4n salaseura. Ajalla ennen internetti\u00e4 tilanne lienee ollut viel\u00e4 haastavampi.\u00a0<\/p>\n<p>Rotary Internationaalin 90-vuotisjuhlavuoden kunniaksi Kauhavan Rotaryklubi p\u00e4\u00e4tti tempaista ja j\u00e4rjest\u00e4\u00e4 t\u00e4t\u00e4 n\u00e4kyvyytt\u00e4. Klubi hankki helmikuussa 1995 k\u00e4ytt\u00f6\u00f6ns\u00e4 laman jaloissa suljetun KOP-pankin konttorin ikkunatilat ja rakensi sinne 90-vuotiaasta Rotarysta ja Kauhavan klubin toiminnasta kertovan n\u00e4yttelyn. Esill\u00e4 oli monipuolista informaatiota k\u00e4sin tekstatuissa isoissa kartongeissa, valokuvia, klubin viirikokoelmaa sek\u00e4 tietysti klubin urheiluvoittosaaliina saama iso pokaalikokoelma. N\u00e4kyvyytt\u00e4 tempauksella saatiinkin. Paitsi n\u00e4yteikkunaostoksina my\u00f6s monien lehtijuttujen muodossa.<\/p>\n<p>&nbsp;<\/p>\n<p>[\/et_pb_text][et_pb_button button_url=&#8221;https:\/\/rotary.fi\/kauhavarc\/ruudun-takaa\/&#8221; button_text=&#8221;Lue lis\u00e4\u00e4&#8221; button_alignment=&#8221;center&#8221; admin_label=&#8221;ruudun takaa anikePainike&#8221; _builder_version=&#8221;3.17.6&#8243; custom_margin=&#8221;40px||40px|&#8221;][\/et_pb_button][et_pb_text admin_label=&#8221;gse vaihto&#8221; _builder_version=&#8221;4.4.8&#8243; hover_enabled=&#8221;0&#8243;]<\/p>\n<h3 style=\"text-align: center\">Vahvasti mukana GSE-vaihdossa<\/h3>\n<p>&nbsp;<\/p>\n<p>Lukioik\u00e4isten kansainv\u00e4lisen nuorisovaihdon j\u00e4lkeen Rotaryt kehittiv\u00e4t my\u00f6s nuorille korkeakoulututkinnon j\u00e4lkeen jo ty\u00f6el\u00e4m\u00e4ss\u00e4 mukana oleville ammattilaisille tarkoitetun Group Study Exchange vaihdon. Kyse oli Rotarys\u00e4\u00e4ti\u00f6n rahoittamasta, reilun kuukauden mittaisesta rotarypiirien v\u00e4lisest\u00e4 pienryhm\u00e4vaihdosta. Rotarys\u00e4\u00e4ti\u00f6 kustansi GSE-ryhm\u00e4l\u00e4isille lentoliput kohdemaahan ja takaisin, is\u00e4nt\u00e4piirin rotarit kustansivat ruoan, perhemajoituksen paikallisten rotareiden kodeissa ja matkustamisen kohdemaassa. N\u00e4iden 5-10 hengen ryhmien vet\u00e4jin\u00e4 toimivat kokeneet rotaryt. Kierroksen aikana ajan tiimil\u00e4iset tutustuivat eri kaupungeissa kohdemaansa liike-el\u00e4m\u00e4\u00e4n, julkishallintoon, arkiel\u00e4m\u00e4\u00e4n ja oman ammattinsa harjoittamiseen.<\/p>\n<p>Kauhavan rotaryklubi oli vahvasti mukana t\u00e4ss\u00e4 GSE-toiminnassa. Klubistamme on l\u00e4htenyt nelj\u00e4 opintoryhm\u00e4n vet\u00e4j\u00e4\u00e4, pari GSE-ryhm\u00e4l\u00e4ist\u00e4 on my\u00f6hemmin tullut klubiimme j\u00e4seniksi ja ainakin pari klubimme j\u00e4sent\u00e4 on toiminut my\u00f6s rotarypiirimme GSE-vastaavina. Ja luonnollisesti klubimme ja sen j\u00e4senet ovat osaltaan is\u00e4nn\u00f6ineeneet monia maakuntaamme kiert\u00e4neit\u00e4 ulkomaisia GSE-ryhmi\u00e4. Er\u00e4s vakiovierailukohde Kauhavalla oli luonnollisesti Lentosotakoulu.<\/p>\n<p class=\"T14\">\n[\/et_pb_text][et_pb_button button_url=&#8221;https:\/\/rotary.fi\/kauhavarc\/gse-vaihto\/&#8221; button_text=&#8221;Lue lis\u00e4\u00e4&#8221; button_alignment=&#8221;center&#8221; admin_label=&#8221;GSE painike&#8221; _builder_version=&#8221;4.4.8&#8243; custom_margin=&#8221;40px||40px||false|false&#8221;][\/et_pb_button][et_pb_text admin_label=&#8221;Urheilu teksti&#8221; _builder_version=&#8221;3.27.4&#8243;]<\/p>\n<h3 style=\"text-align: center\">Liikkuva ja urheileva klubi<\/h3>\n<p>&nbsp;<\/p>\n<p><img loading=\"lazy\" decoding=\"async\" class=\"alignnone size-full wp-image-1998\" src=\"https:\/\/rotary.fi\/kauhavarc\/wp-content\/uploads\/sites\/22\/2018\/12\/poro444.jpg\" alt=\"\" width=\"1024\" height=\"673\" srcset=\"https:\/\/rotary.fi\/kauhavarc\/wp-content\/uploads\/sites\/22\/2018\/12\/poro444.jpg 1024w, https:\/\/rotary.fi\/kauhavarc\/wp-content\/uploads\/sites\/22\/2018\/12\/poro444-300x197.jpg 300w, https:\/\/rotary.fi\/kauhavarc\/wp-content\/uploads\/sites\/22\/2018\/12\/poro444-768x505.jpg 768w\" sizes=\"(max-width: 1024px) 100vw, 1024px\" \/><\/p>\n<p>[\/et_pb_text][et_pb_button button_url=&#8221;https:\/\/rotary.fi\/kauhavarc\/liikkuva-rotaryklubi\/&#8221; button_text=&#8221;Lue lis\u00e4\u00e4&#8221; button_alignment=&#8221;center&#8221; admin_label=&#8221;Urheileva klubi painike&#8221; _builder_version=&#8221;3.17.6&#8243; custom_margin=&#8221;40px||40px|&#8221;][\/et_pb_button][\/et_pb_column_inner][\/et_pb_row_inner][\/et_pb_column][et_pb_column type=&#8221;1_3&#8243; _builder_version=&#8221;3.25&#8243; custom_padding=&#8221;|||&#8221; custom_padding__hover=&#8221;|||&#8221;][et_pb_sidebar area=&#8221;sidebar-1&#8243; module_class=&#8221;sivupalkki_sisalto&#8221; _builder_version=&#8221;3.4.1&#8243; locked=&#8221;on&#8221;]<br \/>\n[\/et_pb_sidebar][\/et_pb_column][\/et_pb_section]<\/p>\n","protected":false},"excerpt":{"rendered":"<p>\u00a0 \u00a0 Kauhavan Rotaryklubin historiaa Odottaa viel\u00e4 materiaalia &nbsp; Nuija joka kiersi maailman &nbsp; Er\u00e4s Rotarytoiminnnan &#8221;suola&#8221; on mahdollisuus klubivierailuihin. Eli jokainen rotary on aina tervetullut vierailemaan mink\u00e4 tahansa klubin viikkokokouksessa miss\u00e4 p\u00e4in Suomea tai maailmaa sitten liikkuukaan. Kauhavan klubiveljet on vuosikymmenten saatossa t\u00e4t\u00e4 mahdollisuutta k\u00e4ytt\u00e4neet taajaan hyv\u00e4kseen. Ainakin p\u00e4\u00e4tellen suorastaan liitoksistaan ratkeavan viirikaappimme sis\u00e4ll\u00f6st\u00e4. [&hellip;]<\/p>\n","protected":false},"author":1,"featured_media":0,"parent":77,"menu_order":0,"comment_status":"closed","ping_status":"closed","template":"","meta":{"_acf_changed":false,"_et_pb_use_builder":"on","_et_pb_old_content":"","_et_gb_content_width":"","footnotes":""},"class_list":["post-160","page","type-page","status-publish","hentry"],"acf":[],"yoast_head":"<!-- This site is optimized with the Yoast SEO plugin v27.0 - https:\/\/yoast.com\/product\/yoast-seo-wordpress\/ -->\n<title>Klubin historia - Kauhavan Rotaryklubi ry<\/title>\n<meta name=\"robots\" content=\"index, follow, max-snippet:-1, max-image-preview:large, max-video-preview:-1\" \/>\n<link rel=\"canonical\" href=\"https:\/\/rotary.fi\/kauhavarc\/mita-teemme\/yhteiset-projektit\/\" \/>\n<meta property=\"og:locale\" content=\"fi_FI\" \/>\n<meta property=\"og:type\" content=\"article\" \/>\n<meta property=\"og:title\" content=\"Klubin historia - Kauhavan Rotaryklubi ry\" \/>\n<meta property=\"og:description\" content=\"\u00a0 \u00a0 Kauhavan Rotaryklubin historiaa Odottaa viel\u00e4 materiaalia &nbsp; Nuija joka kiersi maailman &nbsp; Er\u00e4s Rotarytoiminnnan &quot;suola&quot; on mahdollisuus klubivierailuihin. Eli jokainen rotary on aina tervetullut vierailemaan mink\u00e4 tahansa klubin viikkokokouksessa miss\u00e4 p\u00e4in Suomea tai maailmaa sitten liikkuukaan. Kauhavan klubiveljet on vuosikymmenten saatossa t\u00e4t\u00e4 mahdollisuutta k\u00e4ytt\u00e4neet taajaan hyv\u00e4kseen. Ainakin p\u00e4\u00e4tellen suorastaan liitoksistaan ratkeavan viirikaappimme sis\u00e4ll\u00f6st\u00e4. [&hellip;]\" \/>\n<meta property=\"og:url\" content=\"https:\/\/rotary.fi\/kauhavarc\/mita-teemme\/yhteiset-projektit\/\" \/>\n<meta property=\"og:site_name\" content=\"Kauhavan Rotaryklubi ry\" \/>\n<meta property=\"article:modified_time\" content=\"2020-07-02T17:07:30+00:00\" \/>\n<meta property=\"og:image\" content=\"https:\/\/rotary.fi\/kauhavarc\/wp-content\/uploads\/sites\/22\/2019\/03\/charterkirja.jpg\" \/>\n<meta name=\"twitter:card\" content=\"summary_large_image\" \/>\n<meta name=\"twitter:label1\" content=\"Arvioitu lukuaika\" \/>\n\t<meta name=\"twitter:data1\" content=\"5 minuuttia\" \/>\n<script type=\"application\/ld+json\" class=\"yoast-schema-graph\">{\"@context\":\"https:\/\/schema.org\",\"@graph\":[{\"@type\":\"WebPage\",\"@id\":\"https:\/\/rotary.fi\/kauhavarc\/mita-teemme\/yhteiset-projektit\/\",\"url\":\"https:\/\/rotary.fi\/kauhavarc\/mita-teemme\/yhteiset-projektit\/\",\"name\":\"Klubin historia - Kauhavan Rotaryklubi ry\",\"isPartOf\":{\"@id\":\"https:\/\/rotary.fi\/kauhavarc\/#website\"},\"primaryImageOfPage\":{\"@id\":\"https:\/\/rotary.fi\/kauhavarc\/mita-teemme\/yhteiset-projektit\/#primaryimage\"},\"image\":{\"@id\":\"https:\/\/rotary.fi\/kauhavarc\/mita-teemme\/yhteiset-projektit\/#primaryimage\"},\"thumbnailUrl\":\"https:\/\/rotary.fi\/kauhavarc\/wp-content\/uploads\/sites\/22\/2019\/03\/charterkirja.jpg\",\"datePublished\":\"2018-08-13T06:49:16+00:00\",\"dateModified\":\"2020-07-02T17:07:30+00:00\",\"breadcrumb\":{\"@id\":\"https:\/\/rotary.fi\/kauhavarc\/mita-teemme\/yhteiset-projektit\/#breadcrumb\"},\"inLanguage\":\"fi\",\"potentialAction\":[{\"@type\":\"ReadAction\",\"target\":[\"https:\/\/rotary.fi\/kauhavarc\/mita-teemme\/yhteiset-projektit\/\"]}]},{\"@type\":\"ImageObject\",\"inLanguage\":\"fi\",\"@id\":\"https:\/\/rotary.fi\/kauhavarc\/mita-teemme\/yhteiset-projektit\/#primaryimage\",\"url\":\"https:\/\/rotary.fi\/kauhavarc\/wp-content\/uploads\/sites\/22\/2019\/03\/charterkirja.jpg\",\"contentUrl\":\"https:\/\/rotary.fi\/kauhavarc\/wp-content\/uploads\/sites\/22\/2019\/03\/charterkirja.jpg\",\"width\":920,\"height\":768},{\"@type\":\"BreadcrumbList\",\"@id\":\"https:\/\/rotary.fi\/kauhavarc\/mita-teemme\/yhteiset-projektit\/#breadcrumb\",\"itemListElement\":[{\"@type\":\"ListItem\",\"position\":1,\"name\":\"Home\",\"item\":\"https:\/\/rotary.fi\/kauhavarc\/\"},{\"@type\":\"ListItem\",\"position\":2,\"name\":\"Mit\u00e4 teemme\",\"item\":\"https:\/\/rotary.fi\/kauhavarc\/mita-teemme\/\"},{\"@type\":\"ListItem\",\"position\":3,\"name\":\"Klubin historia\"}]},{\"@type\":\"WebSite\",\"@id\":\"https:\/\/rotary.fi\/kauhavarc\/#website\",\"url\":\"https:\/\/rotary.fi\/kauhavarc\/\",\"name\":\"Kauhavan Rotaryklubi ry\",\"description\":\"Uusi Rotary klubisivusto\",\"potentialAction\":[{\"@type\":\"SearchAction\",\"target\":{\"@type\":\"EntryPoint\",\"urlTemplate\":\"https:\/\/rotary.fi\/kauhavarc\/?s={search_term_string}\"},\"query-input\":{\"@type\":\"PropertyValueSpecification\",\"valueRequired\":true,\"valueName\":\"search_term_string\"}}],\"inLanguage\":\"fi\"}]}<\/script>\n<!-- \/ Yoast SEO plugin. -->","yoast_head_json":{"title":"Klubin historia - Kauhavan Rotaryklubi ry","robots":{"index":"index","follow":"follow","max-snippet":"max-snippet:-1","max-image-preview":"max-image-preview:large","max-video-preview":"max-video-preview:-1"},"canonical":"https:\/\/rotary.fi\/kauhavarc\/mita-teemme\/yhteiset-projektit\/","og_locale":"fi_FI","og_type":"article","og_title":"Klubin historia - Kauhavan Rotaryklubi ry","og_description":"\u00a0 \u00a0 Kauhavan Rotaryklubin historiaa Odottaa viel\u00e4 materiaalia &nbsp; Nuija joka kiersi maailman &nbsp; Er\u00e4s Rotarytoiminnnan \"suola\" on mahdollisuus klubivierailuihin. Eli jokainen rotary on aina tervetullut vierailemaan mink\u00e4 tahansa klubin viikkokokouksessa miss\u00e4 p\u00e4in Suomea tai maailmaa sitten liikkuukaan. Kauhavan klubiveljet on vuosikymmenten saatossa t\u00e4t\u00e4 mahdollisuutta k\u00e4ytt\u00e4neet taajaan hyv\u00e4kseen. Ainakin p\u00e4\u00e4tellen suorastaan liitoksistaan ratkeavan viirikaappimme sis\u00e4ll\u00f6st\u00e4. [&hellip;]","og_url":"https:\/\/rotary.fi\/kauhavarc\/mita-teemme\/yhteiset-projektit\/","og_site_name":"Kauhavan Rotaryklubi ry","article_modified_time":"2020-07-02T17:07:30+00:00","og_image":[{"url":"https:\/\/rotary.fi\/kauhavarc\/wp-content\/uploads\/sites\/22\/2019\/03\/charterkirja.jpg","type":"","width":"","height":""}],"twitter_card":"summary_large_image","twitter_misc":{"Arvioitu lukuaika":"5 minuuttia"},"schema":{"@context":"https:\/\/schema.org","@graph":[{"@type":"WebPage","@id":"https:\/\/rotary.fi\/kauhavarc\/mita-teemme\/yhteiset-projektit\/","url":"https:\/\/rotary.fi\/kauhavarc\/mita-teemme\/yhteiset-projektit\/","name":"Klubin historia - Kauhavan Rotaryklubi ry","isPartOf":{"@id":"https:\/\/rotary.fi\/kauhavarc\/#website"},"primaryImageOfPage":{"@id":"https:\/\/rotary.fi\/kauhavarc\/mita-teemme\/yhteiset-projektit\/#primaryimage"},"image":{"@id":"https:\/\/rotary.fi\/kauhavarc\/mita-teemme\/yhteiset-projektit\/#primaryimage"},"thumbnailUrl":"https:\/\/rotary.fi\/kauhavarc\/wp-content\/uploads\/sites\/22\/2019\/03\/charterkirja.jpg","datePublished":"2018-08-13T06:49:16+00:00","dateModified":"2020-07-02T17:07:30+00:00","breadcrumb":{"@id":"https:\/\/rotary.fi\/kauhavarc\/mita-teemme\/yhteiset-projektit\/#breadcrumb"},"inLanguage":"fi","potentialAction":[{"@type":"ReadAction","target":["https:\/\/rotary.fi\/kauhavarc\/mita-teemme\/yhteiset-projektit\/"]}]},{"@type":"ImageObject","inLanguage":"fi","@id":"https:\/\/rotary.fi\/kauhavarc\/mita-teemme\/yhteiset-projektit\/#primaryimage","url":"https:\/\/rotary.fi\/kauhavarc\/wp-content\/uploads\/sites\/22\/2019\/03\/charterkirja.jpg","contentUrl":"https:\/\/rotary.fi\/kauhavarc\/wp-content\/uploads\/sites\/22\/2019\/03\/charterkirja.jpg","width":920,"height":768},{"@type":"BreadcrumbList","@id":"https:\/\/rotary.fi\/kauhavarc\/mita-teemme\/yhteiset-projektit\/#breadcrumb","itemListElement":[{"@type":"ListItem","position":1,"name":"Home","item":"https:\/\/rotary.fi\/kauhavarc\/"},{"@type":"ListItem","position":2,"name":"Mit\u00e4 teemme","item":"https:\/\/rotary.fi\/kauhavarc\/mita-teemme\/"},{"@type":"ListItem","position":3,"name":"Klubin historia"}]},{"@type":"WebSite","@id":"https:\/\/rotary.fi\/kauhavarc\/#website","url":"https:\/\/rotary.fi\/kauhavarc\/","name":"Kauhavan Rotaryklubi ry","description":"Uusi Rotary klubisivusto","potentialAction":[{"@type":"SearchAction","target":{"@type":"EntryPoint","urlTemplate":"https:\/\/rotary.fi\/kauhavarc\/?s={search_term_string}"},"query-input":{"@type":"PropertyValueSpecification","valueRequired":true,"valueName":"search_term_string"}}],"inLanguage":"fi"}]}},"lang":"fi","translations":{"fi":160},"pll_sync_post":[],"_links":{"self":[{"href":"https:\/\/rotary.fi\/kauhavarc\/wp-json\/wp\/v2\/pages\/160","targetHints":{"allow":["GET"]}}],"collection":[{"href":"https:\/\/rotary.fi\/kauhavarc\/wp-json\/wp\/v2\/pages"}],"about":[{"href":"https:\/\/rotary.fi\/kauhavarc\/wp-json\/wp\/v2\/types\/page"}],"author":[{"embeddable":true,"href":"https:\/\/rotary.fi\/kauhavarc\/wp-json\/wp\/v2\/users\/1"}],"replies":[{"embeddable":true,"href":"https:\/\/rotary.fi\/kauhavarc\/wp-json\/wp\/v2\/comments?post=160"}],"version-history":[{"count":44,"href":"https:\/\/rotary.fi\/kauhavarc\/wp-json\/wp\/v2\/pages\/160\/revisions"}],"predecessor-version":[{"id":3278,"href":"https:\/\/rotary.fi\/kauhavarc\/wp-json\/wp\/v2\/pages\/160\/revisions\/3278"}],"up":[{"embeddable":true,"href":"https:\/\/rotary.fi\/kauhavarc\/wp-json\/wp\/v2\/pages\/77"}],"wp:attachment":[{"href":"https:\/\/rotary.fi\/kauhavarc\/wp-json\/wp\/v2\/media?parent=160"}],"curies":[{"name":"wp","href":"https:\/\/api.w.org\/{rel}","templated":true}]}}