{"id":142,"date":"2018-08-10T14:04:45","date_gmt":"2018-08-10T11:04:45","guid":{"rendered":"https:\/\/rotary.fi\/klubi2\/?page_id=142"},"modified":"2020-05-28T20:56:41","modified_gmt":"2020-05-28T17:56:41","slug":"ilo-esitella","status":"publish","type":"page","link":"https:\/\/rotary.fi\/kauhavarc\/keita-olemme\/ilo-esitella\/","title":{"rendered":"Ilo esitell\u00e4"},"content":{"rendered":"<p>[et_pb_section fb_built=&#8221;1&#8243; module_class=&#8221;jumbotron-page&#8221; _builder_version=&#8221;3.22.3&#8243; background_image=&#8221;https:\/\/rotary.fi\/kauhavarc\/wp-content\/uploads\/sites\/22\/2018\/12\/australia.jpg&#8221;][et_pb_row _builder_version=&#8221;3.25&#8243; background_size=&#8221;initial&#8221; background_position=&#8221;top_left&#8221; background_repeat=&#8221;repeat&#8221;][et_pb_column type=&#8221;4_4&#8243; _builder_version=&#8221;3.0.47&#8243; custom_padding=&#8221;|||&#8221; custom_padding__hover=&#8221;|||&#8221;][et_pb_text admin_label=&#8221;P\u00e4\u00e4otsikko&#8221; _builder_version=&#8221;3.27.4&#8243; text_orientation=&#8221;center&#8221; background_layout=&#8221;dark&#8221;]<\/p>\n<h1>Ilo esitell\u00e4<\/h1>\n<p>[\/et_pb_text][\/et_pb_column][\/et_pb_row][\/et_pb_section][et_pb_section fb_built=&#8221;1&#8243; specialty=&#8221;on&#8221; module_class_2=&#8221;sivupalkki&#8221; _builder_version=&#8221;3.22.3&#8243;][et_pb_column type=&#8221;2_3&#8243; specialty_columns=&#8221;2&#8243; _builder_version=&#8221;3.25&#8243; custom_padding=&#8221;|||&#8221; custom_padding__hover=&#8221;|||&#8221;][et_pb_row_inner admin_label=&#8221;Rivi&#8221; _builder_version=&#8221;3.25&#8243; column_structure=&#8221;undefined&#8221;][et_pb_column_inner type=&#8221;undefined&#8221; saved_specialty_column_type=&#8221;2_3&#8243; _builder_version=&#8221;3.0.47&#8243; custom_padding=&#8221;|||&#8221; parallax__hover=&#8221;off&#8221; parallax_method__hover=&#8221;on&#8221; custom_padding__hover=&#8221;|||&#8221;][et_pb_text admin_label=&#8221;Ilo esitell\u00e4 &#8211; Otsikko&#8221; _builder_version=&#8221;3.27.4&#8243; text_orientation=&#8221;center&#8221;]<\/p>\n<h1>Kansainv\u00e4list\u00e4 nuorisovaihtoa jo vuodesta 1976<\/h1>\n<p>[\/et_pb_text][et_pb_text _builder_version=&#8221;3.27.4&#8243;]<\/p>\n<p>Kauhavan Rotaryklubi aloitti nuorisovaihtotoiminnan v 1976, n\u00e4ht\u00e4v\u00e4sti yhten\u00e4 ensimm\u00e4isist\u00e4 suomalaisista ns. &#8221;maalaisklubeista&#8221;.\u00a0 V\u00e4h\u00e4n kuin kokeiluna liikkeelle l\u00e4htenyt toiminta j\u00e4i pysyv\u00e4ksi ja siit\u00e4 onkin vuosien my\u00f6t\u00e4 tullut klubimme keskeisin pysyv\u00e4 palvelumuoto. Olemme reilun nelj\u00e4nkymmenen vuoden kuluessa l\u00e4hett\u00e4neet maailmalle 43 vuosivaihtaria 12 eri maahan sek\u00e4 lis\u00e4ksi suuren m\u00e4\u00e4r\u00e4n kes\u00e4- ja leirivaihtareita. Samalla olemme luonnollisesti is\u00e4nn\u00f6ineet vastaavaa m\u00e4\u00e4r\u00e4\u00e4 maahamme saapuneita ulkomaisia vaihto-oppilaita.<\/p>\n<p>Alkuvuosina vaihto suuntautui t\u00e4ysin Yhdysvaltoihin. 80-luvulla kuvioihin tuli mukaan ensin Australia ja sitten suuri joukko muitakin maita, kuten Uusi-Seelanti, Japani, Brasilia, Taiwan, Kanada, Saksa, Meksiko jne.<\/p>\n<p>Vuonna 2015 p\u00e4\u00e4timme juhlistaa tulossa olevaa nuorisovaihtomme 40-vuotisjuhlavuotta laatimalla siit\u00e4 pienen historiikin. Siihen pyydettiin kirjoituksia ja muisteluita niin is\u00e4nt\u00e4perheilt\u00e4 kuin l\u00e4hteneilt\u00e4 ja tulleilta vaihto-oppilailta. Iloksemme noin puolet tavoittamistamme asianosaisista my\u00f6s tarttui pyynt\u00f6\u00f6mme ja saimme kasaan runsaasti materiaalia. Niiden pohjalta toimitettiin per\u00e4ti 200-sivuinen kirja, jossa on pienen historia- ja tilasto-osuuden lis\u00e4ksi vaihtovuosimuistoja ja -kokemuksia yli viidelt\u00e4kymmenelt\u00e4 kirjoittajalta.<\/p>\n<p>&nbsp;<\/p>\n<p><img loading=\"lazy\" decoding=\"async\" class=\"wp-image-1769 aligncenter\" src=\"https:\/\/rotary.fi\/kauhavarc\/wp-content\/uploads\/sites\/22\/2018\/12\/vaihtarikirja-1.jpg\" alt=\"\" width=\"412\" height=\"536\" \/><\/p>\n<p>&nbsp;<\/p>\n<p>Meill\u00e4 on ilo esitell\u00e4 muutamia tuosta historiikista poimittuja kirjoituksia my\u00f6s n\u00e4ill\u00e4 nettisivuillamme. Aluksi puheenvuoron saakoon Veli Pernaa, joka kirjoituksessaan palasi vaihtotoimintamme alkuhetkiin:<\/p>\n<p>[\/et_pb_text][et_pb_button button_url=&#8221;https:\/\/rotary.fi\/kauhavarc\/vaihtotoiminnan-alkuhetkia-klubissamme\/&#8221; button_text=&#8221;Nuorisovaihtomme alku&#8221; button_alignment=&#8221;center&#8221; admin_label=&#8221;painike Pernaa&#8221; _builder_version=&#8221;3.17.6&#8243; custom_margin=&#8221;50px||50px|&#8221;]<br \/>\n[\/et_pb_button][et_pb_text _builder_version=&#8221;3.27.4&#8243;]<\/p>\n<p>Vaihtotoiminnan onnistumisen kannalta on ensiarvoisen t\u00e4rke\u00e4\u00e4 l\u00f6yt\u00e4\u00e4 tuleville nuorille halukkaita is\u00e4nt\u00e4perheit\u00e4. Alkuvaiheessa t\u00e4m\u00e4 kunnia lankesi p\u00e4\u00e4s\u00e4\u00e4nt\u00f6isesti Rotaryklubimme j\u00e4senille, joista huomattava osa onkin saanut vuosien saatossa toimia t\u00e4ss\u00e4 vastuullisessa, mutta niin antoisassa roolissa. Monet heist\u00e4 ovat olleet is\u00e4ntin\u00e4 jopa 4-5 kertaa. My\u00f6hemmin t\u00e4m\u00e4 hostperheiden piiri on toki laajentunut, osin klubiveljiemme kasvaneen keski-i\u00e4n my\u00f6t\u00e4. Historiikia tehdess\u00e4mme saimme lukuisia kertoja kuulla, ett\u00e4 is\u00e4nt\u00e4perheen\u00e4 toimimista ei kukaan muistellut taakkana tai rasituksena. Ennemminkin se koettiin koko perheen el\u00e4m\u00e4\u00e4 rikastuttaneena kokemuksena sek\u00e4 hienona mahdollisuutena muutaman kuukauden mittaiseen kulttuuri- ja kielikylpyyn.\u00a0 Is\u00e4nt\u00e4perheen n\u00e4k\u00f6kulmaa tuokoot t\u00e4ss\u00e4 esiin kunniaj\u00e4senemme Yrj\u00f6 Peljon muistelot perheens\u00e4 kahdesta vaihto-oppilaasta 70-luvun lopulla:<\/p>\n<p>[\/et_pb_text][et_pb_button button_url=&#8221;https:\/\/rotary.fi\/kauhavarc\/peljon-perheen-vaihtarit\/&#8221; button_text=&#8221;Is\u00e4nt\u00e4perheen\u00e4&#8221; button_alignment=&#8221;center&#8221; admin_label=&#8221;painike Peljo&#8221; _builder_version=&#8221;3.17.6&#8243; custom_margin=&#8221;50px||50px|&#8221;]<br \/>\n[\/et_pb_button][et_pb_text _builder_version=&#8221;3.27.4&#8243;]<\/p>\n<p>Vaihto-oppilaiden kirjoituksissa toistuu yh\u00e4 uudestaan se, kuinka merkityksellinen, kasvattava ja avartava kokemus vaihto-oppilasvuosi on ollut heid\u00e4n el\u00e4m\u00e4ss\u00e4\u00e4n. Ensinn\u00e4kin se on ollut askel aikuistumiseen ja itsen\u00e4istymiseen. Lis\u00e4ksi se on tuonut paljon uusia yst\u00e4vyyssuhteita ja kontakteja, jotka ovat kest\u00e4neet kotiinpaluun j\u00e4lkeenkin l\u00e4pi vuosien. Maailmankuvan avartuminen ja kosketus kansainv\u00e4lisyyteen on monilla heist\u00e4 vaikuttanut jopa koko el\u00e4m\u00e4n my\u00f6hemp\u00e4\u00e4n suuntautumiseen opiskelu- ja uravalintojen suhteen.\u00a0 Kauhavalla vuotensa viett\u00e4neen vaihtarin n\u00e4k\u00f6kulman tarjoaa t\u00e4ss\u00e4 uusiseelantilainen Lycy Elwood ( os. Boys ). Joka oli klubimme vieraana 1995-96.<\/p>\n<p>[\/et_pb_text][et_pb_button button_url=&#8221;https:\/\/rotary.fi\/kauhavarc\/lucy-boys\/&#8221; button_text=&#8221;Uudesta-Seelannista Kauhavalle&#8221; button_alignment=&#8221;center&#8221; admin_label=&#8221;painike Lucy&#8221; _builder_version=&#8221;3.17.6&#8243; custom_margin=&#8221;50px||50px|&#8221;]<br \/>\n[\/et_pb_button][et_pb_text _builder_version=&#8221;3.27.4&#8243;]<\/p>\n<p>Vaihto-oppilasvuoden er\u00e4s anti on parantunut kielitaito. Englannin taidot karttuvat varmasti, oli vaihtomaa sitten mik\u00e4 hyv\u00e4ns\u00e4. Mutta parhaimmillaan vaihtovuoden kylki\u00e4isen\u00e4 nuori oppii aivan uuden, v\u00e4h\u00e4n eksoottisemmankin kielen. My\u00f6s siirtyminen pienest\u00e4 maaseutukapungista isompiin ympyr\u00f6ihin, jossain tapauksessa ihan miljoonakaupunkiin, on nuorelle maailmankuvaa laajentava oppimiskokemus. Mm. n\u00e4ist\u00e4 asioista kirjoittaa Kauhavalta Rio de Janeiroon vaihtovuottaan viett\u00e4m\u00e4\u00e4n l\u00e4htenyt Hanna Vainionp\u00e4\u00e4:<\/p>\n<p>[\/et_pb_text][et_pb_button button_url=&#8221;https:\/\/rotary.fi\/kauhavarc\/rakastuin-riion\/&#8221; button_text=&#8221;Kauhavalta Brasiliaan&#8221; button_alignment=&#8221;center&#8221; admin_label=&#8221;painike Hanna&#8221; _builder_version=&#8221;3.17.6&#8243; custom_margin=&#8221;50px||50px|&#8221;]<br \/>\n[\/et_pb_button][et_pb_text _builder_version=&#8221;3.27.4&#8243;]<\/p>\n<p>Nuorisovaihto s\u00e4teilee laajasti ymp\u00e4rist\u00f6\u00f6ns\u00e4. Vaihto-oppilaat toimivat samalla oman maansa ja kulttuurinsa edustajina niin koulussa kuin is\u00e4nt\u00e4perheiss\u00e4 ja heid\u00e4n l\u00e4hipiiriss\u00e4\u00e4n. Uuden ulkomaisen host-siskon tai host-veljen saaminen on el\u00e4mys my\u00f6s is\u00e4nt\u00e4perheen nuorimmile j\u00e4senille. Ja pikkulapset ovat toisaalta mit\u00e4 parhaimpia kotouttajia ja kielen opettajia saapuvalle nuorelle. T\u00e4t\u00e4 pikkuveljen n\u00e4k\u00f6kulmaa edustakoon Kalle Peuran kirjoitus, milt\u00e4 japanilainen iso&#8221;sisko&#8221; tuntui seitsenvuotiaasta:<\/p>\n<p>[\/et_pb_text][et_pb_button button_url=&#8221;https:\/\/rotary.fi\/kauhavarc\/seitsenvuotiaan-muistoja-sayakasta\/&#8221; button_text=&#8221;Japanilainen host-sisko&#8221; button_alignment=&#8221;center&#8221; _builder_version=&#8221;3.17.6&#8243; custom_margin=&#8221;50px||50px|&#8221;]<br \/>\n[\/et_pb_button][et_pb_text _builder_version=&#8221;3.27.4&#8243;]<\/p>\n<p>Klubimme nuorisovaihtoty\u00f6 jatkuu nyky\u00e4\u00e4n ja toivottavasti my\u00f6s tulevaisuudessa vire\u00e4n\u00e4. Kauhavalainen nuori, jos olet kiinostunut nuorisovaihdosta, ota rohkeasti yhteytt\u00e4 klubimme nuorisovaihtoasiamieheen tai presidenttiin. My\u00f6s uusia is\u00e4nt\u00e4perheit\u00e4 tarvitaan jatkossakin.<\/p>\n<p><strong><br \/>Lopuksi haluamme viel\u00e4 mainostaa aivan syytt\u00e4 vuosivaihdon varjoon j\u00e4\u00e4nytt\u00e4 kes\u00e4vaihtoa.\u00a0\u00a0<\/strong><\/p>\n<p>Kes\u00e4vaihdossa viet\u00e4t noin kuukauden ulkomailla is\u00e4nt\u00e4perheess\u00e4si ja saavut is\u00e4nt\u00e4perheen nuoren kanssa kotiisi toiseksi kuukaudeksi. Kahden kuukauden kielikylpy ja tutustuminen uuden &#8221;sisaruksesi&#8221; kotimaahan sek\u00e4 oman maasi tapojen ja el\u00e4m\u00e4nmuodon esittely saapuvalle nuorelle takaavat sinulle ja my\u00f6s perheellesi mielenkiintoisen<span class=\"text_exposed_show\">\u00a0ja avartavan kes\u00e4ajan.<\/span><\/p>\n<div class=\"text_exposed_show\">\n<p>Vuosivaihtoon verrattuna kes\u00e4vaihdossa on paljon hyvi\u00e4 puolia. Koska vaihto tehd\u00e4\u00e4n loma-aikana, ei koulunk\u00e4yntiin tule v\u00e4livuotta. My\u00f6s kustannukset, varsinkin Euroopan sis\u00e4ll\u00e4 toimittaessa, pysyv\u00e4t hyvin kohtuullisina. Lis\u00e4ksi merkitt\u00e4v\u00e4\u00e4 on se, ett\u00e4 kes\u00e4vaihdossa klubillamme ei ole mit\u00e4\u00e4n kiinti\u00f6t\u00e4 tai m\u00e4\u00e4r\u00e4rajoitetta, vaan voimme l\u00e4hett\u00e4\u00e4 vuosittain vaikka kuinka monta kes\u00e4vaihtaria!<\/p>\n<p><img loading=\"lazy\" decoding=\"async\" class=\"size-full wp-image-1792 aligncenter\" src=\"https:\/\/rotary.fi\/kauhavarc\/wp-content\/uploads\/sites\/22\/2018\/12\/word-art-kesavaihto-1-1.jpg\" alt=\"\" width=\"764\" height=\"653\" srcset=\"https:\/\/rotary.fi\/kauhavarc\/wp-content\/uploads\/sites\/22\/2018\/12\/word-art-kesavaihto-1-1.jpg 764w, https:\/\/rotary.fi\/kauhavarc\/wp-content\/uploads\/sites\/22\/2018\/12\/word-art-kesavaihto-1-1-300x256.jpg 300w\" sizes=\"(max-width: 764px) 100vw, 764px\" \/><\/p>\n<\/div>\n<p>[\/et_pb_text][et_pb_button button_url=&#8221;http:\/\/rye.fi\/&#8221; url_new_window=&#8221;on&#8221; button_text=&#8221;Lis\u00e4tietoja Rotaryn nuorisovaihdosta&#8221; button_alignment=&#8221;center&#8221; admin_label=&#8221;Rye &#8211; painike&#8221; _builder_version=&#8221;3.25.3&#8243; custom_margin=&#8221;70px||70px|&#8221; z_index_tablet=&#8221;500&#8243; button_text_shadow_horizontal_length_tablet=&#8221;0px&#8221; button_text_shadow_vertical_length_tablet=&#8221;0px&#8221; button_text_shadow_blur_strength_tablet=&#8221;1px&#8221; box_shadow_horizontal_tablet=&#8221;0px&#8221; box_shadow_vertical_tablet=&#8221;0px&#8221; box_shadow_blur_tablet=&#8221;40px&#8221; box_shadow_spread_tablet=&#8221;0px&#8221;]<br \/>\n[\/et_pb_button][et_pb_text _builder_version=&#8221;3.27.4&#8243; z_index_tablet=&#8221;500&#8243; text_text_shadow_horizontal_length_tablet=&#8221;0px&#8221; text_text_shadow_vertical_length_tablet=&#8221;0px&#8221; text_text_shadow_blur_strength_tablet=&#8221;1px&#8221; link_text_shadow_horizontal_length_tablet=&#8221;0px&#8221; link_text_shadow_vertical_length_tablet=&#8221;0px&#8221; link_text_shadow_blur_strength_tablet=&#8221;1px&#8221; ul_text_shadow_horizontal_length_tablet=&#8221;0px&#8221; ul_text_shadow_vertical_length_tablet=&#8221;0px&#8221; ul_text_shadow_blur_strength_tablet=&#8221;1px&#8221; ol_text_shadow_horizontal_length_tablet=&#8221;0px&#8221; ol_text_shadow_vertical_length_tablet=&#8221;0px&#8221; ol_text_shadow_blur_strength_tablet=&#8221;1px&#8221; quote_text_shadow_horizontal_length_tablet=&#8221;0px&#8221; quote_text_shadow_vertical_length_tablet=&#8221;0px&#8221; quote_text_shadow_blur_strength_tablet=&#8221;1px&#8221; header_text_shadow_horizontal_length_tablet=&#8221;0px&#8221; header_text_shadow_vertical_length_tablet=&#8221;0px&#8221; header_text_shadow_blur_strength_tablet=&#8221;1px&#8221; header_2_text_shadow_horizontal_length_tablet=&#8221;0px&#8221; header_2_text_shadow_vertical_length_tablet=&#8221;0px&#8221; header_2_text_shadow_blur_strength_tablet=&#8221;1px&#8221; header_3_text_shadow_horizontal_length_tablet=&#8221;0px&#8221; header_3_text_shadow_vertical_length_tablet=&#8221;0px&#8221; header_3_text_shadow_blur_strength_tablet=&#8221;1px&#8221; header_4_text_shadow_horizontal_length_tablet=&#8221;0px&#8221; header_4_text_shadow_vertical_length_tablet=&#8221;0px&#8221; header_4_text_shadow_blur_strength_tablet=&#8221;1px&#8221; header_5_text_shadow_horizontal_length_tablet=&#8221;0px&#8221; header_5_text_shadow_vertical_length_tablet=&#8221;0px&#8221; header_5_text_shadow_blur_strength_tablet=&#8221;1px&#8221; header_6_text_shadow_horizontal_length_tablet=&#8221;0px&#8221; header_6_text_shadow_vertical_length_tablet=&#8221;0px&#8221; header_6_text_shadow_blur_strength_tablet=&#8221;1px&#8221; box_shadow_horizontal_tablet=&#8221;0px&#8221; box_shadow_vertical_tablet=&#8221;0px&#8221; box_shadow_blur_tablet=&#8221;40px&#8221; box_shadow_spread_tablet=&#8221;0px&#8221;]<\/p>\n<p>Klubimme 60-vuotisjuhliin 30.3.2019 saamamme videotervehdykset muutamilta takavuosina is\u00e4nn\u00f6imilt\u00e4mme vaihto-oppilailta:<\/p>\n<p>\u00a0<\/p>\n<p>\u00a0<\/p>\n<p><iframe loading=\"lazy\" title=\"Entisten vaihtareidemme videotervehdys 60-vuotiaalle Kauhavan Rotaryklubille\" width=\"1080\" height=\"608\" src=\"https:\/\/www.youtube.com\/embed\/XR76v_q6Wko?feature=oembed\" frameborder=\"0\" allow=\"accelerometer; autoplay; encrypted-media; gyroscope; picture-in-picture\" allowfullscreen><\/iframe><\/p>\n<p>[\/et_pb_text][\/et_pb_column_inner][\/et_pb_row_inner][\/et_pb_column][et_pb_column type=&#8221;1_3&#8243; _builder_version=&#8221;3.25&#8243; custom_padding=&#8221;|||&#8221; custom_padding__hover=&#8221;|||&#8221;][et_pb_sidebar area=&#8221;sidebar-1&#8243; module_class=&#8221;sivupalkki_sisalto&#8221; _builder_version=&#8221;3.4.1&#8243; locked=&#8221;on&#8221;]<br \/>\n[\/et_pb_sidebar][\/et_pb_column][\/et_pb_section]<\/p>\n","protected":false},"excerpt":{"rendered":"<p>Ilo esitell\u00e4 Kansainv\u00e4list\u00e4 nuorisovaihtoa jo vuodesta 1976 Kauhavan Rotaryklubi aloitti nuorisovaihtotoiminnan v 1976, n\u00e4ht\u00e4v\u00e4sti yhten\u00e4 ensimm\u00e4isist\u00e4 suomalaisista ns. &#8221;maalaisklubeista&#8221;.\u00a0 V\u00e4h\u00e4n kuin kokeiluna liikkeelle l\u00e4htenyt toiminta j\u00e4i pysyv\u00e4ksi ja siit\u00e4 onkin vuosien my\u00f6t\u00e4 tullut klubimme keskeisin pysyv\u00e4 palvelumuoto. Olemme reilun nelj\u00e4nkymmenen vuoden kuluessa l\u00e4hett\u00e4neet maailmalle 43 vuosivaihtaria 12 eri maahan sek\u00e4 lis\u00e4ksi suuren m\u00e4\u00e4r\u00e4n kes\u00e4- ja [&hellip;]<\/p>\n","protected":false},"author":1,"featured_media":0,"parent":129,"menu_order":0,"comment_status":"closed","ping_status":"closed","template":"","meta":{"_acf_changed":false,"_et_pb_use_builder":"on","_et_pb_old_content":"","_et_gb_content_width":"","footnotes":""},"class_list":["post-142","page","type-page","status-publish","hentry"],"acf":[],"yoast_head":"<!-- This site is optimized with the Yoast SEO plugin v27.0 - https:\/\/yoast.com\/product\/yoast-seo-wordpress\/ -->\n<title>Ilo esitell\u00e4 - Kauhavan Rotaryklubi ry<\/title>\n<meta name=\"robots\" content=\"index, follow, max-snippet:-1, max-image-preview:large, max-video-preview:-1\" \/>\n<link rel=\"canonical\" href=\"https:\/\/rotary.fi\/kauhavarc\/keita-olemme\/ilo-esitella\/\" \/>\n<meta property=\"og:locale\" content=\"fi_FI\" \/>\n<meta property=\"og:type\" content=\"article\" \/>\n<meta property=\"og:title\" content=\"Ilo esitell\u00e4 - Kauhavan Rotaryklubi ry\" \/>\n<meta property=\"og:description\" content=\"Ilo esitell\u00e4 Kansainv\u00e4list\u00e4 nuorisovaihtoa jo vuodesta 1976 Kauhavan Rotaryklubi aloitti nuorisovaihtotoiminnan v 1976, n\u00e4ht\u00e4v\u00e4sti yhten\u00e4 ensimm\u00e4isist\u00e4 suomalaisista ns. &quot;maalaisklubeista&quot;.\u00a0 V\u00e4h\u00e4n kuin kokeiluna liikkeelle l\u00e4htenyt toiminta j\u00e4i pysyv\u00e4ksi ja siit\u00e4 onkin vuosien my\u00f6t\u00e4 tullut klubimme keskeisin pysyv\u00e4 palvelumuoto. Olemme reilun nelj\u00e4nkymmenen vuoden kuluessa l\u00e4hett\u00e4neet maailmalle 43 vuosivaihtaria 12 eri maahan sek\u00e4 lis\u00e4ksi suuren m\u00e4\u00e4r\u00e4n kes\u00e4- ja [&hellip;]\" \/>\n<meta property=\"og:url\" content=\"https:\/\/rotary.fi\/kauhavarc\/keita-olemme\/ilo-esitella\/\" \/>\n<meta property=\"og:site_name\" content=\"Kauhavan Rotaryklubi ry\" \/>\n<meta property=\"article:modified_time\" content=\"2020-05-28T17:56:41+00:00\" \/>\n<meta property=\"og:image\" content=\"https:\/\/rotary.fi\/kauhavarc\/wp-content\/uploads\/sites\/22\/2018\/12\/vaihtarikirja-1.jpg\" \/>\n<meta name=\"twitter:card\" content=\"summary_large_image\" \/>\n<meta name=\"twitter:label1\" content=\"Arvioitu lukuaika\" \/>\n\t<meta name=\"twitter:data1\" content=\"7 minuuttia\" \/>\n<script type=\"application\/ld+json\" class=\"yoast-schema-graph\">{\"@context\":\"https:\/\/schema.org\",\"@graph\":[{\"@type\":\"WebPage\",\"@id\":\"https:\/\/rotary.fi\/kauhavarc\/keita-olemme\/ilo-esitella\/\",\"url\":\"https:\/\/rotary.fi\/kauhavarc\/keita-olemme\/ilo-esitella\/\",\"name\":\"Ilo esitell\u00e4 - Kauhavan Rotaryklubi ry\",\"isPartOf\":{\"@id\":\"https:\/\/rotary.fi\/kauhavarc\/#website\"},\"primaryImageOfPage\":{\"@id\":\"https:\/\/rotary.fi\/kauhavarc\/keita-olemme\/ilo-esitella\/#primaryimage\"},\"image\":{\"@id\":\"https:\/\/rotary.fi\/kauhavarc\/keita-olemme\/ilo-esitella\/#primaryimage\"},\"thumbnailUrl\":\"https:\/\/rotary.fi\/kauhavarc\/wp-content\/uploads\/sites\/22\/2018\/12\/vaihtarikirja-1.jpg\",\"datePublished\":\"2018-08-10T11:04:45+00:00\",\"dateModified\":\"2020-05-28T17:56:41+00:00\",\"breadcrumb\":{\"@id\":\"https:\/\/rotary.fi\/kauhavarc\/keita-olemme\/ilo-esitella\/#breadcrumb\"},\"inLanguage\":\"fi\",\"potentialAction\":[{\"@type\":\"ReadAction\",\"target\":[\"https:\/\/rotary.fi\/kauhavarc\/keita-olemme\/ilo-esitella\/\"]}]},{\"@type\":\"ImageObject\",\"inLanguage\":\"fi\",\"@id\":\"https:\/\/rotary.fi\/kauhavarc\/keita-olemme\/ilo-esitella\/#primaryimage\",\"url\":\"https:\/\/rotary.fi\/kauhavarc\/wp-content\/uploads\/sites\/22\/2018\/12\/vaihtarikirja-1.jpg\",\"contentUrl\":\"https:\/\/rotary.fi\/kauhavarc\/wp-content\/uploads\/sites\/22\/2018\/12\/vaihtarikirja-1.jpg\",\"width\":561,\"height\":768},{\"@type\":\"BreadcrumbList\",\"@id\":\"https:\/\/rotary.fi\/kauhavarc\/keita-olemme\/ilo-esitella\/#breadcrumb\",\"itemListElement\":[{\"@type\":\"ListItem\",\"position\":1,\"name\":\"Home\",\"item\":\"https:\/\/rotary.fi\/kauhavarc\/\"},{\"@type\":\"ListItem\",\"position\":2,\"name\":\"Keit\u00e4 olemme\",\"item\":\"https:\/\/rotary.fi\/kauhavarc\/keita-olemme\/\"},{\"@type\":\"ListItem\",\"position\":3,\"name\":\"Ilo esitell\u00e4\"}]},{\"@type\":\"WebSite\",\"@id\":\"https:\/\/rotary.fi\/kauhavarc\/#website\",\"url\":\"https:\/\/rotary.fi\/kauhavarc\/\",\"name\":\"Kauhavan Rotaryklubi ry\",\"description\":\"Uusi Rotary klubisivusto\",\"potentialAction\":[{\"@type\":\"SearchAction\",\"target\":{\"@type\":\"EntryPoint\",\"urlTemplate\":\"https:\/\/rotary.fi\/kauhavarc\/?s={search_term_string}\"},\"query-input\":{\"@type\":\"PropertyValueSpecification\",\"valueRequired\":true,\"valueName\":\"search_term_string\"}}],\"inLanguage\":\"fi\"}]}<\/script>\n<!-- \/ Yoast SEO plugin. -->","yoast_head_json":{"title":"Ilo esitell\u00e4 - Kauhavan Rotaryklubi ry","robots":{"index":"index","follow":"follow","max-snippet":"max-snippet:-1","max-image-preview":"max-image-preview:large","max-video-preview":"max-video-preview:-1"},"canonical":"https:\/\/rotary.fi\/kauhavarc\/keita-olemme\/ilo-esitella\/","og_locale":"fi_FI","og_type":"article","og_title":"Ilo esitell\u00e4 - Kauhavan Rotaryklubi ry","og_description":"Ilo esitell\u00e4 Kansainv\u00e4list\u00e4 nuorisovaihtoa jo vuodesta 1976 Kauhavan Rotaryklubi aloitti nuorisovaihtotoiminnan v 1976, n\u00e4ht\u00e4v\u00e4sti yhten\u00e4 ensimm\u00e4isist\u00e4 suomalaisista ns. \"maalaisklubeista\".\u00a0 V\u00e4h\u00e4n kuin kokeiluna liikkeelle l\u00e4htenyt toiminta j\u00e4i pysyv\u00e4ksi ja siit\u00e4 onkin vuosien my\u00f6t\u00e4 tullut klubimme keskeisin pysyv\u00e4 palvelumuoto. Olemme reilun nelj\u00e4nkymmenen vuoden kuluessa l\u00e4hett\u00e4neet maailmalle 43 vuosivaihtaria 12 eri maahan sek\u00e4 lis\u00e4ksi suuren m\u00e4\u00e4r\u00e4n kes\u00e4- ja [&hellip;]","og_url":"https:\/\/rotary.fi\/kauhavarc\/keita-olemme\/ilo-esitella\/","og_site_name":"Kauhavan Rotaryklubi ry","article_modified_time":"2020-05-28T17:56:41+00:00","og_image":[{"url":"https:\/\/rotary.fi\/kauhavarc\/wp-content\/uploads\/sites\/22\/2018\/12\/vaihtarikirja-1.jpg","type":"","width":"","height":""}],"twitter_card":"summary_large_image","twitter_misc":{"Arvioitu lukuaika":"7 minuuttia"},"schema":{"@context":"https:\/\/schema.org","@graph":[{"@type":"WebPage","@id":"https:\/\/rotary.fi\/kauhavarc\/keita-olemme\/ilo-esitella\/","url":"https:\/\/rotary.fi\/kauhavarc\/keita-olemme\/ilo-esitella\/","name":"Ilo esitell\u00e4 - Kauhavan Rotaryklubi ry","isPartOf":{"@id":"https:\/\/rotary.fi\/kauhavarc\/#website"},"primaryImageOfPage":{"@id":"https:\/\/rotary.fi\/kauhavarc\/keita-olemme\/ilo-esitella\/#primaryimage"},"image":{"@id":"https:\/\/rotary.fi\/kauhavarc\/keita-olemme\/ilo-esitella\/#primaryimage"},"thumbnailUrl":"https:\/\/rotary.fi\/kauhavarc\/wp-content\/uploads\/sites\/22\/2018\/12\/vaihtarikirja-1.jpg","datePublished":"2018-08-10T11:04:45+00:00","dateModified":"2020-05-28T17:56:41+00:00","breadcrumb":{"@id":"https:\/\/rotary.fi\/kauhavarc\/keita-olemme\/ilo-esitella\/#breadcrumb"},"inLanguage":"fi","potentialAction":[{"@type":"ReadAction","target":["https:\/\/rotary.fi\/kauhavarc\/keita-olemme\/ilo-esitella\/"]}]},{"@type":"ImageObject","inLanguage":"fi","@id":"https:\/\/rotary.fi\/kauhavarc\/keita-olemme\/ilo-esitella\/#primaryimage","url":"https:\/\/rotary.fi\/kauhavarc\/wp-content\/uploads\/sites\/22\/2018\/12\/vaihtarikirja-1.jpg","contentUrl":"https:\/\/rotary.fi\/kauhavarc\/wp-content\/uploads\/sites\/22\/2018\/12\/vaihtarikirja-1.jpg","width":561,"height":768},{"@type":"BreadcrumbList","@id":"https:\/\/rotary.fi\/kauhavarc\/keita-olemme\/ilo-esitella\/#breadcrumb","itemListElement":[{"@type":"ListItem","position":1,"name":"Home","item":"https:\/\/rotary.fi\/kauhavarc\/"},{"@type":"ListItem","position":2,"name":"Keit\u00e4 olemme","item":"https:\/\/rotary.fi\/kauhavarc\/keita-olemme\/"},{"@type":"ListItem","position":3,"name":"Ilo esitell\u00e4"}]},{"@type":"WebSite","@id":"https:\/\/rotary.fi\/kauhavarc\/#website","url":"https:\/\/rotary.fi\/kauhavarc\/","name":"Kauhavan Rotaryklubi ry","description":"Uusi Rotary klubisivusto","potentialAction":[{"@type":"SearchAction","target":{"@type":"EntryPoint","urlTemplate":"https:\/\/rotary.fi\/kauhavarc\/?s={search_term_string}"},"query-input":{"@type":"PropertyValueSpecification","valueRequired":true,"valueName":"search_term_string"}}],"inLanguage":"fi"}]}},"lang":"fi","translations":{"fi":142},"pll_sync_post":[],"_links":{"self":[{"href":"https:\/\/rotary.fi\/kauhavarc\/wp-json\/wp\/v2\/pages\/142","targetHints":{"allow":["GET"]}}],"collection":[{"href":"https:\/\/rotary.fi\/kauhavarc\/wp-json\/wp\/v2\/pages"}],"about":[{"href":"https:\/\/rotary.fi\/kauhavarc\/wp-json\/wp\/v2\/types\/page"}],"author":[{"embeddable":true,"href":"https:\/\/rotary.fi\/kauhavarc\/wp-json\/wp\/v2\/users\/1"}],"replies":[{"embeddable":true,"href":"https:\/\/rotary.fi\/kauhavarc\/wp-json\/wp\/v2\/comments?post=142"}],"version-history":[{"count":52,"href":"https:\/\/rotary.fi\/kauhavarc\/wp-json\/wp\/v2\/pages\/142\/revisions"}],"predecessor-version":[{"id":2546,"href":"https:\/\/rotary.fi\/kauhavarc\/wp-json\/wp\/v2\/pages\/142\/revisions\/2546"}],"up":[{"embeddable":true,"href":"https:\/\/rotary.fi\/kauhavarc\/wp-json\/wp\/v2\/pages\/129"}],"wp:attachment":[{"href":"https:\/\/rotary.fi\/kauhavarc\/wp-json\/wp\/v2\/media?parent=142"}],"curies":[{"name":"wp","href":"https:\/\/api.w.org\/{rel}","templated":true}]}}