{"id":165,"date":"2018-08-13T09:52:52","date_gmt":"2018-08-13T06:52:52","guid":{"rendered":"https:\/\/rotary.fi\/kauhavaharmat\/?page_id=165"},"modified":"2023-02-16T09:30:21","modified_gmt":"2023-02-16T07:30:21","slug":"yhteistyo","status":"publish","type":"page","link":"https:\/\/rotary.fi\/kauhavaharmat\/mita-teemme\/yhteistyo\/","title":{"rendered":"Yhteisty\u00f6"},"content":{"rendered":"<p>[et_pb_section fb_built=&#8221;1&#8243; _builder_version=&#8221;4.16&#8243; background_image=&#8221;https:\/\/rotary.fi\/kauhavaharmat\/wp-content\/uploads\/sites\/72\/2019\/05\/yhteistyo_ylakuva_w.jpg&#8221; inner_width_tablet=&#8221;50px&#8221; inner_max_width_tablet=&#8221;50px&#8221; z_index_tablet=&#8221;500&#8243; global_colors_info=&#8221;{}&#8221;][et_pb_row _builder_version=&#8221;4.16&#8243; background_size=&#8221;initial&#8221; background_position=&#8221;top_left&#8221; background_repeat=&#8221;repeat&#8221; global_colors_info=&#8221;{}&#8221;][et_pb_column type=&#8221;4_4&#8243; _builder_version=&#8221;4.16&#8243; custom_padding=&#8221;|||&#8221; global_colors_info=&#8221;{}&#8221; custom_padding__hover=&#8221;|||&#8221;][et_pb_text admin_label=&#8221;P\u00e4\u00e4otsikko&#8221; _builder_version=&#8221;4.16&#8243; text_orientation=&#8221;center&#8221; background_layout=&#8221;dark&#8221; z_index_tablet=&#8221;500&#8243; global_colors_info=&#8221;{}&#8221;]<\/p>\n<h1>.<\/h1>\n<p>[\/et_pb_text][\/et_pb_column][\/et_pb_row][\/et_pb_section][et_pb_section fb_built=&#8221;1&#8243; specialty=&#8221;on&#8221; module_class_2=&#8221;sivupalkki&#8221; _builder_version=&#8221;4.16&#8243; inner_max_width=&#8221;none&#8221; global_colors_info=&#8221;{}&#8221;][et_pb_column type=&#8221;2_3&#8243; specialty_columns=&#8221;2&#8243; _builder_version=&#8221;4.16&#8243; custom_padding=&#8221;|||&#8221; global_colors_info=&#8221;{}&#8221; custom_padding__hover=&#8221;|||&#8221;][et_pb_row_inner admin_label=&#8221;Rivi&#8221; _builder_version=&#8221;4.16&#8243; global_colors_info=&#8221;{}&#8221;][et_pb_column_inner saved_specialty_column_type=&#8221;2_3&#8243; _builder_version=&#8221;4.16&#8243; custom_padding=&#8221;|||&#8221; global_colors_info=&#8221;{}&#8221; custom_padding__hover=&#8221;|||&#8221;][et_pb_text admin_label=&#8221;Otsikko&#8221; _builder_version=&#8221;4.16&#8243; text_orientation=&#8221;center&#8221; global_colors_info=&#8221;{}&#8221;]<\/p>\n<h1>Yhteisty\u00f6<\/h1>\n<p>[\/et_pb_text][et_pb_text _builder_version=&#8221;4.16&#8243; z_index_tablet=&#8221;500&#8243; text_text_shadow_horizontal_length_tablet=&#8221;0px&#8221; text_text_shadow_vertical_length_tablet=&#8221;0px&#8221; text_text_shadow_blur_strength_tablet=&#8221;1px&#8221; link_text_shadow_horizontal_length_tablet=&#8221;0px&#8221; link_text_shadow_vertical_length_tablet=&#8221;0px&#8221; link_text_shadow_blur_strength_tablet=&#8221;1px&#8221; ul_text_shadow_horizontal_length_tablet=&#8221;0px&#8221; ul_text_shadow_vertical_length_tablet=&#8221;0px&#8221; ul_text_shadow_blur_strength_tablet=&#8221;1px&#8221; ol_text_shadow_horizontal_length_tablet=&#8221;0px&#8221; ol_text_shadow_vertical_length_tablet=&#8221;0px&#8221; ol_text_shadow_blur_strength_tablet=&#8221;1px&#8221; quote_text_shadow_horizontal_length_tablet=&#8221;0px&#8221; quote_text_shadow_vertical_length_tablet=&#8221;0px&#8221; quote_text_shadow_blur_strength_tablet=&#8221;1px&#8221; header_text_shadow_horizontal_length_tablet=&#8221;0px&#8221; header_text_shadow_vertical_length_tablet=&#8221;0px&#8221; header_text_shadow_blur_strength_tablet=&#8221;1px&#8221; header_2_text_shadow_horizontal_length_tablet=&#8221;0px&#8221; header_2_text_shadow_vertical_length_tablet=&#8221;0px&#8221; header_2_text_shadow_blur_strength_tablet=&#8221;1px&#8221; header_3_text_shadow_horizontal_length_tablet=&#8221;0px&#8221; header_3_text_shadow_vertical_length_tablet=&#8221;0px&#8221; header_3_text_shadow_blur_strength_tablet=&#8221;1px&#8221; header_4_text_shadow_horizontal_length_tablet=&#8221;0px&#8221; header_4_text_shadow_vertical_length_tablet=&#8221;0px&#8221; header_4_text_shadow_blur_strength_tablet=&#8221;1px&#8221; header_5_text_shadow_horizontal_length_tablet=&#8221;0px&#8221; header_5_text_shadow_vertical_length_tablet=&#8221;0px&#8221; header_5_text_shadow_blur_strength_tablet=&#8221;1px&#8221; header_6_text_shadow_horizontal_length_tablet=&#8221;0px&#8221; header_6_text_shadow_vertical_length_tablet=&#8221;0px&#8221; header_6_text_shadow_blur_strength_tablet=&#8221;1px&#8221; box_shadow_horizontal_tablet=&#8221;0px&#8221; box_shadow_vertical_tablet=&#8221;0px&#8221; box_shadow_blur_tablet=&#8221;40px&#8221; box_shadow_spread_tablet=&#8221;0px&#8221; global_colors_info=&#8221;{}&#8221;]<\/p>\n<p>Klubimme palvelu- ja hyv\u00e4ntekev\u00e4isyysprojekteja ovat vuosien varrella tukeneet monet yhteisty\u00f6kumppanit.<\/p>\n<p><a href=\"https:\/\/www.halpahalli.fi\/?gclid=EAIaIQobChMI3I2q2PjJ4AIVEkMYCh1tQQxrEAAYASAAEgKq5vD_BwE\"><strong>Halpa-Halli<\/strong><\/a><\/p>\n<p><a href=\"https:\/\/www.hartwall.fi\/fi\/juomat\/novelle-vedet\"><strong>Hartwall<\/strong><\/a><\/p>\n<p><a href=\"https:\/\/harmankylpyla.fi\/\"><strong>H\u00e4rm\u00e4n Kuntokeskus<\/strong><\/a><\/p>\n<p><a href=\"https:\/\/www.harmanliikenne.fi\/etusivu\"><strong>H\u00e4rm\u00e4n Liikenne Oy<\/strong><\/a><\/p>\n<p><a href=\"https:\/\/www.kauhava.fi\/\"><strong>Kauhavan kaupunki<\/strong><\/a><\/p>\n<p><a href=\"https:\/\/lakeudenaviisi.fi\/\"><strong>Lakeuden AVIISI<\/strong><\/a><\/p>\n<p><a href=\"http:\/\/www.lskbusinesspark.fi\/\"><strong>LSK Business Park<\/strong><\/a><\/p>\n<p><a href=\"https:\/\/www.mskgroup.fi\/\"><strong>MSK Group<\/strong><\/a><\/p>\n<p><a href=\"https:\/\/www.poppankki.fi\/\"><strong>POP Pankki<\/strong><\/a><\/p>\n<p><a href=\"https:\/\/www.poweroil.fi\/\"><strong>Power Oil<\/strong><\/a><\/p>\n<p><strong><a href=\"http:\/\/www.skaala.com\/\">Skaala<\/a><br \/><\/strong><\/p>\n<p><a href=\"http:\/\/www.tapiopirttinen.fi\/\"><strong>Tapio Pirttinen Oy<\/strong><\/a><\/p>\n<p><a href=\"https:\/\/www.saastopankki.fi\/fi-fi\/pankit-ja-konttorit\/yliharman-saastopankki\"><strong>Ylih\u00e4rm\u00e4n S\u00e4\u00e4st\u00f6pankki<\/strong><\/a><\/p>\n<p><a href=\"https:\/\/www.ypylinen.fi\/\"><strong>Yrityspalvelu Ylinen Oy<\/strong><\/a><\/p>\n<p>&nbsp;<\/p>\n<p><em><strong>Kiit\u00e4mme l\u00e4mpim\u00e4sti toimintamme tukijoita!<\/strong><\/em><\/p>\n<p>Kun haluat osallistua rotareiden ty\u00f6h\u00f6n lahjoittamalla aikaasi tai varoja, ota yst\u00e4v\u00e4llisesti yhteytt\u00e4 klubimme presidenttiin. <\/p>\n<p>&nbsp;<\/p>\n<p>[\/et_pb_text][\/et_pb_column_inner][\/et_pb_row_inner][\/et_pb_column][et_pb_column type=&#8221;1_3&#8243; _builder_version=&#8221;4.16&#8243; custom_padding=&#8221;|||&#8221; global_colors_info=&#8221;{}&#8221; custom_padding__hover=&#8221;|||&#8221;][et_pb_sidebar area=&#8221;sidebar-1&#8243; module_class=&#8221;sivupalkki_sisalto&#8221; _builder_version=&#8221;4.16&#8243; locked=&#8221;off&#8221; global_colors_info=&#8221;{}&#8221;]<br \/>\n[\/et_pb_sidebar][\/et_pb_column][\/et_pb_section]<\/p>\n","protected":false},"excerpt":{"rendered":"<p>. Yhteisty\u00f6 Klubimme palvelu- ja hyv\u00e4ntekev\u00e4isyysprojekteja ovat vuosien varrella tukeneet monet yhteisty\u00f6kumppanit. Halpa-Halli Hartwall H\u00e4rm\u00e4n Kuntokeskus H\u00e4rm\u00e4n Liikenne Oy Kauhavan kaupunki Lakeuden AVIISI LSK Business Park MSK Group POP Pankki Power Oil Skaala Tapio Pirttinen Oy Ylih\u00e4rm\u00e4n S\u00e4\u00e4st\u00f6pankki Yrityspalvelu Ylinen Oy &nbsp; Kiit\u00e4mme l\u00e4mpim\u00e4sti toimintamme tukijoita! Kun haluat osallistua rotareiden ty\u00f6h\u00f6n lahjoittamalla aikaasi tai varoja, [&hellip;]<\/p>\n","protected":false},"author":1,"featured_media":0,"parent":77,"menu_order":0,"comment_status":"closed","ping_status":"closed","template":"","meta":{"_acf_changed":false,"_et_pb_use_builder":"on","_et_pb_old_content":"","_et_gb_content_width":"","footnotes":""},"class_list":["post-165","page","type-page","status-publish","hentry"],"acf":[],"yoast_head":"<!-- This site is optimized with the Yoast SEO plugin v27.4 - https:\/\/yoast.com\/product\/yoast-seo-wordpress\/ -->\n<title>Yhteisty\u00f6 - Kauhava H\u00e4rm\u00e4t Rotaryklubi<\/title>\n<meta name=\"robots\" content=\"index, follow, max-snippet:-1, max-image-preview:large, max-video-preview:-1\" \/>\n<link rel=\"canonical\" href=\"https:\/\/rotary.fi\/kauhavaharmat\/mita-teemme\/yhteistyo\/\" \/>\n<meta property=\"og:locale\" content=\"fi_FI\" \/>\n<meta property=\"og:type\" content=\"article\" \/>\n<meta property=\"og:title\" content=\"Yhteisty\u00f6 - Kauhava H\u00e4rm\u00e4t Rotaryklubi\" \/>\n<meta property=\"og:description\" content=\". Yhteisty\u00f6 Klubimme palvelu- ja hyv\u00e4ntekev\u00e4isyysprojekteja ovat vuosien varrella tukeneet monet yhteisty\u00f6kumppanit. Halpa-Halli Hartwall H\u00e4rm\u00e4n Kuntokeskus H\u00e4rm\u00e4n Liikenne Oy Kauhavan kaupunki Lakeuden AVIISI LSK Business Park MSK Group POP Pankki Power Oil Skaala Tapio Pirttinen Oy Ylih\u00e4rm\u00e4n S\u00e4\u00e4st\u00f6pankki Yrityspalvelu Ylinen Oy &nbsp; Kiit\u00e4mme l\u00e4mpim\u00e4sti toimintamme tukijoita! Kun haluat osallistua rotareiden ty\u00f6h\u00f6n lahjoittamalla aikaasi tai varoja, [&hellip;]\" \/>\n<meta property=\"og:url\" content=\"https:\/\/rotary.fi\/kauhavaharmat\/mita-teemme\/yhteistyo\/\" \/>\n<meta property=\"og:site_name\" content=\"Kauhava H\u00e4rm\u00e4t Rotaryklubi\" \/>\n<meta property=\"article:modified_time\" content=\"2023-02-16T07:30:21+00:00\" \/>\n<meta name=\"twitter:card\" content=\"summary_large_image\" \/>\n<meta name=\"twitter:label1\" content=\"Arvioitu lukuaika\" \/>\n\t<meta name=\"twitter:data1\" content=\"3 minuuttia\" \/>\n<script type=\"application\/ld+json\" class=\"yoast-schema-graph\">{\"@context\":\"https:\\\/\\\/schema.org\",\"@graph\":[{\"@type\":\"WebPage\",\"@id\":\"https:\\\/\\\/rotary.fi\\\/kauhavaharmat\\\/mita-teemme\\\/yhteistyo\\\/\",\"url\":\"https:\\\/\\\/rotary.fi\\\/kauhavaharmat\\\/mita-teemme\\\/yhteistyo\\\/\",\"name\":\"Yhteisty\u00f6 - Kauhava H\u00e4rm\u00e4t Rotaryklubi\",\"isPartOf\":{\"@id\":\"https:\\\/\\\/rotary.fi\\\/kauhavaharmat\\\/#website\"},\"datePublished\":\"2018-08-13T06:52:52+00:00\",\"dateModified\":\"2023-02-16T07:30:21+00:00\",\"breadcrumb\":{\"@id\":\"https:\\\/\\\/rotary.fi\\\/kauhavaharmat\\\/mita-teemme\\\/yhteistyo\\\/#breadcrumb\"},\"inLanguage\":\"fi\",\"potentialAction\":[{\"@type\":\"ReadAction\",\"target\":[\"https:\\\/\\\/rotary.fi\\\/kauhavaharmat\\\/mita-teemme\\\/yhteistyo\\\/\"]}]},{\"@type\":\"BreadcrumbList\",\"@id\":\"https:\\\/\\\/rotary.fi\\\/kauhavaharmat\\\/mita-teemme\\\/yhteistyo\\\/#breadcrumb\",\"itemListElement\":[{\"@type\":\"ListItem\",\"position\":1,\"name\":\"Home\",\"item\":\"https:\\\/\\\/rotary.fi\\\/kauhavaharmat\\\/\"},{\"@type\":\"ListItem\",\"position\":2,\"name\":\"Mit\u00e4 teemme\",\"item\":\"https:\\\/\\\/rotary.fi\\\/kauhavaharmat\\\/mita-teemme\\\/\"},{\"@type\":\"ListItem\",\"position\":3,\"name\":\"Yhteisty\u00f6\"}]},{\"@type\":\"WebSite\",\"@id\":\"https:\\\/\\\/rotary.fi\\\/kauhavaharmat\\\/#website\",\"url\":\"https:\\\/\\\/rotary.fi\\\/kauhavaharmat\\\/\",\"name\":\"Kauhava H\u00e4rm\u00e4t Rotaryklubi\",\"description\":\"Uusi Rotary klubisivusto\",\"potentialAction\":[{\"@type\":\"SearchAction\",\"target\":{\"@type\":\"EntryPoint\",\"urlTemplate\":\"https:\\\/\\\/rotary.fi\\\/kauhavaharmat\\\/?s={search_term_string}\"},\"query-input\":{\"@type\":\"PropertyValueSpecification\",\"valueRequired\":true,\"valueName\":\"search_term_string\"}}],\"inLanguage\":\"fi\"}]}<\/script>\n<!-- \/ Yoast SEO plugin. -->","yoast_head_json":{"title":"Yhteisty\u00f6 - Kauhava H\u00e4rm\u00e4t Rotaryklubi","robots":{"index":"index","follow":"follow","max-snippet":"max-snippet:-1","max-image-preview":"max-image-preview:large","max-video-preview":"max-video-preview:-1"},"canonical":"https:\/\/rotary.fi\/kauhavaharmat\/mita-teemme\/yhteistyo\/","og_locale":"fi_FI","og_type":"article","og_title":"Yhteisty\u00f6 - Kauhava H\u00e4rm\u00e4t Rotaryklubi","og_description":". Yhteisty\u00f6 Klubimme palvelu- ja hyv\u00e4ntekev\u00e4isyysprojekteja ovat vuosien varrella tukeneet monet yhteisty\u00f6kumppanit. Halpa-Halli Hartwall H\u00e4rm\u00e4n Kuntokeskus H\u00e4rm\u00e4n Liikenne Oy Kauhavan kaupunki Lakeuden AVIISI LSK Business Park MSK Group POP Pankki Power Oil Skaala Tapio Pirttinen Oy Ylih\u00e4rm\u00e4n S\u00e4\u00e4st\u00f6pankki Yrityspalvelu Ylinen Oy &nbsp; Kiit\u00e4mme l\u00e4mpim\u00e4sti toimintamme tukijoita! Kun haluat osallistua rotareiden ty\u00f6h\u00f6n lahjoittamalla aikaasi tai varoja, [&hellip;]","og_url":"https:\/\/rotary.fi\/kauhavaharmat\/mita-teemme\/yhteistyo\/","og_site_name":"Kauhava H\u00e4rm\u00e4t Rotaryklubi","article_modified_time":"2023-02-16T07:30:21+00:00","twitter_card":"summary_large_image","twitter_misc":{"Arvioitu lukuaika":"3 minuuttia"},"schema":{"@context":"https:\/\/schema.org","@graph":[{"@type":"WebPage","@id":"https:\/\/rotary.fi\/kauhavaharmat\/mita-teemme\/yhteistyo\/","url":"https:\/\/rotary.fi\/kauhavaharmat\/mita-teemme\/yhteistyo\/","name":"Yhteisty\u00f6 - Kauhava H\u00e4rm\u00e4t Rotaryklubi","isPartOf":{"@id":"https:\/\/rotary.fi\/kauhavaharmat\/#website"},"datePublished":"2018-08-13T06:52:52+00:00","dateModified":"2023-02-16T07:30:21+00:00","breadcrumb":{"@id":"https:\/\/rotary.fi\/kauhavaharmat\/mita-teemme\/yhteistyo\/#breadcrumb"},"inLanguage":"fi","potentialAction":[{"@type":"ReadAction","target":["https:\/\/rotary.fi\/kauhavaharmat\/mita-teemme\/yhteistyo\/"]}]},{"@type":"BreadcrumbList","@id":"https:\/\/rotary.fi\/kauhavaharmat\/mita-teemme\/yhteistyo\/#breadcrumb","itemListElement":[{"@type":"ListItem","position":1,"name":"Home","item":"https:\/\/rotary.fi\/kauhavaharmat\/"},{"@type":"ListItem","position":2,"name":"Mit\u00e4 teemme","item":"https:\/\/rotary.fi\/kauhavaharmat\/mita-teemme\/"},{"@type":"ListItem","position":3,"name":"Yhteisty\u00f6"}]},{"@type":"WebSite","@id":"https:\/\/rotary.fi\/kauhavaharmat\/#website","url":"https:\/\/rotary.fi\/kauhavaharmat\/","name":"Kauhava H\u00e4rm\u00e4t Rotaryklubi","description":"Uusi Rotary klubisivusto","potentialAction":[{"@type":"SearchAction","target":{"@type":"EntryPoint","urlTemplate":"https:\/\/rotary.fi\/kauhavaharmat\/?s={search_term_string}"},"query-input":{"@type":"PropertyValueSpecification","valueRequired":true,"valueName":"search_term_string"}}],"inLanguage":"fi"}]}},"lang":"fi","translations":{"fi":165},"pll_sync_post":[],"_links":{"self":[{"href":"https:\/\/rotary.fi\/kauhavaharmat\/wp-json\/wp\/v2\/pages\/165","targetHints":{"allow":["GET"]}}],"collection":[{"href":"https:\/\/rotary.fi\/kauhavaharmat\/wp-json\/wp\/v2\/pages"}],"about":[{"href":"https:\/\/rotary.fi\/kauhavaharmat\/wp-json\/wp\/v2\/types\/page"}],"author":[{"embeddable":true,"href":"https:\/\/rotary.fi\/kauhavaharmat\/wp-json\/wp\/v2\/users\/1"}],"replies":[{"embeddable":true,"href":"https:\/\/rotary.fi\/kauhavaharmat\/wp-json\/wp\/v2\/comments?post=165"}],"version-history":[{"count":11,"href":"https:\/\/rotary.fi\/kauhavaharmat\/wp-json\/wp\/v2\/pages\/165\/revisions"}],"predecessor-version":[{"id":2230,"href":"https:\/\/rotary.fi\/kauhavaharmat\/wp-json\/wp\/v2\/pages\/165\/revisions\/2230"}],"up":[{"embeddable":true,"href":"https:\/\/rotary.fi\/kauhavaharmat\/wp-json\/wp\/v2\/pages\/77"}],"wp:attachment":[{"href":"https:\/\/rotary.fi\/kauhavaharmat\/wp-json\/wp\/v2\/media?parent=165"}],"curies":[{"name":"wp","href":"https:\/\/api.w.org\/{rel}","templated":true}]}}