{"id":138,"date":"2018-08-10T14:01:44","date_gmt":"2018-08-10T11:01:44","guid":{"rendered":"https:\/\/rotary.fi\/klubi2\/?page_id=138"},"modified":"2026-02-27T10:52:49","modified_gmt":"2026-02-27T08:52:49","slug":"vuositeema","status":"publish","type":"page","link":"https:\/\/rotary.fi\/kauhavaharmat\/keita-olemme\/vuositeema\/","title":{"rendered":"Vuositeema"},"content":{"rendered":"<p>[et_pb_section fb_built=&#8221;1&#8243; module_class=&#8221;jumbotron-page&#8221; _builder_version=&#8221;4.16&#8243; background_image=&#8221;https:\/\/rotary.fi\/kauhavaharmat\/wp-content\/uploads\/sites\/72\/2019\/02\/vuositeema_ylakuva_w.jpg&#8221; global_colors_info=&#8221;{}&#8221;][et_pb_row _builder_version=&#8221;4.16&#8243; background_size=&#8221;initial&#8221; background_position=&#8221;top_left&#8221; background_repeat=&#8221;repeat&#8221; global_colors_info=&#8221;{}&#8221;][et_pb_column type=&#8221;4_4&#8243; _builder_version=&#8221;4.16&#8243; custom_padding=&#8221;|||&#8221; global_colors_info=&#8221;{}&#8221; custom_padding__hover=&#8221;|||&#8221;][et_pb_text admin_label=&#8221;P\u00e4\u00e4otsikko&#8221; _builder_version=&#8221;4.16&#8243; text_orientation=&#8221;center&#8221; background_layout=&#8221;dark&#8221; global_colors_info=&#8221;{}&#8221;]<\/p>\n<h1>Vuositeema<\/h1>\n<p>&nbsp;<\/p>\n<p>[\/et_pb_text][\/et_pb_column][\/et_pb_row][\/et_pb_section][et_pb_section fb_built=&#8221;1&#8243; specialty=&#8221;on&#8221; module_class_2=&#8221;sivupalkki&#8221; _builder_version=&#8221;4.16&#8243; global_colors_info=&#8221;{}&#8221;][et_pb_column type=&#8221;2_3&#8243; specialty_columns=&#8221;2&#8243; _builder_version=&#8221;4.16&#8243; custom_padding=&#8221;|||&#8221; global_colors_info=&#8221;{}&#8221; custom_padding__hover=&#8221;|||&#8221;][et_pb_row_inner column_structure=&#8221;1_4,1_4,1_4,1_4&#8243; admin_label=&#8221;Rivi&#8221; _builder_version=&#8221;4.16&#8243; global_colors_info=&#8221;{}&#8221;][et_pb_column_inner type=&#8221;1_4&#8243; saved_specialty_column_type=&#8221;2_3&#8243; _builder_version=&#8221;4.16&#8243; custom_padding=&#8221;|||&#8221; custom_css_main_element=&#8221;width:24%!important;&#8221; global_colors_info=&#8221;{}&#8221; custom_padding__hover=&#8221;|||&#8221;][\/et_pb_column_inner][et_pb_column_inner type=&#8221;1_4&#8243; saved_specialty_column_type=&#8221;2_3&#8243; _builder_version=&#8221;4.16&#8243; custom_padding=&#8221;|||&#8221; custom_css_main_element=&#8221;width:24%!important;&#8221; global_colors_info=&#8221;{}&#8221; custom_padding__hover=&#8221;|||&#8221;][\/et_pb_column_inner][et_pb_column_inner type=&#8221;1_4&#8243; saved_specialty_column_type=&#8221;2_3&#8243; _builder_version=&#8221;4.16&#8243; custom_padding=&#8221;|||&#8221; custom_css_main_element=&#8221;width:24%!important;&#8221; global_colors_info=&#8221;{}&#8221; custom_padding__hover=&#8221;|||&#8221;][et_pb_image title_text=&#8221;tema-2020-2021_sv&#8221; _builder_version=&#8221;4.16&#8243; global_colors_info=&#8221;{}&#8221;][\/et_pb_image][\/et_pb_column_inner][et_pb_column_inner type=&#8221;1_4&#8243; saved_specialty_column_type=&#8221;2_3&#8243; _builder_version=&#8221;4.16&#8243; custom_padding=&#8221;|||&#8221; custom_css_main_element=&#8221;display:none;||width:0%!important;&#8221; global_colors_info=&#8221;{}&#8221; custom_padding__hover=&#8221;|||&#8221;][\/et_pb_column_inner][\/et_pb_row_inner][et_pb_row_inner admin_label=&#8221;Rivi&#8221; _builder_version=&#8221;4.16&#8243; custom_padding=&#8221;||0px|||&#8221; global_colors_info=&#8221;{}&#8221;][et_pb_column_inner saved_specialty_column_type=&#8221;2_3&#8243; _builder_version=&#8221;4.16&#8243; custom_padding=&#8221;|||&#8221; global_colors_info=&#8221;{}&#8221; custom_padding__hover=&#8221;|||&#8221;][et_pb_text admin_label=&#8221;Rotary Internationalin vuositeema &#8211; Otsikko&#8221; _builder_version=&#8221;4.27.4&#8243; text_orientation=&#8221;center&#8221; z_index_tablet=&#8221;500&#8243; text_text_shadow_horizontal_length_tablet=&#8221;0px&#8221; text_text_shadow_vertical_length_tablet=&#8221;0px&#8221; text_text_shadow_blur_strength_tablet=&#8221;1px&#8221; link_text_shadow_horizontal_length_tablet=&#8221;0px&#8221; link_text_shadow_vertical_length_tablet=&#8221;0px&#8221; link_text_shadow_blur_strength_tablet=&#8221;1px&#8221; ul_text_shadow_horizontal_length_tablet=&#8221;0px&#8221; ul_text_shadow_vertical_length_tablet=&#8221;0px&#8221; ul_text_shadow_blur_strength_tablet=&#8221;1px&#8221; ol_text_shadow_horizontal_length_tablet=&#8221;0px&#8221; ol_text_shadow_vertical_length_tablet=&#8221;0px&#8221; ol_text_shadow_blur_strength_tablet=&#8221;1px&#8221; quote_text_shadow_horizontal_length_tablet=&#8221;0px&#8221; quote_text_shadow_vertical_length_tablet=&#8221;0px&#8221; quote_text_shadow_blur_strength_tablet=&#8221;1px&#8221; header_text_shadow_horizontal_length_tablet=&#8221;0px&#8221; header_text_shadow_vertical_length_tablet=&#8221;0px&#8221; header_text_shadow_blur_strength_tablet=&#8221;1px&#8221; header_2_text_shadow_horizontal_length_tablet=&#8221;0px&#8221; header_2_text_shadow_vertical_length_tablet=&#8221;0px&#8221; header_2_text_shadow_blur_strength_tablet=&#8221;1px&#8221; header_3_text_shadow_horizontal_length_tablet=&#8221;0px&#8221; header_3_text_shadow_vertical_length_tablet=&#8221;0px&#8221; header_3_text_shadow_blur_strength_tablet=&#8221;1px&#8221; header_4_text_shadow_horizontal_length_tablet=&#8221;0px&#8221; header_4_text_shadow_vertical_length_tablet=&#8221;0px&#8221; header_4_text_shadow_blur_strength_tablet=&#8221;1px&#8221; header_5_text_shadow_horizontal_length_tablet=&#8221;0px&#8221; header_5_text_shadow_vertical_length_tablet=&#8221;0px&#8221; header_5_text_shadow_blur_strength_tablet=&#8221;1px&#8221; header_6_text_shadow_horizontal_length_tablet=&#8221;0px&#8221; header_6_text_shadow_vertical_length_tablet=&#8221;0px&#8221; header_6_text_shadow_blur_strength_tablet=&#8221;1px&#8221; box_shadow_horizontal_tablet=&#8221;0px&#8221; box_shadow_vertical_tablet=&#8221;0px&#8221; box_shadow_blur_tablet=&#8221;40px&#8221; box_shadow_spread_tablet=&#8221;0px&#8221; global_colors_info=&#8221;{}&#8221;]<\/p>\n<h1 style=\"text-align: left\">Rotary Internationalin presidentin viesti<\/h1>\n<p>[\/et_pb_text][et_pb_text _builder_version=&#8221;4.27.4&#8243; custom_padding=&#8221;0px|||||&#8221; z_index_tablet=&#8221;500&#8243; text_text_shadow_horizontal_length_tablet=&#8221;0px&#8221; text_text_shadow_vertical_length_tablet=&#8221;0px&#8221; text_text_shadow_blur_strength_tablet=&#8221;1px&#8221; link_text_shadow_horizontal_length_tablet=&#8221;0px&#8221; link_text_shadow_vertical_length_tablet=&#8221;0px&#8221; link_text_shadow_blur_strength_tablet=&#8221;1px&#8221; ul_text_shadow_horizontal_length_tablet=&#8221;0px&#8221; ul_text_shadow_vertical_length_tablet=&#8221;0px&#8221; ul_text_shadow_blur_strength_tablet=&#8221;1px&#8221; ol_text_shadow_horizontal_length_tablet=&#8221;0px&#8221; ol_text_shadow_vertical_length_tablet=&#8221;0px&#8221; ol_text_shadow_blur_strength_tablet=&#8221;1px&#8221; quote_text_shadow_horizontal_length_tablet=&#8221;0px&#8221; quote_text_shadow_vertical_length_tablet=&#8221;0px&#8221; quote_text_shadow_blur_strength_tablet=&#8221;1px&#8221; header_text_shadow_horizontal_length_tablet=&#8221;0px&#8221; header_text_shadow_vertical_length_tablet=&#8221;0px&#8221; header_text_shadow_blur_strength_tablet=&#8221;1px&#8221; header_2_text_shadow_horizontal_length_tablet=&#8221;0px&#8221; header_2_text_shadow_vertical_length_tablet=&#8221;0px&#8221; header_2_text_shadow_blur_strength_tablet=&#8221;1px&#8221; header_3_text_shadow_horizontal_length_tablet=&#8221;0px&#8221; header_3_text_shadow_vertical_length_tablet=&#8221;0px&#8221; header_3_text_shadow_blur_strength_tablet=&#8221;1px&#8221; header_4_text_shadow_horizontal_length_tablet=&#8221;0px&#8221; header_4_text_shadow_vertical_length_tablet=&#8221;0px&#8221; header_4_text_shadow_blur_strength_tablet=&#8221;1px&#8221; header_5_text_shadow_horizontal_length_tablet=&#8221;0px&#8221; header_5_text_shadow_vertical_length_tablet=&#8221;0px&#8221; header_5_text_shadow_blur_strength_tablet=&#8221;1px&#8221; header_6_text_shadow_horizontal_length_tablet=&#8221;0px&#8221; header_6_text_shadow_vertical_length_tablet=&#8221;0px&#8221; header_6_text_shadow_blur_strength_tablet=&#8221;1px&#8221; box_shadow_horizontal_tablet=&#8221;0px&#8221; box_shadow_vertical_tablet=&#8221;0px&#8221; box_shadow_blur_tablet=&#8221;40px&#8221; box_shadow_spread_tablet=&#8221;0px&#8221; inline_fonts=&#8221;Zen Tokyo Zoo&#8221; global_colors_info=&#8221;{}&#8221;]<\/p>\n<div class=\"et_pb_module et_pb_text et_pb_text_2  et_pb_text_align_left et_pb_bg_layout_light\">\n<div class=\"et_pb_text_inner\">\n<p>RI President 2<span data-tt=\"{}\">025<\/span><span data-tt=\"{}\">\u2013<\/span><span data-tt=\"{}\">2026 <\/span><span data-tt=\"{}\"><strong><em>M\u00e1rio C\u00e9sar Martins de Camargo<\/em><\/strong><em> revealed the 2025-2026 <strong>presidential message<\/strong>, Unite for Good: &#8221;Rotary members are <\/em><a href=\"https:\/\/www.facebook.com\/hashtag\/peopleofaction?__eep__=6&amp;__cft__%5b0%5d=AZVI5ws3tls5NKkEuMKBrRdJZHUdUfjqJymlSLqSv1rHiq1ZSx8W4cmjnN6sacUBgl62IjeqrlYzSRW85Pqdr2JmfLUI3xwVCK8hrkszW-u4QQnPPBDl61d7urwcSBeQOZM6C3VPDGo5sEsNTB7vCF2zI0UTOT9jFW0ieOOOcYRsYRlGMlvjXl1-F4YetLdcni8&amp;__tn__=*NK-y-R\"><em>#PeopleOfAction<\/em><\/a><em>. We don&#8217;t wait for change to happen; we make it happen. And what do people of action do? We unite for good.&#8221;<\/em><\/span><\/p>\n<p>Toisin sanoen meill\u00e4 ei ole virallista vuositeemaa, mutta meill\u00e4 on <strong>presidentillinen viesti<\/strong>, jota voi k\u00e4ytt\u00e4\u00e4 suunnilleen samoin kuin aiemmin vuositeemaa.<\/p>\n<p><span data-tt=\"{}\"><em><\/em><\/span><\/p>\n<p><img loading=\"lazy\" decoding=\"async\" src=\"https:\/\/rotary.fi\/kauhavaharmat\/wp-content\/uploads\/sites\/72\/2025\/08\/pm2526-bc-social-rotary-azure-1080x1080-en-us-1024x1024.png\" width=\"241\" height=\"241\" alt=\"\" class=\"wp-image-2586 alignleft size-large\" \/><\/p>\n<\/div>\n<\/div>\n<h1><span style=\"color: #000000;font-family: inherit;font-size: medium;font-variant: normal;font-weight: normal;vertical-align: baseline\"><\/span><span class=\"markedContent\"><span style=\"font-family: inherit;font-weight: normal;font-size: medium\"><span role=\"presentation\" dir=\"ltr\"><\/span><\/span><\/span><\/h1>\n<p><span class=\"markedContent\"><span style=\"font-family: inherit;font-weight: normal;font-size: medium\"><span role=\"presentation\" dir=\"ltr\"><\/span><\/span><\/span><\/p>\n<p><span class=\"markedContent\"><span style=\"font-family: inherit;font-weight: normal;font-size: medium\"><span role=\"presentation\" dir=\"ltr\"><\/span><\/span><\/span><\/p>\n<p>[\/et_pb_text][\/et_pb_column_inner][\/et_pb_row_inner][et_pb_row_inner admin_label=&#8221;Rivi&#8221; _builder_version=&#8221;4.16&#8243; collapsed=&#8221;on&#8221; global_colors_info=&#8221;{}&#8221;][et_pb_column_inner saved_specialty_column_type=&#8221;2_3&#8243; _builder_version=&#8221;4.16&#8243; custom_padding=&#8221;|||&#8221; global_colors_info=&#8221;{}&#8221; custom_padding__hover=&#8221;|||&#8221;][et_pb_text admin_label=&#8221;Klubin vuositeema &#8211; Otsikko&#8221; _builder_version=&#8221;4.16&#8243; text_orientation=&#8221;center&#8221; global_colors_info=&#8221;{}&#8221;]<\/p>\n<h4>Kauhava H\u00e4rm\u00e4t Rotaryklubin vuositeema<\/h4>\n<p>[\/et_pb_text][et_pb_text _builder_version=&#8221;4.27.4&#8243; global_colors_info=&#8221;{}&#8221;]<\/p>\n<p class=\"p1\"><span class=\"s1\"><strong>Rotaryvuonna 2025-2026 klubillamme on edelleen teemana kiusaamisen vastustaminen<\/strong>. Syksyll\u00e4 2020 polkaisimme k\u00e4yntiin MIN\u00c4 EN KIUSAA -kampanjan, jolla pyrit\u00e4\u00e4n ehk\u00e4isem\u00e4\u00e4n kaikenlaista kiusaamista. Kampanjaan haastetaan mukaan yksityisi\u00e4 ja yhteis\u00f6j\u00e4 ja sit\u00e4 on tarkoitus jatkaa useampi vuosi. <\/span><\/p>\n<p class=\"p1\"><span class=\"s1\">Min\u00e4 en kiusaa -kampanjaamme olemme 2024 saaneet mukaan my\u00f6s Kauhavan sek\u00e4 Lapuan ja Lapua Kiviristi rotaryklubit.\u00a0<\/span><span class=\"s1\"><\/span><\/p>\n<p>[\/et_pb_text][\/et_pb_column_inner][\/et_pb_row_inner][\/et_pb_column][et_pb_column type=&#8221;1_3&#8243; _builder_version=&#8221;4.16&#8243; custom_padding=&#8221;|||&#8221; global_colors_info=&#8221;{}&#8221; custom_padding__hover=&#8221;|||&#8221;][et_pb_sidebar area=&#8221;sidebar-1&#8243; module_class=&#8221;sivupalkki_sisalto&#8221; _builder_version=&#8221;4.16&#8243; locked=&#8221;on&#8221; global_colors_info=&#8221;{}&#8221;][\/et_pb_sidebar][\/et_pb_column][\/et_pb_section]<\/p>\n","protected":false},"excerpt":{"rendered":"<p>Vuositeema &nbsp; Rotary Internationalin presidentin viesti RI President 2025\u20132026 M\u00e1rio C\u00e9sar Martins de Camargo revealed the 2025-2026 presidential message, Unite for Good: &#8221;Rotary members are #PeopleOfAction. We don&#8217;t wait for change to happen; we make it happen. And what do people of action do? We unite for good.&#8221; Toisin sanoen meill\u00e4 ei ole virallista vuositeemaa, [&hellip;]<\/p>\n","protected":false},"author":1,"featured_media":0,"parent":129,"menu_order":0,"comment_status":"closed","ping_status":"closed","template":"","meta":{"_acf_changed":false,"_et_pb_use_builder":"on","_et_pb_old_content":"","_et_gb_content_width":"","footnotes":""},"class_list":["post-138","page","type-page","status-publish","hentry"],"acf":[],"yoast_head":"<!-- This site is optimized with the Yoast SEO plugin v27.4 - https:\/\/yoast.com\/product\/yoast-seo-wordpress\/ -->\n<title>Vuositeema - Kauhava H\u00e4rm\u00e4t Rotaryklubi<\/title>\n<meta name=\"robots\" content=\"index, follow, max-snippet:-1, max-image-preview:large, max-video-preview:-1\" \/>\n<link rel=\"canonical\" href=\"https:\/\/rotary.fi\/kauhavaharmat\/keita-olemme\/vuositeema\/\" \/>\n<meta property=\"og:locale\" content=\"fi_FI\" \/>\n<meta property=\"og:type\" content=\"article\" \/>\n<meta property=\"og:title\" content=\"Vuositeema - Kauhava H\u00e4rm\u00e4t Rotaryklubi\" \/>\n<meta property=\"og:description\" content=\"Vuositeema &nbsp; Rotary Internationalin presidentin viesti RI President 2025\u20132026 M\u00e1rio C\u00e9sar Martins de Camargo revealed the 2025-2026 presidential message, Unite for Good: &quot;Rotary members are #PeopleOfAction. We don&#039;t wait for change to happen; we make it happen. And what do people of action do? We unite for good.&quot; Toisin sanoen meill\u00e4 ei ole virallista vuositeemaa, [&hellip;]\" \/>\n<meta property=\"og:url\" content=\"https:\/\/rotary.fi\/kauhavaharmat\/keita-olemme\/vuositeema\/\" \/>\n<meta property=\"og:site_name\" content=\"Kauhava H\u00e4rm\u00e4t Rotaryklubi\" \/>\n<meta property=\"article:modified_time\" content=\"2026-02-27T08:52:49+00:00\" \/>\n<meta property=\"og:image\" content=\"https:\/\/rotary.fi\/kauhavaharmat\/wp-content\/uploads\/sites\/72\/2025\/08\/pm2526-bc-social-rotary-azure-1080x1080-en-us.png\" \/>\n\t<meta property=\"og:image:width\" content=\"1080\" \/>\n\t<meta property=\"og:image:height\" content=\"1080\" \/>\n\t<meta property=\"og:image:type\" content=\"image\/png\" \/>\n<meta name=\"twitter:card\" content=\"summary_large_image\" \/>\n<meta name=\"twitter:label1\" content=\"Arvioitu lukuaika\" \/>\n\t<meta name=\"twitter:data1\" content=\"6 minuuttia\" \/>\n<script type=\"application\/ld+json\" class=\"yoast-schema-graph\">{\"@context\":\"https:\\\/\\\/schema.org\",\"@graph\":[{\"@type\":\"WebPage\",\"@id\":\"https:\\\/\\\/rotary.fi\\\/kauhavaharmat\\\/keita-olemme\\\/vuositeema\\\/\",\"url\":\"https:\\\/\\\/rotary.fi\\\/kauhavaharmat\\\/keita-olemme\\\/vuositeema\\\/\",\"name\":\"Vuositeema - Kauhava H\u00e4rm\u00e4t Rotaryklubi\",\"isPartOf\":{\"@id\":\"https:\\\/\\\/rotary.fi\\\/kauhavaharmat\\\/#website\"},\"primaryImageOfPage\":{\"@id\":\"https:\\\/\\\/rotary.fi\\\/kauhavaharmat\\\/keita-olemme\\\/vuositeema\\\/#primaryimage\"},\"image\":{\"@id\":\"https:\\\/\\\/rotary.fi\\\/kauhavaharmat\\\/keita-olemme\\\/vuositeema\\\/#primaryimage\"},\"thumbnailUrl\":\"https:\\\/\\\/rotary.fi\\\/kauhavaharmat\\\/wp-content\\\/uploads\\\/sites\\\/72\\\/2025\\\/08\\\/pm2526-bc-social-rotary-azure-1080x1080-en-us-1024x1024.png\",\"datePublished\":\"2018-08-10T11:01:44+00:00\",\"dateModified\":\"2026-02-27T08:52:49+00:00\",\"breadcrumb\":{\"@id\":\"https:\\\/\\\/rotary.fi\\\/kauhavaharmat\\\/keita-olemme\\\/vuositeema\\\/#breadcrumb\"},\"inLanguage\":\"fi\",\"potentialAction\":[{\"@type\":\"ReadAction\",\"target\":[\"https:\\\/\\\/rotary.fi\\\/kauhavaharmat\\\/keita-olemme\\\/vuositeema\\\/\"]}]},{\"@type\":\"ImageObject\",\"inLanguage\":\"fi\",\"@id\":\"https:\\\/\\\/rotary.fi\\\/kauhavaharmat\\\/keita-olemme\\\/vuositeema\\\/#primaryimage\",\"url\":\"https:\\\/\\\/rotary.fi\\\/kauhavaharmat\\\/wp-content\\\/uploads\\\/sites\\\/72\\\/2025\\\/08\\\/pm2526-bc-social-rotary-azure-1080x1080-en-us.png\",\"contentUrl\":\"https:\\\/\\\/rotary.fi\\\/kauhavaharmat\\\/wp-content\\\/uploads\\\/sites\\\/72\\\/2025\\\/08\\\/pm2526-bc-social-rotary-azure-1080x1080-en-us.png\",\"width\":1080,\"height\":1080},{\"@type\":\"BreadcrumbList\",\"@id\":\"https:\\\/\\\/rotary.fi\\\/kauhavaharmat\\\/keita-olemme\\\/vuositeema\\\/#breadcrumb\",\"itemListElement\":[{\"@type\":\"ListItem\",\"position\":1,\"name\":\"Home\",\"item\":\"https:\\\/\\\/rotary.fi\\\/kauhavaharmat\\\/\"},{\"@type\":\"ListItem\",\"position\":2,\"name\":\"Keit\u00e4 olemme\",\"item\":\"https:\\\/\\\/rotary.fi\\\/kauhavaharmat\\\/keita-olemme\\\/\"},{\"@type\":\"ListItem\",\"position\":3,\"name\":\"Vuositeema\"}]},{\"@type\":\"WebSite\",\"@id\":\"https:\\\/\\\/rotary.fi\\\/kauhavaharmat\\\/#website\",\"url\":\"https:\\\/\\\/rotary.fi\\\/kauhavaharmat\\\/\",\"name\":\"Kauhava H\u00e4rm\u00e4t Rotaryklubi\",\"description\":\"Uusi Rotary klubisivusto\",\"potentialAction\":[{\"@type\":\"SearchAction\",\"target\":{\"@type\":\"EntryPoint\",\"urlTemplate\":\"https:\\\/\\\/rotary.fi\\\/kauhavaharmat\\\/?s={search_term_string}\"},\"query-input\":{\"@type\":\"PropertyValueSpecification\",\"valueRequired\":true,\"valueName\":\"search_term_string\"}}],\"inLanguage\":\"fi\"}]}<\/script>\n<!-- \/ Yoast SEO plugin. -->","yoast_head_json":{"title":"Vuositeema - Kauhava H\u00e4rm\u00e4t Rotaryklubi","robots":{"index":"index","follow":"follow","max-snippet":"max-snippet:-1","max-image-preview":"max-image-preview:large","max-video-preview":"max-video-preview:-1"},"canonical":"https:\/\/rotary.fi\/kauhavaharmat\/keita-olemme\/vuositeema\/","og_locale":"fi_FI","og_type":"article","og_title":"Vuositeema - Kauhava H\u00e4rm\u00e4t Rotaryklubi","og_description":"Vuositeema &nbsp; Rotary Internationalin presidentin viesti RI President 2025\u20132026 M\u00e1rio C\u00e9sar Martins de Camargo revealed the 2025-2026 presidential message, Unite for Good: \"Rotary members are #PeopleOfAction. We don't wait for change to happen; we make it happen. And what do people of action do? We unite for good.\" Toisin sanoen meill\u00e4 ei ole virallista vuositeemaa, [&hellip;]","og_url":"https:\/\/rotary.fi\/kauhavaharmat\/keita-olemme\/vuositeema\/","og_site_name":"Kauhava H\u00e4rm\u00e4t Rotaryklubi","article_modified_time":"2026-02-27T08:52:49+00:00","og_image":[{"width":1080,"height":1080,"url":"https:\/\/rotary.fi\/kauhavaharmat\/wp-content\/uploads\/sites\/72\/2025\/08\/pm2526-bc-social-rotary-azure-1080x1080-en-us.png","type":"image\/png"}],"twitter_card":"summary_large_image","twitter_misc":{"Arvioitu lukuaika":"6 minuuttia"},"schema":{"@context":"https:\/\/schema.org","@graph":[{"@type":"WebPage","@id":"https:\/\/rotary.fi\/kauhavaharmat\/keita-olemme\/vuositeema\/","url":"https:\/\/rotary.fi\/kauhavaharmat\/keita-olemme\/vuositeema\/","name":"Vuositeema - Kauhava H\u00e4rm\u00e4t Rotaryklubi","isPartOf":{"@id":"https:\/\/rotary.fi\/kauhavaharmat\/#website"},"primaryImageOfPage":{"@id":"https:\/\/rotary.fi\/kauhavaharmat\/keita-olemme\/vuositeema\/#primaryimage"},"image":{"@id":"https:\/\/rotary.fi\/kauhavaharmat\/keita-olemme\/vuositeema\/#primaryimage"},"thumbnailUrl":"https:\/\/rotary.fi\/kauhavaharmat\/wp-content\/uploads\/sites\/72\/2025\/08\/pm2526-bc-social-rotary-azure-1080x1080-en-us-1024x1024.png","datePublished":"2018-08-10T11:01:44+00:00","dateModified":"2026-02-27T08:52:49+00:00","breadcrumb":{"@id":"https:\/\/rotary.fi\/kauhavaharmat\/keita-olemme\/vuositeema\/#breadcrumb"},"inLanguage":"fi","potentialAction":[{"@type":"ReadAction","target":["https:\/\/rotary.fi\/kauhavaharmat\/keita-olemme\/vuositeema\/"]}]},{"@type":"ImageObject","inLanguage":"fi","@id":"https:\/\/rotary.fi\/kauhavaharmat\/keita-olemme\/vuositeema\/#primaryimage","url":"https:\/\/rotary.fi\/kauhavaharmat\/wp-content\/uploads\/sites\/72\/2025\/08\/pm2526-bc-social-rotary-azure-1080x1080-en-us.png","contentUrl":"https:\/\/rotary.fi\/kauhavaharmat\/wp-content\/uploads\/sites\/72\/2025\/08\/pm2526-bc-social-rotary-azure-1080x1080-en-us.png","width":1080,"height":1080},{"@type":"BreadcrumbList","@id":"https:\/\/rotary.fi\/kauhavaharmat\/keita-olemme\/vuositeema\/#breadcrumb","itemListElement":[{"@type":"ListItem","position":1,"name":"Home","item":"https:\/\/rotary.fi\/kauhavaharmat\/"},{"@type":"ListItem","position":2,"name":"Keit\u00e4 olemme","item":"https:\/\/rotary.fi\/kauhavaharmat\/keita-olemme\/"},{"@type":"ListItem","position":3,"name":"Vuositeema"}]},{"@type":"WebSite","@id":"https:\/\/rotary.fi\/kauhavaharmat\/#website","url":"https:\/\/rotary.fi\/kauhavaharmat\/","name":"Kauhava H\u00e4rm\u00e4t Rotaryklubi","description":"Uusi Rotary klubisivusto","potentialAction":[{"@type":"SearchAction","target":{"@type":"EntryPoint","urlTemplate":"https:\/\/rotary.fi\/kauhavaharmat\/?s={search_term_string}"},"query-input":{"@type":"PropertyValueSpecification","valueRequired":true,"valueName":"search_term_string"}}],"inLanguage":"fi"}]}},"lang":"fi","translations":{"fi":138},"pll_sync_post":[],"_links":{"self":[{"href":"https:\/\/rotary.fi\/kauhavaharmat\/wp-json\/wp\/v2\/pages\/138","targetHints":{"allow":["GET"]}}],"collection":[{"href":"https:\/\/rotary.fi\/kauhavaharmat\/wp-json\/wp\/v2\/pages"}],"about":[{"href":"https:\/\/rotary.fi\/kauhavaharmat\/wp-json\/wp\/v2\/types\/page"}],"author":[{"embeddable":true,"href":"https:\/\/rotary.fi\/kauhavaharmat\/wp-json\/wp\/v2\/users\/1"}],"replies":[{"embeddable":true,"href":"https:\/\/rotary.fi\/kauhavaharmat\/wp-json\/wp\/v2\/comments?post=138"}],"version-history":[{"count":11,"href":"https:\/\/rotary.fi\/kauhavaharmat\/wp-json\/wp\/v2\/pages\/138\/revisions"}],"predecessor-version":[{"id":2710,"href":"https:\/\/rotary.fi\/kauhavaharmat\/wp-json\/wp\/v2\/pages\/138\/revisions\/2710"}],"up":[{"embeddable":true,"href":"https:\/\/rotary.fi\/kauhavaharmat\/wp-json\/wp\/v2\/pages\/129"}],"wp:attachment":[{"href":"https:\/\/rotary.fi\/kauhavaharmat\/wp-json\/wp\/v2\/media?parent=138"}],"curies":[{"name":"wp","href":"https:\/\/api.w.org\/{rel}","templated":true}]}}