{"id":132,"date":"2018-08-10T13:59:56","date_gmt":"2018-08-10T10:59:56","guid":{"rendered":"https:\/\/rotary.fi\/klubi2\/?page_id=132"},"modified":"2026-01-24T11:02:44","modified_gmt":"2026-01-24T09:02:44","slug":"hallitus-ja-toimihenkilot","status":"publish","type":"page","link":"https:\/\/rotary.fi\/kauhavaharmat\/keita-olemme\/hallitus-ja-toimihenkilot\/","title":{"rendered":"Hallitus ja toimihenkil\u00f6t"},"content":{"rendered":"<p>[et_pb_section fb_built=&#8221;1&#8243; module_class=&#8221;jumbotron-page&#8221; _builder_version=&#8221;4.16&#8243; background_image=&#8221;https:\/\/rotary.fi\/kauhavaharmat\/wp-content\/uploads\/sites\/72\/2021\/03\/nuijanvaihto2020-16.jpg&#8221; global_colors_info=&#8221;{}&#8221;][et_pb_row _builder_version=&#8221;4.16&#8243; global_colors_info=&#8221;{}&#8221;][et_pb_column type=&#8221;4_4&#8243; _builder_version=&#8221;4.16&#8243; custom_padding=&#8221;|||&#8221; global_colors_info=&#8221;{}&#8221; custom_padding__hover=&#8221;|||&#8221;][et_pb_text admin_label=&#8221;P\u00e4\u00e4otsikko&#8221; _builder_version=&#8221;4.16&#8243; text_orientation=&#8221;center&#8221; background_layout=&#8221;dark&#8221; global_colors_info=&#8221;{}&#8221;]<\/p>\n<h1>Hallitus ja toimihenkil\u00f6t<\/h1>\n<p>[\/et_pb_text][\/et_pb_column][\/et_pb_row][\/et_pb_section][et_pb_section fb_built=&#8221;1&#8243; specialty=&#8221;on&#8221; module_class_2=&#8221;sivupalkki&#8221; _builder_version=&#8221;4.16&#8243; global_colors_info=&#8221;{}&#8221;][et_pb_column type=&#8221;2_3&#8243; specialty_columns=&#8221;2&#8243; _builder_version=&#8221;4.16&#8243; custom_padding=&#8221;|||&#8221; global_colors_info=&#8221;{}&#8221; custom_padding__hover=&#8221;|||&#8221;][et_pb_row_inner admin_label=&#8221;Rivi&#8221; _builder_version=&#8221;4.16&#8243; global_colors_info=&#8221;{}&#8221;][et_pb_column_inner saved_specialty_column_type=&#8221;2_3&#8243; _builder_version=&#8221;4.16&#8243; custom_padding=&#8221;|||&#8221; global_colors_info=&#8221;{}&#8221; custom_padding__hover=&#8221;|||&#8221;][et_pb_text admin_label=&#8221;Otsikko&#8221; _builder_version=&#8221;4.16&#8243; text_orientation=&#8221;center&#8221; global_colors_info=&#8221;{}&#8221;]<\/p>\n<h1>Hallitus ja toimihenkil\u00f6t<\/h1>\n<p>[\/et_pb_text][\/et_pb_column_inner][\/et_pb_row_inner][et_pb_row_inner column_structure=&#8221;1_2,1_2&#8243; admin_label=&#8221;Rivi&#8221; _builder_version=&#8221;4.25.2&#8243; global_colors_info=&#8221;{}&#8221;][et_pb_column_inner type=&#8221;1_2&#8243; saved_specialty_column_type=&#8221;2_3&#8243; _builder_version=&#8221;4.16&#8243; custom_padding=&#8221;|||&#8221; global_colors_info=&#8221;{}&#8221; custom_padding__hover=&#8221;|||&#8221;][et_pb_team_member name=&#8221;Anna-Maija Ylinen&#8221; position=&#8221;Presidentti&#8221; image_url=&#8221;https:\/\/rotary.fi\/kauhavaharmat\/wp-content\/uploads\/sites\/72\/2026\/01\/20260122-175511.jpg&#8221; _builder_version=&#8221;4.27.4&#8243; _module_preset=&#8221;default&#8221; hover_enabled=&#8221;0&#8243; global_colors_info=&#8221;{}&#8221; title_text=&#8221;20260122_175511&#8243; sticky_enabled=&#8221;0&#8243;][\/et_pb_team_member][\/et_pb_column_inner][et_pb_column_inner type=&#8221;1_2&#8243; saved_specialty_column_type=&#8221;2_3&#8243; _builder_version=&#8221;4.16&#8243; custom_padding=&#8221;|||&#8221; global_colors_info=&#8221;{}&#8221; custom_padding__hover=&#8221;|||&#8221;][et_pb_text admin_label=&#8221;Teksti&#8221; _builder_version=&#8221;4.27.4&#8243; width=&#8221;80%&#8221; width_phone=&#8221;50px&#8221; max_width=&#8221;1080px&#8221; max_width_tablet=&#8221;100px&#8221; max_width_phone=&#8221;50px&#8221; z_index_tablet=&#8221;500&#8243; text_text_shadow_horizontal_length_tablet=&#8221;0px&#8221; text_text_shadow_vertical_length_tablet=&#8221;0px&#8221; text_text_shadow_blur_strength_tablet=&#8221;1px&#8221; link_text_shadow_horizontal_length_tablet=&#8221;0px&#8221; link_text_shadow_vertical_length_tablet=&#8221;0px&#8221; link_text_shadow_blur_strength_tablet=&#8221;1px&#8221; ul_text_shadow_horizontal_length_tablet=&#8221;0px&#8221; ul_text_shadow_vertical_length_tablet=&#8221;0px&#8221; ul_text_shadow_blur_strength_tablet=&#8221;1px&#8221; ol_text_shadow_horizontal_length_tablet=&#8221;0px&#8221; ol_text_shadow_vertical_length_tablet=&#8221;0px&#8221; ol_text_shadow_blur_strength_tablet=&#8221;1px&#8221; quote_text_shadow_horizontal_length_tablet=&#8221;0px&#8221; quote_text_shadow_vertical_length_tablet=&#8221;0px&#8221; quote_text_shadow_blur_strength_tablet=&#8221;1px&#8221; header_text_shadow_horizontal_length_tablet=&#8221;0px&#8221; header_text_shadow_vertical_length_tablet=&#8221;0px&#8221; header_text_shadow_blur_strength_tablet=&#8221;1px&#8221; header_2_text_shadow_horizontal_length_tablet=&#8221;0px&#8221; header_2_text_shadow_vertical_length_tablet=&#8221;0px&#8221; header_2_text_shadow_blur_strength_tablet=&#8221;1px&#8221; header_3_text_shadow_horizontal_length_tablet=&#8221;0px&#8221; header_3_text_shadow_vertical_length_tablet=&#8221;0px&#8221; header_3_text_shadow_blur_strength_tablet=&#8221;1px&#8221; header_4_text_shadow_horizontal_length_tablet=&#8221;0px&#8221; header_4_text_shadow_vertical_length_tablet=&#8221;0px&#8221; header_4_text_shadow_blur_strength_tablet=&#8221;1px&#8221; header_5_text_shadow_horizontal_length_tablet=&#8221;0px&#8221; header_5_text_shadow_vertical_length_tablet=&#8221;0px&#8221; header_5_text_shadow_blur_strength_tablet=&#8221;1px&#8221; header_6_text_shadow_horizontal_length_tablet=&#8221;0px&#8221; header_6_text_shadow_vertical_length_tablet=&#8221;0px&#8221; header_6_text_shadow_blur_strength_tablet=&#8221;1px&#8221; box_shadow_horizontal_tablet=&#8221;0px&#8221; box_shadow_vertical_tablet=&#8221;0px&#8221; box_shadow_blur_tablet=&#8221;40px&#8221; box_shadow_spread_tablet=&#8221;0px&#8221; global_colors_info=&#8221;{}&#8221;]<\/p>\n<h2>Hallitus<\/h2>\n<p><strong>Presidentti 2025-2026 <\/strong>Anna-Maija Ylinen<strong><br \/><\/strong><strong>Tuleva presidentti<\/strong> Toni Uusim\u00e4ki<br \/><strong>Past presidentti<\/strong> Keijo Ylinen<br \/><strong>Sihteeri <\/strong>Kari Kauppinen<br \/><strong>Klubimestari<\/strong> Ari Kujanp\u00e4\u00e4<br \/><strong>Rahastonhoitaja<\/strong> Aarno Heinonen<br \/><strong>IT-vastaava<\/strong> Anna-Maija Ylinen<br \/><strong>Nuorisovaihtoasiamies<\/strong> Toni Uusim\u00e4ki<br \/><strong>S\u00e4\u00e4ti\u00f6asiamies<\/strong> Keijo Ylinen<\/p>\n<h2>J\u00e4senyystoimikunta<\/h2>\n<p><strong>Puheenjohtaja<\/strong> Ilkka Peura<\/p>\n<h2>Klubitoimikunta<\/h2>\n<p><strong>Puheenjohtaja<\/strong> Ari Kujanp\u00e4\u00e4<\/p>\n<h2>Nuorisovaihtotoimikunta<\/h2>\n<p><strong>Puheenjohtaja<\/strong> Toni Uusim\u00e4ki<\/p>\n<h2>Palvelutoimikunta<\/h2>\n<p><strong>Puheenjohtaja<\/strong> NN<\/p>\n<h2>Julkisuuskuvatoimikunta<\/h2>\n<p><strong>Puheenjohtaja<\/strong> Anna-Maija Ylinen<\/p>\n<h2>Rotarys\u00e4\u00e4ti\u00f6toimikunta<\/h2>\n<p><strong>Puheenjohtaja<\/strong> Keijo Ylinen<\/p>\n<h2>Liikuntatoimikunta<\/h2>\n<p><strong>Puheenjohtaja<\/strong> P\u00e4ivi Suorsa<\/p>\n<p>&nbsp;<\/p>\n<p>[\/et_pb_text][\/et_pb_column_inner][\/et_pb_row_inner][\/et_pb_column][et_pb_column type=&#8221;1_3&#8243; _builder_version=&#8221;4.16&#8243; custom_padding=&#8221;|||&#8221; global_colors_info=&#8221;{}&#8221; custom_padding__hover=&#8221;|||&#8221;][et_pb_sidebar area=&#8221;sidebar-1&#8243; module_class=&#8221;sivupalkki_sisalto&#8221; _builder_version=&#8221;4.16&#8243; locked=&#8221;on&#8221; global_colors_info=&#8221;{}&#8221;]<br \/>\n[\/et_pb_sidebar][\/et_pb_column][\/et_pb_section]<\/p>\n","protected":false},"excerpt":{"rendered":"<p>Hallitus ja toimihenkil\u00f6t Hallitus ja toimihenkil\u00f6t Hallitus Presidentti 2025-2026 Anna-Maija YlinenTuleva presidentti Toni Uusim\u00e4kiPast presidentti Keijo YlinenSihteeri Kari KauppinenKlubimestari Ari Kujanp\u00e4\u00e4Rahastonhoitaja Aarno HeinonenIT-vastaava Anna-Maija YlinenNuorisovaihtoasiamies Toni Uusim\u00e4kiS\u00e4\u00e4ti\u00f6asiamies Keijo Ylinen J\u00e4senyystoimikunta Puheenjohtaja Ilkka Peura Klubitoimikunta Puheenjohtaja Ari Kujanp\u00e4\u00e4 Nuorisovaihtotoimikunta Puheenjohtaja Toni Uusim\u00e4ki Palvelutoimikunta Puheenjohtaja NN Julkisuuskuvatoimikunta Puheenjohtaja Anna-Maija Ylinen Rotarys\u00e4\u00e4ti\u00f6toimikunta Puheenjohtaja Keijo Ylinen Liikuntatoimikunta Puheenjohtaja P\u00e4ivi [&hellip;]<\/p>\n","protected":false},"author":1,"featured_media":0,"parent":129,"menu_order":0,"comment_status":"closed","ping_status":"closed","template":"","meta":{"_acf_changed":false,"_et_pb_use_builder":"on","_et_pb_old_content":"","_et_gb_content_width":"","footnotes":""},"class_list":["post-132","page","type-page","status-publish","hentry"],"acf":[],"yoast_head":"<!-- This site is optimized with the Yoast SEO plugin v27.0 - https:\/\/yoast.com\/product\/yoast-seo-wordpress\/ -->\n<title>Hallitus ja toimihenkil\u00f6t - Kauhava H\u00e4rm\u00e4t Rotaryklubi<\/title>\n<meta name=\"robots\" content=\"index, follow, max-snippet:-1, max-image-preview:large, max-video-preview:-1\" \/>\n<link rel=\"canonical\" href=\"https:\/\/rotary.fi\/kauhavaharmat\/keita-olemme\/hallitus-ja-toimihenkilot\/\" \/>\n<meta property=\"og:locale\" content=\"fi_FI\" \/>\n<meta property=\"og:type\" content=\"article\" \/>\n<meta property=\"og:title\" content=\"Hallitus ja toimihenkil\u00f6t - Kauhava H\u00e4rm\u00e4t Rotaryklubi\" \/>\n<meta property=\"og:description\" content=\"Hallitus ja toimihenkil\u00f6t Hallitus ja toimihenkil\u00f6t Hallitus Presidentti 2025-2026 Anna-Maija YlinenTuleva presidentti Toni Uusim\u00e4kiPast presidentti Keijo YlinenSihteeri Kari KauppinenKlubimestari Ari Kujanp\u00e4\u00e4Rahastonhoitaja Aarno HeinonenIT-vastaava Anna-Maija YlinenNuorisovaihtoasiamies Toni Uusim\u00e4kiS\u00e4\u00e4ti\u00f6asiamies Keijo Ylinen J\u00e4senyystoimikunta Puheenjohtaja Ilkka Peura Klubitoimikunta Puheenjohtaja Ari Kujanp\u00e4\u00e4 Nuorisovaihtotoimikunta Puheenjohtaja Toni Uusim\u00e4ki Palvelutoimikunta Puheenjohtaja NN Julkisuuskuvatoimikunta Puheenjohtaja Anna-Maija Ylinen Rotarys\u00e4\u00e4ti\u00f6toimikunta Puheenjohtaja Keijo Ylinen Liikuntatoimikunta Puheenjohtaja P\u00e4ivi [&hellip;]\" \/>\n<meta property=\"og:url\" content=\"https:\/\/rotary.fi\/kauhavaharmat\/keita-olemme\/hallitus-ja-toimihenkilot\/\" \/>\n<meta property=\"og:site_name\" content=\"Kauhava H\u00e4rm\u00e4t Rotaryklubi\" \/>\n<meta property=\"article:modified_time\" content=\"2026-01-24T09:02:44+00:00\" \/>\n<meta name=\"twitter:card\" content=\"summary_large_image\" \/>\n<meta name=\"twitter:label1\" content=\"Arvioitu lukuaika\" \/>\n\t<meta name=\"twitter:data1\" content=\"2 minuuttia\" \/>\n<script type=\"application\/ld+json\" class=\"yoast-schema-graph\">{\"@context\":\"https:\/\/schema.org\",\"@graph\":[{\"@type\":\"WebPage\",\"@id\":\"https:\/\/rotary.fi\/kauhavaharmat\/keita-olemme\/hallitus-ja-toimihenkilot\/\",\"url\":\"https:\/\/rotary.fi\/kauhavaharmat\/keita-olemme\/hallitus-ja-toimihenkilot\/\",\"name\":\"Hallitus ja toimihenkil\u00f6t - Kauhava H\u00e4rm\u00e4t Rotaryklubi\",\"isPartOf\":{\"@id\":\"https:\/\/rotary.fi\/kauhavaharmat\/#website\"},\"datePublished\":\"2018-08-10T10:59:56+00:00\",\"dateModified\":\"2026-01-24T09:02:44+00:00\",\"breadcrumb\":{\"@id\":\"https:\/\/rotary.fi\/kauhavaharmat\/keita-olemme\/hallitus-ja-toimihenkilot\/#breadcrumb\"},\"inLanguage\":\"fi\",\"potentialAction\":[{\"@type\":\"ReadAction\",\"target\":[\"https:\/\/rotary.fi\/kauhavaharmat\/keita-olemme\/hallitus-ja-toimihenkilot\/\"]}]},{\"@type\":\"BreadcrumbList\",\"@id\":\"https:\/\/rotary.fi\/kauhavaharmat\/keita-olemme\/hallitus-ja-toimihenkilot\/#breadcrumb\",\"itemListElement\":[{\"@type\":\"ListItem\",\"position\":1,\"name\":\"Home\",\"item\":\"https:\/\/rotary.fi\/kauhavaharmat\/\"},{\"@type\":\"ListItem\",\"position\":2,\"name\":\"Keit\u00e4 olemme\",\"item\":\"https:\/\/rotary.fi\/kauhavaharmat\/keita-olemme\/\"},{\"@type\":\"ListItem\",\"position\":3,\"name\":\"Hallitus ja toimihenkil\u00f6t\"}]},{\"@type\":\"WebSite\",\"@id\":\"https:\/\/rotary.fi\/kauhavaharmat\/#website\",\"url\":\"https:\/\/rotary.fi\/kauhavaharmat\/\",\"name\":\"Kauhava H\u00e4rm\u00e4t Rotaryklubi\",\"description\":\"Uusi Rotary klubisivusto\",\"potentialAction\":[{\"@type\":\"SearchAction\",\"target\":{\"@type\":\"EntryPoint\",\"urlTemplate\":\"https:\/\/rotary.fi\/kauhavaharmat\/?s={search_term_string}\"},\"query-input\":{\"@type\":\"PropertyValueSpecification\",\"valueRequired\":true,\"valueName\":\"search_term_string\"}}],\"inLanguage\":\"fi\"}]}<\/script>\n<!-- \/ Yoast SEO plugin. -->","yoast_head_json":{"title":"Hallitus ja toimihenkil\u00f6t - Kauhava H\u00e4rm\u00e4t Rotaryklubi","robots":{"index":"index","follow":"follow","max-snippet":"max-snippet:-1","max-image-preview":"max-image-preview:large","max-video-preview":"max-video-preview:-1"},"canonical":"https:\/\/rotary.fi\/kauhavaharmat\/keita-olemme\/hallitus-ja-toimihenkilot\/","og_locale":"fi_FI","og_type":"article","og_title":"Hallitus ja toimihenkil\u00f6t - Kauhava H\u00e4rm\u00e4t Rotaryklubi","og_description":"Hallitus ja toimihenkil\u00f6t Hallitus ja toimihenkil\u00f6t Hallitus Presidentti 2025-2026 Anna-Maija YlinenTuleva presidentti Toni Uusim\u00e4kiPast presidentti Keijo YlinenSihteeri Kari KauppinenKlubimestari Ari Kujanp\u00e4\u00e4Rahastonhoitaja Aarno HeinonenIT-vastaava Anna-Maija YlinenNuorisovaihtoasiamies Toni Uusim\u00e4kiS\u00e4\u00e4ti\u00f6asiamies Keijo Ylinen J\u00e4senyystoimikunta Puheenjohtaja Ilkka Peura Klubitoimikunta Puheenjohtaja Ari Kujanp\u00e4\u00e4 Nuorisovaihtotoimikunta Puheenjohtaja Toni Uusim\u00e4ki Palvelutoimikunta Puheenjohtaja NN Julkisuuskuvatoimikunta Puheenjohtaja Anna-Maija Ylinen Rotarys\u00e4\u00e4ti\u00f6toimikunta Puheenjohtaja Keijo Ylinen Liikuntatoimikunta Puheenjohtaja P\u00e4ivi [&hellip;]","og_url":"https:\/\/rotary.fi\/kauhavaharmat\/keita-olemme\/hallitus-ja-toimihenkilot\/","og_site_name":"Kauhava H\u00e4rm\u00e4t Rotaryklubi","article_modified_time":"2026-01-24T09:02:44+00:00","twitter_card":"summary_large_image","twitter_misc":{"Arvioitu lukuaika":"2 minuuttia"},"schema":{"@context":"https:\/\/schema.org","@graph":[{"@type":"WebPage","@id":"https:\/\/rotary.fi\/kauhavaharmat\/keita-olemme\/hallitus-ja-toimihenkilot\/","url":"https:\/\/rotary.fi\/kauhavaharmat\/keita-olemme\/hallitus-ja-toimihenkilot\/","name":"Hallitus ja toimihenkil\u00f6t - Kauhava H\u00e4rm\u00e4t Rotaryklubi","isPartOf":{"@id":"https:\/\/rotary.fi\/kauhavaharmat\/#website"},"datePublished":"2018-08-10T10:59:56+00:00","dateModified":"2026-01-24T09:02:44+00:00","breadcrumb":{"@id":"https:\/\/rotary.fi\/kauhavaharmat\/keita-olemme\/hallitus-ja-toimihenkilot\/#breadcrumb"},"inLanguage":"fi","potentialAction":[{"@type":"ReadAction","target":["https:\/\/rotary.fi\/kauhavaharmat\/keita-olemme\/hallitus-ja-toimihenkilot\/"]}]},{"@type":"BreadcrumbList","@id":"https:\/\/rotary.fi\/kauhavaharmat\/keita-olemme\/hallitus-ja-toimihenkilot\/#breadcrumb","itemListElement":[{"@type":"ListItem","position":1,"name":"Home","item":"https:\/\/rotary.fi\/kauhavaharmat\/"},{"@type":"ListItem","position":2,"name":"Keit\u00e4 olemme","item":"https:\/\/rotary.fi\/kauhavaharmat\/keita-olemme\/"},{"@type":"ListItem","position":3,"name":"Hallitus ja toimihenkil\u00f6t"}]},{"@type":"WebSite","@id":"https:\/\/rotary.fi\/kauhavaharmat\/#website","url":"https:\/\/rotary.fi\/kauhavaharmat\/","name":"Kauhava H\u00e4rm\u00e4t Rotaryklubi","description":"Uusi Rotary klubisivusto","potentialAction":[{"@type":"SearchAction","target":{"@type":"EntryPoint","urlTemplate":"https:\/\/rotary.fi\/kauhavaharmat\/?s={search_term_string}"},"query-input":{"@type":"PropertyValueSpecification","valueRequired":true,"valueName":"search_term_string"}}],"inLanguage":"fi"}]}},"lang":"fi","translations":{"fi":132},"pll_sync_post":[],"_links":{"self":[{"href":"https:\/\/rotary.fi\/kauhavaharmat\/wp-json\/wp\/v2\/pages\/132","targetHints":{"allow":["GET"]}}],"collection":[{"href":"https:\/\/rotary.fi\/kauhavaharmat\/wp-json\/wp\/v2\/pages"}],"about":[{"href":"https:\/\/rotary.fi\/kauhavaharmat\/wp-json\/wp\/v2\/types\/page"}],"author":[{"embeddable":true,"href":"https:\/\/rotary.fi\/kauhavaharmat\/wp-json\/wp\/v2\/users\/1"}],"replies":[{"embeddable":true,"href":"https:\/\/rotary.fi\/kauhavaharmat\/wp-json\/wp\/v2\/comments?post=132"}],"version-history":[{"count":9,"href":"https:\/\/rotary.fi\/kauhavaharmat\/wp-json\/wp\/v2\/pages\/132\/revisions"}],"predecessor-version":[{"id":2673,"href":"https:\/\/rotary.fi\/kauhavaharmat\/wp-json\/wp\/v2\/pages\/132\/revisions\/2673"}],"up":[{"embeddable":true,"href":"https:\/\/rotary.fi\/kauhavaharmat\/wp-json\/wp\/v2\/pages\/129"}],"wp:attachment":[{"href":"https:\/\/rotary.fi\/kauhavaharmat\/wp-json\/wp\/v2\/media?parent=132"}],"curies":[{"name":"wp","href":"https:\/\/api.w.org\/{rel}","templated":true}]}}