{"id":129,"date":"2018-08-10T13:41:39","date_gmt":"2018-08-10T10:41:39","guid":{"rendered":"https:\/\/rotary.fi\/klubi2\/?page_id=129"},"modified":"2026-02-27T10:50:26","modified_gmt":"2026-02-27T08:50:26","slug":"keita-olemme","status":"publish","type":"page","link":"https:\/\/rotary.fi\/kauhavaharmat\/keita-olemme\/","title":{"rendered":"Keit\u00e4 olemme"},"content":{"rendered":"<p>[et_pb_section fb_built=&#8221;1&#8243; module_class=&#8221;jumbotron-page&#8221; _builder_version=&#8221;4.16&#8243; background_image=&#8221;https:\/\/rotary.fi\/kauhavaharmat\/wp-content\/uploads\/sites\/72\/2019\/02\/keitaolemme_ylakuva_w-1.jpg&#8221; global_colors_info=&#8221;{}&#8221;][et_pb_row _builder_version=&#8221;4.16&#8243; background_size=&#8221;initial&#8221; background_position=&#8221;top_left&#8221; background_repeat=&#8221;repeat&#8221; global_colors_info=&#8221;{}&#8221;][et_pb_column type=&#8221;4_4&#8243; _builder_version=&#8221;4.16&#8243; custom_padding=&#8221;|||&#8221; global_colors_info=&#8221;{}&#8221; custom_padding__hover=&#8221;|||&#8221;][et_pb_text admin_label=&#8221;P\u00e4\u00e4otsikko&#8221; _builder_version=&#8221;4.16&#8243; text_orientation=&#8221;center&#8221; background_layout=&#8221;dark&#8221; global_colors_info=&#8221;{}&#8221;]<\/p>\n<h1>Keit\u00e4 olemme<\/h1>\n<p>[\/et_pb_text][\/et_pb_column][\/et_pb_row][\/et_pb_section][et_pb_section fb_built=&#8221;1&#8243; specialty=&#8221;on&#8221; module_class_2=&#8221;sivupalkki&#8221; _builder_version=&#8221;4.16&#8243; global_colors_info=&#8221;{}&#8221;][et_pb_column type=&#8221;2_3&#8243; specialty_columns=&#8221;2&#8243; _builder_version=&#8221;4.16&#8243; custom_padding=&#8221;|||&#8221; global_colors_info=&#8221;{}&#8221; custom_padding__hover=&#8221;|||&#8221;][et_pb_row_inner admin_label=&#8221;Rivi&#8221; _builder_version=&#8221;4.16&#8243; global_colors_info=&#8221;{}&#8221;][et_pb_column_inner saved_specialty_column_type=&#8221;2_3&#8243; _builder_version=&#8221;4.16&#8243; custom_padding=&#8221;|||&#8221; global_colors_info=&#8221;{}&#8221; custom_padding__hover=&#8221;|||&#8221;][et_pb_text admin_label=&#8221;Otsikko&#8221; _builder_version=&#8221;4.16&#8243; text_orientation=&#8221;center&#8221; global_colors_info=&#8221;{}&#8221;]<\/p>\n<h1>Keit\u00e4 olemme<\/h1>\n<p>[\/et_pb_text][et_pb_text _builder_version=&#8221;4.16&#8243; global_colors_info=&#8221;{}&#8221;]<\/p>\n<p><span class=\"s1\">\u00a0 Kauhava H\u00e4rm\u00e4t Rotaryklubi<\/span><span class=\"s2\"> on aktiivinen ja nuorekas Kauhavan alueella vaikuttava<\/span><span class=\"s1\"> rotaryklubi<\/span><span class=\"s2\">. Kokoonnumme <\/span><span class=\"s1\">joka toinen keskiviikko<\/span><span class=\"s2\"> tapaamaan toisiamme, kuulemaan kiinnostavia esitelmi\u00e4 ja edist\u00e4m\u00e4\u00e4n hyv\u00e4\u00e4 omalla paikkakunnallamme. Hyvin usein teemme vierailuja yrityksiin ja muihin mielenkiintoisiin kohteisiin. Tuemme<span class=\"Apple-converted-space\">\u00a0 <\/span>kansainv\u00e4lisen Rotaryj\u00e4rjest\u00f6n humanitaarisia projekteja, osallistumme nuorisovaihtoon ja edist\u00e4mme l\u00e4hiseudun hyvinvointia. Mottomme on alusta l\u00e4htien ollut: <strong>Tehd\u00e4\u00e4n hyv\u00e4\u00e4 hyv\u00e4ss\u00e4 seurassa!<\/strong><br \/><\/span><\/p>\n<p>Klubimme on perustettu 19.2.2011. Kummiklubimme on Kauhavan Rotaryklubi. Klubissamme on 15 j\u00e4sent\u00e4. Olemme osa piiri\u00e4 1385.<\/p>\n<p>\u00a0Harrastus, jolla on tarkoitus<\/p>\n<p>Olemme perustamisestamme l\u00e4htien halunneet kehitt\u00e4\u00e4 my\u00f6s omia projekteja, joilla edist\u00e4mme paikkakunnan ihmisten hyvinvointia.<\/p>\n<p>Aivan klubimme alkuvuosina j\u00e4rjestimme <strong>Tsemppiryhm\u00e4n<\/strong>, johon\u00a0koottiin, kouluterveydenhoitajan kutsumana, 3\u20136 -luokkalaisia, mahdollisesti syrj\u00e4ytymisvaarassa olevia ylih\u00e4rm\u00e4l\u00e4islapsia. Ryhm\u00e4ss\u00e4 pidettiin hauskaa liikkumalla ja touhaamalla, tutustuttiin erilaisiin harrastusvaihtoehtoihin, kokattiin terveellist\u00e4 ruokaa, ts. tehtiin yhdess\u00e4 asioita ja tsempattiin itse\u00e4 ja toisia ryhm\u00e4l\u00e4isi\u00e4 aktiiviseen el\u00e4m\u00e4ntapaan. Ryhm\u00e4\u00e4n koottiin syksyisin uudet j\u00e4senet. Tsemppitoiminta jatkui 3-4 vuotta aktiivisesti ja varojen ker\u00e4\u00e4miseksi klubi j\u00e4rjesti mm. <strong>Tsemppilenkki<\/strong>-juoksutapahtuman ja <strong>Tsemppi Bike Tour<\/strong> -py\u00f6r\u00e4ilytapahtuman, joihin haastettiin yrityksi\u00e4, yhdistyksi\u00e4 ja yksityisi\u00e4.<\/p>\n<p>Vuosina 2017-19\u00a0 j\u00e4rjestimme kev\u00e4isin <strong>MPEAK<\/strong>-tapahtuman Kauhavan lentokent\u00e4n alueella (MPEAK = <strong>moottoripy\u00f6r\u00e4ilij\u00e4n ennakoivan ajon koulutus<\/strong>). Koulutus on tarkoitettu ja tarpeellinen kaikille moottoripy\u00f6r\u00e4n ajoluvan omaaville motoristeille riippumatta henkil\u00f6n ajokokemuksesta ja taidoista. Sis\u00e4lt\u00f6 perustuu Liikenneturvan materiaaleihin ja harjoituksiin sis\u00e4lt\u00e4en sek\u00e4 teoriaa ett\u00e4 runsaasti ajoharjoitteita. Kurssiohjelman ovat laatineet ja koulutuksesta vastaavat kokeneet MPEAK-kouluttajat. Kurssille osallistui nelisenkymment\u00e4 motoristia.<em> Olemme pohtineet, ett\u00e4 mik\u00e4li t\u00e4m\u00e4n kurssin j\u00e4rjest\u00e4m\u00e4ll\u00e4 autamme est\u00e4m\u00e4\u00e4n yhdenkin vakavan onnettomuuden tai s\u00e4\u00e4st\u00e4m\u00e4\u00e4n yhdenkin hengen, se on maksanut itsens\u00e4 moninkertaisesti takaisin.<\/em><\/p>\n<p>Syksyll\u00e4 2020 k\u00e4ynnistimme <strong>MIN\u00c4 EN KIUSAA -kampanjan<\/strong>. Heti aluksi suunnittelimme ja painatimme kampanjalle T-paidan, jonka myynnist\u00e4 saatava tuotto menee kiusaamisen ehk\u00e4isemiseen. Kampanjaan haastetaan mukaan yksityisi\u00e4, yrityksi\u00e4 ja yhteis\u00f6j\u00e4 sek\u00e4 hankitaan yhteisty\u00f6kumppaneita. Vuonna 2023 tiivistimme yhteisty\u00f6t\u00e4 l\u00e4hiklubien kanssa, ja nyt mukana ovat my\u00f6s Kauhavan rk, Lapuan rk ja Lapua Kiviristin rk. Vuosina 2024 ja 2025 saimme merkitt\u00e4vi\u00e4 lahjoituksia, joiden turvin jatkamme yhteisty\u00f6t\u00e4 Mannerheimin Lastensuojeluliiton kanssa. MLL j\u00e4rjest\u00e4\u00e4 tukemme turvin tukioppilaskoulutusta Lapuan ja Kauhavan alueen yl\u00e4asteilla sek\u00e4 my\u00f6s alakouluissa sen mukaan, mit\u00e4 koulujen kanssa sovitaan ja mitk\u00e4 heid\u00e4n tarpeensa ovat. <span style=\"font-size: 16px;background-color: #ffffff;font-weight: bold\">Kampanja siis jatkuu ja voi hyvin<\/span><span style=\"font-size: 16px;background-color: #ffffff\">.<\/span><\/p>\n<p>Pid\u00e4mme arvossa kansainv\u00e4lisen Rotary Internationalin ponnisteluja ja j\u00e4rjest\u00f6n arvokasta ty\u00f6t\u00e4 muun muassa<strong> polion h\u00e4vitt\u00e4miseksi maapallolta<\/strong>. Pelk\u00e4st\u00e4\u00e4n t\u00e4h\u00e4n ty\u00f6h\u00f6n Rotary on suunnannut runsaasti vapaaehtoisvoimaa sek\u00e4 yli 1,2 miljardia US-dollaria. Klubimme osallistuu my\u00f6s t\u00e4h\u00e4n ty\u00f6h\u00f6n vuosittain.<\/p>\n<p>&nbsp;<\/p>\n<h4>Vaikuttava kansainv\u00e4linen verkosto<\/h4>\n<p>Rotary on Chicagossa 23.2.1905 perustettu kansainv\u00e4linen palvelu- ja hyv\u00e4ntekev\u00e4isyysorganisaatio. Rotary Internationalin kotipaikka on Evanston, USA:n osavaltiossa Illinoisissa. Tunnuslauseemme on <strong>Palvelu itsekkyyden edelle (Service Above Self)<\/strong>.<\/p>\n<p>Rotaryyn kuuluu 1,2 miljoona j\u00e4sent\u00e4 35 000 klubissa yli 200 maassa. Rotary on merkitt\u00e4v\u00e4 kansainv\u00e4linen palvelu- ja hyv\u00e4ntekev\u00e4isyysj\u00e4rjest\u00f6. Suomi on jaettu kuuteen rotarypiiriin, joista yhteen kuuluvat my\u00f6s Viron klubit. Suomessa ja Virossa on yhteens\u00e4 300 klubia, joissa runsaat 10\u00a0000 rotaria.<\/p>\n<p>[\/et_pb_text][\/et_pb_column_inner][\/et_pb_row_inner][\/et_pb_column][et_pb_column type=&#8221;1_3&#8243; _builder_version=&#8221;4.16&#8243; custom_padding=&#8221;|||&#8221; global_colors_info=&#8221;{}&#8221; custom_padding__hover=&#8221;|||&#8221;][et_pb_sidebar area=&#8221;sidebar-1&#8243; module_class=&#8221;sivupalkki_sisalto&#8221; _builder_version=&#8221;4.16&#8243; locked=&#8221;on&#8221; global_colors_info=&#8221;{}&#8221;]<br \/>\n[\/et_pb_sidebar][\/et_pb_column][\/et_pb_section]<\/p>\n","protected":false},"excerpt":{"rendered":"<p>Keit\u00e4 olemme Keit\u00e4 olemme \u00a0 Kauhava H\u00e4rm\u00e4t Rotaryklubi on aktiivinen ja nuorekas Kauhavan alueella vaikuttava rotaryklubi. Kokoonnumme joka toinen keskiviikko tapaamaan toisiamme, kuulemaan kiinnostavia esitelmi\u00e4 ja edist\u00e4m\u00e4\u00e4n hyv\u00e4\u00e4 omalla paikkakunnallamme. Hyvin usein teemme vierailuja yrityksiin ja muihin mielenkiintoisiin kohteisiin. Tuemme\u00a0 kansainv\u00e4lisen Rotaryj\u00e4rjest\u00f6n humanitaarisia projekteja, osallistumme nuorisovaihtoon ja edist\u00e4mme l\u00e4hiseudun hyvinvointia. Mottomme on alusta l\u00e4htien ollut: [&hellip;]<\/p>\n","protected":false},"author":1,"featured_media":0,"parent":0,"menu_order":0,"comment_status":"closed","ping_status":"closed","template":"","meta":{"_acf_changed":false,"_et_pb_use_builder":"on","_et_pb_old_content":"","_et_gb_content_width":"","footnotes":""},"class_list":["post-129","page","type-page","status-publish","hentry"],"acf":[],"yoast_head":"<!-- This site is optimized with the Yoast SEO plugin v27.4 - https:\/\/yoast.com\/product\/yoast-seo-wordpress\/ -->\n<title>Keit\u00e4 olemme - Kauhava H\u00e4rm\u00e4t Rotaryklubi<\/title>\n<meta name=\"robots\" content=\"index, follow, max-snippet:-1, max-image-preview:large, max-video-preview:-1\" \/>\n<link rel=\"canonical\" href=\"https:\/\/rotary.fi\/kauhavaharmat\/keita-olemme\/\" \/>\n<meta property=\"og:locale\" content=\"fi_FI\" \/>\n<meta property=\"og:type\" content=\"article\" \/>\n<meta property=\"og:title\" content=\"Keit\u00e4 olemme - Kauhava H\u00e4rm\u00e4t Rotaryklubi\" \/>\n<meta property=\"og:description\" content=\"Keit\u00e4 olemme Keit\u00e4 olemme \u00a0 Kauhava H\u00e4rm\u00e4t Rotaryklubi on aktiivinen ja nuorekas Kauhavan alueella vaikuttava rotaryklubi. Kokoonnumme joka toinen keskiviikko tapaamaan toisiamme, kuulemaan kiinnostavia esitelmi\u00e4 ja edist\u00e4m\u00e4\u00e4n hyv\u00e4\u00e4 omalla paikkakunnallamme. Hyvin usein teemme vierailuja yrityksiin ja muihin mielenkiintoisiin kohteisiin. Tuemme\u00a0 kansainv\u00e4lisen Rotaryj\u00e4rjest\u00f6n humanitaarisia projekteja, osallistumme nuorisovaihtoon ja edist\u00e4mme l\u00e4hiseudun hyvinvointia. Mottomme on alusta l\u00e4htien ollut: [&hellip;]\" \/>\n<meta property=\"og:url\" content=\"https:\/\/rotary.fi\/kauhavaharmat\/keita-olemme\/\" \/>\n<meta property=\"og:site_name\" content=\"Kauhava H\u00e4rm\u00e4t Rotaryklubi\" \/>\n<meta property=\"article:modified_time\" content=\"2026-02-27T08:50:26+00:00\" \/>\n<meta name=\"twitter:card\" content=\"summary_large_image\" \/>\n<meta name=\"twitter:label1\" content=\"Arvioitu lukuaika\" \/>\n\t<meta name=\"twitter:data1\" content=\"4 minuuttia\" \/>\n<script type=\"application\/ld+json\" class=\"yoast-schema-graph\">{\"@context\":\"https:\\\/\\\/schema.org\",\"@graph\":[{\"@type\":\"WebPage\",\"@id\":\"https:\\\/\\\/rotary.fi\\\/kauhavaharmat\\\/keita-olemme\\\/\",\"url\":\"https:\\\/\\\/rotary.fi\\\/kauhavaharmat\\\/keita-olemme\\\/\",\"name\":\"Keit\u00e4 olemme - Kauhava H\u00e4rm\u00e4t Rotaryklubi\",\"isPartOf\":{\"@id\":\"https:\\\/\\\/rotary.fi\\\/kauhavaharmat\\\/#website\"},\"datePublished\":\"2018-08-10T10:41:39+00:00\",\"dateModified\":\"2026-02-27T08:50:26+00:00\",\"breadcrumb\":{\"@id\":\"https:\\\/\\\/rotary.fi\\\/kauhavaharmat\\\/keita-olemme\\\/#breadcrumb\"},\"inLanguage\":\"fi\",\"potentialAction\":[{\"@type\":\"ReadAction\",\"target\":[\"https:\\\/\\\/rotary.fi\\\/kauhavaharmat\\\/keita-olemme\\\/\"]}]},{\"@type\":\"BreadcrumbList\",\"@id\":\"https:\\\/\\\/rotary.fi\\\/kauhavaharmat\\\/keita-olemme\\\/#breadcrumb\",\"itemListElement\":[{\"@type\":\"ListItem\",\"position\":1,\"name\":\"Home\",\"item\":\"https:\\\/\\\/rotary.fi\\\/kauhavaharmat\\\/\"},{\"@type\":\"ListItem\",\"position\":2,\"name\":\"Keit\u00e4 olemme\"}]},{\"@type\":\"WebSite\",\"@id\":\"https:\\\/\\\/rotary.fi\\\/kauhavaharmat\\\/#website\",\"url\":\"https:\\\/\\\/rotary.fi\\\/kauhavaharmat\\\/\",\"name\":\"Kauhava H\u00e4rm\u00e4t Rotaryklubi\",\"description\":\"Uusi Rotary klubisivusto\",\"potentialAction\":[{\"@type\":\"SearchAction\",\"target\":{\"@type\":\"EntryPoint\",\"urlTemplate\":\"https:\\\/\\\/rotary.fi\\\/kauhavaharmat\\\/?s={search_term_string}\"},\"query-input\":{\"@type\":\"PropertyValueSpecification\",\"valueRequired\":true,\"valueName\":\"search_term_string\"}}],\"inLanguage\":\"fi\"}]}<\/script>\n<!-- \/ Yoast SEO plugin. -->","yoast_head_json":{"title":"Keit\u00e4 olemme - Kauhava H\u00e4rm\u00e4t Rotaryklubi","robots":{"index":"index","follow":"follow","max-snippet":"max-snippet:-1","max-image-preview":"max-image-preview:large","max-video-preview":"max-video-preview:-1"},"canonical":"https:\/\/rotary.fi\/kauhavaharmat\/keita-olemme\/","og_locale":"fi_FI","og_type":"article","og_title":"Keit\u00e4 olemme - Kauhava H\u00e4rm\u00e4t Rotaryklubi","og_description":"Keit\u00e4 olemme Keit\u00e4 olemme \u00a0 Kauhava H\u00e4rm\u00e4t Rotaryklubi on aktiivinen ja nuorekas Kauhavan alueella vaikuttava rotaryklubi. Kokoonnumme joka toinen keskiviikko tapaamaan toisiamme, kuulemaan kiinnostavia esitelmi\u00e4 ja edist\u00e4m\u00e4\u00e4n hyv\u00e4\u00e4 omalla paikkakunnallamme. Hyvin usein teemme vierailuja yrityksiin ja muihin mielenkiintoisiin kohteisiin. Tuemme\u00a0 kansainv\u00e4lisen Rotaryj\u00e4rjest\u00f6n humanitaarisia projekteja, osallistumme nuorisovaihtoon ja edist\u00e4mme l\u00e4hiseudun hyvinvointia. Mottomme on alusta l\u00e4htien ollut: [&hellip;]","og_url":"https:\/\/rotary.fi\/kauhavaharmat\/keita-olemme\/","og_site_name":"Kauhava H\u00e4rm\u00e4t Rotaryklubi","article_modified_time":"2026-02-27T08:50:26+00:00","twitter_card":"summary_large_image","twitter_misc":{"Arvioitu lukuaika":"4 minuuttia"},"schema":{"@context":"https:\/\/schema.org","@graph":[{"@type":"WebPage","@id":"https:\/\/rotary.fi\/kauhavaharmat\/keita-olemme\/","url":"https:\/\/rotary.fi\/kauhavaharmat\/keita-olemme\/","name":"Keit\u00e4 olemme - Kauhava H\u00e4rm\u00e4t Rotaryklubi","isPartOf":{"@id":"https:\/\/rotary.fi\/kauhavaharmat\/#website"},"datePublished":"2018-08-10T10:41:39+00:00","dateModified":"2026-02-27T08:50:26+00:00","breadcrumb":{"@id":"https:\/\/rotary.fi\/kauhavaharmat\/keita-olemme\/#breadcrumb"},"inLanguage":"fi","potentialAction":[{"@type":"ReadAction","target":["https:\/\/rotary.fi\/kauhavaharmat\/keita-olemme\/"]}]},{"@type":"BreadcrumbList","@id":"https:\/\/rotary.fi\/kauhavaharmat\/keita-olemme\/#breadcrumb","itemListElement":[{"@type":"ListItem","position":1,"name":"Home","item":"https:\/\/rotary.fi\/kauhavaharmat\/"},{"@type":"ListItem","position":2,"name":"Keit\u00e4 olemme"}]},{"@type":"WebSite","@id":"https:\/\/rotary.fi\/kauhavaharmat\/#website","url":"https:\/\/rotary.fi\/kauhavaharmat\/","name":"Kauhava H\u00e4rm\u00e4t Rotaryklubi","description":"Uusi Rotary klubisivusto","potentialAction":[{"@type":"SearchAction","target":{"@type":"EntryPoint","urlTemplate":"https:\/\/rotary.fi\/kauhavaharmat\/?s={search_term_string}"},"query-input":{"@type":"PropertyValueSpecification","valueRequired":true,"valueName":"search_term_string"}}],"inLanguage":"fi"}]}},"lang":"fi","translations":{"fi":129},"pll_sync_post":[],"_links":{"self":[{"href":"https:\/\/rotary.fi\/kauhavaharmat\/wp-json\/wp\/v2\/pages\/129","targetHints":{"allow":["GET"]}}],"collection":[{"href":"https:\/\/rotary.fi\/kauhavaharmat\/wp-json\/wp\/v2\/pages"}],"about":[{"href":"https:\/\/rotary.fi\/kauhavaharmat\/wp-json\/wp\/v2\/types\/page"}],"author":[{"embeddable":true,"href":"https:\/\/rotary.fi\/kauhavaharmat\/wp-json\/wp\/v2\/users\/1"}],"replies":[{"embeddable":true,"href":"https:\/\/rotary.fi\/kauhavaharmat\/wp-json\/wp\/v2\/comments?post=129"}],"version-history":[{"count":10,"href":"https:\/\/rotary.fi\/kauhavaharmat\/wp-json\/wp\/v2\/pages\/129\/revisions"}],"predecessor-version":[{"id":2708,"href":"https:\/\/rotary.fi\/kauhavaharmat\/wp-json\/wp\/v2\/pages\/129\/revisions\/2708"}],"wp:attachment":[{"href":"https:\/\/rotary.fi\/kauhavaharmat\/wp-json\/wp\/v2\/media?parent=129"}],"curies":[{"name":"wp","href":"https:\/\/api.w.org\/{rel}","templated":true}]}}