{"id":2740,"date":"2021-11-18T12:45:36","date_gmt":"2021-11-18T10:45:36","guid":{"rendered":"https:\/\/rotary.fi\/kauhajoki\/?page_id=2740"},"modified":"2021-12-18T10:34:53","modified_gmt":"2021-12-18T08:34:53","slug":"gaala21","status":"publish","type":"page","link":"https:\/\/rotary.fi\/kauhajoki\/gaala21\/","title":{"rendered":"Itsen\u00e4isyysp\u00e4iv\u00e4n Gaala 6.12.2021"},"content":{"rendered":"<p>[et_pb_section fb_built=&#8221;1&#8243; admin_label=&#8221;Hero Section&#8221; _builder_version=&#8221;4.9.10&#8243; use_background_color_gradient=&#8221;on&#8221; background_color_gradient_start=&#8221;rgba(244,240,233,0.9)&#8221; background_color_gradient_end=&#8221;rgba(244,240,233,0)&#8221; background_color_gradient_direction=&#8221;90deg&#8221; background_color_gradient_start_position=&#8221;30%&#8221; background_color_gradient_overlays_image=&#8221;on&#8221; background_image=&#8221;https:\/\/rotary.fi\/kauhajoki\/wp-content\/uploads\/sites\/79\/2021\/11\/gaala21-kansikuva-3a.jpeg&#8221; parallax=&#8221;on&#8221; custom_margin=&#8221;|||&#8221; custom_padding=&#8221;119px|0px|119px|0px&#8221; global_colors_info=&#8221;{}&#8221;][et_pb_row custom_padding_last_edited=&#8221;off|desktop&#8221; admin_label=&#8221;Hero Area&#8221; _builder_version=&#8221;4.1&#8243; custom_padding=&#8221;27px|0px|0px|0px&#8221; global_colors_info=&#8221;{}&#8221;][et_pb_column type=&#8221;4_4&#8243; _builder_version=&#8221;3.25&#8243; custom_padding=&#8221;|||&#8221; global_colors_info=&#8221;{}&#8221; custom_padding__hover=&#8221;|||&#8221;][et_pb_text admin_label=&#8221;Hero Title&#8221; _builder_version=&#8221;4.14.2&#8243; text_font=&#8221;Playfair Display||||||||&#8221; header_font=&#8221;Alice||||||||&#8221; header_font_size=&#8221;80px&#8221; header_letter_spacing=&#8221;-3px&#8221; header_line_height=&#8221;1.1em&#8221; custom_margin=&#8221;||0px|&#8221; custom_padding=&#8221;|||&#8221; animation_style=&#8221;slide&#8221; animation_direction=&#8221;left&#8221; animation_intensity_slide=&#8221;5%&#8221; animation_starting_opacity=&#8221;100%&#8221; hover_enabled=&#8221;0&#8243; text_font_size_last_edited=&#8221;off|desktop&#8221; header_font_size_tablet=&#8221;&#8221; header_font_size_phone=&#8221;60px&#8221; header_font_size_last_edited=&#8221;on|phone&#8221; global_colors_info=&#8221;{}&#8221; sticky_enabled=&#8221;0&#8243;]<\/p>\n<h1 style=\"text-align: center\"><a href=\"https:\/\/sites.google.com\/rotarykauhajoki.net\/gaala\" target=\"_blank\" rel=\"noopener\"><span style=\"color: #ffff00\">Itsen\u00e4isyysp\u00e4iv\u00e4n Gaala 6.12.2021<\/span><\/a><\/h1>\n<h3 style=\"text-align: center\"><span style=\"color: #ff00ff\"><a href=\"https:\/\/sites.google.com\/rotarykauhajoki.net\/gaala\" target=\"_blank\" rel=\"noopener\" style=\"color: #ff00ff\">Katso Gaalan sivusto t\u00e4st\u00e4!<\/a><\/span><\/h3>\n<p>[\/et_pb_text][et_pb_text _builder_version=&#8221;4.14.2&#8243; text_font=&#8221;||||||||&#8221; text_font_size=&#8221;18px&#8221; text_line_height=&#8221;1.8em&#8221; header_font=&#8221;||||||||&#8221; max_width=&#8221;921px&#8221; custom_margin=&#8221;|||&#8221; custom_padding=&#8221;|0px|10px|||&#8221; animation_style=&#8221;slide&#8221; animation_direction=&#8221;left&#8221; animation_intensity_slide=&#8221;5%&#8221; animation_starting_opacity=&#8221;100%&#8221; hover_enabled=&#8221;0&#8243; global_colors_info=&#8221;{}&#8221; sticky_enabled=&#8221;0&#8243;]<\/p>\n<h3 style=\"text-align: center\"><span style=\"color: #00ffff\">KAUHAJOKISEN NUORISON HYV\u00c4KSI!<\/span><\/h3>\n<h3 style=\"text-align: center\"><span style=\"color: #00ffff\">Kauhajoen Yhteiskoulun Liikuntasaliin rakennetulla<\/span><\/h3>\n<h3 style=\"text-align: center\"><span style=\"color: #00ffff\"><strong>GAALA-AREENALLA<\/strong>\u00a0(Pr\u00e4nn\u00e4rintie 4)<\/span><\/h3>\n<h4 style=\"text-align: center\"><a href=\"https:\/\/ROTARY.FI\/KAUHAJOKI\/GAALA20\" target=\"_blank\" rel=\"noopener\"><span style=\"color: #00ffff\">KATSO MY\u00d6S EDELLISEN GAALAN 14.2.2020 SIVUT<\/span><\/a><\/h4>\n<p>[\/et_pb_text][\/et_pb_column][\/et_pb_row][\/et_pb_section][et_pb_section fb_built=&#8221;1&#8243; admin_label=&#8221;About Us Section&#8221; _builder_version=&#8221;4.1&#8243; custom_padding=&#8221;110px||0px|&#8221; global_colors_info=&#8221;{}&#8221;][et_pb_row admin_label=&#8221;About Us Area&#8221; _builder_version=&#8221;4.1&#8243; custom_margin=&#8221;|||&#8221; custom_padding=&#8221;27px|0px|0px|0px&#8221; global_colors_info=&#8221;{}&#8221;][et_pb_column type=&#8221;4_4&#8243; _builder_version=&#8221;3.25&#8243; custom_padding=&#8221;|||&#8221; global_colors_info=&#8221;{}&#8221; custom_padding__hover=&#8221;|||&#8221;][\/et_pb_column][\/et_pb_row][\/et_pb_section][et_pb_section fb_built=&#8221;1&#8243; _builder_version=&#8221;4.1&#8243; global_colors_info=&#8221;{}&#8221;][\/et_pb_section]<\/p>\n","protected":false},"excerpt":{"rendered":"<p>Itsen\u00e4isyysp\u00e4iv\u00e4n Gaala 6.12.2021 Katso Gaalan sivusto t\u00e4st\u00e4!KAUHAJOKISEN NUORISON HYV\u00c4KSI! Kauhajoen Yhteiskoulun Liikuntasaliin rakennetulla GAALA-AREENALLA\u00a0(Pr\u00e4nn\u00e4rintie 4) KATSO MY\u00d6S EDELLISEN GAALAN 14.2.2020 SIVUT<\/p>\n","protected":false},"author":90,"featured_media":0,"parent":0,"menu_order":0,"comment_status":"closed","ping_status":"closed","template":"","meta":{"_acf_changed":false,"_et_pb_use_builder":"on","_et_pb_old_content":"<a href=\"https:\/\/docs.google.com\/document\/d\/1bRnBOMNhp2d5ZiR9nABtBs6i4jojvq0UU8XXLo3UHQk\/edit#\" target=\"_blank\" rel=\"noopener noreferrer\"><img class=\"size-medium wp-image-1914 alignright\" src=\"https:\/\/rotary.fi\/kauhajoki\/wp-content\/uploads\/sites\/79\/2020\/01\/gaala-14-2-2020-300x225.jpeg\" alt=\"\" width=\"300\" height=\"225\" \/><\/a>Yst\u00e4v\u00e4np\u00e4iv\u00e4n Gaala-ilta 14.2.2020\r\n\r\n--> JULKAISEMATONTA TIETOA\r\n\r\n--> Mist\u00e4 on kysymys, k\u00e4siohjelma, p\u00f6yt\u00e4paikat, ym.\r\n\r\n--> KATSO<a href=\"https:\/\/docs.google.com\/document\/d\/1bRnBOMNhp2d5ZiR9nABtBs6i4jojvq0UU8XXLo3UHQk\/edit#\" target=\"_blank\" rel=\"noopener noreferrer\"> Yst\u00e4v\u00e4np\u00e4iv\u00e4n GAALA-ILTA Areenalla<\/a>\r\n\r\n\u00a0","_et_gb_content_width":"","footnotes":""},"class_list":["post-2740","page","type-page","status-publish","hentry"],"acf":[],"yoast_head":"<!-- This site is optimized with the Yoast SEO plugin v27.0 - https:\/\/yoast.com\/product\/yoast-seo-wordpress\/ -->\n<title>Itsen\u00e4isyysp\u00e4iv\u00e4n Gaala 6.12.2021 - Kauhajoen Rotaryklubi ry<\/title>\n<meta name=\"robots\" content=\"index, follow, max-snippet:-1, max-image-preview:large, max-video-preview:-1\" \/>\n<link rel=\"canonical\" href=\"https:\/\/rotary.fi\/kauhajoki\/gaala21\/\" \/>\n<meta property=\"og:locale\" content=\"fi_FI\" \/>\n<meta property=\"og:type\" content=\"article\" \/>\n<meta property=\"og:title\" content=\"Itsen\u00e4isyysp\u00e4iv\u00e4n Gaala 6.12.2021 - Kauhajoen Rotaryklubi ry\" \/>\n<meta property=\"og:description\" content=\"Itsen\u00e4isyysp\u00e4iv\u00e4n Gaala 6.12.2021 Katso Gaalan sivusto t\u00e4st\u00e4!KAUHAJOKISEN NUORISON HYV\u00c4KSI! Kauhajoen Yhteiskoulun Liikuntasaliin rakennetulla GAALA-AREENALLA\u00a0(Pr\u00e4nn\u00e4rintie 4) KATSO MY\u00d6S EDELLISEN GAALAN 14.2.2020 SIVUT\" \/>\n<meta property=\"og:url\" content=\"https:\/\/rotary.fi\/kauhajoki\/gaala21\/\" \/>\n<meta property=\"og:site_name\" content=\"Kauhajoen Rotaryklubi ry\" \/>\n<meta property=\"article:modified_time\" content=\"2021-12-18T08:34:53+00:00\" \/>\n<meta name=\"twitter:card\" content=\"summary_large_image\" \/>\n<meta name=\"twitter:label1\" content=\"Arvioitu lukuaika\" \/>\n\t<meta name=\"twitter:data1\" content=\"2 minuuttia\" \/>\n<script type=\"application\/ld+json\" class=\"yoast-schema-graph\">{\"@context\":\"https:\/\/schema.org\",\"@graph\":[{\"@type\":\"WebPage\",\"@id\":\"https:\/\/rotary.fi\/kauhajoki\/gaala21\/\",\"url\":\"https:\/\/rotary.fi\/kauhajoki\/gaala21\/\",\"name\":\"Itsen\u00e4isyysp\u00e4iv\u00e4n Gaala 6.12.2021 - Kauhajoen Rotaryklubi ry\",\"isPartOf\":{\"@id\":\"https:\/\/rotary.fi\/kauhajoki\/#website\"},\"datePublished\":\"2021-11-18T10:45:36+00:00\",\"dateModified\":\"2021-12-18T08:34:53+00:00\",\"breadcrumb\":{\"@id\":\"https:\/\/rotary.fi\/kauhajoki\/gaala21\/#breadcrumb\"},\"inLanguage\":\"fi\",\"potentialAction\":[{\"@type\":\"ReadAction\",\"target\":[\"https:\/\/rotary.fi\/kauhajoki\/gaala21\/\"]}]},{\"@type\":\"BreadcrumbList\",\"@id\":\"https:\/\/rotary.fi\/kauhajoki\/gaala21\/#breadcrumb\",\"itemListElement\":[{\"@type\":\"ListItem\",\"position\":1,\"name\":\"Home\",\"item\":\"https:\/\/rotary.fi\/kauhajoki\/\"},{\"@type\":\"ListItem\",\"position\":2,\"name\":\"Itsen\u00e4isyysp\u00e4iv\u00e4n Gaala 6.12.2021\"}]},{\"@type\":\"WebSite\",\"@id\":\"https:\/\/rotary.fi\/kauhajoki\/#website\",\"url\":\"https:\/\/rotary.fi\/kauhajoki\/\",\"name\":\"Kauhajoen Rotaryklubi ry\",\"description\":\"Uusi Rotary klubisivusto\",\"potentialAction\":[{\"@type\":\"SearchAction\",\"target\":{\"@type\":\"EntryPoint\",\"urlTemplate\":\"https:\/\/rotary.fi\/kauhajoki\/?s={search_term_string}\"},\"query-input\":{\"@type\":\"PropertyValueSpecification\",\"valueRequired\":true,\"valueName\":\"search_term_string\"}}],\"inLanguage\":\"fi\"}]}<\/script>\n<!-- \/ Yoast SEO plugin. -->","yoast_head_json":{"title":"Itsen\u00e4isyysp\u00e4iv\u00e4n Gaala 6.12.2021 - Kauhajoen Rotaryklubi ry","robots":{"index":"index","follow":"follow","max-snippet":"max-snippet:-1","max-image-preview":"max-image-preview:large","max-video-preview":"max-video-preview:-1"},"canonical":"https:\/\/rotary.fi\/kauhajoki\/gaala21\/","og_locale":"fi_FI","og_type":"article","og_title":"Itsen\u00e4isyysp\u00e4iv\u00e4n Gaala 6.12.2021 - Kauhajoen Rotaryklubi ry","og_description":"Itsen\u00e4isyysp\u00e4iv\u00e4n Gaala 6.12.2021 Katso Gaalan sivusto t\u00e4st\u00e4!KAUHAJOKISEN NUORISON HYV\u00c4KSI! Kauhajoen Yhteiskoulun Liikuntasaliin rakennetulla GAALA-AREENALLA\u00a0(Pr\u00e4nn\u00e4rintie 4) KATSO MY\u00d6S EDELLISEN GAALAN 14.2.2020 SIVUT","og_url":"https:\/\/rotary.fi\/kauhajoki\/gaala21\/","og_site_name":"Kauhajoen Rotaryklubi ry","article_modified_time":"2021-12-18T08:34:53+00:00","twitter_card":"summary_large_image","twitter_misc":{"Arvioitu lukuaika":"2 minuuttia"},"schema":{"@context":"https:\/\/schema.org","@graph":[{"@type":"WebPage","@id":"https:\/\/rotary.fi\/kauhajoki\/gaala21\/","url":"https:\/\/rotary.fi\/kauhajoki\/gaala21\/","name":"Itsen\u00e4isyysp\u00e4iv\u00e4n Gaala 6.12.2021 - Kauhajoen Rotaryklubi ry","isPartOf":{"@id":"https:\/\/rotary.fi\/kauhajoki\/#website"},"datePublished":"2021-11-18T10:45:36+00:00","dateModified":"2021-12-18T08:34:53+00:00","breadcrumb":{"@id":"https:\/\/rotary.fi\/kauhajoki\/gaala21\/#breadcrumb"},"inLanguage":"fi","potentialAction":[{"@type":"ReadAction","target":["https:\/\/rotary.fi\/kauhajoki\/gaala21\/"]}]},{"@type":"BreadcrumbList","@id":"https:\/\/rotary.fi\/kauhajoki\/gaala21\/#breadcrumb","itemListElement":[{"@type":"ListItem","position":1,"name":"Home","item":"https:\/\/rotary.fi\/kauhajoki\/"},{"@type":"ListItem","position":2,"name":"Itsen\u00e4isyysp\u00e4iv\u00e4n Gaala 6.12.2021"}]},{"@type":"WebSite","@id":"https:\/\/rotary.fi\/kauhajoki\/#website","url":"https:\/\/rotary.fi\/kauhajoki\/","name":"Kauhajoen Rotaryklubi ry","description":"Uusi Rotary klubisivusto","potentialAction":[{"@type":"SearchAction","target":{"@type":"EntryPoint","urlTemplate":"https:\/\/rotary.fi\/kauhajoki\/?s={search_term_string}"},"query-input":{"@type":"PropertyValueSpecification","valueRequired":true,"valueName":"search_term_string"}}],"inLanguage":"fi"}]}},"lang":"fi","translations":{"fi":2740},"pll_sync_post":[],"_links":{"self":[{"href":"https:\/\/rotary.fi\/kauhajoki\/wp-json\/wp\/v2\/pages\/2740","targetHints":{"allow":["GET"]}}],"collection":[{"href":"https:\/\/rotary.fi\/kauhajoki\/wp-json\/wp\/v2\/pages"}],"about":[{"href":"https:\/\/rotary.fi\/kauhajoki\/wp-json\/wp\/v2\/types\/page"}],"author":[{"embeddable":true,"href":"https:\/\/rotary.fi\/kauhajoki\/wp-json\/wp\/v2\/users\/90"}],"replies":[{"embeddable":true,"href":"https:\/\/rotary.fi\/kauhajoki\/wp-json\/wp\/v2\/comments?post=2740"}],"version-history":[{"count":10,"href":"https:\/\/rotary.fi\/kauhajoki\/wp-json\/wp\/v2\/pages\/2740\/revisions"}],"predecessor-version":[{"id":2841,"href":"https:\/\/rotary.fi\/kauhajoki\/wp-json\/wp\/v2\/pages\/2740\/revisions\/2841"}],"wp:attachment":[{"href":"https:\/\/rotary.fi\/kauhajoki\/wp-json\/wp\/v2\/media?parent=2740"}],"curies":[{"name":"wp","href":"https:\/\/api.w.org\/{rel}","templated":true}]}}