{"id":273,"date":"2018-10-24T11:32:22","date_gmt":"2018-10-24T08:32:22","guid":{"rendered":"https:\/\/rotary.fi\/kauhajoki\/?page_id=273"},"modified":"2025-07-29T12:43:43","modified_gmt":"2025-07-29T09:43:43","slug":"olemme-osa-piiria-1385","status":"publish","type":"page","link":"https:\/\/rotary.fi\/kauhajoki\/keita-olemme\/olemme-osa-piiria-1385\/","title":{"rendered":"Olemme osa piiri\u00e4 1385"},"content":{"rendered":"<p>[et_pb_section fb_built=&#8221;1&#8243; specialty=&#8221;on&#8221; module_class_2=&#8221;sivupalkki&#8221; _builder_version=&#8221;4.18.1&#8243; min_height=&#8221;1392px&#8221; custom_margin=&#8221;45px|||||&#8221; custom_padding=&#8221;0px|||||&#8221; global_colors_info=&#8221;{}&#8221;][et_pb_column type=&#8221;2_3&#8243; specialty_columns=&#8221;2&#8243; _builder_version=&#8221;4.16&#8243; custom_padding=&#8221;|||&#8221; global_colors_info=&#8221;{}&#8221; custom_padding__hover=&#8221;|||&#8221;][et_pb_row_inner admin_label=&#8221;Rivi&#8221; _builder_version=&#8221;4.21.0&#8243; custom_margin=&#8221;-48px|||||&#8221; custom_padding=&#8221;0px|||||&#8221; global_colors_info=&#8221;{}&#8221;][et_pb_column_inner saved_specialty_column_type=&#8221;2_3&#8243; _builder_version=&#8221;4.21.0&#8243; custom_padding=&#8221;|||&#8221; global_colors_info=&#8221;{}&#8221; custom_padding__hover=&#8221;|||&#8221;][et_pb_text admin_label=&#8221;Rotarypiirit &#8211; Otsikko&#8221; _builder_version=&#8221;4.21.0&#8243; text_orientation=&#8221;center&#8221; global_colors_info=&#8221;{}&#8221;]<\/p>\n<h1>Rotarypiirit ja organisaatio<\/h1>\n<p>[\/et_pb_text][et_pb_text _builder_version=&#8221;4.25.2&#8243; link_option_url_new_window=&#8221;on&#8221; global_colors_info=&#8221;{}&#8221;]<\/p>\n<p>Kauhajoen Rotaryklubi kuuluu Rotarypiiriin 1385 (District 1385, D 1385).<\/p>\n<p>Kauhajoen Rotaryklubin oma nettisivusto (verkkosivut, internet-sivusto) on osoitteessa:<\/p>\n<h2><strong><a href=\"https:\/\/sites.google.com\/rotarykauhajoki.net\/intra\/etusivu\">ROTARYKAUHAJOKI.NET<\/a><\/strong><\/h2>\n<p>&nbsp;<\/p>\n<p>Suomen ja Viron Rotaryklubit ja j\u00e4sentiedot ovat j\u00e4senille tarkoitetussa j\u00e4senrekisteriss\u00e4mme osoitteessa: <a href=\"https:\/\/rekisteri.rotary.fi\" target=\"_blank\" rel=\"noopener\">rekisteri.rotary.fi<\/a>\u00a0 J\u00e4sentietojen selailutunnuksen saa jokainen klubimme j\u00e4sen klubin sihteerilt\u00e4 tai tietotekniikkavastaavalta (<a href=\"https:\/\/sites.google.com\/panula.fi\/jaakko-panula\" target=\"_blank\" rel=\"noopener\">Jaakko.Panula.fi<\/a>).<\/p>\n<p>Piirimme internet-sivut ovat osoitteessa: <a href=\"https:\/\/www.Rotary.fi\/D1385\" target=\"_blank\" rel=\"noopener\">Rotary.fi\/D1385<\/a><\/p>\n<p>Piirin rotareiden sis\u00e4inen sivusto eli <strong>intranet<\/strong> on osoitteessa: <a href=\"https:\/\/www.rotaryd1385.org\" target=\"_blank\" rel=\"noopener\">www.rotaryd1385.org<\/a><\/p>\n<p>Suomessa on viisi rotarypiiri\u00e4: piirit 1385, 1390, 1410, 1420 ja 1430. Piiriin 1420 kuuluvat lis\u00e4ksi Viron Rotary- ja Rotaract-klubit. Jokaista piiri\u00e4 johtaa piirikuvern\u00f6\u00f6ri vuoden ajan. Piiriin 1385 kuuluu kuusi maakuntaa (Etel\u00e4-Pohjanmaa, Pohjanmaa, Keski-Pohjanmaa, Pohjois-Pohjanmaa, Kainuu ja Lappi). Piirit ovat Suomen ja Viron Rotarypalvelu ry:n j\u00e4seni\u00e4: <a href=\"https:\/\/Rotary.fi\" target=\"_blank\" rel=\"noopener\">Rotary.fi<\/a>. Suomen piirit kuuluvat Rotary International&#8217;in (RI) vy\u00f6hykkeeseen (zone) nro 17. Vy\u00f6hykkeill\u00e4 17 ja 18 on yhteinen edustaja RI:n hallituksessa: Rotary International Director RID Suzan Stenberg (Ruotsista) ja yhteiset nettisivut: <strong><a href=\"https:\/\/Rotaryzones17-18.org\" target=\"_blank\" rel=\"noopener\">Rotaryzones17-18.org<\/a><\/strong> (vy\u00f6hykkeiden 17-18 IT-vastaava on <a href=\"https:\/\/sites.google.com\/panula.fi\/jaakko-panula\" target=\"_blank\" rel=\"noopener\">JP<\/a>).<\/p>\n<p>Oman piirimme D1385 kuvern\u00f6\u00f6ri (District Governor, DG) toimintavuonna 1.7.2024 \u2013 30.6.2025 on<strong> Matias Granvik Sein\u00e4joelta.<\/strong><\/p>\n<p>Piirikuvern\u00f6\u00f6rin tukena toimivat piirineuvosto, komiteat ja toimikunnat sek\u00e4 piirin eri alueiden apulaiskuvern\u00f6\u00f6ri\u00e4 (&#8221;aluekuvern\u00f6\u00f6rit&#8221;, AG). Suupohjan alueen AG on Jarmo Kurikka Kurikasta. Klubit tekev\u00e4t ehdotukset kuvern\u00f6\u00f6reist\u00e4, ja piirin nime\u00e4miskomitea valitsee ehdokkaista sopivimmaksi katsomansa kuvern\u00f6\u00f6rin. Tuleva kuvern\u00f6\u00f6ri nimitet\u00e4\u00e4n Rotary Internationalin maailmankonferenssissa. <strong><em><span style=\"text-decoration: underline\"><a href=\"https:\/\/rotary.fi\/d1385\" target=\"_blank\" rel=\"noopener noreferrer\">Rotarypiirimme koko organisaatio on piirimme nettisivustolla t\u00e4st\u00e4 klikattavissa<\/a><\/span><\/em><\/strong>.<\/p>\n<p>Klubimme j\u00e4sen Jaakko Panula on Suomen ja Viron Rotarypalvelun ICT-tukipalvelussa, <a href=\"http:\/\/Rotaryzones17-18.org\" target=\"_blank\" rel=\"noopener\">Pohjois-Euroopan Rotaryvy\u00f6hykkeiden<\/a> webmaster ja Rotary Internationalin (RI) <a href=\"https:\/\/sites.google.com\/rotaryfinland.org\/col\" target=\"_blank\" rel=\"noopener\">s\u00e4\u00e4nt\u00f6valtuuskunnan eli COL-j\u00e4sen 2020-2026<\/a>.<\/p>\n<p>Piiri j\u00e4rjest\u00e4\u00e4 klubeille useita tapahtumia vuoden aikana. Niist\u00e4 t\u00e4rkein on tulevien klubipresidenttien ja klubivirkailijoiden koulutusseminaari (PETS).<\/p>\n<p>Piirikokous j\u00e4rjestet\u00e4\u00e4n syksyisin ja juhlava piirikonferenssi kev\u00e4isin.<\/p>\n<p>Piirikuvern\u00f6\u00f6ri vierailee kaikissa <span style=\"text-decoration: underline\"><strong><a href=\"https:\/\/rotary.fi\/d1385\/rotarypiiri1385\/piirin-klubit\/\" target=\"_blank\" rel=\"noopener noreferrer\">piirins\u00e4 klubeissa<\/a><\/strong><\/span> toimivuotensa aikana. Apulaiskuvern\u00f6\u00f6rit vierailevat oman alueensa klubeissa.<\/p>\n<p>&nbsp;<\/p>\n<p>[\/et_pb_text][\/et_pb_column_inner][\/et_pb_row_inner][et_pb_row_inner _builder_version=&#8221;4.16&#8243; global_colors_info=&#8221;{}&#8221;][et_pb_column_inner saved_specialty_column_type=&#8221;2_3&#8243; _builder_version=&#8221;4.16&#8243; custom_padding=&#8221;|||&#8221; global_colors_info=&#8221;{}&#8221; custom_padding__hover=&#8221;|||&#8221;][et_pb_text _builder_version=&#8221;4.16&#8243; global_colors_info=&#8221;{}&#8221;]<\/p>\n<h4 style=\"text-align: center\">Lasten Rotary-aiheisia piirustuksia:<\/h4>\n<p>[\/et_pb_text][\/et_pb_column_inner][\/et_pb_row_inner][et_pb_row_inner _builder_version=&#8221;4.16&#8243; global_colors_info=&#8221;{}&#8221;][et_pb_column_inner saved_specialty_column_type=&#8221;2_3&#8243; _builder_version=&#8221;4.16&#8243; custom_padding=&#8221;|||&#8221; global_colors_info=&#8221;{}&#8221; custom_padding__hover=&#8221;|||&#8221;][et_pb_image src=&#8221;https:\/\/rotary.fi\/kauhajoki\/wp-content\/uploads\/sites\/79\/2019\/06\/piirros-4.jpeg&#8221; align_tablet=&#8221;center&#8221; align_phone=&#8221;&#8221; align_last_edited=&#8221;on|desktop&#8221; _builder_version=&#8221;4.16&#8243; custom_margin=&#8221;||29px|||&#8221; custom_padding=&#8221;|0px||||&#8221; global_colors_info=&#8221;{}&#8221;][\/et_pb_image][\/et_pb_column_inner][\/et_pb_row_inner][et_pb_row_inner _builder_version=&#8221;4.16&#8243; global_colors_info=&#8221;{}&#8221;][et_pb_column_inner saved_specialty_column_type=&#8221;2_3&#8243; _builder_version=&#8221;4.16&#8243; custom_padding=&#8221;|||&#8221; global_colors_info=&#8221;{}&#8221; custom_padding__hover=&#8221;|||&#8221;][et_pb_image src=&#8221;https:\/\/rotary.fi\/kauhajoki\/wp-content\/uploads\/sites\/79\/2019\/06\/piirros-5.jpeg&#8221; align_tablet=&#8221;center&#8221; align_phone=&#8221;&#8221; align_last_edited=&#8221;on|desktop&#8221; _builder_version=&#8221;4.16&#8243; custom_margin=&#8221;||29px|||&#8221; custom_padding=&#8221;|0px||||&#8221; global_colors_info=&#8221;{}&#8221;][\/et_pb_image][et_pb_image src=&#8221;https:\/\/rotary.fi\/kauhajoki\/wp-content\/uploads\/sites\/79\/2019\/06\/piirros-3.jpeg&#8221; align_tablet=&#8221;center&#8221; align_phone=&#8221;&#8221; align_last_edited=&#8221;on|desktop&#8221; _builder_version=&#8221;4.16&#8243; custom_margin=&#8221;||29px|||&#8221; custom_padding=&#8221;|0px||||&#8221; global_colors_info=&#8221;{}&#8221;][\/et_pb_image][et_pb_image src=&#8221;https:\/\/rotary.fi\/kauhajoki\/wp-content\/uploads\/sites\/79\/2019\/06\/piirros-1.jpeg&#8221; align_tablet=&#8221;center&#8221; align_phone=&#8221;&#8221; align_last_edited=&#8221;on|desktop&#8221; _builder_version=&#8221;4.16&#8243; custom_margin=&#8221;||29px|||&#8221; custom_padding=&#8221;|0px||||&#8221; global_colors_info=&#8221;{}&#8221;][\/et_pb_image][et_pb_image src=&#8221;https:\/\/rotary.fi\/kauhajoki\/wp-content\/uploads\/sites\/79\/2019\/06\/piirros-2.jpeg&#8221; align_tablet=&#8221;center&#8221; align_phone=&#8221;&#8221; align_last_edited=&#8221;on|desktop&#8221; _builder_version=&#8221;4.16&#8243; custom_margin=&#8221;||29px|||&#8221; custom_padding=&#8221;|0px||||&#8221; global_colors_info=&#8221;{}&#8221;][\/et_pb_image][\/et_pb_column_inner][\/et_pb_row_inner][\/et_pb_column][et_pb_column type=&#8221;1_3&#8243; _builder_version=&#8221;4.16&#8243; custom_padding=&#8221;|||&#8221; global_colors_info=&#8221;{}&#8221; custom_padding__hover=&#8221;|||&#8221;][et_pb_sidebar area=&#8221;sidebar-1&#8243; module_class=&#8221;sivupalkki_sisalto&#8221; _builder_version=&#8221;4.16&#8243; locked=&#8221;on&#8221; global_colors_info=&#8221;{}&#8221;][\/et_pb_sidebar][\/et_pb_column][\/et_pb_section]<\/p>\n","protected":false},"excerpt":{"rendered":"<p>Rotarypiirit ja organisaatioKauhajoen Rotaryklubi kuuluu Rotarypiiriin 1385 (District 1385, D 1385). Kauhajoen Rotaryklubin oma nettisivusto (verkkosivut, internet-sivusto) on osoitteessa: ROTARYKAUHAJOKI.NET &nbsp; Suomen ja Viron Rotaryklubit ja j\u00e4sentiedot ovat j\u00e4senille tarkoitetussa j\u00e4senrekisteriss\u00e4mme osoitteessa: rekisteri.rotary.fi\u00a0 J\u00e4sentietojen selailutunnuksen saa jokainen klubimme j\u00e4sen klubin sihteerilt\u00e4 tai tietotekniikkavastaavalta (Jaakko.Panula.fi). Piirimme internet-sivut ovat osoitteessa: Rotary.fi\/D1385 Piirin rotareiden sis\u00e4inen sivusto eli intranet [&hellip;]<\/p>\n","protected":false},"author":1,"featured_media":0,"parent":129,"menu_order":0,"comment_status":"closed","ping_status":"closed","template":"","meta":{"_acf_changed":false,"_et_pb_use_builder":"on","_et_pb_old_content":"","_et_gb_content_width":"","footnotes":""},"class_list":["post-273","page","type-page","status-publish","hentry"],"acf":[],"yoast_head":"<!-- This site is optimized with the Yoast SEO plugin v27.4 - https:\/\/yoast.com\/product\/yoast-seo-wordpress\/ -->\n<title>Olemme osa piiri\u00e4 1385 - Kauhajoen Rotaryklubi ry<\/title>\n<meta name=\"robots\" content=\"index, follow, max-snippet:-1, max-image-preview:large, max-video-preview:-1\" \/>\n<link rel=\"canonical\" href=\"https:\/\/rotary.fi\/kauhajoki\/keita-olemme\/olemme-osa-piiria-1385\/\" \/>\n<meta property=\"og:locale\" content=\"fi_FI\" \/>\n<meta property=\"og:type\" content=\"article\" \/>\n<meta property=\"og:title\" content=\"Olemme osa piiri\u00e4 1385 - Kauhajoen Rotaryklubi ry\" \/>\n<meta property=\"og:description\" content=\"Rotarypiirit ja organisaatioKauhajoen Rotaryklubi kuuluu Rotarypiiriin 1385 (District 1385, D 1385). Kauhajoen Rotaryklubin oma nettisivusto (verkkosivut, internet-sivusto) on osoitteessa: ROTARYKAUHAJOKI.NET &nbsp; Suomen ja Viron Rotaryklubit ja j\u00e4sentiedot ovat j\u00e4senille tarkoitetussa j\u00e4senrekisteriss\u00e4mme osoitteessa: rekisteri.rotary.fi\u00a0 J\u00e4sentietojen selailutunnuksen saa jokainen klubimme j\u00e4sen klubin sihteerilt\u00e4 tai tietotekniikkavastaavalta (Jaakko.Panula.fi). Piirimme internet-sivut ovat osoitteessa: Rotary.fi\/D1385 Piirin rotareiden sis\u00e4inen sivusto eli intranet [&hellip;]\" \/>\n<meta property=\"og:url\" content=\"https:\/\/rotary.fi\/kauhajoki\/keita-olemme\/olemme-osa-piiria-1385\/\" \/>\n<meta property=\"og:site_name\" content=\"Kauhajoen Rotaryklubi ry\" \/>\n<meta property=\"article:modified_time\" content=\"2025-07-29T09:43:43+00:00\" \/>\n<meta name=\"twitter:card\" content=\"summary_large_image\" \/>\n<meta name=\"twitter:label1\" content=\"Arvioitu lukuaika\" \/>\n\t<meta name=\"twitter:data1\" content=\"3 minuuttia\" \/>\n<script type=\"application\/ld+json\" class=\"yoast-schema-graph\">{\"@context\":\"https:\\\/\\\/schema.org\",\"@graph\":[{\"@type\":\"WebPage\",\"@id\":\"https:\\\/\\\/rotary.fi\\\/kauhajoki\\\/keita-olemme\\\/olemme-osa-piiria-1385\\\/\",\"url\":\"https:\\\/\\\/rotary.fi\\\/kauhajoki\\\/keita-olemme\\\/olemme-osa-piiria-1385\\\/\",\"name\":\"Olemme osa piiri\u00e4 1385 - Kauhajoen Rotaryklubi ry\",\"isPartOf\":{\"@id\":\"https:\\\/\\\/rotary.fi\\\/kauhajoki\\\/#website\"},\"datePublished\":\"2018-10-24T08:32:22+00:00\",\"dateModified\":\"2025-07-29T09:43:43+00:00\",\"breadcrumb\":{\"@id\":\"https:\\\/\\\/rotary.fi\\\/kauhajoki\\\/keita-olemme\\\/olemme-osa-piiria-1385\\\/#breadcrumb\"},\"inLanguage\":\"fi\",\"potentialAction\":[{\"@type\":\"ReadAction\",\"target\":[\"https:\\\/\\\/rotary.fi\\\/kauhajoki\\\/keita-olemme\\\/olemme-osa-piiria-1385\\\/\"]}]},{\"@type\":\"BreadcrumbList\",\"@id\":\"https:\\\/\\\/rotary.fi\\\/kauhajoki\\\/keita-olemme\\\/olemme-osa-piiria-1385\\\/#breadcrumb\",\"itemListElement\":[{\"@type\":\"ListItem\",\"position\":1,\"name\":\"Home\",\"item\":\"https:\\\/\\\/rotary.fi\\\/kauhajoki\\\/\"},{\"@type\":\"ListItem\",\"position\":2,\"name\":\"Keit\u00e4 olemme\",\"item\":\"https:\\\/\\\/rotary.fi\\\/kauhajoki\\\/keita-olemme\\\/\"},{\"@type\":\"ListItem\",\"position\":3,\"name\":\"Olemme osa piiri\u00e4 1385\"}]},{\"@type\":\"WebSite\",\"@id\":\"https:\\\/\\\/rotary.fi\\\/kauhajoki\\\/#website\",\"url\":\"https:\\\/\\\/rotary.fi\\\/kauhajoki\\\/\",\"name\":\"Kauhajoen Rotaryklubi ry\",\"description\":\"Uusi Rotary klubisivusto\",\"potentialAction\":[{\"@type\":\"SearchAction\",\"target\":{\"@type\":\"EntryPoint\",\"urlTemplate\":\"https:\\\/\\\/rotary.fi\\\/kauhajoki\\\/?s={search_term_string}\"},\"query-input\":{\"@type\":\"PropertyValueSpecification\",\"valueRequired\":true,\"valueName\":\"search_term_string\"}}],\"inLanguage\":\"fi\"}]}<\/script>\n<!-- \/ Yoast SEO plugin. -->","yoast_head_json":{"title":"Olemme osa piiri\u00e4 1385 - Kauhajoen Rotaryklubi ry","robots":{"index":"index","follow":"follow","max-snippet":"max-snippet:-1","max-image-preview":"max-image-preview:large","max-video-preview":"max-video-preview:-1"},"canonical":"https:\/\/rotary.fi\/kauhajoki\/keita-olemme\/olemme-osa-piiria-1385\/","og_locale":"fi_FI","og_type":"article","og_title":"Olemme osa piiri\u00e4 1385 - Kauhajoen Rotaryklubi ry","og_description":"Rotarypiirit ja organisaatioKauhajoen Rotaryklubi kuuluu Rotarypiiriin 1385 (District 1385, D 1385). Kauhajoen Rotaryklubin oma nettisivusto (verkkosivut, internet-sivusto) on osoitteessa: ROTARYKAUHAJOKI.NET &nbsp; Suomen ja Viron Rotaryklubit ja j\u00e4sentiedot ovat j\u00e4senille tarkoitetussa j\u00e4senrekisteriss\u00e4mme osoitteessa: rekisteri.rotary.fi\u00a0 J\u00e4sentietojen selailutunnuksen saa jokainen klubimme j\u00e4sen klubin sihteerilt\u00e4 tai tietotekniikkavastaavalta (Jaakko.Panula.fi). Piirimme internet-sivut ovat osoitteessa: Rotary.fi\/D1385 Piirin rotareiden sis\u00e4inen sivusto eli intranet [&hellip;]","og_url":"https:\/\/rotary.fi\/kauhajoki\/keita-olemme\/olemme-osa-piiria-1385\/","og_site_name":"Kauhajoen Rotaryklubi ry","article_modified_time":"2025-07-29T09:43:43+00:00","twitter_card":"summary_large_image","twitter_misc":{"Arvioitu lukuaika":"3 minuuttia"},"schema":{"@context":"https:\/\/schema.org","@graph":[{"@type":"WebPage","@id":"https:\/\/rotary.fi\/kauhajoki\/keita-olemme\/olemme-osa-piiria-1385\/","url":"https:\/\/rotary.fi\/kauhajoki\/keita-olemme\/olemme-osa-piiria-1385\/","name":"Olemme osa piiri\u00e4 1385 - Kauhajoen Rotaryklubi ry","isPartOf":{"@id":"https:\/\/rotary.fi\/kauhajoki\/#website"},"datePublished":"2018-10-24T08:32:22+00:00","dateModified":"2025-07-29T09:43:43+00:00","breadcrumb":{"@id":"https:\/\/rotary.fi\/kauhajoki\/keita-olemme\/olemme-osa-piiria-1385\/#breadcrumb"},"inLanguage":"fi","potentialAction":[{"@type":"ReadAction","target":["https:\/\/rotary.fi\/kauhajoki\/keita-olemme\/olemme-osa-piiria-1385\/"]}]},{"@type":"BreadcrumbList","@id":"https:\/\/rotary.fi\/kauhajoki\/keita-olemme\/olemme-osa-piiria-1385\/#breadcrumb","itemListElement":[{"@type":"ListItem","position":1,"name":"Home","item":"https:\/\/rotary.fi\/kauhajoki\/"},{"@type":"ListItem","position":2,"name":"Keit\u00e4 olemme","item":"https:\/\/rotary.fi\/kauhajoki\/keita-olemme\/"},{"@type":"ListItem","position":3,"name":"Olemme osa piiri\u00e4 1385"}]},{"@type":"WebSite","@id":"https:\/\/rotary.fi\/kauhajoki\/#website","url":"https:\/\/rotary.fi\/kauhajoki\/","name":"Kauhajoen Rotaryklubi ry","description":"Uusi Rotary klubisivusto","potentialAction":[{"@type":"SearchAction","target":{"@type":"EntryPoint","urlTemplate":"https:\/\/rotary.fi\/kauhajoki\/?s={search_term_string}"},"query-input":{"@type":"PropertyValueSpecification","valueRequired":true,"valueName":"search_term_string"}}],"inLanguage":"fi"}]}},"lang":"fi","translations":{"fi":273},"pll_sync_post":[],"_links":{"self":[{"href":"https:\/\/rotary.fi\/kauhajoki\/wp-json\/wp\/v2\/pages\/273","targetHints":{"allow":["GET"]}}],"collection":[{"href":"https:\/\/rotary.fi\/kauhajoki\/wp-json\/wp\/v2\/pages"}],"about":[{"href":"https:\/\/rotary.fi\/kauhajoki\/wp-json\/wp\/v2\/types\/page"}],"author":[{"embeddable":true,"href":"https:\/\/rotary.fi\/kauhajoki\/wp-json\/wp\/v2\/users\/1"}],"replies":[{"embeddable":true,"href":"https:\/\/rotary.fi\/kauhajoki\/wp-json\/wp\/v2\/comments?post=273"}],"version-history":[{"count":10,"href":"https:\/\/rotary.fi\/kauhajoki\/wp-json\/wp\/v2\/pages\/273\/revisions"}],"predecessor-version":[{"id":3373,"href":"https:\/\/rotary.fi\/kauhajoki\/wp-json\/wp\/v2\/pages\/273\/revisions\/3373"}],"up":[{"embeddable":true,"href":"https:\/\/rotary.fi\/kauhajoki\/wp-json\/wp\/v2\/pages\/129"}],"wp:attachment":[{"href":"https:\/\/rotary.fi\/kauhajoki\/wp-json\/wp\/v2\/media?parent=273"}],"curies":[{"name":"wp","href":"https:\/\/api.w.org\/{rel}","templated":true}]}}