{"id":2271,"date":"2020-08-07T21:46:01","date_gmt":"2020-08-07T18:46:01","guid":{"rendered":"https:\/\/rotary.fi\/kauhajoki\/?page_id=2271"},"modified":"2023-05-31T11:57:06","modified_gmt":"2023-05-31T08:57:06","slug":"nettikokoukset","status":"publish","type":"page","link":"https:\/\/rotary.fi\/kauhajoki\/nettikokoukset\/","title":{"rendered":"Nettikokoukset"},"content":{"rendered":"<p>[et_pb_section fb_built=&#8221;1&#8243; admin_label=&#8221;section&#8221; _builder_version=&#8221;4.16&#8243; global_colors_info=&#8221;{}&#8221;][et_pb_row admin_label=&#8221;row&#8221; _builder_version=&#8221;4.16&#8243; background_size=&#8221;initial&#8221; background_position=&#8221;top_left&#8221; background_repeat=&#8221;repeat&#8221; global_colors_info=&#8221;{}&#8221;][et_pb_column type=&#8221;4_4&#8243; _builder_version=&#8221;4.16&#8243; custom_padding=&#8221;|||&#8221; global_colors_info=&#8221;{}&#8221; custom_padding__hover=&#8221;|||&#8221;][et_pb_text admin_label=&#8221;Text&#8221; _builder_version=&#8221;4.21.0&#8243; background_enable_image=&#8221;off&#8221; background_size=&#8221;contain&#8221; background_position=&#8221;top_center&#8221; hover_enabled=&#8221;0&#8243; global_colors_info=&#8221;{}&#8221; sticky_enabled=&#8221;0&#8243;]<\/p>\n<h5><span style=\"color: #000000\"><strong><a href=\"https:\/\/us02web.zoom.us\/j\/6219183223?pwd=d1RWSHNMSHFaY3ZjR2cxUm9acUgwQT09\" target=\"_blank\" rel=\"noopener noreferrer\" style=\"color: #000000\"><img loading=\"lazy\" decoding=\"async\" class=\"size-full wp-image-2281 alignright\" src=\"https:\/\/rotary.fi\/kauhajoki\/wp-content\/uploads\/sites\/79\/2020\/08\/rotaryzoom.jpg\" alt=\"\" width=\"156\" height=\"154\" style=\"float: left\" \/><\/a><\/strong><\/span><\/h5>\n<h5 style=\"text-align: center\"><span style=\"color: #000000\"><strong>Kauhajoen Rotaryklubi\u00a0<\/strong><\/span><\/h5>\n<p><a href=\"https:\/\/us02web.zoom.us\/j\/6219183223?pwd=d1RWSHNMSHFaY3ZjR2cxUm9acUgwQT09\" target=\"_blank\" rel=\"noopener\"><img loading=\"lazy\" decoding=\"async\" src=\"https:\/\/rotary.fi\/kauhajoki\/wp-content\/uploads\/sites\/79\/2021\/04\/monta-ovea.jpeg\" width=\"164\" height=\"102\" alt=\"\" class=\"wp-image-2608 alignleft size-full\" style=\"float: right\" \/><\/a><\/p>\n<h5 style=\"text-align: center\"><a href=\"https:\/\/us02web.zoom.us\/j\/6219183223?pwd=d1RWSHNMSHFaY3ZjR2cxUm9acUgwQT09\" target=\"_blank\" rel=\"noopener\"><strong><\/strong><\/a><\/h5>\n<h5 style=\"text-align: center\"><span style=\"color: #000000\"><strong><a href=\"https:\/\/us02web.zoom.us\/j\/6219183223?pwd=d1RWSHNMSHFaY3ZjR2cxUm9acUgwQT09\" target=\"_blank\" rel=\"noopener noreferrer\" style=\"color: #000000\">Klikkaa <span style=\"text-decoration: underline\">t\u00e4st\u00e4<\/span> klubimme Zoom-nettikokoushuoneeseen<\/a> (tai koputa oikeaa ovea)<\/strong><\/span>\u00a0<\/h5>\n<p style=\"text-align: center\"><strong>TAI QR-KOODILLA T\u00c4ST\u00c4 KOKOUSHUONEESEEN!<\/strong><\/p>\n<p style=\"text-align: center\"><strong>&#8221;OTA KUVA&#8221; PUHELIMELLASI<\/strong><\/p>\n<p style=\"text-align: center\"><a href=\"https:\/\/us02web.zoom.us\/j\/6219183223?pwd=d1RWSHNMSHFaY3ZjR2cxUm9acUgwQT09\" target=\"_blank\" rel=\"noopener\" title=\"Zoom\"><img decoding=\"async\" src=\"https:\/\/www.qr-koodit.fi\/generaattori?p_p_id=QrGenerator_WAR_QrGenerator&amp;p_p_lifecycle=2&amp;p_p_state=normal&amp;p_p_mode=view&amp;p_p_resource_id=qrImage&amp;p_p_cacheability=cacheLevelPage&amp;p_p_col_id=column-1&amp;p_p_col_count=2&amp;_QrGenerator_WAR_QrGenerator_qrContents=https%3A%2F%2Fus02web.zoom.us%2Fj%2F6219183223%3Fpwd%3Dd1RWSHNMSHFaY3ZjR2cxUm9acUgwQT09&amp;_QrGenerator_WAR_QrGenerator_implicitModel=true\" alt=\"https:\/\/us02web.zoom.us\/j\/6219183223?pwd=d1RWSHNMSHFaY3ZjR2cxUm9acUgwQT09\" \/><\/a><\/p>\n<h6 style=\"text-align: center\"><strong>Zoom Meeting LINK: <a href=\"https:\/\/us02web.zoom.us\/j\/6219183223?pwd=d1RWSHNMSHFaY3ZjR2cxUm9acUgwQT09\">https:\/\/us02web.zoom.us\/j\/6219183223?pwd=d1RWSHNMSHFaY3ZjR2cxUm9acUgwQT09<\/a><\/strong><\/h6>\n<h6 style=\"text-align: center\"><strong>Meeting ID: 621 918 3223 &#8211; Passcode: 972749<\/strong><\/h6>\n<p style=\"text-align: center\"><a href=\"https:\/\/sites.google.com\/view\/srp-zoom\" target=\"_blank\" rel=\"noopener noreferrer\">Zoom-ohjeita<\/a><\/p>\n<p style=\"text-align: center\"><span style=\"color: #000000\">Ohjeita Zoom-nettikokoukseen eli &#8221;verkkokokoukseen&#8221; liittymisest\u00e4 l\u00f6ytyy esimerkiksi<strong> <a href=\"https:\/\/sites.google.com\/view\/srp-zoom\" target=\"_blank\" rel=\"noopener noreferrer\" style=\"color: #000000\">t\u00e4st\u00e4 linkist\u00e4 klikkaamalla<\/a>.<\/strong><\/span><\/p>\n<h6 style=\"text-align: center\">Ohjeita nettikokouksiin:<\/h6>\n<p style=\"text-align: center\">Ennenkuin klikkaat nettikokoukseen, asenna mieluusti mikrofonilliset kuulokkeet, ett\u00e4 kuulet ja kuulut paremmin. Jos teit\u00e4 rotareita on samassa huoneessa useampia liittym\u00e4ss\u00e4 yhdell\u00e4 tietokoneella, niin muistattehan sulkea tietokoneenne Zoom-mikrofonin silloin, kun ette sit\u00e4 juuri tarvitse.<\/p>\n<p style=\"text-align: center\">Jos osallistut ensimm\u00e4ist\u00e4 kertaa sill\u00e4 laitteella tai kyseisell\u00e4 teknologialla (Zoom), niin tule kokoukseen hyviss\u00e4 ajoin ja jos mahdollista, osallistu kokouksen tekniseen harjoitteluun, jos sellainen on tarjolla. Tarvittava Zoom-ohjelma\/appi asentuu t\u00e4ll\u00f6in laitteellesi (ks yll\u00e4 kohta &#8221;yleisi\u00e4 ohjeita&#8221;)<\/p>\n<p style=\"text-align: center\"><span style=\"color: #000000\">HUOM! Osallistuminen Rotaryn Zoom-nettikokouksiin ja osallistumiseen tarvittavat ohjelmat on ilmaisia, mutta kokouksen (esim klubin nettikokouksen) perustaminen eli j\u00e4rjest\u00e4minen eli avaaminen ja muiden kutsuminen sinne edellytt\u00e4\u00e4 Zoom-nettikokousalustaa, <strong>joka on nyt hankittu Kauhajoen Rotaryklubille<\/strong>.<\/span><\/p>\n<p style=\"text-align: center\">Ohjeita Zoom-nettikokouksen<\/p>\n<h6 style=\"text-align: center\"><a href=\"https:\/\/www.ok-sivis.fi\/palvelut\/verkkokoulutus\/zoom-ohje-osallistujille.html\" style=\"color: #000000\">OSALLISTUJALLE\u00a0 &#8211;\u00a0<\/a><a href=\"https:\/\/www.ok-sivis.fi\/palvelut\/verkkokoulutus.html\" style=\"color: #000000\">J\u00c4RJEST\u00c4J\u00c4LLE<\/a><\/h6>\n<p style=\"text-align: center\"><img loading=\"lazy\" decoding=\"async\" class=\"alignleft size-medium wp-image-2285\" src=\"https:\/\/rotary.fi\/kauhajoki\/wp-content\/uploads\/sites\/79\/2020\/08\/rckauhajokikortti-1-300x119.png\" alt=\"\" width=\"300\" height=\"119\" \/><\/p>\n<p>[\/et_pb_text][\/et_pb_column][\/et_pb_row][\/et_pb_section][et_pb_section fb_built=&#8221;1&#8243; _builder_version=&#8221;4.16&#8243; global_colors_info=&#8221;{}&#8221;][et_pb_row _builder_version=&#8221;4.16&#8243; global_colors_info=&#8221;{}&#8221;][et_pb_column type=&#8221;4_4&#8243; _builder_version=&#8221;4.16&#8243; global_colors_info=&#8221;{}&#8221;][\/et_pb_column][\/et_pb_row][\/et_pb_section]<\/p>\n","protected":false},"excerpt":{"rendered":"<p>Kauhajoen Rotaryklubi\u00a0 Klikkaa t\u00e4st\u00e4 klubimme Zoom-nettikokoushuoneeseen (tai koputa oikeaa ovea)\u00a0 TAI QR-KOODILLA T\u00c4ST\u00c4 KOKOUSHUONEESEEN! &#8221;OTA KUVA&#8221; PUHELIMELLASI Zoom Meeting LINK: https:\/\/us02web.zoom.us\/j\/6219183223?pwd=d1RWSHNMSHFaY3ZjR2cxUm9acUgwQT09 Meeting ID: 621 918 3223 &#8211; Passcode: 972749 Zoom-ohjeita Ohjeita Zoom-nettikokoukseen eli &#8221;verkkokokoukseen&#8221; liittymisest\u00e4 l\u00f6ytyy esimerkiksi t\u00e4st\u00e4 linkist\u00e4 klikkaamalla. Ohjeita nettikokouksiin: Ennenkuin klikkaat nettikokoukseen, asenna mieluusti mikrofonilliset kuulokkeet, ett\u00e4 kuulet ja kuulut paremmin. Jos [&hellip;]<\/p>\n","protected":false},"author":90,"featured_media":0,"parent":0,"menu_order":0,"comment_status":"closed","ping_status":"closed","template":"","meta":{"_acf_changed":false,"_et_pb_use_builder":"on","_et_pb_old_content":"<h5><strong>Kauhajoen Rotaryklubilla on oma Zoom-nettikokouspalvelu, jota tarvitsemme silloin t\u00e4ll\u00f6in klubin omien nettikokousten j\u00e4rjest\u00e4miseksi.<\/strong><\/h5>\r\n<strong>P\u00e4\u00e4set suoraan Kauhajoen Rotaryklubin<a href=\"https:\/\/us02web.zoom.us\/j\/6219183223?pwd=d1RWSHNMSHFaY3ZjR2cxUm9acUgwQT09\" target=\"_blank\" rel=\"noopener noreferrer\"><img class=\"size-full wp-image-2281 alignright\" src=\"https:\/\/rotary.fi\/kauhajoki\/wp-content\/uploads\/sites\/79\/2020\/08\/rotaryzoom.jpg\" alt=\"\" width=\"229\" height=\"225\" \/> <\/a><\/strong>\r\n<h3><strong><a href=\"https:\/\/us02web.zoom.us\/j\/6219183223?pwd=d1RWSHNMSHFaY3ZjR2cxUm9acUgwQT09\" target=\"_blank\" rel=\"noopener noreferrer\">nettikokoushuoneeseen -> klikkaamalla t\u00e4st\u00e4<\/a>.<\/strong><\/h3>\r\n<ul>\r\n \t<li>\r\n<p dir=\"ltr\" role=\"presentation\">Ohjeita Zoom-nettikokouksen<\/p>\r\n\r\n<ul>\r\n \t<li>\r\n<p dir=\"ltr\" role=\"presentation\"><a href=\"https:\/\/www.ok-sivis.fi\/palvelut\/verkkokoulutus\/zoom-ohje-osallistujille.html\">OSALLISTUJALLE<\/a><\/p>\r\n<\/li>\r\n \t<li>\r\n<p dir=\"ltr\" role=\"presentation\"><a href=\"https:\/\/www.ok-sivis.fi\/palvelut\/verkkokoulutus.html\">J\u00c4RJEST\u00c4J\u00c4LLE<\/a><\/p>\r\n<\/li>\r\n<\/ul>\r\n<\/li>\r\n<\/ul>\r\n<p dir=\"ltr\"><strong>Yleisi\u00e4 ohjeita Zoom-nettikokoukseen eli \"verkkokokoukseen\" liittymisest\u00e4 l\u00f6ytyy esimerkiksi <a href=\"https:\/\/www.ok-sivis.fi\/palvelut\/verkkokoulutus\/zoom-ohje-osallistujille.html\">t\u00e4st\u00e4 linkist\u00e4 klikkaamalla<\/a>.<\/strong><\/p>\r\n\r\n<ol>\r\n \t<li>\r\n<p dir=\"ltr\" role=\"presentation\">Lukekaa n\u00e4m\u00e4 alla olevat ohjeet ja toimikaa niiden mukaan, ennenkuin tulette nettikokouksiin.<\/p>\r\n<\/li>\r\n \t<li>\r\n<p dir=\"ltr\" role=\"presentation\">Ennenkuin klikkaat nettikokoukseen, asenna mieluusti mikrofonilliset kuulokkeet, ett\u00e4 kuulet ja kuulut paremmin. Jos teit\u00e4 rotareita on samassa huoneessa useampia liittym\u00e4ss\u00e4 yhdell\u00e4 tietokoneella, niin muistattehan sulkea tietokoneenne Zoom-mikrofonin silloin, kun ette sit\u00e4 juuri tarvitse.<\/p>\r\n<\/li>\r\n \t<li>\r\n<p dir=\"ltr\" role=\"presentation\">Jos osallistut ensimm\u00e4ist\u00e4 kertaa sill\u00e4 laitteella tai kyseisell\u00e4 teknologialla (Zoom), niin tule kokoukseen hyviss\u00e4 ajoin ja jos mahdollista, osallistu kokouksen tekniseen harjoitteluun, jos sellainen on tarjolla. Tarvittava Zoom-ohjelma\/appi asentuu t\u00e4ll\u00f6in laitteellesi (ks yll\u00e4 kohta \"yleisi\u00e4 ohjeita\")<\/p>\r\n<\/li>\r\n<\/ol>\r\n<p dir=\"ltr\">HUOM! Osallistuminen Rotaryn Zoom-nettikokouksiin ja osallistumiseen tarvittavat ohjelmat on ilmaisia, mutta kokouksen (esim klubin nettikokouksen) perustaminen eli j\u00e4rjest\u00e4minen eli avaaminen ja muiden kutsuminen sinne edellytt\u00e4\u00e4 Zoom-nettikokousalustaa, <strong>joka on nyt hankittu Kauhajoen Rotaryklubille<\/strong>.<\/p>\r\n\r\n<ul>\r\n \t<li>\r\n<p dir=\"ltr\" role=\"presentation\">Ohjeita Zoom-nettikokouksen<\/p>\r\n\r\n<ul>\r\n \t<li>\r\n<p dir=\"ltr\" role=\"presentation\"><a href=\"https:\/\/www.ok-sivis.fi\/palvelut\/verkkokoulutus\/zoom-ohje-osallistujille.html\">OSALLISTUJALLE<\/a><\/p>\r\n<\/li>\r\n \t<li>\r\n<p dir=\"ltr\" role=\"presentation\"><a href=\"https:\/\/www.ok-sivis.fi\/palvelut\/verkkokoulutus.html\">J\u00c4RJEST\u00c4J\u00c4LLE<\/a><\/p>\r\n<\/li>\r\n<\/ul>\r\n<\/li>\r\n<\/ul>\r\n<strong>Hyv\u00e4 osata, miten:<\/strong>\r\n<ul>\r\n \t<li>valmistaudun onnistuneeseen nettikokoukseen: v\u00e4lineet, ohjelmat, nettiyhteys<\/li>\r\n \t<li>osallistun nettikokoukseen: miten p\u00e4\u00e4sen mukaan \"nettikokoushuoneeseen\", miten n\u00e4en, n\u00e4yn, kuulen ja kuulun, miten osallistun ja esit\u00e4n<\/li>\r\n \t<li>j\u00e4rjest\u00e4n nettikokouksen ja kutsun sinne muitakin<\/li>\r\n \t<li>jne.<\/li>\r\n<\/ul>\r\n<img class=\"alignleft size-medium wp-image-2285\" src=\"https:\/\/rotary.fi\/kauhajoki\/wp-content\/uploads\/sites\/79\/2020\/08\/rckauhajokikortti-1-300x119.png\" alt=\"\" width=\"300\" height=\"119\" \/>\r\n\r\n\u00a0\r\n\r\n\u00a0\r\n\r\n\u00a0\r\n\r\n\u00a0","_et_gb_content_width":"","footnotes":""},"class_list":["post-2271","page","type-page","status-publish","hentry"],"acf":[],"yoast_head":"<!-- This site is optimized with the Yoast SEO plugin v27.0 - https:\/\/yoast.com\/product\/yoast-seo-wordpress\/ -->\n<title>Nettikokoukset - Kauhajoen Rotaryklubi ry<\/title>\n<meta name=\"robots\" content=\"index, follow, max-snippet:-1, max-image-preview:large, max-video-preview:-1\" \/>\n<link rel=\"canonical\" href=\"https:\/\/rotary.fi\/kauhajoki\/nettikokoukset\/\" \/>\n<meta property=\"og:locale\" content=\"fi_FI\" \/>\n<meta property=\"og:type\" content=\"article\" \/>\n<meta property=\"og:title\" content=\"Nettikokoukset - Kauhajoen Rotaryklubi ry\" \/>\n<meta property=\"og:description\" content=\"Kauhajoen Rotaryklubi\u00a0 Klikkaa t\u00e4st\u00e4 klubimme Zoom-nettikokoushuoneeseen (tai koputa oikeaa ovea)\u00a0 TAI QR-KOODILLA T\u00c4ST\u00c4 KOKOUSHUONEESEEN! &quot;OTA KUVA&quot; PUHELIMELLASI Zoom Meeting LINK: https:\/\/us02web.zoom.us\/j\/6219183223?pwd=d1RWSHNMSHFaY3ZjR2cxUm9acUgwQT09 Meeting ID: 621 918 3223 - Passcode: 972749 Zoom-ohjeita Ohjeita Zoom-nettikokoukseen eli &quot;verkkokokoukseen&quot; liittymisest\u00e4 l\u00f6ytyy esimerkiksi t\u00e4st\u00e4 linkist\u00e4 klikkaamalla. Ohjeita nettikokouksiin: Ennenkuin klikkaat nettikokoukseen, asenna mieluusti mikrofonilliset kuulokkeet, ett\u00e4 kuulet ja kuulut paremmin. Jos [&hellip;]\" \/>\n<meta property=\"og:url\" content=\"https:\/\/rotary.fi\/kauhajoki\/nettikokoukset\/\" \/>\n<meta property=\"og:site_name\" content=\"Kauhajoen Rotaryklubi ry\" \/>\n<meta property=\"article:modified_time\" content=\"2023-05-31T08:57:06+00:00\" \/>\n<meta property=\"og:image\" content=\"https:\/\/rotary.fi\/kauhajoki\/wp-content\/uploads\/sites\/79\/2020\/08\/rotaryzoom.jpg\" \/>\n<meta name=\"twitter:card\" content=\"summary_large_image\" \/>\n<meta name=\"twitter:label1\" content=\"Arvioitu lukuaika\" \/>\n\t<meta name=\"twitter:data1\" content=\"2 minuuttia\" \/>\n<script type=\"application\/ld+json\" class=\"yoast-schema-graph\">{\"@context\":\"https:\/\/schema.org\",\"@graph\":[{\"@type\":\"WebPage\",\"@id\":\"https:\/\/rotary.fi\/kauhajoki\/nettikokoukset\/\",\"url\":\"https:\/\/rotary.fi\/kauhajoki\/nettikokoukset\/\",\"name\":\"Nettikokoukset - Kauhajoen Rotaryklubi ry\",\"isPartOf\":{\"@id\":\"https:\/\/rotary.fi\/kauhajoki\/#website\"},\"primaryImageOfPage\":{\"@id\":\"https:\/\/rotary.fi\/kauhajoki\/nettikokoukset\/#primaryimage\"},\"image\":{\"@id\":\"https:\/\/rotary.fi\/kauhajoki\/nettikokoukset\/#primaryimage\"},\"thumbnailUrl\":\"https:\/\/rotary.fi\/kauhajoki\/wp-content\/uploads\/sites\/79\/2020\/08\/rotaryzoom.jpg\",\"datePublished\":\"2020-08-07T18:46:01+00:00\",\"dateModified\":\"2023-05-31T08:57:06+00:00\",\"breadcrumb\":{\"@id\":\"https:\/\/rotary.fi\/kauhajoki\/nettikokoukset\/#breadcrumb\"},\"inLanguage\":\"fi\",\"potentialAction\":[{\"@type\":\"ReadAction\",\"target\":[\"https:\/\/rotary.fi\/kauhajoki\/nettikokoukset\/\"]}]},{\"@type\":\"ImageObject\",\"inLanguage\":\"fi\",\"@id\":\"https:\/\/rotary.fi\/kauhajoki\/nettikokoukset\/#primaryimage\",\"url\":\"https:\/\/rotary.fi\/kauhajoki\/wp-content\/uploads\/sites\/79\/2020\/08\/rotaryzoom.jpg\",\"contentUrl\":\"https:\/\/rotary.fi\/kauhajoki\/wp-content\/uploads\/sites\/79\/2020\/08\/rotaryzoom.jpg\",\"width\":229,\"height\":225},{\"@type\":\"BreadcrumbList\",\"@id\":\"https:\/\/rotary.fi\/kauhajoki\/nettikokoukset\/#breadcrumb\",\"itemListElement\":[{\"@type\":\"ListItem\",\"position\":1,\"name\":\"Home\",\"item\":\"https:\/\/rotary.fi\/kauhajoki\/\"},{\"@type\":\"ListItem\",\"position\":2,\"name\":\"Nettikokoukset\"}]},{\"@type\":\"WebSite\",\"@id\":\"https:\/\/rotary.fi\/kauhajoki\/#website\",\"url\":\"https:\/\/rotary.fi\/kauhajoki\/\",\"name\":\"Kauhajoen Rotaryklubi ry\",\"description\":\"Uusi Rotary klubisivusto\",\"potentialAction\":[{\"@type\":\"SearchAction\",\"target\":{\"@type\":\"EntryPoint\",\"urlTemplate\":\"https:\/\/rotary.fi\/kauhajoki\/?s={search_term_string}\"},\"query-input\":{\"@type\":\"PropertyValueSpecification\",\"valueRequired\":true,\"valueName\":\"search_term_string\"}}],\"inLanguage\":\"fi\"}]}<\/script>\n<!-- \/ Yoast SEO plugin. -->","yoast_head_json":{"title":"Nettikokoukset - Kauhajoen Rotaryklubi ry","robots":{"index":"index","follow":"follow","max-snippet":"max-snippet:-1","max-image-preview":"max-image-preview:large","max-video-preview":"max-video-preview:-1"},"canonical":"https:\/\/rotary.fi\/kauhajoki\/nettikokoukset\/","og_locale":"fi_FI","og_type":"article","og_title":"Nettikokoukset - Kauhajoen Rotaryklubi ry","og_description":"Kauhajoen Rotaryklubi\u00a0 Klikkaa t\u00e4st\u00e4 klubimme Zoom-nettikokoushuoneeseen (tai koputa oikeaa ovea)\u00a0 TAI QR-KOODILLA T\u00c4ST\u00c4 KOKOUSHUONEESEEN! \"OTA KUVA\" PUHELIMELLASI Zoom Meeting LINK: https:\/\/us02web.zoom.us\/j\/6219183223?pwd=d1RWSHNMSHFaY3ZjR2cxUm9acUgwQT09 Meeting ID: 621 918 3223 - Passcode: 972749 Zoom-ohjeita Ohjeita Zoom-nettikokoukseen eli \"verkkokokoukseen\" liittymisest\u00e4 l\u00f6ytyy esimerkiksi t\u00e4st\u00e4 linkist\u00e4 klikkaamalla. Ohjeita nettikokouksiin: Ennenkuin klikkaat nettikokoukseen, asenna mieluusti mikrofonilliset kuulokkeet, ett\u00e4 kuulet ja kuulut paremmin. Jos [&hellip;]","og_url":"https:\/\/rotary.fi\/kauhajoki\/nettikokoukset\/","og_site_name":"Kauhajoen Rotaryklubi ry","article_modified_time":"2023-05-31T08:57:06+00:00","og_image":[{"url":"https:\/\/rotary.fi\/kauhajoki\/wp-content\/uploads\/sites\/79\/2020\/08\/rotaryzoom.jpg","type":"","width":"","height":""}],"twitter_card":"summary_large_image","twitter_misc":{"Arvioitu lukuaika":"2 minuuttia"},"schema":{"@context":"https:\/\/schema.org","@graph":[{"@type":"WebPage","@id":"https:\/\/rotary.fi\/kauhajoki\/nettikokoukset\/","url":"https:\/\/rotary.fi\/kauhajoki\/nettikokoukset\/","name":"Nettikokoukset - Kauhajoen Rotaryklubi ry","isPartOf":{"@id":"https:\/\/rotary.fi\/kauhajoki\/#website"},"primaryImageOfPage":{"@id":"https:\/\/rotary.fi\/kauhajoki\/nettikokoukset\/#primaryimage"},"image":{"@id":"https:\/\/rotary.fi\/kauhajoki\/nettikokoukset\/#primaryimage"},"thumbnailUrl":"https:\/\/rotary.fi\/kauhajoki\/wp-content\/uploads\/sites\/79\/2020\/08\/rotaryzoom.jpg","datePublished":"2020-08-07T18:46:01+00:00","dateModified":"2023-05-31T08:57:06+00:00","breadcrumb":{"@id":"https:\/\/rotary.fi\/kauhajoki\/nettikokoukset\/#breadcrumb"},"inLanguage":"fi","potentialAction":[{"@type":"ReadAction","target":["https:\/\/rotary.fi\/kauhajoki\/nettikokoukset\/"]}]},{"@type":"ImageObject","inLanguage":"fi","@id":"https:\/\/rotary.fi\/kauhajoki\/nettikokoukset\/#primaryimage","url":"https:\/\/rotary.fi\/kauhajoki\/wp-content\/uploads\/sites\/79\/2020\/08\/rotaryzoom.jpg","contentUrl":"https:\/\/rotary.fi\/kauhajoki\/wp-content\/uploads\/sites\/79\/2020\/08\/rotaryzoom.jpg","width":229,"height":225},{"@type":"BreadcrumbList","@id":"https:\/\/rotary.fi\/kauhajoki\/nettikokoukset\/#breadcrumb","itemListElement":[{"@type":"ListItem","position":1,"name":"Home","item":"https:\/\/rotary.fi\/kauhajoki\/"},{"@type":"ListItem","position":2,"name":"Nettikokoukset"}]},{"@type":"WebSite","@id":"https:\/\/rotary.fi\/kauhajoki\/#website","url":"https:\/\/rotary.fi\/kauhajoki\/","name":"Kauhajoen Rotaryklubi ry","description":"Uusi Rotary klubisivusto","potentialAction":[{"@type":"SearchAction","target":{"@type":"EntryPoint","urlTemplate":"https:\/\/rotary.fi\/kauhajoki\/?s={search_term_string}"},"query-input":{"@type":"PropertyValueSpecification","valueRequired":true,"valueName":"search_term_string"}}],"inLanguage":"fi"}]}},"lang":"fi","translations":{"fi":2271},"pll_sync_post":[],"_links":{"self":[{"href":"https:\/\/rotary.fi\/kauhajoki\/wp-json\/wp\/v2\/pages\/2271","targetHints":{"allow":["GET"]}}],"collection":[{"href":"https:\/\/rotary.fi\/kauhajoki\/wp-json\/wp\/v2\/pages"}],"about":[{"href":"https:\/\/rotary.fi\/kauhajoki\/wp-json\/wp\/v2\/types\/page"}],"author":[{"embeddable":true,"href":"https:\/\/rotary.fi\/kauhajoki\/wp-json\/wp\/v2\/users\/90"}],"replies":[{"embeddable":true,"href":"https:\/\/rotary.fi\/kauhajoki\/wp-json\/wp\/v2\/comments?post=2271"}],"version-history":[{"count":10,"href":"https:\/\/rotary.fi\/kauhajoki\/wp-json\/wp\/v2\/pages\/2271\/revisions"}],"predecessor-version":[{"id":3211,"href":"https:\/\/rotary.fi\/kauhajoki\/wp-json\/wp\/v2\/pages\/2271\/revisions\/3211"}],"wp:attachment":[{"href":"https:\/\/rotary.fi\/kauhajoki\/wp-json\/wp\/v2\/media?parent=2271"}],"curies":[{"name":"wp","href":"https:\/\/api.w.org\/{rel}","templated":true}]}}