{"id":1908,"date":"2020-01-09T21:14:27","date_gmt":"2020-01-09T19:14:27","guid":{"rendered":"https:\/\/rotary.fi\/kauhajoki\/?page_id=1908"},"modified":"2021-11-26T19:41:27","modified_gmt":"2021-11-26T17:41:27","slug":"gaala20","status":"publish","type":"page","link":"https:\/\/rotary.fi\/kauhajoki\/gaala20\/","title":{"rendered":"Yst\u00e4v\u00e4np\u00e4iv\u00e4n Gaala-ilta 14.2.2020"},"content":{"rendered":"<p>[et_pb_section fb_built=&#8221;1&#8243; admin_label=&#8221;Hero Section&#8221; _builder_version=&#8221;4.1&#8243; use_background_color_gradient=&#8221;on&#8221; background_color_gradient_start=&#8221;rgba(244,240,233,0.9)&#8221; background_color_gradient_end=&#8221;rgba(244,240,233,0)&#8221; background_color_gradient_direction=&#8221;90deg&#8221; background_color_gradient_start_position=&#8221;30%&#8221; background_color_gradient_overlays_image=&#8221;on&#8221; background_image=&#8221;https:\/\/rotary.fi\/kauhajoki\/wp-content\/uploads\/sites\/79\/2020\/02\/rk-kauhajoki-gaala-14-2-2020-matalakuva.jpg&#8221; parallax=&#8221;on&#8221; custom_margin=&#8221;|||&#8221; custom_padding=&#8221;119px|0px|119px|0px&#8221;][et_pb_row custom_padding_last_edited=&#8221;off|desktop&#8221; admin_label=&#8221;Hero Area&#8221; _builder_version=&#8221;4.1&#8243; custom_padding=&#8221;27px|0px|0px|0px&#8221;][et_pb_column type=&#8221;4_4&#8243; _builder_version=&#8221;3.25&#8243; custom_padding=&#8221;|||&#8221; custom_padding__hover=&#8221;|||&#8221;][et_pb_text admin_label=&#8221;Hero Title&#8221; _builder_version=&#8221;4.9.10&#8243; text_font=&#8221;Playfair Display||||||||&#8221; header_font=&#8221;Alice||||||||&#8221; header_font_size=&#8221;80px&#8221; header_letter_spacing=&#8221;-3px&#8221; header_line_height=&#8221;1.1em&#8221; custom_margin=&#8221;||0px|&#8221; custom_padding=&#8221;|||&#8221; animation_style=&#8221;slide&#8221; animation_direction=&#8221;left&#8221; animation_intensity_slide=&#8221;5%&#8221; animation_starting_opacity=&#8221;100%&#8221; hover_enabled=&#8221;0&#8243; text_font_size_last_edited=&#8221;off|desktop&#8221; header_font_size_tablet=&#8221;&#8221; header_font_size_phone=&#8221;60px&#8221; header_font_size_last_edited=&#8221;on|phone&#8221; sticky_enabled=&#8221;0&#8243;]<\/p>\n<h1><span style=\"color: #ffff00\">Yst\u00e4v\u00e4np\u00e4iv\u00e4n Gaala-ilta 14.2.2020 klo 19 &#8211; 21.15<\/span><\/h1>\n<h2><span style=\"color: #ffff00\">Kiitos kaikille osallistujille ja esiintyjille sek\u00e4 tottakai klubimme porukalle, jotka ahkeroivat j\u00e4rjestelyiss\u00e4!<\/span><\/h2>\n<h3 style=\"text-align: right\"><strong><a href=\"https:\/\/ROTARY.FI\/KAUHAJOKI\/GAALA21\" target=\"_blank\" rel=\"noopener\"><span style=\"color: #ffff00\">KATSO MY\u00d6S GAALAN 6.12.2021 SIVUT<\/span><\/a><\/strong><\/h3>\n<p>[\/et_pb_text][et_pb_text _builder_version=&#8221;4.1&#8243; text_font=&#8221;||||||||&#8221; text_font_size=&#8221;18px&#8221; text_line_height=&#8221;1.8em&#8221; header_font=&#8221;||||||||&#8221; max_width=&#8221;921px&#8221; custom_margin=&#8221;|||&#8221; custom_padding=&#8221;|0px|10px|||&#8221; animation_style=&#8221;slide&#8221; animation_direction=&#8221;left&#8221; animation_intensity_slide=&#8221;5%&#8221; animation_starting_opacity=&#8221;100%&#8221;]<\/p>\n<h3><span style=\"color: #00ffff\">KAUHAJOKISEN NUORISON HYV\u00c4KSI!<\/span><\/h3>\n<h3><span style=\"color: #00ffff\">Kauhajoen Yhteiskoulun Liikuntasaliin rakennetulla<\/span><\/h3>\n<h3><span style=\"color: #00ffff\"><strong>GAALA-AREENALLA<\/strong> (Pr\u00e4nn\u00e4rintie 4)<\/span><\/h3>\n<p>[\/et_pb_text][\/et_pb_column][\/et_pb_row][\/et_pb_section][et_pb_section fb_built=&#8221;1&#8243; admin_label=&#8221;About Us Section&#8221; _builder_version=&#8221;4.1&#8243; custom_padding=&#8221;110px||0px|&#8221;][et_pb_row column_structure=&#8221;1_2,1_2&#8243; admin_label=&#8221;About Us Area&#8221; _builder_version=&#8221;4.1&#8243; custom_margin=&#8221;|||&#8221; custom_padding=&#8221;27px|0px|0px|0px&#8221;][et_pb_column type=&#8221;1_2&#8243; _builder_version=&#8221;3.25&#8243; custom_padding=&#8221;|||&#8221; custom_padding__hover=&#8221;|||&#8221;][et_pb_image src=&#8221;https:\/\/rotary.fi\/kauhajoki\/wp-content\/uploads\/sites\/79\/2020\/02\/linda-aleksi-2-cha-cha-cha.jpg&#8221; url=&#8221;https:\/\/youtu.be\/yVdGQru2Qs8&#8243; url_new_window=&#8221;on&#8221; force_fullwidth=&#8221;on&#8221; align_tablet=&#8221;center&#8221; align_phone=&#8221;&#8221; align_last_edited=&#8221;on|desktop&#8221; _builder_version=&#8221;4.1&#8243; animation_style=&#8221;slide&#8221; animation_direction=&#8221;left&#8221; animation_intensity_slide=&#8221;10%&#8221; animation_starting_opacity=&#8221;100%&#8221;][\/et_pb_image][et_pb_image force_fullwidth=&#8221;on&#8221; align_tablet=&#8221;center&#8221; align_phone=&#8221;&#8221; align_last_edited=&#8221;on|desktop&#8221; _builder_version=&#8221;4.1&#8243; animation_style=&#8221;slide&#8221; animation_direction=&#8221;left&#8221; animation_intensity_slide=&#8221;10%&#8221; animation_starting_opacity=&#8221;100%&#8221;][\/et_pb_image][\/et_pb_column][et_pb_column type=&#8221;1_2&#8243; _builder_version=&#8221;3.25&#8243; custom_padding=&#8221;80px||80px|&#8221; custom_padding__hover=&#8221;|||&#8221;][et_pb_text admin_label=&#8221;Title&#8221; _builder_version=&#8221;3.27.4&#8243; text_font=&#8221;||||||||&#8221; header_font=&#8221;||||||||&#8221; header_2_font=&#8221;Alice||||||||&#8221; header_2_font_size=&#8221;42px&#8221; header_2_line_height=&#8221;1.3em&#8221; custom_margin=&#8221;||20px|&#8221; animation_style=&#8221;slide&#8221; animation_direction=&#8221;top&#8221; animation_intensity_slide=&#8221;30%&#8221; animation_starting_opacity=&#8221;100%&#8221;]<\/p>\n<h2>Gaala-illassa hienoja tanssi- ja musiikkiesityksi\u00e4.<\/h2>\n<p>[\/et_pb_text][et_pb_divider color=&#8221;#000000&#8243; divider_weight=&#8221;3px&#8221; _builder_version=&#8221;3.2&#8243; max_width=&#8221;50px&#8221; custom_margin=&#8221;||10px|&#8221; animation_style=&#8221;fold&#8221; animation_direction=&#8221;left&#8221; animation_starting_opacity=&#8221;100%&#8221;][\/et_pb_divider][et_pb_text _builder_version=&#8221;4.4.1&#8243; text_font=&#8221;||||||||&#8221; text_line_height=&#8221;1.8em&#8221; width=&#8221;100%&#8221; animation_style=&#8221;slide&#8221; animation_direction=&#8221;top&#8221; animation_intensity_slide=&#8221;10%&#8221; animation_starting_opacity=&#8221;100%&#8221;]<\/p>\n<p><iframe loading=\"lazy\" title=\"Gaalan Traileri\" width=\"1080\" height=\"608\" src=\"https:\/\/www.youtube.com\/embed\/nNj560Mu6Rg?feature=oembed\" frameborder=\"0\" allow=\"accelerometer; autoplay; encrypted-media; gyroscope; picture-in-picture\" allowfullscreen><\/iframe><\/p>\n<h3><span style=\"font-weight: 400\"><a href=\"https:\/\/www.youtube.com\/playlist?list=PLtr5VZj4-7esL5vbH_PZb_aA6CQBssAAl\" target=\"_blank\" rel=\"noopener noreferrer\">Katso illan <\/a><\/span><\/h3>\n<ul>\n<li><a href=\"https:\/\/www.youtube.com\/watch?v=nNj560Mu6Rg&amp;list=PLtr5VZj4-7esL5vbH_PZb_aA6CQBssAAl&amp;index=2&amp;t=0s\" target=\"_blank\" rel=\"noopener noreferrer\"><span style=\"font-weight: 400\">videotraileri<\/span><\/a><\/li>\n<li><span style=\"font-weight: 400\"><a href=\"https:\/\/www.youtube.com\/playlist?list=PLtr5VZj4-7esL5vbH_PZb_aA6CQBssAAl\" target=\"_blank\" rel=\"noopener noreferrer\">muita videoita<\/a><\/span><\/li>\n<li><a href=\"https:\/\/drive.google.com\/file\/d\/11whWZx-E-virBxyFcqs-xToL97XWPqUh\/view?usp=sharing\" target=\"_blank\" rel=\"noopener noreferrer\"><span>k\u00e4siohjelma<\/span><\/a><\/li>\n<li><a href=\"https:\/\/drive.google.com\/drive\/folders\/1c0MBEh3H7X3V_uI7Jawsgo95GFpKkcoR?usp=sharing\" target=\"_blank\" rel=\"noopener noreferrer\"><span>lehtiartikkelit<\/span><\/a><\/li>\n<li><a href=\"https:\/\/drive.google.com\/drive\/folders\/1kX4JfmY8-Tq7ys8ho7CDuLLNPop2jKau?usp=sharing\" target=\"_blank\" rel=\"noopener noreferrer\"><span>valokuvia<\/span><\/a><\/li>\n<li><span><a href=\"https:\/\/drive.google.com\/file\/d\/1k1j3ApeS05ZCoNNHtuKdd5FSYZr4YSMV\/view?usp=sharing\" target=\"_blank\" rel=\"noopener noreferrer\">AUKEAMAN kokoinen artikkeli (30.4.2020) Rotary Norden -lehdess\u00e4<\/a>, joka ilmestyy n\u00e4iss\u00e4 maissa: Suomi, Ruotsi, Norja, Tanska, Islanti.<\/span><\/li>\n<\/ul>\n<p><span style=\"font-weight: 400\"><\/span><\/p>\n<p><span style=\"font-weight: 400\">Gaala-illassa juhlimme yhdess\u00e4\u00a0<\/span><\/p>\n<ul>\n<li><span style=\"font-size: 16px\">YST\u00c4V\u00c4NP\u00c4IV\u00c4\u00c4<\/span><\/li>\n<li style=\"font-weight: 400\"><span style=\"font-weight: 400\">AKATEEMIKKO PROFESSORI JORMA PANULAN 90v-JUHLAVUOTTA<\/span><\/li>\n<li style=\"font-weight: 400\"><span style=\"font-weight: 400\">KAUHAJOEN ROTARYKLUBIN 65V-SYNTT\u00c4REIT\u00c4<\/span><\/li>\n<\/ul>\n<p><b><i>Lahjoitimme tuoton nuorisoty\u00f6lle: Panula-Opiston kannatusyhdistyksen soitinpankille instrumenttien hankintaan sek\u00e4 Partiolippukunta Kyt\u00f6veikkojen toimintaan ja kilpatanssin MM- ja EM-tittelit syksyll\u00e4 2019 voittaneelle Tiina Tulikalliolle!<\/i><\/b><\/p>\n<p><span style=\"font-weight: 400\">Illan aikana saimme nauttia ainutlaatuisista musiikki- ja tanssiesityksist\u00e4<\/span><\/p>\n<ul>\n<li style=\"font-weight: 400\"><span style=\"font-weight: 400\">Uusia <\/span><b>musiikki<\/b><span style=\"font-weight: 400\">esityksi\u00e4<\/span><\/li>\n<ul>\n<li style=\"font-weight: 400\"><span style=\"font-weight: 400\">Panula-Opisto, Jorma Panula, Kauhajoen Pelimannit, The Three Tenors, Gaala-orkesteri + Kiprianoff Duo, jne.<\/span><\/li>\n<\/ul>\n<li style=\"font-weight: 400\"><span style=\"font-weight: 400\">Huikeita <\/span><b>tanssi<\/b><span style=\"font-weight: 400\">esityksi\u00e4<\/span><\/li>\n<ul>\n<li style=\"font-weight: 400\"><span style=\"font-size: 16px\">MTV3\/TTK:sta tuttu tanssija <\/span><b style=\"font-size: 16px\">Aleksi Sepp\u00e4nen ja kaupunginjohtaja Linda Leinonen<\/b><\/li>\n<li style=\"font-weight: 400\"><span style=\"font-weight: 400\">SOP \/ <\/span><b>Timo Kalliom\u00e4ki<\/b><span style=\"font-weight: 400\"> ja tanssija Maaret Strang<\/span><\/li>\n<li style=\"font-weight: 400\"><span style=\"font-weight: 400\">OmaSP \/ <\/span><b>Matti Uutela<\/b><span style=\"font-weight: 400\"> ja tanssija Heidi-Maria Akkala<\/span><\/li>\n<li style=\"font-weight: 400\"><span style=\"font-weight: 400\">Tanssiurheiluseura Casino, Miloff Tanssiopisto<\/span><\/li>\n<li style=\"font-weight: 400\"><span style=\"font-weight: 400\">Kauhajoen Naisvoimistelijoiden Friidut-ryhm\u00e4.<\/span><\/li>\n<\/ul>\n<\/ul>\n<p>&nbsp;<\/p>\n<p>[\/et_pb_text][\/et_pb_column][\/et_pb_row][\/et_pb_section][et_pb_section fb_built=&#8221;1&#8243; _builder_version=&#8221;4.1&#8243;][et_pb_row _builder_version=&#8221;4.1&#8243;][et_pb_column type=&#8221;4_4&#8243; _builder_version=&#8221;4.1&#8243;][et_pb_image src=&#8221;https:\/\/rotary.fi\/kauhajoki\/wp-content\/uploads\/sites\/79\/2020\/02\/matti-heitsu-tango-1.jpg&#8221; _builder_version=&#8221;4.1&#8243;][\/et_pb_image][\/et_pb_column][\/et_pb_row][\/et_pb_section]<\/p>\n","protected":false},"excerpt":{"rendered":"<p>Yst\u00e4v\u00e4np\u00e4iv\u00e4n Gaala-ilta 14.2.2020 klo 19 &#8211; 21.15 Kiitos kaikille osallistujille ja esiintyjille sek\u00e4 tottakai klubimme porukalle, jotka ahkeroivat j\u00e4rjestelyiss\u00e4! KATSO MY\u00d6S GAALAN 6.12.2021 SIVUTKAUHAJOKISEN NUORISON HYV\u00c4KSI! Kauhajoen Yhteiskoulun Liikuntasaliin rakennetulla GAALA-AREENALLA (Pr\u00e4nn\u00e4rintie 4)Gaala-illassa hienoja tanssi- ja musiikkiesityksi\u00e4. Katso illan videotraileri muita videoita k\u00e4siohjelma lehtiartikkelit valokuvia AUKEAMAN kokoinen artikkeli (30.4.2020) Rotary Norden -lehdess\u00e4, joka ilmestyy n\u00e4iss\u00e4 [&hellip;]<\/p>\n","protected":false},"author":90,"featured_media":0,"parent":0,"menu_order":0,"comment_status":"closed","ping_status":"closed","template":"","meta":{"_acf_changed":false,"_et_pb_use_builder":"on","_et_pb_old_content":"<a href=\"https:\/\/docs.google.com\/document\/d\/1bRnBOMNhp2d5ZiR9nABtBs6i4jojvq0UU8XXLo3UHQk\/edit#\" target=\"_blank\" rel=\"noopener noreferrer\"><img class=\"size-medium wp-image-1914 alignright\" src=\"https:\/\/rotary.fi\/kauhajoki\/wp-content\/uploads\/sites\/79\/2020\/01\/gaala-14-2-2020-300x225.jpeg\" alt=\"\" width=\"300\" height=\"225\" \/><\/a>Yst\u00e4v\u00e4np\u00e4iv\u00e4n Gaala-ilta 14.2.2020\r\n\r\n--> JULKAISEMATONTA TIETOA\r\n\r\n--> Mist\u00e4 on kysymys, k\u00e4siohjelma, p\u00f6yt\u00e4paikat, ym.\r\n\r\n--> KATSO<a href=\"https:\/\/docs.google.com\/document\/d\/1bRnBOMNhp2d5ZiR9nABtBs6i4jojvq0UU8XXLo3UHQk\/edit#\" target=\"_blank\" rel=\"noopener noreferrer\"> Yst\u00e4v\u00e4np\u00e4iv\u00e4n GAALA-ILTA Areenalla<\/a>\r\n\r\n\u00a0","_et_gb_content_width":"","footnotes":""},"class_list":["post-1908","page","type-page","status-publish","hentry"],"acf":[],"yoast_head":"<!-- This site is optimized with the Yoast SEO plugin v27.4 - https:\/\/yoast.com\/product\/yoast-seo-wordpress\/ -->\n<title>Yst\u00e4v\u00e4np\u00e4iv\u00e4n Gaala-ilta 14.2.2020 - Kauhajoen Rotaryklubi ry<\/title>\n<meta name=\"robots\" content=\"index, follow, max-snippet:-1, max-image-preview:large, max-video-preview:-1\" \/>\n<link rel=\"canonical\" href=\"https:\/\/rotary.fi\/kauhajoki\/gaala20\/\" \/>\n<meta property=\"og:locale\" content=\"fi_FI\" \/>\n<meta property=\"og:type\" content=\"article\" \/>\n<meta property=\"og:title\" content=\"Yst\u00e4v\u00e4np\u00e4iv\u00e4n Gaala-ilta 14.2.2020 - Kauhajoen Rotaryklubi ry\" \/>\n<meta property=\"og:description\" content=\"Yst\u00e4v\u00e4np\u00e4iv\u00e4n Gaala-ilta 14.2.2020 klo 19 - 21.15 Kiitos kaikille osallistujille ja esiintyjille sek\u00e4 tottakai klubimme porukalle, jotka ahkeroivat j\u00e4rjestelyiss\u00e4! KATSO MY\u00d6S GAALAN 6.12.2021 SIVUTKAUHAJOKISEN NUORISON HYV\u00c4KSI! Kauhajoen Yhteiskoulun Liikuntasaliin rakennetulla GAALA-AREENALLA (Pr\u00e4nn\u00e4rintie 4)Gaala-illassa hienoja tanssi- ja musiikkiesityksi\u00e4. Katso illan videotraileri muita videoita k\u00e4siohjelma lehtiartikkelit valokuvia AUKEAMAN kokoinen artikkeli (30.4.2020) Rotary Norden -lehdess\u00e4, joka ilmestyy n\u00e4iss\u00e4 [&hellip;]\" \/>\n<meta property=\"og:url\" content=\"https:\/\/rotary.fi\/kauhajoki\/gaala20\/\" \/>\n<meta property=\"og:site_name\" content=\"Kauhajoen Rotaryklubi ry\" \/>\n<meta property=\"article:modified_time\" content=\"2021-11-26T17:41:27+00:00\" \/>\n<meta name=\"twitter:card\" content=\"summary_large_image\" \/>\n<meta name=\"twitter:label1\" content=\"Arvioitu lukuaika\" \/>\n\t<meta name=\"twitter:data1\" content=\"3 minuuttia\" \/>\n<script type=\"application\/ld+json\" class=\"yoast-schema-graph\">{\"@context\":\"https:\\\/\\\/schema.org\",\"@graph\":[{\"@type\":\"WebPage\",\"@id\":\"https:\\\/\\\/rotary.fi\\\/kauhajoki\\\/gaala20\\\/\",\"url\":\"https:\\\/\\\/rotary.fi\\\/kauhajoki\\\/gaala20\\\/\",\"name\":\"Yst\u00e4v\u00e4np\u00e4iv\u00e4n Gaala-ilta 14.2.2020 - Kauhajoen Rotaryklubi ry\",\"isPartOf\":{\"@id\":\"https:\\\/\\\/rotary.fi\\\/kauhajoki\\\/#website\"},\"datePublished\":\"2020-01-09T19:14:27+00:00\",\"dateModified\":\"2021-11-26T17:41:27+00:00\",\"breadcrumb\":{\"@id\":\"https:\\\/\\\/rotary.fi\\\/kauhajoki\\\/gaala20\\\/#breadcrumb\"},\"inLanguage\":\"fi\",\"potentialAction\":[{\"@type\":\"ReadAction\",\"target\":[\"https:\\\/\\\/rotary.fi\\\/kauhajoki\\\/gaala20\\\/\"]}]},{\"@type\":\"BreadcrumbList\",\"@id\":\"https:\\\/\\\/rotary.fi\\\/kauhajoki\\\/gaala20\\\/#breadcrumb\",\"itemListElement\":[{\"@type\":\"ListItem\",\"position\":1,\"name\":\"Home\",\"item\":\"https:\\\/\\\/rotary.fi\\\/kauhajoki\\\/\"},{\"@type\":\"ListItem\",\"position\":2,\"name\":\"Yst\u00e4v\u00e4np\u00e4iv\u00e4n Gaala-ilta 14.2.2020\"}]},{\"@type\":\"WebSite\",\"@id\":\"https:\\\/\\\/rotary.fi\\\/kauhajoki\\\/#website\",\"url\":\"https:\\\/\\\/rotary.fi\\\/kauhajoki\\\/\",\"name\":\"Kauhajoen Rotaryklubi ry\",\"description\":\"Uusi Rotary klubisivusto\",\"potentialAction\":[{\"@type\":\"SearchAction\",\"target\":{\"@type\":\"EntryPoint\",\"urlTemplate\":\"https:\\\/\\\/rotary.fi\\\/kauhajoki\\\/?s={search_term_string}\"},\"query-input\":{\"@type\":\"PropertyValueSpecification\",\"valueRequired\":true,\"valueName\":\"search_term_string\"}}],\"inLanguage\":\"fi\"}]}<\/script>\n<!-- \/ Yoast SEO plugin. -->","yoast_head_json":{"title":"Yst\u00e4v\u00e4np\u00e4iv\u00e4n Gaala-ilta 14.2.2020 - Kauhajoen Rotaryklubi ry","robots":{"index":"index","follow":"follow","max-snippet":"max-snippet:-1","max-image-preview":"max-image-preview:large","max-video-preview":"max-video-preview:-1"},"canonical":"https:\/\/rotary.fi\/kauhajoki\/gaala20\/","og_locale":"fi_FI","og_type":"article","og_title":"Yst\u00e4v\u00e4np\u00e4iv\u00e4n Gaala-ilta 14.2.2020 - Kauhajoen Rotaryklubi ry","og_description":"Yst\u00e4v\u00e4np\u00e4iv\u00e4n Gaala-ilta 14.2.2020 klo 19 - 21.15 Kiitos kaikille osallistujille ja esiintyjille sek\u00e4 tottakai klubimme porukalle, jotka ahkeroivat j\u00e4rjestelyiss\u00e4! KATSO MY\u00d6S GAALAN 6.12.2021 SIVUTKAUHAJOKISEN NUORISON HYV\u00c4KSI! Kauhajoen Yhteiskoulun Liikuntasaliin rakennetulla GAALA-AREENALLA (Pr\u00e4nn\u00e4rintie 4)Gaala-illassa hienoja tanssi- ja musiikkiesityksi\u00e4. Katso illan videotraileri muita videoita k\u00e4siohjelma lehtiartikkelit valokuvia AUKEAMAN kokoinen artikkeli (30.4.2020) Rotary Norden -lehdess\u00e4, joka ilmestyy n\u00e4iss\u00e4 [&hellip;]","og_url":"https:\/\/rotary.fi\/kauhajoki\/gaala20\/","og_site_name":"Kauhajoen Rotaryklubi ry","article_modified_time":"2021-11-26T17:41:27+00:00","twitter_card":"summary_large_image","twitter_misc":{"Arvioitu lukuaika":"3 minuuttia"},"schema":{"@context":"https:\/\/schema.org","@graph":[{"@type":"WebPage","@id":"https:\/\/rotary.fi\/kauhajoki\/gaala20\/","url":"https:\/\/rotary.fi\/kauhajoki\/gaala20\/","name":"Yst\u00e4v\u00e4np\u00e4iv\u00e4n Gaala-ilta 14.2.2020 - Kauhajoen Rotaryklubi ry","isPartOf":{"@id":"https:\/\/rotary.fi\/kauhajoki\/#website"},"datePublished":"2020-01-09T19:14:27+00:00","dateModified":"2021-11-26T17:41:27+00:00","breadcrumb":{"@id":"https:\/\/rotary.fi\/kauhajoki\/gaala20\/#breadcrumb"},"inLanguage":"fi","potentialAction":[{"@type":"ReadAction","target":["https:\/\/rotary.fi\/kauhajoki\/gaala20\/"]}]},{"@type":"BreadcrumbList","@id":"https:\/\/rotary.fi\/kauhajoki\/gaala20\/#breadcrumb","itemListElement":[{"@type":"ListItem","position":1,"name":"Home","item":"https:\/\/rotary.fi\/kauhajoki\/"},{"@type":"ListItem","position":2,"name":"Yst\u00e4v\u00e4np\u00e4iv\u00e4n Gaala-ilta 14.2.2020"}]},{"@type":"WebSite","@id":"https:\/\/rotary.fi\/kauhajoki\/#website","url":"https:\/\/rotary.fi\/kauhajoki\/","name":"Kauhajoen Rotaryklubi ry","description":"Uusi Rotary klubisivusto","potentialAction":[{"@type":"SearchAction","target":{"@type":"EntryPoint","urlTemplate":"https:\/\/rotary.fi\/kauhajoki\/?s={search_term_string}"},"query-input":{"@type":"PropertyValueSpecification","valueRequired":true,"valueName":"search_term_string"}}],"inLanguage":"fi"}]}},"lang":"fi","translations":{"fi":1908},"pll_sync_post":[],"_links":{"self":[{"href":"https:\/\/rotary.fi\/kauhajoki\/wp-json\/wp\/v2\/pages\/1908","targetHints":{"allow":["GET"]}}],"collection":[{"href":"https:\/\/rotary.fi\/kauhajoki\/wp-json\/wp\/v2\/pages"}],"about":[{"href":"https:\/\/rotary.fi\/kauhajoki\/wp-json\/wp\/v2\/types\/page"}],"author":[{"embeddable":true,"href":"https:\/\/rotary.fi\/kauhajoki\/wp-json\/wp\/v2\/users\/90"}],"replies":[{"embeddable":true,"href":"https:\/\/rotary.fi\/kauhajoki\/wp-json\/wp\/v2\/comments?post=1908"}],"version-history":[{"count":9,"href":"https:\/\/rotary.fi\/kauhajoki\/wp-json\/wp\/v2\/pages\/1908\/revisions"}],"predecessor-version":[{"id":2819,"href":"https:\/\/rotary.fi\/kauhajoki\/wp-json\/wp\/v2\/pages\/1908\/revisions\/2819"}],"wp:attachment":[{"href":"https:\/\/rotary.fi\/kauhajoki\/wp-json\/wp\/v2\/media?parent=1908"}],"curies":[{"name":"wp","href":"https:\/\/api.w.org\/{rel}","templated":true}]}}