{"id":142,"date":"2018-08-10T14:04:45","date_gmt":"2018-08-10T11:04:45","guid":{"rendered":"https:\/\/rotary.fi\/klubi2\/?page_id=142"},"modified":"2025-07-29T13:02:39","modified_gmt":"2025-07-29T10:02:39","slug":"ilo-esitella","status":"publish","type":"page","link":"https:\/\/rotary.fi\/kauhajoki\/keita-olemme\/ilo-esitella\/","title":{"rendered":"Ilo esitell\u00e4"},"content":{"rendered":"<p>[et_pb_section fb_built=&#8221;1&#8243; module_class=&#8221;jumbotron-page&#8221; _builder_version=&#8221;4.21.0&#8243; background_image=&#8221;https:\/\/rotary.fi\/kauhajoki\/wp-content\/uploads\/sites\/79\/2022\/08\/rotaryzones-map.jpeg&#8221; background_size=&#8221;contain&#8221; global_colors_info=&#8221;{}&#8221;][et_pb_row _builder_version=&#8221;4.16&#8243; background_size=&#8221;initial&#8221; background_position=&#8221;top_left&#8221; background_repeat=&#8221;repeat&#8221; global_colors_info=&#8221;{}&#8221;][et_pb_column type=&#8221;4_4&#8243; _builder_version=&#8221;4.16&#8243; custom_padding=&#8221;|||&#8221; global_colors_info=&#8221;{}&#8221; custom_padding__hover=&#8221;|||&#8221;][et_pb_text admin_label=&#8221;P\u00e4\u00e4otsikko&#8221; _builder_version=&#8221;4.16&#8243; text_orientation=&#8221;center&#8221; background_layout=&#8221;dark&#8221; global_colors_info=&#8221;{}&#8221;][\/et_pb_text][\/et_pb_column][\/et_pb_row][\/et_pb_section][et_pb_section fb_built=&#8221;1&#8243; specialty=&#8221;on&#8221; module_class_2=&#8221;sivupalkki&#8221; _builder_version=&#8221;4.16&#8243; global_colors_info=&#8221;{}&#8221;][et_pb_column type=&#8221;2_3&#8243; specialty_columns=&#8221;2&#8243; _builder_version=&#8221;4.16&#8243; custom_padding=&#8221;|||&#8221; global_colors_info=&#8221;{}&#8221; parallax__hover=&#8221;off&#8221; parallax_method__hover=&#8221;on&#8221; custom_padding__hover=&#8221;|||&#8221;][et_pb_row_inner admin_label=&#8221;Rivi&#8221; _builder_version=&#8221;4.21.0&#8243; global_colors_info=&#8221;{}&#8221;][et_pb_column_inner saved_specialty_column_type=&#8221;2_3&#8243; _builder_version=&#8221;4.21.0&#8243; custom_padding=&#8221;|||&#8221; global_colors_info=&#8221;{}&#8221; parallax__hover=&#8221;off&#8221; parallax_method__hover=&#8221;on&#8221; custom_padding__hover=&#8221;|||&#8221;][et_pb_text admin_label=&#8221;Ilo esitell\u00e4 &#8211; Otsikko&#8221; _builder_version=&#8221;4.16&#8243; text_orientation=&#8221;center&#8221; global_colors_info=&#8221;{}&#8221;]<\/p>\n<h1><\/h1>\n<h1>Ilo esitell\u00e4<\/h1>\n<p>[\/et_pb_text][et_pb_text _builder_version=&#8221;4.25.2&#8243; background_enable_image=&#8221;off&#8221; background_size=&#8221;contain&#8221; background_position=&#8221;center_right&#8221; custom_padding=&#8221;|198px||||&#8221; global_colors_info=&#8221;{}&#8221;]<\/p>\n<h3 class=\"zfr3Q\"><strong>Uusimpia j\u00e4seni\u00e4mme<\/strong><\/h3>\n<ul>\n<li class=\"zfr3Q\">\u00a0Kauhajoen Rotaryklubin uusimpia j\u00e4seni\u00e4 ovat\n<ul>\n<li>Riitta Saaristo<\/li>\n<li class=\"zfr3Q\">Niku Latva-Pukkila<\/li>\n<\/ul>\n<\/li>\n<\/ul>\n<p>ROTARYKLUBIMME INTRANET-SIVUSTO: <a href=\"https:\/\/sites.google.com\/rotarykauhajoki.net\/intra\/etusivu\" target=\"_blank\" rel=\"noopener\">ROTARYKAUHAJOKI.NET<\/a><\/p>\n<ul>\n<li><strong><a href=\"https:\/\/sites.google.com\/rotarykauhajoki.net\/intra\/citations-tunnustuksia\" target=\"_blank\" rel=\"noopener\">Kauhajoen Rotaryklubille uusia tunnustuksia!<\/a><\/strong><\/li>\n<li><strong><a href=\"https:\/\/rotary.org\/en\/get-involved\/join\" target=\"_blank\" rel=\"noopener\">Oletko kiinnostunut Rotarytoiminnasta \u2013 Interested in Rotary? Click here for more information!<\/a><\/strong><\/li>\n<\/ul>\n<p>&nbsp;<\/p>\n<p><strong><\/strong><\/p>\n<p><strong><\/strong><\/p>\n<h1 class=\"zfr3Q\"><strong><\/strong><\/h1>\n<h1 id=\"h.p_Hfn9HJEwZh1t\" class=\"zfr3Q\"><strong>ROTARIEN LAULU<\/strong><\/h1>\n<p id=\"h.p_4tnEmXcTZkpE\" class=\"zfr3Q\"><strong>S\u00e4vel: Kymmenen virran maa <\/strong><\/p>\n<p id=\"h.p_IkLhr-Q1aoaL\" class=\"zfr3Q\">1 Tervetuloa seurahan yst\u00e4vien<\/p>\n<p id=\"h.p_QM2RutM3Z8SZ\" class=\"zfr3Q QcmuFb\">tasavertaisna joukkoomme aina.<\/p>\n<p id=\"h.p_yPzuOGYaZ1Eb\" class=\"zfr3Q\">K\u00e4den liitt\u00e4en yst\u00e4v\u00e4n k\u00e4mmenehen<\/p>\n<p id=\"h.p_WDGT3dceZ7C7\" class=\"zfr3Q QcmuFb\">yh\u00e4 muista ja mieleesi paina<\/p>\n<p id=\"h.p_y0NocfWiaCGp\" class=\"zfr3Q\">t\u00e4m\u00e4 tunnuslauseemme turvallinen:<\/p>\n<p id=\"h.p_PQCHBlHFaGDz\" class=\"zfr3Q QcmuFb\">Enin voittaa ken palvelee parhaiten.<\/p>\n<p id=\"h.p_uIvxKCHKahAm\" class=\"zfr3Q\">2 Sin\u00e4 tied\u00e4th\u00e4n aatteemme ohjeena on:<\/p>\n<p id=\"h.p_KC5xnW3paM_A\" class=\"zfr3Q QcmuFb\">hyv\u00e4 tahto ja palvelumieli.<\/p>\n<p id=\"h.p_jWqArxsPaNoY\" class=\"zfr3Q\">Yli merten ja maitten se kantakohon<\/p>\n<p id=\"h.p_ppHtRvM9aP3n\" class=\"zfr3Q QcmuFb\">t\u00e4m\u00e4 kansojen kaunehin kieli.<\/p>\n<p id=\"h.p_PIYW2BAaaQfB\" class=\"zfr3Q\">Hymyn keskess\u00e4 kenk\u00e4\u00e4n ei kylm\u00e4ksi j\u00e4\u00e4<\/p>\n<p id=\"h.p_WiGpCi89aSkR\" class=\"zfr3Q QcmuFb\">sit\u00e4 vieras ja yst\u00e4v\u00e4 ymm\u00e4rt\u00e4\u00e4.<\/p>\n<p id=\"h.p_cxMMzW5bafic\" class=\"zfr3Q\">3 Mit\u00e4 itselles\u00b4 toivot se toiselle suo<\/p>\n<p id=\"h.p_2UzUpwWYaWRm\" class=\"zfr3Q QcmuFb\">oma arvonsa kaikille anna.<\/p>\n<p id=\"h.p_TkdxrmznaXB-\" class=\"zfr3Q\">Ja se sullekin kuuluvi k\u00e4skyn\u00e4 tuo:<\/p>\n<p id=\"h.p_ixmbNRzbaZnG\" class=\"zfr3Q\">aina heikkoa nosta ja kanna.<\/p>\n<p id=\"h.p_3NmEiR4OaaS2\" class=\"zfr3Q\">Elon vastuuta emme me v\u00e4isty\u00e4 saa<\/p>\n<p id=\"h.p_As_-_Kubaedk\" class=\"zfr3Q QcmuFb\">ratas-merkkimme meit\u00e4 kun velvoittaa.<\/p>\n<p id=\"h.p__nGv3UozZite\" class=\"zfr3Q\"><strong>Sanat: Eino Leinonen, Teuvan Rotaryklubi<\/strong><\/p>\n<p><iframe loading=\"lazy\" title=\"Kymmenen virran maa -karaoke\" width=\"1080\" height=\"608\" src=\"https:\/\/www.youtube.com\/embed\/1g38nnVY_ew?feature=oembed\"  allow=\"accelerometer; autoplay; clipboard-write; encrypted-media; gyroscope; picture-in-picture\" allowfullscreen><\/iframe><\/p>\n<p>&nbsp;<\/p>\n<p>[\/et_pb_text][\/et_pb_column_inner][\/et_pb_row_inner][\/et_pb_column][et_pb_column type=&#8221;1_3&#8243; _builder_version=&#8221;4.16&#8243; custom_padding=&#8221;|||&#8221; global_colors_info=&#8221;{}&#8221; parallax__hover=&#8221;off&#8221; parallax_method__hover=&#8221;on&#8221; module_class__hover=&#8221;sivupalkki&#8221; custom_padding__hover=&#8221;|||&#8221;][et_pb_sidebar area=&#8221;sidebar-1&#8243; module_class=&#8221;sivupalkki_sisalto&#8221; _builder_version=&#8221;4.16&#8243; locked=&#8221;on&#8221; global_colors_info=&#8221;{}&#8221;][\/et_pb_sidebar][\/et_pb_column][\/et_pb_section]<\/p>\n","protected":false},"excerpt":{"rendered":"<p>Ilo esitell\u00e4Uusimpia j\u00e4seni\u00e4mme \u00a0Kauhajoen Rotaryklubin uusimpia j\u00e4seni\u00e4 ovat Riitta Saaristo Niku Latva-Pukkila ROTARYKLUBIMME INTRANET-SIVUSTO: ROTARYKAUHAJOKI.NET Kauhajoen Rotaryklubille uusia tunnustuksia! Oletko kiinnostunut Rotarytoiminnasta \u2013 Interested in Rotary? Click here for more information! &nbsp; ROTARIEN LAULU S\u00e4vel: Kymmenen virran maa 1 Tervetuloa seurahan yst\u00e4vien tasavertaisna joukkoomme aina. K\u00e4den liitt\u00e4en yst\u00e4v\u00e4n k\u00e4mmenehen yh\u00e4 muista ja mieleesi paina t\u00e4m\u00e4 [&hellip;]<\/p>\n","protected":false},"author":1,"featured_media":0,"parent":129,"menu_order":0,"comment_status":"closed","ping_status":"closed","template":"","meta":{"_acf_changed":false,"_et_pb_use_builder":"on","_et_pb_old_content":"","_et_gb_content_width":"","footnotes":""},"class_list":["post-142","page","type-page","status-publish","hentry"],"acf":[],"yoast_head":"<!-- This site is optimized with the Yoast SEO plugin v27.0 - https:\/\/yoast.com\/product\/yoast-seo-wordpress\/ -->\n<title>Ilo esitell\u00e4 - Kauhajoen Rotaryklubi ry<\/title>\n<meta name=\"robots\" content=\"index, follow, max-snippet:-1, max-image-preview:large, max-video-preview:-1\" \/>\n<link rel=\"canonical\" href=\"https:\/\/rotary.fi\/kauhajoki\/keita-olemme\/ilo-esitella\/\" \/>\n<meta property=\"og:locale\" content=\"fi_FI\" \/>\n<meta property=\"og:type\" content=\"article\" \/>\n<meta property=\"og:title\" content=\"Ilo esitell\u00e4 - Kauhajoen Rotaryklubi ry\" \/>\n<meta property=\"og:description\" content=\"Ilo esitell\u00e4Uusimpia j\u00e4seni\u00e4mme \u00a0Kauhajoen Rotaryklubin uusimpia j\u00e4seni\u00e4 ovat Riitta Saaristo Niku Latva-Pukkila ROTARYKLUBIMME INTRANET-SIVUSTO: ROTARYKAUHAJOKI.NET Kauhajoen Rotaryklubille uusia tunnustuksia! Oletko kiinnostunut Rotarytoiminnasta \u2013 Interested in Rotary? Click here for more information! &nbsp; ROTARIEN LAULU S\u00e4vel: Kymmenen virran maa 1 Tervetuloa seurahan yst\u00e4vien tasavertaisna joukkoomme aina. K\u00e4den liitt\u00e4en yst\u00e4v\u00e4n k\u00e4mmenehen yh\u00e4 muista ja mieleesi paina t\u00e4m\u00e4 [&hellip;]\" \/>\n<meta property=\"og:url\" content=\"https:\/\/rotary.fi\/kauhajoki\/keita-olemme\/ilo-esitella\/\" \/>\n<meta property=\"og:site_name\" content=\"Kauhajoen Rotaryklubi ry\" \/>\n<meta property=\"article:modified_time\" content=\"2025-07-29T10:02:39+00:00\" \/>\n<meta name=\"twitter:card\" content=\"summary_large_image\" \/>\n<meta name=\"twitter:label1\" content=\"Arvioitu lukuaika\" \/>\n\t<meta name=\"twitter:data1\" content=\"1 minuutti\" \/>\n<script type=\"application\/ld+json\" class=\"yoast-schema-graph\">{\"@context\":\"https:\/\/schema.org\",\"@graph\":[{\"@type\":\"WebPage\",\"@id\":\"https:\/\/rotary.fi\/kauhajoki\/keita-olemme\/ilo-esitella\/\",\"url\":\"https:\/\/rotary.fi\/kauhajoki\/keita-olemme\/ilo-esitella\/\",\"name\":\"Ilo esitell\u00e4 - Kauhajoen Rotaryklubi ry\",\"isPartOf\":{\"@id\":\"https:\/\/rotary.fi\/kauhajoki\/#website\"},\"datePublished\":\"2018-08-10T11:04:45+00:00\",\"dateModified\":\"2025-07-29T10:02:39+00:00\",\"breadcrumb\":{\"@id\":\"https:\/\/rotary.fi\/kauhajoki\/keita-olemme\/ilo-esitella\/#breadcrumb\"},\"inLanguage\":\"fi\",\"potentialAction\":[{\"@type\":\"ReadAction\",\"target\":[\"https:\/\/rotary.fi\/kauhajoki\/keita-olemme\/ilo-esitella\/\"]}]},{\"@type\":\"BreadcrumbList\",\"@id\":\"https:\/\/rotary.fi\/kauhajoki\/keita-olemme\/ilo-esitella\/#breadcrumb\",\"itemListElement\":[{\"@type\":\"ListItem\",\"position\":1,\"name\":\"Home\",\"item\":\"https:\/\/rotary.fi\/kauhajoki\/\"},{\"@type\":\"ListItem\",\"position\":2,\"name\":\"Keit\u00e4 olemme\",\"item\":\"https:\/\/rotary.fi\/kauhajoki\/keita-olemme\/\"},{\"@type\":\"ListItem\",\"position\":3,\"name\":\"Ilo esitell\u00e4\"}]},{\"@type\":\"WebSite\",\"@id\":\"https:\/\/rotary.fi\/kauhajoki\/#website\",\"url\":\"https:\/\/rotary.fi\/kauhajoki\/\",\"name\":\"Kauhajoen Rotaryklubi ry\",\"description\":\"Uusi Rotary klubisivusto\",\"potentialAction\":[{\"@type\":\"SearchAction\",\"target\":{\"@type\":\"EntryPoint\",\"urlTemplate\":\"https:\/\/rotary.fi\/kauhajoki\/?s={search_term_string}\"},\"query-input\":{\"@type\":\"PropertyValueSpecification\",\"valueRequired\":true,\"valueName\":\"search_term_string\"}}],\"inLanguage\":\"fi\"}]}<\/script>\n<!-- \/ Yoast SEO plugin. -->","yoast_head_json":{"title":"Ilo esitell\u00e4 - Kauhajoen Rotaryklubi ry","robots":{"index":"index","follow":"follow","max-snippet":"max-snippet:-1","max-image-preview":"max-image-preview:large","max-video-preview":"max-video-preview:-1"},"canonical":"https:\/\/rotary.fi\/kauhajoki\/keita-olemme\/ilo-esitella\/","og_locale":"fi_FI","og_type":"article","og_title":"Ilo esitell\u00e4 - Kauhajoen Rotaryklubi ry","og_description":"Ilo esitell\u00e4Uusimpia j\u00e4seni\u00e4mme \u00a0Kauhajoen Rotaryklubin uusimpia j\u00e4seni\u00e4 ovat Riitta Saaristo Niku Latva-Pukkila ROTARYKLUBIMME INTRANET-SIVUSTO: ROTARYKAUHAJOKI.NET Kauhajoen Rotaryklubille uusia tunnustuksia! Oletko kiinnostunut Rotarytoiminnasta \u2013 Interested in Rotary? Click here for more information! &nbsp; ROTARIEN LAULU S\u00e4vel: Kymmenen virran maa 1 Tervetuloa seurahan yst\u00e4vien tasavertaisna joukkoomme aina. K\u00e4den liitt\u00e4en yst\u00e4v\u00e4n k\u00e4mmenehen yh\u00e4 muista ja mieleesi paina t\u00e4m\u00e4 [&hellip;]","og_url":"https:\/\/rotary.fi\/kauhajoki\/keita-olemme\/ilo-esitella\/","og_site_name":"Kauhajoen Rotaryklubi ry","article_modified_time":"2025-07-29T10:02:39+00:00","twitter_card":"summary_large_image","twitter_misc":{"Arvioitu lukuaika":"1 minuutti"},"schema":{"@context":"https:\/\/schema.org","@graph":[{"@type":"WebPage","@id":"https:\/\/rotary.fi\/kauhajoki\/keita-olemme\/ilo-esitella\/","url":"https:\/\/rotary.fi\/kauhajoki\/keita-olemme\/ilo-esitella\/","name":"Ilo esitell\u00e4 - Kauhajoen Rotaryklubi ry","isPartOf":{"@id":"https:\/\/rotary.fi\/kauhajoki\/#website"},"datePublished":"2018-08-10T11:04:45+00:00","dateModified":"2025-07-29T10:02:39+00:00","breadcrumb":{"@id":"https:\/\/rotary.fi\/kauhajoki\/keita-olemme\/ilo-esitella\/#breadcrumb"},"inLanguage":"fi","potentialAction":[{"@type":"ReadAction","target":["https:\/\/rotary.fi\/kauhajoki\/keita-olemme\/ilo-esitella\/"]}]},{"@type":"BreadcrumbList","@id":"https:\/\/rotary.fi\/kauhajoki\/keita-olemme\/ilo-esitella\/#breadcrumb","itemListElement":[{"@type":"ListItem","position":1,"name":"Home","item":"https:\/\/rotary.fi\/kauhajoki\/"},{"@type":"ListItem","position":2,"name":"Keit\u00e4 olemme","item":"https:\/\/rotary.fi\/kauhajoki\/keita-olemme\/"},{"@type":"ListItem","position":3,"name":"Ilo esitell\u00e4"}]},{"@type":"WebSite","@id":"https:\/\/rotary.fi\/kauhajoki\/#website","url":"https:\/\/rotary.fi\/kauhajoki\/","name":"Kauhajoen Rotaryklubi ry","description":"Uusi Rotary klubisivusto","potentialAction":[{"@type":"SearchAction","target":{"@type":"EntryPoint","urlTemplate":"https:\/\/rotary.fi\/kauhajoki\/?s={search_term_string}"},"query-input":{"@type":"PropertyValueSpecification","valueRequired":true,"valueName":"search_term_string"}}],"inLanguage":"fi"}]}},"lang":"fi","translations":{"fi":142},"pll_sync_post":[],"_links":{"self":[{"href":"https:\/\/rotary.fi\/kauhajoki\/wp-json\/wp\/v2\/pages\/142","targetHints":{"allow":["GET"]}}],"collection":[{"href":"https:\/\/rotary.fi\/kauhajoki\/wp-json\/wp\/v2\/pages"}],"about":[{"href":"https:\/\/rotary.fi\/kauhajoki\/wp-json\/wp\/v2\/types\/page"}],"author":[{"embeddable":true,"href":"https:\/\/rotary.fi\/kauhajoki\/wp-json\/wp\/v2\/users\/1"}],"replies":[{"embeddable":true,"href":"https:\/\/rotary.fi\/kauhajoki\/wp-json\/wp\/v2\/comments?post=142"}],"version-history":[{"count":9,"href":"https:\/\/rotary.fi\/kauhajoki\/wp-json\/wp\/v2\/pages\/142\/revisions"}],"predecessor-version":[{"id":3385,"href":"https:\/\/rotary.fi\/kauhajoki\/wp-json\/wp\/v2\/pages\/142\/revisions\/3385"}],"up":[{"embeddable":true,"href":"https:\/\/rotary.fi\/kauhajoki\/wp-json\/wp\/v2\/pages\/129"}],"wp:attachment":[{"href":"https:\/\/rotary.fi\/kauhajoki\/wp-json\/wp\/v2\/media?parent=142"}],"curies":[{"name":"wp","href":"https:\/\/api.w.org\/{rel}","templated":true}]}}