{"id":132,"date":"2018-08-10T13:59:56","date_gmt":"2018-08-10T10:59:56","guid":{"rendered":"https:\/\/rotary.fi\/klubi2\/?page_id=132"},"modified":"2025-07-29T13:29:36","modified_gmt":"2025-07-29T10:29:36","slug":"hallitus-ja-toimihenkilot","status":"publish","type":"page","link":"https:\/\/rotary.fi\/kauhajoki\/keita-olemme\/hallitus-ja-toimihenkilot\/","title":{"rendered":"Hallitus ja toimihenkil\u00f6t"},"content":{"rendered":"<p>[et_pb_section fb_built=&#8221;1&#8243; module_class=&#8221;jumbotron-page&#8221; _builder_version=&#8221;4.16&#8243; background_image=&#8221;https:\/\/rotary.fi\/kauhajoki\/wp-content\/uploads\/sites\/79\/2021\/05\/rotary-supporting-the-environment-2.jpeg&#8221; background_size=&#8221;contain&#8221; background_repeat=&#8221;repeat&#8221; global_colors_info=&#8221;{}&#8221;][et_pb_row _builder_version=&#8221;4.16&#8243; background_size=&#8221;initial&#8221; background_position=&#8221;top_left&#8221; background_repeat=&#8221;repeat&#8221; global_colors_info=&#8221;{}&#8221;][et_pb_column type=&#8221;4_4&#8243; _builder_version=&#8221;4.16&#8243; custom_padding=&#8221;|||&#8221; global_colors_info=&#8221;{}&#8221; custom_padding__hover=&#8221;|||&#8221;][et_pb_text admin_label=&#8221;P\u00e4\u00e4otsikko&#8221; _builder_version=&#8221;4.16&#8243; text_orientation=&#8221;center&#8221; background_layout=&#8221;dark&#8221; global_colors_info=&#8221;{}&#8221;][\/et_pb_text][\/et_pb_column][\/et_pb_row][\/et_pb_section][et_pb_section fb_built=&#8221;1&#8243; specialty=&#8221;on&#8221; module_class_2=&#8221;sivupalkki&#8221; _builder_version=&#8221;4.16&#8243; global_colors_info=&#8221;{}&#8221;][et_pb_column type=&#8221;2_3&#8243; specialty_columns=&#8221;2&#8243; _builder_version=&#8221;4.16&#8243; custom_padding=&#8221;|||&#8221; global_colors_info=&#8221;{}&#8221; custom_padding__hover=&#8221;|||&#8221;][et_pb_row_inner admin_label=&#8221;Rivi&#8221; _builder_version=&#8221;4.16&#8243; global_colors_info=&#8221;{}&#8221;][et_pb_column_inner saved_specialty_column_type=&#8221;2_3&#8243; _builder_version=&#8221;4.16&#8243; custom_padding=&#8221;|||&#8221; global_colors_info=&#8221;{}&#8221; custom_padding__hover=&#8221;|||&#8221;][et_pb_text admin_label=&#8221;Otsikko&#8221; _builder_version=&#8221;4.25.2&#8243; text_orientation=&#8221;center&#8221; global_colors_info=&#8221;{}&#8221;]<\/p>\n<h2>Klubin hallitus ja toimihenkil\u00f6t<\/h2>\n<p>[\/et_pb_text][\/et_pb_column_inner][\/et_pb_row_inner][et_pb_row_inner column_structure=&#8221;1_2,1_2&#8243; admin_label=&#8221;Rivi&#8221; _builder_version=&#8221;4.16&#8243; global_colors_info=&#8221;{}&#8221;][et_pb_column_inner type=&#8221;1_2&#8243; saved_specialty_column_type=&#8221;2_3&#8243; _builder_version=&#8221;4.16&#8243; custom_padding=&#8221;|||&#8221; global_colors_info=&#8221;{}&#8221; custom_padding__hover=&#8221;|||&#8221;][et_pb_team_member name=&#8221;JUSSI NEVALA&#8221; position=&#8221;Presidentti&#8221; image_url=&#8221;https:\/\/rotary.fi\/kauhajoki\/wp-content\/uploads\/sites\/79\/2025\/07\/jussi-nevala.png&#8221; facebook_url=&#8221;https:\/\/www.facebook.com\/KauhajoenRotaryklubi\/&#8221; twitter_url=&#8221;https:\/\/www.facebook.com\/KauhajoenRotaryklubi\/&#8221; linkedin_url=&#8221;https:\/\/www.facebook.com\/KauhajoenRotaryklubi\/&#8221; admin_label=&#8221;Presidentti&#8221; _builder_version=&#8221;4.27.4&#8243; global_colors_info=&#8221;{}&#8221; title_text=&#8221;JUSSI-NEVALA&#8221;]<\/p>\n<p>Kauhajoen Rotaryklubi ry<\/p>\n<p>S\u00e4hk\u00f6posti\/email:<\/p>\n<p><span style=\"color: #e02b20\"><strong>KAUHAJOEN.ROTARYKLUBI@GMAIL.COM<\/strong><\/span><\/p>\n<p><em><strong><\/strong><\/em><\/p>\n<p><a href=\"mailto:jussipaappa6@gmail.com\">(HENK KOHT: jussipaappa6@gmail.com)<\/a><\/p>\n<p>&nbsp;<\/p>\n<h4>Kotisivu: <a href=\"https:\/\/sites.google.com\/rotarykauhajoki.net\/intra\/etusivu\" target=\"_blank\" rel=\"noopener\">Rotarykauhajoki.net<\/a><a href=\"Rotarykauhajoki.net\"><\/a><\/h4>\n<p>[\/et_pb_team_member][\/et_pb_column_inner][et_pb_column_inner type=&#8221;1_2&#8243; saved_specialty_column_type=&#8221;2_3&#8243; _builder_version=&#8221;4.16&#8243; custom_padding=&#8221;|||&#8221; global_colors_info=&#8221;{}&#8221; custom_padding__hover=&#8221;|||&#8221;][et_pb_text _builder_version=&#8221;4.25.2&#8243; global_colors_info=&#8221;{}&#8221;]<\/p>\n<h2>Hallitus ja toimihenkil\u00f6t<\/h2>\n<p>(<a href=\"https:\/\/sites.google.com\/rotarykauhajoki.net\/intra\/etusivu\" target=\"_blank\" rel=\"noopener\">KLUBIN J\u00c4SENTEN INTRANET-SIVUSTO<\/a>)<\/p>\n<p><strong>Klubin presidentti: Jussi Nevala<\/strong><\/p>\n<p style=\"text-align: left\"><strong>1. sihteeri: Rauno V\u00e4lim\u00e4ki<\/strong><\/p>\n<p><b>Edellinen presidentti: Erkki M\u00e4ki<\/b><\/p>\n<p><strong>Rahastonhoitaja:<\/strong> <strong>Mika Ollonqvist<\/strong><\/p>\n<p><b><strong>Nuorisovaihtovastaava: <\/strong><\/b><a href=\"https:\/\/sites.google.com\/view\/helenapanula\" target=\"_blank\" rel=\"noopener\">Helena.Panula.fi<\/a><\/p>\n<p><strong>Klubimestari:<\/strong> <strong>Rauno V\u00e4lim\u00e4ki<\/strong><\/p>\n<p><strong>ICT-vastaava: Jaakko Panula<\/strong><strong><\/strong><strong><\/strong><\/p>\n<p><b><strong>Rotarys\u00e4\u00e4ti\u00f6komitean pj.:\u00a0<\/strong><\/b>Pekka Mattila<\/p>\n<p><b>Klubihallintokomitean pj.: <\/b>Klubin presidentti<\/p>\n<p><strong>Palveluprojektit ja ymp\u00e4rist\u00f6 -toimikunnan pj.:<\/strong> Rauno V\u00e4lim\u00e4ki<\/p>\n<p>Klubikouluttaja, Kansainv\u00e4liset yhteydet: Jaakko Panula<\/p>\n<p>&nbsp;<\/p>\n<h3>Kauhajoen Rotaryklubi:<\/h3>\n<p>Klubi on perustettu: 10.2.1955<\/p>\n<p>Kummiklubimme Kristinestad &#8211; Kristiinankaupunki.<\/p>\n<p>J\u00e4senet: <strong><a href=\"https:\/\/sites.google.com\/rotarykauhajoki.net\/intra\/etusivu\">ROTARYKAUHAJOKI.NET<\/a><\/strong><a href=\"https:\/\/Rotarykauhajoki.net\" target=\"_blank\" rel=\"noopener\"><\/a><\/p>\n<p>[\/et_pb_text][\/et_pb_column_inner][\/et_pb_row_inner][\/et_pb_column][et_pb_column type=&#8221;1_3&#8243; _builder_version=&#8221;4.16&#8243; custom_padding=&#8221;|||&#8221; global_colors_info=&#8221;{}&#8221; custom_padding__hover=&#8221;|||&#8221;][et_pb_sidebar area=&#8221;sidebar-1&#8243; module_class=&#8221;sivupalkki_sisalto&#8221; _builder_version=&#8221;4.16&#8243; locked=&#8221;on&#8221; global_colors_info=&#8221;{}&#8221;][\/et_pb_sidebar][\/et_pb_column][\/et_pb_section]<\/p>\n","protected":false},"excerpt":{"rendered":"<p>Klubin hallitus ja toimihenkil\u00f6tKauhajoen Rotaryklubi ry S\u00e4hk\u00f6posti\/email: KAUHAJOEN.ROTARYKLUBI@GMAIL.COM (HENK KOHT: jussipaappa6@gmail.com) &nbsp; Kotisivu: Rotarykauhajoki.netHallitus ja toimihenkil\u00f6t (KLUBIN J\u00c4SENTEN INTRANET-SIVUSTO) Klubin presidentti: Jussi Nevala 1. sihteeri: Rauno V\u00e4lim\u00e4ki Edellinen presidentti: Erkki M\u00e4ki Rahastonhoitaja: Mika Ollonqvist Nuorisovaihtovastaava: Helena.Panula.fi Klubimestari: Rauno V\u00e4lim\u00e4ki ICT-vastaava: Jaakko Panula Rotarys\u00e4\u00e4ti\u00f6komitean pj.:\u00a0Pekka Mattila Klubihallintokomitean pj.: Klubin presidentti Palveluprojektit ja ymp\u00e4rist\u00f6 -toimikunnan pj.: Rauno [&hellip;]<\/p>\n","protected":false},"author":1,"featured_media":0,"parent":129,"menu_order":0,"comment_status":"closed","ping_status":"closed","template":"","meta":{"_acf_changed":false,"_et_pb_use_builder":"on","_et_pb_old_content":"","_et_gb_content_width":"","footnotes":""},"class_list":["post-132","page","type-page","status-publish","hentry"],"acf":[],"yoast_head":"<!-- This site is optimized with the Yoast SEO plugin v27.4 - https:\/\/yoast.com\/product\/yoast-seo-wordpress\/ -->\n<title>Hallitus ja toimihenkil\u00f6t - Kauhajoen Rotaryklubi ry<\/title>\n<meta name=\"robots\" content=\"index, follow, max-snippet:-1, max-image-preview:large, max-video-preview:-1\" \/>\n<link rel=\"canonical\" href=\"https:\/\/rotary.fi\/kauhajoki\/keita-olemme\/hallitus-ja-toimihenkilot\/\" \/>\n<meta property=\"og:locale\" content=\"fi_FI\" \/>\n<meta property=\"og:type\" content=\"article\" \/>\n<meta property=\"og:title\" content=\"Hallitus ja toimihenkil\u00f6t - Kauhajoen Rotaryklubi ry\" \/>\n<meta property=\"og:description\" content=\"Klubin hallitus ja toimihenkil\u00f6tKauhajoen Rotaryklubi ry S\u00e4hk\u00f6posti\/email: KAUHAJOEN.ROTARYKLUBI@GMAIL.COM (HENK KOHT: jussipaappa6@gmail.com) &nbsp; Kotisivu: Rotarykauhajoki.netHallitus ja toimihenkil\u00f6t (KLUBIN J\u00c4SENTEN INTRANET-SIVUSTO) Klubin presidentti: Jussi Nevala 1. sihteeri: Rauno V\u00e4lim\u00e4ki Edellinen presidentti: Erkki M\u00e4ki Rahastonhoitaja: Mika Ollonqvist Nuorisovaihtovastaava: Helena.Panula.fi Klubimestari: Rauno V\u00e4lim\u00e4ki ICT-vastaava: Jaakko Panula Rotarys\u00e4\u00e4ti\u00f6komitean pj.:\u00a0Pekka Mattila Klubihallintokomitean pj.: Klubin presidentti Palveluprojektit ja ymp\u00e4rist\u00f6 -toimikunnan pj.: Rauno [&hellip;]\" \/>\n<meta property=\"og:url\" content=\"https:\/\/rotary.fi\/kauhajoki\/keita-olemme\/hallitus-ja-toimihenkilot\/\" \/>\n<meta property=\"og:site_name\" content=\"Kauhajoen Rotaryklubi ry\" \/>\n<meta property=\"article:modified_time\" content=\"2025-07-29T10:29:36+00:00\" \/>\n<meta name=\"twitter:card\" content=\"summary_large_image\" \/>\n<meta name=\"twitter:label1\" content=\"Arvioitu lukuaika\" \/>\n\t<meta name=\"twitter:data1\" content=\"1 minuutti\" \/>\n<script type=\"application\/ld+json\" class=\"yoast-schema-graph\">{\"@context\":\"https:\\\/\\\/schema.org\",\"@graph\":[{\"@type\":\"WebPage\",\"@id\":\"https:\\\/\\\/rotary.fi\\\/kauhajoki\\\/keita-olemme\\\/hallitus-ja-toimihenkilot\\\/\",\"url\":\"https:\\\/\\\/rotary.fi\\\/kauhajoki\\\/keita-olemme\\\/hallitus-ja-toimihenkilot\\\/\",\"name\":\"Hallitus ja toimihenkil\u00f6t - Kauhajoen Rotaryklubi ry\",\"isPartOf\":{\"@id\":\"https:\\\/\\\/rotary.fi\\\/kauhajoki\\\/#website\"},\"datePublished\":\"2018-08-10T10:59:56+00:00\",\"dateModified\":\"2025-07-29T10:29:36+00:00\",\"breadcrumb\":{\"@id\":\"https:\\\/\\\/rotary.fi\\\/kauhajoki\\\/keita-olemme\\\/hallitus-ja-toimihenkilot\\\/#breadcrumb\"},\"inLanguage\":\"fi\",\"potentialAction\":[{\"@type\":\"ReadAction\",\"target\":[\"https:\\\/\\\/rotary.fi\\\/kauhajoki\\\/keita-olemme\\\/hallitus-ja-toimihenkilot\\\/\"]}]},{\"@type\":\"BreadcrumbList\",\"@id\":\"https:\\\/\\\/rotary.fi\\\/kauhajoki\\\/keita-olemme\\\/hallitus-ja-toimihenkilot\\\/#breadcrumb\",\"itemListElement\":[{\"@type\":\"ListItem\",\"position\":1,\"name\":\"Home\",\"item\":\"https:\\\/\\\/rotary.fi\\\/kauhajoki\\\/\"},{\"@type\":\"ListItem\",\"position\":2,\"name\":\"Keit\u00e4 olemme\",\"item\":\"https:\\\/\\\/rotary.fi\\\/kauhajoki\\\/keita-olemme\\\/\"},{\"@type\":\"ListItem\",\"position\":3,\"name\":\"Hallitus ja toimihenkil\u00f6t\"}]},{\"@type\":\"WebSite\",\"@id\":\"https:\\\/\\\/rotary.fi\\\/kauhajoki\\\/#website\",\"url\":\"https:\\\/\\\/rotary.fi\\\/kauhajoki\\\/\",\"name\":\"Kauhajoen Rotaryklubi ry\",\"description\":\"Uusi Rotary klubisivusto\",\"potentialAction\":[{\"@type\":\"SearchAction\",\"target\":{\"@type\":\"EntryPoint\",\"urlTemplate\":\"https:\\\/\\\/rotary.fi\\\/kauhajoki\\\/?s={search_term_string}\"},\"query-input\":{\"@type\":\"PropertyValueSpecification\",\"valueRequired\":true,\"valueName\":\"search_term_string\"}}],\"inLanguage\":\"fi\"}]}<\/script>\n<!-- \/ Yoast SEO plugin. -->","yoast_head_json":{"title":"Hallitus ja toimihenkil\u00f6t - Kauhajoen Rotaryklubi ry","robots":{"index":"index","follow":"follow","max-snippet":"max-snippet:-1","max-image-preview":"max-image-preview:large","max-video-preview":"max-video-preview:-1"},"canonical":"https:\/\/rotary.fi\/kauhajoki\/keita-olemme\/hallitus-ja-toimihenkilot\/","og_locale":"fi_FI","og_type":"article","og_title":"Hallitus ja toimihenkil\u00f6t - Kauhajoen Rotaryklubi ry","og_description":"Klubin hallitus ja toimihenkil\u00f6tKauhajoen Rotaryklubi ry S\u00e4hk\u00f6posti\/email: KAUHAJOEN.ROTARYKLUBI@GMAIL.COM (HENK KOHT: jussipaappa6@gmail.com) &nbsp; Kotisivu: Rotarykauhajoki.netHallitus ja toimihenkil\u00f6t (KLUBIN J\u00c4SENTEN INTRANET-SIVUSTO) Klubin presidentti: Jussi Nevala 1. sihteeri: Rauno V\u00e4lim\u00e4ki Edellinen presidentti: Erkki M\u00e4ki Rahastonhoitaja: Mika Ollonqvist Nuorisovaihtovastaava: Helena.Panula.fi Klubimestari: Rauno V\u00e4lim\u00e4ki ICT-vastaava: Jaakko Panula Rotarys\u00e4\u00e4ti\u00f6komitean pj.:\u00a0Pekka Mattila Klubihallintokomitean pj.: Klubin presidentti Palveluprojektit ja ymp\u00e4rist\u00f6 -toimikunnan pj.: Rauno [&hellip;]","og_url":"https:\/\/rotary.fi\/kauhajoki\/keita-olemme\/hallitus-ja-toimihenkilot\/","og_site_name":"Kauhajoen Rotaryklubi ry","article_modified_time":"2025-07-29T10:29:36+00:00","twitter_card":"summary_large_image","twitter_misc":{"Arvioitu lukuaika":"1 minuutti"},"schema":{"@context":"https:\/\/schema.org","@graph":[{"@type":"WebPage","@id":"https:\/\/rotary.fi\/kauhajoki\/keita-olemme\/hallitus-ja-toimihenkilot\/","url":"https:\/\/rotary.fi\/kauhajoki\/keita-olemme\/hallitus-ja-toimihenkilot\/","name":"Hallitus ja toimihenkil\u00f6t - Kauhajoen Rotaryklubi ry","isPartOf":{"@id":"https:\/\/rotary.fi\/kauhajoki\/#website"},"datePublished":"2018-08-10T10:59:56+00:00","dateModified":"2025-07-29T10:29:36+00:00","breadcrumb":{"@id":"https:\/\/rotary.fi\/kauhajoki\/keita-olemme\/hallitus-ja-toimihenkilot\/#breadcrumb"},"inLanguage":"fi","potentialAction":[{"@type":"ReadAction","target":["https:\/\/rotary.fi\/kauhajoki\/keita-olemme\/hallitus-ja-toimihenkilot\/"]}]},{"@type":"BreadcrumbList","@id":"https:\/\/rotary.fi\/kauhajoki\/keita-olemme\/hallitus-ja-toimihenkilot\/#breadcrumb","itemListElement":[{"@type":"ListItem","position":1,"name":"Home","item":"https:\/\/rotary.fi\/kauhajoki\/"},{"@type":"ListItem","position":2,"name":"Keit\u00e4 olemme","item":"https:\/\/rotary.fi\/kauhajoki\/keita-olemme\/"},{"@type":"ListItem","position":3,"name":"Hallitus ja toimihenkil\u00f6t"}]},{"@type":"WebSite","@id":"https:\/\/rotary.fi\/kauhajoki\/#website","url":"https:\/\/rotary.fi\/kauhajoki\/","name":"Kauhajoen Rotaryklubi ry","description":"Uusi Rotary klubisivusto","potentialAction":[{"@type":"SearchAction","target":{"@type":"EntryPoint","urlTemplate":"https:\/\/rotary.fi\/kauhajoki\/?s={search_term_string}"},"query-input":{"@type":"PropertyValueSpecification","valueRequired":true,"valueName":"search_term_string"}}],"inLanguage":"fi"}]}},"lang":"fi","translations":{"fi":132},"pll_sync_post":[],"_links":{"self":[{"href":"https:\/\/rotary.fi\/kauhajoki\/wp-json\/wp\/v2\/pages\/132","targetHints":{"allow":["GET"]}}],"collection":[{"href":"https:\/\/rotary.fi\/kauhajoki\/wp-json\/wp\/v2\/pages"}],"about":[{"href":"https:\/\/rotary.fi\/kauhajoki\/wp-json\/wp\/v2\/types\/page"}],"author":[{"embeddable":true,"href":"https:\/\/rotary.fi\/kauhajoki\/wp-json\/wp\/v2\/users\/1"}],"replies":[{"embeddable":true,"href":"https:\/\/rotary.fi\/kauhajoki\/wp-json\/wp\/v2\/comments?post=132"}],"version-history":[{"count":10,"href":"https:\/\/rotary.fi\/kauhajoki\/wp-json\/wp\/v2\/pages\/132\/revisions"}],"predecessor-version":[{"id":3393,"href":"https:\/\/rotary.fi\/kauhajoki\/wp-json\/wp\/v2\/pages\/132\/revisions\/3393"}],"up":[{"embeddable":true,"href":"https:\/\/rotary.fi\/kauhajoki\/wp-json\/wp\/v2\/pages\/129"}],"wp:attachment":[{"href":"https:\/\/rotary.fi\/kauhajoki\/wp-json\/wp\/v2\/media?parent=132"}],"curies":[{"name":"wp","href":"https:\/\/api.w.org\/{rel}","templated":true}]}}