{"id":186,"date":"2025-08-24T16:42:59","date_gmt":"2025-08-24T13:42:59","guid":{"rendered":"https:\/\/rotary.fi\/karvia\/?page_id=186"},"modified":"2026-04-09T12:36:28","modified_gmt":"2026-04-09T09:36:28","slug":"tapahtumakalenteri","status":"publish","type":"page","link":"https:\/\/rotary.fi\/karvia\/ajankohtaista\/tapahtumakalenteri\/","title":{"rendered":"Tapahtumakalenteri"},"content":{"rendered":"<p>[et_pb_section bb_built=&#8221;1&#8243; _builder_version=&#8221;3.17.2&#8243; background_image=&#8221;https:\/\/rotary.fi\/karvia\/wp-content\/uploads\/sites\/208\/2018\/10\/rotary_klubit_alasivu_paakuva_12.jpg&#8221; next_background_color=&#8221;#ffffff&#8221; module_class=&#8221;jumbotron-page&#8221;][et_pb_row][et_pb_column type=&#8221;4_4&#8243;][et_pb_text admin_label=&#8221;P\u00e4\u00e4otsikko&#8221; _builder_version=&#8221;3.19.5&#8243; text_orientation=&#8221;center&#8221; background_layout=&#8221;dark&#8221;]<\/p>\n<h1>Tapahtumakalenteri<\/h1>\n<p>[\/et_pb_text][\/et_pb_column][\/et_pb_row][\/et_pb_section][et_pb_section bb_built=&#8221;1&#8243; specialty=&#8221;on&#8221; prev_background_color=&#8221;#000000&#8243; _builder_version=&#8221;3.4.1&#8243; module_class_2=&#8221;sivupalkki&#8221; locked=&#8221;on&#8221;][et_pb_column type=&#8221;2_3&#8243; specialty_columns=&#8221;2&#8243;][et_pb_row_inner admin_label=&#8221;Rivi&#8221; parent_locked=&#8221;on&#8221; locked=&#8221;off&#8221;][et_pb_column_inner type=&#8221;4_4&#8243; saved_specialty_column_type=&#8221;2_3&#8243;][et_pb_text admin_label=&#8221;Otsikko&#8221; _builder_version=&#8221;3.19.5&#8243; text_orientation=&#8221;center&#8221; parent_locked=&#8221;on&#8221;]<\/p>\n<h1>Tulevia tapahtumia<\/h1>\n<p>[\/et_pb_text][et_pb_code admin_label=&#8221;Tulevien tapahtumien listaus&#8221; _builder_version=&#8221;3.19.5&#8243; module_class=&#8221;kaikki_ajankohtaiset&#8221; locked=&#8221;off&#8221; parent_locked=&#8221;on&#8221;]<div class=\"em em-view-container\" id=\"em-view-177063679\" data-view=\"list\">\r\n\t<div class=\"em pixelbones em-list em-events-list\" id=\"em-events-list-177063679\" data-view-id=\"177063679\">\r\n\t<!-- [et_pb_line_break_holder] --><\/p>\n<div class=\"et_pb_module tapahtumalistaus\"><!-- [et_pb_line_break_holder] --><\/p>\n<div class=\"tapahtumanpvm\">1.8.2025  - 30.6.2026<\/div>\n<p><!-- [et_pb_line_break_holder] --><\/p>\n<div class=\"tapahtumannimi\">\n<h2 class=\"entry-title\"><a href=\"https:\/\/rotary.fi\/karvia\/events\/ohjelma-toimikaudelle-2025-2026\/\">Ohjelma toimikaudelle 2025 - 2026<\/a><!-- [et_pb_line_break_holder] --><\/h2>\n<\/div>\n<p><!-- [et_pb_line_break_holder] --><\/p>\n<div class=\"tapahtumapaikka\">Viikkotapaaminen St 1 Karvia<\/div>\n<p><!-- [et_pb_line_break_holder] --><\/div>\n<p><!-- [et_pb_line_break_holder] --><!-- [et_pb_line_break_holder] --><\/p>\n<div class=\"et_pb_module tapahtumalistaus\"><!-- [et_pb_line_break_holder] --><\/p>\n<div class=\"tapahtumanpvm\">23.4.2026 <\/div>\n<p><!-- [et_pb_line_break_holder] --><\/p>\n<div class=\"tapahtumannimi\">\n<h2 class=\"entry-title\"><a href=\"https:\/\/rotary.fi\/karvia\/events\/vierailu-parkanon-metsamuseo-23-4-avec\/\">Kev\u00e4\u00e4n yhteinen tilaisuus; Parkanon Mets\u00e4museo 23.4. ( AVEC )<\/a><!-- [et_pb_line_break_holder] --><\/h2>\n<\/div>\n<p><!-- [et_pb_line_break_holder] --><\/p>\n<div class=\"tapahtumapaikka\">Parkanon Mets\u00e4museo<\/div>\n<p><!-- [et_pb_line_break_holder] --><\/div>\n<p><!-- [et_pb_line_break_holder] --><!-- [et_pb_line_break_holder] --><\/p>\n<div class=\"et_pb_module tapahtumalistaus\"><!-- [et_pb_line_break_holder] --><\/p>\n<div class=\"tapahtumanpvm\">12.5.2026 <\/div>\n<p><!-- [et_pb_line_break_holder] --><\/p>\n<div class=\"tapahtumannimi\">\n<h2 class=\"entry-title\"><a href=\"https:\/\/rotary.fi\/karvia\/events\/kevaan-yhteinen-tilaisuus-parkanon-rotaryklubin-jasenhankintatilaisuus\/\">Kev\u00e4\u00e4n yhteinen tilaisuus; Parkanon Rotaryklubin j\u00e4senhankintatilaisuus<\/a><!-- [et_pb_line_break_holder] --><\/h2>\n<\/div>\n<p><!-- [et_pb_line_break_holder] --><\/p>\n<div class=\"tapahtumapaikka\">Parkanon Kaupungintalo<\/div>\n<p><!-- [et_pb_line_break_holder] --><\/div>\n<p><!-- [et_pb_line_break_holder] --><!-- [et_pb_line_break_holder] --><\/p>\n<div class=\"et_pb_module tapahtumalistaus\"><!-- [et_pb_line_break_holder] --><\/p>\n<div class=\"tapahtumanpvm\">21.5.2026 <\/div>\n<p><!-- [et_pb_line_break_holder] --><\/p>\n<div class=\"tapahtumannimi\">\n<h2 class=\"entry-title\"><a href=\"https:\/\/rotary.fi\/karvia\/events\/kevaan-yhteinen-tilaisuus-21-5-klo-18-alueen-1-yhteiskokous-kankaanpaassa\/\">Kev\u00e4\u00e4n yhteinen tilaisuus; 21.5. klo 18 Alueen 1 yhteiskokous Kankaanp\u00e4\u00e4ss\u00e4<\/a><!-- [et_pb_line_break_holder] --><\/h2>\n<\/div>\n<p><!-- [et_pb_line_break_holder] --><\/p>\n<div class=\"tapahtumapaikka\">Ravintola Face<\/div>\n<p><!-- [et_pb_line_break_holder] --><\/div>\n<p><!-- [et_pb_line_break_holder] --><!-- [et_pb_line_break_holder] --><\/p>\n<div class=\"et_pb_module tapahtumalistaus\"><!-- [et_pb_line_break_holder] --><\/p>\n<div class=\"tapahtumanpvm\">23.5.2026 <\/div>\n<p><!-- [et_pb_line_break_holder] --><\/p>\n<div class=\"tapahtumannimi\">\n<h2 class=\"entry-title\"><a href=\"https:\/\/rotary.fi\/karvia\/events\/kevaan-yhteinen-tilaisuus-23-5-geopark-retki-lauhavuori-hameenkangas\/\">Kev\u00e4\u00e4n yhteinen tilaisuus; 23.5. Geopark-retki Lauhavuori - H\u00e4meenkangas<\/a><!-- [et_pb_line_break_holder] --><\/h2>\n<\/div>\n<p><!-- [et_pb_line_break_holder] --><\/p>\n<div class=\"tapahtumapaikka\">Kankaanp\u00e4\u00e4n tori<\/div>\n<p><!-- [et_pb_line_break_holder] --><\/div>\n<p><!-- [et_pb_line_break_holder] -->\t<\/div>\r\n<\/div>[\/et_pb_code][\/et_pb_column_inner][\/et_pb_row_inner][et_pb_row_inner admin_label=&#8221;Rivi&#8221; parent_locked=&#8221;on&#8221; locked=&#8221;off&#8221;][et_pb_column_inner type=&#8221;4_4&#8243; saved_specialty_column_type=&#8221;2_3&#8243;][et_pb_text admin_label=&#8221;Otsikko&#8221; _builder_version=&#8221;3.19.5&#8243; text_orientation=&#8221;center&#8221; parent_locked=&#8221;on&#8221;]<\/p>\n<h1>Menneit\u00e4 tapahtumia<\/h1>\n<p>[\/et_pb_text][et_pb_code admin_label=&#8221;Menneiden tapahtumien listaus&#8221; _builder_version=&#8221;3.19.5&#8243; module_class=&#8221;kaikki_ajankohtaiset&#8221; locked=&#8221;off&#8221; parent_locked=&#8221;on&#8221;]<div class=\"em em-view-container\" id=\"em-view-1965464445\" data-view=\"list\">\r\n\t<div class=\"em pixelbones em-list em-events-list\" id=\"em-events-list-1965464445\" data-view-id=\"1965464445\">\r\n\t<!-- [et_pb_line_break_holder] --><\/p>\n<div class=\"et_pb_module tapahtumalistaus\"><!-- [et_pb_line_break_holder] --><\/p>\n<div class=\"tapahtumanpvm\">11.4.2026  - 12.4.2026<\/div>\n<p><!-- [et_pb_line_break_holder] --><\/p>\n<div class=\"tapahtumannimi\">\n<h2 class=\"entry-title\"><a href=\"https:\/\/rotary.fi\/karvia\/events\/kevaan-yhteinen-tilaisuus\/\">Kev\u00e4\u00e4n yhteinen tilaisuus; Piirikonferenssi 2026 Naantali<\/a><!-- [et_pb_line_break_holder] --><\/h2>\n<\/div>\n<p><!-- [et_pb_line_break_holder] --><\/p>\n<div class=\"tapahtumapaikka\"><\/div>\n<p><!-- [et_pb_line_break_holder] --><\/div>\n<p><!-- [et_pb_line_break_holder] --><!-- [et_pb_line_break_holder] --><\/p>\n<div class=\"et_pb_module tapahtumalistaus\"><!-- [et_pb_line_break_holder] --><\/p>\n<div class=\"tapahtumanpvm\">30.3.2024 <\/div>\n<p><!-- [et_pb_line_break_holder] --><\/p>\n<div class=\"tapahtumannimi\">\n<h2 class=\"entry-title\"><a href=\"https:\/\/rotary.fi\/karvia\/events\/pilkkikisat-maaliskuussa\/\">Pilkkikisat maaliskuussa<\/a><!-- [et_pb_line_break_holder] --><\/h2>\n<\/div>\n<p><!-- [et_pb_line_break_holder] --><\/p>\n<div class=\"tapahtumapaikka\"><\/div>\n<p><!-- [et_pb_line_break_holder] --><\/div>\n<p><!-- [et_pb_line_break_holder] --><!-- [et_pb_line_break_holder] --><\/p>\n<div class=\"et_pb_module tapahtumalistaus\"><!-- [et_pb_line_break_holder] --><\/p>\n<div class=\"tapahtumanpvm\">12.3.2024 <\/div>\n<p><!-- [et_pb_line_break_holder] --><\/p>\n<div class=\"tapahtumannimi\">\n<h2 class=\"entry-title\"><a href=\"https:\/\/rotary.fi\/karvia\/events\/viikkotapahtuma-esitelma-marko-mustajarvi-12-3-2024\/\">Viikkotapahtuma, esitelm\u00e4 Marko Mustaj\u00e4rvi 12.3.2024<\/a><!-- [et_pb_line_break_holder] --><\/h2>\n<\/div>\n<p><!-- [et_pb_line_break_holder] --><\/p>\n<div class=\"tapahtumapaikka\">ST 1<\/div>\n<p><!-- [et_pb_line_break_holder] --><\/div>\n<p><!-- [et_pb_line_break_holder] --><!-- [et_pb_line_break_holder] --><\/p>\n<div class=\"et_pb_module tapahtumalistaus\"><!-- [et_pb_line_break_holder] --><\/p>\n<div class=\"tapahtumanpvm\">16.11.2021 <\/div>\n<p><!-- [et_pb_line_break_holder] --><\/p>\n<div class=\"tapahtumannimi\">\n<h2 class=\"entry-title\"><a href=\"https:\/\/rotary.fi\/karvia\/events\/kaadyt-vaihdettiin-03-07-2021-suomijarven-kruunussa\/\">K\u00e4\u00e4dyt vaihdettiin 03.07.2021 Suomij\u00e4rven kruunussa<\/a><!-- [et_pb_line_break_holder] --><\/h2>\n<\/div>\n<p><!-- [et_pb_line_break_holder] --><\/p>\n<div class=\"tapahtumapaikka\"><\/div>\n<p><!-- [et_pb_line_break_holder] --><\/div>\n<p><!-- [et_pb_line_break_holder] -->\t<\/div>\r\n<\/div>[\/et_pb_code][\/et_pb_column_inner][\/et_pb_row_inner][\/et_pb_column][et_pb_column type=&#8221;1_3&#8243;][et_pb_sidebar _builder_version=&#8221;3.4.1&#8243; area=&#8221;sidebar-1&#8243; module_class=&#8221;sivupalkki_sisalto&#8221; locked=&#8221;on&#8221; parent_locked=&#8221;on&#8221; \/][\/et_pb_column][\/et_pb_section]<\/p>\n","protected":false},"excerpt":{"rendered":"<p><div class=\"et_pb_row et_pb_row_0 et_pb_row_empty\">\n\t\t\t\t\n\t\t\t\t\n\t\t\t\t\n\t\t\t\t\n\t\t\t\t\n\t\t\t<\/div> Tapahtumakalenteri Tulevia tapahtumia <div class=\"em em-view-container\" id=\"em-view-933248622\" data-view=\"list\">\r\n\t<div class=\"em pixelbones em-list em-events-list\" id=\"em-events-list-933248622\" data-view-id=\"933248622\">\r\n\t1.8.2025  - 30.6.2026<a href=\"https:\/\/rotary.fi\/karvia\/events\/ohjelma-toimikaudelle-2025-2026\/\">Ohjelma toimikaudelle 2025 - 2026<\/a>Viikkotapaaminen St 1 Karvia23.4.2026 <a href=\"https:\/\/rotary.fi\/karvia\/events\/vierailu-parkanon-metsamuseo-23-4-avec\/\">Kev\u00e4\u00e4n yhteinen tilaisuus; Parkanon Mets\u00e4museo 23.4. ( AVEC )<\/a>Parkanon Mets\u00e4museo12.5.2026 <a href=\"https:\/\/rotary.fi\/karvia\/events\/kevaan-yhteinen-tilaisuus-parkanon-rotaryklubin-jasenhankintatilaisuus\/\">Kev\u00e4\u00e4n yhteinen tilaisuus; Parkanon Rotaryklubin j\u00e4senhankintatilaisuus<\/a>Parkanon Kaupungintalo21.5.2026 <a href=\"https:\/\/rotary.fi\/karvia\/events\/kevaan-yhteinen-tilaisuus-21-5-klo-18-alueen-1-yhteiskokous-kankaanpaassa\/\">Kev\u00e4\u00e4n yhteinen tilaisuus; 21.5. klo 18 Alueen 1 yhteiskokous Kankaanp\u00e4\u00e4ss\u00e4<\/a>Ravintola Face23.5.2026 <a href=\"https:\/\/rotary.fi\/karvia\/events\/kevaan-yhteinen-tilaisuus-23-5-geopark-retki-lauhavuori-hameenkangas\/\">Kev\u00e4\u00e4n yhteinen tilaisuus; 23.5. Geopark-retki Lauhavuori - H\u00e4meenkangas<\/a>Kankaanp\u00e4\u00e4n tori\t<\/div>\r\n<\/div> Menneit\u00e4 tapahtumia <div class=\"em em-view-container\" id=\"em-view-790150598\" data-view=\"list\">\r\n\t<div class=\"em pixelbones em-list em-events-list\" id=\"em-events-list-790150598\" data-view-id=\"790150598\">\r\n\t11.4.2026  - 12.4.2026<a href=\"https:\/\/rotary.fi\/karvia\/events\/kevaan-yhteinen-tilaisuus\/\">Kev\u00e4\u00e4n yhteinen tilaisuus; Piirikonferenssi 2026 Naantali<\/a>30.3.2024 <a href=\"https:\/\/rotary.fi\/karvia\/events\/pilkkikisat-maaliskuussa\/\">Pilkkikisat maaliskuussa<\/a>12.3.2024 <a href=\"https:\/\/rotary.fi\/karvia\/events\/viikkotapahtuma-esitelma-marko-mustajarvi-12-3-2024\/\">Viikkotapahtuma, esitelm\u00e4 Marko Mustaj\u00e4rvi 12.3.2024<\/a>ST 116.11.2021 <a href=\"https:\/\/rotary.fi\/karvia\/events\/kaadyt-vaihdettiin-03-07-2021-suomijarven-kruunussa\/\">K\u00e4\u00e4dyt vaihdettiin 03.07.2021 Suomij\u00e4rven kruunussa<\/a>\t<\/div>\r\n<\/div><\/p>\n","protected":false},"author":1,"featured_media":0,"parent":94,"menu_order":0,"comment_status":"closed","ping_status":"closed","template":"","meta":{"_acf_changed":false,"_et_pb_use_builder":"on","_et_pb_old_content":"Rotary-ohjelma 2025- 2026\r\n\r\nElokuu 2025\r\n12.8 Klubikokous\r\n26.8 Kuvern\u00f6\u00f6ri Matti Hakoilan vierailu klo. 19 (Hallitus klo. 18.00)\r\nPaikka Marjasuon kyl\u00e4talo, Nummijokitie 114\r\n\r\nSyyskuu 2025\r\n9.9 ESITELM\u00c4, Juha Ylikoski\r\n13.9 SYYSSEMINAARI, Turussa\r\n23.9 ESITELM\u00c4, Antti Otava\r\n\r\nLokakuu 2025\r\n7.10 ESITELM\u00c4, Esko Hautakorpi\r\n28.10 TILIKOKOUS, Jari Santaharju\r\nKokousaika siirretty viikolle 44 koululaisten syysloman (vk43) vuoksi.\r\n\r\nMarraskuu 2025\r\n4.11 ESITELM\u00c4, Risto Mustakoski\r\n18.11 KLUBIKOKOUS\r\n21.11 Pe PIKKUJOULUT\r\n\uf0e0 Pikkujoulut j\u00e4rjestet\u00e4\u00e4n Rastiaisissa\r\n\r\nJoulukuu 2025\r\n2.12 ESITELM\u00c4, Jukka Ohrank\u00e4mmen\r\n5.12 Pe Seppeleen lasku\r\n16.12 JOULULOUNAS ST:ll\u00e4\r\n\r\nTammikuu 2026\r\n13.1 ESITELM\u00c4, Tomi Ylilammi\r\n27.1 ESITELM\u00c4, Vesa Hietikko\r\n\r\nHelmikuu 2026\r\n10.2 ESITELM\u00c4, Asko Luomanen\r\n17.2 ESITELM\u00c4, Markku Marjakoski\r\n\uf0e0 Kokousaika siirretty viikolle 8 koulujen hiihtoloman (vk.9) vuoksi.\r\n\r\nMaaliskuu 2026\r\n10.3 ESITELM\u00c4, Jani Suoneva\r\n24.03 ESITELM\u00c4, Ari Liikala\r\n\r\nHuhtikuu 2026\r\n7.4 ESITELM\u00c4, Ilpo Vuorela\r\n21.4 ESITELM\u00c4, Marko Mustaj\u00e4rvi\r\n\r\nToukokuu 2026\r\n5.5 ESITELM\u00c4, Pauli Niskala\r\n19.5 ESITELM\u00c4, Ari V\u00e4liaho\r\n\r\nKes\u00e4kuu 2026\r\n02.06 Pekka Laaksonen (Sauna)\r\n16.6 ESITELM\u00c4, Pekka Laine\r\n27.06 La VAIHTOKOKOUS","_et_gb_content_width":"","footnotes":""},"class_list":["post-186","page","type-page","status-publish","hentry"],"acf":[],"yoast_head":"<!-- This site is optimized with the Yoast SEO plugin v27.0 - https:\/\/yoast.com\/product\/yoast-seo-wordpress\/ -->\n<title>Tapahtumakalenteri - Karvian Rotaryklubi<\/title>\n<meta name=\"robots\" content=\"index, follow, max-snippet:-1, max-image-preview:large, max-video-preview:-1\" \/>\n<link rel=\"canonical\" href=\"https:\/\/rotary.fi\/karvia\/ajankohtaista\/tapahtumakalenteri\/\" \/>\n<meta property=\"og:locale\" content=\"fi_FI\" \/>\n<meta property=\"og:type\" content=\"article\" \/>\n<meta property=\"og:title\" content=\"Tapahtumakalenteri - Karvian Rotaryklubi\" \/>\n<meta property=\"og:description\" content=\"Tapahtumakalenteri Tulevia tapahtumia Menneit\u00e4 tapahtumia\" \/>\n<meta property=\"og:url\" content=\"https:\/\/rotary.fi\/karvia\/ajankohtaista\/tapahtumakalenteri\/\" \/>\n<meta property=\"og:site_name\" content=\"Karvian Rotaryklubi\" \/>\n<meta property=\"article:modified_time\" content=\"2026-04-09T09:36:28+00:00\" \/>\n<meta name=\"twitter:card\" content=\"summary_large_image\" \/>\n<meta name=\"twitter:label1\" content=\"Arvioitu lukuaika\" \/>\n\t<meta name=\"twitter:data1\" content=\"1 minuutti\" \/>\n<script type=\"application\/ld+json\" class=\"yoast-schema-graph\">{\"@context\":\"https:\/\/schema.org\",\"@graph\":[{\"@type\":\"WebPage\",\"@id\":\"https:\/\/rotary.fi\/karvia\/ajankohtaista\/tapahtumakalenteri\/\",\"url\":\"https:\/\/rotary.fi\/karvia\/ajankohtaista\/tapahtumakalenteri\/\",\"name\":\"Tapahtumakalenteri - Karvian Rotaryklubi\",\"isPartOf\":{\"@id\":\"https:\/\/rotary.fi\/karvia\/#website\"},\"datePublished\":\"2025-08-24T13:42:59+00:00\",\"dateModified\":\"2026-04-09T09:36:28+00:00\",\"breadcrumb\":{\"@id\":\"https:\/\/rotary.fi\/karvia\/ajankohtaista\/tapahtumakalenteri\/#breadcrumb\"},\"inLanguage\":\"fi\",\"potentialAction\":[{\"@type\":\"ReadAction\",\"target\":[\"https:\/\/rotary.fi\/karvia\/ajankohtaista\/tapahtumakalenteri\/\"]}]},{\"@type\":\"BreadcrumbList\",\"@id\":\"https:\/\/rotary.fi\/karvia\/ajankohtaista\/tapahtumakalenteri\/#breadcrumb\",\"itemListElement\":[{\"@type\":\"ListItem\",\"position\":1,\"name\":\"Home\",\"item\":\"https:\/\/rotary.fi\/karvia\/\"},{\"@type\":\"ListItem\",\"position\":2,\"name\":\"Ajankohtaista\",\"item\":\"https:\/\/rotary.fi\/karvia\/ajankohtaista\/\"},{\"@type\":\"ListItem\",\"position\":3,\"name\":\"Tapahtumakalenteri\"}]},{\"@type\":\"WebSite\",\"@id\":\"https:\/\/rotary.fi\/karvia\/#website\",\"url\":\"https:\/\/rotary.fi\/karvia\/\",\"name\":\"Karvian Rotaryklubi\",\"description\":\"Uusi Rotary klubisivusto\",\"potentialAction\":[{\"@type\":\"SearchAction\",\"target\":{\"@type\":\"EntryPoint\",\"urlTemplate\":\"https:\/\/rotary.fi\/karvia\/?s={search_term_string}\"},\"query-input\":{\"@type\":\"PropertyValueSpecification\",\"valueRequired\":true,\"valueName\":\"search_term_string\"}}],\"inLanguage\":\"fi\"}]}<\/script>\n<!-- \/ Yoast SEO plugin. -->","yoast_head_json":{"title":"Tapahtumakalenteri - Karvian Rotaryklubi","robots":{"index":"index","follow":"follow","max-snippet":"max-snippet:-1","max-image-preview":"max-image-preview:large","max-video-preview":"max-video-preview:-1"},"canonical":"https:\/\/rotary.fi\/karvia\/ajankohtaista\/tapahtumakalenteri\/","og_locale":"fi_FI","og_type":"article","og_title":"Tapahtumakalenteri - Karvian Rotaryklubi","og_description":"Tapahtumakalenteri Tulevia tapahtumia Menneit\u00e4 tapahtumia","og_url":"https:\/\/rotary.fi\/karvia\/ajankohtaista\/tapahtumakalenteri\/","og_site_name":"Karvian Rotaryklubi","article_modified_time":"2026-04-09T09:36:28+00:00","twitter_card":"summary_large_image","twitter_misc":{"Arvioitu lukuaika":"1 minuutti"},"schema":{"@context":"https:\/\/schema.org","@graph":[{"@type":"WebPage","@id":"https:\/\/rotary.fi\/karvia\/ajankohtaista\/tapahtumakalenteri\/","url":"https:\/\/rotary.fi\/karvia\/ajankohtaista\/tapahtumakalenteri\/","name":"Tapahtumakalenteri - Karvian Rotaryklubi","isPartOf":{"@id":"https:\/\/rotary.fi\/karvia\/#website"},"datePublished":"2025-08-24T13:42:59+00:00","dateModified":"2026-04-09T09:36:28+00:00","breadcrumb":{"@id":"https:\/\/rotary.fi\/karvia\/ajankohtaista\/tapahtumakalenteri\/#breadcrumb"},"inLanguage":"fi","potentialAction":[{"@type":"ReadAction","target":["https:\/\/rotary.fi\/karvia\/ajankohtaista\/tapahtumakalenteri\/"]}]},{"@type":"BreadcrumbList","@id":"https:\/\/rotary.fi\/karvia\/ajankohtaista\/tapahtumakalenteri\/#breadcrumb","itemListElement":[{"@type":"ListItem","position":1,"name":"Home","item":"https:\/\/rotary.fi\/karvia\/"},{"@type":"ListItem","position":2,"name":"Ajankohtaista","item":"https:\/\/rotary.fi\/karvia\/ajankohtaista\/"},{"@type":"ListItem","position":3,"name":"Tapahtumakalenteri"}]},{"@type":"WebSite","@id":"https:\/\/rotary.fi\/karvia\/#website","url":"https:\/\/rotary.fi\/karvia\/","name":"Karvian Rotaryklubi","description":"Uusi Rotary klubisivusto","potentialAction":[{"@type":"SearchAction","target":{"@type":"EntryPoint","urlTemplate":"https:\/\/rotary.fi\/karvia\/?s={search_term_string}"},"query-input":{"@type":"PropertyValueSpecification","valueRequired":true,"valueName":"search_term_string"}}],"inLanguage":"fi"}]}},"lang":"fi","translations":{"fi":186},"pll_sync_post":[],"_links":{"self":[{"href":"https:\/\/rotary.fi\/karvia\/wp-json\/wp\/v2\/pages\/186","targetHints":{"allow":["GET"]}}],"collection":[{"href":"https:\/\/rotary.fi\/karvia\/wp-json\/wp\/v2\/pages"}],"about":[{"href":"https:\/\/rotary.fi\/karvia\/wp-json\/wp\/v2\/types\/page"}],"author":[{"embeddable":true,"href":"https:\/\/rotary.fi\/karvia\/wp-json\/wp\/v2\/users\/1"}],"replies":[{"embeddable":true,"href":"https:\/\/rotary.fi\/karvia\/wp-json\/wp\/v2\/comments?post=186"}],"version-history":[{"count":11,"href":"https:\/\/rotary.fi\/karvia\/wp-json\/wp\/v2\/pages\/186\/revisions"}],"predecessor-version":[{"id":1951,"href":"https:\/\/rotary.fi\/karvia\/wp-json\/wp\/v2\/pages\/186\/revisions\/1951"}],"up":[{"embeddable":true,"href":"https:\/\/rotary.fi\/karvia\/wp-json\/wp\/v2\/pages\/94"}],"wp:attachment":[{"href":"https:\/\/rotary.fi\/karvia\/wp-json\/wp\/v2\/media?parent=186"}],"curies":[{"name":"wp","href":"https:\/\/api.w.org\/{rel}","templated":true}]}}