{"id":132,"date":"2018-08-10T13:59:56","date_gmt":"2018-08-10T10:59:56","guid":{"rendered":"https:\/\/rotary.fi\/klubi2\/?page_id=132"},"modified":"2026-03-31T16:21:06","modified_gmt":"2026-03-31T13:21:06","slug":"hallitus-ja-toimihenkilot","status":"publish","type":"page","link":"https:\/\/rotary.fi\/karvia\/keita-olemme\/hallitus-ja-toimihenkilot\/","title":{"rendered":"Hallitus ja toimihenkil\u00f6t"},"content":{"rendered":"<p>[et_pb_section fb_built=&#8221;1&#8243; module_class=&#8221;jumbotron-page&#8221; _builder_version=&#8221;4.16&#8243; background_image=&#8221;https:\/\/rotary.fi\/karvia\/wp-content\/uploads\/sites\/208\/2018\/10\/rotary_klubit_alasivu_paakuva_12.jpg&#8221; global_colors_info=&#8221;{}&#8221;][et_pb_row _builder_version=&#8221;4.16&#8243; background_size=&#8221;initial&#8221; background_position=&#8221;top_left&#8221; background_repeat=&#8221;repeat&#8221; global_colors_info=&#8221;{}&#8221;][et_pb_column type=&#8221;4_4&#8243; _builder_version=&#8221;4.16&#8243; custom_padding=&#8221;|||&#8221; global_colors_info=&#8221;{}&#8221; custom_padding__hover=&#8221;|||&#8221;][et_pb_text admin_label=&#8221;P\u00e4\u00e4otsikko&#8221; _builder_version=&#8221;4.16&#8243; text_orientation=&#8221;center&#8221; background_layout=&#8221;dark&#8221; global_colors_info=&#8221;{}&#8221;]<\/p>\n<h1>Hallitus ja toimihenkil\u00f6t<\/h1>\n<p>[\/et_pb_text][\/et_pb_column][\/et_pb_row][\/et_pb_section][et_pb_section fb_built=&#8221;1&#8243; specialty=&#8221;on&#8221; module_class_2=&#8221;sivupalkki&#8221; _builder_version=&#8221;4.17.4&#8243; min_height=&#8221;673.1px&#8221; global_colors_info=&#8221;{}&#8221;][et_pb_column type=&#8221;2_3&#8243; specialty_columns=&#8221;2&#8243; _builder_version=&#8221;4.16&#8243; custom_padding=&#8221;|||&#8221; global_colors_info=&#8221;{}&#8221; parallax__hover=&#8221;off&#8221; parallax_method__hover=&#8221;on&#8221; custom_padding__hover=&#8221;|||&#8221;][et_pb_row_inner admin_label=&#8221;Rivi&#8221; _builder_version=&#8221;4.16&#8243; global_colors_info=&#8221;{}&#8221;][et_pb_column_inner saved_specialty_column_type=&#8221;2_3&#8243; _builder_version=&#8221;4.16&#8243; custom_padding=&#8221;|||&#8221; global_colors_info=&#8221;{}&#8221; parallax__hover=&#8221;off&#8221; parallax_method__hover=&#8221;on&#8221; custom_padding__hover=&#8221;|||&#8221;][\/et_pb_column_inner][\/et_pb_row_inner][et_pb_row_inner column_structure=&#8221;1_2,1_2&#8243; admin_label=&#8221;Rivi&#8221; _builder_version=&#8221;4.16&#8243; width=&#8221;100%&#8221; custom_margin=&#8221;|||4px||&#8221; custom_padding=&#8221;||0px|||&#8221; global_colors_info=&#8221;{}&#8221;][et_pb_column_inner type=&#8221;1_2&#8243; saved_specialty_column_type=&#8221;2_3&#8243; _builder_version=&#8221;4.16&#8243; custom_padding=&#8221;|||&#8221; global_colors_info=&#8221;{}&#8221; parallax__hover=&#8221;off&#8221; parallax_method__hover=&#8221;on&#8221; custom_padding__hover=&#8221;|||&#8221;][et_pb_text _builder_version=&#8221;4.27.0&#8243; _module_preset=&#8221;default&#8221; min_height=&#8221;57px&#8221; custom_margin=&#8221;||9px|||&#8221; custom_padding=&#8221;|18px|0px|||&#8221; global_colors_info=&#8221;{}&#8221;]<\/p>\n<h3><span style=\"color: #0c71c3\"><strong>Klubin presidentti 2025-2026 Arto Laaksonen<\/strong><\/span><\/h3>\n<p>[\/et_pb_text][\/et_pb_column_inner][et_pb_column_inner type=&#8221;1_2&#8243; saved_specialty_column_type=&#8221;2_3&#8243; _builder_version=&#8221;4.16&#8243; custom_padding=&#8221;|||&#8221; global_colors_info=&#8221;{}&#8221; parallax__hover=&#8221;off&#8221; parallax_method__hover=&#8221;on&#8221; custom_padding__hover=&#8221;|||&#8221;][et_pb_text admin_label=&#8221;Teksti&#8221; _builder_version=&#8221;4.27.4&#8243; width=&#8221;100%&#8221; min_height=&#8221;465.5px&#8221; custom_margin=&#8221;|248px||-86px||&#8221; custom_padding=&#8221;3px|20px|0px|0px||&#8221; inline_fonts=&#8221;Abel,ABeeZee&#8221; global_colors_info=&#8221;{}&#8221;]<\/p>\n<h1><strong><span style=\"color: #0043c1;font-family: inherit;font-size: medium\">Toimikausi 2025-2026<\/span><\/strong><\/h1>\n<h3><span style=\"color: #0043c1;font-family: inherit;font-size: small\">Presidentti\u00a0 Arto Laaksonen<\/span><\/h3>\n<h3><span style=\"color: #0043c1;font-family: inherit;font-size: small\">Tuleva presidentti\u00a0 \u00a0Ari V\u00e4liaho<\/span><\/h3>\n<h3><span style=\"color: #0043c1;font-size: small\">Past Presidentti Jyrki Koivum\u00e4ki<span style=\"font-family: inherit\"><\/span><\/span><\/h3>\n<h3><span style=\"color: #0043c1;font-family: inherit;font-size: small\">Vara presidentti\u00a0 \u00a0 Ari Liikala<\/span><\/h3>\n<h3><span style=\"color: #0043c1;font-family: inherit;font-size: small\">1.Sihteeri\u00a0 \u00a0 \u00a0 \u00a0 Jari Santaharju<\/span><\/h3>\n<h3><span style=\"color: #0043c1;font-family: inherit;font-size: small\">2.Sihteeri\u00a0 \u00a0 \u00a0 \u00a0 Marko Mustaj\u00e4rvi<\/span><\/h3>\n<h3><span style=\"color: #0043c1;font-family: inherit;font-size: small\">1.Klubimestari\u00a0 \u00a0 Kari Halmela<\/span><\/h3>\n<h3><span style=\"color: #0043c1;font-family: inherit;font-size: small\">2.Klubimestari\u00a0 \u00a0Ilpo Vuorela<\/span><\/h3>\n<h3><span style=\"color: #0043c1;font-family: inherit;font-size: small\">Nuorisovaihtoasiamies\u00a0\u00a0\u00a0 Tomi Ylilammi<\/span><\/h3>\n<h3><span style=\"color: #0043c1;font-size: small\">Nuorivaihtokomitean j\u00e4sen Pauli Niskala<span style=\"font-family: inherit\"><\/span><\/span><\/h3>\n<h3><span style=\"color: #0043c1;font-family: inherit;font-size: small\">Rahastonhoitaja\u00a0\u00a0\u00a0 Jari Santaharju<\/span><\/h3>\n<h3><span style=\"font-family: inherit;font-size: small\"><span style=\"color: #0043c1\">Klubihallintokomitean pj. Risto Mustakoski<\/span><\/span><\/h3>\n<h3><span style=\"color: #0043c1;font-family: inherit;font-size: small\">IT-vastaava\u00a0\u00a0\u00a0 \u00a0\u00a0\u00a0 Juha Ylikoski<\/span><span style=\"color: #0c71c3;font-family: Arial;font-weight: normal\"><\/span><\/h3>\n<h3><span style=\"color: #0c71c3;font-family: Arial;font-weight: normal\"><\/span><\/h3>\n<p><span style=\"color: #0c71c3;font-family: Arial;font-weight: normal\"><\/span><\/p>\n<h2><\/h2>\n<p>&nbsp;<\/p>\n<h2><\/h2>\n<p>[\/et_pb_text][\/et_pb_column_inner][\/et_pb_row_inner][\/et_pb_column][et_pb_column type=&#8221;1_3&#8243; module_class=&#8221;sivupalkki&#8221; _builder_version=&#8221;4.16&#8243; custom_padding=&#8221;|||&#8221; global_colors_info=&#8221;{}&#8221; parallax__hover=&#8221;off&#8221; parallax_method__hover=&#8221;on&#8221; module_class__hover=&#8221;sivupalkki&#8221; custom_padding__hover=&#8221;|||&#8221;][et_pb_sidebar area=&#8221;sidebar-1&#8243; module_class=&#8221;sivupalkki_sisalto&#8221; _builder_version=&#8221;4.16&#8243; locked=&#8221;on&#8221; global_colors_info=&#8221;{}&#8221;]<\/p>\n<p>[\/et_pb_sidebar][\/et_pb_column][\/et_pb_section]<\/p>\n","protected":false},"excerpt":{"rendered":"<p>Hallitus ja toimihenkil\u00f6t Klubin presidentti 2025-2026 Arto LaaksonenToimikausi 2025-2026 Presidentti\u00a0 Arto Laaksonen Tuleva presidentti\u00a0 \u00a0Ari V\u00e4liaho Past Presidentti Jyrki Koivum\u00e4ki Vara presidentti\u00a0 \u00a0 Ari Liikala 1.Sihteeri\u00a0 \u00a0 \u00a0 \u00a0 Jari Santaharju 2.Sihteeri\u00a0 \u00a0 \u00a0 \u00a0 Marko Mustaj\u00e4rvi 1.Klubimestari\u00a0 \u00a0 Kari Halmela 2.Klubimestari\u00a0 \u00a0Ilpo Vuorela Nuorisovaihtoasiamies\u00a0\u00a0\u00a0 Tomi Ylilammi Nuorivaihtokomitean j\u00e4sen Pauli Niskala Rahastonhoitaja\u00a0\u00a0\u00a0 Jari Santaharju Klubihallintokomitean [&hellip;]<\/p>\n","protected":false},"author":1,"featured_media":0,"parent":129,"menu_order":0,"comment_status":"closed","ping_status":"closed","template":"","meta":{"_acf_changed":false,"_et_pb_use_builder":"on","_et_pb_old_content":"Presidentti: Vesa Hietikko\r\n\r\nTuleva Presidentti: Jyrki Koivum\u00e4ki\r\n\r\nPast Presidentti: Jani Suoneva\r\n\r\nVarapresidentti: Arto Laaksonen\r\n\r\n1 Sihteeri: Ari V\u00e4liaho\r\n\r\n2 Sihteeri: Jari Santaharju\r\n\r\n1 Klubimestari: Markku Marjakoski\r\n\r\n2 Klubimestari: Kari Halmela\r\n\r\nNuorisovaihtoasiamies: Tomi Ylilammi\r\n\r\nRahastonhoitaja: Jari Santaharju\r\n\r\nIT-vastaava: Juha Ylikoski\r\n\r\nRotarys\u00e4\u00e4ti\u00f6asiamies: Risto Mustakoski\r\n\r\n\u00a0\r\n\r\n\u00a0","_et_gb_content_width":"","footnotes":""},"class_list":["post-132","page","type-page","status-publish","hentry"],"acf":[],"yoast_head":"<!-- This site is optimized with the Yoast SEO plugin v27.0 - https:\/\/yoast.com\/product\/yoast-seo-wordpress\/ -->\n<title>Hallitus ja toimihenkil\u00f6t - Karvian Rotaryklubi<\/title>\n<meta name=\"robots\" content=\"index, follow, max-snippet:-1, max-image-preview:large, max-video-preview:-1\" \/>\n<link rel=\"canonical\" href=\"https:\/\/rotary.fi\/karvia\/keita-olemme\/hallitus-ja-toimihenkilot\/\" \/>\n<meta property=\"og:locale\" content=\"fi_FI\" \/>\n<meta property=\"og:type\" content=\"article\" \/>\n<meta property=\"og:title\" content=\"Hallitus ja toimihenkil\u00f6t - Karvian Rotaryklubi\" \/>\n<meta property=\"og:description\" content=\"Hallitus ja toimihenkil\u00f6t Klubin presidentti 2025-2026 Arto LaaksonenToimikausi 2025-2026 Presidentti\u00a0 Arto Laaksonen Tuleva presidentti\u00a0 \u00a0Ari V\u00e4liaho Past Presidentti Jyrki Koivum\u00e4ki Vara presidentti\u00a0 \u00a0 Ari Liikala 1.Sihteeri\u00a0 \u00a0 \u00a0 \u00a0 Jari Santaharju 2.Sihteeri\u00a0 \u00a0 \u00a0 \u00a0 Marko Mustaj\u00e4rvi 1.Klubimestari\u00a0 \u00a0 Kari Halmela 2.Klubimestari\u00a0 \u00a0Ilpo Vuorela Nuorisovaihtoasiamies\u00a0\u00a0\u00a0 Tomi Ylilammi Nuorivaihtokomitean j\u00e4sen Pauli Niskala Rahastonhoitaja\u00a0\u00a0\u00a0 Jari Santaharju Klubihallintokomitean [&hellip;]\" \/>\n<meta property=\"og:url\" content=\"https:\/\/rotary.fi\/karvia\/keita-olemme\/hallitus-ja-toimihenkilot\/\" \/>\n<meta property=\"og:site_name\" content=\"Karvian Rotaryklubi\" \/>\n<meta property=\"article:modified_time\" content=\"2026-03-31T13:21:06+00:00\" \/>\n<meta name=\"twitter:card\" content=\"summary_large_image\" \/>\n<meta name=\"twitter:label1\" content=\"Arvioitu lukuaika\" \/>\n\t<meta name=\"twitter:data1\" content=\"1 minuutti\" \/>\n<script type=\"application\/ld+json\" class=\"yoast-schema-graph\">{\"@context\":\"https:\/\/schema.org\",\"@graph\":[{\"@type\":\"WebPage\",\"@id\":\"https:\/\/rotary.fi\/karvia\/keita-olemme\/hallitus-ja-toimihenkilot\/\",\"url\":\"https:\/\/rotary.fi\/karvia\/keita-olemme\/hallitus-ja-toimihenkilot\/\",\"name\":\"Hallitus ja toimihenkil\u00f6t - Karvian Rotaryklubi\",\"isPartOf\":{\"@id\":\"https:\/\/rotary.fi\/karvia\/#website\"},\"datePublished\":\"2018-08-10T10:59:56+00:00\",\"dateModified\":\"2026-03-31T13:21:06+00:00\",\"breadcrumb\":{\"@id\":\"https:\/\/rotary.fi\/karvia\/keita-olemme\/hallitus-ja-toimihenkilot\/#breadcrumb\"},\"inLanguage\":\"fi\",\"potentialAction\":[{\"@type\":\"ReadAction\",\"target\":[\"https:\/\/rotary.fi\/karvia\/keita-olemme\/hallitus-ja-toimihenkilot\/\"]}]},{\"@type\":\"BreadcrumbList\",\"@id\":\"https:\/\/rotary.fi\/karvia\/keita-olemme\/hallitus-ja-toimihenkilot\/#breadcrumb\",\"itemListElement\":[{\"@type\":\"ListItem\",\"position\":1,\"name\":\"Home\",\"item\":\"https:\/\/rotary.fi\/karvia\/\"},{\"@type\":\"ListItem\",\"position\":2,\"name\":\"Keit\u00e4 olemme\",\"item\":\"https:\/\/rotary.fi\/karvia\/keita-olemme\/\"},{\"@type\":\"ListItem\",\"position\":3,\"name\":\"Hallitus ja toimihenkil\u00f6t\"}]},{\"@type\":\"WebSite\",\"@id\":\"https:\/\/rotary.fi\/karvia\/#website\",\"url\":\"https:\/\/rotary.fi\/karvia\/\",\"name\":\"Karvian Rotaryklubi\",\"description\":\"Uusi Rotary klubisivusto\",\"potentialAction\":[{\"@type\":\"SearchAction\",\"target\":{\"@type\":\"EntryPoint\",\"urlTemplate\":\"https:\/\/rotary.fi\/karvia\/?s={search_term_string}\"},\"query-input\":{\"@type\":\"PropertyValueSpecification\",\"valueRequired\":true,\"valueName\":\"search_term_string\"}}],\"inLanguage\":\"fi\"}]}<\/script>\n<!-- \/ Yoast SEO plugin. -->","yoast_head_json":{"title":"Hallitus ja toimihenkil\u00f6t - Karvian Rotaryklubi","robots":{"index":"index","follow":"follow","max-snippet":"max-snippet:-1","max-image-preview":"max-image-preview:large","max-video-preview":"max-video-preview:-1"},"canonical":"https:\/\/rotary.fi\/karvia\/keita-olemme\/hallitus-ja-toimihenkilot\/","og_locale":"fi_FI","og_type":"article","og_title":"Hallitus ja toimihenkil\u00f6t - Karvian Rotaryklubi","og_description":"Hallitus ja toimihenkil\u00f6t Klubin presidentti 2025-2026 Arto LaaksonenToimikausi 2025-2026 Presidentti\u00a0 Arto Laaksonen Tuleva presidentti\u00a0 \u00a0Ari V\u00e4liaho Past Presidentti Jyrki Koivum\u00e4ki Vara presidentti\u00a0 \u00a0 Ari Liikala 1.Sihteeri\u00a0 \u00a0 \u00a0 \u00a0 Jari Santaharju 2.Sihteeri\u00a0 \u00a0 \u00a0 \u00a0 Marko Mustaj\u00e4rvi 1.Klubimestari\u00a0 \u00a0 Kari Halmela 2.Klubimestari\u00a0 \u00a0Ilpo Vuorela Nuorisovaihtoasiamies\u00a0\u00a0\u00a0 Tomi Ylilammi Nuorivaihtokomitean j\u00e4sen Pauli Niskala Rahastonhoitaja\u00a0\u00a0\u00a0 Jari Santaharju Klubihallintokomitean [&hellip;]","og_url":"https:\/\/rotary.fi\/karvia\/keita-olemme\/hallitus-ja-toimihenkilot\/","og_site_name":"Karvian Rotaryklubi","article_modified_time":"2026-03-31T13:21:06+00:00","twitter_card":"summary_large_image","twitter_misc":{"Arvioitu lukuaika":"1 minuutti"},"schema":{"@context":"https:\/\/schema.org","@graph":[{"@type":"WebPage","@id":"https:\/\/rotary.fi\/karvia\/keita-olemme\/hallitus-ja-toimihenkilot\/","url":"https:\/\/rotary.fi\/karvia\/keita-olemme\/hallitus-ja-toimihenkilot\/","name":"Hallitus ja toimihenkil\u00f6t - Karvian Rotaryklubi","isPartOf":{"@id":"https:\/\/rotary.fi\/karvia\/#website"},"datePublished":"2018-08-10T10:59:56+00:00","dateModified":"2026-03-31T13:21:06+00:00","breadcrumb":{"@id":"https:\/\/rotary.fi\/karvia\/keita-olemme\/hallitus-ja-toimihenkilot\/#breadcrumb"},"inLanguage":"fi","potentialAction":[{"@type":"ReadAction","target":["https:\/\/rotary.fi\/karvia\/keita-olemme\/hallitus-ja-toimihenkilot\/"]}]},{"@type":"BreadcrumbList","@id":"https:\/\/rotary.fi\/karvia\/keita-olemme\/hallitus-ja-toimihenkilot\/#breadcrumb","itemListElement":[{"@type":"ListItem","position":1,"name":"Home","item":"https:\/\/rotary.fi\/karvia\/"},{"@type":"ListItem","position":2,"name":"Keit\u00e4 olemme","item":"https:\/\/rotary.fi\/karvia\/keita-olemme\/"},{"@type":"ListItem","position":3,"name":"Hallitus ja toimihenkil\u00f6t"}]},{"@type":"WebSite","@id":"https:\/\/rotary.fi\/karvia\/#website","url":"https:\/\/rotary.fi\/karvia\/","name":"Karvian Rotaryklubi","description":"Uusi Rotary klubisivusto","potentialAction":[{"@type":"SearchAction","target":{"@type":"EntryPoint","urlTemplate":"https:\/\/rotary.fi\/karvia\/?s={search_term_string}"},"query-input":{"@type":"PropertyValueSpecification","valueRequired":true,"valueName":"search_term_string"}}],"inLanguage":"fi"}]}},"lang":"fi","translations":{"fi":132},"pll_sync_post":[],"_links":{"self":[{"href":"https:\/\/rotary.fi\/karvia\/wp-json\/wp\/v2\/pages\/132","targetHints":{"allow":["GET"]}}],"collection":[{"href":"https:\/\/rotary.fi\/karvia\/wp-json\/wp\/v2\/pages"}],"about":[{"href":"https:\/\/rotary.fi\/karvia\/wp-json\/wp\/v2\/types\/page"}],"author":[{"embeddable":true,"href":"https:\/\/rotary.fi\/karvia\/wp-json\/wp\/v2\/users\/1"}],"replies":[{"embeddable":true,"href":"https:\/\/rotary.fi\/karvia\/wp-json\/wp\/v2\/comments?post=132"}],"version-history":[{"count":11,"href":"https:\/\/rotary.fi\/karvia\/wp-json\/wp\/v2\/pages\/132\/revisions"}],"predecessor-version":[{"id":1926,"href":"https:\/\/rotary.fi\/karvia\/wp-json\/wp\/v2\/pages\/132\/revisions\/1926"}],"up":[{"embeddable":true,"href":"https:\/\/rotary.fi\/karvia\/wp-json\/wp\/v2\/pages\/129"}],"wp:attachment":[{"href":"https:\/\/rotary.fi\/karvia\/wp-json\/wp\/v2\/media?parent=132"}],"curies":[{"name":"wp","href":"https:\/\/api.w.org\/{rel}","templated":true}]}}