{"id":2158,"date":"2022-03-12T10:06:34","date_gmt":"2022-03-12T08:06:34","guid":{"rendered":"https:\/\/rotary.fi\/karis-karjaa\/?page_id=2158"},"modified":"2022-11-20T19:30:01","modified_gmt":"2022-11-20T17:30:01","slug":"apu-ukrainaan-projekti","status":"publish","type":"page","link":"https:\/\/rotary.fi\/karis-karjaa\/mita-teemme\/projektit\/apu-ukrainaan-projekti\/","title":{"rendered":"Apu Ukrainaan &#8211; projekti"},"content":{"rendered":"<p><img loading=\"lazy\" decoding=\"async\" class=\"alignright size-medium wp-image-2165\" src=\"https:\/\/rotary.fi\/karis-karjaa\/wp-content\/uploads\/sites\/129\/2022\/03\/rotary-ukraina-crop-300x242.png\" alt=\"\" width=\"300\" height=\"242\" \/><\/p>\n<p>Ukrainan humanit\u00e4\u00e4rinen kriisi on koskettanut meit\u00e4 kaikkia. Sek\u00e4 kansainv\u00e4linen Rotary-organisaatio, piiritason toimijat ett\u00e4 yksitt\u00e4iset klubit ovat k\u00e4ynnist\u00e4neet sek\u00e4 yhteisi\u00e4 ett\u00e4 yksitt\u00e4isi\u00e4 toimia siviilien auttamiseksi sek\u00e4 kriisialueilla ett\u00e4 my\u00f6s sen j\u00e4lkeen kun ovat p\u00e4\u00e4sseet turvaan Suomeen.<\/p>\n<p>Me Karjaan Rotary klubissa olemme toteuttaneet avustusprojektin, jossa linja-autoilla tuotiin Suomeen Ukrainan pakolaisia kes\u00e4ll\u00e4 2022. Hankkeessa toimimme vahvasti yhteisty\u00f6ss\u00e4 viranomaisten kanssa. Projektiin saimme tukea paikallisilta yrityksilt\u00e4 sek\u00e4 klubin j\u00e4senilt\u00e4.<\/p>\n<p>Yksityiskohtainen kuvaus miten kaikki tapahtui on <a href=\"https:\/\/rotary.fi\/karis-karjaa\/project\/slava-ukraini-projekti\/\">projektin raportissa<\/a> sek\u00e4 <a href=\"https:\/\/svenska.yle.fi\/a\/7-10014638\">YLE:n tekem\u00e4ss\u00e4 jutussa.<\/a><\/p>\n<p>Hankkeen toiminnan tueksi olemme my\u00f6s pystytt\u00e4neet Karjaan keskusta-alueelle muistomets\u00e4n.<\/p>\n<p>&nbsp;<\/p>\n<p><strong>Toimintaamme t\u00e4ss\u00e4 projektissa ovat avustaneet\u00a0<\/strong><\/p>\n<ul>\n<li>Ukrainalaisten Yhdistys Suomessa ry,<\/li>\n<li>Eken\u00e4s Sparbank,<\/li>\n<li>Karis Telefon,<\/li>\n<li>Andelsbanken Raseborg,<\/li>\n<li>SBA Interior,<\/li>\n<li>Raseborgs Energi,<\/li>\n<li>Svart\u00e5 Bruk,<\/li>\n<li>N3M,<\/li>\n<li>Oy Ralf Ajalin,<\/li>\n<li>Lohjan Rotary-klubi ja<\/li>\n<li>Bj\u00f6rn Siggberg<\/li>\n<\/ul>\n<p>&nbsp;<\/p>\n","protected":false},"excerpt":{"rendered":"<p>Ukrainan humanit\u00e4\u00e4rinen kriisi on koskettanut meit\u00e4 kaikkia. Sek\u00e4 kansainv\u00e4linen Rotary-organisaatio, piiritason toimijat ett\u00e4 yksitt\u00e4iset klubit ovat k\u00e4ynnist\u00e4neet sek\u00e4 yhteisi\u00e4 ett\u00e4 yksitt\u00e4isi\u00e4 toimia siviilien auttamiseksi sek\u00e4 kriisialueilla ett\u00e4 my\u00f6s sen j\u00e4lkeen kun ovat p\u00e4\u00e4sseet turvaan Suomeen. Me Karjaan Rotary klubissa olemme toteuttaneet avustusprojektin, jossa linja-autoilla tuotiin Suomeen Ukrainan pakolaisia kes\u00e4ll\u00e4 2022. Hankkeessa toimimme vahvasti yhteisty\u00f6ss\u00e4 viranomaisten [&hellip;]<\/p>\n","protected":false},"author":176,"featured_media":2165,"parent":156,"menu_order":0,"comment_status":"closed","ping_status":"closed","template":"","meta":{"_acf_changed":false,"_et_pb_use_builder":"","_et_pb_old_content":"","_et_gb_content_width":"","footnotes":""},"class_list":["post-2158","page","type-page","status-publish","has-post-thumbnail","hentry"],"acf":[],"yoast_head":"<!-- This site is optimized with the Yoast SEO plugin v27.0 - https:\/\/yoast.com\/product\/yoast-seo-wordpress\/ -->\n<title>Apu Ukrainaan - projekti - Karis - Karjaa Rotaryklubi<\/title>\n<meta name=\"robots\" content=\"index, follow, max-snippet:-1, max-image-preview:large, max-video-preview:-1\" \/>\n<link rel=\"canonical\" href=\"https:\/\/rotary.fi\/karis-karjaa\/mita-teemme\/projektit\/apu-ukrainaan-projekti\/\" \/>\n<meta property=\"og:locale\" content=\"fi_FI\" \/>\n<meta property=\"og:type\" content=\"article\" \/>\n<meta property=\"og:title\" content=\"Apu Ukrainaan - projekti - Karis - Karjaa Rotaryklubi\" \/>\n<meta property=\"og:description\" content=\"Ukrainan humanit\u00e4\u00e4rinen kriisi on koskettanut meit\u00e4 kaikkia. Sek\u00e4 kansainv\u00e4linen Rotary-organisaatio, piiritason toimijat ett\u00e4 yksitt\u00e4iset klubit ovat k\u00e4ynnist\u00e4neet sek\u00e4 yhteisi\u00e4 ett\u00e4 yksitt\u00e4isi\u00e4 toimia siviilien auttamiseksi sek\u00e4 kriisialueilla ett\u00e4 my\u00f6s sen j\u00e4lkeen kun ovat p\u00e4\u00e4sseet turvaan Suomeen. Me Karjaan Rotary klubissa olemme toteuttaneet avustusprojektin, jossa linja-autoilla tuotiin Suomeen Ukrainan pakolaisia kes\u00e4ll\u00e4 2022. Hankkeessa toimimme vahvasti yhteisty\u00f6ss\u00e4 viranomaisten [&hellip;]\" \/>\n<meta property=\"og:url\" content=\"https:\/\/rotary.fi\/karis-karjaa\/mita-teemme\/projektit\/apu-ukrainaan-projekti\/\" \/>\n<meta property=\"og:site_name\" content=\"Karis - Karjaa Rotaryklubi\" \/>\n<meta property=\"article:modified_time\" content=\"2022-11-20T17:30:01+00:00\" \/>\n<meta property=\"og:image\" content=\"https:\/\/rotary.fi\/karis-karjaa\/wp-content\/uploads\/sites\/129\/2022\/03\/rotary-ukraina-crop.png\" \/>\n\t<meta property=\"og:image:width\" content=\"1296\" \/>\n\t<meta property=\"og:image:height\" content=\"1044\" \/>\n\t<meta property=\"og:image:type\" content=\"image\/png\" \/>\n<meta name=\"twitter:card\" content=\"summary_large_image\" \/>\n<meta name=\"twitter:label1\" content=\"Arvioitu lukuaika\" \/>\n\t<meta name=\"twitter:data1\" content=\"1 minuutti\" \/>\n<script type=\"application\/ld+json\" class=\"yoast-schema-graph\">{\"@context\":\"https:\/\/schema.org\",\"@graph\":[{\"@type\":\"WebPage\",\"@id\":\"https:\/\/rotary.fi\/karis-karjaa\/mita-teemme\/projektit\/apu-ukrainaan-projekti\/\",\"url\":\"https:\/\/rotary.fi\/karis-karjaa\/mita-teemme\/projektit\/apu-ukrainaan-projekti\/\",\"name\":\"Apu Ukrainaan - projekti - Karis - Karjaa Rotaryklubi\",\"isPartOf\":{\"@id\":\"https:\/\/rotary.fi\/karis-karjaa\/#website\"},\"primaryImageOfPage\":{\"@id\":\"https:\/\/rotary.fi\/karis-karjaa\/mita-teemme\/projektit\/apu-ukrainaan-projekti\/#primaryimage\"},\"image\":{\"@id\":\"https:\/\/rotary.fi\/karis-karjaa\/mita-teemme\/projektit\/apu-ukrainaan-projekti\/#primaryimage\"},\"thumbnailUrl\":\"https:\/\/rotary.fi\/karis-karjaa\/wp-content\/uploads\/sites\/129\/2022\/03\/rotary-ukraina-crop.png\",\"datePublished\":\"2022-03-12T08:06:34+00:00\",\"dateModified\":\"2022-11-20T17:30:01+00:00\",\"breadcrumb\":{\"@id\":\"https:\/\/rotary.fi\/karis-karjaa\/mita-teemme\/projektit\/apu-ukrainaan-projekti\/#breadcrumb\"},\"inLanguage\":\"fi\",\"potentialAction\":[{\"@type\":\"ReadAction\",\"target\":[\"https:\/\/rotary.fi\/karis-karjaa\/mita-teemme\/projektit\/apu-ukrainaan-projekti\/\"]}]},{\"@type\":\"ImageObject\",\"inLanguage\":\"fi\",\"@id\":\"https:\/\/rotary.fi\/karis-karjaa\/mita-teemme\/projektit\/apu-ukrainaan-projekti\/#primaryimage\",\"url\":\"https:\/\/rotary.fi\/karis-karjaa\/wp-content\/uploads\/sites\/129\/2022\/03\/rotary-ukraina-crop.png\",\"contentUrl\":\"https:\/\/rotary.fi\/karis-karjaa\/wp-content\/uploads\/sites\/129\/2022\/03\/rotary-ukraina-crop.png\",\"width\":1296,\"height\":1044},{\"@type\":\"BreadcrumbList\",\"@id\":\"https:\/\/rotary.fi\/karis-karjaa\/mita-teemme\/projektit\/apu-ukrainaan-projekti\/#breadcrumb\",\"itemListElement\":[{\"@type\":\"ListItem\",\"position\":1,\"name\":\"Home\",\"item\":\"https:\/\/rotary.fi\/karis-karjaa\/\"},{\"@type\":\"ListItem\",\"position\":2,\"name\":\"Mit\u00e4 teemme\",\"item\":\"https:\/\/rotary.fi\/karis-karjaa\/mita-teemme\/\"},{\"@type\":\"ListItem\",\"position\":3,\"name\":\"Projektit\",\"item\":\"https:\/\/rotary.fi\/karis-karjaa\/mita-teemme\/projektit\/\"},{\"@type\":\"ListItem\",\"position\":4,\"name\":\"Apu Ukrainaan &#8211; projekti\"}]},{\"@type\":\"WebSite\",\"@id\":\"https:\/\/rotary.fi\/karis-karjaa\/#website\",\"url\":\"https:\/\/rotary.fi\/karis-karjaa\/\",\"name\":\"Karis - Karjaa Rotaryklubi\",\"description\":\"Uusi Rotary klubisivusto\",\"potentialAction\":[{\"@type\":\"SearchAction\",\"target\":{\"@type\":\"EntryPoint\",\"urlTemplate\":\"https:\/\/rotary.fi\/karis-karjaa\/?s={search_term_string}\"},\"query-input\":{\"@type\":\"PropertyValueSpecification\",\"valueRequired\":true,\"valueName\":\"search_term_string\"}}],\"inLanguage\":\"fi\"}]}<\/script>\n<!-- \/ Yoast SEO plugin. -->","yoast_head_json":{"title":"Apu Ukrainaan - projekti - Karis - Karjaa Rotaryklubi","robots":{"index":"index","follow":"follow","max-snippet":"max-snippet:-1","max-image-preview":"max-image-preview:large","max-video-preview":"max-video-preview:-1"},"canonical":"https:\/\/rotary.fi\/karis-karjaa\/mita-teemme\/projektit\/apu-ukrainaan-projekti\/","og_locale":"fi_FI","og_type":"article","og_title":"Apu Ukrainaan - projekti - Karis - Karjaa Rotaryklubi","og_description":"Ukrainan humanit\u00e4\u00e4rinen kriisi on koskettanut meit\u00e4 kaikkia. Sek\u00e4 kansainv\u00e4linen Rotary-organisaatio, piiritason toimijat ett\u00e4 yksitt\u00e4iset klubit ovat k\u00e4ynnist\u00e4neet sek\u00e4 yhteisi\u00e4 ett\u00e4 yksitt\u00e4isi\u00e4 toimia siviilien auttamiseksi sek\u00e4 kriisialueilla ett\u00e4 my\u00f6s sen j\u00e4lkeen kun ovat p\u00e4\u00e4sseet turvaan Suomeen. Me Karjaan Rotary klubissa olemme toteuttaneet avustusprojektin, jossa linja-autoilla tuotiin Suomeen Ukrainan pakolaisia kes\u00e4ll\u00e4 2022. Hankkeessa toimimme vahvasti yhteisty\u00f6ss\u00e4 viranomaisten [&hellip;]","og_url":"https:\/\/rotary.fi\/karis-karjaa\/mita-teemme\/projektit\/apu-ukrainaan-projekti\/","og_site_name":"Karis - Karjaa Rotaryklubi","article_modified_time":"2022-11-20T17:30:01+00:00","og_image":[{"width":1296,"height":1044,"url":"https:\/\/rotary.fi\/karis-karjaa\/wp-content\/uploads\/sites\/129\/2022\/03\/rotary-ukraina-crop.png","type":"image\/png"}],"twitter_card":"summary_large_image","twitter_misc":{"Arvioitu lukuaika":"1 minuutti"},"schema":{"@context":"https:\/\/schema.org","@graph":[{"@type":"WebPage","@id":"https:\/\/rotary.fi\/karis-karjaa\/mita-teemme\/projektit\/apu-ukrainaan-projekti\/","url":"https:\/\/rotary.fi\/karis-karjaa\/mita-teemme\/projektit\/apu-ukrainaan-projekti\/","name":"Apu Ukrainaan - projekti - Karis - Karjaa Rotaryklubi","isPartOf":{"@id":"https:\/\/rotary.fi\/karis-karjaa\/#website"},"primaryImageOfPage":{"@id":"https:\/\/rotary.fi\/karis-karjaa\/mita-teemme\/projektit\/apu-ukrainaan-projekti\/#primaryimage"},"image":{"@id":"https:\/\/rotary.fi\/karis-karjaa\/mita-teemme\/projektit\/apu-ukrainaan-projekti\/#primaryimage"},"thumbnailUrl":"https:\/\/rotary.fi\/karis-karjaa\/wp-content\/uploads\/sites\/129\/2022\/03\/rotary-ukraina-crop.png","datePublished":"2022-03-12T08:06:34+00:00","dateModified":"2022-11-20T17:30:01+00:00","breadcrumb":{"@id":"https:\/\/rotary.fi\/karis-karjaa\/mita-teemme\/projektit\/apu-ukrainaan-projekti\/#breadcrumb"},"inLanguage":"fi","potentialAction":[{"@type":"ReadAction","target":["https:\/\/rotary.fi\/karis-karjaa\/mita-teemme\/projektit\/apu-ukrainaan-projekti\/"]}]},{"@type":"ImageObject","inLanguage":"fi","@id":"https:\/\/rotary.fi\/karis-karjaa\/mita-teemme\/projektit\/apu-ukrainaan-projekti\/#primaryimage","url":"https:\/\/rotary.fi\/karis-karjaa\/wp-content\/uploads\/sites\/129\/2022\/03\/rotary-ukraina-crop.png","contentUrl":"https:\/\/rotary.fi\/karis-karjaa\/wp-content\/uploads\/sites\/129\/2022\/03\/rotary-ukraina-crop.png","width":1296,"height":1044},{"@type":"BreadcrumbList","@id":"https:\/\/rotary.fi\/karis-karjaa\/mita-teemme\/projektit\/apu-ukrainaan-projekti\/#breadcrumb","itemListElement":[{"@type":"ListItem","position":1,"name":"Home","item":"https:\/\/rotary.fi\/karis-karjaa\/"},{"@type":"ListItem","position":2,"name":"Mit\u00e4 teemme","item":"https:\/\/rotary.fi\/karis-karjaa\/mita-teemme\/"},{"@type":"ListItem","position":3,"name":"Projektit","item":"https:\/\/rotary.fi\/karis-karjaa\/mita-teemme\/projektit\/"},{"@type":"ListItem","position":4,"name":"Apu Ukrainaan &#8211; projekti"}]},{"@type":"WebSite","@id":"https:\/\/rotary.fi\/karis-karjaa\/#website","url":"https:\/\/rotary.fi\/karis-karjaa\/","name":"Karis - Karjaa Rotaryklubi","description":"Uusi Rotary klubisivusto","potentialAction":[{"@type":"SearchAction","target":{"@type":"EntryPoint","urlTemplate":"https:\/\/rotary.fi\/karis-karjaa\/?s={search_term_string}"},"query-input":{"@type":"PropertyValueSpecification","valueRequired":true,"valueName":"search_term_string"}}],"inLanguage":"fi"}]}},"lang":"fi","translations":{"fi":2158,"sv":2171},"pll_sync_post":[],"_links":{"self":[{"href":"https:\/\/rotary.fi\/karis-karjaa\/wp-json\/wp\/v2\/pages\/2158","targetHints":{"allow":["GET"]}}],"collection":[{"href":"https:\/\/rotary.fi\/karis-karjaa\/wp-json\/wp\/v2\/pages"}],"about":[{"href":"https:\/\/rotary.fi\/karis-karjaa\/wp-json\/wp\/v2\/types\/page"}],"author":[{"embeddable":true,"href":"https:\/\/rotary.fi\/karis-karjaa\/wp-json\/wp\/v2\/users\/176"}],"replies":[{"embeddable":true,"href":"https:\/\/rotary.fi\/karis-karjaa\/wp-json\/wp\/v2\/comments?post=2158"}],"version-history":[{"count":10,"href":"https:\/\/rotary.fi\/karis-karjaa\/wp-json\/wp\/v2\/pages\/2158\/revisions"}],"predecessor-version":[{"id":2302,"href":"https:\/\/rotary.fi\/karis-karjaa\/wp-json\/wp\/v2\/pages\/2158\/revisions\/2302"}],"up":[{"embeddable":true,"href":"https:\/\/rotary.fi\/karis-karjaa\/wp-json\/wp\/v2\/pages\/156"}],"wp:featuredmedia":[{"embeddable":true,"href":"https:\/\/rotary.fi\/karis-karjaa\/wp-json\/wp\/v2\/media\/2165"}],"wp:attachment":[{"href":"https:\/\/rotary.fi\/karis-karjaa\/wp-json\/wp\/v2\/media?parent=2158"}],"curies":[{"name":"wp","href":"https:\/\/api.w.org\/{rel}","templated":true}]}}