{"id":1657,"date":"2019-03-20T07:58:09","date_gmt":"2019-03-20T05:58:09","guid":{"rendered":"https:\/\/rotary.fi\/kariskarjaa\/?page_id=1657"},"modified":"2019-09-29T20:22:03","modified_gmt":"2019-09-29T17:22:03","slug":"aktuellt","status":"publish","type":"page","link":"https:\/\/rotary.fi\/karis-karjaa\/sv\/aktuellt\/","title":{"rendered":"Aktuellt"},"content":{"rendered":"<p>[et_pb_section bb_built=&#8221;1&#8243; _builder_version=&#8221;3.29.3&#8243; background_image=&#8221;https:\/\/rotary.fi\/karis-karjaa\/wp-content\/uploads\/sites\/129\/2019\/09\/mustionjoki_web-1.jpg&#8221; next_background_color=&#8221;#ffffff&#8221; module_class=&#8221;jumbotron-page&#8221; box_shadow_horizontal_tablet=&#8221;0px&#8221; box_shadow_vertical_tablet=&#8221;0px&#8221; box_shadow_blur_tablet=&#8221;40px&#8221; box_shadow_spread_tablet=&#8221;0px&#8221; z_index_tablet=&#8221;500&#8243;][et_pb_row][et_pb_column type=&#8221;4_4&#8243; custom_padding__hover=&#8221;|||&#8221; custom_padding=&#8221;|||&#8221;][et_pb_text admin_label=&#8221;Main \/\/ Aktuellt&#8221; _builder_version=&#8221;3.21&#8243; text_orientation=&#8221;center&#8221; background_layout=&#8221;dark&#8221;]<\/p>\n<h1>Aktuellt<\/h1>\n<p>[\/et_pb_text][\/et_pb_column][\/et_pb_row][\/et_pb_section][et_pb_section bb_built=&#8221;1&#8243; specialty=&#8221;on&#8221; prev_background_color=&#8221;#000000&#8243; _builder_version=&#8221;3.4.1&#8243; module_class_2=&#8221;sivupalkki&#8221; locked=&#8221;on&#8221; inner_width=&#8221;auto&#8221; inner_max_width=&#8221;1080px&#8221;][et_pb_column type=&#8221;2_3&#8243; specialty_columns=&#8221;2&#8243;][et_pb_row_inner admin_label=&#8221;Rivi&#8221; locked=&#8221;on&#8221; parent_locked=&#8221;on&#8221;][et_pb_column_inner type=&#8221;4_4&#8243; saved_specialty_column_type=&#8221;2_3&#8243; custom_padding__hover=&#8221;|||&#8221; custom_padding=&#8221;|||&#8221; parent_locked=&#8221;on&#8221; saved_specialty_column_type=&#8221;2_3&#8243;][et_pb_text admin_label=&#8221;Aktuellt &#8211; rubrik&#8221; _builder_version=&#8221;3.21&#8243; text_orientation=&#8221;center&#8221; parent_locked=&#8221;on&#8221;]<\/p>\n<h1>Aktuellt<\/h1>\n<p>[\/et_pb_text][et_pb_code admin_label=&#8221;Aktuellt &#8211; artikel list&#8221; _builder_version=&#8221;3.21&#8243; module_class=&#8221;kaikki_ajankohtaiset&#8221; parent_locked=&#8221;on&#8221;]<ul class=\"display-posts-listing\"><li class=\"listing-item\"><a class=\"title\" href=\"https:\/\/rotary.fi\/karis-karjaa\/ajankohtaiset\/2024-baltic-sea-ryla\/\">2024 Baltic Sea RYLA<\/a> <span class=\"date\">4.7. 2024<\/span><\/li><li class=\"listing-item\"><a class=\"title\" href=\"https:\/\/rotary.fi\/karis-karjaa\/sv\/ajankohtaiset\/ska-du-vara-vard-for-en-vardfamilj-for-en-inkommande-utbytesstudent\/\">Ska du vara v\u00e4rd f\u00f6r en v\u00e4rdfamilj f\u00f6r en inkommande utbytesstudent?<\/a> <span class=\"date\">14.2. 2024<\/span><\/li><li class=\"listing-item\"><a class=\"title\" href=\"https:\/\/rotary.fi\/karis-karjaa\/ajankohtaiset\/saapuvan-vaihto-oppilaan-isantaperheeksi\/\">Saapuvan vaihto-oppilaan is\u00e4nt\u00e4perheeksi?<\/a> <span class=\"date\">14.2. 2024<\/span><\/li><li class=\"listing-item\"><a class=\"title\" href=\"https:\/\/rotary.fi\/karis-karjaa\/ajankohtaiset\/presidentin-katsaus-11-2022\/\">Presidentin katsaus 11\/2022<\/a> <span class=\"date\">26.11. 2022<\/span><\/li><li class=\"listing-item\"><a class=\"title\" href=\"https:\/\/rotary.fi\/karis-karjaa\/presidentin_uutiset\/koulutustarjontaa\/\">Koulutustarjontaa<\/a> <span class=\"date\">25.11. 2022<\/span><\/li><li class=\"listing-item\"><a class=\"title\" href=\"https:\/\/rotary.fi\/karis-karjaa\/presidentin_uutiset\/rotary-norden-lehden-diginumerot\/\">Rotary Norden lehden diginumerot<\/a> <span class=\"date\">25.11. 2022<\/span><\/li><li class=\"listing-item\"><a class=\"title\" href=\"https:\/\/rotary.fi\/karis-karjaa\/presidentin_uutiset\/dgn-kuukausikatsaukset\/\">DG:n kuukausikatsaukset<\/a> <span class=\"date\">25.11. 2022<\/span><\/li><li class=\"listing-item\"><a class=\"title\" href=\"https:\/\/rotary.fi\/karis-karjaa\/ajankohtaiset\/osallistumme-suomen-ymparisto-keskuksen-rantaroska-seurantaprojektiin\/\">Osallistumme Suomen Ymp\u00e4rist\u00f6 keskuksen Rantaroska seurantaprojektiin<\/a> <span class=\"date\">1.11. 2022<\/span><\/li><li class=\"listing-item\"><a class=\"title\" href=\"https:\/\/rotary.fi\/karis-karjaa\/ajankohtaiset\/42-ukrainalaista-saatu-tuotua-turvaan\/\">42 Ukrainalaista saatu tuotua turvaan<\/a> <span class=\"date\">27.3. 2022<\/span><\/li><li class=\"listing-item\"><a class=\"title\" href=\"https:\/\/rotary.fi\/karis-karjaa\/sv\/ajankohtaiset\/ukraina-projekt-startade\/\">Ukraina projekt startade<\/a> <span class=\"date\">22.3. 2022<\/span><\/li><li class=\"listing-item\"><a class=\"title\" href=\"https:\/\/rotary.fi\/karis-karjaa\/ajankohtaiset\/apua-ukrainaan-projekti-kaynnistyi\/\">Apua Ukrainaan &#8211; projekti k\u00e4ynnistyi<\/a> <span class=\"date\">21.3. 2022<\/span><\/li><li class=\"listing-item\"><a class=\"title\" href=\"https:\/\/rotary.fi\/karis-karjaa\/sv\/ajankohtaiset\/karis-rotaryklubb-donerade-till-karis-mathjalp\/\">Karis Rotaryklubb donerade till Karis Mathj\u00e4lp<\/a> <span class=\"date\">30.12. 2020<\/span><\/li><li class=\"listing-item\"><a class=\"title\" href=\"https:\/\/rotary.fi\/karis-karjaa\/ajankohtaiset\/karjaan-rotaryklubilta-lahjoitus-karjaan-ruoka-avulle\/\">Karjaan Rotaryklubilta lahjoitus Karjaan ruoka-avulle<\/a> <span class=\"date\">30.12. 2020<\/span><\/li><li class=\"listing-item\"><a class=\"title\" href=\"https:\/\/rotary.fi\/karis-karjaa\/sv\/ajankohtaiset\/deltagande-i-distantmoten\/\">Deltagande i distantm\u00f6ten<\/a> <span class=\"date\">9.12. 2020<\/span><\/li><li class=\"listing-item\"><a class=\"title\" href=\"https:\/\/rotary.fi\/karis-karjaa\/sv\/presidentin_uutiset\/rotary-foundation-manaden\/\">Rotary Foundation-m\u00e5naden!<\/a> <span class=\"date\">30.11. 2018<\/span><\/li><li class=\"listing-item\"><a class=\"title\" href=\"https:\/\/rotary.fi\/karis-karjaa\/sv\/presidentin_uutiset\/den-kommande-styrelsen-for-finlands-rotary-ar-vald\/\">Den kommande styrelsen f\u00f6r Finlands Rotary \u00e4r vald<\/a> <span class=\"date\">25.11. 2018<\/span><\/li><\/ul>[\/et_pb_code][\/et_pb_column_inner][\/et_pb_row_inner][\/et_pb_column][et_pb_column type=&#8221;1_3&#8243;][et_pb_sidebar admin_label=&#8221;Sidebar&#8221; _builder_version=&#8221;3.21&#8243; area=&#8221;sidebar-1&#8243; module_class=&#8221;sivupalkki_sisalto&#8221; parent_locked=&#8221;on&#8221; locked=&#8221;on&#8221; \/][\/et_pb_column][\/et_pb_section]<\/p>\n","protected":false},"excerpt":{"rendered":"<p>[et_pb_section bb_built=&#8221;1&#8243; _builder_version=&#8221;3.29.3&#8243; background_image=&#8221;https:\/\/rotary.fi\/karis-karjaa\/wp-content\/uploads\/sites\/129\/2019\/09\/mustionjoki_web-1.jpg&#8221; next_background_color=&#8221;#ffffff&#8221; module_class=&#8221;jumbotron-page&#8221; box_shadow_horizontal_tablet=&#8221;0px&#8221; box_shadow_vertical_tablet=&#8221;0px&#8221; box_shadow_blur_tablet=&#8221;40px&#8221; box_shadow_spread_tablet=&#8221;0px&#8221; z_index_tablet=&#8221;500&#8243;][et_pb_row][et_pb_column type=&#8221;4_4&#8243; custom_padding__hover=&#8221;|||&#8221; custom_padding=&#8221;|||&#8221;][et_pb_text admin_label=&#8221;Main \/\/ Aktuellt&#8221; _builder_version=&#8221;3.21&#8243; text_orientation=&#8221;center&#8221; background_layout=&#8221;dark&#8221;] Aktuellt [\/et_pb_text][\/et_pb_column][\/et_pb_row][\/et_pb_section][et_pb_section bb_built=&#8221;1&#8243; specialty=&#8221;on&#8221; prev_background_color=&#8221;#000000&#8243; _builder_version=&#8221;3.4.1&#8243; module_class_2=&#8221;sivupalkki&#8221; locked=&#8221;on&#8221; inner_width=&#8221;auto&#8221; inner_max_width=&#8221;1080px&#8221;][et_pb_column type=&#8221;2_3&#8243; specialty_columns=&#8221;2&#8243;][et_pb_row_inner admin_label=&#8221;Rivi&#8221; locked=&#8221;on&#8221; parent_locked=&#8221;on&#8221;][et_pb_column_inner type=&#8221;4_4&#8243; saved_specialty_column_type=&#8221;2_3&#8243; custom_padding__hover=&#8221;|||&#8221; custom_padding=&#8221;|||&#8221; parent_locked=&#8221;on&#8221; saved_specialty_column_type=&#8221;2_3&#8243;][et_pb_text admin_label=&#8221;Aktuellt &#8211; rubrik&#8221; _builder_version=&#8221;3.21&#8243; text_orientation=&#8221;center&#8221; parent_locked=&#8221;on&#8221;] Aktuellt [\/et_pb_text][et_pb_code admin_label=&#8221;Aktuellt &#8211; artikel list&#8221; _builder_version=&#8221;3.21&#8243; module_class=&#8221;kaikki_ajankohtaiset&#8221; [&hellip;]<\/p>\n","protected":false},"author":1,"featured_media":0,"parent":0,"menu_order":4,"comment_status":"closed","ping_status":"closed","template":"","meta":{"_acf_changed":false,"_et_pb_use_builder":"on","_et_pb_old_content":"","_et_gb_content_width":"","footnotes":""},"class_list":["post-1657","page","type-page","status-publish","hentry"],"acf":[],"yoast_head":"<!-- This site is optimized with the Yoast SEO plugin v27.0 - https:\/\/yoast.com\/product\/yoast-seo-wordpress\/ -->\n<title>Aktuellt - Karis - Karjaa Rotaryklubi<\/title>\n<meta name=\"robots\" content=\"index, follow, max-snippet:-1, max-image-preview:large, max-video-preview:-1\" \/>\n<link rel=\"canonical\" href=\"https:\/\/rotary.fi\/karis-karjaa\/sv\/aktuellt\/\" \/>\n<meta property=\"og:locale\" content=\"fi_FI\" \/>\n<meta property=\"og:type\" content=\"article\" \/>\n<meta property=\"og:title\" content=\"Aktuellt - Karis - Karjaa Rotaryklubi\" \/>\n<meta property=\"og:description\" content=\"[et_pb_section bb_built=&#8221;1&#8243; _builder_version=&#8221;3.29.3&#8243; background_image=&#8221;https:\/\/rotary.fi\/karis-karjaa\/wp-content\/uploads\/sites\/129\/2019\/09\/mustionjoki_web-1.jpg&#8221; next_background_color=&#8221;#ffffff&#8221; module_class=&#8221;jumbotron-page&#8221; box_shadow_horizontal_tablet=&#8221;0px&#8221; box_shadow_vertical_tablet=&#8221;0px&#8221; box_shadow_blur_tablet=&#8221;40px&#8221; box_shadow_spread_tablet=&#8221;0px&#8221; z_index_tablet=&#8221;500&#8243;][et_pb_row][et_pb_column type=&#8221;4_4&#8243; custom_padding__hover=&#8221;|||&#8221; custom_padding=&#8221;|||&#8221;][et_pb_text admin_label=&#8221;Main \/\/ Aktuellt&#8221; _builder_version=&#8221;3.21&#8243; text_orientation=&#8221;center&#8221; background_layout=&#8221;dark&#8221;] Aktuellt [\/et_pb_text][\/et_pb_column][\/et_pb_row][\/et_pb_section][et_pb_section bb_built=&#8221;1&#8243; specialty=&#8221;on&#8221; prev_background_color=&#8221;#000000&#8243; _builder_version=&#8221;3.4.1&#8243; module_class_2=&#8221;sivupalkki&#8221; locked=&#8221;on&#8221; inner_width=&#8221;auto&#8221; inner_max_width=&#8221;1080px&#8221;][et_pb_column type=&#8221;2_3&#8243; specialty_columns=&#8221;2&#8243;][et_pb_row_inner admin_label=&#8221;Rivi&#8221; locked=&#8221;on&#8221; parent_locked=&#8221;on&#8221;][et_pb_column_inner type=&#8221;4_4&#8243; saved_specialty_column_type=&#8221;2_3&#8243; custom_padding__hover=&#8221;|||&#8221; custom_padding=&#8221;|||&#8221; parent_locked=&#8221;on&#8221; saved_specialty_column_type=&#8221;2_3&#8243;][et_pb_text admin_label=&#8221;Aktuellt &#8211; rubrik&#8221; _builder_version=&#8221;3.21&#8243; text_orientation=&#8221;center&#8221; parent_locked=&#8221;on&#8221;] Aktuellt [\/et_pb_text][et_pb_code admin_label=&#8221;Aktuellt &#8211; artikel list&#8221; _builder_version=&#8221;3.21&#8243; module_class=&#8221;kaikki_ajankohtaiset&#8221; [&hellip;]\" \/>\n<meta property=\"og:url\" content=\"https:\/\/rotary.fi\/karis-karjaa\/sv\/aktuellt\/\" \/>\n<meta property=\"og:site_name\" content=\"Karis - Karjaa Rotaryklubi\" \/>\n<meta property=\"article:modified_time\" content=\"2019-09-29T17:22:03+00:00\" \/>\n<meta name=\"twitter:card\" content=\"summary_large_image\" \/>\n<meta name=\"twitter:label1\" content=\"Arvioitu lukuaika\" \/>\n\t<meta name=\"twitter:data1\" content=\"1 minuutti\" \/>\n<script type=\"application\/ld+json\" class=\"yoast-schema-graph\">{\"@context\":\"https:\/\/schema.org\",\"@graph\":[{\"@type\":\"WebPage\",\"@id\":\"https:\/\/rotary.fi\/karis-karjaa\/sv\/aktuellt\/\",\"url\":\"https:\/\/rotary.fi\/karis-karjaa\/sv\/aktuellt\/\",\"name\":\"Aktuellt - Karis - Karjaa Rotaryklubi\",\"isPartOf\":{\"@id\":\"https:\/\/rotary.fi\/karis-karjaa\/#website\"},\"datePublished\":\"2019-03-20T05:58:09+00:00\",\"dateModified\":\"2019-09-29T17:22:03+00:00\",\"breadcrumb\":{\"@id\":\"https:\/\/rotary.fi\/karis-karjaa\/sv\/aktuellt\/#breadcrumb\"},\"inLanguage\":\"fi\",\"potentialAction\":[{\"@type\":\"ReadAction\",\"target\":[\"https:\/\/rotary.fi\/karis-karjaa\/sv\/aktuellt\/\"]}]},{\"@type\":\"BreadcrumbList\",\"@id\":\"https:\/\/rotary.fi\/karis-karjaa\/sv\/aktuellt\/#breadcrumb\",\"itemListElement\":[{\"@type\":\"ListItem\",\"position\":1,\"name\":\"Home\",\"item\":\"https:\/\/rotary.fi\/karis-karjaa\/\"},{\"@type\":\"ListItem\",\"position\":2,\"name\":\"Aktuellt\"}]},{\"@type\":\"WebSite\",\"@id\":\"https:\/\/rotary.fi\/karis-karjaa\/#website\",\"url\":\"https:\/\/rotary.fi\/karis-karjaa\/\",\"name\":\"Karis - Karjaa Rotaryklubi\",\"description\":\"Uusi Rotary klubisivusto\",\"potentialAction\":[{\"@type\":\"SearchAction\",\"target\":{\"@type\":\"EntryPoint\",\"urlTemplate\":\"https:\/\/rotary.fi\/karis-karjaa\/?s={search_term_string}\"},\"query-input\":{\"@type\":\"PropertyValueSpecification\",\"valueRequired\":true,\"valueName\":\"search_term_string\"}}],\"inLanguage\":\"fi\"}]}<\/script>\n<!-- \/ Yoast SEO plugin. -->","yoast_head_json":{"title":"Aktuellt - Karis - Karjaa Rotaryklubi","robots":{"index":"index","follow":"follow","max-snippet":"max-snippet:-1","max-image-preview":"max-image-preview:large","max-video-preview":"max-video-preview:-1"},"canonical":"https:\/\/rotary.fi\/karis-karjaa\/sv\/aktuellt\/","og_locale":"fi_FI","og_type":"article","og_title":"Aktuellt - Karis - Karjaa Rotaryklubi","og_description":"[et_pb_section bb_built=&#8221;1&#8243; _builder_version=&#8221;3.29.3&#8243; background_image=&#8221;https:\/\/rotary.fi\/karis-karjaa\/wp-content\/uploads\/sites\/129\/2019\/09\/mustionjoki_web-1.jpg&#8221; next_background_color=&#8221;#ffffff&#8221; module_class=&#8221;jumbotron-page&#8221; box_shadow_horizontal_tablet=&#8221;0px&#8221; box_shadow_vertical_tablet=&#8221;0px&#8221; box_shadow_blur_tablet=&#8221;40px&#8221; box_shadow_spread_tablet=&#8221;0px&#8221; z_index_tablet=&#8221;500&#8243;][et_pb_row][et_pb_column type=&#8221;4_4&#8243; custom_padding__hover=&#8221;|||&#8221; custom_padding=&#8221;|||&#8221;][et_pb_text admin_label=&#8221;Main \/\/ Aktuellt&#8221; _builder_version=&#8221;3.21&#8243; text_orientation=&#8221;center&#8221; background_layout=&#8221;dark&#8221;] Aktuellt [\/et_pb_text][\/et_pb_column][\/et_pb_row][\/et_pb_section][et_pb_section bb_built=&#8221;1&#8243; specialty=&#8221;on&#8221; prev_background_color=&#8221;#000000&#8243; _builder_version=&#8221;3.4.1&#8243; module_class_2=&#8221;sivupalkki&#8221; locked=&#8221;on&#8221; inner_width=&#8221;auto&#8221; inner_max_width=&#8221;1080px&#8221;][et_pb_column type=&#8221;2_3&#8243; specialty_columns=&#8221;2&#8243;][et_pb_row_inner admin_label=&#8221;Rivi&#8221; locked=&#8221;on&#8221; parent_locked=&#8221;on&#8221;][et_pb_column_inner type=&#8221;4_4&#8243; saved_specialty_column_type=&#8221;2_3&#8243; custom_padding__hover=&#8221;|||&#8221; custom_padding=&#8221;|||&#8221; parent_locked=&#8221;on&#8221; saved_specialty_column_type=&#8221;2_3&#8243;][et_pb_text admin_label=&#8221;Aktuellt &#8211; rubrik&#8221; _builder_version=&#8221;3.21&#8243; text_orientation=&#8221;center&#8221; parent_locked=&#8221;on&#8221;] Aktuellt [\/et_pb_text][et_pb_code admin_label=&#8221;Aktuellt &#8211; artikel list&#8221; _builder_version=&#8221;3.21&#8243; module_class=&#8221;kaikki_ajankohtaiset&#8221; [&hellip;]","og_url":"https:\/\/rotary.fi\/karis-karjaa\/sv\/aktuellt\/","og_site_name":"Karis - Karjaa Rotaryklubi","article_modified_time":"2019-09-29T17:22:03+00:00","twitter_card":"summary_large_image","twitter_misc":{"Arvioitu lukuaika":"1 minuutti"},"schema":{"@context":"https:\/\/schema.org","@graph":[{"@type":"WebPage","@id":"https:\/\/rotary.fi\/karis-karjaa\/sv\/aktuellt\/","url":"https:\/\/rotary.fi\/karis-karjaa\/sv\/aktuellt\/","name":"Aktuellt - Karis - Karjaa Rotaryklubi","isPartOf":{"@id":"https:\/\/rotary.fi\/karis-karjaa\/#website"},"datePublished":"2019-03-20T05:58:09+00:00","dateModified":"2019-09-29T17:22:03+00:00","breadcrumb":{"@id":"https:\/\/rotary.fi\/karis-karjaa\/sv\/aktuellt\/#breadcrumb"},"inLanguage":"fi","potentialAction":[{"@type":"ReadAction","target":["https:\/\/rotary.fi\/karis-karjaa\/sv\/aktuellt\/"]}]},{"@type":"BreadcrumbList","@id":"https:\/\/rotary.fi\/karis-karjaa\/sv\/aktuellt\/#breadcrumb","itemListElement":[{"@type":"ListItem","position":1,"name":"Home","item":"https:\/\/rotary.fi\/karis-karjaa\/"},{"@type":"ListItem","position":2,"name":"Aktuellt"}]},{"@type":"WebSite","@id":"https:\/\/rotary.fi\/karis-karjaa\/#website","url":"https:\/\/rotary.fi\/karis-karjaa\/","name":"Karis - Karjaa Rotaryklubi","description":"Uusi Rotary klubisivusto","potentialAction":[{"@type":"SearchAction","target":{"@type":"EntryPoint","urlTemplate":"https:\/\/rotary.fi\/karis-karjaa\/?s={search_term_string}"},"query-input":{"@type":"PropertyValueSpecification","valueRequired":true,"valueName":"search_term_string"}}],"inLanguage":"fi"}]}},"lang":"sv","translations":{"sv":1657,"fi":94},"pll_sync_post":[],"_links":{"self":[{"href":"https:\/\/rotary.fi\/karis-karjaa\/wp-json\/wp\/v2\/pages\/1657","targetHints":{"allow":["GET"]}}],"collection":[{"href":"https:\/\/rotary.fi\/karis-karjaa\/wp-json\/wp\/v2\/pages"}],"about":[{"href":"https:\/\/rotary.fi\/karis-karjaa\/wp-json\/wp\/v2\/types\/page"}],"author":[{"embeddable":true,"href":"https:\/\/rotary.fi\/karis-karjaa\/wp-json\/wp\/v2\/users\/1"}],"replies":[{"embeddable":true,"href":"https:\/\/rotary.fi\/karis-karjaa\/wp-json\/wp\/v2\/comments?post=1657"}],"version-history":[{"count":3,"href":"https:\/\/rotary.fi\/karis-karjaa\/wp-json\/wp\/v2\/pages\/1657\/revisions"}],"predecessor-version":[{"id":1982,"href":"https:\/\/rotary.fi\/karis-karjaa\/wp-json\/wp\/v2\/pages\/1657\/revisions\/1982"}],"wp:attachment":[{"href":"https:\/\/rotary.fi\/karis-karjaa\/wp-json\/wp\/v2\/media?parent=1657"}],"curies":[{"name":"wp","href":"https:\/\/api.w.org\/{rel}","templated":true}]}}