{"id":1584,"date":"2019-03-19T14:56:44","date_gmt":"2019-03-19T12:56:44","guid":{"rendered":"https:\/\/rotary.fi\/kariskarjaa\/?page_id=1584"},"modified":"2019-05-03T09:23:32","modified_gmt":"2019-05-03T06:23:32","slug":"vi-har-nojet-att-presentera","status":"publish","type":"page","link":"https:\/\/rotary.fi\/karis-karjaa\/sv\/vem-ar-vi\/vi-har-nojet-att-presentera\/","title":{"rendered":"Vi har n\u00f6jet att presentera"},"content":{"rendered":"<p>[et_pb_section bb_built=&#8221;1&#8243; module_class=&#8221;jumbotron-page&#8221; _builder_version=&#8221;3.17.2&#8243; background_image=&#8221;https:\/\/rotary.fi\/kariskarjaa\/wp-content\/uploads\/sites\/129\/2018\/10\/rotary_klubit_alasivu_paakuva_14.jpg&#8221; next_background_color=&#8221;#ffffff&#8221; inner_width=&#8221;auto&#8221; inner_max_width=&#8221;none&#8221;][et_pb_row _builder_version=&#8221;3.0.48&#8243; background_size=&#8221;initial&#8221; background_position=&#8221;top_left&#8221; background_repeat=&#8221;repeat&#8221; width=&#8221;80%&#8221; max_width=&#8221;1080px&#8221;][et_pb_column type=&#8221;4_4&#8243;][et_pb_text admin_label=&#8221;Main \/\/ Vi har n\u00f6jet att presentera&#8221; _builder_version=&#8221;3.22.3&#8243; text_orientation=&#8221;center&#8221; background_layout=&#8221;dark&#8221;]<\/p>\n<h1>Vi har n\u00f6jet att presentera<\/h1>\n<p>[\/et_pb_text][\/et_pb_column][\/et_pb_row][\/et_pb_section][et_pb_section bb_built=&#8221;1&#8243; specialty=&#8221;on&#8221; module_class_2=&#8221;sivupalkki&#8221; _builder_version=&#8221;3.4.1&#8243; prev_background_color=&#8221;#000000&#8243; inner_width=&#8221;auto&#8221; inner_max_width=&#8221;none&#8221;][et_pb_column type=&#8221;2_3&#8243; specialty_columns=&#8221;2&#8243;][et_pb_row_inner admin_label=&#8221;Rivi&#8221; _builder_version=&#8221;3.0.47&#8243;][et_pb_column_inner type=&#8221;4_4&#8243; saved_specialty_column_type=&#8221;2_3&#8243;][et_pb_text admin_label=&#8221;Vi har n\u00f6jet att presentera &#8211; rubrik&#8221; _builder_version=&#8221;3.21&#8243; text_orientation=&#8221;center&#8221;]<\/p>\n<h1>Vi har n\u00f6jet att presentera<\/h1>\n<p>[\/et_pb_text][et_pb_text admin_label=&#8221;Text: Vi har n\u00f6jet att presentera&#8221; _builder_version=&#8221;3.22.3&#8243; text_text_shadow_horizontal_length=&#8221;text_text_shadow_style,%91object Object%93&#8243; text_text_shadow_vertical_length=&#8221;text_text_shadow_style,%91object Object%93&#8243; text_text_shadow_blur_strength=&#8221;text_text_shadow_style,%91object Object%93&#8243; link_text_shadow_horizontal_length=&#8221;link_text_shadow_style,%91object Object%93&#8243; link_text_shadow_vertical_length=&#8221;link_text_shadow_style,%91object Object%93&#8243; link_text_shadow_blur_strength=&#8221;link_text_shadow_style,%91object Object%93&#8243; ul_text_shadow_horizontal_length=&#8221;ul_text_shadow_style,%91object Object%93&#8243; ul_text_shadow_vertical_length=&#8221;ul_text_shadow_style,%91object Object%93&#8243; ul_text_shadow_blur_strength=&#8221;ul_text_shadow_style,%91object Object%93&#8243; ol_text_shadow_horizontal_length=&#8221;ol_text_shadow_style,%91object Object%93&#8243; ol_text_shadow_vertical_length=&#8221;ol_text_shadow_style,%91object Object%93&#8243; ol_text_shadow_blur_strength=&#8221;ol_text_shadow_style,%91object Object%93&#8243; quote_text_shadow_horizontal_length=&#8221;quote_text_shadow_style,%91object Object%93&#8243; quote_text_shadow_vertical_length=&#8221;quote_text_shadow_style,%91object Object%93&#8243; quote_text_shadow_blur_strength=&#8221;quote_text_shadow_style,%91object Object%93&#8243; header_text_shadow_horizontal_length=&#8221;header_text_shadow_style,%91object Object%93&#8243; header_text_shadow_vertical_length=&#8221;header_text_shadow_style,%91object Object%93&#8243; header_text_shadow_blur_strength=&#8221;header_text_shadow_style,%91object Object%93&#8243; header_2_text_shadow_horizontal_length=&#8221;header_2_text_shadow_style,%91object Object%93&#8243; header_2_text_shadow_vertical_length=&#8221;header_2_text_shadow_style,%91object Object%93&#8243; header_2_text_shadow_blur_strength=&#8221;header_2_text_shadow_style,%91object Object%93&#8243; header_3_text_shadow_horizontal_length=&#8221;header_3_text_shadow_style,%91object Object%93&#8243; header_3_text_shadow_vertical_length=&#8221;header_3_text_shadow_style,%91object Object%93&#8243; header_3_text_shadow_blur_strength=&#8221;header_3_text_shadow_style,%91object Object%93&#8243; header_4_text_shadow_horizontal_length=&#8221;header_4_text_shadow_style,%91object Object%93&#8243; header_4_text_shadow_vertical_length=&#8221;header_4_text_shadow_style,%91object Object%93&#8243; header_4_text_shadow_blur_strength=&#8221;header_4_text_shadow_style,%91object Object%93&#8243; header_5_text_shadow_horizontal_length=&#8221;header_5_text_shadow_style,%91object Object%93&#8243; header_5_text_shadow_vertical_length=&#8221;header_5_text_shadow_style,%91object Object%93&#8243; header_5_text_shadow_blur_strength=&#8221;header_5_text_shadow_style,%91object Object%93&#8243; header_6_text_shadow_horizontal_length=&#8221;header_6_text_shadow_style,%91object Object%93&#8243; header_6_text_shadow_vertical_length=&#8221;header_6_text_shadow_style,%91object Object%93&#8243; header_6_text_shadow_blur_strength=&#8221;header_6_text_shadow_style,%91object Object%93&#8243; z_index_tablet=&#8221;500&#8243; \/][\/et_pb_column_inner][\/et_pb_row_inner][\/et_pb_column][et_pb_column type=&#8221;1_3&#8243;][et_pb_sidebar admin_label=&#8221;Sidebar&#8221; area=&#8221;sidebar-1&#8243; module_class=&#8221;sivupalkki_sisalto&#8221; _builder_version=&#8221;3.21&#8243; locked=&#8221;on&#8221; \/][\/et_pb_column][\/et_pb_section]<\/p>\n","protected":false},"excerpt":{"rendered":"<p>Vi har n\u00f6jet att presentera Vi har n\u00f6jet att presentera<\/p>\n","protected":false},"author":1,"featured_media":0,"parent":1565,"menu_order":5,"comment_status":"closed","ping_status":"closed","template":"","meta":{"_acf_changed":false,"_et_pb_use_builder":"on","_et_pb_old_content":"","_et_gb_content_width":"","footnotes":""},"class_list":["post-1584","page","type-page","status-publish","hentry"],"acf":[],"yoast_head":"<!-- This site is optimized with the Yoast SEO plugin v27.0 - https:\/\/yoast.com\/product\/yoast-seo-wordpress\/ -->\n<title>Vi har n\u00f6jet att presentera - Karis - Karjaa Rotaryklubi<\/title>\n<meta name=\"robots\" content=\"index, follow, max-snippet:-1, max-image-preview:large, max-video-preview:-1\" \/>\n<link rel=\"canonical\" href=\"https:\/\/rotary.fi\/karis-karjaa\/sv\/vem-ar-vi\/vi-har-nojet-att-presentera\/\" \/>\n<meta property=\"og:locale\" content=\"fi_FI\" \/>\n<meta property=\"og:type\" content=\"article\" \/>\n<meta property=\"og:title\" content=\"Vi har n\u00f6jet att presentera - Karis - Karjaa Rotaryklubi\" \/>\n<meta property=\"og:description\" content=\"Vi har n\u00f6jet att presentera Vi har n\u00f6jet att presentera\" \/>\n<meta property=\"og:url\" content=\"https:\/\/rotary.fi\/karis-karjaa\/sv\/vem-ar-vi\/vi-har-nojet-att-presentera\/\" \/>\n<meta property=\"og:site_name\" content=\"Karis - Karjaa Rotaryklubi\" \/>\n<meta property=\"article:modified_time\" content=\"2019-05-03T06:23:32+00:00\" \/>\n<meta name=\"twitter:card\" content=\"summary_large_image\" \/>\n<meta name=\"twitter:label1\" content=\"Arvioitu lukuaika\" \/>\n\t<meta name=\"twitter:data1\" content=\"3 minuuttia\" \/>\n<script type=\"application\/ld+json\" class=\"yoast-schema-graph\">{\"@context\":\"https:\/\/schema.org\",\"@graph\":[{\"@type\":\"WebPage\",\"@id\":\"https:\/\/rotary.fi\/karis-karjaa\/sv\/vem-ar-vi\/vi-har-nojet-att-presentera\/\",\"url\":\"https:\/\/rotary.fi\/karis-karjaa\/sv\/vem-ar-vi\/vi-har-nojet-att-presentera\/\",\"name\":\"Vi har n\u00f6jet att presentera - Karis - Karjaa Rotaryklubi\",\"isPartOf\":{\"@id\":\"https:\/\/rotary.fi\/karis-karjaa\/#website\"},\"datePublished\":\"2019-03-19T12:56:44+00:00\",\"dateModified\":\"2019-05-03T06:23:32+00:00\",\"breadcrumb\":{\"@id\":\"https:\/\/rotary.fi\/karis-karjaa\/sv\/vem-ar-vi\/vi-har-nojet-att-presentera\/#breadcrumb\"},\"inLanguage\":\"fi\",\"potentialAction\":[{\"@type\":\"ReadAction\",\"target\":[\"https:\/\/rotary.fi\/karis-karjaa\/sv\/vem-ar-vi\/vi-har-nojet-att-presentera\/\"]}]},{\"@type\":\"BreadcrumbList\",\"@id\":\"https:\/\/rotary.fi\/karis-karjaa\/sv\/vem-ar-vi\/vi-har-nojet-att-presentera\/#breadcrumb\",\"itemListElement\":[{\"@type\":\"ListItem\",\"position\":1,\"name\":\"Home\",\"item\":\"https:\/\/rotary.fi\/karis-karjaa\/\"},{\"@type\":\"ListItem\",\"position\":2,\"name\":\"Vem \u00e4r vi\",\"item\":\"https:\/\/rotary.fi\/karis-karjaa\/sv\/vem-ar-vi\/\"},{\"@type\":\"ListItem\",\"position\":3,\"name\":\"Vi har n\u00f6jet att presentera\"}]},{\"@type\":\"WebSite\",\"@id\":\"https:\/\/rotary.fi\/karis-karjaa\/#website\",\"url\":\"https:\/\/rotary.fi\/karis-karjaa\/\",\"name\":\"Karis - Karjaa Rotaryklubi\",\"description\":\"Uusi Rotary klubisivusto\",\"potentialAction\":[{\"@type\":\"SearchAction\",\"target\":{\"@type\":\"EntryPoint\",\"urlTemplate\":\"https:\/\/rotary.fi\/karis-karjaa\/?s={search_term_string}\"},\"query-input\":{\"@type\":\"PropertyValueSpecification\",\"valueRequired\":true,\"valueName\":\"search_term_string\"}}],\"inLanguage\":\"fi\"}]}<\/script>\n<!-- \/ Yoast SEO plugin. -->","yoast_head_json":{"title":"Vi har n\u00f6jet att presentera - Karis - Karjaa Rotaryklubi","robots":{"index":"index","follow":"follow","max-snippet":"max-snippet:-1","max-image-preview":"max-image-preview:large","max-video-preview":"max-video-preview:-1"},"canonical":"https:\/\/rotary.fi\/karis-karjaa\/sv\/vem-ar-vi\/vi-har-nojet-att-presentera\/","og_locale":"fi_FI","og_type":"article","og_title":"Vi har n\u00f6jet att presentera - Karis - Karjaa Rotaryklubi","og_description":"Vi har n\u00f6jet att presentera Vi har n\u00f6jet att presentera","og_url":"https:\/\/rotary.fi\/karis-karjaa\/sv\/vem-ar-vi\/vi-har-nojet-att-presentera\/","og_site_name":"Karis - Karjaa Rotaryklubi","article_modified_time":"2019-05-03T06:23:32+00:00","twitter_card":"summary_large_image","twitter_misc":{"Arvioitu lukuaika":"3 minuuttia"},"schema":{"@context":"https:\/\/schema.org","@graph":[{"@type":"WebPage","@id":"https:\/\/rotary.fi\/karis-karjaa\/sv\/vem-ar-vi\/vi-har-nojet-att-presentera\/","url":"https:\/\/rotary.fi\/karis-karjaa\/sv\/vem-ar-vi\/vi-har-nojet-att-presentera\/","name":"Vi har n\u00f6jet att presentera - Karis - Karjaa Rotaryklubi","isPartOf":{"@id":"https:\/\/rotary.fi\/karis-karjaa\/#website"},"datePublished":"2019-03-19T12:56:44+00:00","dateModified":"2019-05-03T06:23:32+00:00","breadcrumb":{"@id":"https:\/\/rotary.fi\/karis-karjaa\/sv\/vem-ar-vi\/vi-har-nojet-att-presentera\/#breadcrumb"},"inLanguage":"fi","potentialAction":[{"@type":"ReadAction","target":["https:\/\/rotary.fi\/karis-karjaa\/sv\/vem-ar-vi\/vi-har-nojet-att-presentera\/"]}]},{"@type":"BreadcrumbList","@id":"https:\/\/rotary.fi\/karis-karjaa\/sv\/vem-ar-vi\/vi-har-nojet-att-presentera\/#breadcrumb","itemListElement":[{"@type":"ListItem","position":1,"name":"Home","item":"https:\/\/rotary.fi\/karis-karjaa\/"},{"@type":"ListItem","position":2,"name":"Vem \u00e4r vi","item":"https:\/\/rotary.fi\/karis-karjaa\/sv\/vem-ar-vi\/"},{"@type":"ListItem","position":3,"name":"Vi har n\u00f6jet att presentera"}]},{"@type":"WebSite","@id":"https:\/\/rotary.fi\/karis-karjaa\/#website","url":"https:\/\/rotary.fi\/karis-karjaa\/","name":"Karis - Karjaa Rotaryklubi","description":"Uusi Rotary klubisivusto","potentialAction":[{"@type":"SearchAction","target":{"@type":"EntryPoint","urlTemplate":"https:\/\/rotary.fi\/karis-karjaa\/?s={search_term_string}"},"query-input":{"@type":"PropertyValueSpecification","valueRequired":true,"valueName":"search_term_string"}}],"inLanguage":"fi"}]}},"lang":"sv","translations":{"sv":1584},"pll_sync_post":[],"_links":{"self":[{"href":"https:\/\/rotary.fi\/karis-karjaa\/wp-json\/wp\/v2\/pages\/1584","targetHints":{"allow":["GET"]}}],"collection":[{"href":"https:\/\/rotary.fi\/karis-karjaa\/wp-json\/wp\/v2\/pages"}],"about":[{"href":"https:\/\/rotary.fi\/karis-karjaa\/wp-json\/wp\/v2\/types\/page"}],"author":[{"embeddable":true,"href":"https:\/\/rotary.fi\/karis-karjaa\/wp-json\/wp\/v2\/users\/1"}],"replies":[{"embeddable":true,"href":"https:\/\/rotary.fi\/karis-karjaa\/wp-json\/wp\/v2\/comments?post=1584"}],"version-history":[{"count":2,"href":"https:\/\/rotary.fi\/karis-karjaa\/wp-json\/wp\/v2\/pages\/1584\/revisions"}],"predecessor-version":[{"id":1867,"href":"https:\/\/rotary.fi\/karis-karjaa\/wp-json\/wp\/v2\/pages\/1584\/revisions\/1867"}],"up":[{"embeddable":true,"href":"https:\/\/rotary.fi\/karis-karjaa\/wp-json\/wp\/v2\/pages\/1565"}],"wp:attachment":[{"href":"https:\/\/rotary.fi\/karis-karjaa\/wp-json\/wp\/v2\/media?parent=1584"}],"curies":[{"name":"wp","href":"https:\/\/api.w.org\/{rel}","templated":true}]}}