{"id":77,"date":"2018-08-09T14:01:56","date_gmt":"2018-08-09T11:01:56","guid":{"rendered":"https:\/\/rotary.fi\/klubi2\/?page_id=77"},"modified":"2022-12-09T16:29:49","modified_gmt":"2022-12-09T14:29:49","slug":"mita-teemme","status":"publish","type":"page","link":"https:\/\/rotary.fi\/kantahollola\/mita-teemme\/","title":{"rendered":"Mit\u00e4 teemme"},"content":{"rendered":"<p>[et_pb_section fb_built=&#8221;1&#8243; _builder_version=&#8221;4.19.0&#8243; _module_preset=&#8221;default&#8221; global_colors_info=&#8221;{}&#8221;][et_pb_row column_structure=&#8221;3_5,2_5&#8243; _builder_version=&#8221;4.19.0&#8243; _module_preset=&#8221;default&#8221; custom_padding=&#8221;|||34px||&#8221; hover_enabled=&#8221;0&#8243; global_colors_info=&#8221;{}&#8221; sticky_enabled=&#8221;0&#8243; custom_margin=&#8221;-25px|auto||auto||&#8221;][et_pb_column type=&#8221;3_5&#8243; _builder_version=&#8221;4.19.0&#8243; _module_preset=&#8221;default&#8221; global_colors_info=&#8221;{}&#8221;][et_pb_text _builder_version=&#8221;4.19.0&#8243; _module_preset=&#8221;default&#8221; global_colors_info=&#8221;{}&#8221;]<\/p>\n<p>Kantaa-Hollolan Rotaryklubi perustettiin v.1958 Lahden ymp\u00e4rist\u00f6n rotariklubiksi. Nimi on silt\u00e4 ajalta, jolloin Hollola, Orimattila ja Nastola olivat klubin toiminta-alueita. Nyky\u00e4\u00e4n klubi on j\u00e4senist\u00f6lt\u00e4\u00e4n suurimmaksi osaksi lahtelainen, mutta vanhan nimen olemme halunneet s\u00e4ilytt\u00e4\u00e4. Kokoonnumme kes\u00e4aikaa lukuun ottamatta keskiviikkoisin Lahden satamassa Sibelius-talon viereisess\u00e4 Bistro &amp; Bar -Kokka ravintolaan lunaskokoukseen tapaamaan toisiamme, kuulemaan kiinnostavia esitelmi\u00e4 eri ammattialoilta, harrastuksista ja p\u00e4iv\u00e4npolttavista kysymyksist\u00e4. Yhteydenpitomme englantilaisen Worcesterin Rotaryklubin kanssa k\u00e4yd\u00e4\u00e4n nettiyhteydell\u00e4. Vierailuilemme my\u00f6s l\u00e4hiymp\u00e4rist\u00f6n kaupan ja teollisuuden kohteissa,\u00a0 joissa kuulemme alan viimeisi\u00e4 n\u00e4kymi\u00e4. Useimmat vierailumme sek\u00e4 viikkokokoukset ovat avec -tilaisuuksia.<\/p>\n<p>Tuemme Rotary Internationaalin kansaiv\u00e4lisi\u00e4 humanitaarisia projekteja, sek\u00e4 osallistumme muiden paikkakunnan Rotaryklubien kanssa eri tavoin paikallisiin tukiprojekteihin.<\/p>\n<p>[\/et_pb_text][\/et_pb_column][et_pb_column type=&#8221;2_5&#8243; _builder_version=&#8221;4.19.0&#8243; _module_preset=&#8221;default&#8221; global_colors_info=&#8221;{}&#8221;][\/et_pb_column][\/et_pb_row][et_pb_row column_structure=&#8221;3_5,2_5&#8243; _builder_version=&#8221;4.19.0&#8243; _module_preset=&#8221;default&#8221; custom_padding=&#8221;|||34px||&#8221; global_colors_info=&#8221;{}&#8221;][et_pb_column type=&#8221;3_5&#8243; _builder_version=&#8221;4.19.0&#8243; _module_preset=&#8221;default&#8221; global_colors_info=&#8221;{}&#8221;][\/et_pb_column][et_pb_column type=&#8221;2_5&#8243; _builder_version=&#8221;4.19.0&#8243; _module_preset=&#8221;default&#8221; global_colors_info=&#8221;{}&#8221;][\/et_pb_column][\/et_pb_row][\/et_pb_section]<\/p>\n","protected":false},"excerpt":{"rendered":"<p>Kantaa-Hollolan Rotaryklubi perustettiin v.1958 Lahden ymp\u00e4rist\u00f6n rotariklubiksi. Nimi on silt\u00e4 ajalta, jolloin Hollola, Orimattila ja Nastola olivat klubin toiminta-alueita. Nyky\u00e4\u00e4n klubi on j\u00e4senist\u00f6lt\u00e4\u00e4n suurimmaksi osaksi lahtelainen, mutta vanhan nimen olemme halunneet s\u00e4ilytt\u00e4\u00e4. Kokoonnumme kes\u00e4aikaa lukuun ottamatta keskiviikkoisin Lahden satamassa Sibelius-talon viereisess\u00e4 Bistro &amp; Bar -Kokka ravintolaan lunaskokoukseen tapaamaan toisiamme, kuulemaan kiinnostavia esitelmi\u00e4 eri ammattialoilta, harrastuksista [&hellip;]<\/p>\n","protected":false},"author":1,"featured_media":0,"parent":0,"menu_order":0,"comment_status":"closed","ping_status":"closed","template":"","meta":{"_acf_changed":false,"_et_pb_use_builder":"on","_et_pb_old_content":"","_et_gb_content_width":"","footnotes":""},"class_list":["post-77","page","type-page","status-publish","hentry"],"acf":[],"yoast_head":"<!-- This site is optimized with the Yoast SEO plugin v27.0 - https:\/\/yoast.com\/product\/yoast-seo-wordpress\/ -->\n<title>Mit\u00e4 teemme - Kanta-Hollolan Rotaryklubi<\/title>\n<meta name=\"robots\" content=\"index, follow, max-snippet:-1, max-image-preview:large, max-video-preview:-1\" \/>\n<link rel=\"canonical\" href=\"https:\/\/rotary.fi\/kantahollola\/mita-teemme\/\" \/>\n<meta property=\"og:locale\" content=\"fi_FI\" \/>\n<meta property=\"og:type\" content=\"article\" \/>\n<meta property=\"og:title\" content=\"Mit\u00e4 teemme - Kanta-Hollolan Rotaryklubi\" \/>\n<meta property=\"og:description\" content=\"Kantaa-Hollolan Rotaryklubi perustettiin v.1958 Lahden ymp\u00e4rist\u00f6n rotariklubiksi. Nimi on silt\u00e4 ajalta, jolloin Hollola, Orimattila ja Nastola olivat klubin toiminta-alueita. Nyky\u00e4\u00e4n klubi on j\u00e4senist\u00f6lt\u00e4\u00e4n suurimmaksi osaksi lahtelainen, mutta vanhan nimen olemme halunneet s\u00e4ilytt\u00e4\u00e4. Kokoonnumme kes\u00e4aikaa lukuun ottamatta keskiviikkoisin Lahden satamassa Sibelius-talon viereisess\u00e4 Bistro &amp; Bar -Kokka ravintolaan lunaskokoukseen tapaamaan toisiamme, kuulemaan kiinnostavia esitelmi\u00e4 eri ammattialoilta, harrastuksista [&hellip;]\" \/>\n<meta property=\"og:url\" content=\"https:\/\/rotary.fi\/kantahollola\/mita-teemme\/\" \/>\n<meta property=\"og:site_name\" content=\"Kanta-Hollolan Rotaryklubi\" \/>\n<meta property=\"article:modified_time\" content=\"2022-12-09T14:29:49+00:00\" \/>\n<meta name=\"twitter:card\" content=\"summary_large_image\" \/>\n<meta name=\"twitter:label1\" content=\"Arvioitu lukuaika\" \/>\n\t<meta name=\"twitter:data1\" content=\"1 minuutti\" \/>\n<script type=\"application\/ld+json\" class=\"yoast-schema-graph\">{\"@context\":\"https:\/\/schema.org\",\"@graph\":[{\"@type\":\"WebPage\",\"@id\":\"https:\/\/rotary.fi\/kantahollola\/mita-teemme\/\",\"url\":\"https:\/\/rotary.fi\/kantahollola\/mita-teemme\/\",\"name\":\"Mit\u00e4 teemme - Kanta-Hollolan Rotaryklubi\",\"isPartOf\":{\"@id\":\"https:\/\/rotary.fi\/kantahollola\/#website\"},\"datePublished\":\"2018-08-09T11:01:56+00:00\",\"dateModified\":\"2022-12-09T14:29:49+00:00\",\"breadcrumb\":{\"@id\":\"https:\/\/rotary.fi\/kantahollola\/mita-teemme\/#breadcrumb\"},\"inLanguage\":\"fi\",\"potentialAction\":[{\"@type\":\"ReadAction\",\"target\":[\"https:\/\/rotary.fi\/kantahollola\/mita-teemme\/\"]}]},{\"@type\":\"BreadcrumbList\",\"@id\":\"https:\/\/rotary.fi\/kantahollola\/mita-teemme\/#breadcrumb\",\"itemListElement\":[{\"@type\":\"ListItem\",\"position\":1,\"name\":\"Home\",\"item\":\"https:\/\/rotary.fi\/kantahollola\/\"},{\"@type\":\"ListItem\",\"position\":2,\"name\":\"Mit\u00e4 teemme\"}]},{\"@type\":\"WebSite\",\"@id\":\"https:\/\/rotary.fi\/kantahollola\/#website\",\"url\":\"https:\/\/rotary.fi\/kantahollola\/\",\"name\":\"Kanta-Hollolan Rotaryklubi\",\"description\":\"Uusi Rotary klubisivusto\",\"potentialAction\":[{\"@type\":\"SearchAction\",\"target\":{\"@type\":\"EntryPoint\",\"urlTemplate\":\"https:\/\/rotary.fi\/kantahollola\/?s={search_term_string}\"},\"query-input\":{\"@type\":\"PropertyValueSpecification\",\"valueRequired\":true,\"valueName\":\"search_term_string\"}}],\"inLanguage\":\"fi\"}]}<\/script>\n<!-- \/ Yoast SEO plugin. -->","yoast_head_json":{"title":"Mit\u00e4 teemme - Kanta-Hollolan Rotaryklubi","robots":{"index":"index","follow":"follow","max-snippet":"max-snippet:-1","max-image-preview":"max-image-preview:large","max-video-preview":"max-video-preview:-1"},"canonical":"https:\/\/rotary.fi\/kantahollola\/mita-teemme\/","og_locale":"fi_FI","og_type":"article","og_title":"Mit\u00e4 teemme - Kanta-Hollolan Rotaryklubi","og_description":"Kantaa-Hollolan Rotaryklubi perustettiin v.1958 Lahden ymp\u00e4rist\u00f6n rotariklubiksi. Nimi on silt\u00e4 ajalta, jolloin Hollola, Orimattila ja Nastola olivat klubin toiminta-alueita. Nyky\u00e4\u00e4n klubi on j\u00e4senist\u00f6lt\u00e4\u00e4n suurimmaksi osaksi lahtelainen, mutta vanhan nimen olemme halunneet s\u00e4ilytt\u00e4\u00e4. Kokoonnumme kes\u00e4aikaa lukuun ottamatta keskiviikkoisin Lahden satamassa Sibelius-talon viereisess\u00e4 Bistro &amp; Bar -Kokka ravintolaan lunaskokoukseen tapaamaan toisiamme, kuulemaan kiinnostavia esitelmi\u00e4 eri ammattialoilta, harrastuksista [&hellip;]","og_url":"https:\/\/rotary.fi\/kantahollola\/mita-teemme\/","og_site_name":"Kanta-Hollolan Rotaryklubi","article_modified_time":"2022-12-09T14:29:49+00:00","twitter_card":"summary_large_image","twitter_misc":{"Arvioitu lukuaika":"1 minuutti"},"schema":{"@context":"https:\/\/schema.org","@graph":[{"@type":"WebPage","@id":"https:\/\/rotary.fi\/kantahollola\/mita-teemme\/","url":"https:\/\/rotary.fi\/kantahollola\/mita-teemme\/","name":"Mit\u00e4 teemme - Kanta-Hollolan Rotaryklubi","isPartOf":{"@id":"https:\/\/rotary.fi\/kantahollola\/#website"},"datePublished":"2018-08-09T11:01:56+00:00","dateModified":"2022-12-09T14:29:49+00:00","breadcrumb":{"@id":"https:\/\/rotary.fi\/kantahollola\/mita-teemme\/#breadcrumb"},"inLanguage":"fi","potentialAction":[{"@type":"ReadAction","target":["https:\/\/rotary.fi\/kantahollola\/mita-teemme\/"]}]},{"@type":"BreadcrumbList","@id":"https:\/\/rotary.fi\/kantahollola\/mita-teemme\/#breadcrumb","itemListElement":[{"@type":"ListItem","position":1,"name":"Home","item":"https:\/\/rotary.fi\/kantahollola\/"},{"@type":"ListItem","position":2,"name":"Mit\u00e4 teemme"}]},{"@type":"WebSite","@id":"https:\/\/rotary.fi\/kantahollola\/#website","url":"https:\/\/rotary.fi\/kantahollola\/","name":"Kanta-Hollolan Rotaryklubi","description":"Uusi Rotary klubisivusto","potentialAction":[{"@type":"SearchAction","target":{"@type":"EntryPoint","urlTemplate":"https:\/\/rotary.fi\/kantahollola\/?s={search_term_string}"},"query-input":{"@type":"PropertyValueSpecification","valueRequired":true,"valueName":"search_term_string"}}],"inLanguage":"fi"}]}},"lang":"fi","translations":{"fi":77},"pll_sync_post":[],"_links":{"self":[{"href":"https:\/\/rotary.fi\/kantahollola\/wp-json\/wp\/v2\/pages\/77","targetHints":{"allow":["GET"]}}],"collection":[{"href":"https:\/\/rotary.fi\/kantahollola\/wp-json\/wp\/v2\/pages"}],"about":[{"href":"https:\/\/rotary.fi\/kantahollola\/wp-json\/wp\/v2\/types\/page"}],"author":[{"embeddable":true,"href":"https:\/\/rotary.fi\/kantahollola\/wp-json\/wp\/v2\/users\/1"}],"replies":[{"embeddable":true,"href":"https:\/\/rotary.fi\/kantahollola\/wp-json\/wp\/v2\/comments?post=77"}],"version-history":[{"count":10,"href":"https:\/\/rotary.fi\/kantahollola\/wp-json\/wp\/v2\/pages\/77\/revisions"}],"predecessor-version":[{"id":2397,"href":"https:\/\/rotary.fi\/kantahollola\/wp-json\/wp\/v2\/pages\/77\/revisions\/2397"}],"wp:attachment":[{"href":"https:\/\/rotary.fi\/kantahollola\/wp-json\/wp\/v2\/media?parent=77"}],"curies":[{"name":"wp","href":"https:\/\/api.w.org\/{rel}","templated":true}]}}