{"id":1965,"date":"2020-01-21T12:34:03","date_gmt":"2020-01-21T10:34:03","guid":{"rendered":"https:\/\/rotary.fi\/kantahollola\/?page_id=1965"},"modified":"2024-01-25T16:51:01","modified_gmt":"2024-01-25T14:51:01","slug":"kuva-arkisto","status":"publish","type":"page","link":"https:\/\/rotary.fi\/kantahollola\/kuva-arkisto\/","title":{"rendered":"Kuva-arkisto"},"content":{"rendered":"<p>[et_pb_section fb_built=&#8221;1&#8243; admin_label=&#8221;section&#8221; _builder_version=&#8221;4.21.0&#8243; custom_margin=&#8221;|-33px||-78px|false|false&#8221; global_colors_info=&#8221;{}&#8221;][et_pb_row column_structure=&#8221;1_3,1_3,1_3&#8243; admin_label=&#8221;row&#8221; _builder_version=&#8221;4.21.0&#8243; global_colors_info=&#8221;{}&#8221;][et_pb_column type=&#8221;1_3&#8243; _builder_version=&#8221;4.16&#8243; custom_padding=&#8221;|||&#8221; global_colors_info=&#8221;{}&#8221; custom_padding__hover=&#8221;|||&#8221;][et_pb_gallery gallery_ids=&#8221;2002&#8243; _builder_version=&#8221;4.16&#8243; global_colors_info=&#8221;{}&#8221;][\/et_pb_gallery][et_pb_gallery gallery_ids=&#8221;1931&#8243; _builder_version=&#8221;4.16&#8243; global_colors_info=&#8221;{}&#8221;][\/et_pb_gallery][et_pb_gallery gallery_ids=&#8221;2060&#8243; _builder_version=&#8221;4.16&#8243; global_colors_info=&#8221;{}&#8221;][\/et_pb_gallery][et_pb_gallery gallery_ids=&#8221;1982,1983,1992,1932&#8243; _builder_version=&#8221;4.16&#8243; custom_padding=&#8221;|0px||||&#8221; global_colors_info=&#8221;{}&#8221;][\/et_pb_gallery][et_pb_gallery gallery_ids=&#8221;2141&#8243; _builder_version=&#8221;4.16&#8243; global_colors_info=&#8221;{}&#8221;][\/et_pb_gallery][et_pb_gallery gallery_ids=&#8221;2244&#8243; _builder_version=&#8221;4.16&#8243; _module_preset=&#8221;default&#8221; global_colors_info=&#8221;{}&#8221;][\/et_pb_gallery][et_pb_gallery gallery_ids=&#8221;2431&#8243; _builder_version=&#8221;4.21.0&#8243; _module_preset=&#8221;default&#8221; global_colors_info=&#8221;{}&#8221;][\/et_pb_gallery][et_pb_gallery gallery_ids=&#8221;2443&#8243; _builder_version=&#8221;4.22.1&#8243; _module_preset=&#8221;default&#8221; global_colors_info=&#8221;{}&#8221;][\/et_pb_gallery][\/et_pb_column][et_pb_column type=&#8221;1_3&#8243; _builder_version=&#8221;4.16&#8243; global_colors_info=&#8221;{}&#8221;][et_pb_gallery gallery_ids=&#8221;1990&#8243; _builder_version=&#8221;4.16&#8243; global_colors_info=&#8221;{}&#8221;][\/et_pb_gallery][et_pb_gallery gallery_ids=&#8221;1987&#8243; _builder_version=&#8221;4.16&#8243; global_colors_info=&#8221;{}&#8221;][\/et_pb_gallery][et_pb_gallery gallery_ids=&#8221;2049&#8243; _builder_version=&#8221;4.16&#8243; global_colors_info=&#8221;{}&#8221;][\/et_pb_gallery][et_pb_gallery gallery_ids=&#8221;2082&#8243; _builder_version=&#8221;4.16&#8243; global_colors_info=&#8221;{}&#8221;][\/et_pb_gallery][et_pb_gallery gallery_ids=&#8221;1973,1975&#8243; posts_number=&#8221;3&#8243; _builder_version=&#8221;4.16&#8243; global_colors_info=&#8221;{}&#8221;][\/et_pb_gallery][et_pb_gallery gallery_ids=&#8221;1974&#8243; _builder_version=&#8221;4.16&#8243; global_colors_info=&#8221;{}&#8221;][\/et_pb_gallery][et_pb_gallery gallery_ids=&#8221;2075&#8243; _builder_version=&#8221;4.16&#8243; global_colors_info=&#8221;{}&#8221;][\/et_pb_gallery][et_pb_gallery gallery_ids=&#8221;2077&#8243; _builder_version=&#8221;4.16&#8243; global_colors_info=&#8221;{}&#8221;][\/et_pb_gallery][et_pb_gallery _builder_version=&#8221;4.22.1&#8243; _module_preset=&#8221;default&#8221; gallery_ids=&#8221;2467&#8243; hover_enabled=&#8221;0&#8243; sticky_enabled=&#8221;0&#8243;][\/et_pb_gallery][\/et_pb_column][et_pb_column type=&#8221;1_3&#8243; _builder_version=&#8221;4.21.0&#8243; _module_preset=&#8221;default&#8221; global_colors_info=&#8221;{}&#8221;][et_pb_gallery gallery_ids=&#8221;2043&#8243; _builder_version=&#8221;4.21.0&#8243; _module_preset=&#8221;default&#8221; global_colors_info=&#8221;{}&#8221;][\/et_pb_gallery][et_pb_gallery gallery_ids=&#8221;1938&#8243; _builder_version=&#8221;4.16&#8243; global_colors_info=&#8221;{}&#8221;][\/et_pb_gallery][et_pb_gallery gallery_ids=&#8221;1939&#8243; _builder_version=&#8221;4.16&#8243; global_colors_info=&#8221;{}&#8221;][\/et_pb_gallery][et_pb_gallery gallery_ids=&#8221;1998&#8243; _builder_version=&#8221;4.16&#8243; global_colors_info=&#8221;{}&#8221;][\/et_pb_gallery][et_pb_gallery gallery_ids=&#8221;1940&#8243; _builder_version=&#8221;4.16&#8243; global_colors_info=&#8221;{}&#8221;][\/et_pb_gallery][et_pb_gallery gallery_ids=&#8221;1976&#8243; _builder_version=&#8221;4.16&#8243; global_colors_info=&#8221;{}&#8221;][\/et_pb_gallery][et_pb_gallery gallery_ids=&#8221;2042&#8243; _builder_version=&#8221;4.16&#8243; global_colors_info=&#8221;{}&#8221;][\/et_pb_gallery][et_pb_gallery gallery_ids=&#8221;2171&#8243; _builder_version=&#8221;4.21.0&#8243; _module_preset=&#8221;default&#8221; global_colors_info=&#8221;{}&#8221;][\/et_pb_gallery][et_pb_gallery gallery_ids=&#8221;2245&#8243; _builder_version=&#8221;4.16&#8243; _module_preset=&#8221;default&#8221; global_colors_info=&#8221;{}&#8221;][\/et_pb_gallery][et_pb_gallery _builder_version=&#8221;4.22.1&#8243; _module_preset=&#8221;default&#8221; gallery_ids=&#8221;2466&#8243; hover_enabled=&#8221;0&#8243; sticky_enabled=&#8221;0&#8243;][\/et_pb_gallery][\/et_pb_column][\/et_pb_row][\/et_pb_section][et_pb_section fb_built=&#8221;1&#8243; admin_label=&#8221;section&#8221; _builder_version=&#8221;4.16&#8243; custom_margin=&#8221;|-33px||-78px|false|false&#8221; global_colors_info=&#8221;{}&#8221;][\/et_pb_section][et_pb_section fb_built=&#8221;1&#8243; admin_label=&#8221;section&#8221; _builder_version=&#8221;4.16&#8243; custom_margin=&#8221;|-33px||-78px|false|false&#8221; global_colors_info=&#8221;{}&#8221;][\/et_pb_section]<\/p>\n","protected":false},"excerpt":{"rendered":"","protected":false},"author":369,"featured_media":1938,"parent":0,"menu_order":0,"comment_status":"closed","ping_status":"closed","template":"","meta":{"_acf_changed":false,"_et_pb_use_builder":"on","_et_pb_old_content":"<h4>Kuvia l\u00e4hiaikojen tapahtumista<\/h4>\r\n[caption id=\"attachment_1932\" align=\"alignnone\" width=\"300\"]<img class=\"wp-image-1932 size-medium\" src=\"https:\/\/rotary.fi\/kantahollola\/wp-content\/uploads\/sites\/191\/2020\/01\/kanta-hollola-021216-300x168.jpg\" alt=\"\" width=\"300\" height=\"168\" \/> Pitk\u00e4 lounas 2018[\/caption]\r\n\r\n[caption id=\"attachment_1931\" align=\"alignnone\" width=\"300\"]<img class=\"wp-image-1931 size-medium\" src=\"https:\/\/rotary.fi\/kantahollola\/wp-content\/uploads\/sites\/191\/2020\/01\/18102017444-300x225.jpg\" alt=\"\" width=\"300\" height=\"225\" \/> Pitk\u00e4 lounas Hotelli K\u00e4mpiss\u00e4 2017[\/caption]\r\n\r\n[caption id=\"attachment_1934\" align=\"alignnone\" width=\"300\"]<img class=\"wp-image-1934 size-medium\" src=\"https:\/\/rotary.fi\/kantahollola\/wp-content\/uploads\/sites\/191\/2020\/01\/wp_20170607_18_12_08_pro-300x168.jpg\" alt=\"\" width=\"300\" height=\"168\" \/> Friebee -golfin veryttely\u00e4 2016[\/caption]","_et_gb_content_width":"","footnotes":""},"class_list":["post-1965","page","type-page","status-publish","has-post-thumbnail","hentry"],"acf":[],"yoast_head":"<!-- This site is optimized with the Yoast SEO plugin v27.0 - https:\/\/yoast.com\/product\/yoast-seo-wordpress\/ -->\n<title>Kuva-arkisto - Kanta-Hollolan Rotaryklubi<\/title>\n<meta name=\"robots\" content=\"index, follow, max-snippet:-1, max-image-preview:large, max-video-preview:-1\" \/>\n<link rel=\"canonical\" href=\"https:\/\/rotary.fi\/kantahollola\/kuva-arkisto\/\" \/>\n<meta property=\"og:locale\" content=\"fi_FI\" \/>\n<meta property=\"og:type\" content=\"article\" \/>\n<meta property=\"og:title\" content=\"Kuva-arkisto - Kanta-Hollolan Rotaryklubi\" \/>\n<meta property=\"og:url\" content=\"https:\/\/rotary.fi\/kantahollola\/kuva-arkisto\/\" \/>\n<meta property=\"og:site_name\" content=\"Kanta-Hollolan Rotaryklubi\" \/>\n<meta property=\"article:modified_time\" content=\"2024-01-25T14:51:01+00:00\" \/>\n<meta property=\"og:image\" content=\"https:\/\/rotary.fi\/kantahollola\/wp-content\/uploads\/sites\/191\/2020\/01\/image002.jpg\" \/>\n\t<meta property=\"og:image:width\" content=\"640\" \/>\n\t<meta property=\"og:image:height\" content=\"360\" \/>\n\t<meta property=\"og:image:type\" content=\"image\/jpeg\" \/>\n<meta name=\"twitter:card\" content=\"summary_large_image\" \/>\n<script type=\"application\/ld+json\" class=\"yoast-schema-graph\">{\"@context\":\"https:\/\/schema.org\",\"@graph\":[{\"@type\":\"WebPage\",\"@id\":\"https:\/\/rotary.fi\/kantahollola\/kuva-arkisto\/\",\"url\":\"https:\/\/rotary.fi\/kantahollola\/kuva-arkisto\/\",\"name\":\"Kuva-arkisto - Kanta-Hollolan Rotaryklubi\",\"isPartOf\":{\"@id\":\"https:\/\/rotary.fi\/kantahollola\/#website\"},\"primaryImageOfPage\":{\"@id\":\"https:\/\/rotary.fi\/kantahollola\/kuva-arkisto\/#primaryimage\"},\"image\":{\"@id\":\"https:\/\/rotary.fi\/kantahollola\/kuva-arkisto\/#primaryimage\"},\"thumbnailUrl\":\"https:\/\/rotary.fi\/kantahollola\/wp-content\/uploads\/sites\/191\/2020\/01\/image002.jpg\",\"datePublished\":\"2020-01-21T10:34:03+00:00\",\"dateModified\":\"2024-01-25T14:51:01+00:00\",\"breadcrumb\":{\"@id\":\"https:\/\/rotary.fi\/kantahollola\/kuva-arkisto\/#breadcrumb\"},\"inLanguage\":\"fi\",\"potentialAction\":[{\"@type\":\"ReadAction\",\"target\":[\"https:\/\/rotary.fi\/kantahollola\/kuva-arkisto\/\"]}]},{\"@type\":\"ImageObject\",\"inLanguage\":\"fi\",\"@id\":\"https:\/\/rotary.fi\/kantahollola\/kuva-arkisto\/#primaryimage\",\"url\":\"https:\/\/rotary.fi\/kantahollola\/wp-content\/uploads\/sites\/191\/2020\/01\/image002.jpg\",\"contentUrl\":\"https:\/\/rotary.fi\/kantahollola\/wp-content\/uploads\/sites\/191\/2020\/01\/image002.jpg\",\"width\":640,\"height\":360,\"caption\":\"Klubimme tervehdys Manilassa Filippiineill\u00e4 2016\"},{\"@type\":\"BreadcrumbList\",\"@id\":\"https:\/\/rotary.fi\/kantahollola\/kuva-arkisto\/#breadcrumb\",\"itemListElement\":[{\"@type\":\"ListItem\",\"position\":1,\"name\":\"Home\",\"item\":\"https:\/\/rotary.fi\/kantahollola\/\"},{\"@type\":\"ListItem\",\"position\":2,\"name\":\"Kuva-arkisto\"}]},{\"@type\":\"WebSite\",\"@id\":\"https:\/\/rotary.fi\/kantahollola\/#website\",\"url\":\"https:\/\/rotary.fi\/kantahollola\/\",\"name\":\"Kanta-Hollolan Rotaryklubi\",\"description\":\"Uusi Rotary klubisivusto\",\"potentialAction\":[{\"@type\":\"SearchAction\",\"target\":{\"@type\":\"EntryPoint\",\"urlTemplate\":\"https:\/\/rotary.fi\/kantahollola\/?s={search_term_string}\"},\"query-input\":{\"@type\":\"PropertyValueSpecification\",\"valueRequired\":true,\"valueName\":\"search_term_string\"}}],\"inLanguage\":\"fi\"}]}<\/script>\n<!-- \/ Yoast SEO plugin. -->","yoast_head_json":{"title":"Kuva-arkisto - Kanta-Hollolan Rotaryklubi","robots":{"index":"index","follow":"follow","max-snippet":"max-snippet:-1","max-image-preview":"max-image-preview:large","max-video-preview":"max-video-preview:-1"},"canonical":"https:\/\/rotary.fi\/kantahollola\/kuva-arkisto\/","og_locale":"fi_FI","og_type":"article","og_title":"Kuva-arkisto - Kanta-Hollolan Rotaryklubi","og_url":"https:\/\/rotary.fi\/kantahollola\/kuva-arkisto\/","og_site_name":"Kanta-Hollolan Rotaryklubi","article_modified_time":"2024-01-25T14:51:01+00:00","og_image":[{"width":640,"height":360,"url":"https:\/\/rotary.fi\/kantahollola\/wp-content\/uploads\/sites\/191\/2020\/01\/image002.jpg","type":"image\/jpeg"}],"twitter_card":"summary_large_image","schema":{"@context":"https:\/\/schema.org","@graph":[{"@type":"WebPage","@id":"https:\/\/rotary.fi\/kantahollola\/kuva-arkisto\/","url":"https:\/\/rotary.fi\/kantahollola\/kuva-arkisto\/","name":"Kuva-arkisto - Kanta-Hollolan Rotaryklubi","isPartOf":{"@id":"https:\/\/rotary.fi\/kantahollola\/#website"},"primaryImageOfPage":{"@id":"https:\/\/rotary.fi\/kantahollola\/kuva-arkisto\/#primaryimage"},"image":{"@id":"https:\/\/rotary.fi\/kantahollola\/kuva-arkisto\/#primaryimage"},"thumbnailUrl":"https:\/\/rotary.fi\/kantahollola\/wp-content\/uploads\/sites\/191\/2020\/01\/image002.jpg","datePublished":"2020-01-21T10:34:03+00:00","dateModified":"2024-01-25T14:51:01+00:00","breadcrumb":{"@id":"https:\/\/rotary.fi\/kantahollola\/kuva-arkisto\/#breadcrumb"},"inLanguage":"fi","potentialAction":[{"@type":"ReadAction","target":["https:\/\/rotary.fi\/kantahollola\/kuva-arkisto\/"]}]},{"@type":"ImageObject","inLanguage":"fi","@id":"https:\/\/rotary.fi\/kantahollola\/kuva-arkisto\/#primaryimage","url":"https:\/\/rotary.fi\/kantahollola\/wp-content\/uploads\/sites\/191\/2020\/01\/image002.jpg","contentUrl":"https:\/\/rotary.fi\/kantahollola\/wp-content\/uploads\/sites\/191\/2020\/01\/image002.jpg","width":640,"height":360,"caption":"Klubimme tervehdys Manilassa Filippiineill\u00e4 2016"},{"@type":"BreadcrumbList","@id":"https:\/\/rotary.fi\/kantahollola\/kuva-arkisto\/#breadcrumb","itemListElement":[{"@type":"ListItem","position":1,"name":"Home","item":"https:\/\/rotary.fi\/kantahollola\/"},{"@type":"ListItem","position":2,"name":"Kuva-arkisto"}]},{"@type":"WebSite","@id":"https:\/\/rotary.fi\/kantahollola\/#website","url":"https:\/\/rotary.fi\/kantahollola\/","name":"Kanta-Hollolan Rotaryklubi","description":"Uusi Rotary klubisivusto","potentialAction":[{"@type":"SearchAction","target":{"@type":"EntryPoint","urlTemplate":"https:\/\/rotary.fi\/kantahollola\/?s={search_term_string}"},"query-input":{"@type":"PropertyValueSpecification","valueRequired":true,"valueName":"search_term_string"}}],"inLanguage":"fi"}]}},"lang":"fi","translations":{"fi":1965},"pll_sync_post":[],"_links":{"self":[{"href":"https:\/\/rotary.fi\/kantahollola\/wp-json\/wp\/v2\/pages\/1965","targetHints":{"allow":["GET"]}}],"collection":[{"href":"https:\/\/rotary.fi\/kantahollola\/wp-json\/wp\/v2\/pages"}],"about":[{"href":"https:\/\/rotary.fi\/kantahollola\/wp-json\/wp\/v2\/types\/page"}],"author":[{"embeddable":true,"href":"https:\/\/rotary.fi\/kantahollola\/wp-json\/wp\/v2\/users\/369"}],"replies":[{"embeddable":true,"href":"https:\/\/rotary.fi\/kantahollola\/wp-json\/wp\/v2\/comments?post=1965"}],"version-history":[{"count":9,"href":"https:\/\/rotary.fi\/kantahollola\/wp-json\/wp\/v2\/pages\/1965\/revisions"}],"predecessor-version":[{"id":2470,"href":"https:\/\/rotary.fi\/kantahollola\/wp-json\/wp\/v2\/pages\/1965\/revisions\/2470"}],"wp:featuredmedia":[{"embeddable":true,"href":"https:\/\/rotary.fi\/kantahollola\/wp-json\/wp\/v2\/media\/1938"}],"wp:attachment":[{"href":"https:\/\/rotary.fi\/kantahollola\/wp-json\/wp\/v2\/media?parent=1965"}],"curies":[{"name":"wp","href":"https:\/\/api.w.org\/{rel}","templated":true}]}}