{"id":138,"date":"2018-08-10T14:01:44","date_gmt":"2018-08-10T11:01:44","guid":{"rendered":"https:\/\/rotary.fi\/klubi2\/?page_id=138"},"modified":"2024-01-24T18:50:14","modified_gmt":"2024-01-24T16:50:14","slug":"vuositeema","status":"publish","type":"page","link":"https:\/\/rotary.fi\/kantahollola\/keita-olemme\/vuositeema\/","title":{"rendered":"Vuositeema"},"content":{"rendered":"<p>[et_pb_section fb_built=&#8221;1&#8243; _builder_version=&#8221;4.22.1&#8243; _module_preset=&#8221;default&#8221; global_colors_info=&#8221;{}&#8221;][et_pb_row column_structure=&#8221;1_2,1_2&#8243; _builder_version=&#8221;4.22.1&#8243; _module_preset=&#8221;default&#8221; custom_margin=&#8221;|auto||220px||&#8221; global_colors_info=&#8221;{}&#8221;][et_pb_column type=&#8221;1_2&#8243; _builder_version=&#8221;4.22.1&#8243; _module_preset=&#8221;default&#8221; global_colors_info=&#8221;{}&#8221;][et_pb_text _builder_version=&#8221;4.22.1&#8243; _module_preset=&#8221;default&#8221; global_colors_info=&#8221;{}&#8221;]<\/p>\n<p>\u00a0Rotary Internationalin presidentti rotaryvuotena 2023 &#8211; 2024 on\u00a0 <strong>Gordon R. Queensferry<\/strong> West Lothian klubista Skotlannista. H\u00e4nen\u00a0 vuositeemansa on &#8221;Greate Hope in the World&#8221;\u00a0 &#8221;Luo toivoa maailmaan&#8221;.<\/p>\n<p>[\/et_pb_text][et_pb_text _builder_version=&#8221;4.22.1&#8243; _module_preset=&#8221;default&#8221; custom_padding=&#8221;||0px|||&#8221; global_colors_info=&#8221;{}&#8221;][\/et_pb_text][\/et_pb_column][et_pb_column type=&#8221;1_2&#8243; _builder_version=&#8221;4.22.1&#8243; _module_preset=&#8221;default&#8221; global_colors_info=&#8221;{}&#8221;][et_pb_gallery gallery_ids=&#8221;2450&#8243; _builder_version=&#8221;4.22.1&#8243; _module_preset=&#8221;default&#8221; custom_padding=&#8221;||0px|||&#8221; global_colors_info=&#8221;{}&#8221;][\/et_pb_gallery][\/et_pb_column][\/et_pb_row][\/et_pb_section]<\/p>\n","protected":false},"excerpt":{"rendered":"<p>\u00a0Rotary Internationalin presidentti rotaryvuotena 2023 &#8211; 2024 on\u00a0 Gordon R. Queensferry West Lothian klubista Skotlannista. H\u00e4nen\u00a0 vuositeemansa on &#8221;Greate Hope in the World&#8221;\u00a0 &#8221;Luo toivoa maailmaan&#8221;.<\/p>\n","protected":false},"author":1,"featured_media":0,"parent":129,"menu_order":0,"comment_status":"closed","ping_status":"closed","template":"","meta":{"_acf_changed":false,"_et_pb_use_builder":"on","_et_pb_old_content":"<p>[et_pb_section fb_built=\"1\" module_class=\"jumbotron-page\" _builder_version=\"4.16\" background_image=\"https:\/\/rotary.fi\/kantahollola\/wp-content\/uploads\/sites\/191\/2018\/08\/rotary_klubit_alasivu_paakuva_7.jpg\" global_colors_info=\"{}\"][et_pb_row _builder_version=\"4.16\" background_size=\"initial\" background_position=\"top_left\" background_repeat=\"repeat\" global_colors_info=\"{}\"][et_pb_column type=\"4_4\" _builder_version=\"4.16\" custom_padding=\"|||\" global_colors_info=\"{}\" custom_padding__hover=\"|||\"][et_pb_text admin_label=\"P\u00e4\u00e4otsikko\" _builder_version=\"4.16\" text_orientation=\"center\" background_layout=\"dark\" global_colors_info=\"{}\"]<\/p><h1>Vuositeema<\/h1><p>[\/et_pb_text][\/et_pb_column][\/et_pb_row][\/et_pb_section][et_pb_section fb_built=\"1\" specialty=\"on\" module_class_2=\"sivupalkki\" _builder_version=\"4.16\" global_colors_info=\"{}\"][et_pb_column type=\"2_3\" specialty_columns=\"2\" _builder_version=\"4.16\" custom_padding=\"|||\" global_colors_info=\"{}\" custom_padding__hover=\"|||\"][et_pb_row_inner column_structure=\"1_4,1_4,1_4,1_4\" admin_label=\"Rivi\" _builder_version=\"4.16\" global_colors_info=\"{}\"][et_pb_column_inner type=\"1_4\" saved_specialty_column_type=\"2_3\" _builder_version=\"4.16\" custom_padding=\"|||\" custom_css_main_element=\"width:24%!important;\" global_colors_info=\"{}\" custom_padding__hover=\"|||\"][et_pb_image src=\"https:\/\/rotary.fi\/kantahollola\/wp-content\/uploads\/sites\/191\/2018\/11\/t1819fin_pms-c-01-300x300.jpg\" align_tablet=\"center\" align_phone=\"center\" align_last_edited=\"on|desktop\" _builder_version=\"4.16\" global_colors_info=\"{}\"][\/et_pb_image][\/et_pb_column_inner][et_pb_column_inner type=\"1_4\" saved_specialty_column_type=\"2_3\" _builder_version=\"4.16\" custom_padding=\"|||\" custom_css_main_element=\"width:24%!important;\" global_colors_info=\"{}\" custom_padding__hover=\"|||\"][et_pb_image src=\"https:\/\/rotary.fi\/kantahollola\/wp-content\/uploads\/sites\/191\/2018\/11\/t1819sv_pms-c-01-300x300.jpg\" align_tablet=\"center\" align_phone=\"center\" align_last_edited=\"on|desktop\" _builder_version=\"4.16\" global_colors_info=\"{}\"][\/et_pb_image][\/et_pb_column_inner][et_pb_column_inner type=\"1_4\" saved_specialty_column_type=\"2_3\" _builder_version=\"4.16\" custom_padding=\"|||\" custom_css_main_element=\"width:24%!important;\" global_colors_info=\"{}\" custom_padding__hover=\"|||\"][et_pb_image src=\"https:\/\/rotary.fi\/kantahollola\/wp-content\/uploads\/sites\/191\/2018\/11\/t1819en_pms-c-01-300x300.jpg\" align_tablet=\"center\" align_phone=\"center\" align_last_edited=\"on|desktop\" _builder_version=\"4.16\" global_colors_info=\"{}\"][\/et_pb_image][\/et_pb_column_inner][et_pb_column_inner type=\"1_4\" saved_specialty_column_type=\"2_3\" _builder_version=\"4.16\" custom_padding=\"|||\" custom_css_main_element=\"display:none;||width:0%!important;\" global_colors_info=\"{}\" custom_padding__hover=\"|||\"][\/et_pb_column_inner][\/et_pb_row_inner][et_pb_row_inner admin_label=\"Rivi\" _builder_version=\"4.16\" global_colors_info=\"{}\"][et_pb_column_inner saved_specialty_column_type=\"2_3\" _builder_version=\"4.16\" custom_padding=\"|||\" global_colors_info=\"{}\" custom_padding__hover=\"|||\"][et_pb_text admin_label=\"Rotary Internationalin vuositeema - Otsikko\" _builder_version=\"4.18.0\" text_orientation=\"center\" global_colors_info=\"{}\"]<\/p><h1>Rotary Internationalin vuositeema<\/h1><p>[\/et_pb_text][et_pb_text admin_label=\"Teksti\" _builder_version=\"4.16\" global_colors_info=\"{}\"]<\/p><p>Rotary Internationalin presidentti Jennifer Jones on nimennyt presidenttivuotensa 2022-2023 teemaksi<\/p><p><strong>Be the Inspiration | Ole innostaja | En inspirationsk\u00e4lla<\/strong><\/p><blockquote><p>\"Toivon ett\u00e4 me kaikki innostamme toisiamme toimimaan \u2013 tarkastelemaan ymp\u00e4rist\u00f6kysymyksi\u00e4, jotka vaikuttavat terveyteen ja hyvinvointiin ymp\u00e4ri maailmaa, ja tekem\u00e4\u00e4n voitavamme auttaaksemme.\"<\/p><\/blockquote><p>Presidentti Rassin kantaa aitoa huolta ymp\u00e4rist\u00f6st\u00e4 ja ilmastonmuutoksesta. H\u00e4n on kotoisin Bahamalta, miss\u00e4 merenpinnan nousu ilmaston l\u00e4mmetess\u00e4 on uhka h\u00e4nen kotisaarensa tulevaisuudelle. Vuositeeman tunnus, meren aalto, sopiikin hyvin Rassinin viestinviej\u00e4ksi. H\u00e4n kannustaa meit\u00e4 kohtaamaan ymp\u00e4rist\u00f6haasteet rohkeasti, optimistisesti ja luovasti \u2013 yhteistuumin omissa yhteis\u00f6iss\u00e4mme ja my\u00f6s henkil\u00f6kohtaisissa valinnoissamme.<\/p><p>[\/et_pb_text][\/et_pb_column_inner][\/et_pb_row_inner][et_pb_row_inner admin_label=\"Rivi\" _builder_version=\"4.16\" global_colors_info=\"{}\"][et_pb_column_inner saved_specialty_column_type=\"2_3\" _builder_version=\"4.16\" custom_padding=\"|||\" global_colors_info=\"{}\" custom_padding__hover=\"|||\"][et_pb_text admin_label=\"Klubin vuositeema - Otsikko\" _builder_version=\"4.16\" text_orientation=\"center\" global_colors_info=\"{}\"]<\/p><h4>Kanta-Hollolan Rotaryklubin vuositeema<\/h4><p>[\/et_pb_text][et_pb_text _builder_version=\"4.16\" global_colors_info=\"{}\"]<\/p><p class=\"p1\"><span class=\"s1\">Oma klubimme keskittyy j\u00e4senten aktivoimiseen ja klubin imagon vahvistamiseen. Tahdomme tehd\u00e4 Rotaryn saavutukset n\u00e4kyv\u00e4mm\u00e4ksi. Aktivoidumme yh\u00e4 voimakkaammin nuorten ja heid\u00e4n perheidens\u00e4 suuntaan tukeaksemme heid\u00e4n kasvuaan kohti toimintakykyist\u00e4, hyvinvoivaa aikuisuutta. Osallistumme sponsorointiin: Vesireppu, Shelter Box, Lahden Ryla-projekti sek\u00e4 alueen klubien yhteisprojekteihin.<\/span><\/p><p>[\/et_pb_text][\/et_pb_column_inner][\/et_pb_row_inner][\/et_pb_column][et_pb_column type=\"1_3\" _builder_version=\"4.16\" custom_padding=\"|||\" global_colors_info=\"{}\" custom_padding__hover=\"|||\"][et_pb_sidebar area=\"sidebar-1\" module_class=\"sivupalkki_sisalto\" _builder_version=\"4.16\" locked=\"on\" global_colors_info=\"{}\"][\/et_pb_sidebar][\/et_pb_column][\/et_pb_section]<\/p>","_et_gb_content_width":"","footnotes":""},"class_list":["post-138","page","type-page","status-publish","hentry"],"acf":[],"yoast_head":"<!-- This site is optimized with the Yoast SEO plugin v27.0 - https:\/\/yoast.com\/product\/yoast-seo-wordpress\/ -->\n<title>Vuositeema - Kanta-Hollolan Rotaryklubi<\/title>\n<meta name=\"robots\" content=\"index, follow, max-snippet:-1, max-image-preview:large, max-video-preview:-1\" \/>\n<link rel=\"canonical\" href=\"https:\/\/rotary.fi\/kantahollola\/keita-olemme\/vuositeema\/\" \/>\n<meta property=\"og:locale\" content=\"fi_FI\" \/>\n<meta property=\"og:type\" content=\"article\" \/>\n<meta property=\"og:title\" content=\"Vuositeema - Kanta-Hollolan Rotaryklubi\" \/>\n<meta property=\"og:description\" content=\"\u00a0Rotary Internationalin presidentti rotaryvuotena 2023 - 2024 on\u00a0 Gordon R. Queensferry West Lothian klubista Skotlannista. H\u00e4nen\u00a0 vuositeemansa on &quot;Greate Hope in the World&quot;\u00a0 &quot;Luo toivoa maailmaan&quot;.\" \/>\n<meta property=\"og:url\" content=\"https:\/\/rotary.fi\/kantahollola\/keita-olemme\/vuositeema\/\" \/>\n<meta property=\"og:site_name\" content=\"Kanta-Hollolan Rotaryklubi\" \/>\n<meta property=\"article:modified_time\" content=\"2024-01-24T16:50:14+00:00\" \/>\n<meta name=\"twitter:card\" content=\"summary_large_image\" \/>\n<meta name=\"twitter:label1\" content=\"Arvioitu lukuaika\" \/>\n\t<meta name=\"twitter:data1\" content=\"2 minuuttia\" \/>\n<script type=\"application\/ld+json\" class=\"yoast-schema-graph\">{\"@context\":\"https:\/\/schema.org\",\"@graph\":[{\"@type\":\"WebPage\",\"@id\":\"https:\/\/rotary.fi\/kantahollola\/keita-olemme\/vuositeema\/\",\"url\":\"https:\/\/rotary.fi\/kantahollola\/keita-olemme\/vuositeema\/\",\"name\":\"Vuositeema - Kanta-Hollolan Rotaryklubi\",\"isPartOf\":{\"@id\":\"https:\/\/rotary.fi\/kantahollola\/#website\"},\"datePublished\":\"2018-08-10T11:01:44+00:00\",\"dateModified\":\"2024-01-24T16:50:14+00:00\",\"breadcrumb\":{\"@id\":\"https:\/\/rotary.fi\/kantahollola\/keita-olemme\/vuositeema\/#breadcrumb\"},\"inLanguage\":\"fi\",\"potentialAction\":[{\"@type\":\"ReadAction\",\"target\":[\"https:\/\/rotary.fi\/kantahollola\/keita-olemme\/vuositeema\/\"]}]},{\"@type\":\"BreadcrumbList\",\"@id\":\"https:\/\/rotary.fi\/kantahollola\/keita-olemme\/vuositeema\/#breadcrumb\",\"itemListElement\":[{\"@type\":\"ListItem\",\"position\":1,\"name\":\"Home\",\"item\":\"https:\/\/rotary.fi\/kantahollola\/\"},{\"@type\":\"ListItem\",\"position\":2,\"name\":\"Keit\u00e4 me olemme\",\"item\":\"https:\/\/rotary.fi\/kantahollola\/\"},{\"@type\":\"ListItem\",\"position\":3,\"name\":\"Vuositeema\"}]},{\"@type\":\"WebSite\",\"@id\":\"https:\/\/rotary.fi\/kantahollola\/#website\",\"url\":\"https:\/\/rotary.fi\/kantahollola\/\",\"name\":\"Kanta-Hollolan Rotaryklubi\",\"description\":\"Uusi Rotary klubisivusto\",\"potentialAction\":[{\"@type\":\"SearchAction\",\"target\":{\"@type\":\"EntryPoint\",\"urlTemplate\":\"https:\/\/rotary.fi\/kantahollola\/?s={search_term_string}\"},\"query-input\":{\"@type\":\"PropertyValueSpecification\",\"valueRequired\":true,\"valueName\":\"search_term_string\"}}],\"inLanguage\":\"fi\"}]}<\/script>\n<!-- \/ Yoast SEO plugin. -->","yoast_head_json":{"title":"Vuositeema - Kanta-Hollolan Rotaryklubi","robots":{"index":"index","follow":"follow","max-snippet":"max-snippet:-1","max-image-preview":"max-image-preview:large","max-video-preview":"max-video-preview:-1"},"canonical":"https:\/\/rotary.fi\/kantahollola\/keita-olemme\/vuositeema\/","og_locale":"fi_FI","og_type":"article","og_title":"Vuositeema - Kanta-Hollolan Rotaryklubi","og_description":"\u00a0Rotary Internationalin presidentti rotaryvuotena 2023 - 2024 on\u00a0 Gordon R. Queensferry West Lothian klubista Skotlannista. H\u00e4nen\u00a0 vuositeemansa on \"Greate Hope in the World\"\u00a0 \"Luo toivoa maailmaan\".","og_url":"https:\/\/rotary.fi\/kantahollola\/keita-olemme\/vuositeema\/","og_site_name":"Kanta-Hollolan Rotaryklubi","article_modified_time":"2024-01-24T16:50:14+00:00","twitter_card":"summary_large_image","twitter_misc":{"Arvioitu lukuaika":"2 minuuttia"},"schema":{"@context":"https:\/\/schema.org","@graph":[{"@type":"WebPage","@id":"https:\/\/rotary.fi\/kantahollola\/keita-olemme\/vuositeema\/","url":"https:\/\/rotary.fi\/kantahollola\/keita-olemme\/vuositeema\/","name":"Vuositeema - Kanta-Hollolan Rotaryklubi","isPartOf":{"@id":"https:\/\/rotary.fi\/kantahollola\/#website"},"datePublished":"2018-08-10T11:01:44+00:00","dateModified":"2024-01-24T16:50:14+00:00","breadcrumb":{"@id":"https:\/\/rotary.fi\/kantahollola\/keita-olemme\/vuositeema\/#breadcrumb"},"inLanguage":"fi","potentialAction":[{"@type":"ReadAction","target":["https:\/\/rotary.fi\/kantahollola\/keita-olemme\/vuositeema\/"]}]},{"@type":"BreadcrumbList","@id":"https:\/\/rotary.fi\/kantahollola\/keita-olemme\/vuositeema\/#breadcrumb","itemListElement":[{"@type":"ListItem","position":1,"name":"Home","item":"https:\/\/rotary.fi\/kantahollola\/"},{"@type":"ListItem","position":2,"name":"Keit\u00e4 me olemme","item":"https:\/\/rotary.fi\/kantahollola\/"},{"@type":"ListItem","position":3,"name":"Vuositeema"}]},{"@type":"WebSite","@id":"https:\/\/rotary.fi\/kantahollola\/#website","url":"https:\/\/rotary.fi\/kantahollola\/","name":"Kanta-Hollolan Rotaryklubi","description":"Uusi Rotary klubisivusto","potentialAction":[{"@type":"SearchAction","target":{"@type":"EntryPoint","urlTemplate":"https:\/\/rotary.fi\/kantahollola\/?s={search_term_string}"},"query-input":{"@type":"PropertyValueSpecification","valueRequired":true,"valueName":"search_term_string"}}],"inLanguage":"fi"}]}},"lang":"fi","translations":{"fi":138},"pll_sync_post":[],"_links":{"self":[{"href":"https:\/\/rotary.fi\/kantahollola\/wp-json\/wp\/v2\/pages\/138","targetHints":{"allow":["GET"]}}],"collection":[{"href":"https:\/\/rotary.fi\/kantahollola\/wp-json\/wp\/v2\/pages"}],"about":[{"href":"https:\/\/rotary.fi\/kantahollola\/wp-json\/wp\/v2\/types\/page"}],"author":[{"embeddable":true,"href":"https:\/\/rotary.fi\/kantahollola\/wp-json\/wp\/v2\/users\/1"}],"replies":[{"embeddable":true,"href":"https:\/\/rotary.fi\/kantahollola\/wp-json\/wp\/v2\/comments?post=138"}],"version-history":[{"count":10,"href":"https:\/\/rotary.fi\/kantahollola\/wp-json\/wp\/v2\/pages\/138\/revisions"}],"predecessor-version":[{"id":2457,"href":"https:\/\/rotary.fi\/kantahollola\/wp-json\/wp\/v2\/pages\/138\/revisions\/2457"}],"up":[{"embeddable":true,"href":"https:\/\/rotary.fi\/kantahollola\/wp-json\/wp\/v2\/pages\/129"}],"wp:attachment":[{"href":"https:\/\/rotary.fi\/kantahollola\/wp-json\/wp\/v2\/media?parent=138"}],"curies":[{"name":"wp","href":"https:\/\/api.w.org\/{rel}","templated":true}]}}