{"id":129,"date":"2018-08-10T13:41:39","date_gmt":"2018-08-10T10:41:39","guid":{"rendered":"https:\/\/rotary.fi\/klubi2\/?page_id=129"},"modified":"2023-03-20T19:22:26","modified_gmt":"2023-03-20T17:22:26","slug":"keita-olemme","status":"publish","type":"page","link":"https:\/\/rotary.fi\/kantahollola\/","title":{"rendered":"Keit\u00e4 me olemme"},"content":{"rendered":"<p>[et_pb_section fb_built=&#8221;1&#8243; fullwidth=&#8221;on&#8221; _builder_version=&#8221;4.19.0&#8243; _module_preset=&#8221;default&#8221; global_colors_info=&#8221;{}&#8221;][et_pb_fullwidth_image src=&#8221;https:\/\/rotary.fi\/kantahollola\/wp-content\/uploads\/sites\/191\/2018\/10\/rotary_klubit_alasivu_paakuva_12.jpg&#8221; title_text=&#8221;Keit\u00e4 me olemme&#8221; _builder_version=&#8221;4.19.0&#8243; _module_preset=&#8221;default&#8221; global_colors_info=&#8221;{}&#8221;][\/et_pb_fullwidth_image][\/et_pb_section][et_pb_section fb_built=&#8221;1&#8243; _builder_version=&#8221;4.19.0&#8243; _module_preset=&#8221;default&#8221; global_colors_info=&#8221;{}&#8221;][et_pb_row column_structure=&#8221;2_3,1_3&#8243; _builder_version=&#8221;4.19.0&#8243; _module_preset=&#8221;default&#8221; width=&#8221;85.3%&#8221; custom_margin=&#8221;|auto||504px||&#8221; custom_padding=&#8221;|||0px||&#8221; global_colors_info=&#8221;{}&#8221;][et_pb_column type=&#8221;2_3&#8243; _builder_version=&#8221;4.19.0&#8243; _module_preset=&#8221;default&#8221; global_colors_info=&#8221;{}&#8221;][et_pb_text _builder_version=&#8221;4.20.0&#8243; _module_preset=&#8221;default&#8221; width=&#8221;100%&#8221; custom_margin=&#8221;|||-254px||&#8221; custom_padding=&#8221;|||2px||&#8221; hover_enabled=&#8221;0&#8243; text_font_tablet=&#8221;&#8221; text_font_phone=&#8221;&#8221; text_font_last_edited=&#8221;on|desktop&#8221; global_colors_info=&#8221;{}&#8221; sticky_enabled=&#8221;0&#8243;]<\/p>\n<h2 style=\"text-align: center\">\u00a0\u00a0\u00a0\u00a0\u00a0 Kanta-Hollolan Rotaryklubi\u00a0 \u00a0 \u00a0 \u00a0 \u00a0\u00a0 \u00a0<\/h2>\n<p style=\"text-align: center\">\u00a0 Perustettiin v.1958 Lahden ymp\u00e4rist\u00f6n klubiksi ja nimi on silt\u00e4 ajalta, jolloin Hollola, Orimattila ja Nastola olivat klubin toiminta-alueita. Nykyisin j\u00e4senet ovat melkein kaikki lahtelaisia. Vanha nimi on kuitenkin haluttu s\u00e4ilytt\u00e4\u00e4. Kokoonnumme kes\u00e4aikaa lukuunottamatta keskiviikkoisin Lahden satamaan Sibelius-talon viereen Bistro&amp;Bar Kokkaan lounaskokoukseen tapaamaan toisiamme, kuulemaan kinnostavia esitelmi\u00e4 eri ammattialoilta, harrastuksista ja ajankohtaisista asioista meilt\u00e4 ja muualta.<\/p>\n<p style=\"text-align: center\">Osa kokouksistamme on\u00a0 netiss\u00e4, kuten yhteiskokouksemme englantilaisen Worcesterin Rotaryklubin kanssa. Vierailemme l\u00e4hist\u00f6ll\u00e4 olevissa teollisuuden, kaupan ja kulttuurin kohteissa. Kokouksiimme ja vierailuihin ovat my\u00f6s avecit tervetulleita.<\/p>\n<p>\u00a0\u00a0\u00a0\u00a0\u00a0\u00a0\u00a0\u00a0\u00a0\u00a0\u00a0\u00a0\u00a0\u00a0\u00a0\u00a0\u00a0\u00a0\u00a0\u00a0\u00a0\u00a0\u00a0\u00a0\u00a0\u00a0\u00a0\u00a0\u00a0\u00a0\u00a0\u00a0\u00a0\u00a0\u00a0\u00a0\u00a0 Tuemme Rotary Internationalin kansainv\u00e4lisi\u00e4 projekteja ,\u00a0\u00a0\u00a0\u00a0\u00a0\u00a0\u00a0\u00a0\u00a0\u00a0\u00a0\u00a0\u00a0\u00a0\u00a0\u00a0\u00a0\u00a0\u00a0\u00a0\u00a0\u00a0\u00a0\u00a0\u00a0\u00a0\u00a0\u00a0\u00a0\u00a0\u00a0\u00a0\u00a0\u00a0\u00a0\u00a0\u00a0\u00a0\u00a0\u00a0\u00a0\u00a0\u00a0\u00a0\u00a0\u00a0\u00a0\u00a0\u00a0\u00a0\u00a0 sek\u00e4 osallistumme muiden\u00a0 Rotaryklubien \u00a0 \u00a0 \u00a0 \u00a0\u00a0\u00a0\u00a0\u00a0\u00a0\u00a0\u00a0\u00a0\u00a0\u00a0\u00a0\u00a0\u00a0\u00a0\u00a0\u00a0\u00a0\u00a0\u00a0\u00a0\u00a0\u00a0\u00a0\u00a0\u00a0\u00a0\u00a0\u00a0\u00a0\u00a0\u00a0\u00a0\u00a0\u00a0\u00a0\u00a0\u00a0\u00a0\u00a0\u00a0\u00a0\u00a0 \u00a0 \u00a0 \u00a0 \u00a0 \u00a0 \u00a0 \u00a0 kanssa paikallisiin tukiprojekteihin.<\/p>\n<p><a href=\"https:\/\/rotary.fi\/kantahollola\/wp-content\/uploads\/sites\/191\/2022\/11\/Keita-olemme.odt\" rel=\"attachment wp-att-2354\"><\/a><\/p>\n<p>[\/et_pb_text][\/et_pb_column][et_pb_column type=&#8221;1_3&#8243; _builder_version=&#8221;4.19.0&#8243; _module_preset=&#8221;default&#8221; global_colors_info=&#8221;{}&#8221;][\/et_pb_column][\/et_pb_row][et_pb_row column_structure=&#8221;3_5,2_5&#8243; _builder_version=&#8221;4.19.0&#8243; _module_preset=&#8221;default&#8221; global_colors_info=&#8221;{}&#8221;][et_pb_column type=&#8221;3_5&#8243; _builder_version=&#8221;4.19.0&#8243; _module_preset=&#8221;default&#8221; global_colors_info=&#8221;{}&#8221;][\/et_pb_column][et_pb_column type=&#8221;2_5&#8243; _builder_version=&#8221;4.19.0&#8243; _module_preset=&#8221;default&#8221; global_colors_info=&#8221;{}&#8221;][\/et_pb_column][\/et_pb_row][\/et_pb_section]<\/p>\n","protected":false},"excerpt":{"rendered":"<p>Kanta-Hollolan Rotaryklubi perustettiin v.1958 lahden ja ymp\u00e4rist\u00f6n klubiksi. Nimi on t\u00e4lt\u00e4 ajalta, jolloin Hollola, Orimattila ja Nastola olivat klubin toiminta-aluetta. Nykyisin j\u00e4senet ovat  suurimmalta osin lahtelaisia. Kokoonnumme kes\u00e4aikaa lukuun ottamatta keskiviikkoisin Lahden satamaan Sibelius-talon viereen Bistro &amp; Bar Kokka &#8211; ravintolaan lounaskokoukseen tapaamaan toisiamme, kuulemaan kiinnostavia esitelmi\u00e4 eri ammattialoilta, harrastuksista ja ajankohtaisista asioista l\u00e4helt\u00e4 ja maailmalta. K\u00e4ymme vierailulla erilaisissa kohteissa, joissa saamme tietoa alan n\u00e4kymist\u00e4.<\/p>\n<p>Tuemme Rotary Internationalin kautta Rotaryn kansainv\u00e4lisi\u00e4 projekteja, sek\u00e4 osallistumme eri tavoin muiden paikkakunnan Rotaryklubien kanssa paikallisiin tukiprojekteihin.<\/p>\n","protected":false},"author":1,"featured_media":0,"parent":0,"menu_order":0,"comment_status":"closed","ping_status":"closed","template":"","meta":{"_acf_changed":false,"_et_pb_use_builder":"on","_et_pb_old_content":"","_et_gb_content_width":"","footnotes":""},"class_list":["post-129","page","type-page","status-publish","hentry"],"acf":[],"yoast_head":"<!-- This site is optimized with the Yoast SEO plugin v27.4 - https:\/\/yoast.com\/product\/yoast-seo-wordpress\/ -->\n<title>Keit\u00e4 me olemme - Kanta-Hollolan Rotaryklubi<\/title>\n<meta name=\"robots\" content=\"index, follow, max-snippet:-1, max-image-preview:large, max-video-preview:-1\" \/>\n<link rel=\"canonical\" href=\"https:\/\/rotary.fi\/kantahollola\/\" \/>\n<meta property=\"og:locale\" content=\"fi_FI\" \/>\n<meta property=\"og:type\" content=\"article\" \/>\n<meta property=\"og:title\" content=\"Keit\u00e4 me olemme - Kanta-Hollolan Rotaryklubi\" \/>\n<meta property=\"og:description\" content=\"Kanta-Hollolan Rotaryklubi perustettiin v.1958 lahden ja ymp\u00e4rist\u00f6n klubiksi. Nimi on t\u00e4lt\u00e4 ajalta, jolloin Hollola, Orimattila ja Nastola olivat klubin toiminta-aluetta. Nykyisin j\u00e4senet ovat suurimmalta osin lahtelaisia. Kokoonnumme kes\u00e4aikaa lukuun ottamatta keskiviikkoisin Lahden satamaan Sibelius-talon viereen Bistro &amp; Bar Kokka - ravintolaan lounaskokoukseen tapaamaan toisiamme, kuulemaan kiinnostavia esitelmi\u00e4 eri ammattialoilta, harrastuksista ja ajankohtaisista asioista l\u00e4helt\u00e4 ja maailmalta. K\u00e4ymme vierailulla erilaisissa kohteissa, joissa saamme tietoa alan n\u00e4kymist\u00e4. Tuemme Rotary Internationalin kautta Rotaryn kansainv\u00e4lisi\u00e4 projekteja, sek\u00e4 osallistumme eri tavoin muiden paikkakunnan Rotaryklubien kanssa paikallisiin tukiprojekteihin.\" \/>\n<meta property=\"og:url\" content=\"https:\/\/rotary.fi\/kantahollola\/\" \/>\n<meta property=\"og:site_name\" content=\"Kanta-Hollolan Rotaryklubi\" \/>\n<meta property=\"article:modified_time\" content=\"2023-03-20T17:22:26+00:00\" \/>\n<meta name=\"twitter:card\" content=\"summary_large_image\" \/>\n<script type=\"application\/ld+json\" class=\"yoast-schema-graph\">{\"@context\":\"https:\\\/\\\/schema.org\",\"@graph\":[{\"@type\":\"WebPage\",\"@id\":\"https:\\\/\\\/rotary.fi\\\/kantahollola\\\/\",\"url\":\"https:\\\/\\\/rotary.fi\\\/kantahollola\\\/\",\"name\":\"Keit\u00e4 me olemme - Kanta-Hollolan Rotaryklubi\",\"isPartOf\":{\"@id\":\"https:\\\/\\\/rotary.fi\\\/kantahollola\\\/#website\"},\"datePublished\":\"2018-08-10T10:41:39+00:00\",\"dateModified\":\"2023-03-20T17:22:26+00:00\",\"breadcrumb\":{\"@id\":\"https:\\\/\\\/rotary.fi\\\/kantahollola\\\/#breadcrumb\"},\"inLanguage\":\"fi\",\"potentialAction\":[{\"@type\":\"ReadAction\",\"target\":[\"https:\\\/\\\/rotary.fi\\\/kantahollola\\\/\"]}]},{\"@type\":\"BreadcrumbList\",\"@id\":\"https:\\\/\\\/rotary.fi\\\/kantahollola\\\/#breadcrumb\",\"itemListElement\":[{\"@type\":\"ListItem\",\"position\":1,\"name\":\"Home\",\"item\":\"https:\\\/\\\/rotary.fi\\\/kantahollola\\\/\"},{\"@type\":\"ListItem\",\"position\":2,\"name\":\"Keit\u00e4 me olemme\"}]},{\"@type\":\"WebSite\",\"@id\":\"https:\\\/\\\/rotary.fi\\\/kantahollola\\\/#website\",\"url\":\"https:\\\/\\\/rotary.fi\\\/kantahollola\\\/\",\"name\":\"Kanta-Hollolan Rotaryklubi\",\"description\":\"Uusi Rotary klubisivusto\",\"potentialAction\":[{\"@type\":\"SearchAction\",\"target\":{\"@type\":\"EntryPoint\",\"urlTemplate\":\"https:\\\/\\\/rotary.fi\\\/kantahollola\\\/?s={search_term_string}\"},\"query-input\":{\"@type\":\"PropertyValueSpecification\",\"valueRequired\":true,\"valueName\":\"search_term_string\"}}],\"inLanguage\":\"fi\"}]}<\/script>\n<!-- \/ Yoast SEO plugin. -->","yoast_head_json":{"title":"Keit\u00e4 me olemme - Kanta-Hollolan Rotaryklubi","robots":{"index":"index","follow":"follow","max-snippet":"max-snippet:-1","max-image-preview":"max-image-preview:large","max-video-preview":"max-video-preview:-1"},"canonical":"https:\/\/rotary.fi\/kantahollola\/","og_locale":"fi_FI","og_type":"article","og_title":"Keit\u00e4 me olemme - Kanta-Hollolan Rotaryklubi","og_description":"Kanta-Hollolan Rotaryklubi perustettiin v.1958 lahden ja ymp\u00e4rist\u00f6n klubiksi. Nimi on t\u00e4lt\u00e4 ajalta, jolloin Hollola, Orimattila ja Nastola olivat klubin toiminta-aluetta. Nykyisin j\u00e4senet ovat suurimmalta osin lahtelaisia. Kokoonnumme kes\u00e4aikaa lukuun ottamatta keskiviikkoisin Lahden satamaan Sibelius-talon viereen Bistro &amp; Bar Kokka - ravintolaan lounaskokoukseen tapaamaan toisiamme, kuulemaan kiinnostavia esitelmi\u00e4 eri ammattialoilta, harrastuksista ja ajankohtaisista asioista l\u00e4helt\u00e4 ja maailmalta. K\u00e4ymme vierailulla erilaisissa kohteissa, joissa saamme tietoa alan n\u00e4kymist\u00e4. Tuemme Rotary Internationalin kautta Rotaryn kansainv\u00e4lisi\u00e4 projekteja, sek\u00e4 osallistumme eri tavoin muiden paikkakunnan Rotaryklubien kanssa paikallisiin tukiprojekteihin.","og_url":"https:\/\/rotary.fi\/kantahollola\/","og_site_name":"Kanta-Hollolan Rotaryklubi","article_modified_time":"2023-03-20T17:22:26+00:00","twitter_card":"summary_large_image","schema":{"@context":"https:\/\/schema.org","@graph":[{"@type":"WebPage","@id":"https:\/\/rotary.fi\/kantahollola\/","url":"https:\/\/rotary.fi\/kantahollola\/","name":"Keit\u00e4 me olemme - Kanta-Hollolan Rotaryklubi","isPartOf":{"@id":"https:\/\/rotary.fi\/kantahollola\/#website"},"datePublished":"2018-08-10T10:41:39+00:00","dateModified":"2023-03-20T17:22:26+00:00","breadcrumb":{"@id":"https:\/\/rotary.fi\/kantahollola\/#breadcrumb"},"inLanguage":"fi","potentialAction":[{"@type":"ReadAction","target":["https:\/\/rotary.fi\/kantahollola\/"]}]},{"@type":"BreadcrumbList","@id":"https:\/\/rotary.fi\/kantahollola\/#breadcrumb","itemListElement":[{"@type":"ListItem","position":1,"name":"Home","item":"https:\/\/rotary.fi\/kantahollola\/"},{"@type":"ListItem","position":2,"name":"Keit\u00e4 me olemme"}]},{"@type":"WebSite","@id":"https:\/\/rotary.fi\/kantahollola\/#website","url":"https:\/\/rotary.fi\/kantahollola\/","name":"Kanta-Hollolan Rotaryklubi","description":"Uusi Rotary klubisivusto","potentialAction":[{"@type":"SearchAction","target":{"@type":"EntryPoint","urlTemplate":"https:\/\/rotary.fi\/kantahollola\/?s={search_term_string}"},"query-input":{"@type":"PropertyValueSpecification","valueRequired":true,"valueName":"search_term_string"}}],"inLanguage":"fi"}]}},"lang":"fi","translations":{"fi":129},"pll_sync_post":[],"_links":{"self":[{"href":"https:\/\/rotary.fi\/kantahollola\/wp-json\/wp\/v2\/pages\/129","targetHints":{"allow":["GET"]}}],"collection":[{"href":"https:\/\/rotary.fi\/kantahollola\/wp-json\/wp\/v2\/pages"}],"about":[{"href":"https:\/\/rotary.fi\/kantahollola\/wp-json\/wp\/v2\/types\/page"}],"author":[{"embeddable":true,"href":"https:\/\/rotary.fi\/kantahollola\/wp-json\/wp\/v2\/users\/1"}],"replies":[{"embeddable":true,"href":"https:\/\/rotary.fi\/kantahollola\/wp-json\/wp\/v2\/comments?post=129"}],"version-history":[{"count":10,"href":"https:\/\/rotary.fi\/kantahollola\/wp-json\/wp\/v2\/pages\/129\/revisions"}],"predecessor-version":[{"id":2417,"href":"https:\/\/rotary.fi\/kantahollola\/wp-json\/wp\/v2\/pages\/129\/revisions\/2417"}],"wp:attachment":[{"href":"https:\/\/rotary.fi\/kantahollola\/wp-json\/wp\/v2\/media?parent=129"}],"curies":[{"name":"wp","href":"https:\/\/api.w.org\/{rel}","templated":true}]}}