{"id":94,"date":"2018-08-09T15:14:30","date_gmt":"2018-08-09T12:14:30","guid":{"rendered":"https:\/\/rotary.fi\/klubi2\/?page_id=94"},"modified":"2026-04-19T16:36:35","modified_gmt":"2026-04-19T13:36:35","slug":"ajankohtaiset-kevaan-2026-ohjelmakaavio","status":"publish","type":"page","link":"https:\/\/rotary.fi\/kannus\/ajankohtaiset-kevaan-2026-ohjelmakaavio\/","title":{"rendered":"Ajankohtaista"},"content":{"rendered":"<p>[et_pb_section fb_built=&#8221;1&#8243; admin_label=&#8221;section&#8221; _builder_version=&#8221;4.16&#8243; global_colors_info=&#8221;{}&#8221;][et_pb_row admin_label=&#8221;row&#8221; _builder_version=&#8221;4.16&#8243; background_size=&#8221;initial&#8221; background_position=&#8221;top_left&#8221; background_repeat=&#8221;repeat&#8221; global_colors_info=&#8221;{}&#8221;][et_pb_column type=&#8221;4_4&#8243; _builder_version=&#8221;4.16&#8243; custom_padding=&#8221;|||&#8221; global_colors_info=&#8221;{}&#8221; custom_padding__hover=&#8221;|||&#8221;][et_pb_text admin_label=&#8221;Text&#8221; _builder_version=&#8221;4.27.4&#8243; background_size=&#8221;initial&#8221; background_position=&#8221;top_left&#8221; background_repeat=&#8221;repeat&#8221; hover_enabled=&#8221;0&#8243; global_colors_info=&#8221;{}&#8221; sticky_enabled=&#8221;0&#8243;]<\/p>\n<h3>Ohjelma kev\u00e4t 2026<\/h3>\n<p>p\u00e4ivitetty 19.4.2026<\/p>\n<p>ma 12.1. Iltakokous, Ty\u00f6v\u00e4entalo, klo 18.00<br \/>ma 19.1. Lounaskokous, Jokihelmi, klo. 11.00<\/p>\n<p>pe 13.2. Yst\u00e4v\u00e4np\u00e4iv\u00e4n etkot, Ty\u00f6v\u00e4entalo, klo. 18.00<br \/>ke 18.2. Rekrymessut Juhani Vuorisen koululla<br \/>ma 23.2. Lounaskokous, Pizzeria Kebabish, Tukkitie 2, Kannus<\/p>\n<p>ma 16.3 Yritysvierailu Pihla Group, Eskola klo. 12.00<\/p>\n<p>Ke 8.4. Vierailu kirkkoon klo. 18.00<br \/>Pe-Su 10.-12.4. Rotex &#8211; entiset vaihto-oppilaat Ylikannuksen kyl\u00e4keskuksessa<br \/>Ma 13.4. Kev\u00e4tkokous, Ty\u00f6v\u00e4entalo klo. 18.00<\/p>\n<p>To 7.5. Vierailu Moottoripajalle klo. 18.00<br \/>Ma 11.5. Lounaskokous, Jokihelmi, klo. 11.00 \/ Anja T\u00f6rm\u00e4<br \/>Ke 20.5. Yritysvierailu \/ Fysiosportti-X, klo. 13.00<br \/>Ma 25.5 Lounaskokous, Jokihelmi, klo. 11.00 \/ Jukka Oravainen<\/p>\n<p>Ma 8.6. Kes\u00e4naloitusilta, Ty\u00f6v\u00e4entalo klo. 18.00<\/p>\n<h3>Ohjelma syksy 2025<\/h3>\n<p>p\u00e4ivitetty 18.11.2025<\/p>\n<p>ma 11.8. Iltakokous klo 18 ty\u00f6v\u00e4entalolla \u2013 ajankohtaiset asiat, lehtitoimikunta klo 17.00<br \/>ma 25.8. lounaskokous Jokihelmi klo 11 \u2013 lounasvieras<\/p>\n<p>ma 1.9. Yritysvierailu<br \/>ma 15.9. iltakokous klo 18 ty\u00f6v\u00e4entalo- syyskokous, vaihtajaiset<\/p>\n<p>ma 6.10. iltakokous klo 18 ty\u00f6v\u00e4entalolla, lehtitoimikunta klo 17<br \/>ma 13.10. Ulkoiluteema- makkaranpaistoa laavulla klo 17 &#8211;<br \/>ma 27.10. iltakokous ty\u00f6v\u00e4entalolla klo 18- ajankohtaiset asiat, lehtitoimikunta klo 17<\/p>\n<p>ma 17.11. iltakokous ty\u00f6v\u00e4entalolla\u00a0 klo 18<br \/>la 22.11. M\u00e4en Jouluun osallistuminen<br \/>ma 24.11. Iltakokous ty\u00f6v\u00e4entalolla, Hallitus klo. 17.00<\/p>\n<p>Joululehden jako viikolla 49<\/p>\n<p>viikolla 51 Jouluruokailu Jokihelmess\u00e4<\/p>\n<h3>Ohjelma kev\u00e4t 2025<\/h3>\n<p>p\u00e4ivitetty 24.3.2025<\/p>\n<p><b>Tammikuu<\/b><\/p>\n<p>3\u00a0 ma\u00a0 13.1.\u00a0 Viikkotapaaminen lounas, ajankohtaiset asiat<br \/>4\u00a0 ma\u00a0 20.1.\u00a0 Iltakokous 18.00 Ty\u00f6v\u00e4entalo, Saara Kallio, Lastikat ja vaihto-oppilas<\/p>\n<p><b>Helmikuu<\/b><\/p>\n<p>6\u00a0 ma\u00a0 3.2. Viikkotapaaminen lounas, vieras<br \/>8\u00a0 viikolla vierailu Kati Oy:lle<br \/>9 ma 24.2 Iltakokous 18.00 Ty\u00f6v\u00e4entalo, Lastikat + vaihto-oppilas<\/p>\n<p><b>Maaliskuu<\/b><\/p>\n<p>10\u00a0 ma\u00a0 3.3.\u00a0 Lounaskokous<br \/>12\u00a0 ma\u00a0 17.3. Vierailu KPEDU Kokkola<br \/>13\u00a0 ma\u00a0 24.3.\u00a0 Iltakokous 18.00 Ty\u00f6v\u00e4entalo, Eero Hanni, Kannus-seura, M\u00e4kiraonm\u00e4en esittely<\/p>\n<p><b>Huhtikuu<\/b><\/p>\n<p>14\u00a0 ma\u00a0 7.4. Viikkotapaaminen lounas, vieraana Jussi Niinist\u00f6<br \/>16\u00a0 ma\u00a0 17.4. Kiirastorstain iltakirkko<\/p>\n<p><b>Toukokuu<\/b><\/p>\n<p>19\u00a0 ma\u00a0 5.5 Viikkotapaaminen lounas, mahdollisesti lounasvieras<br \/>20\u00a0 ma\u00a0 12.5. IIltakokous, Kev\u00e4tkokous ja P\u00e4ivin USA:n matkakertomus<br \/>21\u00a0 ma\u00a0 19.5. Viikkotapaaminen lounas, vieraana Johanna Rautakoski<\/p>\n<p><b>Kes\u00e4kuu<\/b><\/p>\n<p>23\u00a0 ma 2.6.\u00a0 Kes\u00e4naloitusjuhla &#8211; ty\u00f6v\u00e4entalolla<br \/>24\u00a0 ti 10.6.\u00a0 \u00a0Kalajoen Rotaryklubin vieraana Pleunan laavulla Siiponjoella.<\/p>\n<p>Hein\u00e4kuu vaihtajaiset<\/p>\n<h3>Ohjelma syksy 2024<\/h3>\n<p><span style=\"font-weight: 400\">p\u00e4ivitetty 6.11.2024<\/span><\/p>\n<p><b>Elokuu<\/b><\/p>\n<p><span style=\"font-weight: 400\">32 ma 5.8. Viikkotapaaminen lounas, ajankohtaiset asiat<br \/><\/span><span style=\"font-weight: 400\">33 ma 12.8. Iltakokous 18.00 Ty\u00f6v\u00e4entalo, joululehden valmistelut<br \/><\/span><span style=\"font-weight: 400\">34 ma 19.8. Iltakokous 18.00 Ty\u00f6v\u00e4entalo, Joululehtitoimikunta 17.00.<\/span><\/p>\n<p><b>Syyskuu<\/b><\/p>\n<p><span style=\"font-weight: 400\">36 ma.\u00a0 2.9. Lounastapaaminen<br \/><\/span><span style=\"font-weight: 400\">37 ma\u00a0 9.9. Iltakokous 18.00 Ty\u00f6v\u00e4entalo<br \/><\/span><span style=\"font-weight: 400\">38 ma.16.9 Yritysvierailu<\/span><span style=\"font-weight: 400\"><br \/><\/span><span style=\"font-weight: 400\">39 pe 27.9\u00a0 Syyskokous, vaihtajaiset 18.00 Ty\u00f6v\u00e4entalo, talousarvio, valitaan seuran toimihenkil\u00f6t, juhlistetaan joululehden 40 v.<br \/><\/span><span style=\"font-weight: 400\">40 ma 30. 9. Lounaskokous Jokihelmi<\/span><\/p>\n<p><b>Lokakuu<\/b><\/p>\n<p><span style=\"font-weight: 400\">41 ma\u00a0 7.10. Iltakokous 18.00 vieraana Saara Kallio<br \/><\/span><span style=\"font-weight: 400\">42 ma 14.10. Syyslomaviikko<br \/><\/span><span style=\"font-weight: 400\">43 ma 21.10. Ulkoiluviikko \/ kulttuuriviikko ( koko perhe, luontopolku)<\/span><\/p>\n<p><b>Marraskuu<\/b><\/p>\n<p><span style=\"font-weight: 400\">44 ma 28.10 Viikkotapaaminen lounas<br \/><\/span><span style=\"font-weight: 400\">45 ma \u00a0 4.11. Iltakokous 18.00 Ty\u00f6v\u00e4entalo vieraana Iina Lastikka<br \/><\/span><span style=\"font-weight: 400\">46 ma 11.11. Viikkotapaaminen lounas \/ yritysvierailu<br \/><\/span><span style=\"font-weight: 400\">47 ma 18.11. Yritysvierailu \/ Hoivakunnas 17.00<br \/><\/span><span style=\"font-weight: 400\">48 ma 25.11. Kokous ( Joululehden jakaminen, aikataulu, jakoalueet ), Anne Raatikainen, Hyvinvoiva Kannus 2 -hanke.<\/span><\/p>\n<p><b>Joulukuu<\/b><\/p>\n<p><span style=\"font-weight: 400\">49 ma 2.12. Viikkotapaaminen lounas \/ Joululehden jakoviikko<br \/><\/span><span style=\"font-weight: 400\">50 to 12.12. Joululounas \/ Jokihelmi\u00a0\u00a0<\/span><\/p>\n<p>&nbsp;<\/p>\n<h3>Ohjelma kev\u00e4t 2024<br \/><span style=\"color: #263b4c\"><span style=\"font-family: Open Sans, serif\"><span style=\"font-size: medium\">p\u00e4ivitetty 20.2.2024<\/span><\/span><\/span><\/h3>\n<p><span style=\"color: #263b4c\"><span style=\"font-family: Open Sans, serif\"><span style=\"font-size: medium\">Tammikuu<br \/><\/span><\/span><\/span><\/p>\n<p><span style=\"color: #263b4c\"><span style=\"font-family: Open Sans, serif\"><span style=\"font-size: medium\">Tammikuu<br \/>15.1. ma Lounastapaaminen<br \/><\/span><\/span><\/span><span style=\"color: #263b4c\"><span style=\"font-family: Open Sans, serif\"><span style=\"font-size: medium\">22.1. ma Iltakokous \/ Ty\u00f6v\u00e4entalo\u00a0<\/span><\/span><\/span><\/p>\n<p><span style=\"color: #263b4c\"><span style=\"font-family: Open Sans, serif\"><span style=\"font-size: medium\">Helmikuu<br \/>5.2. ma Iltakokous \/ Ty\u00f6v\u00e4entalo \/ Stipendien l\u00e4pik\u00e4ynti \/ Julie Bas, Ranska-esitys<br \/>15.2. to prePETS webinaari klubivirkailijoille<br \/>19.2. ma Lounastapaaminen \/ Vierailija<br \/><\/span><\/span><\/span><span style=\"color: #263b4c\"><span style=\"font-family: Open Sans, serif\"><span style=\"font-size: medium\">26.2. ma Lounastapaaminen <\/span><\/span><\/span><\/p>\n<p><span style=\"color: #263b4c\"><span style=\"font-family: Open Sans, serif\"><span style=\"font-size: medium\">Maaliskuu<br \/>4.3. ma Iltakokous \/ Janne Jukkola, kansanedustaja<br \/><\/span><\/span><\/span><span style=\"color: #263b4c\"><span style=\"font-family: Open Sans, serif\"><span style=\"font-size: medium\">11.3. ma Lounastapaaminen<br \/>18.3. ma Lounastapaaminen \/ KPEDUn yhtym\u00e4johtaja Ari Maunuksela<br \/>25.3. ma Vierailu Korpelan Voimalle klo. 18.00 \/ Kes\u00e4vaihto-oppilas \/ Is\u00e4nt\u00e4perhe Lastikka<\/span><\/span><\/span><\/p>\n<p>Huhtikuu<br \/>15.4. ma Iltakokous \/ Ty\u00f6v\u00e4entalo<br \/>22.4. ma Lounastapaaminen \/ Jokihelmi<br \/>29.4. ma Iltakokous \/ kev\u00e4tkokousvalmistelut, Ty\u00f6v\u00e4entalo<\/p>\n<p>Toukokuu<br \/>6.5. ma Yritysvierailu, mahdollisesti Motorset klo. 17.30.<br \/>13.5. ma Lounastapaaminen\u00a0 \/ Jokihelmi<br \/>20.5. ma Kev\u00e4tkokous \/ Ty\u00f6v\u00e4entalo<\/p>\n<p>Kes\u00e4kuu<br \/>ma 3.6. Lounastapaaminen\u00a0 \/ Jokihelmi, mukana vaihto-oppias Julie Bas<br \/>ma 10.6. Lounastapaaminen\u00a0 \/ Jokihelmi<\/p>\n<p>&nbsp;<\/p>\n<p>[\/et_pb_text][\/et_pb_column][\/et_pb_row][\/et_pb_section]<\/p>\n","protected":false},"excerpt":{"rendered":"<p>Ohjelma kev\u00e4t 2026 p\u00e4ivitetty 19.4.2026 ma 12.1. Iltakokous, Ty\u00f6v\u00e4entalo, klo 18.00ma 19.1. Lounaskokous, Jokihelmi, klo. 11.00 pe 13.2. Yst\u00e4v\u00e4np\u00e4iv\u00e4n etkot, Ty\u00f6v\u00e4entalo, klo. 18.00ke 18.2. Rekrymessut Juhani Vuorisen koulullama 23.2. Lounaskokous, Pizzeria Kebabish, Tukkitie 2, Kannus ma 16.3 Yritysvierailu Pihla Group, Eskola klo. 12.00 Ke 8.4. Vierailu kirkkoon klo. 18.00Pe-Su 10.-12.4. Rotex &#8211; entiset vaihto-oppilaat Ylikannuksen [&hellip;]<\/p>\n","protected":false},"author":1,"featured_media":0,"parent":0,"menu_order":0,"comment_status":"closed","ping_status":"closed","template":"","meta":{"_acf_changed":false,"_et_pb_use_builder":"on","_et_pb_old_content":"<h3>Ohjelma kev\u00e4t 2022<\/h3>\r\np\u00e4ivitetty 24.1.2022\r\n\r\nvk\u00a0 Tammikuu\r\n3 18.1. Hallituksen kokous\r\n4 24.1. Lounastapaaminen klo 11 joululehti, toim.ohjelma, kuulumiset\r\n\r\nHelmikuu\r\n6 7.2. Lounastapaaminen klo 11 Kulttuuri- ja tapahtumakoord. Ville Mattila\r\n8 21.2. Iltakokous klo 18 (avec) esitelm\u00e4, Sari (rintasy\u00f6p\u00e4, uusinta \u201dyleis\u00f6n pyynn\u00f6st\u00e4\u201d)\r\n9 Tutustumisk\u00e4ynti uuteen opetusnavettaan Jorma kysyy, ajankohta mahdollsesti my\u00f6hemmin\r\n\r\nMaaliskuu\r\n10 7.3. Iltakokous klo 18 (avec) Johanna Vakkuri (JR kysyy)\r\n12 pvm ? Ulkoiluviikko\r\n\r\nHuhtikuu\r\n15 11.4. Iltakokous klo 18 (avec) Emilia Hirvi & hyvinvointijohtaja\r\n17 25.4. Vierailu: Kitinkannus (Sari)\r\n\r\nToukokuu\r\n19 9.5. Lounastapaaminen klo 11\r\n20 16.5. KEV\u00c4TKOKOUS klo 19\r\n21 23.5. Iltakokous klo 18 (avec) esitelm\u00e4 (joku uusi aluevaltuutettu?)\r\n\r\nKes\u00e4kuu\r\n23 ma 6.6. Lounastapaaminen klo 11\r\n24 VAIHTAJAISET \/ kes\u00e4juhla (mahdollisesti vasta syyskuussa)\r\n\r\n\u00a0","_et_gb_content_width":"","footnotes":""},"class_list":["post-94","page","type-page","status-publish","hentry"],"acf":[],"yoast_head":"<!-- This site is optimized with the Yoast SEO plugin v27.4 - https:\/\/yoast.com\/product\/yoast-seo-wordpress\/ -->\n<title>Ajankohtaista - Kannuksen Rotaryklubi<\/title>\n<meta name=\"robots\" content=\"index, follow, max-snippet:-1, max-image-preview:large, max-video-preview:-1\" \/>\n<link rel=\"canonical\" href=\"https:\/\/rotary.fi\/kannus\/ajankohtaiset-kevaan-2026-ohjelmakaavio\/\" \/>\n<meta property=\"og:locale\" content=\"fi_FI\" \/>\n<meta property=\"og:type\" content=\"article\" \/>\n<meta property=\"og:title\" content=\"Ajankohtaista - Kannuksen Rotaryklubi\" \/>\n<meta property=\"og:description\" content=\"Ohjelma kev\u00e4t 2026 p\u00e4ivitetty 19.4.2026 ma 12.1. Iltakokous, Ty\u00f6v\u00e4entalo, klo 18.00ma 19.1. Lounaskokous, Jokihelmi, klo. 11.00 pe 13.2. Yst\u00e4v\u00e4np\u00e4iv\u00e4n etkot, Ty\u00f6v\u00e4entalo, klo. 18.00ke 18.2. Rekrymessut Juhani Vuorisen koulullama 23.2. Lounaskokous, Pizzeria Kebabish, Tukkitie 2, Kannus ma 16.3 Yritysvierailu Pihla Group, Eskola klo. 12.00 Ke 8.4. Vierailu kirkkoon klo. 18.00Pe-Su 10.-12.4. Rotex - entiset vaihto-oppilaat Ylikannuksen [&hellip;]\" \/>\n<meta property=\"og:url\" content=\"https:\/\/rotary.fi\/kannus\/ajankohtaiset-kevaan-2026-ohjelmakaavio\/\" \/>\n<meta property=\"og:site_name\" content=\"Kannuksen Rotaryklubi\" \/>\n<meta property=\"article:modified_time\" content=\"2026-04-19T13:36:35+00:00\" \/>\n<meta name=\"twitter:card\" content=\"summary_large_image\" \/>\n<meta name=\"twitter:label1\" content=\"Arvioitu lukuaika\" \/>\n\t<meta name=\"twitter:data1\" content=\"4 minuuttia\" \/>\n<script type=\"application\/ld+json\" class=\"yoast-schema-graph\">{\"@context\":\"https:\\\/\\\/schema.org\",\"@graph\":[{\"@type\":\"WebPage\",\"@id\":\"https:\\\/\\\/rotary.fi\\\/kannus\\\/ajankohtaiset-kevaan-2026-ohjelmakaavio\\\/\",\"url\":\"https:\\\/\\\/rotary.fi\\\/kannus\\\/ajankohtaiset-kevaan-2026-ohjelmakaavio\\\/\",\"name\":\"Ajankohtaista - Kannuksen Rotaryklubi\",\"isPartOf\":{\"@id\":\"https:\\\/\\\/rotary.fi\\\/kannus\\\/#website\"},\"datePublished\":\"2018-08-09T12:14:30+00:00\",\"dateModified\":\"2026-04-19T13:36:35+00:00\",\"breadcrumb\":{\"@id\":\"https:\\\/\\\/rotary.fi\\\/kannus\\\/ajankohtaiset-kevaan-2026-ohjelmakaavio\\\/#breadcrumb\"},\"inLanguage\":\"fi\",\"potentialAction\":[{\"@type\":\"ReadAction\",\"target\":[\"https:\\\/\\\/rotary.fi\\\/kannus\\\/ajankohtaiset-kevaan-2026-ohjelmakaavio\\\/\"]}]},{\"@type\":\"BreadcrumbList\",\"@id\":\"https:\\\/\\\/rotary.fi\\\/kannus\\\/ajankohtaiset-kevaan-2026-ohjelmakaavio\\\/#breadcrumb\",\"itemListElement\":[{\"@type\":\"ListItem\",\"position\":1,\"name\":\"Home\",\"item\":\"https:\\\/\\\/rotary.fi\\\/kannus\\\/\"},{\"@type\":\"ListItem\",\"position\":2,\"name\":\"Ajankohtaista\"}]},{\"@type\":\"WebSite\",\"@id\":\"https:\\\/\\\/rotary.fi\\\/kannus\\\/#website\",\"url\":\"https:\\\/\\\/rotary.fi\\\/kannus\\\/\",\"name\":\"Kannuksen Rotaryklubi\",\"description\":\"Uusi Rotary klubisivusto\",\"potentialAction\":[{\"@type\":\"SearchAction\",\"target\":{\"@type\":\"EntryPoint\",\"urlTemplate\":\"https:\\\/\\\/rotary.fi\\\/kannus\\\/?s={search_term_string}\"},\"query-input\":{\"@type\":\"PropertyValueSpecification\",\"valueRequired\":true,\"valueName\":\"search_term_string\"}}],\"inLanguage\":\"fi\"}]}<\/script>\n<!-- \/ Yoast SEO plugin. -->","yoast_head_json":{"title":"Ajankohtaista - Kannuksen Rotaryklubi","robots":{"index":"index","follow":"follow","max-snippet":"max-snippet:-1","max-image-preview":"max-image-preview:large","max-video-preview":"max-video-preview:-1"},"canonical":"https:\/\/rotary.fi\/kannus\/ajankohtaiset-kevaan-2026-ohjelmakaavio\/","og_locale":"fi_FI","og_type":"article","og_title":"Ajankohtaista - Kannuksen Rotaryklubi","og_description":"Ohjelma kev\u00e4t 2026 p\u00e4ivitetty 19.4.2026 ma 12.1. Iltakokous, Ty\u00f6v\u00e4entalo, klo 18.00ma 19.1. Lounaskokous, Jokihelmi, klo. 11.00 pe 13.2. Yst\u00e4v\u00e4np\u00e4iv\u00e4n etkot, Ty\u00f6v\u00e4entalo, klo. 18.00ke 18.2. Rekrymessut Juhani Vuorisen koulullama 23.2. Lounaskokous, Pizzeria Kebabish, Tukkitie 2, Kannus ma 16.3 Yritysvierailu Pihla Group, Eskola klo. 12.00 Ke 8.4. Vierailu kirkkoon klo. 18.00Pe-Su 10.-12.4. Rotex - entiset vaihto-oppilaat Ylikannuksen [&hellip;]","og_url":"https:\/\/rotary.fi\/kannus\/ajankohtaiset-kevaan-2026-ohjelmakaavio\/","og_site_name":"Kannuksen Rotaryklubi","article_modified_time":"2026-04-19T13:36:35+00:00","twitter_card":"summary_large_image","twitter_misc":{"Arvioitu lukuaika":"4 minuuttia"},"schema":{"@context":"https:\/\/schema.org","@graph":[{"@type":"WebPage","@id":"https:\/\/rotary.fi\/kannus\/ajankohtaiset-kevaan-2026-ohjelmakaavio\/","url":"https:\/\/rotary.fi\/kannus\/ajankohtaiset-kevaan-2026-ohjelmakaavio\/","name":"Ajankohtaista - Kannuksen Rotaryklubi","isPartOf":{"@id":"https:\/\/rotary.fi\/kannus\/#website"},"datePublished":"2018-08-09T12:14:30+00:00","dateModified":"2026-04-19T13:36:35+00:00","breadcrumb":{"@id":"https:\/\/rotary.fi\/kannus\/ajankohtaiset-kevaan-2026-ohjelmakaavio\/#breadcrumb"},"inLanguage":"fi","potentialAction":[{"@type":"ReadAction","target":["https:\/\/rotary.fi\/kannus\/ajankohtaiset-kevaan-2026-ohjelmakaavio\/"]}]},{"@type":"BreadcrumbList","@id":"https:\/\/rotary.fi\/kannus\/ajankohtaiset-kevaan-2026-ohjelmakaavio\/#breadcrumb","itemListElement":[{"@type":"ListItem","position":1,"name":"Home","item":"https:\/\/rotary.fi\/kannus\/"},{"@type":"ListItem","position":2,"name":"Ajankohtaista"}]},{"@type":"WebSite","@id":"https:\/\/rotary.fi\/kannus\/#website","url":"https:\/\/rotary.fi\/kannus\/","name":"Kannuksen Rotaryklubi","description":"Uusi Rotary klubisivusto","potentialAction":[{"@type":"SearchAction","target":{"@type":"EntryPoint","urlTemplate":"https:\/\/rotary.fi\/kannus\/?s={search_term_string}"},"query-input":{"@type":"PropertyValueSpecification","valueRequired":true,"valueName":"search_term_string"}}],"inLanguage":"fi"}]}},"lang":"fi","translations":{"fi":94},"pll_sync_post":[],"_links":{"self":[{"href":"https:\/\/rotary.fi\/kannus\/wp-json\/wp\/v2\/pages\/94","targetHints":{"allow":["GET"]}}],"collection":[{"href":"https:\/\/rotary.fi\/kannus\/wp-json\/wp\/v2\/pages"}],"about":[{"href":"https:\/\/rotary.fi\/kannus\/wp-json\/wp\/v2\/types\/page"}],"author":[{"embeddable":true,"href":"https:\/\/rotary.fi\/kannus\/wp-json\/wp\/v2\/users\/1"}],"replies":[{"embeddable":true,"href":"https:\/\/rotary.fi\/kannus\/wp-json\/wp\/v2\/comments?post=94"}],"version-history":[{"count":11,"href":"https:\/\/rotary.fi\/kannus\/wp-json\/wp\/v2\/pages\/94\/revisions"}],"predecessor-version":[{"id":2020,"href":"https:\/\/rotary.fi\/kannus\/wp-json\/wp\/v2\/pages\/94\/revisions\/2020"}],"wp:attachment":[{"href":"https:\/\/rotary.fi\/kannus\/wp-json\/wp\/v2\/media?parent=94"}],"curies":[{"name":"wp","href":"https:\/\/api.w.org\/{rel}","templated":true}]}}