{"id":156,"date":"2018-08-13T09:46:59","date_gmt":"2018-08-13T06:46:59","guid":{"rendered":"https:\/\/rotary.fi\/kannus\/?page_id=156"},"modified":"2025-12-21T20:14:35","modified_gmt":"2025-12-21T18:14:35","slug":"projektit","status":"publish","type":"page","link":"https:\/\/rotary.fi\/kannus\/mita-teemme\/projektit\/","title":{"rendered":"Projektit"},"content":{"rendered":"<p>[et_pb_section fb_built=&#8221;1&#8243; module_class=&#8221;jumbotron-page&#8221; _builder_version=&#8221;4.16&#8243; background_image=&#8221;https:\/\/rotary.fi\/kannus\/wp-content\/uploads\/sites\/142\/2018\/08\/rotary_klubit_alasivu_paakuva_5.jpg&#8221; global_colors_info=&#8221;{}&#8221;][et_pb_row _builder_version=&#8221;4.16&#8243; background_size=&#8221;initial&#8221; background_position=&#8221;top_left&#8221; background_repeat=&#8221;repeat&#8221; global_colors_info=&#8221;{}&#8221;][et_pb_column type=&#8221;4_4&#8243; _builder_version=&#8221;4.16&#8243; custom_padding=&#8221;|||&#8221; global_colors_info=&#8221;{}&#8221; custom_padding__hover=&#8221;|||&#8221;][et_pb_text admin_label=&#8221;P\u00e4\u00e4otsikko&#8221; _builder_version=&#8221;4.16&#8243; text_orientation=&#8221;center&#8221; background_layout=&#8221;dark&#8221; global_colors_info=&#8221;{}&#8221;]<\/p>\n<h1>Projektit<\/h1>\n<p>[\/et_pb_text][\/et_pb_column][\/et_pb_row][\/et_pb_section][et_pb_section fb_built=&#8221;1&#8243; specialty=&#8221;on&#8221; module_class_2=&#8221;sivupalkki&#8221; _builder_version=&#8221;4.16&#8243; inner_max_width=&#8221;none&#8221; global_colors_info=&#8221;{}&#8221;][et_pb_column type=&#8221;2_3&#8243; specialty_columns=&#8221;2&#8243; _builder_version=&#8221;4.16&#8243; custom_padding=&#8221;|||&#8221; global_colors_info=&#8221;{}&#8221; custom_padding__hover=&#8221;|||&#8221;][et_pb_row_inner admin_label=&#8221;Rivi&#8221; _builder_version=&#8221;4.16&#8243; global_colors_info=&#8221;{}&#8221;][et_pb_column_inner saved_specialty_column_type=&#8221;2_3&#8243; _builder_version=&#8221;4.16&#8243; custom_padding=&#8221;|||&#8221; global_colors_info=&#8221;{}&#8221; custom_padding__hover=&#8221;|||&#8221;][et_pb_text admin_label=&#8221;Projektit &#8211; Otsikko&#8221; _builder_version=&#8221;4.16&#8243; text_orientation=&#8221;center&#8221; global_colors_info=&#8221;{}&#8221;]<\/p>\n<h1>Projektit<\/h1>\n<p>[\/et_pb_text][et_pb_text _builder_version=&#8221;4.16&#8243; z_index_tablet=&#8221;500&#8243; global_colors_info=&#8221;{}&#8221;]<\/p>\n<p>Kannuksen\u00a0 Rotaryklubin suurin jokavuotinen projekti on Kannuksen Joulu -lehden tekeminen. Lehti ilmestyy vuosittain itsen\u00e4isyysp\u00e4iv\u00e4n tienoilla ja se jaetaan rotareiden toimesta jokaiseen talouteen Kannuksessa. Lehti on ilmainen, mutta sen mukana tulee pankkisiirtolomake, jolla jokainen lehden lukija voi suorittaa vapaaehtoisen maksun rotareiden tilille. Lehte\u00e4 voi tilata my\u00f6s Kannuksen ulkopuolelle tai sen voi ladata itselleen s\u00e4hk\u00f6isen\u00e4. Lehdest\u00e4 saatavat tulot k\u00e4ytet\u00e4\u00e4n hyv\u00e4ntekev\u00e4isyyteen, p\u00e4\u00e4asiassa paikallisesti, mutta my\u00f6s kansainv\u00e4lisesti.<\/p>\n<p>[\/et_pb_text][et_pb_image src=&#8221;https:\/\/rotary.fi\/kannus\/wp-content\/uploads\/sites\/142\/2025\/12\/kannuksen-joulu-2025-kansi-212&#215;300.jpg&#8221; title_text=&#8221;Kannuksen joulu 2025_kansi&#8221; url=&#8221;https:\/\/drive.google.com\/file\/d\/1uyVd4bLgUnSZtypNq0oCQsez6Z4zx-g-\/view?usp=drivesdk&#8221; _builder_version=&#8221;4.27.4&#8243; _module_preset=&#8221;default&#8221; hover_enabled=&#8221;0&#8243; global_colors_info=&#8221;{}&#8221; sticky_enabled=&#8221;0&#8243;][\/et_pb_image][et_pb_text _builder_version=&#8221;4.27.4&#8243; _module_preset=&#8221;default&#8221; global_colors_info=&#8221;{}&#8221;]<\/p>\n<p><a href=\"https:\/\/drive.google.com\/file\/d\/1uyVd4bLgUnSZtypNq0oCQsez6Z4zx-g-\/view?usp=drivesdk\">Kannuksen Joulu 2025 -lehti nyt my\u00f6s PDF -tiedostona.<\/a><\/p>\n<p>Digilehdest\u00e4 pyyd\u00e4mme 5 euron kannatusmaksua Kannuksen Rotaryklubin tilille:<br \/>Kannuksen Rotaryklubi ry<br \/>FI76 5108 0220 1114 96<br \/>Viitenumero 1232<\/p>\n<p>[\/et_pb_text][\/et_pb_column_inner][\/et_pb_row_inner][\/et_pb_column][et_pb_column type=&#8221;1_3&#8243; _builder_version=&#8221;4.16&#8243; custom_padding=&#8221;|||&#8221; global_colors_info=&#8221;{}&#8221; custom_padding__hover=&#8221;|||&#8221;][et_pb_sidebar area=&#8221;sidebar-1&#8243; module_class=&#8221;sivupalkki_sisalto&#8221; _builder_version=&#8221;4.16&#8243; locked=&#8221;on&#8221; global_colors_info=&#8221;{}&#8221;]<br \/>\n[\/et_pb_sidebar][\/et_pb_column][\/et_pb_section]<\/p>\n","protected":false},"excerpt":{"rendered":"<p>Projektit Projektit Kannuksen\u00a0 Rotaryklubin suurin jokavuotinen projekti on Kannuksen Joulu -lehden tekeminen. Lehti ilmestyy vuosittain itsen\u00e4isyysp\u00e4iv\u00e4n tienoilla ja se jaetaan rotareiden toimesta jokaiseen talouteen Kannuksessa. Lehti on ilmainen, mutta sen mukana tulee pankkisiirtolomake, jolla jokainen lehden lukija voi suorittaa vapaaehtoisen maksun rotareiden tilille. Lehte\u00e4 voi tilata my\u00f6s Kannuksen ulkopuolelle tai sen voi ladata itselleen s\u00e4hk\u00f6isen\u00e4. [&hellip;]<\/p>\n","protected":false},"author":1,"featured_media":0,"parent":77,"menu_order":0,"comment_status":"closed","ping_status":"closed","template":"","meta":{"_acf_changed":false,"_et_pb_use_builder":"on","_et_pb_old_content":"","_et_gb_content_width":"","footnotes":""},"class_list":["post-156","page","type-page","status-publish","hentry"],"acf":[],"yoast_head":"<!-- This site is optimized with the Yoast SEO plugin v27.4 - https:\/\/yoast.com\/product\/yoast-seo-wordpress\/ -->\n<title>Projektit - Kannuksen Rotaryklubi<\/title>\n<meta name=\"robots\" content=\"index, follow, max-snippet:-1, max-image-preview:large, max-video-preview:-1\" \/>\n<link rel=\"canonical\" href=\"https:\/\/rotary.fi\/kannus\/mita-teemme\/projektit\/\" \/>\n<meta property=\"og:locale\" content=\"fi_FI\" \/>\n<meta property=\"og:type\" content=\"article\" \/>\n<meta property=\"og:title\" content=\"Projektit - Kannuksen Rotaryklubi\" \/>\n<meta property=\"og:description\" content=\"Projektit Projektit Kannuksen\u00a0 Rotaryklubin suurin jokavuotinen projekti on Kannuksen Joulu -lehden tekeminen. Lehti ilmestyy vuosittain itsen\u00e4isyysp\u00e4iv\u00e4n tienoilla ja se jaetaan rotareiden toimesta jokaiseen talouteen Kannuksessa. Lehti on ilmainen, mutta sen mukana tulee pankkisiirtolomake, jolla jokainen lehden lukija voi suorittaa vapaaehtoisen maksun rotareiden tilille. Lehte\u00e4 voi tilata my\u00f6s Kannuksen ulkopuolelle tai sen voi ladata itselleen s\u00e4hk\u00f6isen\u00e4. [&hellip;]\" \/>\n<meta property=\"og:url\" content=\"https:\/\/rotary.fi\/kannus\/mita-teemme\/projektit\/\" \/>\n<meta property=\"og:site_name\" content=\"Kannuksen Rotaryklubi\" \/>\n<meta property=\"article:modified_time\" content=\"2025-12-21T18:14:35+00:00\" \/>\n<meta name=\"twitter:card\" content=\"summary_large_image\" \/>\n<meta name=\"twitter:label1\" content=\"Arvioitu lukuaika\" \/>\n\t<meta name=\"twitter:data1\" content=\"2 minuuttia\" \/>\n<script type=\"application\/ld+json\" class=\"yoast-schema-graph\">{\"@context\":\"https:\\\/\\\/schema.org\",\"@graph\":[{\"@type\":\"WebPage\",\"@id\":\"https:\\\/\\\/rotary.fi\\\/kannus\\\/mita-teemme\\\/projektit\\\/\",\"url\":\"https:\\\/\\\/rotary.fi\\\/kannus\\\/mita-teemme\\\/projektit\\\/\",\"name\":\"Projektit - Kannuksen Rotaryklubi\",\"isPartOf\":{\"@id\":\"https:\\\/\\\/rotary.fi\\\/kannus\\\/#website\"},\"datePublished\":\"2018-08-13T06:46:59+00:00\",\"dateModified\":\"2025-12-21T18:14:35+00:00\",\"breadcrumb\":{\"@id\":\"https:\\\/\\\/rotary.fi\\\/kannus\\\/mita-teemme\\\/projektit\\\/#breadcrumb\"},\"inLanguage\":\"fi\",\"potentialAction\":[{\"@type\":\"ReadAction\",\"target\":[\"https:\\\/\\\/rotary.fi\\\/kannus\\\/mita-teemme\\\/projektit\\\/\"]}]},{\"@type\":\"BreadcrumbList\",\"@id\":\"https:\\\/\\\/rotary.fi\\\/kannus\\\/mita-teemme\\\/projektit\\\/#breadcrumb\",\"itemListElement\":[{\"@type\":\"ListItem\",\"position\":1,\"name\":\"Home\",\"item\":\"https:\\\/\\\/rotary.fi\\\/kannus\\\/\"},{\"@type\":\"ListItem\",\"position\":2,\"name\":\"Mit\u00e4 teemme\",\"item\":\"https:\\\/\\\/rotary.fi\\\/kannus\\\/mita-teemme\\\/\"},{\"@type\":\"ListItem\",\"position\":3,\"name\":\"Projektit\"}]},{\"@type\":\"WebSite\",\"@id\":\"https:\\\/\\\/rotary.fi\\\/kannus\\\/#website\",\"url\":\"https:\\\/\\\/rotary.fi\\\/kannus\\\/\",\"name\":\"Kannuksen Rotaryklubi\",\"description\":\"Uusi Rotary klubisivusto\",\"potentialAction\":[{\"@type\":\"SearchAction\",\"target\":{\"@type\":\"EntryPoint\",\"urlTemplate\":\"https:\\\/\\\/rotary.fi\\\/kannus\\\/?s={search_term_string}\"},\"query-input\":{\"@type\":\"PropertyValueSpecification\",\"valueRequired\":true,\"valueName\":\"search_term_string\"}}],\"inLanguage\":\"fi\"}]}<\/script>\n<!-- \/ Yoast SEO plugin. -->","yoast_head_json":{"title":"Projektit - Kannuksen Rotaryklubi","robots":{"index":"index","follow":"follow","max-snippet":"max-snippet:-1","max-image-preview":"max-image-preview:large","max-video-preview":"max-video-preview:-1"},"canonical":"https:\/\/rotary.fi\/kannus\/mita-teemme\/projektit\/","og_locale":"fi_FI","og_type":"article","og_title":"Projektit - Kannuksen Rotaryklubi","og_description":"Projektit Projektit Kannuksen\u00a0 Rotaryklubin suurin jokavuotinen projekti on Kannuksen Joulu -lehden tekeminen. Lehti ilmestyy vuosittain itsen\u00e4isyysp\u00e4iv\u00e4n tienoilla ja se jaetaan rotareiden toimesta jokaiseen talouteen Kannuksessa. Lehti on ilmainen, mutta sen mukana tulee pankkisiirtolomake, jolla jokainen lehden lukija voi suorittaa vapaaehtoisen maksun rotareiden tilille. Lehte\u00e4 voi tilata my\u00f6s Kannuksen ulkopuolelle tai sen voi ladata itselleen s\u00e4hk\u00f6isen\u00e4. [&hellip;]","og_url":"https:\/\/rotary.fi\/kannus\/mita-teemme\/projektit\/","og_site_name":"Kannuksen Rotaryklubi","article_modified_time":"2025-12-21T18:14:35+00:00","twitter_card":"summary_large_image","twitter_misc":{"Arvioitu lukuaika":"2 minuuttia"},"schema":{"@context":"https:\/\/schema.org","@graph":[{"@type":"WebPage","@id":"https:\/\/rotary.fi\/kannus\/mita-teemme\/projektit\/","url":"https:\/\/rotary.fi\/kannus\/mita-teemme\/projektit\/","name":"Projektit - Kannuksen Rotaryklubi","isPartOf":{"@id":"https:\/\/rotary.fi\/kannus\/#website"},"datePublished":"2018-08-13T06:46:59+00:00","dateModified":"2025-12-21T18:14:35+00:00","breadcrumb":{"@id":"https:\/\/rotary.fi\/kannus\/mita-teemme\/projektit\/#breadcrumb"},"inLanguage":"fi","potentialAction":[{"@type":"ReadAction","target":["https:\/\/rotary.fi\/kannus\/mita-teemme\/projektit\/"]}]},{"@type":"BreadcrumbList","@id":"https:\/\/rotary.fi\/kannus\/mita-teemme\/projektit\/#breadcrumb","itemListElement":[{"@type":"ListItem","position":1,"name":"Home","item":"https:\/\/rotary.fi\/kannus\/"},{"@type":"ListItem","position":2,"name":"Mit\u00e4 teemme","item":"https:\/\/rotary.fi\/kannus\/mita-teemme\/"},{"@type":"ListItem","position":3,"name":"Projektit"}]},{"@type":"WebSite","@id":"https:\/\/rotary.fi\/kannus\/#website","url":"https:\/\/rotary.fi\/kannus\/","name":"Kannuksen Rotaryklubi","description":"Uusi Rotary klubisivusto","potentialAction":[{"@type":"SearchAction","target":{"@type":"EntryPoint","urlTemplate":"https:\/\/rotary.fi\/kannus\/?s={search_term_string}"},"query-input":{"@type":"PropertyValueSpecification","valueRequired":true,"valueName":"search_term_string"}}],"inLanguage":"fi"}]}},"lang":"fi","translations":{"fi":156},"pll_sync_post":[],"_links":{"self":[{"href":"https:\/\/rotary.fi\/kannus\/wp-json\/wp\/v2\/pages\/156","targetHints":{"allow":["GET"]}}],"collection":[{"href":"https:\/\/rotary.fi\/kannus\/wp-json\/wp\/v2\/pages"}],"about":[{"href":"https:\/\/rotary.fi\/kannus\/wp-json\/wp\/v2\/types\/page"}],"author":[{"embeddable":true,"href":"https:\/\/rotary.fi\/kannus\/wp-json\/wp\/v2\/users\/1"}],"replies":[{"embeddable":true,"href":"https:\/\/rotary.fi\/kannus\/wp-json\/wp\/v2\/comments?post=156"}],"version-history":[{"count":10,"href":"https:\/\/rotary.fi\/kannus\/wp-json\/wp\/v2\/pages\/156\/revisions"}],"predecessor-version":[{"id":1990,"href":"https:\/\/rotary.fi\/kannus\/wp-json\/wp\/v2\/pages\/156\/revisions\/1990"}],"up":[{"embeddable":true,"href":"https:\/\/rotary.fi\/kannus\/wp-json\/wp\/v2\/pages\/77"}],"wp:attachment":[{"href":"https:\/\/rotary.fi\/kannus\/wp-json\/wp\/v2\/media?parent=156"}],"curies":[{"name":"wp","href":"https:\/\/api.w.org\/{rel}","templated":true}]}}