{"id":156,"date":"2018-08-13T09:46:59","date_gmt":"2018-08-13T06:46:59","guid":{"rendered":"https:\/\/rotary.fi\/kankaanpaa\/?page_id=156"},"modified":"2026-03-12T11:10:40","modified_gmt":"2026-03-12T09:10:40","slug":"projektit","status":"publish","type":"page","link":"https:\/\/rotary.fi\/kankaanpaa\/mita-teemme\/projektit\/","title":{"rendered":"Projektit"},"content":{"rendered":"<p>[et_pb_section fb_built=&#8221;1&#8243; module_class=&#8221;jumbotron-page&#8221; _builder_version=&#8221;4.16&#8243; background_image=&#8221;https:\/\/rotary.fi\/kankaanpaa\/wp-content\/uploads\/sites\/262\/2018\/08\/rotary_klubit_alasivu_paakuva_5.jpg&#8221; global_colors_info=&#8221;{}&#8221;][et_pb_row _builder_version=&#8221;4.16&#8243; background_size=&#8221;initial&#8221; background_position=&#8221;top_left&#8221; background_repeat=&#8221;repeat&#8221; global_colors_info=&#8221;{}&#8221;][et_pb_column type=&#8221;4_4&#8243; _builder_version=&#8221;4.16&#8243; custom_padding=&#8221;|||&#8221; global_colors_info=&#8221;{}&#8221; custom_padding__hover=&#8221;|||&#8221;][et_pb_text admin_label=&#8221;P\u00e4\u00e4otsikko&#8221; _builder_version=&#8221;4.16&#8243; text_orientation=&#8221;center&#8221; background_layout=&#8221;dark&#8221; global_colors_info=&#8221;{}&#8221;]<\/p>\n<h1>Projektit<\/h1>\n<p>[\/et_pb_text][\/et_pb_column][\/et_pb_row][\/et_pb_section][et_pb_section fb_built=&#8221;1&#8243; specialty=&#8221;on&#8221; module_class_2=&#8221;sivupalkki&#8221; _builder_version=&#8221;4.16&#8243; global_colors_info=&#8221;{}&#8221;][et_pb_column type=&#8221;2_3&#8243; specialty_columns=&#8221;2&#8243; _builder_version=&#8221;4.16&#8243; custom_padding=&#8221;|||&#8221; global_colors_info=&#8221;{}&#8221; parallax__hover=&#8221;off&#8221; parallax_method__hover=&#8221;on&#8221; custom_padding__hover=&#8221;|||&#8221;][et_pb_row_inner admin_label=&#8221;Rivi&#8221; _builder_version=&#8221;4.16&#8243; global_colors_info=&#8221;{}&#8221;][et_pb_column_inner saved_specialty_column_type=&#8221;2_3&#8243; _builder_version=&#8221;4.16&#8243; custom_padding=&#8221;|||&#8221; global_colors_info=&#8221;{}&#8221; parallax__hover=&#8221;off&#8221; parallax_method__hover=&#8221;on&#8221; custom_padding__hover=&#8221;|||&#8221;][et_pb_text admin_label=&#8221;Projektit &#8211; Otsikko&#8221; _builder_version=&#8221;4.16&#8243; text_orientation=&#8221;center&#8221; global_colors_info=&#8221;{}&#8221;]<\/p>\n<h1>Projektit<\/h1>\n<p>[\/et_pb_text][et_pb_text _builder_version=&#8221;4.27.4&#8243; hover_enabled=&#8221;0&#8243; global_colors_info=&#8221;{}&#8221; sticky_enabled=&#8221;0&#8243;]<\/p>\n<p>Rotary on palveluj\u00e4rjest\u00f6. Toimimme tunnuslauseemme Palvelu itsekkyyden edelle (Service above self) mukaisesti paikallisesti ja maailmanlaajuisesti. Kansainv\u00e4linen humanit\u00e4\u00e4rinen palvelumme toteutuu Rotarys\u00e4\u00e4ti\u00f6mme koordinoimana ja hyv\u00e4ksyttyjen kumppaneiden kanssa.<\/p>\n<p>Alla kaksi esimerkki\u00e4 toteuttamistamme paikallisista projekteista.<\/p>\n<p><strong>Esimerkkiprojekti 1: Joululehti.<\/strong><br \/>Kankaanp\u00e4\u00e4n Rotaryklubi julkaisee vuosittain s\u00e4hk\u00f6isen joululehden, jossa on kiinnostavia artikkeleita, pelej\u00e4, lasten taidetta, videoita jne. Lehteen myyd\u00e4\u00e4n mainostilaa ja tuotto k\u00e4ytet\u00e4\u00e4n hyv\u00e4ntekev\u00e4isyyteen.<strong> <a href=\"https:\/\/heyzine.com\/flip-book\/f43bc8b523.html\" target=\"_blank\" rel=\"noopener\">Joululehti 2025<\/a><\/strong><\/p>\n<p><strong>Esimerkkiprojekti 2: P\u00f6ntt\u00f6projekti.<\/strong><br \/>Toteutamme yhdess\u00e4<strong> <a href=\"https:\/\/lhgeopark.fi\/\" target=\"_blank\" rel=\"noopener\">Lauhanvuori &#8211; H\u00e4meenkangas UNESCO Geoparkin<\/a><\/strong>kanssa linnunp\u00f6ntt\u00f6projektia, jonka tarkoitus on turvata etenkin uhanalaisten lintujen pesint\u00e4\u00e4 ja talvehtimista. Yritykset, yhteis\u00f6t ja yksityishenkil\u00f6t voivat ostaa numeroidun\/nimikoidun linnunp\u00f6nt\u00f6n, jonka klubilaiset sijoittavat ensisijaisesti Geoparkin osoittamaan paikkaan. P\u00f6nt\u00f6t valmistetaan<strong><a href=\"https:\/\/valtti.fi\/\" target=\"_blank\" rel=\"noopener\">Valtti ty\u00f6pajassa<\/a>. <\/strong>P\u00f6ntt\u00f6jen sijainnista on kartta, josta n\u00e4kyy sijoitettujen p\u00f6ntt\u00f6jen sijainnit ja tiedot jotka lahjoittaja haluaa n\u00e4kyv\u00e4ksi. Mahdollinen tuotto k\u00e4ytet\u00e4\u00e4n hyv\u00e4ntekev\u00e4isyyteen.<\/p>\n<p>Osallistumme my\u00f6s mahdollisuuksien mukaan muiden klubien ja piirin yhteisiin projekteihin.<br \/>Olemme osallistuneet mm. yhteisty\u00f6ss\u00e4 piirimme kanssa <strong>ukrainalaisten lasten kes\u00e4leirin<\/strong> j\u00e4rjest\u00e4miseen. Leiriin osallistui lapsia, joiden vanhempi tai molemmat vanhemmat ovat menehtyneet sodassa<strong>.\u00a0<\/strong><\/p>\n<p>[\/et_pb_text][\/et_pb_column_inner][\/et_pb_row_inner][\/et_pb_column][et_pb_column type=&#8221;1_3&#8243; module_class=&#8221;sivupalkki&#8221; _builder_version=&#8221;4.16&#8243; custom_padding=&#8221;|||&#8221; global_colors_info=&#8221;{}&#8221; parallax__hover=&#8221;off&#8221; parallax_method__hover=&#8221;on&#8221; module_class__hover=&#8221;sivupalkki&#8221; custom_padding__hover=&#8221;|||&#8221;][et_pb_sidebar area=&#8221;sidebar-1&#8243; module_class=&#8221;sivupalkki_sisalto&#8221; _builder_version=&#8221;4.16&#8243; locked=&#8221;on&#8221; global_colors_info=&#8221;{}&#8221;][\/et_pb_sidebar][\/et_pb_column][\/et_pb_section]<\/p>\n","protected":false},"excerpt":{"rendered":"<p>Projektit Projektit Rotary on palveluj\u00e4rjest\u00f6. Toimimme tunnuslauseemme Palvelu itsekkyyden edelle (Service above self) mukaisesti paikallisesti ja maailmanlaajuisesti. Kansainv\u00e4linen humanit\u00e4\u00e4rinen palvelumme toteutuu Rotarys\u00e4\u00e4ti\u00f6mme koordinoimana ja hyv\u00e4ksyttyjen kumppaneiden kanssa. Alla kaksi esimerkki\u00e4 toteuttamistamme paikallisista projekteista. Esimerkkiprojekti 1: Joululehti.Kankaanp\u00e4\u00e4n Rotaryklubi julkaisee vuosittain s\u00e4hk\u00f6isen joululehden, jossa on kiinnostavia artikkeleita, pelej\u00e4, lasten taidetta, videoita jne. Lehteen myyd\u00e4\u00e4n mainostilaa ja tuotto [&hellip;]<\/p>\n","protected":false},"author":1,"featured_media":0,"parent":77,"menu_order":0,"comment_status":"closed","ping_status":"closed","template":"","meta":{"_acf_changed":false,"_et_pb_use_builder":"on","_et_pb_old_content":"","_et_gb_content_width":"","footnotes":""},"class_list":["post-156","page","type-page","status-publish","hentry"],"acf":[],"yoast_head":"<!-- This site is optimized with the Yoast SEO plugin v27.4 - https:\/\/yoast.com\/product\/yoast-seo-wordpress\/ -->\n<title>Projektit - Kankaanp\u00e4\u00e4n Rotaryklubi<\/title>\n<meta name=\"robots\" content=\"index, follow, max-snippet:-1, max-image-preview:large, max-video-preview:-1\" \/>\n<link rel=\"canonical\" href=\"https:\/\/rotary.fi\/kankaanpaa\/mita-teemme\/projektit\/\" \/>\n<meta property=\"og:locale\" content=\"fi_FI\" \/>\n<meta property=\"og:type\" content=\"article\" \/>\n<meta property=\"og:title\" content=\"Projektit - Kankaanp\u00e4\u00e4n Rotaryklubi\" \/>\n<meta property=\"og:description\" content=\"Projektit Projektit Rotary on palveluj\u00e4rjest\u00f6. Toimimme tunnuslauseemme Palvelu itsekkyyden edelle (Service above self) mukaisesti paikallisesti ja maailmanlaajuisesti. Kansainv\u00e4linen humanit\u00e4\u00e4rinen palvelumme toteutuu Rotarys\u00e4\u00e4ti\u00f6mme koordinoimana ja hyv\u00e4ksyttyjen kumppaneiden kanssa. Alla kaksi esimerkki\u00e4 toteuttamistamme paikallisista projekteista. Esimerkkiprojekti 1: Joululehti.Kankaanp\u00e4\u00e4n Rotaryklubi julkaisee vuosittain s\u00e4hk\u00f6isen joululehden, jossa on kiinnostavia artikkeleita, pelej\u00e4, lasten taidetta, videoita jne. Lehteen myyd\u00e4\u00e4n mainostilaa ja tuotto [&hellip;]\" \/>\n<meta property=\"og:url\" content=\"https:\/\/rotary.fi\/kankaanpaa\/mita-teemme\/projektit\/\" \/>\n<meta property=\"og:site_name\" content=\"Kankaanp\u00e4\u00e4n Rotaryklubi\" \/>\n<meta property=\"article:modified_time\" content=\"2026-03-12T09:10:40+00:00\" \/>\n<meta name=\"twitter:card\" content=\"summary_large_image\" \/>\n<meta name=\"twitter:label1\" content=\"Arvioitu lukuaika\" \/>\n\t<meta name=\"twitter:data1\" content=\"2 minuuttia\" \/>\n<script type=\"application\/ld+json\" class=\"yoast-schema-graph\">{\"@context\":\"https:\\\/\\\/schema.org\",\"@graph\":[{\"@type\":\"WebPage\",\"@id\":\"https:\\\/\\\/rotary.fi\\\/kankaanpaa\\\/mita-teemme\\\/projektit\\\/\",\"url\":\"https:\\\/\\\/rotary.fi\\\/kankaanpaa\\\/mita-teemme\\\/projektit\\\/\",\"name\":\"Projektit - Kankaanp\u00e4\u00e4n Rotaryklubi\",\"isPartOf\":{\"@id\":\"https:\\\/\\\/rotary.fi\\\/kankaanpaa\\\/#website\"},\"datePublished\":\"2018-08-13T06:46:59+00:00\",\"dateModified\":\"2026-03-12T09:10:40+00:00\",\"breadcrumb\":{\"@id\":\"https:\\\/\\\/rotary.fi\\\/kankaanpaa\\\/mita-teemme\\\/projektit\\\/#breadcrumb\"},\"inLanguage\":\"fi\",\"potentialAction\":[{\"@type\":\"ReadAction\",\"target\":[\"https:\\\/\\\/rotary.fi\\\/kankaanpaa\\\/mita-teemme\\\/projektit\\\/\"]}]},{\"@type\":\"BreadcrumbList\",\"@id\":\"https:\\\/\\\/rotary.fi\\\/kankaanpaa\\\/mita-teemme\\\/projektit\\\/#breadcrumb\",\"itemListElement\":[{\"@type\":\"ListItem\",\"position\":1,\"name\":\"Home\",\"item\":\"https:\\\/\\\/rotary.fi\\\/kankaanpaa\\\/\"},{\"@type\":\"ListItem\",\"position\":2,\"name\":\"Mit\u00e4 teemme\",\"item\":\"https:\\\/\\\/rotary.fi\\\/kankaanpaa\\\/mita-teemme\\\/\"},{\"@type\":\"ListItem\",\"position\":3,\"name\":\"Projektit\"}]},{\"@type\":\"WebSite\",\"@id\":\"https:\\\/\\\/rotary.fi\\\/kankaanpaa\\\/#website\",\"url\":\"https:\\\/\\\/rotary.fi\\\/kankaanpaa\\\/\",\"name\":\"Kankaanp\u00e4\u00e4n Rotaryklubi\",\"description\":\"Kankaanp\u00e4\u00e4n Rotaryklubin sivusto\",\"potentialAction\":[{\"@type\":\"SearchAction\",\"target\":{\"@type\":\"EntryPoint\",\"urlTemplate\":\"https:\\\/\\\/rotary.fi\\\/kankaanpaa\\\/?s={search_term_string}\"},\"query-input\":{\"@type\":\"PropertyValueSpecification\",\"valueRequired\":true,\"valueName\":\"search_term_string\"}}],\"inLanguage\":\"fi\"}]}<\/script>\n<!-- \/ Yoast SEO plugin. -->","yoast_head_json":{"title":"Projektit - Kankaanp\u00e4\u00e4n Rotaryklubi","robots":{"index":"index","follow":"follow","max-snippet":"max-snippet:-1","max-image-preview":"max-image-preview:large","max-video-preview":"max-video-preview:-1"},"canonical":"https:\/\/rotary.fi\/kankaanpaa\/mita-teemme\/projektit\/","og_locale":"fi_FI","og_type":"article","og_title":"Projektit - Kankaanp\u00e4\u00e4n Rotaryklubi","og_description":"Projektit Projektit Rotary on palveluj\u00e4rjest\u00f6. Toimimme tunnuslauseemme Palvelu itsekkyyden edelle (Service above self) mukaisesti paikallisesti ja maailmanlaajuisesti. Kansainv\u00e4linen humanit\u00e4\u00e4rinen palvelumme toteutuu Rotarys\u00e4\u00e4ti\u00f6mme koordinoimana ja hyv\u00e4ksyttyjen kumppaneiden kanssa. Alla kaksi esimerkki\u00e4 toteuttamistamme paikallisista projekteista. Esimerkkiprojekti 1: Joululehti.Kankaanp\u00e4\u00e4n Rotaryklubi julkaisee vuosittain s\u00e4hk\u00f6isen joululehden, jossa on kiinnostavia artikkeleita, pelej\u00e4, lasten taidetta, videoita jne. Lehteen myyd\u00e4\u00e4n mainostilaa ja tuotto [&hellip;]","og_url":"https:\/\/rotary.fi\/kankaanpaa\/mita-teemme\/projektit\/","og_site_name":"Kankaanp\u00e4\u00e4n Rotaryklubi","article_modified_time":"2026-03-12T09:10:40+00:00","twitter_card":"summary_large_image","twitter_misc":{"Arvioitu lukuaika":"2 minuuttia"},"schema":{"@context":"https:\/\/schema.org","@graph":[{"@type":"WebPage","@id":"https:\/\/rotary.fi\/kankaanpaa\/mita-teemme\/projektit\/","url":"https:\/\/rotary.fi\/kankaanpaa\/mita-teemme\/projektit\/","name":"Projektit - Kankaanp\u00e4\u00e4n Rotaryklubi","isPartOf":{"@id":"https:\/\/rotary.fi\/kankaanpaa\/#website"},"datePublished":"2018-08-13T06:46:59+00:00","dateModified":"2026-03-12T09:10:40+00:00","breadcrumb":{"@id":"https:\/\/rotary.fi\/kankaanpaa\/mita-teemme\/projektit\/#breadcrumb"},"inLanguage":"fi","potentialAction":[{"@type":"ReadAction","target":["https:\/\/rotary.fi\/kankaanpaa\/mita-teemme\/projektit\/"]}]},{"@type":"BreadcrumbList","@id":"https:\/\/rotary.fi\/kankaanpaa\/mita-teemme\/projektit\/#breadcrumb","itemListElement":[{"@type":"ListItem","position":1,"name":"Home","item":"https:\/\/rotary.fi\/kankaanpaa\/"},{"@type":"ListItem","position":2,"name":"Mit\u00e4 teemme","item":"https:\/\/rotary.fi\/kankaanpaa\/mita-teemme\/"},{"@type":"ListItem","position":3,"name":"Projektit"}]},{"@type":"WebSite","@id":"https:\/\/rotary.fi\/kankaanpaa\/#website","url":"https:\/\/rotary.fi\/kankaanpaa\/","name":"Kankaanp\u00e4\u00e4n Rotaryklubi","description":"Kankaanp\u00e4\u00e4n Rotaryklubin sivusto","potentialAction":[{"@type":"SearchAction","target":{"@type":"EntryPoint","urlTemplate":"https:\/\/rotary.fi\/kankaanpaa\/?s={search_term_string}"},"query-input":{"@type":"PropertyValueSpecification","valueRequired":true,"valueName":"search_term_string"}}],"inLanguage":"fi"}]}},"lang":"fi","translations":{"fi":156,"en":1451},"pll_sync_post":[],"_links":{"self":[{"href":"https:\/\/rotary.fi\/kankaanpaa\/wp-json\/wp\/v2\/pages\/156","targetHints":{"allow":["GET"]}}],"collection":[{"href":"https:\/\/rotary.fi\/kankaanpaa\/wp-json\/wp\/v2\/pages"}],"about":[{"href":"https:\/\/rotary.fi\/kankaanpaa\/wp-json\/wp\/v2\/types\/page"}],"author":[{"embeddable":true,"href":"https:\/\/rotary.fi\/kankaanpaa\/wp-json\/wp\/v2\/users\/1"}],"replies":[{"embeddable":true,"href":"https:\/\/rotary.fi\/kankaanpaa\/wp-json\/wp\/v2\/comments?post=156"}],"version-history":[{"count":9,"href":"https:\/\/rotary.fi\/kankaanpaa\/wp-json\/wp\/v2\/pages\/156\/revisions"}],"predecessor-version":[{"id":1663,"href":"https:\/\/rotary.fi\/kankaanpaa\/wp-json\/wp\/v2\/pages\/156\/revisions\/1663"}],"up":[{"embeddable":true,"href":"https:\/\/rotary.fi\/kankaanpaa\/wp-json\/wp\/v2\/pages\/77"}],"wp:attachment":[{"href":"https:\/\/rotary.fi\/kankaanpaa\/wp-json\/wp\/v2\/media?parent=156"}],"curies":[{"name":"wp","href":"https:\/\/api.w.org\/{rel}","templated":true}]}}