{"id":156,"date":"2018-08-13T09:46:59","date_gmt":"2018-08-13T06:46:59","guid":{"rendered":"https:\/\/rotary.fi\/kangasala\/?page_id=156"},"modified":"2026-02-19T15:48:11","modified_gmt":"2026-02-19T13:48:11","slug":"projektit","status":"publish","type":"page","link":"https:\/\/rotary.fi\/kangasala\/mita-teemme\/projektit\/","title":{"rendered":"Projektit"},"content":{"rendered":"<p>[et_pb_section fb_built=&#8221;1&#8243; module_class=&#8221;jumbotron-page&#8221; _builder_version=&#8221;4.16&#8243; background_image=&#8221;https:\/\/rotary.fi\/kangasala\/wp-content\/uploads\/sites\/144\/2018\/08\/rotary_klubit_alasivu_paakuva_5.jpg&#8221; global_colors_info=&#8221;{}&#8221;][et_pb_row _builder_version=&#8221;4.16&#8243; background_size=&#8221;initial&#8221; background_position=&#8221;top_left&#8221; background_repeat=&#8221;repeat&#8221; global_colors_info=&#8221;{}&#8221;][et_pb_column type=&#8221;4_4&#8243; _builder_version=&#8221;4.16&#8243; custom_padding=&#8221;|||&#8221; global_colors_info=&#8221;{}&#8221; custom_padding__hover=&#8221;|||&#8221;][et_pb_text admin_label=&#8221;P\u00e4\u00e4otsikko&#8221; _builder_version=&#8221;4.16&#8243; text_orientation=&#8221;center&#8221; background_layout=&#8221;dark&#8221; global_colors_info=&#8221;{}&#8221;]<\/p>\n<h1>Projektit<\/h1>\n<p>[\/et_pb_text][\/et_pb_column][\/et_pb_row][\/et_pb_section][et_pb_section fb_built=&#8221;1&#8243; specialty=&#8221;on&#8221; module_class_2=&#8221;sivupalkki&#8221; _builder_version=&#8221;4.16&#8243; global_colors_info=&#8221;{}&#8221;][et_pb_column type=&#8221;2_3&#8243; specialty_columns=&#8221;2&#8243; _builder_version=&#8221;4.16&#8243; custom_padding=&#8221;|||&#8221; global_colors_info=&#8221;{}&#8221; custom_padding__hover=&#8221;|||&#8221;][et_pb_row_inner admin_label=&#8221;Rivi&#8221; _builder_version=&#8221;4.16&#8243; custom_padding=&#8221;||11px|||&#8221; global_colors_info=&#8221;{}&#8221;][et_pb_column_inner saved_specialty_column_type=&#8221;2_3&#8243; _builder_version=&#8221;4.16&#8243; custom_padding=&#8221;|||&#8221; global_colors_info=&#8221;{}&#8221; parallax__hover=&#8221;off&#8221; parallax_method__hover=&#8221;on&#8221; custom_padding__hover=&#8221;|||&#8221;][et_pb_text admin_label=&#8221;Projektit &#8211; Otsikko&#8221; _builder_version=&#8221;4.16&#8243; text_orientation=&#8221;center&#8221; global_colors_info=&#8221;{}&#8221;]<\/p>\n<h1>Projektit<\/h1>\n<p>[\/et_pb_text][et_pb_text _builder_version=&#8221;4.27.4&#8243; z_index_tablet=&#8221;500&#8243; text_text_shadow_horizontal_length_tablet=&#8221;0px&#8221; text_text_shadow_vertical_length_tablet=&#8221;0px&#8221; text_text_shadow_blur_strength_tablet=&#8221;1px&#8221; link_text_shadow_horizontal_length_tablet=&#8221;0px&#8221; link_text_shadow_vertical_length_tablet=&#8221;0px&#8221; link_text_shadow_blur_strength_tablet=&#8221;1px&#8221; ul_text_shadow_horizontal_length_tablet=&#8221;0px&#8221; ul_text_shadow_vertical_length_tablet=&#8221;0px&#8221; ul_text_shadow_blur_strength_tablet=&#8221;1px&#8221; ol_text_shadow_horizontal_length_tablet=&#8221;0px&#8221; ol_text_shadow_vertical_length_tablet=&#8221;0px&#8221; ol_text_shadow_blur_strength_tablet=&#8221;1px&#8221; quote_text_shadow_horizontal_length_tablet=&#8221;0px&#8221; quote_text_shadow_vertical_length_tablet=&#8221;0px&#8221; quote_text_shadow_blur_strength_tablet=&#8221;1px&#8221; header_text_shadow_horizontal_length_tablet=&#8221;0px&#8221; header_text_shadow_vertical_length_tablet=&#8221;0px&#8221; header_text_shadow_blur_strength_tablet=&#8221;1px&#8221; header_2_text_shadow_horizontal_length_tablet=&#8221;0px&#8221; header_2_text_shadow_vertical_length_tablet=&#8221;0px&#8221; header_2_text_shadow_blur_strength_tablet=&#8221;1px&#8221; header_3_text_shadow_horizontal_length_tablet=&#8221;0px&#8221; header_3_text_shadow_vertical_length_tablet=&#8221;0px&#8221; header_3_text_shadow_blur_strength_tablet=&#8221;1px&#8221; header_4_text_shadow_horizontal_length_tablet=&#8221;0px&#8221; header_4_text_shadow_vertical_length_tablet=&#8221;0px&#8221; header_4_text_shadow_blur_strength_tablet=&#8221;1px&#8221; header_5_text_shadow_horizontal_length_tablet=&#8221;0px&#8221; header_5_text_shadow_vertical_length_tablet=&#8221;0px&#8221; header_5_text_shadow_blur_strength_tablet=&#8221;1px&#8221; header_6_text_shadow_horizontal_length_tablet=&#8221;0px&#8221; header_6_text_shadow_vertical_length_tablet=&#8221;0px&#8221; header_6_text_shadow_blur_strength_tablet=&#8221;1px&#8221; box_shadow_horizontal_tablet=&#8221;0px&#8221; box_shadow_vertical_tablet=&#8221;0px&#8221; box_shadow_blur_tablet=&#8221;40px&#8221; box_shadow_spread_tablet=&#8221;0px&#8221; global_colors_info=&#8221;{}&#8221;]<\/p>\n<p>Rotary on palveluj\u00e4rjest\u00f6. Toimimme tunnuslauseemme Palvelu itsekkyyden edelle (Service above self) mukaisesti paikallisesti ja maailmanlaajuisesti. Kansainv\u00e4linen humanit\u00e4\u00e4rinen palvelumme toteutuu Rotarys\u00e4\u00e4ti\u00f6mme koordinoimana ja hyv\u00e4ksyttyjen kumppaneiden kanssa.<\/p>\n<p><strong>Projektimme:\u00a0<\/strong><\/p>\n<p><strong>Projektit kaudella 2025-26<br \/>Lintukoto<br \/><\/strong>Projekti jatkuu edellleen (katso kauden 2023-25 projektit)<strong><\/strong><strong><\/strong><\/p>\n<p><strong>Koulujen tukeminen<br \/>\u201cMiten minusta tuli min\u00e4\u201d <\/strong>\u2013vierailut: rotarit kertovat omista el\u00e4m\u00e4n poluistaan ja siit\u00e4, miten el\u00e4m\u00e4 kantaa, vaikka opiskelu- ja ty\u00f6urat eiv\u00e4t aina etene suoraviivaisesti. Haluamme rohkaista opiskelijoita ja v\u00e4hent\u00e4\u00e4 pelkoa \u201dv\u00e4\u00e4rien valintojen\u201d tekemisest\u00e4.<strong><\/strong><\/p>\n<p><strong>Paikallinen vanhustuki<br \/><\/strong>Kangasalan Rotarien virkistystoiminta Villa Sten hoitokodissa<br \/>Toiminta jatkuu keskiviikkoisin, joka toinen viikko.<br \/>Virkistykseen voivat kuulua<br \/>&#8211; Ulkoilu, jolloin hoitaja on mukana<br \/>&#8211; Laulu ja tarinointi<br \/>&#8211; Pelit: Laiva on lastattu, keilapeli ym. <strong><\/strong><\/p>\n<p style=\"font-weight: 400\"><strong> Projektit kaudella 2023\u20132025<\/strong><\/p>\n<p><strong>Ty\u00f6el\u00e4m\u00e4kokemuksia yl\u00e4koululaisille<br \/><\/strong>Pidimme kaikille Pikkolan koulun 9. luokan oppilaille huhtikuussa 2025 tunteja omista kokemuksistamme el\u00e4m\u00e4n ja ty\u00f6el\u00e4m\u00e4n varrelta. Halusimme antaa ev\u00e4it\u00e4 tuleville vuosille.<\/p>\n<p style=\"font-weight: 400\"><strong>Lintukoto<br \/><\/strong>Lintukoto on projekti, mill\u00e4 ker\u00e4\u00e4mme rahaa myym\u00e4ll\u00e4 linnunkotoja (linnunp\u00f6ntt\u00f6j\u00e4), jotka ovat itse tekemi\u00e4mme. N\u00e4in saaduilla rahoilla hankimme <a href=\"https:\/\/rotary.fi\/mita-teemme\/kumppanitoiminta\/shelterbox\/\">ShelterBox-paketteja<\/a><strong>.\u00a0 <\/strong>Projekti on jatkumaa edellisen kauden tulokselliselle toiminnalle.<\/p>\n<p style=\"font-weight: 400\">ShelterBox-paketeissa olevat teltat ova tilap\u00e4iskoteja katastrofialueille, jotka Punainen Risti kuljettaa perille.<\/p>\n<p style=\"font-weight: 400\">Toimintakautena 2022-2023 hankimme ShelterBox-paketteja 2 kappaletta<\/p>\n<p style=\"font-weight: 400\">Toimintakautena 2023-2024 onlemme t\u00e4h\u00e4n menness\u00e4 (12.2.2024) hankkineet ShelterBox-paketteja 1 kappaletta<\/p>\n<p style=\"font-weight: 400\"><strong>Villa Sten (toimintakaudella 2024-25)<br \/><\/strong><\/p>\n<p style=\"font-weight: 400\">Kangasalan Rotaryt aloittavat virkistystoiminnan Villa Sten\u00a0 hoitokodissa os. Likolammintie 1 Kangasala. Toiminta jatkuu keskiviikkoisin, joka toinen viikko.<\/p>\n<p style=\"font-weight: 400\">Virkistykseen voivat kuulua<\/p>\n<ul style=\"font-weight: 400\">\n<li>Ulkoilu, jolloin hoitaja on mukana<\/li>\n<li>Lukeminen<\/li>\n<li>Laulu<\/li>\n<li>Pelit: Laiva on lastattu, keilapeli ym.<\/li>\n<li>Askartelu<\/li>\n<\/ul>\n<p>&nbsp;<\/p>\n<div class=\"page\" title=\"Page 1\">\n<div class=\"layoutArea\">\n<div class=\"column\">\n<p><strong>Toteutimme<\/strong> rotarien pienkera\u0308yksen 2022 Sierra Leonen lasten koulutuksen ja jalkapalloturnauksen tukemiseksi.<\/p>\n<p><strong>Toteutimme<\/strong> toimintakaudella 2023-24 virkistystoimintaa Hoitokoti Apilassa joka toinen keskiviikko.<\/p>\n<div class=\"et_pb_module et_pb_text et_pb_text_2 et_pb_text_align_left et_pb_bg_layout_light\" style=\"padding: 0px;border: 0px;font-size: 16px;vertical-align: baseline;background-size: cover;background-color: transparent;text-align: left;color: #263b4c;font-family: 'Open Sans', Helvetica, Arial, Lucida, sans-serif;font-style: normal;font-weight: 500;letter-spacing: normal;text-indent: 0px;text-transform: none;text-decoration: none;background-position: 50% center;margin: 0px !important 0px 0px 0px\">\n<div class=\"et_pb_text_inner\" style=\"margin: 0px;padding: 0px;border: 0px;font-size: 16px;vertical-align: baseline;background-color: transparent\">\n<p style=\"margin: 0px;padding: 0px;border: 0px;font-size: 16px;vertical-align: baseline;background-color: transparent\">\n<\/div>\n<\/div>\n<p><strong>\u00a0<\/strong><\/p>\n<p>&nbsp;<\/p>\n<\/div>\n<\/div>\n<\/div>\n<p>[\/et_pb_text][\/et_pb_column_inner][\/et_pb_row_inner][\/et_pb_column][et_pb_column type=&#8221;1_3&#8243; _builder_version=&#8221;4.16&#8243; custom_padding=&#8221;|||&#8221; global_colors_info=&#8221;{}&#8221; custom_padding__hover=&#8221;|||&#8221;][et_pb_sidebar area=&#8221;sidebar-1&#8243; module_class=&#8221;sivupalkki_sisalto&#8221; _builder_version=&#8221;4.16&#8243; locked=&#8221;on&#8221; global_colors_info=&#8221;{}&#8221;]<br \/>\n[\/et_pb_sidebar][\/et_pb_column][\/et_pb_section]<\/p>\n","protected":false},"excerpt":{"rendered":"<p>Projektit Projektit Rotary on palveluj\u00e4rjest\u00f6. Toimimme tunnuslauseemme Palvelu itsekkyyden edelle (Service above self) mukaisesti paikallisesti ja maailmanlaajuisesti. Kansainv\u00e4linen humanit\u00e4\u00e4rinen palvelumme toteutuu Rotarys\u00e4\u00e4ti\u00f6mme koordinoimana ja hyv\u00e4ksyttyjen kumppaneiden kanssa. Projektimme:\u00a0 Projektit kaudella 2025-26LintukotoProjekti jatkuu edellleen (katso kauden 2023-25 projektit) Koulujen tukeminen\u201cMiten minusta tuli min\u00e4\u201d \u2013vierailut: rotarit kertovat omista el\u00e4m\u00e4n poluistaan ja siit\u00e4, miten el\u00e4m\u00e4 kantaa, vaikka opiskelu- [&hellip;]<\/p>\n","protected":false},"author":1,"featured_media":0,"parent":77,"menu_order":0,"comment_status":"closed","ping_status":"closed","template":"","meta":{"_acf_changed":false,"_et_pb_use_builder":"on","_et_pb_old_content":"","_et_gb_content_width":"","footnotes":""},"class_list":["post-156","page","type-page","status-publish","hentry"],"acf":[],"yoast_head":"<!-- This site is optimized with the Yoast SEO plugin v27.4 - https:\/\/yoast.com\/product\/yoast-seo-wordpress\/ -->\n<title>Projektit - Kangasalan Rotaryklubi ry<\/title>\n<meta name=\"robots\" content=\"index, follow, max-snippet:-1, max-image-preview:large, max-video-preview:-1\" \/>\n<link rel=\"canonical\" href=\"https:\/\/rotary.fi\/kangasala\/mita-teemme\/projektit\/\" \/>\n<meta property=\"og:locale\" content=\"fi_FI\" \/>\n<meta property=\"og:type\" content=\"article\" \/>\n<meta property=\"og:title\" content=\"Projektit - Kangasalan Rotaryklubi ry\" \/>\n<meta property=\"og:description\" content=\"Projektit Projektit Rotary on palveluj\u00e4rjest\u00f6. Toimimme tunnuslauseemme Palvelu itsekkyyden edelle (Service above self) mukaisesti paikallisesti ja maailmanlaajuisesti. Kansainv\u00e4linen humanit\u00e4\u00e4rinen palvelumme toteutuu Rotarys\u00e4\u00e4ti\u00f6mme koordinoimana ja hyv\u00e4ksyttyjen kumppaneiden kanssa. Projektimme:\u00a0 Projektit kaudella 2025-26LintukotoProjekti jatkuu edellleen (katso kauden 2023-25 projektit) Koulujen tukeminen\u201cMiten minusta tuli min\u00e4\u201d \u2013vierailut: rotarit kertovat omista el\u00e4m\u00e4n poluistaan ja siit\u00e4, miten el\u00e4m\u00e4 kantaa, vaikka opiskelu- [&hellip;]\" \/>\n<meta property=\"og:url\" content=\"https:\/\/rotary.fi\/kangasala\/mita-teemme\/projektit\/\" \/>\n<meta property=\"og:site_name\" content=\"Kangasalan Rotaryklubi ry\" \/>\n<meta property=\"article:modified_time\" content=\"2026-02-19T13:48:11+00:00\" \/>\n<meta name=\"twitter:card\" content=\"summary_large_image\" \/>\n<meta name=\"twitter:label1\" content=\"Arvioitu lukuaika\" \/>\n\t<meta name=\"twitter:data1\" content=\"2 minuuttia\" \/>\n<script type=\"application\/ld+json\" class=\"yoast-schema-graph\">{\"@context\":\"https:\\\/\\\/schema.org\",\"@graph\":[{\"@type\":\"WebPage\",\"@id\":\"https:\\\/\\\/rotary.fi\\\/kangasala\\\/mita-teemme\\\/projektit\\\/\",\"url\":\"https:\\\/\\\/rotary.fi\\\/kangasala\\\/mita-teemme\\\/projektit\\\/\",\"name\":\"Projektit - Kangasalan Rotaryklubi ry\",\"isPartOf\":{\"@id\":\"https:\\\/\\\/rotary.fi\\\/kangasala\\\/#website\"},\"datePublished\":\"2018-08-13T06:46:59+00:00\",\"dateModified\":\"2026-02-19T13:48:11+00:00\",\"breadcrumb\":{\"@id\":\"https:\\\/\\\/rotary.fi\\\/kangasala\\\/mita-teemme\\\/projektit\\\/#breadcrumb\"},\"inLanguage\":\"fi\",\"potentialAction\":[{\"@type\":\"ReadAction\",\"target\":[\"https:\\\/\\\/rotary.fi\\\/kangasala\\\/mita-teemme\\\/projektit\\\/\"]}]},{\"@type\":\"BreadcrumbList\",\"@id\":\"https:\\\/\\\/rotary.fi\\\/kangasala\\\/mita-teemme\\\/projektit\\\/#breadcrumb\",\"itemListElement\":[{\"@type\":\"ListItem\",\"position\":1,\"name\":\"Home\",\"item\":\"https:\\\/\\\/rotary.fi\\\/kangasala\\\/\"},{\"@type\":\"ListItem\",\"position\":2,\"name\":\"Mit\u00e4 teemme\",\"item\":\"https:\\\/\\\/rotary.fi\\\/kangasala\\\/mita-teemme\\\/\"},{\"@type\":\"ListItem\",\"position\":3,\"name\":\"Projektit\"}]},{\"@type\":\"WebSite\",\"@id\":\"https:\\\/\\\/rotary.fi\\\/kangasala\\\/#website\",\"url\":\"https:\\\/\\\/rotary.fi\\\/kangasala\\\/\",\"name\":\"Kangasalan Rotaryklubi ry\",\"description\":\"Uusi Rotary klubisivusto\",\"potentialAction\":[{\"@type\":\"SearchAction\",\"target\":{\"@type\":\"EntryPoint\",\"urlTemplate\":\"https:\\\/\\\/rotary.fi\\\/kangasala\\\/?s={search_term_string}\"},\"query-input\":{\"@type\":\"PropertyValueSpecification\",\"valueRequired\":true,\"valueName\":\"search_term_string\"}}],\"inLanguage\":\"fi\"}]}<\/script>\n<!-- \/ Yoast SEO plugin. -->","yoast_head_json":{"title":"Projektit - Kangasalan Rotaryklubi ry","robots":{"index":"index","follow":"follow","max-snippet":"max-snippet:-1","max-image-preview":"max-image-preview:large","max-video-preview":"max-video-preview:-1"},"canonical":"https:\/\/rotary.fi\/kangasala\/mita-teemme\/projektit\/","og_locale":"fi_FI","og_type":"article","og_title":"Projektit - Kangasalan Rotaryklubi ry","og_description":"Projektit Projektit Rotary on palveluj\u00e4rjest\u00f6. Toimimme tunnuslauseemme Palvelu itsekkyyden edelle (Service above self) mukaisesti paikallisesti ja maailmanlaajuisesti. Kansainv\u00e4linen humanit\u00e4\u00e4rinen palvelumme toteutuu Rotarys\u00e4\u00e4ti\u00f6mme koordinoimana ja hyv\u00e4ksyttyjen kumppaneiden kanssa. Projektimme:\u00a0 Projektit kaudella 2025-26LintukotoProjekti jatkuu edellleen (katso kauden 2023-25 projektit) Koulujen tukeminen\u201cMiten minusta tuli min\u00e4\u201d \u2013vierailut: rotarit kertovat omista el\u00e4m\u00e4n poluistaan ja siit\u00e4, miten el\u00e4m\u00e4 kantaa, vaikka opiskelu- [&hellip;]","og_url":"https:\/\/rotary.fi\/kangasala\/mita-teemme\/projektit\/","og_site_name":"Kangasalan Rotaryklubi ry","article_modified_time":"2026-02-19T13:48:11+00:00","twitter_card":"summary_large_image","twitter_misc":{"Arvioitu lukuaika":"2 minuuttia"},"schema":{"@context":"https:\/\/schema.org","@graph":[{"@type":"WebPage","@id":"https:\/\/rotary.fi\/kangasala\/mita-teemme\/projektit\/","url":"https:\/\/rotary.fi\/kangasala\/mita-teemme\/projektit\/","name":"Projektit - Kangasalan Rotaryklubi ry","isPartOf":{"@id":"https:\/\/rotary.fi\/kangasala\/#website"},"datePublished":"2018-08-13T06:46:59+00:00","dateModified":"2026-02-19T13:48:11+00:00","breadcrumb":{"@id":"https:\/\/rotary.fi\/kangasala\/mita-teemme\/projektit\/#breadcrumb"},"inLanguage":"fi","potentialAction":[{"@type":"ReadAction","target":["https:\/\/rotary.fi\/kangasala\/mita-teemme\/projektit\/"]}]},{"@type":"BreadcrumbList","@id":"https:\/\/rotary.fi\/kangasala\/mita-teemme\/projektit\/#breadcrumb","itemListElement":[{"@type":"ListItem","position":1,"name":"Home","item":"https:\/\/rotary.fi\/kangasala\/"},{"@type":"ListItem","position":2,"name":"Mit\u00e4 teemme","item":"https:\/\/rotary.fi\/kangasala\/mita-teemme\/"},{"@type":"ListItem","position":3,"name":"Projektit"}]},{"@type":"WebSite","@id":"https:\/\/rotary.fi\/kangasala\/#website","url":"https:\/\/rotary.fi\/kangasala\/","name":"Kangasalan Rotaryklubi ry","description":"Uusi Rotary klubisivusto","potentialAction":[{"@type":"SearchAction","target":{"@type":"EntryPoint","urlTemplate":"https:\/\/rotary.fi\/kangasala\/?s={search_term_string}"},"query-input":{"@type":"PropertyValueSpecification","valueRequired":true,"valueName":"search_term_string"}}],"inLanguage":"fi"}]}},"lang":"fi","translations":{"fi":156},"pll_sync_post":[],"_links":{"self":[{"href":"https:\/\/rotary.fi\/kangasala\/wp-json\/wp\/v2\/pages\/156","targetHints":{"allow":["GET"]}}],"collection":[{"href":"https:\/\/rotary.fi\/kangasala\/wp-json\/wp\/v2\/pages"}],"about":[{"href":"https:\/\/rotary.fi\/kangasala\/wp-json\/wp\/v2\/types\/page"}],"author":[{"embeddable":true,"href":"https:\/\/rotary.fi\/kangasala\/wp-json\/wp\/v2\/users\/1"}],"replies":[{"embeddable":true,"href":"https:\/\/rotary.fi\/kangasala\/wp-json\/wp\/v2\/comments?post=156"}],"version-history":[{"count":10,"href":"https:\/\/rotary.fi\/kangasala\/wp-json\/wp\/v2\/pages\/156\/revisions"}],"predecessor-version":[{"id":4630,"href":"https:\/\/rotary.fi\/kangasala\/wp-json\/wp\/v2\/pages\/156\/revisions\/4630"}],"up":[{"embeddable":true,"href":"https:\/\/rotary.fi\/kangasala\/wp-json\/wp\/v2\/pages\/77"}],"wp:attachment":[{"href":"https:\/\/rotary.fi\/kangasala\/wp-json\/wp\/v2\/media?parent=156"}],"curies":[{"name":"wp","href":"https:\/\/api.w.org\/{rel}","templated":true}]}}