{"id":15,"date":"2018-08-08T14:36:36","date_gmt":"2018-08-08T11:36:36","guid":{"rendered":"https:\/\/rotary.fi\/klubi2\/?page_id=15"},"modified":"2026-01-28T22:23:58","modified_gmt":"2026-01-28T20:23:58","slug":"etusivu","status":"publish","type":"page","link":"https:\/\/rotary.fi\/kangasala\/","title":{"rendered":"Etusivu"},"content":{"rendered":"<p>[et_pb_section fb_built=&#8221;1&#8243; module_class=&#8221;jumbotron-page&#8221; _builder_version=&#8221;4.27.4&#8243; background_image=&#8221;https:\/\/rotary.fi\/kangasala\/wp-content\/uploads\/sites\/144\/2025\/11\/kotisivulle-10.jpeg&#8221; min_height=&#8221;141.6px&#8221; global_colors_info=&#8221;{}&#8221;][\/et_pb_section][et_pb_section fb_built=&#8221;1&#8243; specialty=&#8221;on&#8221; module_class_2=&#8221;sivupalkki&#8221; _builder_version=&#8221;4.16&#8243; background_color=&#8221;rgba(0,0,0,0)&#8221; global_colors_info=&#8221;{}&#8221;][et_pb_column type=&#8221;2_3&#8243; specialty_columns=&#8221;2&#8243; _builder_version=&#8221;4.16&#8243; custom_padding=&#8221;|||&#8221; global_colors_info=&#8221;{}&#8221; custom_padding__hover=&#8221;|||&#8221;][et_pb_row_inner _builder_version=&#8221;4.27.4&#8243; _module_preset=&#8221;default&#8221; min_height=&#8221;129px&#8221; global_colors_info=&#8221;{}&#8221;][et_pb_column_inner saved_specialty_column_type=&#8221;2_3&#8243; _builder_version=&#8221;4.18.0&#8243; _module_preset=&#8221;default&#8221; global_colors_info=&#8221;{}&#8221;][et_pb_image src=&#8221;https:\/\/rotary.fi\/kangasala\/wp-content\/uploads\/sites\/144\/2018\/08\/rotary-logo-main-2.png&#8221; title_text=&#8221;rotary-logo-main-2&#8243; url=&#8221;https:\/\/rotary.fi&#8221; align=&#8221;center&#8221; _builder_version=&#8221;4.18.0&#8243; custom_padding=&#8221;||0px|||&#8221; global_colors_info=&#8221;{}&#8221;][\/et_pb_image][et_pb_divider _builder_version=&#8221;4.27.4&#8243; _module_preset=&#8221;default&#8221; global_colors_info=&#8221;{}&#8221;][\/et_pb_divider][\/et_pb_column_inner][\/et_pb_row_inner][et_pb_row_inner column_structure=&#8221;1_2,1_2&#8243; _builder_version=&#8221;4.16&#8243; global_colors_info=&#8221;{}&#8221;][et_pb_column_inner type=&#8221;1_2&#8243; saved_specialty_column_type=&#8221;2_3&#8243; _builder_version=&#8221;4.16&#8243; global_colors_info=&#8221;{}&#8221;][et_pb_button button_url=&#8221;https:\/\/rotary.fi\/kangasala\/ajankohtaista\/tapahtumakalenteri\/&#8221; url_new_window=&#8221;on&#8221; button_text=&#8221;Kokousohjelmamme&#8221; admin_label=&#8221;Kokousohjelmamme&#8221; _builder_version=&#8221;4.18.0&#8243; custom_button=&#8221;on&#8221; button_text_color=&#8221;#000000&#8243; button_bg_color=&#8221;RGBA(255,255,255,0)&#8221; button_border_width=&#8221;0px&#8221; button_border_color=&#8221;#000000&#8243; global_colors_info=&#8221;{}&#8221;][\/et_pb_button][et_pb_button button_url=&#8221;https:\/\/rotary.fi\/d1390\/ajankohtaista\/piirin-kalenteri\/&#8221; url_new_window=&#8221;on&#8221; button_text=&#8221;Alueellinen kokousohjelma&#8221; admin_label=&#8221;Alueellinen kokousohjelma&#8221; _builder_version=&#8221;4.25.2&#8243; custom_button=&#8221;on&#8221; button_text_color=&#8221;#000000&#8243; button_bg_color=&#8221;RGBA(255,255,255,0)&#8221; button_border_width=&#8221;0px&#8221; button_border_color=&#8221;#000000&#8243; global_colors_info=&#8221;{}&#8221;][\/et_pb_button][et_pb_button button_url=&#8221;https:\/\/rotary.fi\/d1390\/&#8221; url_new_window=&#8221;on&#8221; button_text=&#8221;Piirimme sivut&#8221; admin_label=&#8221;Piirimme sivusto&#8221; _builder_version=&#8221;4.18.0&#8243; _module_preset=&#8221;default&#8221; custom_button=&#8221;on&#8221; button_text_color=&#8221;#000000&#8243; button_bg_color=&#8221;RGBA(255,255,255,0)&#8221; button_border_width=&#8221;0px&#8221; global_colors_info=&#8221;{}&#8221;][\/et_pb_button][et_pb_button button_url=&#8221;https:\/\/my.rotary.org\/en\/&#8221; url_new_window=&#8221;on&#8221; button_text=&#8221;My Rotary&#8221; admin_label=&#8221;My Rotary&#8221; _builder_version=&#8221;4.18.0&#8243; _module_preset=&#8221;default&#8221; custom_button=&#8221;on&#8221; button_text_color=&#8221;#000000&#8243; button_bg_color=&#8221;RGBA(255,255,255,0)&#8221; button_border_width=&#8221;0px&#8221; global_colors_info=&#8221;{}&#8221;][\/et_pb_button][et_pb_button button_url=&#8221;https:\/\/rotary.fi\/kangasala\/klubin-omat-ohjeet\/&#8221; button_text=&#8221;Klubimme omat suljetut sivut&#8221; admin_label=&#8221;Klubimme omat sivut&#8221; _builder_version=&#8221;4.18.0&#8243; _module_preset=&#8221;default&#8221; custom_button=&#8221;on&#8221; button_text_color=&#8221;#000000&#8243; button_bg_color=&#8221;RGBA(255,255,255,0)&#8221; button_border_width=&#8221;0px&#8221; global_colors_info=&#8221;{}&#8221;][\/et_pb_button][et_pb_button button_url=&#8221;https:\/\/rotary.fi\/jasenille\/&#8221; button_text=&#8221;J\u00e4sensivusto (valtakunnallinen)&#8221; admin_label=&#8221;J\u00e4sensivusto&#8221; _builder_version=&#8221;4.22.1&#8243; _module_preset=&#8221;default&#8221; custom_button=&#8221;on&#8221; button_text_color=&#8221;#000000&#8243; button_bg_color=&#8221;RGBA(255,255,255,0)&#8221; button_border_width=&#8221;0px&#8221; global_colors_info=&#8221;{}&#8221;][\/et_pb_button][\/et_pb_column_inner][et_pb_column_inner type=&#8221;1_2&#8243; saved_specialty_column_type=&#8221;2_3&#8243; _builder_version=&#8221;4.16&#8243; global_colors_info=&#8221;{}&#8221;][et_pb_button button_url=&#8221;@ET-DC@eyJkeW5hbWljIjp0cnVlLCJjb250ZW50IjoicG9zdF9saW5rX3VybF9wYWdlIiwic2V0dGluZ3MiOnsicG9zdF9pZCI6IjIyMTIiLCJlbmFibGVfaHRtbCI6Im9mZiJ9fQ==@&#8221; button_text=&#8221;Kes\u00e4p\u00e4iv\u00e4 Kangasalla, laulun sanat&#8221; admin_label=&#8221;Kes\u00e4p\u00e4iv \u00e4 Kangasalla&#8221; _builder_version=&#8221;4.18.0&#8243; _dynamic_attributes=&#8221;button_url&#8221; custom_button=&#8221;on&#8221; button_text_color=&#8221;#000000&#8243; button_bg_color=&#8221;RGBA(255,255,255,0)&#8221; button_border_width=&#8221;0px&#8221; button_border_color=&#8221;#000000&#8243; global_colors_info=&#8221;{}&#8221;][\/et_pb_button][et_pb_button button_url=&#8221;https:\/\/rotary.fi\/kangasala\/mita-teemme\/projektit\/&#8221; button_text=&#8221;Projektimme&#8221; admin_label=&#8221;Projektimme&#8221; _builder_version=&#8221;4.22.1&#8243; _module_preset=&#8221;default&#8221; custom_button=&#8221;on&#8221; button_text_color=&#8221;#000000&#8243; button_bg_color=&#8221;RGBA(255,255,255,0)&#8221; button_border_width=&#8221;0px&#8221; global_colors_info=&#8221;{}&#8221;][\/et_pb_button][et_pb_button button_url=&#8221;https:\/\/news.google.com\/u\/1\/home?hl=fi-FI&amp;gl=FI&amp;ceid=FI:fi&#8221; url_new_window=&#8221;on&#8221; button_text=&#8221;Tuoreimmat uutiset&#8221; _builder_version=&#8221;4.27.4&#8243; _module_preset=&#8221;default&#8221; custom_button=&#8221;on&#8221; button_text_color=&#8221;#263B4C&#8221; button_bg_color=&#8221;RGBA(255,255,255,0)&#8221; button_border_color=&#8221;RGBA(255,255,255,0)&#8221; global_colors_info=&#8221;{}&#8221;][\/et_pb_button][\/et_pb_column_inner][\/et_pb_row_inner][et_pb_row_inner _builder_version=&#8221;4.22.1&#8243; _module_preset=&#8221;default&#8221; global_colors_info=&#8221;{}&#8221;][et_pb_column_inner saved_specialty_column_type=&#8221;2_3&#8243; _builder_version=&#8221;4.22.1&#8243; _module_preset=&#8221;default&#8221; global_colors_info=&#8221;{}&#8221;][et_pb_divider _builder_version=&#8221;4.22.1&#8243; _module_preset=&#8221;default&#8221; global_colors_info=&#8221;{}&#8221;][\/et_pb_divider][\/et_pb_column_inner][\/et_pb_row_inner][et_pb_row_inner _builder_version=&#8221;4.22.1&#8243; _module_preset=&#8221;default&#8221; global_colors_info=&#8221;{}&#8221;][et_pb_column_inner saved_specialty_column_type=&#8221;2_3&#8243; _builder_version=&#8221;4.22.1&#8243; _module_preset=&#8221;default&#8221; global_colors_info=&#8221;{}&#8221;][et_pb_text _builder_version=&#8221;4.27.4&#8243; _module_preset=&#8221;default&#8221; global_colors_info=&#8221;{}&#8221;]<\/p>\n<p style=\"text-align: center\">Tapahtui 2023 &#8211; 2025<\/p>\n<p>[\/et_pb_text][\/et_pb_column_inner][\/et_pb_row_inner][et_pb_row_inner column_structure=&#8221;1_2,1_2&#8243; _builder_version=&#8221;4.22.1&#8243; _module_preset=&#8221;default&#8221; global_colors_info=&#8221;{}&#8221;][et_pb_column_inner type=&#8221;1_2&#8243; saved_specialty_column_type=&#8221;2_3&#8243; _builder_version=&#8221;4.22.1&#8243; _module_preset=&#8221;default&#8221; global_colors_info=&#8221;{}&#8221;][et_pb_image src=&#8221;https:\/\/rotary.fi\/kangasala\/wp-content\/uploads\/sites\/144\/2024\/02\/itsenaisyysjuhlavartio.jpg&#8221; title_text=&#8221;Itsena\u0308isyysjuhlavartio&#8221; _builder_version=&#8221;4.22.1&#8243; _module_preset=&#8221;default&#8221; global_colors_info=&#8221;{}&#8221;][\/et_pb_image][et_pb_text _builder_version=&#8221;4.27.0&#8243; _module_preset=&#8221;default&#8221; global_colors_info=&#8221;{}&#8221;]<\/p>\n<p>Itsen\u00e4isyysjuhlavartio 2023<\/p>\n<p>[\/et_pb_text][et_pb_image src=&#8221;https:\/\/rotary.fi\/kangasala\/wp-content\/uploads\/sites\/144\/2024\/12\/itsenaisyyspaivan-vartio.jpg&#8221; title_text=&#8221;Itsena\u0308isyysjuhlavartio 2024&#8243; _builder_version=&#8221;4.27.0&#8243; _module_preset=&#8221;default&#8221; global_colors_info=&#8221;{}&#8221;][\/et_pb_image][et_pb_text _builder_version=&#8221;4.27.0&#8243; _module_preset=&#8221;default&#8221; global_colors_info=&#8221;{}&#8221;]<\/p>\n<p>Itsen\u00e4isyysjuhlavartio 2024<\/p>\n<p>[\/et_pb_text][et_pb_image src=&#8221;https:\/\/rotary.fi\/kangasala\/wp-content\/uploads\/sites\/144\/2026\/01\/rotaryt-projektin-kimpussa-2025.png&#8221; title_text=&#8221;Rotaryt projektin kimpussa 2025&#8243; _builder_version=&#8221;4.27.4&#8243; _module_preset=&#8221;default&#8221; global_colors_info=&#8221;{}&#8221;][\/et_pb_image][et_pb_text _builder_version=&#8221;4.27.4&#8243; _module_preset=&#8221;default&#8221; hover_enabled=&#8221;0&#8243; sticky_enabled=&#8221;0&#8243;]<\/p>\n<p>Projektien kimpussa 2025<\/p>\n<p>[\/et_pb_text][\/et_pb_column_inner][et_pb_column_inner type=&#8221;1_2&#8243; saved_specialty_column_type=&#8221;2_3&#8243; _builder_version=&#8221;4.22.1&#8243; _module_preset=&#8221;default&#8221; global_colors_info=&#8221;{}&#8221;][et_pb_image src=&#8221;https:\/\/rotary.fi\/kangasala\/wp-content\/uploads\/sites\/144\/2024\/02\/jouluvierailu-ikifit-hoivakotiin-20122023-rotarytaydennys-riitta-arola-e1709111531833.jpg&#8221; title_text=&#8221;Jouluvierailu Ikifit- hoivakotiin 20.12.2023.&#8221; _builder_version=&#8221;4.22.1&#8243; _module_preset=&#8221;default&#8221; global_colors_info=&#8221;{}&#8221;][\/et_pb_image][et_pb_text _builder_version=&#8221;4.22.1&#8243; _module_preset=&#8221;default&#8221; global_colors_info=&#8221;{}&#8221;]<\/p>\n<p>Jouluvierailu Ikifit-hoivakotiin<\/p>\n<p>[\/et_pb_text][et_pb_image src=&#8221;https:\/\/rotary.fi\/kangasala\/wp-content\/uploads\/sites\/144\/2025\/02\/piirikuvernoori-vieraana-2025.jpg&#8221; title_text=&#8221;Piirikuverno\u0308o\u0308ri vieraana 2025&#8243; _builder_version=&#8221;4.27.0&#8243; _module_preset=&#8221;default&#8221; global_colors_info=&#8221;{}&#8221;][\/et_pb_image][et_pb_text _builder_version=&#8221;4.27.0&#8243; _module_preset=&#8221;default&#8221; global_colors_info=&#8221;{}&#8221;]<\/p>\n<p>Piirikuvern\u00f6\u00f6ri vieraana 2025<\/p>\n<p>[\/et_pb_text][et_pb_image src=&#8221;https:\/\/rotary.fi\/kangasala\/wp-content\/uploads\/sites\/144\/2025\/02\/eduskuntavierailulla.jpeg&#8221; title_text=&#8221;Eduskuntavierailulla&#8221; _builder_version=&#8221;4.27.4&#8243; _module_preset=&#8221;default&#8221; global_colors_info=&#8221;{}&#8221;][\/et_pb_image][et_pb_text _builder_version=&#8221;4.27.4&#8243; _module_preset=&#8221;default&#8221; hover_enabled=&#8221;0&#8243; global_colors_info=&#8221;{}&#8221; sticky_enabled=&#8221;0&#8243;]<\/p>\n<p>Eduskuntavierailulla Sofia Vikmanin vieraana<\/p>\n<p>[\/et_pb_text][\/et_pb_column_inner][\/et_pb_row_inner][\/et_pb_column][et_pb_column type=&#8221;1_3&#8243; _builder_version=&#8221;4.16&#8243; custom_padding=&#8221;|||&#8221; global_colors_info=&#8221;{}&#8221; custom_padding__hover=&#8221;|||&#8221;][et_pb_sidebar area=&#8221;sidebar-1&#8243; module_class=&#8221;sivupalkki_sisalto&#8221; _builder_version=&#8221;4.16&#8243; global_colors_info=&#8221;{}&#8221;][\/et_pb_sidebar][\/et_pb_column][\/et_pb_section][et_pb_section fb_built=&#8221;1&#8243; _builder_version=&#8221;4.22.1&#8243; _module_preset=&#8221;default&#8221; global_colors_info=&#8221;{}&#8221;][\/et_pb_section][et_pb_section fb_built=&#8221;1&#8243; _builder_version=&#8221;4.22.1&#8243; _module_preset=&#8221;default&#8221; global_colors_info=&#8221;{}&#8221;][\/et_pb_section]<\/p>\n","protected":false},"excerpt":{"rendered":"<p>Tapahtui 2023 &#8211; 2025Itsen\u00e4isyysjuhlavartio 2023Itsen\u00e4isyysjuhlavartio 2024Projektien kimpussa 2025Jouluvierailu Ikifit-hoivakotiinPiirikuvern\u00f6\u00f6ri vieraana 2025Eduskuntavierailulla Sofia Vikmanin vieraana<\/p>\n","protected":false},"author":1,"featured_media":4241,"parent":0,"menu_order":0,"comment_status":"closed","ping_status":"closed","template":"","meta":{"_acf_changed":false,"_et_pb_use_builder":"on","_et_pb_old_content":"","_et_gb_content_width":"","footnotes":""},"class_list":["post-15","page","type-page","status-publish","has-post-thumbnail","hentry"],"acf":[],"yoast_head":"<!-- This site is optimized with the Yoast SEO plugin v27.0 - https:\/\/yoast.com\/product\/yoast-seo-wordpress\/ -->\n<title>Etusivu - Kangasalan Rotaryklubi ry<\/title>\n<meta name=\"robots\" content=\"index, follow, max-snippet:-1, max-image-preview:large, max-video-preview:-1\" \/>\n<link rel=\"canonical\" href=\"https:\/\/rotary.fi\/kangasala\/\" \/>\n<meta property=\"og:locale\" content=\"fi_FI\" \/>\n<meta property=\"og:type\" content=\"article\" \/>\n<meta property=\"og:title\" content=\"Etusivu - Kangasalan Rotaryklubi ry\" \/>\n<meta property=\"og:description\" content=\"Tapahtui 2023 - 2025Itsen\u00e4isyysjuhlavartio 2023Itsen\u00e4isyysjuhlavartio 2024Projektien kimpussa 2025Jouluvierailu Ikifit-hoivakotiinPiirikuvern\u00f6\u00f6ri vieraana 2025Eduskuntavierailulla Sofia Vikmanin vieraana\" \/>\n<meta property=\"og:url\" content=\"https:\/\/rotary.fi\/kangasala\/\" \/>\n<meta property=\"og:site_name\" content=\"Kangasalan Rotaryklubi ry\" \/>\n<meta property=\"article:modified_time\" content=\"2026-01-28T20:23:58+00:00\" \/>\n<meta property=\"og:image\" content=\"https:\/\/rotary.fi\/kangasala\/wp-content\/uploads\/sites\/144\/2025\/08\/kangasalan-kartta.jpg\" \/>\n\t<meta property=\"og:image:width\" content=\"1744\" \/>\n\t<meta property=\"og:image:height\" content=\"826\" \/>\n\t<meta property=\"og:image:type\" content=\"image\/jpeg\" \/>\n<meta name=\"twitter:card\" content=\"summary_large_image\" \/>\n<meta name=\"twitter:label1\" content=\"Arvioitu lukuaika\" \/>\n\t<meta name=\"twitter:data1\" content=\"3 minuuttia\" \/>\n<script type=\"application\/ld+json\" class=\"yoast-schema-graph\">{\"@context\":\"https:\/\/schema.org\",\"@graph\":[{\"@type\":\"WebPage\",\"@id\":\"https:\/\/rotary.fi\/kangasala\/\",\"url\":\"https:\/\/rotary.fi\/kangasala\/\",\"name\":\"Etusivu - Kangasalan Rotaryklubi ry\",\"isPartOf\":{\"@id\":\"https:\/\/rotary.fi\/kangasala\/#website\"},\"primaryImageOfPage\":{\"@id\":\"https:\/\/rotary.fi\/kangasala\/#primaryimage\"},\"image\":{\"@id\":\"https:\/\/rotary.fi\/kangasala\/#primaryimage\"},\"thumbnailUrl\":\"https:\/\/rotary.fi\/kangasala\/wp-content\/uploads\/sites\/144\/2025\/08\/kangasalan-kartta.jpg\",\"datePublished\":\"2018-08-08T11:36:36+00:00\",\"dateModified\":\"2026-01-28T20:23:58+00:00\",\"breadcrumb\":{\"@id\":\"https:\/\/rotary.fi\/kangasala\/#breadcrumb\"},\"inLanguage\":\"fi\",\"potentialAction\":[{\"@type\":\"ReadAction\",\"target\":[\"https:\/\/rotary.fi\/kangasala\/\"]}]},{\"@type\":\"ImageObject\",\"inLanguage\":\"fi\",\"@id\":\"https:\/\/rotary.fi\/kangasala\/#primaryimage\",\"url\":\"https:\/\/rotary.fi\/kangasala\/wp-content\/uploads\/sites\/144\/2025\/08\/kangasalan-kartta.jpg\",\"contentUrl\":\"https:\/\/rotary.fi\/kangasala\/wp-content\/uploads\/sites\/144\/2025\/08\/kangasalan-kartta.jpg\",\"width\":1744,\"height\":826,\"caption\":\"Screenshot\"},{\"@type\":\"BreadcrumbList\",\"@id\":\"https:\/\/rotary.fi\/kangasala\/#breadcrumb\",\"itemListElement\":[{\"@type\":\"ListItem\",\"position\":1,\"name\":\"Home\",\"item\":\"https:\/\/rotary.fi\/kangasala\/\"},{\"@type\":\"ListItem\",\"position\":2,\"name\":\"Etusivu\"}]},{\"@type\":\"WebSite\",\"@id\":\"https:\/\/rotary.fi\/kangasala\/#website\",\"url\":\"https:\/\/rotary.fi\/kangasala\/\",\"name\":\"Kangasalan Rotaryklubi ry\",\"description\":\"Uusi Rotary klubisivusto\",\"potentialAction\":[{\"@type\":\"SearchAction\",\"target\":{\"@type\":\"EntryPoint\",\"urlTemplate\":\"https:\/\/rotary.fi\/kangasala\/?s={search_term_string}\"},\"query-input\":{\"@type\":\"PropertyValueSpecification\",\"valueRequired\":true,\"valueName\":\"search_term_string\"}}],\"inLanguage\":\"fi\"}]}<\/script>\n<!-- \/ Yoast SEO plugin. -->","yoast_head_json":{"title":"Etusivu - Kangasalan Rotaryklubi ry","robots":{"index":"index","follow":"follow","max-snippet":"max-snippet:-1","max-image-preview":"max-image-preview:large","max-video-preview":"max-video-preview:-1"},"canonical":"https:\/\/rotary.fi\/kangasala\/","og_locale":"fi_FI","og_type":"article","og_title":"Etusivu - Kangasalan Rotaryklubi ry","og_description":"Tapahtui 2023 - 2025Itsen\u00e4isyysjuhlavartio 2023Itsen\u00e4isyysjuhlavartio 2024Projektien kimpussa 2025Jouluvierailu Ikifit-hoivakotiinPiirikuvern\u00f6\u00f6ri vieraana 2025Eduskuntavierailulla Sofia Vikmanin vieraana","og_url":"https:\/\/rotary.fi\/kangasala\/","og_site_name":"Kangasalan Rotaryklubi ry","article_modified_time":"2026-01-28T20:23:58+00:00","og_image":[{"width":1744,"height":826,"url":"https:\/\/rotary.fi\/kangasala\/wp-content\/uploads\/sites\/144\/2025\/08\/kangasalan-kartta.jpg","type":"image\/jpeg"}],"twitter_card":"summary_large_image","twitter_misc":{"Arvioitu lukuaika":"3 minuuttia"},"schema":{"@context":"https:\/\/schema.org","@graph":[{"@type":"WebPage","@id":"https:\/\/rotary.fi\/kangasala\/","url":"https:\/\/rotary.fi\/kangasala\/","name":"Etusivu - Kangasalan Rotaryklubi ry","isPartOf":{"@id":"https:\/\/rotary.fi\/kangasala\/#website"},"primaryImageOfPage":{"@id":"https:\/\/rotary.fi\/kangasala\/#primaryimage"},"image":{"@id":"https:\/\/rotary.fi\/kangasala\/#primaryimage"},"thumbnailUrl":"https:\/\/rotary.fi\/kangasala\/wp-content\/uploads\/sites\/144\/2025\/08\/kangasalan-kartta.jpg","datePublished":"2018-08-08T11:36:36+00:00","dateModified":"2026-01-28T20:23:58+00:00","breadcrumb":{"@id":"https:\/\/rotary.fi\/kangasala\/#breadcrumb"},"inLanguage":"fi","potentialAction":[{"@type":"ReadAction","target":["https:\/\/rotary.fi\/kangasala\/"]}]},{"@type":"ImageObject","inLanguage":"fi","@id":"https:\/\/rotary.fi\/kangasala\/#primaryimage","url":"https:\/\/rotary.fi\/kangasala\/wp-content\/uploads\/sites\/144\/2025\/08\/kangasalan-kartta.jpg","contentUrl":"https:\/\/rotary.fi\/kangasala\/wp-content\/uploads\/sites\/144\/2025\/08\/kangasalan-kartta.jpg","width":1744,"height":826,"caption":"Screenshot"},{"@type":"BreadcrumbList","@id":"https:\/\/rotary.fi\/kangasala\/#breadcrumb","itemListElement":[{"@type":"ListItem","position":1,"name":"Home","item":"https:\/\/rotary.fi\/kangasala\/"},{"@type":"ListItem","position":2,"name":"Etusivu"}]},{"@type":"WebSite","@id":"https:\/\/rotary.fi\/kangasala\/#website","url":"https:\/\/rotary.fi\/kangasala\/","name":"Kangasalan Rotaryklubi ry","description":"Uusi Rotary klubisivusto","potentialAction":[{"@type":"SearchAction","target":{"@type":"EntryPoint","urlTemplate":"https:\/\/rotary.fi\/kangasala\/?s={search_term_string}"},"query-input":{"@type":"PropertyValueSpecification","valueRequired":true,"valueName":"search_term_string"}}],"inLanguage":"fi"}]}},"lang":"fi","translations":{"fi":15},"pll_sync_post":[],"_links":{"self":[{"href":"https:\/\/rotary.fi\/kangasala\/wp-json\/wp\/v2\/pages\/15","targetHints":{"allow":["GET"]}}],"collection":[{"href":"https:\/\/rotary.fi\/kangasala\/wp-json\/wp\/v2\/pages"}],"about":[{"href":"https:\/\/rotary.fi\/kangasala\/wp-json\/wp\/v2\/types\/page"}],"author":[{"embeddable":true,"href":"https:\/\/rotary.fi\/kangasala\/wp-json\/wp\/v2\/users\/1"}],"replies":[{"embeddable":true,"href":"https:\/\/rotary.fi\/kangasala\/wp-json\/wp\/v2\/comments?post=15"}],"version-history":[{"count":10,"href":"https:\/\/rotary.fi\/kangasala\/wp-json\/wp\/v2\/pages\/15\/revisions"}],"predecessor-version":[{"id":4620,"href":"https:\/\/rotary.fi\/kangasala\/wp-json\/wp\/v2\/pages\/15\/revisions\/4620"}],"wp:featuredmedia":[{"embeddable":true,"href":"https:\/\/rotary.fi\/kangasala\/wp-json\/wp\/v2\/media\/4241"}],"wp:attachment":[{"href":"https:\/\/rotary.fi\/kangasala\/wp-json\/wp\/v2\/media?parent=15"}],"curies":[{"name":"wp","href":"https:\/\/api.w.org\/{rel}","templated":true}]}}