{"id":129,"date":"2018-08-10T13:41:39","date_gmt":"2018-08-10T10:41:39","guid":{"rendered":"https:\/\/rotary.fi\/klubi2\/?page_id=129"},"modified":"2025-11-23T23:11:00","modified_gmt":"2025-11-23T21:11:00","slug":"keita-olemme","status":"publish","type":"page","link":"https:\/\/rotary.fi\/kangasala\/keita-olemme\/","title":{"rendered":"Keit\u00e4 olemme"},"content":{"rendered":"<p>[et_pb_section fb_built=&#8221;1&#8243; module_class=&#8221;jumbotron-page&#8221; _builder_version=&#8221;4.27.4&#8243; background_image=&#8221;https:\/\/rotary.fi\/kangasala\/wp-content\/uploads\/sites\/144\/2025\/11\/kotisivulle-8-1.jpeg&#8221; global_colors_info=&#8221;{}&#8221;][et_pb_row _builder_version=&#8221;4.16&#8243; background_size=&#8221;initial&#8221; background_position=&#8221;top_left&#8221; background_repeat=&#8221;repeat&#8221; global_colors_info=&#8221;{}&#8221;][et_pb_column type=&#8221;4_4&#8243; _builder_version=&#8221;4.16&#8243; custom_padding=&#8221;|||&#8221; global_colors_info=&#8221;{}&#8221; custom_padding__hover=&#8221;|||&#8221;][et_pb_text admin_label=&#8221;P\u00e4\u00e4otsikko&#8221; _builder_version=&#8221;4.27.4&#8243; text_orientation=&#8221;center&#8221; background_layout=&#8221;dark&#8221; global_colors_info=&#8221;{}&#8221;][\/et_pb_text][\/et_pb_column][\/et_pb_row][\/et_pb_section][et_pb_section fb_built=&#8221;1&#8243; specialty=&#8221;on&#8221; module_class_2=&#8221;sivupalkki&#8221; _builder_version=&#8221;4.16&#8243; global_colors_info=&#8221;{}&#8221;][et_pb_column type=&#8221;2_3&#8243; specialty_columns=&#8221;2&#8243; _builder_version=&#8221;4.16&#8243; custom_padding=&#8221;|||&#8221; global_colors_info=&#8221;{}&#8221; custom_padding__hover=&#8221;|||&#8221;][et_pb_row_inner admin_label=&#8221;Rivi&#8221; _builder_version=&#8221;4.16&#8243; global_colors_info=&#8221;{}&#8221;][et_pb_column_inner saved_specialty_column_type=&#8221;2_3&#8243; _builder_version=&#8221;4.16&#8243; custom_padding=&#8221;|||&#8221; global_colors_info=&#8221;{}&#8221; custom_padding__hover=&#8221;|||&#8221;][et_pb_text admin_label=&#8221;Otsikko&#8221; _builder_version=&#8221;4.27.4&#8243; text_orientation=&#8221;center&#8221; global_colors_info=&#8221;{}&#8221;]<\/p>\n<h1>Keit\u00e4 olemme<\/h1>\n<p>[\/et_pb_text][et_pb_text _builder_version=&#8221;4.27.4&#8243; hover_enabled=&#8221;0&#8243; global_colors_info=&#8221;{}&#8221; sticky_enabled=&#8221;0&#8243;]<\/p>\n<p>Kangasalan Rotaryklubi on perustettu vuonna 1998. Aluksi toimintaan l\u00e4hti mukaan 14 miest\u00e4 ja 6 naista. T\u00e4ll\u00e4 hetkell\u00e4 klubissamme on 12 miest\u00e4 ja 10 naista. Klubimme kokoukset ovat kahden viikon v\u00e4lein, kuukauden parittomina keskiviikkoina. Kokousohjelmaamme kuuluu aina esitelm\u00e4 ja esitelm\u00e4t ovatkin yksi t\u00e4rkeist\u00e4 ja keskeisist\u00e4 osista ja ne ovatkin elleet aina varsin korkeatasoisia. Rotarit on maailman vanhin ja arvovaltaisin palveluj\u00e4rjest\u00f6. T\u00e4ss\u00e4 muutamia tunnuslauseitamme: &#8221;Palvelu itsekkyyden edelle&#8221; ja &#8221;H\u00e4n voittaa eniten, joka palvelee parhaiten&#8221;. Kangasalan Rotaryklubin yksi keskeisi\u00e4 toimintamuotoja on ollut nuorisovaihtotoiminta. Korona katkaisi muutamaksi vuodeksi vaihtotoiminnan, mutta toivomme sen elpyv\u00e4n j\u00e4lleen l\u00e4hivuosina.<\/p>\n<p>[\/et_pb_text][\/et_pb_column_inner][\/et_pb_row_inner][\/et_pb_column][et_pb_column type=&#8221;1_3&#8243; _builder_version=&#8221;4.16&#8243; custom_padding=&#8221;|||&#8221; global_colors_info=&#8221;{}&#8221; custom_padding__hover=&#8221;|||&#8221;][et_pb_sidebar area=&#8221;sidebar-1&#8243; module_class=&#8221;sivupalkki_sisalto&#8221; _builder_version=&#8221;4.16&#8243; global_colors_info=&#8221;{}&#8221;][\/et_pb_sidebar][\/et_pb_column][\/et_pb_section]<\/p>\n","protected":false},"excerpt":{"rendered":"<p>Keit\u00e4 olemmeKangasalan Rotaryklubi on perustettu vuonna 1998. Aluksi toimintaan l\u00e4hti mukaan 14 miest\u00e4 ja 6 naista. T\u00e4ll\u00e4 hetkell\u00e4 klubissamme on 12 miest\u00e4 ja 10 naista. Klubimme kokoukset ovat kahden viikon v\u00e4lein, kuukauden parittomina keskiviikkoina. Kokousohjelmaamme kuuluu aina esitelm\u00e4 ja esitelm\u00e4t ovatkin yksi t\u00e4rkeist\u00e4 ja keskeisist\u00e4 osista ja ne ovatkin elleet aina varsin korkeatasoisia. Rotarit on [&hellip;]<\/p>\n","protected":false},"author":1,"featured_media":0,"parent":0,"menu_order":0,"comment_status":"closed","ping_status":"closed","template":"","meta":{"_acf_changed":false,"_et_pb_use_builder":"on","_et_pb_old_content":"","_et_gb_content_width":"","footnotes":""},"class_list":["post-129","page","type-page","status-publish","hentry"],"acf":[],"yoast_head":"<!-- This site is optimized with the Yoast SEO plugin v27.4 - https:\/\/yoast.com\/product\/yoast-seo-wordpress\/ -->\n<title>Keit\u00e4 olemme - Kangasalan Rotaryklubi ry<\/title>\n<meta name=\"robots\" content=\"index, follow, max-snippet:-1, max-image-preview:large, max-video-preview:-1\" \/>\n<link rel=\"canonical\" href=\"https:\/\/rotary.fi\/kangasala\/keita-olemme\/\" \/>\n<meta property=\"og:locale\" content=\"fi_FI\" \/>\n<meta property=\"og:type\" content=\"article\" \/>\n<meta property=\"og:title\" content=\"Keit\u00e4 olemme - Kangasalan Rotaryklubi ry\" \/>\n<meta property=\"og:description\" content=\"Keit\u00e4 olemmeKangasalan Rotaryklubi on perustettu vuonna 1998. Aluksi toimintaan l\u00e4hti mukaan 14 miest\u00e4 ja 6 naista. T\u00e4ll\u00e4 hetkell\u00e4 klubissamme on 12 miest\u00e4 ja 10 naista. Klubimme kokoukset ovat kahden viikon v\u00e4lein, kuukauden parittomina keskiviikkoina. Kokousohjelmaamme kuuluu aina esitelm\u00e4 ja esitelm\u00e4t ovatkin yksi t\u00e4rkeist\u00e4 ja keskeisist\u00e4 osista ja ne ovatkin elleet aina varsin korkeatasoisia. Rotarit on [&hellip;]\" \/>\n<meta property=\"og:url\" content=\"https:\/\/rotary.fi\/kangasala\/keita-olemme\/\" \/>\n<meta property=\"og:site_name\" content=\"Kangasalan Rotaryklubi ry\" \/>\n<meta property=\"article:modified_time\" content=\"2025-11-23T21:11:00+00:00\" \/>\n<meta name=\"twitter:card\" content=\"summary_large_image\" \/>\n<meta name=\"twitter:label1\" content=\"Arvioitu lukuaika\" \/>\n\t<meta name=\"twitter:data1\" content=\"1 minuutti\" \/>\n<script type=\"application\/ld+json\" class=\"yoast-schema-graph\">{\"@context\":\"https:\\\/\\\/schema.org\",\"@graph\":[{\"@type\":\"WebPage\",\"@id\":\"https:\\\/\\\/rotary.fi\\\/kangasala\\\/keita-olemme\\\/\",\"url\":\"https:\\\/\\\/rotary.fi\\\/kangasala\\\/keita-olemme\\\/\",\"name\":\"Keit\u00e4 olemme - Kangasalan Rotaryklubi ry\",\"isPartOf\":{\"@id\":\"https:\\\/\\\/rotary.fi\\\/kangasala\\\/#website\"},\"datePublished\":\"2018-08-10T10:41:39+00:00\",\"dateModified\":\"2025-11-23T21:11:00+00:00\",\"breadcrumb\":{\"@id\":\"https:\\\/\\\/rotary.fi\\\/kangasala\\\/keita-olemme\\\/#breadcrumb\"},\"inLanguage\":\"fi\",\"potentialAction\":[{\"@type\":\"ReadAction\",\"target\":[\"https:\\\/\\\/rotary.fi\\\/kangasala\\\/keita-olemme\\\/\"]}]},{\"@type\":\"BreadcrumbList\",\"@id\":\"https:\\\/\\\/rotary.fi\\\/kangasala\\\/keita-olemme\\\/#breadcrumb\",\"itemListElement\":[{\"@type\":\"ListItem\",\"position\":1,\"name\":\"Home\",\"item\":\"https:\\\/\\\/rotary.fi\\\/kangasala\\\/\"},{\"@type\":\"ListItem\",\"position\":2,\"name\":\"Keit\u00e4 olemme\"}]},{\"@type\":\"WebSite\",\"@id\":\"https:\\\/\\\/rotary.fi\\\/kangasala\\\/#website\",\"url\":\"https:\\\/\\\/rotary.fi\\\/kangasala\\\/\",\"name\":\"Kangasalan Rotaryklubi ry\",\"description\":\"Uusi Rotary klubisivusto\",\"potentialAction\":[{\"@type\":\"SearchAction\",\"target\":{\"@type\":\"EntryPoint\",\"urlTemplate\":\"https:\\\/\\\/rotary.fi\\\/kangasala\\\/?s={search_term_string}\"},\"query-input\":{\"@type\":\"PropertyValueSpecification\",\"valueRequired\":true,\"valueName\":\"search_term_string\"}}],\"inLanguage\":\"fi\"}]}<\/script>\n<!-- \/ Yoast SEO plugin. -->","yoast_head_json":{"title":"Keit\u00e4 olemme - Kangasalan Rotaryklubi ry","robots":{"index":"index","follow":"follow","max-snippet":"max-snippet:-1","max-image-preview":"max-image-preview:large","max-video-preview":"max-video-preview:-1"},"canonical":"https:\/\/rotary.fi\/kangasala\/keita-olemme\/","og_locale":"fi_FI","og_type":"article","og_title":"Keit\u00e4 olemme - Kangasalan Rotaryklubi ry","og_description":"Keit\u00e4 olemmeKangasalan Rotaryklubi on perustettu vuonna 1998. Aluksi toimintaan l\u00e4hti mukaan 14 miest\u00e4 ja 6 naista. T\u00e4ll\u00e4 hetkell\u00e4 klubissamme on 12 miest\u00e4 ja 10 naista. Klubimme kokoukset ovat kahden viikon v\u00e4lein, kuukauden parittomina keskiviikkoina. Kokousohjelmaamme kuuluu aina esitelm\u00e4 ja esitelm\u00e4t ovatkin yksi t\u00e4rkeist\u00e4 ja keskeisist\u00e4 osista ja ne ovatkin elleet aina varsin korkeatasoisia. Rotarit on [&hellip;]","og_url":"https:\/\/rotary.fi\/kangasala\/keita-olemme\/","og_site_name":"Kangasalan Rotaryklubi ry","article_modified_time":"2025-11-23T21:11:00+00:00","twitter_card":"summary_large_image","twitter_misc":{"Arvioitu lukuaika":"1 minuutti"},"schema":{"@context":"https:\/\/schema.org","@graph":[{"@type":"WebPage","@id":"https:\/\/rotary.fi\/kangasala\/keita-olemme\/","url":"https:\/\/rotary.fi\/kangasala\/keita-olemme\/","name":"Keit\u00e4 olemme - Kangasalan Rotaryklubi ry","isPartOf":{"@id":"https:\/\/rotary.fi\/kangasala\/#website"},"datePublished":"2018-08-10T10:41:39+00:00","dateModified":"2025-11-23T21:11:00+00:00","breadcrumb":{"@id":"https:\/\/rotary.fi\/kangasala\/keita-olemme\/#breadcrumb"},"inLanguage":"fi","potentialAction":[{"@type":"ReadAction","target":["https:\/\/rotary.fi\/kangasala\/keita-olemme\/"]}]},{"@type":"BreadcrumbList","@id":"https:\/\/rotary.fi\/kangasala\/keita-olemme\/#breadcrumb","itemListElement":[{"@type":"ListItem","position":1,"name":"Home","item":"https:\/\/rotary.fi\/kangasala\/"},{"@type":"ListItem","position":2,"name":"Keit\u00e4 olemme"}]},{"@type":"WebSite","@id":"https:\/\/rotary.fi\/kangasala\/#website","url":"https:\/\/rotary.fi\/kangasala\/","name":"Kangasalan Rotaryklubi ry","description":"Uusi Rotary klubisivusto","potentialAction":[{"@type":"SearchAction","target":{"@type":"EntryPoint","urlTemplate":"https:\/\/rotary.fi\/kangasala\/?s={search_term_string}"},"query-input":{"@type":"PropertyValueSpecification","valueRequired":true,"valueName":"search_term_string"}}],"inLanguage":"fi"}]}},"lang":"fi","translations":{"fi":129},"pll_sync_post":[],"_links":{"self":[{"href":"https:\/\/rotary.fi\/kangasala\/wp-json\/wp\/v2\/pages\/129","targetHints":{"allow":["GET"]}}],"collection":[{"href":"https:\/\/rotary.fi\/kangasala\/wp-json\/wp\/v2\/pages"}],"about":[{"href":"https:\/\/rotary.fi\/kangasala\/wp-json\/wp\/v2\/types\/page"}],"author":[{"embeddable":true,"href":"https:\/\/rotary.fi\/kangasala\/wp-json\/wp\/v2\/users\/1"}],"replies":[{"embeddable":true,"href":"https:\/\/rotary.fi\/kangasala\/wp-json\/wp\/v2\/comments?post=129"}],"version-history":[{"count":11,"href":"https:\/\/rotary.fi\/kangasala\/wp-json\/wp\/v2\/pages\/129\/revisions"}],"predecessor-version":[{"id":4583,"href":"https:\/\/rotary.fi\/kangasala\/wp-json\/wp\/v2\/pages\/129\/revisions\/4583"}],"wp:attachment":[{"href":"https:\/\/rotary.fi\/kangasala\/wp-json\/wp\/v2\/media?parent=129"}],"curies":[{"name":"wp","href":"https:\/\/api.w.org\/{rel}","templated":true}]}}