{"id":1561,"date":"2020-05-28T15:46:23","date_gmt":"2020-05-28T12:46:23","guid":{"rendered":"https:\/\/rotary.fi\/kajaanielias\/?page_id=1561"},"modified":"2022-11-09T16:36:51","modified_gmt":"2022-11-09T14:36:51","slug":"keita-olemme","status":"publish","type":"page","link":"https:\/\/rotary.fi\/kajaanielias\/keita-olemme\/","title":{"rendered":"Keit\u00e4 olemme"},"content":{"rendered":"<p><strong>Kajaani Elias Rotaryklubi<\/strong><\/p>\n<p>Kajaani Elias Rotaryklubi on perustettu vuonna 1974. Me toteutamme paikallisia projekteja ja osallistumme my\u00f6s kansainv\u00e4lisiin palveluprojekteihin. Edist\u00e4mme verkostoitumista ja yhteis\u00f6llisyytt\u00e4, joka palvelee yhteist\u00e4 hyv\u00e4\u00e4.<\/p>\n<p>Kajaani Elias Rotaryklubi on <strong><u>palvelu- ja hyv\u00e4ntekev\u00e4isyysyhteis\u00f6<\/u><\/strong>, jonka tunnuslause on &#8221;<em>Palvelu itsekkyyden edelle&#8221;<\/em>. Omaan toimintaamme kuuluvat tutustumiset erilaisiin ammatillisiin- ja muihin kiinnostaviin paikallisiin tutustumiskohteisiin sek\u00e4 mielenkiintoiset ajankohtaiset luennot.<\/p>\n<p>Olemme osa Suomen Rotaryn Pohjois-Suomen piiri\u00e4 numero 1385.<\/p>\n","protected":false},"excerpt":{"rendered":"<p>Kajaani Elias Rotaryklubi Kajaani Elias Rotaryklubi on perustettu vuonna 1974. Me toteutamme paikallisia projekteja ja osallistumme my\u00f6s kansainv\u00e4lisiin palveluprojekteihin. Edist\u00e4mme verkostoitumista ja yhteis\u00f6llisyytt\u00e4, joka palvelee yhteist\u00e4 hyv\u00e4\u00e4. Kajaani Elias Rotaryklubi on palvelu- ja hyv\u00e4ntekev\u00e4isyysyhteis\u00f6, jonka tunnuslause on &#8221;Palvelu itsekkyyden edelle&#8221;. Omaan toimintaamme kuuluvat tutustumiset erilaisiin ammatillisiin- ja muihin kiinnostaviin paikallisiin tutustumiskohteisiin sek\u00e4 mielenkiintoiset ajankohtaiset luennot. [&hellip;]<\/p>\n","protected":false},"author":1,"featured_media":0,"parent":0,"menu_order":0,"comment_status":"closed","ping_status":"closed","template":"","meta":{"_acf_changed":false,"_et_pb_use_builder":"off","_et_pb_old_content":"","_et_gb_content_width":"","footnotes":""},"class_list":["post-1561","page","type-page","status-publish","hentry"],"acf":[],"yoast_head":"<!-- This site is optimized with the Yoast SEO plugin v27.0 - https:\/\/yoast.com\/product\/yoast-seo-wordpress\/ -->\n<title>Keit\u00e4 olemme - Kajaani Elias Rotaryklubi<\/title>\n<meta name=\"robots\" content=\"index, follow, max-snippet:-1, max-image-preview:large, max-video-preview:-1\" \/>\n<link rel=\"canonical\" href=\"https:\/\/rotary.fi\/kajaanielias\/keita-olemme\/\" \/>\n<meta property=\"og:locale\" content=\"fi_FI\" \/>\n<meta property=\"og:type\" content=\"article\" \/>\n<meta property=\"og:title\" content=\"Keit\u00e4 olemme - Kajaani Elias Rotaryklubi\" \/>\n<meta property=\"og:description\" content=\"Kajaani Elias Rotaryklubi Kajaani Elias Rotaryklubi on perustettu vuonna 1974. Me toteutamme paikallisia projekteja ja osallistumme my\u00f6s kansainv\u00e4lisiin palveluprojekteihin. Edist\u00e4mme verkostoitumista ja yhteis\u00f6llisyytt\u00e4, joka palvelee yhteist\u00e4 hyv\u00e4\u00e4. Kajaani Elias Rotaryklubi on palvelu- ja hyv\u00e4ntekev\u00e4isyysyhteis\u00f6, jonka tunnuslause on &#8221;Palvelu itsekkyyden edelle&#8221;. Omaan toimintaamme kuuluvat tutustumiset erilaisiin ammatillisiin- ja muihin kiinnostaviin paikallisiin tutustumiskohteisiin sek\u00e4 mielenkiintoiset ajankohtaiset luennot. [&hellip;]\" \/>\n<meta property=\"og:url\" content=\"https:\/\/rotary.fi\/kajaanielias\/keita-olemme\/\" \/>\n<meta property=\"og:site_name\" content=\"Kajaani Elias Rotaryklubi\" \/>\n<meta property=\"article:modified_time\" content=\"2022-11-09T14:36:51+00:00\" \/>\n<meta name=\"twitter:card\" content=\"summary_large_image\" \/>\n<meta name=\"twitter:label1\" content=\"Arvioitu lukuaika\" \/>\n\t<meta name=\"twitter:data1\" content=\"1 minuutti\" \/>\n<script type=\"application\/ld+json\" class=\"yoast-schema-graph\">{\"@context\":\"https:\/\/schema.org\",\"@graph\":[{\"@type\":\"WebPage\",\"@id\":\"https:\/\/rotary.fi\/kajaanielias\/keita-olemme\/\",\"url\":\"https:\/\/rotary.fi\/kajaanielias\/keita-olemme\/\",\"name\":\"Keit\u00e4 olemme - Kajaani Elias Rotaryklubi\",\"isPartOf\":{\"@id\":\"https:\/\/rotary.fi\/kajaanielias\/#website\"},\"datePublished\":\"2020-05-28T12:46:23+00:00\",\"dateModified\":\"2022-11-09T14:36:51+00:00\",\"breadcrumb\":{\"@id\":\"https:\/\/rotary.fi\/kajaanielias\/keita-olemme\/#breadcrumb\"},\"inLanguage\":\"fi\",\"potentialAction\":[{\"@type\":\"ReadAction\",\"target\":[\"https:\/\/rotary.fi\/kajaanielias\/keita-olemme\/\"]}]},{\"@type\":\"BreadcrumbList\",\"@id\":\"https:\/\/rotary.fi\/kajaanielias\/keita-olemme\/#breadcrumb\",\"itemListElement\":[{\"@type\":\"ListItem\",\"position\":1,\"name\":\"Home\",\"item\":\"https:\/\/rotary.fi\/kajaanielias\/\"},{\"@type\":\"ListItem\",\"position\":2,\"name\":\"Keit\u00e4 olemme\"}]},{\"@type\":\"WebSite\",\"@id\":\"https:\/\/rotary.fi\/kajaanielias\/#website\",\"url\":\"https:\/\/rotary.fi\/kajaanielias\/\",\"name\":\"Kajaani Elias Rotaryklubi\",\"description\":\"Uusi Rotary klubisivusto\",\"potentialAction\":[{\"@type\":\"SearchAction\",\"target\":{\"@type\":\"EntryPoint\",\"urlTemplate\":\"https:\/\/rotary.fi\/kajaanielias\/?s={search_term_string}\"},\"query-input\":{\"@type\":\"PropertyValueSpecification\",\"valueRequired\":true,\"valueName\":\"search_term_string\"}}],\"inLanguage\":\"fi\"}]}<\/script>\n<!-- \/ Yoast SEO plugin. -->","yoast_head_json":{"title":"Keit\u00e4 olemme - Kajaani Elias Rotaryklubi","robots":{"index":"index","follow":"follow","max-snippet":"max-snippet:-1","max-image-preview":"max-image-preview:large","max-video-preview":"max-video-preview:-1"},"canonical":"https:\/\/rotary.fi\/kajaanielias\/keita-olemme\/","og_locale":"fi_FI","og_type":"article","og_title":"Keit\u00e4 olemme - Kajaani Elias Rotaryklubi","og_description":"Kajaani Elias Rotaryklubi Kajaani Elias Rotaryklubi on perustettu vuonna 1974. Me toteutamme paikallisia projekteja ja osallistumme my\u00f6s kansainv\u00e4lisiin palveluprojekteihin. Edist\u00e4mme verkostoitumista ja yhteis\u00f6llisyytt\u00e4, joka palvelee yhteist\u00e4 hyv\u00e4\u00e4. Kajaani Elias Rotaryklubi on palvelu- ja hyv\u00e4ntekev\u00e4isyysyhteis\u00f6, jonka tunnuslause on &#8221;Palvelu itsekkyyden edelle&#8221;. Omaan toimintaamme kuuluvat tutustumiset erilaisiin ammatillisiin- ja muihin kiinnostaviin paikallisiin tutustumiskohteisiin sek\u00e4 mielenkiintoiset ajankohtaiset luennot. [&hellip;]","og_url":"https:\/\/rotary.fi\/kajaanielias\/keita-olemme\/","og_site_name":"Kajaani Elias Rotaryklubi","article_modified_time":"2022-11-09T14:36:51+00:00","twitter_card":"summary_large_image","twitter_misc":{"Arvioitu lukuaika":"1 minuutti"},"schema":{"@context":"https:\/\/schema.org","@graph":[{"@type":"WebPage","@id":"https:\/\/rotary.fi\/kajaanielias\/keita-olemme\/","url":"https:\/\/rotary.fi\/kajaanielias\/keita-olemme\/","name":"Keit\u00e4 olemme - Kajaani Elias Rotaryklubi","isPartOf":{"@id":"https:\/\/rotary.fi\/kajaanielias\/#website"},"datePublished":"2020-05-28T12:46:23+00:00","dateModified":"2022-11-09T14:36:51+00:00","breadcrumb":{"@id":"https:\/\/rotary.fi\/kajaanielias\/keita-olemme\/#breadcrumb"},"inLanguage":"fi","potentialAction":[{"@type":"ReadAction","target":["https:\/\/rotary.fi\/kajaanielias\/keita-olemme\/"]}]},{"@type":"BreadcrumbList","@id":"https:\/\/rotary.fi\/kajaanielias\/keita-olemme\/#breadcrumb","itemListElement":[{"@type":"ListItem","position":1,"name":"Home","item":"https:\/\/rotary.fi\/kajaanielias\/"},{"@type":"ListItem","position":2,"name":"Keit\u00e4 olemme"}]},{"@type":"WebSite","@id":"https:\/\/rotary.fi\/kajaanielias\/#website","url":"https:\/\/rotary.fi\/kajaanielias\/","name":"Kajaani Elias Rotaryklubi","description":"Uusi Rotary klubisivusto","potentialAction":[{"@type":"SearchAction","target":{"@type":"EntryPoint","urlTemplate":"https:\/\/rotary.fi\/kajaanielias\/?s={search_term_string}"},"query-input":{"@type":"PropertyValueSpecification","valueRequired":true,"valueName":"search_term_string"}}],"inLanguage":"fi"}]}},"lang":"fi","translations":{"fi":1561},"pll_sync_post":[],"_links":{"self":[{"href":"https:\/\/rotary.fi\/kajaanielias\/wp-json\/wp\/v2\/pages\/1561","targetHints":{"allow":["GET"]}}],"collection":[{"href":"https:\/\/rotary.fi\/kajaanielias\/wp-json\/wp\/v2\/pages"}],"about":[{"href":"https:\/\/rotary.fi\/kajaanielias\/wp-json\/wp\/v2\/types\/page"}],"author":[{"embeddable":true,"href":"https:\/\/rotary.fi\/kajaanielias\/wp-json\/wp\/v2\/users\/1"}],"replies":[{"embeddable":true,"href":"https:\/\/rotary.fi\/kajaanielias\/wp-json\/wp\/v2\/comments?post=1561"}],"version-history":[{"count":10,"href":"https:\/\/rotary.fi\/kajaanielias\/wp-json\/wp\/v2\/pages\/1561\/revisions"}],"predecessor-version":[{"id":2066,"href":"https:\/\/rotary.fi\/kajaanielias\/wp-json\/wp\/v2\/pages\/1561\/revisions\/2066"}],"wp:attachment":[{"href":"https:\/\/rotary.fi\/kajaanielias\/wp-json\/wp\/v2\/media?parent=1561"}],"curies":[{"name":"wp","href":"https:\/\/api.w.org\/{rel}","templated":true}]}}