{"id":156,"date":"2018-08-13T09:46:59","date_gmt":"2018-08-13T06:46:59","guid":{"rendered":"https:\/\/rotary.fi\/kajaanielias\/?page_id=156"},"modified":"2022-11-03T22:43:52","modified_gmt":"2022-11-03T20:43:52","slug":"projektit","status":"publish","type":"page","link":"https:\/\/rotary.fi\/kajaanielias\/mita-teemme\/projektit\/","title":{"rendered":"Projektit"},"content":{"rendered":"<p>[et_pb_section fb_built=&#8221;1&#8243; module_class=&#8221;jumbotron-page&#8221; _builder_version=&#8221;4.16&#8243; background_image=&#8221;https:\/\/rotary.fi\/kajaanielias\/wp-content\/uploads\/sites\/47\/2018\/08\/rotary_klubit_alasivu_paakuva_5.jpg&#8221; global_colors_info=&#8221;{}&#8221;][et_pb_row _builder_version=&#8221;4.16&#8243; background_size=&#8221;initial&#8221; background_position=&#8221;top_left&#8221; background_repeat=&#8221;repeat&#8221; global_colors_info=&#8221;{}&#8221;][et_pb_column type=&#8221;4_4&#8243; _builder_version=&#8221;4.16&#8243; custom_padding=&#8221;|||&#8221; global_colors_info=&#8221;{}&#8221; custom_padding__hover=&#8221;|||&#8221;][et_pb_text admin_label=&#8221;P\u00e4\u00e4otsikko&#8221; _builder_version=&#8221;4.16&#8243; text_orientation=&#8221;center&#8221; background_layout=&#8221;dark&#8221; global_colors_info=&#8221;{}&#8221;]<\/p>\n<h1>Projektit<\/h1>\n<p>[\/et_pb_text][\/et_pb_column][\/et_pb_row][\/et_pb_section][et_pb_section fb_built=&#8221;1&#8243; specialty=&#8221;on&#8221; module_class_2=&#8221;sivupalkki&#8221; _builder_version=&#8221;4.16&#8243; global_colors_info=&#8221;{}&#8221;][et_pb_column type=&#8221;2_3&#8243; specialty_columns=&#8221;2&#8243; _builder_version=&#8221;4.16&#8243; custom_padding=&#8221;|||&#8221; global_colors_info=&#8221;{}&#8221; parallax__hover=&#8221;off&#8221; parallax_method__hover=&#8221;on&#8221; custom_padding__hover=&#8221;|||&#8221;][et_pb_row_inner admin_label=&#8221;Rivi&#8221; _builder_version=&#8221;4.16&#8243; global_colors_info=&#8221;{}&#8221;][et_pb_column_inner saved_specialty_column_type=&#8221;2_3&#8243; _builder_version=&#8221;4.16&#8243; custom_padding=&#8221;|||&#8221; global_colors_info=&#8221;{}&#8221; parallax__hover=&#8221;off&#8221; parallax_method__hover=&#8221;on&#8221; custom_padding__hover=&#8221;|||&#8221;][et_pb_text admin_label=&#8221;Projektit &#8211; Otsikko&#8221; _builder_version=&#8221;4.16&#8243; text_orientation=&#8221;center&#8221; global_colors_info=&#8221;{}&#8221;]<\/p>\n<h1>Projektit<\/h1>\n<p>[\/et_pb_text][et_pb_text _builder_version=&#8221;4.18.1&#8243; text_font=&#8221;||||||||&#8221; text_text_color=&#8221;#263B4C&#8221; background_enable_image=&#8221;off&#8221; hover_enabled=&#8221;0&#8243; global_colors_info=&#8221;{}&#8221; sticky_enabled=&#8221;0&#8243;]<\/p>\n<p style=\"text-align: left\"><em>Rotary on palveluj\u00e4rjest\u00f6. Toimimme tunnuslauseemme Palvelu itsekkyyden edelle (Service above self) mukaisesti paikallisesti ja maailmanlaajuisesti. Kansainv\u00e4linen humanit\u00e4\u00e4rinen palvelumme toteutuu Rotarys\u00e4\u00e4ti\u00f6mme koordinoimana ja hyv\u00e4ksyttyjen kumppaneiden kanssa.<\/em><\/p>\n<p>Lahjoitamme varoja humanit\u00e4\u00e4risiin projekteihin Rotarys\u00e4\u00e4ti\u00f6n kautta. Rotarys\u00e4\u00e4ti\u00f6 tukee lukuisten projektien avulla \u00e4itien ja lasten terveyden kohentamista ja sairauksien ehk\u00e4isy\u00e4 ja hoitoa. S\u00e4\u00e4ti\u00f6 edist\u00e4\u00e4 koulutusta ja lukutaitoa, vahvistaa rauhanty\u00f6t\u00e4 sek\u00e4 kasvattaa paikallistalouksia ja yhteis\u00f6j\u00e4. Rotarys\u00e4\u00e4ti\u00f6 edist\u00e4\u00e4 puhtaan veden saantia ja hygieniaosaamista siell\u00e4 miss\u00e4 t\u00e4lle on tarvetta.<\/p>\n<p style=\"text-align: left\"><strong>Paikallisia lahjoituskohteitamme:<\/strong><\/p>\n<ul style=\"text-align: left\">\n<li>Joululahjoitukset\n<ul>\n<li>v\u00e4h\u00e4varaiset<\/li>\n<li>syrj\u00e4ytyneet<\/li>\n<li>mielenterveys<\/li>\n<\/ul>\n<\/li>\n<li>Lahjoitukset lastenkodille<\/li>\n<li>Lahjoitukset seurakunnan diakonity\u00f6h\u00f6n<\/li>\n<li>Sairaalaan leikkimisv\u00e4lineit\u00e4 lapsipotilaille<\/li>\n<li>Lahjoitus Ortodoksisen Srk:n kirkon ikonien kunnostukseen<\/li>\n<\/ul>\n<p><strong>Rotarien kansainv\u00e4liset lahjoituskohteet:<\/strong><\/p>\n<ul>\n<li>Polion h\u00e4vitt\u00e4minen (Intia, Pakistan)<\/li>\n<li>Koulutarvikkeita Intiaan<\/li>\n<li>Lahjoitukset vesihuoltoon Intiaan<\/li>\n<li>\u00c4idinmaitoa vastasyntyneille (Intia)<\/li>\n<li>Implanttileikkauksia kuuroille v\u00e4h\u00e4osaisille lapsille<\/li>\n<\/ul>\n<p>&nbsp;<\/p>\n<h6 style=\"font-weight: 400\"><strong>YHTEISTY\u00d6 OMAN ASUINALUEEMME ERI TOIMIJOIDEN KANSSA<\/strong><\/h6>\n<p>&nbsp;<\/p>\n<p style=\"font-weight: 400\">Vuoden 2022 aikana olemme Rotaryklubi Kajaani Elias j\u00e4senten kesken k\u00e4ynnist\u00e4neet yhteisty\u00f6n paikallisten koulujen kanssa Nuoret &amp; LUONTO teeman mukaisesti. Oivallinen k\u00e4yt\u00e4nn\u00f6n esimerkki t\u00e4st\u00e4 on <em><strong>VESIREPPU<\/strong><\/em>.<\/p>\n<p><strong>L\u00e4hivesist\u00f6n tutkiminen helposti ja monipuolisesti<\/strong><\/p>\n<p>Vesireppu sis\u00e4lt\u00e4\u00e4 v\u00e4lineet ja ohjeet, joiden avulla l\u00e4hivesist\u00f6n tutkiminen on helppoa ja hauskaa. Mit\u00e4 n\u00e4k\u00f6syvyys kertoo vesist\u00f6n tilasta? L\u00f6ytyyk\u00f6 vedest\u00e4 sinilev\u00e4\u00e4 ja olisiko siell\u00e4 turvallista uida? Ent\u00e4 milt\u00e4 n\u00e4ytt\u00e4\u00e4 veden happitilanne?<\/p>\n<p>Vesirepun tarkoituksena on kiinnostaa lapsia ymp\u00e4rist\u00f6n tilasta ja oman l\u00e4hivesist\u00f6n tilasta. It\u00e4meren kuormitus on edelleen aivan liian suuri ja meren tila on edelleen kriittisess\u00e4 tilassa. Vesireppu-hankkeen pilottivaiheessa v 2017-18 luotiin p\u00e4\u00e4s\u00e4\u00e4nt\u00f6isesti Kouluhallituksen ja SYKEN sek\u00e4 mm. Valonian avulla koulujen ja kerhojen k\u00e4ytt\u00f6\u00f6n yksinkertainen ja turvallinen ty\u00f6kalu, VESIREPPU, jolla voidaan esim. ryhm\u00e4\/luokkakohtaisilla luontop\u00e4iv\u00e4retkill\u00e4 seurata luonnon tilaa.<\/p>\n<p><strong>Vesirepun avulla voidaan tutkia seuraavia asioita:<\/strong><\/p>\n<ul>\n<li>l\u00e4mp\u00f6tilaa (vesil\u00e4mp\u00f6mittari)<\/li>\n<li>n\u00e4k\u00f6syvyytt\u00e4 (Secchi-levy)<\/li>\n<li>sinilev\u00e4tilannetta<\/li>\n<li>sameutta (World Water Monitoring Challenge -purkki, tarra ja sameusasteikko)<\/li>\n<li>happipitoisuutta (testiputki,DO-tabletti, v\u00e4riasteikko)<\/li>\n<li>fosfori- ja typpipitoisuutta vedess\u00e4<\/li>\n<\/ul>\n<p><strong>Vesirepun k\u00e4ytt\u00f6 opetuksessa<\/strong><\/p>\n<p>Vesireppua on tarkoitus k\u00e4ytt\u00e4\u00e4 l\u00e4hiymp\u00e4rist\u00f6n tutkimiseen osana Ihan Pihalla tyyppisess\u00e4 koulun\/ryhm\u00e4n luontokasvatus-hankkeessa tuotettavia oppimiskokonaisuuksia. Kouluissa voi oppilaiden kanssa koota \u201dOman l\u00e4hiveden tarinan\u201d, joka alkaa oppilaiden ennakkok\u00e4sitysten kartoittamisella esimerkiksi ajatuskartan avulla. Seuraavaksi tutustutaan yhdess\u00e4 tutkimusv\u00e4lineisiin ja matkataan n\u00e4ytteenottoon l\u00e4hivesist\u00f6n rantaan Vesirepun ohjeita ja v\u00e4lineit\u00e4 hy\u00f6dynt\u00e4en. Maastossa otetaan kuvia ja luokassa havainnot voidaan kirjata yhdess\u00e4 yl\u00f6s vaikkapa J\u00e4rvi&amp;MeriWiki-palveluun. Vaikka Vesireppu on kehitetty ensisijaisesti kouluille, se soveltuu mainiosti my\u00f6s kaikille veden tilan seurannasta kiinnostuneille kansalaisille. Vesireppua voi\u00a0k\u00e4ytt\u00e4\u00e4 vaikkapa oman m\u00f6kkirannan veden tutkimiseen!<\/p>\n<p style=\"text-align: left\">[\/et_pb_text][\/et_pb_column_inner][\/et_pb_row_inner][\/et_pb_column][et_pb_column type=&#8221;1_3&#8243; module_class=&#8221;sivupalkki&#8221; _builder_version=&#8221;4.16&#8243; custom_padding=&#8221;|||&#8221; global_colors_info=&#8221;{}&#8221; parallax__hover=&#8221;off&#8221; parallax_method__hover=&#8221;on&#8221; module_class__hover=&#8221;sivupalkki&#8221; custom_padding__hover=&#8221;|||&#8221;][et_pb_sidebar area=&#8221;sidebar-1&#8243; module_class=&#8221;sivupalkki_sisalto&#8221; _builder_version=&#8221;4.16&#8243; locked=&#8221;on&#8221; global_colors_info=&#8221;{}&#8221;][\/et_pb_sidebar][\/et_pb_column][\/et_pb_section]<\/p>\n","protected":false},"excerpt":{"rendered":"<p>Projektit Projektit Rotary on palveluj\u00e4rjest\u00f6. Toimimme tunnuslauseemme Palvelu itsekkyyden edelle (Service above self) mukaisesti paikallisesti ja maailmanlaajuisesti. Kansainv\u00e4linen humanit\u00e4\u00e4rinen palvelumme toteutuu Rotarys\u00e4\u00e4ti\u00f6mme koordinoimana ja hyv\u00e4ksyttyjen kumppaneiden kanssa. Lahjoitamme varoja humanit\u00e4\u00e4risiin projekteihin Rotarys\u00e4\u00e4ti\u00f6n kautta. Rotarys\u00e4\u00e4ti\u00f6 tukee lukuisten projektien avulla \u00e4itien ja lasten terveyden kohentamista ja sairauksien ehk\u00e4isy\u00e4 ja hoitoa. S\u00e4\u00e4ti\u00f6 edist\u00e4\u00e4 koulutusta ja lukutaitoa, vahvistaa rauhanty\u00f6t\u00e4 [&hellip;]<\/p>\n","protected":false},"author":1,"featured_media":0,"parent":77,"menu_order":0,"comment_status":"closed","ping_status":"closed","template":"","meta":{"_acf_changed":false,"_et_pb_use_builder":"on","_et_pb_old_content":"","_et_gb_content_width":"","footnotes":""},"class_list":["post-156","page","type-page","status-publish","hentry"],"acf":[],"yoast_head":"<!-- This site is optimized with the Yoast SEO plugin v27.0 - https:\/\/yoast.com\/product\/yoast-seo-wordpress\/ -->\n<title>Projektit - Kajaani Elias Rotaryklubi<\/title>\n<meta name=\"robots\" content=\"index, follow, max-snippet:-1, max-image-preview:large, max-video-preview:-1\" \/>\n<link rel=\"canonical\" href=\"https:\/\/rotary.fi\/kajaanielias\/mita-teemme\/projektit\/\" \/>\n<meta property=\"og:locale\" content=\"fi_FI\" \/>\n<meta property=\"og:type\" content=\"article\" \/>\n<meta property=\"og:title\" content=\"Projektit - Kajaani Elias Rotaryklubi\" \/>\n<meta property=\"og:description\" content=\"Projektit Projektit Rotary on palveluj\u00e4rjest\u00f6. Toimimme tunnuslauseemme Palvelu itsekkyyden edelle (Service above self) mukaisesti paikallisesti ja maailmanlaajuisesti. Kansainv\u00e4linen humanit\u00e4\u00e4rinen palvelumme toteutuu Rotarys\u00e4\u00e4ti\u00f6mme koordinoimana ja hyv\u00e4ksyttyjen kumppaneiden kanssa. Lahjoitamme varoja humanit\u00e4\u00e4risiin projekteihin Rotarys\u00e4\u00e4ti\u00f6n kautta. Rotarys\u00e4\u00e4ti\u00f6 tukee lukuisten projektien avulla \u00e4itien ja lasten terveyden kohentamista ja sairauksien ehk\u00e4isy\u00e4 ja hoitoa. S\u00e4\u00e4ti\u00f6 edist\u00e4\u00e4 koulutusta ja lukutaitoa, vahvistaa rauhanty\u00f6t\u00e4 [&hellip;]\" \/>\n<meta property=\"og:url\" content=\"https:\/\/rotary.fi\/kajaanielias\/mita-teemme\/projektit\/\" \/>\n<meta property=\"og:site_name\" content=\"Kajaani Elias Rotaryklubi\" \/>\n<meta property=\"article:modified_time\" content=\"2022-11-03T20:43:52+00:00\" \/>\n<meta name=\"twitter:card\" content=\"summary_large_image\" \/>\n<meta name=\"twitter:label1\" content=\"Arvioitu lukuaika\" \/>\n\t<meta name=\"twitter:data1\" content=\"3 minuuttia\" \/>\n<script type=\"application\/ld+json\" class=\"yoast-schema-graph\">{\"@context\":\"https:\/\/schema.org\",\"@graph\":[{\"@type\":\"WebPage\",\"@id\":\"https:\/\/rotary.fi\/kajaanielias\/mita-teemme\/projektit\/\",\"url\":\"https:\/\/rotary.fi\/kajaanielias\/mita-teemme\/projektit\/\",\"name\":\"Projektit - Kajaani Elias Rotaryklubi\",\"isPartOf\":{\"@id\":\"https:\/\/rotary.fi\/kajaanielias\/#website\"},\"datePublished\":\"2018-08-13T06:46:59+00:00\",\"dateModified\":\"2022-11-03T20:43:52+00:00\",\"breadcrumb\":{\"@id\":\"https:\/\/rotary.fi\/kajaanielias\/mita-teemme\/projektit\/#breadcrumb\"},\"inLanguage\":\"fi\",\"potentialAction\":[{\"@type\":\"ReadAction\",\"target\":[\"https:\/\/rotary.fi\/kajaanielias\/mita-teemme\/projektit\/\"]}]},{\"@type\":\"BreadcrumbList\",\"@id\":\"https:\/\/rotary.fi\/kajaanielias\/mita-teemme\/projektit\/#breadcrumb\",\"itemListElement\":[{\"@type\":\"ListItem\",\"position\":1,\"name\":\"Home\",\"item\":\"https:\/\/rotary.fi\/kajaanielias\/\"},{\"@type\":\"ListItem\",\"position\":2,\"name\":\"Mit\u00e4 teemme\",\"item\":\"https:\/\/rotary.fi\/kajaanielias\/mita-teemme\/\"},{\"@type\":\"ListItem\",\"position\":3,\"name\":\"Projektit\"}]},{\"@type\":\"WebSite\",\"@id\":\"https:\/\/rotary.fi\/kajaanielias\/#website\",\"url\":\"https:\/\/rotary.fi\/kajaanielias\/\",\"name\":\"Kajaani Elias Rotaryklubi\",\"description\":\"Uusi Rotary klubisivusto\",\"potentialAction\":[{\"@type\":\"SearchAction\",\"target\":{\"@type\":\"EntryPoint\",\"urlTemplate\":\"https:\/\/rotary.fi\/kajaanielias\/?s={search_term_string}\"},\"query-input\":{\"@type\":\"PropertyValueSpecification\",\"valueRequired\":true,\"valueName\":\"search_term_string\"}}],\"inLanguage\":\"fi\"}]}<\/script>\n<!-- \/ Yoast SEO plugin. -->","yoast_head_json":{"title":"Projektit - Kajaani Elias Rotaryklubi","robots":{"index":"index","follow":"follow","max-snippet":"max-snippet:-1","max-image-preview":"max-image-preview:large","max-video-preview":"max-video-preview:-1"},"canonical":"https:\/\/rotary.fi\/kajaanielias\/mita-teemme\/projektit\/","og_locale":"fi_FI","og_type":"article","og_title":"Projektit - Kajaani Elias Rotaryklubi","og_description":"Projektit Projektit Rotary on palveluj\u00e4rjest\u00f6. Toimimme tunnuslauseemme Palvelu itsekkyyden edelle (Service above self) mukaisesti paikallisesti ja maailmanlaajuisesti. Kansainv\u00e4linen humanit\u00e4\u00e4rinen palvelumme toteutuu Rotarys\u00e4\u00e4ti\u00f6mme koordinoimana ja hyv\u00e4ksyttyjen kumppaneiden kanssa. Lahjoitamme varoja humanit\u00e4\u00e4risiin projekteihin Rotarys\u00e4\u00e4ti\u00f6n kautta. Rotarys\u00e4\u00e4ti\u00f6 tukee lukuisten projektien avulla \u00e4itien ja lasten terveyden kohentamista ja sairauksien ehk\u00e4isy\u00e4 ja hoitoa. S\u00e4\u00e4ti\u00f6 edist\u00e4\u00e4 koulutusta ja lukutaitoa, vahvistaa rauhanty\u00f6t\u00e4 [&hellip;]","og_url":"https:\/\/rotary.fi\/kajaanielias\/mita-teemme\/projektit\/","og_site_name":"Kajaani Elias Rotaryklubi","article_modified_time":"2022-11-03T20:43:52+00:00","twitter_card":"summary_large_image","twitter_misc":{"Arvioitu lukuaika":"3 minuuttia"},"schema":{"@context":"https:\/\/schema.org","@graph":[{"@type":"WebPage","@id":"https:\/\/rotary.fi\/kajaanielias\/mita-teemme\/projektit\/","url":"https:\/\/rotary.fi\/kajaanielias\/mita-teemme\/projektit\/","name":"Projektit - Kajaani Elias Rotaryklubi","isPartOf":{"@id":"https:\/\/rotary.fi\/kajaanielias\/#website"},"datePublished":"2018-08-13T06:46:59+00:00","dateModified":"2022-11-03T20:43:52+00:00","breadcrumb":{"@id":"https:\/\/rotary.fi\/kajaanielias\/mita-teemme\/projektit\/#breadcrumb"},"inLanguage":"fi","potentialAction":[{"@type":"ReadAction","target":["https:\/\/rotary.fi\/kajaanielias\/mita-teemme\/projektit\/"]}]},{"@type":"BreadcrumbList","@id":"https:\/\/rotary.fi\/kajaanielias\/mita-teemme\/projektit\/#breadcrumb","itemListElement":[{"@type":"ListItem","position":1,"name":"Home","item":"https:\/\/rotary.fi\/kajaanielias\/"},{"@type":"ListItem","position":2,"name":"Mit\u00e4 teemme","item":"https:\/\/rotary.fi\/kajaanielias\/mita-teemme\/"},{"@type":"ListItem","position":3,"name":"Projektit"}]},{"@type":"WebSite","@id":"https:\/\/rotary.fi\/kajaanielias\/#website","url":"https:\/\/rotary.fi\/kajaanielias\/","name":"Kajaani Elias Rotaryklubi","description":"Uusi Rotary klubisivusto","potentialAction":[{"@type":"SearchAction","target":{"@type":"EntryPoint","urlTemplate":"https:\/\/rotary.fi\/kajaanielias\/?s={search_term_string}"},"query-input":{"@type":"PropertyValueSpecification","valueRequired":true,"valueName":"search_term_string"}}],"inLanguage":"fi"}]}},"lang":"fi","translations":{"fi":156},"pll_sync_post":[],"_links":{"self":[{"href":"https:\/\/rotary.fi\/kajaanielias\/wp-json\/wp\/v2\/pages\/156","targetHints":{"allow":["GET"]}}],"collection":[{"href":"https:\/\/rotary.fi\/kajaanielias\/wp-json\/wp\/v2\/pages"}],"about":[{"href":"https:\/\/rotary.fi\/kajaanielias\/wp-json\/wp\/v2\/types\/page"}],"author":[{"embeddable":true,"href":"https:\/\/rotary.fi\/kajaanielias\/wp-json\/wp\/v2\/users\/1"}],"replies":[{"embeddable":true,"href":"https:\/\/rotary.fi\/kajaanielias\/wp-json\/wp\/v2\/comments?post=156"}],"version-history":[{"count":9,"href":"https:\/\/rotary.fi\/kajaanielias\/wp-json\/wp\/v2\/pages\/156\/revisions"}],"predecessor-version":[{"id":1802,"href":"https:\/\/rotary.fi\/kajaanielias\/wp-json\/wp\/v2\/pages\/156\/revisions\/1802"}],"up":[{"embeddable":true,"href":"https:\/\/rotary.fi\/kajaanielias\/wp-json\/wp\/v2\/pages\/77"}],"wp:attachment":[{"href":"https:\/\/rotary.fi\/kajaanielias\/wp-json\/wp\/v2\/media?parent=156"}],"curies":[{"name":"wp","href":"https:\/\/api.w.org\/{rel}","templated":true}]}}