{"id":138,"date":"2018-08-10T14:01:44","date_gmt":"2018-08-10T11:01:44","guid":{"rendered":"https:\/\/rotary.fi\/klubi2\/?page_id=138"},"modified":"2022-11-04T09:26:37","modified_gmt":"2022-11-04T07:26:37","slug":"vuositeema","status":"publish","type":"page","link":"https:\/\/rotary.fi\/kajaanielias\/vuositeema\/","title":{"rendered":"Vuositeema"},"content":{"rendered":"<p>[et_pb_section fb_built=&#8221;1&#8243; module_class=&#8221;jumbotron-page&#8221; _builder_version=&#8221;4.16&#8243; background_image=&#8221;https:\/\/rotary.fi\/kajaanielias\/wp-content\/uploads\/sites\/47\/2018\/08\/rotary_klubit_alasivu_paakuva_7.jpg&#8221; global_colors_info=&#8221;{}&#8221;][et_pb_row _builder_version=&#8221;4.16&#8243; background_size=&#8221;initial&#8221; background_position=&#8221;top_left&#8221; background_repeat=&#8221;repeat&#8221; global_colors_info=&#8221;{}&#8221;][et_pb_column type=&#8221;4_4&#8243; _builder_version=&#8221;4.16&#8243; custom_padding=&#8221;|||&#8221; global_colors_info=&#8221;{}&#8221; custom_padding__hover=&#8221;|||&#8221;][et_pb_text admin_label=&#8221;P\u00e4\u00e4otsikko&#8221; _builder_version=&#8221;4.16&#8243; text_orientation=&#8221;center&#8221; background_layout=&#8221;dark&#8221; global_colors_info=&#8221;{}&#8221;]<\/p>\n<h1>Vuositeema<\/h1>\n<p>&nbsp;<\/p>\n<p>[\/et_pb_text][\/et_pb_column][\/et_pb_row][\/et_pb_section][et_pb_section fb_built=&#8221;1&#8243; specialty=&#8221;on&#8221; module_class_2=&#8221;sivupalkki&#8221; _builder_version=&#8221;4.16&#8243; global_colors_info=&#8221;{}&#8221;][et_pb_column type=&#8221;2_3&#8243; specialty_columns=&#8221;2&#8243; _builder_version=&#8221;4.16&#8243; custom_padding=&#8221;|||&#8221; global_colors_info=&#8221;{}&#8221; custom_padding__hover=&#8221;|||&#8221;][et_pb_row_inner admin_label=&#8221;Rivi&#8221; _builder_version=&#8221;4.16&#8243; global_colors_info=&#8221;{}&#8221;][et_pb_column_inner saved_specialty_column_type=&#8221;2_3&#8243; _builder_version=&#8221;4.16&#8243; custom_padding=&#8221;|||&#8221; global_colors_info=&#8221;{}&#8221; custom_padding__hover=&#8221;|||&#8221;][et_pb_text admin_label=&#8221;Rotary Internationalin vuositeema &#8211; Otsikko&#8221; _builder_version=&#8221;4.18.1&#8243; text_orientation=&#8221;center&#8221; global_colors_info=&#8221;{}&#8221;]<\/p>\n<h1>Rotary Internationalin vuositeema<\/h1>\n<p>[\/et_pb_text][et_pb_text admin_label=&#8221;Teksti&#8221; _builder_version=&#8221;4.19.0&#8243; text_text_color=&#8221;#263B4C&#8221; text_line_height=&#8221;2em&#8221; hover_enabled=&#8221;0&#8243; global_colors_info=&#8221;{}&#8221; sticky_enabled=&#8221;0&#8243;]<\/p>\n<p>&nbsp;<\/p>\n<div id=\"left-area\">\n<article id=\"post-4307\" class=\"et_pb_post post-4307 ajankohtaiset type-ajankohtaiset status-publish hentry\">\n<h6 class=\"entry-title\">Rotaryvuonna 2022\u20142023 RI:n presidenttin\u00e4 on Jennifer E. Jones, Rotary Club of Windsor-Roseland, Ontario, Kanada.<\/h6>\n<h6>\u00a0<\/h6>\n<p>Rotaryvuoden teemana on IMAGINE ROTARY. Jennifer Jones kuvittelee Rotaryn, jossa j\u00e4senet toimivat tehd\u00e4kseen unelmistaan totta ja he saavat kaiken irti klubikokemuksistaan. H\u00e4n kehottaa j\u00e4seni\u00e4 olemaan enemm\u00e4n tekemisiss\u00e4 toistensa kanssa ja k\u00e4ytt\u00e4m\u00e4\u00e4n n\u00e4it\u00e4 yhteyksi\u00e4 kumppanuuksien rakentamiseen, jotka muuttavat maailmaa. RI:n presidentin teema 2022\u20142023 on Imagine Rotary.<\/p>\n<p>&nbsp;<\/p>\n<p class=\"CDt4Ke zfr3Q\" dir=\"ltr\"><em>* Kuvittele maailma, joka ansaitsee parhaamme ja jossa nousemme joka p\u00e4iv\u00e4 tiet\u00e4en, ett\u00e4 voimme vaikuttaa. <\/em><\/p>\n<p class=\"CDt4Ke zfr3Q\" dir=\"ltr\"><em>* Emme kuvittele eilist\u00e4. Kuvittelemme huomista.<\/em><\/p>\n<p class=\"CDt4Ke zfr3Q\" dir=\"ltr\"><em>* Kuvittele maailma ilman poliota.<\/em><\/p>\n<p class=\"CDt4Ke zfr3Q\" dir=\"ltr\"><em>* Kuvittele maailma, jossa on puhdasta vett\u00e4 kaikille.<\/em><\/p>\n<p class=\"CDt4Ke zfr3Q\" dir=\"ltr\"><em>* Kuvittele maailma, jossa ei ole sairauksia. <\/em><\/p>\n<p class=\"CDt4Ke zfr3Q\" dir=\"ltr\"><em>* Maailma, jossa jokainen lapsi oppii lukemaan.<\/em><\/p>\n<p class=\"CDt4Ke zfr3Q\" dir=\"ltr\"><em>* Kuvittele yst\u00e4v\u00e4llisyytt\u00e4 ja toivoa ja rakkautta ja rauhaa.<\/em><\/p>\n<p class=\"CDt4Ke zfr3Q\" dir=\"ltr\"><em><strong>&#8221;Ja siksi, rakkaat yst\u00e4v\u00e4ni, teemamme on Imagine Rotary.&#8221;<\/strong><\/em><\/p>\n<\/article>\n<\/div>\n<p dir=\"ltr\">\n<p dir=\"ltr\">\n<div id=\"left-area\">\n<h6 dir=\"ltr\">Kajaani Elias Klubin vuositeema 2022-2023:<\/h6>\n<p dir=\"ltr\"><span class=\"s1\">Oma klubimme keskittyy j\u00e4senten aktivoimiseen ja klubin julkisuuskuvan kehitt\u00e4miseen. Tahdomme tehd\u00e4 Rotaryn saavutukset n\u00e4kyv\u00e4mm\u00e4ksi. Aktivoidumme yh\u00e4 voimakkaammin nuorten ja heid\u00e4n perheidens\u00e4 suuntaan tukeaksemme heid\u00e4n kasvuaan kohti toimintakykyist\u00e4, hyvinvoivaa aikuisuutta.<\/span><\/p>\n<div class=\"pagination clearfix\">\n<div class=\"alignright\">\u00a0<\/div>\n<\/div>\n<\/div>\n<p>[\/et_pb_text][\/et_pb_column_inner][\/et_pb_row_inner][\/et_pb_column][et_pb_column type=&#8221;1_3&#8243; _builder_version=&#8221;4.16&#8243; custom_padding=&#8221;|||&#8221; global_colors_info=&#8221;{}&#8221; custom_padding__hover=&#8221;|||&#8221;][et_pb_sidebar area=&#8221;sidebar-1&#8243; module_class=&#8221;sivupalkki_sisalto&#8221; _builder_version=&#8221;4.16&#8243; locked=&#8221;on&#8221; global_colors_info=&#8221;{}&#8221;][\/et_pb_sidebar][\/et_pb_column][\/et_pb_section]<\/p>\n","protected":false},"excerpt":{"rendered":"<p>Vuositeema &nbsp; Rotary Internationalin vuositeema&nbsp; Rotaryvuonna 2022\u20142023 RI:n presidenttin\u00e4 on Jennifer E. Jones, Rotary Club of Windsor-Roseland, Ontario, Kanada. \u00a0 Rotaryvuoden teemana on IMAGINE ROTARY. Jennifer Jones kuvittelee Rotaryn, jossa j\u00e4senet toimivat tehd\u00e4kseen unelmistaan totta ja he saavat kaiken irti klubikokemuksistaan. H\u00e4n kehottaa j\u00e4seni\u00e4 olemaan enemm\u00e4n tekemisiss\u00e4 toistensa kanssa ja k\u00e4ytt\u00e4m\u00e4\u00e4n n\u00e4it\u00e4 yhteyksi\u00e4 kumppanuuksien rakentamiseen, [&hellip;]<\/p>\n","protected":false},"author":1,"featured_media":0,"parent":0,"menu_order":0,"comment_status":"closed","ping_status":"closed","template":"","meta":{"_acf_changed":false,"_et_pb_use_builder":"on","_et_pb_old_content":"","_et_gb_content_width":"","footnotes":""},"class_list":["post-138","page","type-page","status-publish","hentry"],"acf":[],"yoast_head":"<!-- This site is optimized with the Yoast SEO plugin v27.0 - https:\/\/yoast.com\/product\/yoast-seo-wordpress\/ -->\n<title>Vuositeema - Kajaani Elias Rotaryklubi<\/title>\n<meta name=\"robots\" content=\"index, follow, max-snippet:-1, max-image-preview:large, max-video-preview:-1\" \/>\n<link rel=\"canonical\" href=\"https:\/\/rotary.fi\/kajaanielias\/vuositeema\/\" \/>\n<meta property=\"og:locale\" content=\"fi_FI\" \/>\n<meta property=\"og:type\" content=\"article\" \/>\n<meta property=\"og:title\" content=\"Vuositeema - Kajaani Elias Rotaryklubi\" \/>\n<meta property=\"og:description\" content=\"Vuositeema &nbsp; Rotary Internationalin vuositeema&nbsp; Rotaryvuonna 2022\u20142023 RI:n presidenttin\u00e4 on Jennifer E. Jones, Rotary Club of Windsor-Roseland, Ontario, Kanada. \u00a0 Rotaryvuoden teemana on IMAGINE ROTARY. Jennifer Jones kuvittelee Rotaryn, jossa j\u00e4senet toimivat tehd\u00e4kseen unelmistaan totta ja he saavat kaiken irti klubikokemuksistaan. H\u00e4n kehottaa j\u00e4seni\u00e4 olemaan enemm\u00e4n tekemisiss\u00e4 toistensa kanssa ja k\u00e4ytt\u00e4m\u00e4\u00e4n n\u00e4it\u00e4 yhteyksi\u00e4 kumppanuuksien rakentamiseen, [&hellip;]\" \/>\n<meta property=\"og:url\" content=\"https:\/\/rotary.fi\/kajaanielias\/vuositeema\/\" \/>\n<meta property=\"og:site_name\" content=\"Kajaani Elias Rotaryklubi\" \/>\n<meta property=\"article:modified_time\" content=\"2022-11-04T07:26:37+00:00\" \/>\n<meta name=\"twitter:card\" content=\"summary_large_image\" \/>\n<meta name=\"twitter:label1\" content=\"Arvioitu lukuaika\" \/>\n\t<meta name=\"twitter:data1\" content=\"2 minuuttia\" \/>\n<script type=\"application\/ld+json\" class=\"yoast-schema-graph\">{\"@context\":\"https:\/\/schema.org\",\"@graph\":[{\"@type\":\"WebPage\",\"@id\":\"https:\/\/rotary.fi\/kajaanielias\/vuositeema\/\",\"url\":\"https:\/\/rotary.fi\/kajaanielias\/vuositeema\/\",\"name\":\"Vuositeema - Kajaani Elias Rotaryklubi\",\"isPartOf\":{\"@id\":\"https:\/\/rotary.fi\/kajaanielias\/#website\"},\"datePublished\":\"2018-08-10T11:01:44+00:00\",\"dateModified\":\"2022-11-04T07:26:37+00:00\",\"breadcrumb\":{\"@id\":\"https:\/\/rotary.fi\/kajaanielias\/vuositeema\/#breadcrumb\"},\"inLanguage\":\"fi\",\"potentialAction\":[{\"@type\":\"ReadAction\",\"target\":[\"https:\/\/rotary.fi\/kajaanielias\/vuositeema\/\"]}]},{\"@type\":\"BreadcrumbList\",\"@id\":\"https:\/\/rotary.fi\/kajaanielias\/vuositeema\/#breadcrumb\",\"itemListElement\":[{\"@type\":\"ListItem\",\"position\":1,\"name\":\"Home\",\"item\":\"https:\/\/rotary.fi\/kajaanielias\/\"},{\"@type\":\"ListItem\",\"position\":2,\"name\":\"Vuositeema\"}]},{\"@type\":\"WebSite\",\"@id\":\"https:\/\/rotary.fi\/kajaanielias\/#website\",\"url\":\"https:\/\/rotary.fi\/kajaanielias\/\",\"name\":\"Kajaani Elias Rotaryklubi\",\"description\":\"Uusi Rotary klubisivusto\",\"potentialAction\":[{\"@type\":\"SearchAction\",\"target\":{\"@type\":\"EntryPoint\",\"urlTemplate\":\"https:\/\/rotary.fi\/kajaanielias\/?s={search_term_string}\"},\"query-input\":{\"@type\":\"PropertyValueSpecification\",\"valueRequired\":true,\"valueName\":\"search_term_string\"}}],\"inLanguage\":\"fi\"}]}<\/script>\n<!-- \/ Yoast SEO plugin. -->","yoast_head_json":{"title":"Vuositeema - Kajaani Elias Rotaryklubi","robots":{"index":"index","follow":"follow","max-snippet":"max-snippet:-1","max-image-preview":"max-image-preview:large","max-video-preview":"max-video-preview:-1"},"canonical":"https:\/\/rotary.fi\/kajaanielias\/vuositeema\/","og_locale":"fi_FI","og_type":"article","og_title":"Vuositeema - Kajaani Elias Rotaryklubi","og_description":"Vuositeema &nbsp; Rotary Internationalin vuositeema&nbsp; Rotaryvuonna 2022\u20142023 RI:n presidenttin\u00e4 on Jennifer E. Jones, Rotary Club of Windsor-Roseland, Ontario, Kanada. \u00a0 Rotaryvuoden teemana on IMAGINE ROTARY. Jennifer Jones kuvittelee Rotaryn, jossa j\u00e4senet toimivat tehd\u00e4kseen unelmistaan totta ja he saavat kaiken irti klubikokemuksistaan. H\u00e4n kehottaa j\u00e4seni\u00e4 olemaan enemm\u00e4n tekemisiss\u00e4 toistensa kanssa ja k\u00e4ytt\u00e4m\u00e4\u00e4n n\u00e4it\u00e4 yhteyksi\u00e4 kumppanuuksien rakentamiseen, [&hellip;]","og_url":"https:\/\/rotary.fi\/kajaanielias\/vuositeema\/","og_site_name":"Kajaani Elias Rotaryklubi","article_modified_time":"2022-11-04T07:26:37+00:00","twitter_card":"summary_large_image","twitter_misc":{"Arvioitu lukuaika":"2 minuuttia"},"schema":{"@context":"https:\/\/schema.org","@graph":[{"@type":"WebPage","@id":"https:\/\/rotary.fi\/kajaanielias\/vuositeema\/","url":"https:\/\/rotary.fi\/kajaanielias\/vuositeema\/","name":"Vuositeema - Kajaani Elias Rotaryklubi","isPartOf":{"@id":"https:\/\/rotary.fi\/kajaanielias\/#website"},"datePublished":"2018-08-10T11:01:44+00:00","dateModified":"2022-11-04T07:26:37+00:00","breadcrumb":{"@id":"https:\/\/rotary.fi\/kajaanielias\/vuositeema\/#breadcrumb"},"inLanguage":"fi","potentialAction":[{"@type":"ReadAction","target":["https:\/\/rotary.fi\/kajaanielias\/vuositeema\/"]}]},{"@type":"BreadcrumbList","@id":"https:\/\/rotary.fi\/kajaanielias\/vuositeema\/#breadcrumb","itemListElement":[{"@type":"ListItem","position":1,"name":"Home","item":"https:\/\/rotary.fi\/kajaanielias\/"},{"@type":"ListItem","position":2,"name":"Vuositeema"}]},{"@type":"WebSite","@id":"https:\/\/rotary.fi\/kajaanielias\/#website","url":"https:\/\/rotary.fi\/kajaanielias\/","name":"Kajaani Elias Rotaryklubi","description":"Uusi Rotary klubisivusto","potentialAction":[{"@type":"SearchAction","target":{"@type":"EntryPoint","urlTemplate":"https:\/\/rotary.fi\/kajaanielias\/?s={search_term_string}"},"query-input":{"@type":"PropertyValueSpecification","valueRequired":true,"valueName":"search_term_string"}}],"inLanguage":"fi"}]}},"lang":"fi","translations":{"fi":138},"pll_sync_post":[],"_links":{"self":[{"href":"https:\/\/rotary.fi\/kajaanielias\/wp-json\/wp\/v2\/pages\/138","targetHints":{"allow":["GET"]}}],"collection":[{"href":"https:\/\/rotary.fi\/kajaanielias\/wp-json\/wp\/v2\/pages"}],"about":[{"href":"https:\/\/rotary.fi\/kajaanielias\/wp-json\/wp\/v2\/types\/page"}],"author":[{"embeddable":true,"href":"https:\/\/rotary.fi\/kajaanielias\/wp-json\/wp\/v2\/users\/1"}],"replies":[{"embeddable":true,"href":"https:\/\/rotary.fi\/kajaanielias\/wp-json\/wp\/v2\/comments?post=138"}],"version-history":[{"count":12,"href":"https:\/\/rotary.fi\/kajaanielias\/wp-json\/wp\/v2\/pages\/138\/revisions"}],"predecessor-version":[{"id":1833,"href":"https:\/\/rotary.fi\/kajaanielias\/wp-json\/wp\/v2\/pages\/138\/revisions\/1833"}],"wp:attachment":[{"href":"https:\/\/rotary.fi\/kajaanielias\/wp-json\/wp\/v2\/media?parent=138"}],"curies":[{"name":"wp","href":"https:\/\/api.w.org\/{rel}","templated":true}]}}