{"id":132,"date":"2018-08-10T13:59:56","date_gmt":"2018-08-10T10:59:56","guid":{"rendered":"https:\/\/rotary.fi\/klubi2\/?page_id=132"},"modified":"2023-06-20T14:40:22","modified_gmt":"2023-06-20T11:40:22","slug":"hallitus-ja-toimihenkilot","status":"publish","type":"page","link":"https:\/\/rotary.fi\/kajaanielias\/hallitus-ja-toimihenkilot\/","title":{"rendered":"Hallitus ja toimihenkil\u00f6t"},"content":{"rendered":"<p><img loading=\"lazy\" decoding=\"async\" class=\"size-full wp-image-2063 aligncenter\" src=\"https:\/\/rotary.fi\/kajaanielias\/wp-content\/uploads\/sites\/47\/2023\/06\/presidentti1.jpg\" alt=\"\" width=\"256\" height=\"268\" \/><\/p>\n<p style=\"text-align: center\">Presidentti Toni Kinkki<\/p>\n<p><strong>Hallitus ja toimihenkil\u00f6t: 2023-2024<\/strong><\/p>\n<ul>\n<li>Toni Kinkki (nykyinen puheenjohtaja)<\/li>\n<li>Seppo R\u00e4is\u00e4nen\u00a0(entinen puheenjohtaja)<\/li>\n<li>Sami Savolainen (sihteeri 1)<\/li>\n<li>Kari Korhonen (rahastonhoitaja)<\/li>\n<\/ul>\n<p><strong>Komiteat 2023-2024, puheenjohtajat:<\/strong><\/p>\n<ul>\n<li>J\u00e4senyys Timo K\u00e4rkk\u00e4inen<\/li>\n<li>Palvelu- ja varainhankinta Risto M\u00e4l\u00e4sk\u00e4<\/li>\n<li>Hallinto Timo Poranen<\/li>\n<li>Suhdetoiminta Sakari Sepp\u00e4nen<\/li>\n<li>Rotarys\u00e4\u00e4ti\u00f6 Yrj\u00f6 Mulari<\/li>\n<\/ul>\n<ul>\n<li>Nuorisovaihto Tuomo Tahvanainen &amp; Kalevi M\u00e4kiaho<\/li>\n<\/ul>\n","protected":false},"excerpt":{"rendered":"<p>Presidentti Toni Kinkki Hallitus ja toimihenkil\u00f6t: 2023-2024 Toni Kinkki (nykyinen puheenjohtaja) Seppo R\u00e4is\u00e4nen\u00a0(entinen puheenjohtaja) Sami Savolainen (sihteeri 1) Kari Korhonen (rahastonhoitaja) Komiteat 2023-2024, puheenjohtajat: J\u00e4senyys Timo K\u00e4rkk\u00e4inen Palvelu- ja varainhankinta Risto M\u00e4l\u00e4sk\u00e4 Hallinto Timo Poranen Suhdetoiminta Sakari Sepp\u00e4nen Rotarys\u00e4\u00e4ti\u00f6 Yrj\u00f6 Mulari Nuorisovaihto Tuomo Tahvanainen &amp; Kalevi M\u00e4kiaho<\/p>\n","protected":false},"author":399,"featured_media":0,"parent":0,"menu_order":0,"comment_status":"closed","ping_status":"closed","template":"","meta":{"_acf_changed":false,"_et_pb_use_builder":"off","_et_pb_old_content":"","_et_gb_content_width":"","footnotes":""},"class_list":["post-132","page","type-page","status-publish","hentry"],"acf":[],"yoast_head":"<!-- This site is optimized with the Yoast SEO plugin v27.0 - https:\/\/yoast.com\/product\/yoast-seo-wordpress\/ -->\n<title>Hallitus ja toimihenkil\u00f6t - Kajaani Elias Rotaryklubi<\/title>\n<meta name=\"robots\" content=\"index, follow, max-snippet:-1, max-image-preview:large, max-video-preview:-1\" \/>\n<link rel=\"canonical\" href=\"https:\/\/rotary.fi\/kajaanielias\/hallitus-ja-toimihenkilot\/\" \/>\n<meta property=\"og:locale\" content=\"fi_FI\" \/>\n<meta property=\"og:type\" content=\"article\" \/>\n<meta property=\"og:title\" content=\"Hallitus ja toimihenkil\u00f6t - Kajaani Elias Rotaryklubi\" \/>\n<meta property=\"og:description\" content=\"Presidentti Toni Kinkki Hallitus ja toimihenkil\u00f6t: 2023-2024 Toni Kinkki (nykyinen puheenjohtaja) Seppo R\u00e4is\u00e4nen\u00a0(entinen puheenjohtaja) Sami Savolainen (sihteeri 1) Kari Korhonen (rahastonhoitaja) Komiteat 2023-2024, puheenjohtajat: J\u00e4senyys Timo K\u00e4rkk\u00e4inen Palvelu- ja varainhankinta Risto M\u00e4l\u00e4sk\u00e4 Hallinto Timo Poranen Suhdetoiminta Sakari Sepp\u00e4nen Rotarys\u00e4\u00e4ti\u00f6 Yrj\u00f6 Mulari Nuorisovaihto Tuomo Tahvanainen &amp; Kalevi M\u00e4kiaho\" \/>\n<meta property=\"og:url\" content=\"https:\/\/rotary.fi\/kajaanielias\/hallitus-ja-toimihenkilot\/\" \/>\n<meta property=\"og:site_name\" content=\"Kajaani Elias Rotaryklubi\" \/>\n<meta property=\"article:modified_time\" content=\"2023-06-20T11:40:22+00:00\" \/>\n<meta property=\"og:image\" content=\"https:\/\/rotary.fi\/kajaanielias\/wp-content\/uploads\/sites\/47\/2023\/06\/presidentti1.jpg\" \/>\n<meta name=\"twitter:card\" content=\"summary_large_image\" \/>\n<meta name=\"twitter:label1\" content=\"Arvioitu lukuaika\" \/>\n\t<meta name=\"twitter:data1\" content=\"1 minuutti\" \/>\n<script type=\"application\/ld+json\" class=\"yoast-schema-graph\">{\"@context\":\"https:\/\/schema.org\",\"@graph\":[{\"@type\":\"WebPage\",\"@id\":\"https:\/\/rotary.fi\/kajaanielias\/hallitus-ja-toimihenkilot\/\",\"url\":\"https:\/\/rotary.fi\/kajaanielias\/hallitus-ja-toimihenkilot\/\",\"name\":\"Hallitus ja toimihenkil\u00f6t - Kajaani Elias Rotaryklubi\",\"isPartOf\":{\"@id\":\"https:\/\/rotary.fi\/kajaanielias\/#website\"},\"primaryImageOfPage\":{\"@id\":\"https:\/\/rotary.fi\/kajaanielias\/hallitus-ja-toimihenkilot\/#primaryimage\"},\"image\":{\"@id\":\"https:\/\/rotary.fi\/kajaanielias\/hallitus-ja-toimihenkilot\/#primaryimage\"},\"thumbnailUrl\":\"https:\/\/rotary.fi\/kajaanielias\/wp-content\/uploads\/sites\/47\/2023\/06\/presidentti1.jpg\",\"datePublished\":\"2018-08-10T10:59:56+00:00\",\"dateModified\":\"2023-06-20T11:40:22+00:00\",\"breadcrumb\":{\"@id\":\"https:\/\/rotary.fi\/kajaanielias\/hallitus-ja-toimihenkilot\/#breadcrumb\"},\"inLanguage\":\"fi\",\"potentialAction\":[{\"@type\":\"ReadAction\",\"target\":[\"https:\/\/rotary.fi\/kajaanielias\/hallitus-ja-toimihenkilot\/\"]}]},{\"@type\":\"ImageObject\",\"inLanguage\":\"fi\",\"@id\":\"https:\/\/rotary.fi\/kajaanielias\/hallitus-ja-toimihenkilot\/#primaryimage\",\"url\":\"https:\/\/rotary.fi\/kajaanielias\/wp-content\/uploads\/sites\/47\/2023\/06\/presidentti1.jpg\",\"contentUrl\":\"https:\/\/rotary.fi\/kajaanielias\/wp-content\/uploads\/sites\/47\/2023\/06\/presidentti1.jpg\",\"width\":256,\"height\":268},{\"@type\":\"BreadcrumbList\",\"@id\":\"https:\/\/rotary.fi\/kajaanielias\/hallitus-ja-toimihenkilot\/#breadcrumb\",\"itemListElement\":[{\"@type\":\"ListItem\",\"position\":1,\"name\":\"Home\",\"item\":\"https:\/\/rotary.fi\/kajaanielias\/\"},{\"@type\":\"ListItem\",\"position\":2,\"name\":\"Hallitus ja toimihenkil\u00f6t\"}]},{\"@type\":\"WebSite\",\"@id\":\"https:\/\/rotary.fi\/kajaanielias\/#website\",\"url\":\"https:\/\/rotary.fi\/kajaanielias\/\",\"name\":\"Kajaani Elias Rotaryklubi\",\"description\":\"Uusi Rotary klubisivusto\",\"potentialAction\":[{\"@type\":\"SearchAction\",\"target\":{\"@type\":\"EntryPoint\",\"urlTemplate\":\"https:\/\/rotary.fi\/kajaanielias\/?s={search_term_string}\"},\"query-input\":{\"@type\":\"PropertyValueSpecification\",\"valueRequired\":true,\"valueName\":\"search_term_string\"}}],\"inLanguage\":\"fi\"}]}<\/script>\n<!-- \/ Yoast SEO plugin. -->","yoast_head_json":{"title":"Hallitus ja toimihenkil\u00f6t - Kajaani Elias Rotaryklubi","robots":{"index":"index","follow":"follow","max-snippet":"max-snippet:-1","max-image-preview":"max-image-preview:large","max-video-preview":"max-video-preview:-1"},"canonical":"https:\/\/rotary.fi\/kajaanielias\/hallitus-ja-toimihenkilot\/","og_locale":"fi_FI","og_type":"article","og_title":"Hallitus ja toimihenkil\u00f6t - Kajaani Elias Rotaryklubi","og_description":"Presidentti Toni Kinkki Hallitus ja toimihenkil\u00f6t: 2023-2024 Toni Kinkki (nykyinen puheenjohtaja) Seppo R\u00e4is\u00e4nen\u00a0(entinen puheenjohtaja) Sami Savolainen (sihteeri 1) Kari Korhonen (rahastonhoitaja) Komiteat 2023-2024, puheenjohtajat: J\u00e4senyys Timo K\u00e4rkk\u00e4inen Palvelu- ja varainhankinta Risto M\u00e4l\u00e4sk\u00e4 Hallinto Timo Poranen Suhdetoiminta Sakari Sepp\u00e4nen Rotarys\u00e4\u00e4ti\u00f6 Yrj\u00f6 Mulari Nuorisovaihto Tuomo Tahvanainen &amp; Kalevi M\u00e4kiaho","og_url":"https:\/\/rotary.fi\/kajaanielias\/hallitus-ja-toimihenkilot\/","og_site_name":"Kajaani Elias Rotaryklubi","article_modified_time":"2023-06-20T11:40:22+00:00","og_image":[{"url":"https:\/\/rotary.fi\/kajaanielias\/wp-content\/uploads\/sites\/47\/2023\/06\/presidentti1.jpg","type":"","width":"","height":""}],"twitter_card":"summary_large_image","twitter_misc":{"Arvioitu lukuaika":"1 minuutti"},"schema":{"@context":"https:\/\/schema.org","@graph":[{"@type":"WebPage","@id":"https:\/\/rotary.fi\/kajaanielias\/hallitus-ja-toimihenkilot\/","url":"https:\/\/rotary.fi\/kajaanielias\/hallitus-ja-toimihenkilot\/","name":"Hallitus ja toimihenkil\u00f6t - Kajaani Elias Rotaryklubi","isPartOf":{"@id":"https:\/\/rotary.fi\/kajaanielias\/#website"},"primaryImageOfPage":{"@id":"https:\/\/rotary.fi\/kajaanielias\/hallitus-ja-toimihenkilot\/#primaryimage"},"image":{"@id":"https:\/\/rotary.fi\/kajaanielias\/hallitus-ja-toimihenkilot\/#primaryimage"},"thumbnailUrl":"https:\/\/rotary.fi\/kajaanielias\/wp-content\/uploads\/sites\/47\/2023\/06\/presidentti1.jpg","datePublished":"2018-08-10T10:59:56+00:00","dateModified":"2023-06-20T11:40:22+00:00","breadcrumb":{"@id":"https:\/\/rotary.fi\/kajaanielias\/hallitus-ja-toimihenkilot\/#breadcrumb"},"inLanguage":"fi","potentialAction":[{"@type":"ReadAction","target":["https:\/\/rotary.fi\/kajaanielias\/hallitus-ja-toimihenkilot\/"]}]},{"@type":"ImageObject","inLanguage":"fi","@id":"https:\/\/rotary.fi\/kajaanielias\/hallitus-ja-toimihenkilot\/#primaryimage","url":"https:\/\/rotary.fi\/kajaanielias\/wp-content\/uploads\/sites\/47\/2023\/06\/presidentti1.jpg","contentUrl":"https:\/\/rotary.fi\/kajaanielias\/wp-content\/uploads\/sites\/47\/2023\/06\/presidentti1.jpg","width":256,"height":268},{"@type":"BreadcrumbList","@id":"https:\/\/rotary.fi\/kajaanielias\/hallitus-ja-toimihenkilot\/#breadcrumb","itemListElement":[{"@type":"ListItem","position":1,"name":"Home","item":"https:\/\/rotary.fi\/kajaanielias\/"},{"@type":"ListItem","position":2,"name":"Hallitus ja toimihenkil\u00f6t"}]},{"@type":"WebSite","@id":"https:\/\/rotary.fi\/kajaanielias\/#website","url":"https:\/\/rotary.fi\/kajaanielias\/","name":"Kajaani Elias Rotaryklubi","description":"Uusi Rotary klubisivusto","potentialAction":[{"@type":"SearchAction","target":{"@type":"EntryPoint","urlTemplate":"https:\/\/rotary.fi\/kajaanielias\/?s={search_term_string}"},"query-input":{"@type":"PropertyValueSpecification","valueRequired":true,"valueName":"search_term_string"}}],"inLanguage":"fi"}]}},"lang":"fi","translations":{"fi":132},"pll_sync_post":[],"_links":{"self":[{"href":"https:\/\/rotary.fi\/kajaanielias\/wp-json\/wp\/v2\/pages\/132","targetHints":{"allow":["GET"]}}],"collection":[{"href":"https:\/\/rotary.fi\/kajaanielias\/wp-json\/wp\/v2\/pages"}],"about":[{"href":"https:\/\/rotary.fi\/kajaanielias\/wp-json\/wp\/v2\/types\/page"}],"author":[{"embeddable":true,"href":"https:\/\/rotary.fi\/kajaanielias\/wp-json\/wp\/v2\/users\/399"}],"replies":[{"embeddable":true,"href":"https:\/\/rotary.fi\/kajaanielias\/wp-json\/wp\/v2\/comments?post=132"}],"version-history":[{"count":10,"href":"https:\/\/rotary.fi\/kajaanielias\/wp-json\/wp\/v2\/pages\/132\/revisions"}],"predecessor-version":[{"id":2067,"href":"https:\/\/rotary.fi\/kajaanielias\/wp-json\/wp\/v2\/pages\/132\/revisions\/2067"}],"wp:attachment":[{"href":"https:\/\/rotary.fi\/kajaanielias\/wp-json\/wp\/v2\/media?parent=132"}],"curies":[{"name":"wp","href":"https:\/\/api.w.org\/{rel}","templated":true}]}}