{"id":273,"date":"2018-10-24T11:32:22","date_gmt":"2018-10-24T08:32:22","guid":{"rendered":"https:\/\/rotary.fi\/jyvaskylalaajavuori\/?page_id=273"},"modified":"2024-10-03T09:09:20","modified_gmt":"2024-10-03T06:09:20","slug":"olemme-osa-piiria-1390","status":"publish","type":"page","link":"https:\/\/rotary.fi\/jyvaskylalaajavuori\/keita-olemme\/olemme-osa-piiria-1390\/","title":{"rendered":"Olemme osa piiri\u00e4 1390"},"content":{"rendered":"<p>[et_pb_section fb_built=&#8221;1&#8243; admin_label=&#8221;section&#8221; _builder_version=&#8221;4.16&#8243; global_colors_info=&#8221;{}&#8221;][et_pb_row admin_label=&#8221;row&#8221; _builder_version=&#8221;4.16&#8243; background_size=&#8221;initial&#8221; background_position=&#8221;top_left&#8221; background_repeat=&#8221;repeat&#8221; min_height=&#8221;137px&#8221; global_colors_info=&#8221;{}&#8221;][et_pb_column type=&#8221;4_4&#8243; _builder_version=&#8221;4.16&#8243; custom_padding=&#8221;|||&#8221; global_colors_info=&#8221;{}&#8221; custom_padding__hover=&#8221;|||&#8221;][et_pb_post_title meta=&#8221;off&#8221; _builder_version=&#8221;4.19.0&#8243; _module_preset=&#8221;default&#8221; global_colors_info=&#8221;{}&#8221;][\/et_pb_post_title][\/et_pb_column][\/et_pb_row][\/et_pb_section][et_pb_section fb_built=&#8221;1&#8243; admin_label=&#8221;section&#8221; _builder_version=&#8221;4.16&#8243; custom_margin=&#8221;-86px|||||&#8221; global_colors_info=&#8221;{}&#8221;][et_pb_row admin_label=&#8221;row&#8221; _builder_version=&#8221;4.16&#8243; background_size=&#8221;initial&#8221; background_position=&#8221;top_left&#8221; background_repeat=&#8221;repeat&#8221; global_colors_info=&#8221;{}&#8221;][et_pb_column type=&#8221;4_4&#8243; _builder_version=&#8221;4.16&#8243; custom_padding=&#8221;|||&#8221; global_colors_info=&#8221;{}&#8221; custom_padding__hover=&#8221;|||&#8221;][et_pb_text _builder_version=&#8221;4.19.0&#8243; _module_preset=&#8221;default&#8221; global_colors_info=&#8221;{}&#8221;]<\/p>\n<p><a href=\"https:\/\/rotary.fi\/d1390\/\">Rotarypiirimme 1390<\/a> on yksi viidest\u00e4 Suomessa toimivasta piirist\u00e4.<\/p>\n<p>Piiri j\u00e4rjest\u00e4\u00e4 klubeille vuoden aikana useita tapahtumia. Piirikokous j\u00e4rjestet\u00e4\u00e4n syksyisin yleens\u00e4 lokakuussa ja juhlava piirikonferenssi kev\u00e4isin huhtikuussa.<br \/>Klubien tuleville presidenteille ja klubivirkailijoille j\u00e4rjestet\u00e4\u00e4n vuosittain koulutusseminaari (PETS), johon osallistuminen on t\u00e4rke\u00e4\u00e4.<\/p>\n<p>Jokaista rotarypiiri\u00e4 johtaa kuvern\u00f6\u00f6ri. H\u00e4nell\u00e4 on tukenaan piirineuvosto, piirikomiteat ja piirin eri alueiden apulaiskuvern\u00f6\u00f6rit. Piirikuvern\u00f6\u00f6ri vierailee kaikissa piirins\u00e4 klubeissa toimivuotensa aikana.<\/p>\n<p>Piirin nime\u00e4miskomitea valitsee klubien asettamista ehdokkaista sopivimmaksi katsomansa kuvern\u00f6\u00f6rin. Tuleva kuvern\u00f6\u00f6ri nimitet\u00e4\u00e4n Rotary Internationalin maailmankonferenssissa.<\/p>\n<p>[\/et_pb_text][\/et_pb_column][\/et_pb_row][\/et_pb_section]<\/p>\n","protected":false},"excerpt":{"rendered":"<p>Rotarypiirimme 1390 on yksi viidest\u00e4 Suomessa toimivasta piirist\u00e4. Piiri j\u00e4rjest\u00e4\u00e4 klubeille vuoden aikana useita tapahtumia. Piirikokous j\u00e4rjestet\u00e4\u00e4n syksyisin yleens\u00e4 lokakuussa ja juhlava piirikonferenssi kev\u00e4isin huhtikuussa.Klubien tuleville presidenteille ja klubivirkailijoille j\u00e4rjestet\u00e4\u00e4n vuosittain koulutusseminaari (PETS), johon osallistuminen on t\u00e4rke\u00e4\u00e4. Jokaista rotarypiiri\u00e4 johtaa kuvern\u00f6\u00f6ri. H\u00e4nell\u00e4 on tukenaan piirineuvosto, piirikomiteat ja piirin eri alueiden apulaiskuvern\u00f6\u00f6rit. Piirikuvern\u00f6\u00f6ri vierailee kaikissa piirins\u00e4 [&hellip;]<\/p>\n","protected":false},"author":1,"featured_media":0,"parent":129,"menu_order":3,"comment_status":"closed","ping_status":"closed","template":"","meta":{"_acf_changed":false,"_et_pb_use_builder":"on","_et_pb_old_content":"","_et_gb_content_width":"","footnotes":""},"class_list":["post-273","page","type-page","status-publish","hentry"],"acf":[],"yoast_head":"<!-- This site is optimized with the Yoast SEO plugin v27.4 - https:\/\/yoast.com\/product\/yoast-seo-wordpress\/ -->\n<title>Olemme osa piiri\u00e4 1390 - Jyv\u00e4skyl\u00e4-Laajavuori<\/title>\n<meta name=\"description\" content=\"Jyv\u00e4skyl\u00e4-Laajavuori Rotaryklubi, Jyv\u00e4skyl\u00e4. Klubimme tavoitteina ovat mm. rotarytoiminnan vahvistaminen ja yst\u00e4vyyden sek\u00e4 toveruuden edist\u00e4minen.\" \/>\n<meta name=\"robots\" content=\"index, follow, max-snippet:-1, max-image-preview:large, max-video-preview:-1\" \/>\n<link rel=\"canonical\" href=\"https:\/\/rotary.fi\/jyvaskylalaajavuori\/keita-olemme\/olemme-osa-piiria-1390\/\" \/>\n<meta property=\"og:locale\" content=\"fi_FI\" \/>\n<meta property=\"og:type\" content=\"article\" \/>\n<meta property=\"og:title\" content=\"Olemme osa piiri\u00e4 1390 - Jyv\u00e4skyl\u00e4-Laajavuori\" \/>\n<meta property=\"og:description\" content=\"Jyv\u00e4skyl\u00e4-Laajavuori Rotaryklubi, Jyv\u00e4skyl\u00e4. Klubimme tavoitteina ovat mm. rotarytoiminnan vahvistaminen ja yst\u00e4vyyden sek\u00e4 toveruuden edist\u00e4minen.\" \/>\n<meta property=\"og:url\" content=\"https:\/\/rotary.fi\/jyvaskylalaajavuori\/keita-olemme\/olemme-osa-piiria-1390\/\" \/>\n<meta property=\"og:site_name\" content=\"Jyv\u00e4skyl\u00e4-Laajavuori\" \/>\n<meta property=\"article:publisher\" content=\"https:\/\/www.facebook.com\/profile.php?id=100088839516485\" \/>\n<meta property=\"article:modified_time\" content=\"2024-10-03T06:09:20+00:00\" \/>\n<meta name=\"twitter:card\" content=\"summary_large_image\" \/>\n<meta name=\"twitter:label1\" content=\"Arvioitu lukuaika\" \/>\n\t<meta name=\"twitter:data1\" content=\"2 minuuttia\" \/>\n<script type=\"application\/ld+json\" class=\"yoast-schema-graph\">{\"@context\":\"https:\\\/\\\/schema.org\",\"@graph\":[{\"@type\":\"WebPage\",\"@id\":\"https:\\\/\\\/rotary.fi\\\/jyvaskylalaajavuori\\\/keita-olemme\\\/olemme-osa-piiria-1390\\\/\",\"url\":\"https:\\\/\\\/rotary.fi\\\/jyvaskylalaajavuori\\\/keita-olemme\\\/olemme-osa-piiria-1390\\\/\",\"name\":\"Olemme osa piiri\u00e4 1390 - Jyv\u00e4skyl\u00e4-Laajavuori\",\"isPartOf\":{\"@id\":\"https:\\\/\\\/rotary.fi\\\/jyvaskylalaajavuori\\\/#website\"},\"datePublished\":\"2018-10-24T08:32:22+00:00\",\"dateModified\":\"2024-10-03T06:09:20+00:00\",\"description\":\"Jyv\u00e4skyl\u00e4-Laajavuori Rotaryklubi, Jyv\u00e4skyl\u00e4. Klubimme tavoitteina ovat mm. rotarytoiminnan vahvistaminen ja yst\u00e4vyyden sek\u00e4 toveruuden edist\u00e4minen.\",\"breadcrumb\":{\"@id\":\"https:\\\/\\\/rotary.fi\\\/jyvaskylalaajavuori\\\/keita-olemme\\\/olemme-osa-piiria-1390\\\/#breadcrumb\"},\"inLanguage\":\"fi\",\"potentialAction\":[{\"@type\":\"ReadAction\",\"target\":[\"https:\\\/\\\/rotary.fi\\\/jyvaskylalaajavuori\\\/keita-olemme\\\/olemme-osa-piiria-1390\\\/\"]}]},{\"@type\":\"BreadcrumbList\",\"@id\":\"https:\\\/\\\/rotary.fi\\\/jyvaskylalaajavuori\\\/keita-olemme\\\/olemme-osa-piiria-1390\\\/#breadcrumb\",\"itemListElement\":[{\"@type\":\"ListItem\",\"position\":1,\"name\":\"Home\",\"item\":\"https:\\\/\\\/rotary.fi\\\/jyvaskylalaajavuori\\\/\"},{\"@type\":\"ListItem\",\"position\":2,\"name\":\"Keit\u00e4 olemme\",\"item\":\"https:\\\/\\\/rotary.fi\\\/jyvaskylalaajavuori\\\/keita-olemme\\\/\"},{\"@type\":\"ListItem\",\"position\":3,\"name\":\"Olemme osa piiri\u00e4 1390\"}]},{\"@type\":\"WebSite\",\"@id\":\"https:\\\/\\\/rotary.fi\\\/jyvaskylalaajavuori\\\/#website\",\"url\":\"https:\\\/\\\/rotary.fi\\\/jyvaskylalaajavuori\\\/\",\"name\":\"Jyv\u00e4skyl\u00e4-Laajavuori\",\"description\":\"Uusi Rotary klubisivusto\",\"publisher\":{\"@id\":\"https:\\\/\\\/rotary.fi\\\/jyvaskylalaajavuori\\\/#organization\"},\"alternateName\":\"Jyv\u00e4skyl\u00e4-Laajavuori Rotaryklubi\",\"potentialAction\":[{\"@type\":\"SearchAction\",\"target\":{\"@type\":\"EntryPoint\",\"urlTemplate\":\"https:\\\/\\\/rotary.fi\\\/jyvaskylalaajavuori\\\/?s={search_term_string}\"},\"query-input\":{\"@type\":\"PropertyValueSpecification\",\"valueRequired\":true,\"valueName\":\"search_term_string\"}}],\"inLanguage\":\"fi\"},{\"@type\":\"Organization\",\"@id\":\"https:\\\/\\\/rotary.fi\\\/jyvaskylalaajavuori\\\/#organization\",\"name\":\"Jyv\u00e4skyl\u00e4-Laajavuori Rotaryklubi\",\"url\":\"https:\\\/\\\/rotary.fi\\\/jyvaskylalaajavuori\\\/\",\"logo\":{\"@type\":\"ImageObject\",\"inLanguage\":\"fi\",\"@id\":\"https:\\\/\\\/rotary.fi\\\/jyvaskylalaajavuori\\\/#\\\/schema\\\/logo\\\/image\\\/\",\"url\":\"https:\\\/\\\/rotary.fi\\\/jyvaskylalaajavuori\\\/wp-content\\\/uploads\\\/sites\\\/234\\\/2018\\\/08\\\/rotary-logo-main-2.png\",\"contentUrl\":\"https:\\\/\\\/rotary.fi\\\/jyvaskylalaajavuori\\\/wp-content\\\/uploads\\\/sites\\\/234\\\/2018\\\/08\\\/rotary-logo-main-2.png\",\"width\":135,\"height\":52,\"caption\":\"Jyv\u00e4skyl\u00e4-Laajavuori Rotaryklubi\"},\"image\":{\"@id\":\"https:\\\/\\\/rotary.fi\\\/jyvaskylalaajavuori\\\/#\\\/schema\\\/logo\\\/image\\\/\"},\"sameAs\":[\"https:\\\/\\\/www.facebook.com\\\/profile.php?id=100088839516485\"]}]}<\/script>\n<!-- \/ Yoast SEO plugin. -->","yoast_head_json":{"title":"Olemme osa piiri\u00e4 1390 - Jyv\u00e4skyl\u00e4-Laajavuori","description":"Jyv\u00e4skyl\u00e4-Laajavuori Rotaryklubi, Jyv\u00e4skyl\u00e4. Klubimme tavoitteina ovat mm. rotarytoiminnan vahvistaminen ja yst\u00e4vyyden sek\u00e4 toveruuden edist\u00e4minen.","robots":{"index":"index","follow":"follow","max-snippet":"max-snippet:-1","max-image-preview":"max-image-preview:large","max-video-preview":"max-video-preview:-1"},"canonical":"https:\/\/rotary.fi\/jyvaskylalaajavuori\/keita-olemme\/olemme-osa-piiria-1390\/","og_locale":"fi_FI","og_type":"article","og_title":"Olemme osa piiri\u00e4 1390 - Jyv\u00e4skyl\u00e4-Laajavuori","og_description":"Jyv\u00e4skyl\u00e4-Laajavuori Rotaryklubi, Jyv\u00e4skyl\u00e4. Klubimme tavoitteina ovat mm. rotarytoiminnan vahvistaminen ja yst\u00e4vyyden sek\u00e4 toveruuden edist\u00e4minen.","og_url":"https:\/\/rotary.fi\/jyvaskylalaajavuori\/keita-olemme\/olemme-osa-piiria-1390\/","og_site_name":"Jyv\u00e4skyl\u00e4-Laajavuori","article_publisher":"https:\/\/www.facebook.com\/profile.php?id=100088839516485","article_modified_time":"2024-10-03T06:09:20+00:00","twitter_card":"summary_large_image","twitter_misc":{"Arvioitu lukuaika":"2 minuuttia"},"schema":{"@context":"https:\/\/schema.org","@graph":[{"@type":"WebPage","@id":"https:\/\/rotary.fi\/jyvaskylalaajavuori\/keita-olemme\/olemme-osa-piiria-1390\/","url":"https:\/\/rotary.fi\/jyvaskylalaajavuori\/keita-olemme\/olemme-osa-piiria-1390\/","name":"Olemme osa piiri\u00e4 1390 - Jyv\u00e4skyl\u00e4-Laajavuori","isPartOf":{"@id":"https:\/\/rotary.fi\/jyvaskylalaajavuori\/#website"},"datePublished":"2018-10-24T08:32:22+00:00","dateModified":"2024-10-03T06:09:20+00:00","description":"Jyv\u00e4skyl\u00e4-Laajavuori Rotaryklubi, Jyv\u00e4skyl\u00e4. Klubimme tavoitteina ovat mm. rotarytoiminnan vahvistaminen ja yst\u00e4vyyden sek\u00e4 toveruuden edist\u00e4minen.","breadcrumb":{"@id":"https:\/\/rotary.fi\/jyvaskylalaajavuori\/keita-olemme\/olemme-osa-piiria-1390\/#breadcrumb"},"inLanguage":"fi","potentialAction":[{"@type":"ReadAction","target":["https:\/\/rotary.fi\/jyvaskylalaajavuori\/keita-olemme\/olemme-osa-piiria-1390\/"]}]},{"@type":"BreadcrumbList","@id":"https:\/\/rotary.fi\/jyvaskylalaajavuori\/keita-olemme\/olemme-osa-piiria-1390\/#breadcrumb","itemListElement":[{"@type":"ListItem","position":1,"name":"Home","item":"https:\/\/rotary.fi\/jyvaskylalaajavuori\/"},{"@type":"ListItem","position":2,"name":"Keit\u00e4 olemme","item":"https:\/\/rotary.fi\/jyvaskylalaajavuori\/keita-olemme\/"},{"@type":"ListItem","position":3,"name":"Olemme osa piiri\u00e4 1390"}]},{"@type":"WebSite","@id":"https:\/\/rotary.fi\/jyvaskylalaajavuori\/#website","url":"https:\/\/rotary.fi\/jyvaskylalaajavuori\/","name":"Jyv\u00e4skyl\u00e4-Laajavuori","description":"Uusi Rotary klubisivusto","publisher":{"@id":"https:\/\/rotary.fi\/jyvaskylalaajavuori\/#organization"},"alternateName":"Jyv\u00e4skyl\u00e4-Laajavuori Rotaryklubi","potentialAction":[{"@type":"SearchAction","target":{"@type":"EntryPoint","urlTemplate":"https:\/\/rotary.fi\/jyvaskylalaajavuori\/?s={search_term_string}"},"query-input":{"@type":"PropertyValueSpecification","valueRequired":true,"valueName":"search_term_string"}}],"inLanguage":"fi"},{"@type":"Organization","@id":"https:\/\/rotary.fi\/jyvaskylalaajavuori\/#organization","name":"Jyv\u00e4skyl\u00e4-Laajavuori Rotaryklubi","url":"https:\/\/rotary.fi\/jyvaskylalaajavuori\/","logo":{"@type":"ImageObject","inLanguage":"fi","@id":"https:\/\/rotary.fi\/jyvaskylalaajavuori\/#\/schema\/logo\/image\/","url":"https:\/\/rotary.fi\/jyvaskylalaajavuori\/wp-content\/uploads\/sites\/234\/2018\/08\/rotary-logo-main-2.png","contentUrl":"https:\/\/rotary.fi\/jyvaskylalaajavuori\/wp-content\/uploads\/sites\/234\/2018\/08\/rotary-logo-main-2.png","width":135,"height":52,"caption":"Jyv\u00e4skyl\u00e4-Laajavuori Rotaryklubi"},"image":{"@id":"https:\/\/rotary.fi\/jyvaskylalaajavuori\/#\/schema\/logo\/image\/"},"sameAs":["https:\/\/www.facebook.com\/profile.php?id=100088839516485"]}]}},"lang":"fi","translations":{"fi":273,"en":1434,"sv":1578},"pll_sync_post":[],"_links":{"self":[{"href":"https:\/\/rotary.fi\/jyvaskylalaajavuori\/wp-json\/wp\/v2\/pages\/273","targetHints":{"allow":["GET"]}}],"collection":[{"href":"https:\/\/rotary.fi\/jyvaskylalaajavuori\/wp-json\/wp\/v2\/pages"}],"about":[{"href":"https:\/\/rotary.fi\/jyvaskylalaajavuori\/wp-json\/wp\/v2\/types\/page"}],"author":[{"embeddable":true,"href":"https:\/\/rotary.fi\/jyvaskylalaajavuori\/wp-json\/wp\/v2\/users\/1"}],"replies":[{"embeddable":true,"href":"https:\/\/rotary.fi\/jyvaskylalaajavuori\/wp-json\/wp\/v2\/comments?post=273"}],"version-history":[{"count":9,"href":"https:\/\/rotary.fi\/jyvaskylalaajavuori\/wp-json\/wp\/v2\/pages\/273\/revisions"}],"predecessor-version":[{"id":2164,"href":"https:\/\/rotary.fi\/jyvaskylalaajavuori\/wp-json\/wp\/v2\/pages\/273\/revisions\/2164"}],"up":[{"embeddable":true,"href":"https:\/\/rotary.fi\/jyvaskylalaajavuori\/wp-json\/wp\/v2\/pages\/129"}],"wp:attachment":[{"href":"https:\/\/rotary.fi\/jyvaskylalaajavuori\/wp-json\/wp\/v2\/media?parent=273"}],"curies":[{"name":"wp","href":"https:\/\/api.w.org\/{rel}","templated":true}]}}