{"id":188,"date":"2018-08-13T13:26:12","date_gmt":"2018-08-13T10:26:12","guid":{"rendered":"https:\/\/rotary.fi\/jyvaskylalaajavuori\/?page_id=188"},"modified":"2024-09-20T08:42:46","modified_gmt":"2024-09-20T05:42:46","slug":"presidentin-uutiset","status":"publish","type":"page","link":"https:\/\/rotary.fi\/jyvaskylalaajavuori\/ajankohtaista\/presidentin-uutiset\/","title":{"rendered":"Presidentin uutiset"},"content":{"rendered":"","protected":false},"excerpt":{"rendered":"","protected":false},"author":1,"featured_media":0,"parent":94,"menu_order":2,"comment_status":"closed","ping_status":"closed","template":"","meta":{"_acf_changed":false,"_et_pb_use_builder":"off","_et_pb_old_content":"","_et_gb_content_width":"","footnotes":""},"class_list":["post-188","page","type-page","status-publish","hentry"],"acf":[],"yoast_head":"<!-- This site is optimized with the Yoast SEO plugin v27.0 - https:\/\/yoast.com\/product\/yoast-seo-wordpress\/ -->\n<title>Presidentin uutiset - Jyv\u00e4skyl\u00e4-Laajavuori<\/title>\n<meta name=\"description\" content=\"Jyv\u00e4skyl\u00e4-Laajavuori Rotaryklubi, Jyv\u00e4skyl\u00e4. Klubimme tavoitteina ovat mm. rotarytoiminnan vahvistaminen ja yst\u00e4vyyden sek\u00e4 toveruuden edist\u00e4minen.\" \/>\n<meta name=\"robots\" content=\"index, follow, max-snippet:-1, max-image-preview:large, max-video-preview:-1\" \/>\n<link rel=\"canonical\" href=\"https:\/\/rotary.fi\/jyvaskylalaajavuori\/ajankohtaista\/presidentin-uutiset\/\" \/>\n<meta property=\"og:locale\" content=\"fi_FI\" \/>\n<meta property=\"og:type\" content=\"article\" \/>\n<meta property=\"og:title\" content=\"Presidentin uutiset - Jyv\u00e4skyl\u00e4-Laajavuori\" \/>\n<meta property=\"og:description\" content=\"Jyv\u00e4skyl\u00e4-Laajavuori Rotaryklubi, Jyv\u00e4skyl\u00e4. Klubimme tavoitteina ovat mm. rotarytoiminnan vahvistaminen ja yst\u00e4vyyden sek\u00e4 toveruuden edist\u00e4minen.\" \/>\n<meta property=\"og:url\" content=\"https:\/\/rotary.fi\/jyvaskylalaajavuori\/ajankohtaista\/presidentin-uutiset\/\" \/>\n<meta property=\"og:site_name\" content=\"Jyv\u00e4skyl\u00e4-Laajavuori\" \/>\n<meta property=\"article:publisher\" content=\"https:\/\/www.facebook.com\/profile.php?id=100088839516485\" \/>\n<meta property=\"article:modified_time\" content=\"2024-09-20T05:42:46+00:00\" \/>\n<meta name=\"twitter:card\" content=\"summary_large_image\" \/>\n<meta name=\"twitter:label1\" content=\"Arvioitu lukuaika\" \/>\n\t<meta name=\"twitter:data1\" content=\"1 minuutti\" \/>\n<script type=\"application\/ld+json\" class=\"yoast-schema-graph\">{\"@context\":\"https:\/\/schema.org\",\"@graph\":[{\"@type\":\"WebPage\",\"@id\":\"https:\/\/rotary.fi\/jyvaskylalaajavuori\/ajankohtaista\/presidentin-uutiset\/\",\"url\":\"https:\/\/rotary.fi\/jyvaskylalaajavuori\/ajankohtaista\/presidentin-uutiset\/\",\"name\":\"Presidentin uutiset - Jyv\u00e4skyl\u00e4-Laajavuori\",\"isPartOf\":{\"@id\":\"https:\/\/rotary.fi\/jyvaskylalaajavuori\/#website\"},\"datePublished\":\"2018-08-13T10:26:12+00:00\",\"dateModified\":\"2024-09-20T05:42:46+00:00\",\"description\":\"Jyv\u00e4skyl\u00e4-Laajavuori Rotaryklubi, Jyv\u00e4skyl\u00e4. Klubimme tavoitteina ovat mm. rotarytoiminnan vahvistaminen ja yst\u00e4vyyden sek\u00e4 toveruuden edist\u00e4minen.\",\"breadcrumb\":{\"@id\":\"https:\/\/rotary.fi\/jyvaskylalaajavuori\/ajankohtaista\/presidentin-uutiset\/#breadcrumb\"},\"inLanguage\":\"fi\",\"potentialAction\":[{\"@type\":\"ReadAction\",\"target\":[\"https:\/\/rotary.fi\/jyvaskylalaajavuori\/ajankohtaista\/presidentin-uutiset\/\"]}]},{\"@type\":\"BreadcrumbList\",\"@id\":\"https:\/\/rotary.fi\/jyvaskylalaajavuori\/ajankohtaista\/presidentin-uutiset\/#breadcrumb\",\"itemListElement\":[{\"@type\":\"ListItem\",\"position\":1,\"name\":\"Home\",\"item\":\"https:\/\/rotary.fi\/jyvaskylalaajavuori\/\"},{\"@type\":\"ListItem\",\"position\":2,\"name\":\"Ajankohtaista\",\"item\":\"https:\/\/rotary.fi\/jyvaskylalaajavuori\/ajankohtaista\/\"},{\"@type\":\"ListItem\",\"position\":3,\"name\":\"Presidentin uutiset\"}]},{\"@type\":\"WebSite\",\"@id\":\"https:\/\/rotary.fi\/jyvaskylalaajavuori\/#website\",\"url\":\"https:\/\/rotary.fi\/jyvaskylalaajavuori\/\",\"name\":\"Jyv\u00e4skyl\u00e4-Laajavuori\",\"description\":\"Uusi Rotary klubisivusto\",\"publisher\":{\"@id\":\"https:\/\/rotary.fi\/jyvaskylalaajavuori\/#organization\"},\"alternateName\":\"Jyv\u00e4skyl\u00e4-Laajavuori Rotaryklubi\",\"potentialAction\":[{\"@type\":\"SearchAction\",\"target\":{\"@type\":\"EntryPoint\",\"urlTemplate\":\"https:\/\/rotary.fi\/jyvaskylalaajavuori\/?s={search_term_string}\"},\"query-input\":{\"@type\":\"PropertyValueSpecification\",\"valueRequired\":true,\"valueName\":\"search_term_string\"}}],\"inLanguage\":\"fi\"},{\"@type\":\"Organization\",\"@id\":\"https:\/\/rotary.fi\/jyvaskylalaajavuori\/#organization\",\"name\":\"Jyv\u00e4skyl\u00e4-Laajavuori Rotaryklubi\",\"url\":\"https:\/\/rotary.fi\/jyvaskylalaajavuori\/\",\"logo\":{\"@type\":\"ImageObject\",\"inLanguage\":\"fi\",\"@id\":\"https:\/\/rotary.fi\/jyvaskylalaajavuori\/#\/schema\/logo\/image\/\",\"url\":\"https:\/\/rotary.fi\/jyvaskylalaajavuori\/wp-content\/uploads\/sites\/234\/2018\/08\/rotary-logo-main-2.png\",\"contentUrl\":\"https:\/\/rotary.fi\/jyvaskylalaajavuori\/wp-content\/uploads\/sites\/234\/2018\/08\/rotary-logo-main-2.png\",\"width\":135,\"height\":52,\"caption\":\"Jyv\u00e4skyl\u00e4-Laajavuori Rotaryklubi\"},\"image\":{\"@id\":\"https:\/\/rotary.fi\/jyvaskylalaajavuori\/#\/schema\/logo\/image\/\"},\"sameAs\":[\"https:\/\/www.facebook.com\/profile.php?id=100088839516485\"]}]}<\/script>\n<!-- \/ Yoast SEO plugin. -->","yoast_head_json":{"title":"Presidentin uutiset - Jyv\u00e4skyl\u00e4-Laajavuori","description":"Jyv\u00e4skyl\u00e4-Laajavuori Rotaryklubi, Jyv\u00e4skyl\u00e4. Klubimme tavoitteina ovat mm. rotarytoiminnan vahvistaminen ja yst\u00e4vyyden sek\u00e4 toveruuden edist\u00e4minen.","robots":{"index":"index","follow":"follow","max-snippet":"max-snippet:-1","max-image-preview":"max-image-preview:large","max-video-preview":"max-video-preview:-1"},"canonical":"https:\/\/rotary.fi\/jyvaskylalaajavuori\/ajankohtaista\/presidentin-uutiset\/","og_locale":"fi_FI","og_type":"article","og_title":"Presidentin uutiset - Jyv\u00e4skyl\u00e4-Laajavuori","og_description":"Jyv\u00e4skyl\u00e4-Laajavuori Rotaryklubi, Jyv\u00e4skyl\u00e4. Klubimme tavoitteina ovat mm. rotarytoiminnan vahvistaminen ja yst\u00e4vyyden sek\u00e4 toveruuden edist\u00e4minen.","og_url":"https:\/\/rotary.fi\/jyvaskylalaajavuori\/ajankohtaista\/presidentin-uutiset\/","og_site_name":"Jyv\u00e4skyl\u00e4-Laajavuori","article_publisher":"https:\/\/www.facebook.com\/profile.php?id=100088839516485","article_modified_time":"2024-09-20T05:42:46+00:00","twitter_card":"summary_large_image","twitter_misc":{"Arvioitu lukuaika":"1 minuutti"},"schema":{"@context":"https:\/\/schema.org","@graph":[{"@type":"WebPage","@id":"https:\/\/rotary.fi\/jyvaskylalaajavuori\/ajankohtaista\/presidentin-uutiset\/","url":"https:\/\/rotary.fi\/jyvaskylalaajavuori\/ajankohtaista\/presidentin-uutiset\/","name":"Presidentin uutiset - Jyv\u00e4skyl\u00e4-Laajavuori","isPartOf":{"@id":"https:\/\/rotary.fi\/jyvaskylalaajavuori\/#website"},"datePublished":"2018-08-13T10:26:12+00:00","dateModified":"2024-09-20T05:42:46+00:00","description":"Jyv\u00e4skyl\u00e4-Laajavuori Rotaryklubi, Jyv\u00e4skyl\u00e4. Klubimme tavoitteina ovat mm. rotarytoiminnan vahvistaminen ja yst\u00e4vyyden sek\u00e4 toveruuden edist\u00e4minen.","breadcrumb":{"@id":"https:\/\/rotary.fi\/jyvaskylalaajavuori\/ajankohtaista\/presidentin-uutiset\/#breadcrumb"},"inLanguage":"fi","potentialAction":[{"@type":"ReadAction","target":["https:\/\/rotary.fi\/jyvaskylalaajavuori\/ajankohtaista\/presidentin-uutiset\/"]}]},{"@type":"BreadcrumbList","@id":"https:\/\/rotary.fi\/jyvaskylalaajavuori\/ajankohtaista\/presidentin-uutiset\/#breadcrumb","itemListElement":[{"@type":"ListItem","position":1,"name":"Home","item":"https:\/\/rotary.fi\/jyvaskylalaajavuori\/"},{"@type":"ListItem","position":2,"name":"Ajankohtaista","item":"https:\/\/rotary.fi\/jyvaskylalaajavuori\/ajankohtaista\/"},{"@type":"ListItem","position":3,"name":"Presidentin uutiset"}]},{"@type":"WebSite","@id":"https:\/\/rotary.fi\/jyvaskylalaajavuori\/#website","url":"https:\/\/rotary.fi\/jyvaskylalaajavuori\/","name":"Jyv\u00e4skyl\u00e4-Laajavuori","description":"Uusi Rotary klubisivusto","publisher":{"@id":"https:\/\/rotary.fi\/jyvaskylalaajavuori\/#organization"},"alternateName":"Jyv\u00e4skyl\u00e4-Laajavuori Rotaryklubi","potentialAction":[{"@type":"SearchAction","target":{"@type":"EntryPoint","urlTemplate":"https:\/\/rotary.fi\/jyvaskylalaajavuori\/?s={search_term_string}"},"query-input":{"@type":"PropertyValueSpecification","valueRequired":true,"valueName":"search_term_string"}}],"inLanguage":"fi"},{"@type":"Organization","@id":"https:\/\/rotary.fi\/jyvaskylalaajavuori\/#organization","name":"Jyv\u00e4skyl\u00e4-Laajavuori Rotaryklubi","url":"https:\/\/rotary.fi\/jyvaskylalaajavuori\/","logo":{"@type":"ImageObject","inLanguage":"fi","@id":"https:\/\/rotary.fi\/jyvaskylalaajavuori\/#\/schema\/logo\/image\/","url":"https:\/\/rotary.fi\/jyvaskylalaajavuori\/wp-content\/uploads\/sites\/234\/2018\/08\/rotary-logo-main-2.png","contentUrl":"https:\/\/rotary.fi\/jyvaskylalaajavuori\/wp-content\/uploads\/sites\/234\/2018\/08\/rotary-logo-main-2.png","width":135,"height":52,"caption":"Jyv\u00e4skyl\u00e4-Laajavuori Rotaryklubi"},"image":{"@id":"https:\/\/rotary.fi\/jyvaskylalaajavuori\/#\/schema\/logo\/image\/"},"sameAs":["https:\/\/www.facebook.com\/profile.php?id=100088839516485"]}]}},"lang":"fi","translations":{"fi":188,"en":1494,"sv":1666},"pll_sync_post":[],"_links":{"self":[{"href":"https:\/\/rotary.fi\/jyvaskylalaajavuori\/wp-json\/wp\/v2\/pages\/188","targetHints":{"allow":["GET"]}}],"collection":[{"href":"https:\/\/rotary.fi\/jyvaskylalaajavuori\/wp-json\/wp\/v2\/pages"}],"about":[{"href":"https:\/\/rotary.fi\/jyvaskylalaajavuori\/wp-json\/wp\/v2\/types\/page"}],"author":[{"embeddable":true,"href":"https:\/\/rotary.fi\/jyvaskylalaajavuori\/wp-json\/wp\/v2\/users\/1"}],"replies":[{"embeddable":true,"href":"https:\/\/rotary.fi\/jyvaskylalaajavuori\/wp-json\/wp\/v2\/comments?post=188"}],"version-history":[{"count":5,"href":"https:\/\/rotary.fi\/jyvaskylalaajavuori\/wp-json\/wp\/v2\/pages\/188\/revisions"}],"predecessor-version":[{"id":2109,"href":"https:\/\/rotary.fi\/jyvaskylalaajavuori\/wp-json\/wp\/v2\/pages\/188\/revisions\/2109"}],"up":[{"embeddable":true,"href":"https:\/\/rotary.fi\/jyvaskylalaajavuori\/wp-json\/wp\/v2\/pages\/94"}],"wp:attachment":[{"href":"https:\/\/rotary.fi\/jyvaskylalaajavuori\/wp-json\/wp\/v2\/media?parent=188"}],"curies":[{"name":"wp","href":"https:\/\/api.w.org\/{rel}","templated":true}]}}