{"id":1629,"date":"2019-03-20T06:52:33","date_gmt":"2019-03-20T04:52:33","guid":{"rendered":"https:\/\/rotary.fi\/jyvaskylalaajavuori\/?page_id=1629"},"modified":"2022-11-02T11:39:47","modified_gmt":"2022-11-02T09:39:47","slug":"kom-med","status":"publish","type":"page","link":"https:\/\/rotary.fi\/jyvaskylalaajavuori\/sv\/kom-med\/","title":{"rendered":"Kom med"},"content":{"rendered":"<p>[et_pb_section fb_built=&#8221;1&#8243; module_class=&#8221;jumbotron-page&#8221; _builder_version=&#8221;4.16&#8243; background_image=&#8221;https:\/\/rotary.fi\/wp-content\/uploads\/2018\/04\/paakuva_liity_mukaan.jpg&#8221; global_colors_info=&#8221;{}&#8221;][et_pb_row _builder_version=&#8221;4.16&#8243; background_size=&#8221;initial&#8221; background_position=&#8221;top_left&#8221; background_repeat=&#8221;repeat&#8221; global_colors_info=&#8221;{}&#8221;][et_pb_column type=&#8221;4_4&#8243; _builder_version=&#8221;4.16&#8243; custom_padding=&#8221;|||&#8221; global_colors_info=&#8221;{}&#8221; custom_padding__hover=&#8221;|||&#8221;][et_pb_text admin_label=&#8221;Main \/\/ Kom med&#8221; _builder_version=&#8221;4.16&#8243; text_orientation=&#8221;center&#8221; background_layout=&#8221;dark&#8221; global_colors_info=&#8221;{}&#8221;]<\/p>\n<h1>Kom med<\/h1>\n<p>[\/et_pb_text][\/et_pb_column][\/et_pb_row][\/et_pb_section][et_pb_section fb_built=&#8221;1&#8243; specialty=&#8221;on&#8221; module_class_2=&#8221;sivupalkki&#8221; _builder_version=&#8221;4.16&#8243; global_colors_info=&#8221;{}&#8221;][et_pb_column type=&#8221;2_3&#8243; specialty_columns=&#8221;2&#8243; _builder_version=&#8221;4.16&#8243; custom_padding=&#8221;|||&#8221; global_colors_info=&#8221;{}&#8221; custom_padding__hover=&#8221;|||&#8221;][et_pb_row_inner admin_label=&#8221;Rivi&#8221; _builder_version=&#8221;4.16&#8243; global_colors_info=&#8221;{}&#8221;][et_pb_column_inner saved_specialty_column_type=&#8221;2_3&#8243; _builder_version=&#8221;4.16&#8243; custom_padding=&#8221;|||&#8221; global_colors_info=&#8221;{}&#8221; custom_padding__hover=&#8221;|||&#8221;][et_pb_text admin_label=&#8221;Kom med &#8211; rubrik&#8221; _builder_version=&#8221;4.16&#8243; text_orientation=&#8221;center&#8221; global_colors_info=&#8221;{}&#8221;]<\/p>\n<h1>Kom med<\/h1>\n<p>[\/et_pb_text][et_pb_text admin_label=&#8221;Text: Kom med&#8221; _builder_version=&#8221;4.16&#8243; global_colors_info=&#8221;{}&#8221;]<\/p>\n<p>Rotary \u00e4r en internationell organisation best\u00e5ende av likasinnade m\u00e4nniskor &#8211; m\u00e4nniskor som vill g\u00f6ra gott p\u00e5 den egna orten och runt om i v\u00e4rlden. Rotaryklubbar finns s\u00e5 gott som i l\u00e4nder, \u00e4ven i Finlands alla delregioner, i st\u00e4der och i n\u00e4stan alla kommuner.<\/p>\n<p>Bekanta Dig \u00e4ven med aktiviteter riktade till ungdomar, <a href=\"https:\/\/rotary.fi\/sv\/vad-gor-vi\/ungdomsservice\/interact\/\" rel=\"noopener noreferrer\" target=\"_blank\">Interact<\/a> och <a href=\"https:\/\/rotary.fi\/sv\/vad-gor-vi\/ungdomsservice\/rotaract\/\" rel=\"noopener noreferrer\" target=\"_blank\">Rotaract<\/a><\/p>\n<p>[\/et_pb_text][\/et_pb_column_inner][\/et_pb_row_inner][et_pb_row_inner admin_label=&#8221;Rivi&#8221; _builder_version=&#8221;4.16&#8243; global_colors_info=&#8221;{}&#8221; locked=&#8221;on&#8221;][et_pb_column_inner saved_specialty_column_type=&#8221;2_3&#8243; _builder_version=&#8221;4.16&#8243; custom_padding=&#8221;|||&#8221; global_colors_info=&#8221;{}&#8221; custom_padding__hover=&#8221;|||&#8221;][et_pb_text admin_label=&#8221;V\u00e4nligen kontakta oss &#8211; rubrik&#8221; _builder_version=&#8221;4.16&#8243; text_orientation=&#8221;center&#8221; global_colors_info=&#8221;{}&#8221;]<\/p>\n<h1>V\u00e4nligen kontakta oss<\/h1>\n<p>[\/et_pb_text][et_pb_text admin_label=&#8221;Text: V\u00e4nligen kontakta oss&#8221; _builder_version=&#8221;4.16&#8243; global_colors_info=&#8221;{}&#8221;]<\/p>\n<p>\nVill Du vara med i rotaryverksamheten? Via kontaktformul\u00e4ret kan Du vara i direkt kontakt till klubben.<\/p>\n<p>[\/et_pb_text][et_pb_contact_form custom_message=&#8221;Viesti:||et_pb_line_break_holder||%%message%%||et_pb_line_break_holder||||et_pb_line_break_holder||Kenelt\u00e4:||et_pb_line_break_holder||%%name%%||et_pb_line_break_holder||%%email%%&#8221; success_message=&#8221;Viestisi on l\u00e4hetetty. Kiitos yhteydenotostasi!&#8221; admin_label=&#8221;Kontaktformul\u00e4ret&#8221; _builder_version=&#8221;4.18.1&#8243; _unique_id=&#8221;c838b0f7-23cf-409c-b47f-c60dfbbee235&#8243; hover_enabled=&#8221;0&#8243; global_colors_info=&#8221;{}&#8221; email=&#8221;rotary.laajavuori.tiedotus@gmail.com&#8221; sticky_enabled=&#8221;0&#8243;][et_pb_contact_field field_id=&#8221;Name&#8221; field_title=&#8221;Namn&#8221; _builder_version=&#8221;3.21&#8243; global_colors_info=&#8221;{}&#8221;][\/et_pb_contact_field][et_pb_contact_field field_id=&#8221;Email&#8221; field_title=&#8221;E-mail&#8221; field_type=&#8221;email&#8221; _builder_version=&#8221;3.21&#8243; global_colors_info=&#8221;{}&#8221;][\/et_pb_contact_field][et_pb_contact_field field_id=&#8221;Message&#8221; field_title=&#8221;Meddelande &#8221; field_type=&#8221;text&#8221; fullwidth_field=&#8221;on&#8221; _builder_version=&#8221;3.21&#8243; global_colors_info=&#8221;{}&#8221;][\/et_pb_contact_field][\/et_pb_contact_form][\/et_pb_column_inner][\/et_pb_row_inner][\/et_pb_column][et_pb_column type=&#8221;1_3&#8243; _builder_version=&#8221;4.16&#8243; custom_padding=&#8221;|||&#8221; global_colors_info=&#8221;{}&#8221; custom_padding__hover=&#8221;|||&#8221;][et_pb_sidebar area=&#8221;sidebar-1&#8243; admin_label=&#8221;Sidebar&#8221; module_class=&#8221;sivupalkki_sisalto&#8221; _builder_version=&#8221;4.16&#8243; locked=&#8221;on&#8221; global_colors_info=&#8221;{}&#8221;][\/et_pb_sidebar][\/et_pb_column][\/et_pb_section]<\/p>\n","protected":false},"excerpt":{"rendered":"<p>Kom med Kom med Rotary \u00e4r en internationell organisation best\u00e5ende av likasinnade m\u00e4nniskor &#8211; m\u00e4nniskor som vill g\u00f6ra gott p\u00e5 den egna orten och runt om i v\u00e4rlden. Rotaryklubbar finns s\u00e5 gott som i l\u00e4nder, \u00e4ven i Finlands alla delregioner, i st\u00e4der och i n\u00e4stan alla kommuner. Bekanta Dig \u00e4ven med aktiviteter riktade till ungdomar, [&hellip;]<\/p>\n","protected":false},"author":1,"featured_media":0,"parent":0,"menu_order":3,"comment_status":"closed","ping_status":"closed","template":"","meta":{"_acf_changed":false,"_et_pb_use_builder":"on","_et_pb_old_content":"","_et_gb_content_width":"","footnotes":""},"class_list":["post-1629","page","type-page","status-publish","hentry"],"acf":[],"yoast_head":"<!-- This site is optimized with the Yoast SEO plugin v27.0 - https:\/\/yoast.com\/product\/yoast-seo-wordpress\/ -->\n<title>Kom med - Jyv\u00e4skyl\u00e4-Laajavuori<\/title>\n<meta name=\"description\" content=\"Jyv\u00e4skyl\u00e4-Laajavuori Rotaryklubi, Jyv\u00e4skyl\u00e4. Klubimme tavoitteina ovat mm. rotarytoiminnan vahvistaminen ja yst\u00e4vyyden sek\u00e4 toveruuden edist\u00e4minen.\" \/>\n<meta name=\"robots\" content=\"index, follow, max-snippet:-1, max-image-preview:large, max-video-preview:-1\" \/>\n<link rel=\"canonical\" href=\"https:\/\/rotary.fi\/jyvaskylalaajavuori\/sv\/kom-med\/\" \/>\n<meta property=\"og:locale\" content=\"fi_FI\" \/>\n<meta property=\"og:type\" content=\"article\" \/>\n<meta property=\"og:title\" content=\"Kom med - Jyv\u00e4skyl\u00e4-Laajavuori\" \/>\n<meta property=\"og:description\" content=\"Jyv\u00e4skyl\u00e4-Laajavuori Rotaryklubi, Jyv\u00e4skyl\u00e4. Klubimme tavoitteina ovat mm. rotarytoiminnan vahvistaminen ja yst\u00e4vyyden sek\u00e4 toveruuden edist\u00e4minen.\" \/>\n<meta property=\"og:url\" content=\"https:\/\/rotary.fi\/jyvaskylalaajavuori\/sv\/kom-med\/\" \/>\n<meta property=\"og:site_name\" content=\"Jyv\u00e4skyl\u00e4-Laajavuori\" \/>\n<meta property=\"article:publisher\" content=\"https:\/\/www.facebook.com\/profile.php?id=100088839516485\" \/>\n<meta property=\"article:modified_time\" content=\"2022-11-02T09:39:47+00:00\" \/>\n<meta name=\"twitter:card\" content=\"summary_large_image\" \/>\n<meta name=\"twitter:label1\" content=\"Arvioitu lukuaika\" \/>\n\t<meta name=\"twitter:data1\" content=\"2 minuuttia\" \/>\n<script type=\"application\/ld+json\" class=\"yoast-schema-graph\">{\"@context\":\"https:\/\/schema.org\",\"@graph\":[{\"@type\":\"WebPage\",\"@id\":\"https:\/\/rotary.fi\/jyvaskylalaajavuori\/sv\/kom-med\/\",\"url\":\"https:\/\/rotary.fi\/jyvaskylalaajavuori\/sv\/kom-med\/\",\"name\":\"Kom med - Jyv\u00e4skyl\u00e4-Laajavuori\",\"isPartOf\":{\"@id\":\"https:\/\/rotary.fi\/jyvaskylalaajavuori\/#website\"},\"datePublished\":\"2019-03-20T04:52:33+00:00\",\"dateModified\":\"2022-11-02T09:39:47+00:00\",\"description\":\"Jyv\u00e4skyl\u00e4-Laajavuori Rotaryklubi, Jyv\u00e4skyl\u00e4. Klubimme tavoitteina ovat mm. rotarytoiminnan vahvistaminen ja yst\u00e4vyyden sek\u00e4 toveruuden edist\u00e4minen.\",\"breadcrumb\":{\"@id\":\"https:\/\/rotary.fi\/jyvaskylalaajavuori\/sv\/kom-med\/#breadcrumb\"},\"inLanguage\":\"fi\",\"potentialAction\":[{\"@type\":\"ReadAction\",\"target\":[\"https:\/\/rotary.fi\/jyvaskylalaajavuori\/sv\/kom-med\/\"]}]},{\"@type\":\"BreadcrumbList\",\"@id\":\"https:\/\/rotary.fi\/jyvaskylalaajavuori\/sv\/kom-med\/#breadcrumb\",\"itemListElement\":[{\"@type\":\"ListItem\",\"position\":1,\"name\":\"Home\",\"item\":\"https:\/\/rotary.fi\/jyvaskylalaajavuori\/\"},{\"@type\":\"ListItem\",\"position\":2,\"name\":\"Kom med\"}]},{\"@type\":\"WebSite\",\"@id\":\"https:\/\/rotary.fi\/jyvaskylalaajavuori\/#website\",\"url\":\"https:\/\/rotary.fi\/jyvaskylalaajavuori\/\",\"name\":\"Jyv\u00e4skyl\u00e4-Laajavuori\",\"description\":\"Uusi Rotary klubisivusto\",\"publisher\":{\"@id\":\"https:\/\/rotary.fi\/jyvaskylalaajavuori\/#organization\"},\"alternateName\":\"Jyv\u00e4skyl\u00e4-Laajavuori Rotaryklubi\",\"potentialAction\":[{\"@type\":\"SearchAction\",\"target\":{\"@type\":\"EntryPoint\",\"urlTemplate\":\"https:\/\/rotary.fi\/jyvaskylalaajavuori\/?s={search_term_string}\"},\"query-input\":{\"@type\":\"PropertyValueSpecification\",\"valueRequired\":true,\"valueName\":\"search_term_string\"}}],\"inLanguage\":\"fi\"},{\"@type\":\"Organization\",\"@id\":\"https:\/\/rotary.fi\/jyvaskylalaajavuori\/#organization\",\"name\":\"Jyv\u00e4skyl\u00e4-Laajavuori Rotaryklubi\",\"url\":\"https:\/\/rotary.fi\/jyvaskylalaajavuori\/\",\"logo\":{\"@type\":\"ImageObject\",\"inLanguage\":\"fi\",\"@id\":\"https:\/\/rotary.fi\/jyvaskylalaajavuori\/#\/schema\/logo\/image\/\",\"url\":\"https:\/\/rotary.fi\/jyvaskylalaajavuori\/wp-content\/uploads\/sites\/234\/2018\/08\/rotary-logo-main-2.png\",\"contentUrl\":\"https:\/\/rotary.fi\/jyvaskylalaajavuori\/wp-content\/uploads\/sites\/234\/2018\/08\/rotary-logo-main-2.png\",\"width\":135,\"height\":52,\"caption\":\"Jyv\u00e4skyl\u00e4-Laajavuori Rotaryklubi\"},\"image\":{\"@id\":\"https:\/\/rotary.fi\/jyvaskylalaajavuori\/#\/schema\/logo\/image\/\"},\"sameAs\":[\"https:\/\/www.facebook.com\/profile.php?id=100088839516485\"]}]}<\/script>\n<!-- \/ Yoast SEO plugin. -->","yoast_head_json":{"title":"Kom med - Jyv\u00e4skyl\u00e4-Laajavuori","description":"Jyv\u00e4skyl\u00e4-Laajavuori Rotaryklubi, Jyv\u00e4skyl\u00e4. Klubimme tavoitteina ovat mm. rotarytoiminnan vahvistaminen ja yst\u00e4vyyden sek\u00e4 toveruuden edist\u00e4minen.","robots":{"index":"index","follow":"follow","max-snippet":"max-snippet:-1","max-image-preview":"max-image-preview:large","max-video-preview":"max-video-preview:-1"},"canonical":"https:\/\/rotary.fi\/jyvaskylalaajavuori\/sv\/kom-med\/","og_locale":"fi_FI","og_type":"article","og_title":"Kom med - Jyv\u00e4skyl\u00e4-Laajavuori","og_description":"Jyv\u00e4skyl\u00e4-Laajavuori Rotaryklubi, Jyv\u00e4skyl\u00e4. Klubimme tavoitteina ovat mm. rotarytoiminnan vahvistaminen ja yst\u00e4vyyden sek\u00e4 toveruuden edist\u00e4minen.","og_url":"https:\/\/rotary.fi\/jyvaskylalaajavuori\/sv\/kom-med\/","og_site_name":"Jyv\u00e4skyl\u00e4-Laajavuori","article_publisher":"https:\/\/www.facebook.com\/profile.php?id=100088839516485","article_modified_time":"2022-11-02T09:39:47+00:00","twitter_card":"summary_large_image","twitter_misc":{"Arvioitu lukuaika":"2 minuuttia"},"schema":{"@context":"https:\/\/schema.org","@graph":[{"@type":"WebPage","@id":"https:\/\/rotary.fi\/jyvaskylalaajavuori\/sv\/kom-med\/","url":"https:\/\/rotary.fi\/jyvaskylalaajavuori\/sv\/kom-med\/","name":"Kom med - Jyv\u00e4skyl\u00e4-Laajavuori","isPartOf":{"@id":"https:\/\/rotary.fi\/jyvaskylalaajavuori\/#website"},"datePublished":"2019-03-20T04:52:33+00:00","dateModified":"2022-11-02T09:39:47+00:00","description":"Jyv\u00e4skyl\u00e4-Laajavuori Rotaryklubi, Jyv\u00e4skyl\u00e4. Klubimme tavoitteina ovat mm. rotarytoiminnan vahvistaminen ja yst\u00e4vyyden sek\u00e4 toveruuden edist\u00e4minen.","breadcrumb":{"@id":"https:\/\/rotary.fi\/jyvaskylalaajavuori\/sv\/kom-med\/#breadcrumb"},"inLanguage":"fi","potentialAction":[{"@type":"ReadAction","target":["https:\/\/rotary.fi\/jyvaskylalaajavuori\/sv\/kom-med\/"]}]},{"@type":"BreadcrumbList","@id":"https:\/\/rotary.fi\/jyvaskylalaajavuori\/sv\/kom-med\/#breadcrumb","itemListElement":[{"@type":"ListItem","position":1,"name":"Home","item":"https:\/\/rotary.fi\/jyvaskylalaajavuori\/"},{"@type":"ListItem","position":2,"name":"Kom med"}]},{"@type":"WebSite","@id":"https:\/\/rotary.fi\/jyvaskylalaajavuori\/#website","url":"https:\/\/rotary.fi\/jyvaskylalaajavuori\/","name":"Jyv\u00e4skyl\u00e4-Laajavuori","description":"Uusi Rotary klubisivusto","publisher":{"@id":"https:\/\/rotary.fi\/jyvaskylalaajavuori\/#organization"},"alternateName":"Jyv\u00e4skyl\u00e4-Laajavuori Rotaryklubi","potentialAction":[{"@type":"SearchAction","target":{"@type":"EntryPoint","urlTemplate":"https:\/\/rotary.fi\/jyvaskylalaajavuori\/?s={search_term_string}"},"query-input":{"@type":"PropertyValueSpecification","valueRequired":true,"valueName":"search_term_string"}}],"inLanguage":"fi"},{"@type":"Organization","@id":"https:\/\/rotary.fi\/jyvaskylalaajavuori\/#organization","name":"Jyv\u00e4skyl\u00e4-Laajavuori Rotaryklubi","url":"https:\/\/rotary.fi\/jyvaskylalaajavuori\/","logo":{"@type":"ImageObject","inLanguage":"fi","@id":"https:\/\/rotary.fi\/jyvaskylalaajavuori\/#\/schema\/logo\/image\/","url":"https:\/\/rotary.fi\/jyvaskylalaajavuori\/wp-content\/uploads\/sites\/234\/2018\/08\/rotary-logo-main-2.png","contentUrl":"https:\/\/rotary.fi\/jyvaskylalaajavuori\/wp-content\/uploads\/sites\/234\/2018\/08\/rotary-logo-main-2.png","width":135,"height":52,"caption":"Jyv\u00e4skyl\u00e4-Laajavuori Rotaryklubi"},"image":{"@id":"https:\/\/rotary.fi\/jyvaskylalaajavuori\/#\/schema\/logo\/image\/"},"sameAs":["https:\/\/www.facebook.com\/profile.php?id=100088839516485"]}]}},"lang":"sv","translations":{"sv":1629,"en":1473,"fi":89},"pll_sync_post":[],"_links":{"self":[{"href":"https:\/\/rotary.fi\/jyvaskylalaajavuori\/wp-json\/wp\/v2\/pages\/1629","targetHints":{"allow":["GET"]}}],"collection":[{"href":"https:\/\/rotary.fi\/jyvaskylalaajavuori\/wp-json\/wp\/v2\/pages"}],"about":[{"href":"https:\/\/rotary.fi\/jyvaskylalaajavuori\/wp-json\/wp\/v2\/types\/page"}],"author":[{"embeddable":true,"href":"https:\/\/rotary.fi\/jyvaskylalaajavuori\/wp-json\/wp\/v2\/users\/1"}],"replies":[{"embeddable":true,"href":"https:\/\/rotary.fi\/jyvaskylalaajavuori\/wp-json\/wp\/v2\/comments?post=1629"}],"version-history":[{"count":5,"href":"https:\/\/rotary.fi\/jyvaskylalaajavuori\/wp-json\/wp\/v2\/pages\/1629\/revisions"}],"predecessor-version":[{"id":1813,"href":"https:\/\/rotary.fi\/jyvaskylalaajavuori\/wp-json\/wp\/v2\/pages\/1629\/revisions\/1813"}],"wp:attachment":[{"href":"https:\/\/rotary.fi\/jyvaskylalaajavuori\/wp-json\/wp\/v2\/media?parent=1629"}],"curies":[{"name":"wp","href":"https:\/\/api.w.org\/{rel}","templated":true}]}}