{"id":138,"date":"2018-08-10T14:01:44","date_gmt":"2018-08-10T11:01:44","guid":{"rendered":"https:\/\/rotary.fi\/klubi2\/?page_id=138"},"modified":"2024-09-23T13:07:10","modified_gmt":"2024-09-23T10:07:10","slug":"vuositeema","status":"publish","type":"page","link":"https:\/\/rotary.fi\/jyvaskylalaajavuori\/keita-olemme\/vuositeema\/","title":{"rendered":"Vuositeema"},"content":{"rendered":"<p>[et_pb_section fb_built=&#8221;1&#8243; module_class=&#8221;jumbotron-page&#8221; _builder_version=&#8221;4.16&#8243; background_image=&#8221;https:\/\/rotary.fi\/jyvaskylalaajavuori\/wp-content\/uploads\/sites\/234\/2018\/08\/rotary_klubit_alasivu_paakuva_7.jpg&#8221; global_colors_info=&#8221;{}&#8221;][et_pb_row _builder_version=&#8221;4.16&#8243; background_size=&#8221;initial&#8221; background_position=&#8221;top_left&#8221; background_repeat=&#8221;repeat&#8221; global_colors_info=&#8221;{}&#8221;][et_pb_column type=&#8221;4_4&#8243; _builder_version=&#8221;4.16&#8243; custom_padding=&#8221;|||&#8221; global_colors_info=&#8221;{}&#8221; custom_padding__hover=&#8221;|||&#8221;][et_pb_text admin_label=&#8221;P\u00e4\u00e4otsikko&#8221; _builder_version=&#8221;4.16&#8243; text_orientation=&#8221;center&#8221; background_layout=&#8221;dark&#8221; global_colors_info=&#8221;{}&#8221;]<\/p>\n<h1>Vuositeema<\/h1>\n<p>&nbsp;<\/p>\n<p>[\/et_pb_text][\/et_pb_column][\/et_pb_row][\/et_pb_section][et_pb_section fb_built=&#8221;1&#8243; specialty=&#8221;on&#8221; module_class_2=&#8221;sivupalkki&#8221; _builder_version=&#8221;4.16&#8243; global_colors_info=&#8221;{}&#8221;][et_pb_column type=&#8221;2_3&#8243; specialty_columns=&#8221;2&#8243; _builder_version=&#8221;4.16&#8243; custom_padding=&#8221;|||&#8221; global_colors_info=&#8221;{}&#8221; custom_padding__hover=&#8221;|||&#8221;][et_pb_row_inner column_structure=&#8221;1_4,1_4,1_4,1_4&#8243; admin_label=&#8221;Rivi&#8221; _builder_version=&#8221;4.16&#8243; global_colors_info=&#8221;{}&#8221;][et_pb_column_inner type=&#8221;1_4&#8243; saved_specialty_column_type=&#8221;2_3&#8243; _builder_version=&#8221;4.16&#8243; custom_padding=&#8221;|||&#8221; custom_css_main_element=&#8221;width:24%!important;&#8221; global_colors_info=&#8221;{}&#8221; custom_padding__hover=&#8221;|||&#8221;][\/et_pb_column_inner][et_pb_column_inner type=&#8221;1_4&#8243; saved_specialty_column_type=&#8221;2_3&#8243; _builder_version=&#8221;4.16&#8243; custom_padding=&#8221;|||&#8221; custom_css_main_element=&#8221;width:24%!important;&#8221; global_colors_info=&#8221;{}&#8221; custom_padding__hover=&#8221;|||&#8221;][et_pb_image src=&#8221;https:\/\/rotary.fi\/jyvaskylalaajavuori\/wp-content\/uploads\/sites\/234\/2024\/09\/t2425en-logo-rgb.png&#8221; title_text=&#8221;T2425EN-Logo-RGB&#8221; align_tablet=&#8221;center&#8221; align_phone=&#8221;center&#8221; align_last_edited=&#8221;on|desktop&#8221; _builder_version=&#8221;4.27.0&#8243; min_height=&#8221;143.6px&#8221; custom_margin=&#8221;|-126px||||&#8221; custom_padding=&#8221;|||0px||&#8221; hover_enabled=&#8221;0&#8243; global_colors_info=&#8221;{}&#8221; sticky_enabled=&#8221;0&#8243;][\/et_pb_image][\/et_pb_column_inner][et_pb_column_inner type=&#8221;1_4&#8243; saved_specialty_column_type=&#8221;2_3&#8243; _builder_version=&#8221;4.16&#8243; custom_padding=&#8221;|||&#8221; custom_css_main_element=&#8221;width:24%!important;&#8221; global_colors_info=&#8221;{}&#8221; custom_padding__hover=&#8221;|||&#8221;][\/et_pb_column_inner][et_pb_column_inner type=&#8221;1_4&#8243; saved_specialty_column_type=&#8221;2_3&#8243; _builder_version=&#8221;4.16&#8243; custom_padding=&#8221;|||&#8221; custom_css_main_element=&#8221;display:none;||width:0%!important;&#8221; global_colors_info=&#8221;{}&#8221; custom_padding__hover=&#8221;|||&#8221;][\/et_pb_column_inner][\/et_pb_row_inner][et_pb_row_inner admin_label=&#8221;Rivi&#8221; _builder_version=&#8221;4.16&#8243; global_colors_info=&#8221;{}&#8221;][et_pb_column_inner saved_specialty_column_type=&#8221;2_3&#8243; _builder_version=&#8221;4.16&#8243; custom_padding=&#8221;|||&#8221; global_colors_info=&#8221;{}&#8221; custom_padding__hover=&#8221;|||&#8221;][et_pb_text admin_label=&#8221;Rotary Internationalin vuositeema &#8211; Otsikko&#8221; _builder_version=&#8221;4.16&#8243; text_orientation=&#8221;center&#8221; global_colors_info=&#8221;{}&#8221;]<\/p>\n<h1>Rotary Internationalin vuositeema<\/h1>\n<p>[\/et_pb_text][et_pb_text _builder_version=&#8221;4.16&#8243; global_colors_info=&#8221;{}&#8221;]<\/p>\n<p>Rotary Internationalin presidentti <span>Stephanie Urchick<\/span> on nimennyt presidenttivuotensa 2024-25 teemaksi<\/p>\n<p><strong>The Magic of Rotary <\/strong><\/p>\n<blockquote>\n<p><span>&#8221;Members create that magic with every project completed, every dollar donated, and every new member of Rotary&#8221;<\/span><\/p>\n<\/blockquote>\n<p>&nbsp;<\/p>\n<p>[\/et_pb_text][\/et_pb_column_inner][\/et_pb_row_inner][et_pb_row_inner admin_label=&#8221;Rivi&#8221; _builder_version=&#8221;4.16&#8243; global_colors_info=&#8221;{}&#8221;][et_pb_column_inner saved_specialty_column_type=&#8221;2_3&#8243; _builder_version=&#8221;4.16&#8243; custom_padding=&#8221;|||&#8221; global_colors_info=&#8221;{}&#8221; custom_padding__hover=&#8221;|||&#8221;][et_pb_text admin_label=&#8221;Klubin vuositeema &#8211; Otsikko&#8221; _builder_version=&#8221;4.16&#8243; text_orientation=&#8221;center&#8221; global_colors_info=&#8221;{}&#8221;]<\/p>\n<h4>Jyv\u00e4skyl\u00e4-Laajavuoren Rotaryklubin vuositeema<\/h4>\n<p>[\/et_pb_text][et_pb_text _builder_version=&#8221;4.16&#8243; global_colors_info=&#8221;{}&#8221;][\/et_pb_text][\/et_pb_column_inner][\/et_pb_row_inner][\/et_pb_column][et_pb_column type=&#8221;1_3&#8243; _builder_version=&#8221;4.16&#8243; custom_padding=&#8221;|||&#8221; global_colors_info=&#8221;{}&#8221; custom_padding__hover=&#8221;|||&#8221;][et_pb_sidebar area=&#8221;sidebar-1&#8243; module_class=&#8221;sivupalkki_sisalto&#8221; _builder_version=&#8221;4.16&#8243; locked=&#8221;on&#8221; global_colors_info=&#8221;{}&#8221;][\/et_pb_sidebar][\/et_pb_column][\/et_pb_section]<\/p>\n","protected":false},"excerpt":{"rendered":"<p>Vuositeema &nbsp; Rotary Internationalin vuositeema Rotary Internationalin presidentti Stephanie Urchick on nimennyt presidenttivuotensa 2024-25 teemaksi The Magic of Rotary &#8221;Members create that magic with every project completed, every dollar donated, and every new member of Rotary&#8221; &nbsp;Jyv\u00e4skyl\u00e4-Laajavuoren Rotaryklubin vuositeema<\/p>\n","protected":false},"author":1,"featured_media":0,"parent":129,"menu_order":2,"comment_status":"closed","ping_status":"closed","template":"","meta":{"_acf_changed":false,"_et_pb_use_builder":"on","_et_pb_old_content":"","_et_gb_content_width":"","footnotes":""},"class_list":["post-138","page","type-page","status-publish","hentry"],"acf":[],"yoast_head":"<!-- This site is optimized with the Yoast SEO plugin v27.4 - https:\/\/yoast.com\/product\/yoast-seo-wordpress\/ -->\n<title>Vuositeema - Jyv\u00e4skyl\u00e4-Laajavuori<\/title>\n<meta name=\"description\" content=\"Jyv\u00e4skyl\u00e4-Laajavuori Rotaryklubi, Jyv\u00e4skyl\u00e4. Klubimme tavoitteina ovat mm. rotarytoiminnan vahvistaminen ja yst\u00e4vyyden sek\u00e4 toveruuden edist\u00e4minen.\" \/>\n<meta name=\"robots\" content=\"index, follow, max-snippet:-1, max-image-preview:large, max-video-preview:-1\" \/>\n<link rel=\"canonical\" href=\"https:\/\/rotary.fi\/jyvaskylalaajavuori\/keita-olemme\/vuositeema\/\" \/>\n<meta property=\"og:locale\" content=\"fi_FI\" \/>\n<meta property=\"og:type\" content=\"article\" \/>\n<meta property=\"og:title\" content=\"Vuositeema - Jyv\u00e4skyl\u00e4-Laajavuori\" \/>\n<meta property=\"og:description\" content=\"Jyv\u00e4skyl\u00e4-Laajavuori Rotaryklubi, Jyv\u00e4skyl\u00e4. Klubimme tavoitteina ovat mm. rotarytoiminnan vahvistaminen ja yst\u00e4vyyden sek\u00e4 toveruuden edist\u00e4minen.\" \/>\n<meta property=\"og:url\" content=\"https:\/\/rotary.fi\/jyvaskylalaajavuori\/keita-olemme\/vuositeema\/\" \/>\n<meta property=\"og:site_name\" content=\"Jyv\u00e4skyl\u00e4-Laajavuori\" \/>\n<meta property=\"article:publisher\" content=\"https:\/\/www.facebook.com\/profile.php?id=100088839516485\" \/>\n<meta property=\"article:modified_time\" content=\"2024-09-23T10:07:10+00:00\" \/>\n<meta name=\"twitter:card\" content=\"summary_large_image\" \/>\n<meta name=\"twitter:label1\" content=\"Arvioitu lukuaika\" \/>\n\t<meta name=\"twitter:data1\" content=\"3 minuuttia\" \/>\n<script type=\"application\/ld+json\" class=\"yoast-schema-graph\">{\"@context\":\"https:\\\/\\\/schema.org\",\"@graph\":[{\"@type\":\"WebPage\",\"@id\":\"https:\\\/\\\/rotary.fi\\\/jyvaskylalaajavuori\\\/keita-olemme\\\/vuositeema\\\/\",\"url\":\"https:\\\/\\\/rotary.fi\\\/jyvaskylalaajavuori\\\/keita-olemme\\\/vuositeema\\\/\",\"name\":\"Vuositeema - Jyv\u00e4skyl\u00e4-Laajavuori\",\"isPartOf\":{\"@id\":\"https:\\\/\\\/rotary.fi\\\/jyvaskylalaajavuori\\\/#website\"},\"datePublished\":\"2018-08-10T11:01:44+00:00\",\"dateModified\":\"2024-09-23T10:07:10+00:00\",\"description\":\"Jyv\u00e4skyl\u00e4-Laajavuori Rotaryklubi, Jyv\u00e4skyl\u00e4. Klubimme tavoitteina ovat mm. rotarytoiminnan vahvistaminen ja yst\u00e4vyyden sek\u00e4 toveruuden edist\u00e4minen.\",\"breadcrumb\":{\"@id\":\"https:\\\/\\\/rotary.fi\\\/jyvaskylalaajavuori\\\/keita-olemme\\\/vuositeema\\\/#breadcrumb\"},\"inLanguage\":\"fi\",\"potentialAction\":[{\"@type\":\"ReadAction\",\"target\":[\"https:\\\/\\\/rotary.fi\\\/jyvaskylalaajavuori\\\/keita-olemme\\\/vuositeema\\\/\"]}]},{\"@type\":\"BreadcrumbList\",\"@id\":\"https:\\\/\\\/rotary.fi\\\/jyvaskylalaajavuori\\\/keita-olemme\\\/vuositeema\\\/#breadcrumb\",\"itemListElement\":[{\"@type\":\"ListItem\",\"position\":1,\"name\":\"Home\",\"item\":\"https:\\\/\\\/rotary.fi\\\/jyvaskylalaajavuori\\\/\"},{\"@type\":\"ListItem\",\"position\":2,\"name\":\"Keit\u00e4 olemme\",\"item\":\"https:\\\/\\\/rotary.fi\\\/jyvaskylalaajavuori\\\/keita-olemme\\\/\"},{\"@type\":\"ListItem\",\"position\":3,\"name\":\"Vuositeema\"}]},{\"@type\":\"WebSite\",\"@id\":\"https:\\\/\\\/rotary.fi\\\/jyvaskylalaajavuori\\\/#website\",\"url\":\"https:\\\/\\\/rotary.fi\\\/jyvaskylalaajavuori\\\/\",\"name\":\"Jyv\u00e4skyl\u00e4-Laajavuori\",\"description\":\"Uusi Rotary klubisivusto\",\"publisher\":{\"@id\":\"https:\\\/\\\/rotary.fi\\\/jyvaskylalaajavuori\\\/#organization\"},\"alternateName\":\"Jyv\u00e4skyl\u00e4-Laajavuori Rotaryklubi\",\"potentialAction\":[{\"@type\":\"SearchAction\",\"target\":{\"@type\":\"EntryPoint\",\"urlTemplate\":\"https:\\\/\\\/rotary.fi\\\/jyvaskylalaajavuori\\\/?s={search_term_string}\"},\"query-input\":{\"@type\":\"PropertyValueSpecification\",\"valueRequired\":true,\"valueName\":\"search_term_string\"}}],\"inLanguage\":\"fi\"},{\"@type\":\"Organization\",\"@id\":\"https:\\\/\\\/rotary.fi\\\/jyvaskylalaajavuori\\\/#organization\",\"name\":\"Jyv\u00e4skyl\u00e4-Laajavuori Rotaryklubi\",\"url\":\"https:\\\/\\\/rotary.fi\\\/jyvaskylalaajavuori\\\/\",\"logo\":{\"@type\":\"ImageObject\",\"inLanguage\":\"fi\",\"@id\":\"https:\\\/\\\/rotary.fi\\\/jyvaskylalaajavuori\\\/#\\\/schema\\\/logo\\\/image\\\/\",\"url\":\"https:\\\/\\\/rotary.fi\\\/jyvaskylalaajavuori\\\/wp-content\\\/uploads\\\/sites\\\/234\\\/2018\\\/08\\\/rotary-logo-main-2.png\",\"contentUrl\":\"https:\\\/\\\/rotary.fi\\\/jyvaskylalaajavuori\\\/wp-content\\\/uploads\\\/sites\\\/234\\\/2018\\\/08\\\/rotary-logo-main-2.png\",\"width\":135,\"height\":52,\"caption\":\"Jyv\u00e4skyl\u00e4-Laajavuori Rotaryklubi\"},\"image\":{\"@id\":\"https:\\\/\\\/rotary.fi\\\/jyvaskylalaajavuori\\\/#\\\/schema\\\/logo\\\/image\\\/\"},\"sameAs\":[\"https:\\\/\\\/www.facebook.com\\\/profile.php?id=100088839516485\"]}]}<\/script>\n<!-- \/ Yoast SEO plugin. -->","yoast_head_json":{"title":"Vuositeema - Jyv\u00e4skyl\u00e4-Laajavuori","description":"Jyv\u00e4skyl\u00e4-Laajavuori Rotaryklubi, Jyv\u00e4skyl\u00e4. Klubimme tavoitteina ovat mm. rotarytoiminnan vahvistaminen ja yst\u00e4vyyden sek\u00e4 toveruuden edist\u00e4minen.","robots":{"index":"index","follow":"follow","max-snippet":"max-snippet:-1","max-image-preview":"max-image-preview:large","max-video-preview":"max-video-preview:-1"},"canonical":"https:\/\/rotary.fi\/jyvaskylalaajavuori\/keita-olemme\/vuositeema\/","og_locale":"fi_FI","og_type":"article","og_title":"Vuositeema - Jyv\u00e4skyl\u00e4-Laajavuori","og_description":"Jyv\u00e4skyl\u00e4-Laajavuori Rotaryklubi, Jyv\u00e4skyl\u00e4. Klubimme tavoitteina ovat mm. rotarytoiminnan vahvistaminen ja yst\u00e4vyyden sek\u00e4 toveruuden edist\u00e4minen.","og_url":"https:\/\/rotary.fi\/jyvaskylalaajavuori\/keita-olemme\/vuositeema\/","og_site_name":"Jyv\u00e4skyl\u00e4-Laajavuori","article_publisher":"https:\/\/www.facebook.com\/profile.php?id=100088839516485","article_modified_time":"2024-09-23T10:07:10+00:00","twitter_card":"summary_large_image","twitter_misc":{"Arvioitu lukuaika":"3 minuuttia"},"schema":{"@context":"https:\/\/schema.org","@graph":[{"@type":"WebPage","@id":"https:\/\/rotary.fi\/jyvaskylalaajavuori\/keita-olemme\/vuositeema\/","url":"https:\/\/rotary.fi\/jyvaskylalaajavuori\/keita-olemme\/vuositeema\/","name":"Vuositeema - Jyv\u00e4skyl\u00e4-Laajavuori","isPartOf":{"@id":"https:\/\/rotary.fi\/jyvaskylalaajavuori\/#website"},"datePublished":"2018-08-10T11:01:44+00:00","dateModified":"2024-09-23T10:07:10+00:00","description":"Jyv\u00e4skyl\u00e4-Laajavuori Rotaryklubi, Jyv\u00e4skyl\u00e4. Klubimme tavoitteina ovat mm. rotarytoiminnan vahvistaminen ja yst\u00e4vyyden sek\u00e4 toveruuden edist\u00e4minen.","breadcrumb":{"@id":"https:\/\/rotary.fi\/jyvaskylalaajavuori\/keita-olemme\/vuositeema\/#breadcrumb"},"inLanguage":"fi","potentialAction":[{"@type":"ReadAction","target":["https:\/\/rotary.fi\/jyvaskylalaajavuori\/keita-olemme\/vuositeema\/"]}]},{"@type":"BreadcrumbList","@id":"https:\/\/rotary.fi\/jyvaskylalaajavuori\/keita-olemme\/vuositeema\/#breadcrumb","itemListElement":[{"@type":"ListItem","position":1,"name":"Home","item":"https:\/\/rotary.fi\/jyvaskylalaajavuori\/"},{"@type":"ListItem","position":2,"name":"Keit\u00e4 olemme","item":"https:\/\/rotary.fi\/jyvaskylalaajavuori\/keita-olemme\/"},{"@type":"ListItem","position":3,"name":"Vuositeema"}]},{"@type":"WebSite","@id":"https:\/\/rotary.fi\/jyvaskylalaajavuori\/#website","url":"https:\/\/rotary.fi\/jyvaskylalaajavuori\/","name":"Jyv\u00e4skyl\u00e4-Laajavuori","description":"Uusi Rotary klubisivusto","publisher":{"@id":"https:\/\/rotary.fi\/jyvaskylalaajavuori\/#organization"},"alternateName":"Jyv\u00e4skyl\u00e4-Laajavuori Rotaryklubi","potentialAction":[{"@type":"SearchAction","target":{"@type":"EntryPoint","urlTemplate":"https:\/\/rotary.fi\/jyvaskylalaajavuori\/?s={search_term_string}"},"query-input":{"@type":"PropertyValueSpecification","valueRequired":true,"valueName":"search_term_string"}}],"inLanguage":"fi"},{"@type":"Organization","@id":"https:\/\/rotary.fi\/jyvaskylalaajavuori\/#organization","name":"Jyv\u00e4skyl\u00e4-Laajavuori Rotaryklubi","url":"https:\/\/rotary.fi\/jyvaskylalaajavuori\/","logo":{"@type":"ImageObject","inLanguage":"fi","@id":"https:\/\/rotary.fi\/jyvaskylalaajavuori\/#\/schema\/logo\/image\/","url":"https:\/\/rotary.fi\/jyvaskylalaajavuori\/wp-content\/uploads\/sites\/234\/2018\/08\/rotary-logo-main-2.png","contentUrl":"https:\/\/rotary.fi\/jyvaskylalaajavuori\/wp-content\/uploads\/sites\/234\/2018\/08\/rotary-logo-main-2.png","width":135,"height":52,"caption":"Jyv\u00e4skyl\u00e4-Laajavuori Rotaryklubi"},"image":{"@id":"https:\/\/rotary.fi\/jyvaskylalaajavuori\/#\/schema\/logo\/image\/"},"sameAs":["https:\/\/www.facebook.com\/profile.php?id=100088839516485"]}]}},"lang":"fi","translations":{"fi":138,"en":1430,"sv":1573},"pll_sync_post":[],"_links":{"self":[{"href":"https:\/\/rotary.fi\/jyvaskylalaajavuori\/wp-json\/wp\/v2\/pages\/138","targetHints":{"allow":["GET"]}}],"collection":[{"href":"https:\/\/rotary.fi\/jyvaskylalaajavuori\/wp-json\/wp\/v2\/pages"}],"about":[{"href":"https:\/\/rotary.fi\/jyvaskylalaajavuori\/wp-json\/wp\/v2\/types\/page"}],"author":[{"embeddable":true,"href":"https:\/\/rotary.fi\/jyvaskylalaajavuori\/wp-json\/wp\/v2\/users\/1"}],"replies":[{"embeddable":true,"href":"https:\/\/rotary.fi\/jyvaskylalaajavuori\/wp-json\/wp\/v2\/comments?post=138"}],"version-history":[{"count":9,"href":"https:\/\/rotary.fi\/jyvaskylalaajavuori\/wp-json\/wp\/v2\/pages\/138\/revisions"}],"predecessor-version":[{"id":2131,"href":"https:\/\/rotary.fi\/jyvaskylalaajavuori\/wp-json\/wp\/v2\/pages\/138\/revisions\/2131"}],"up":[{"embeddable":true,"href":"https:\/\/rotary.fi\/jyvaskylalaajavuori\/wp-json\/wp\/v2\/pages\/129"}],"wp:attachment":[{"href":"https:\/\/rotary.fi\/jyvaskylalaajavuori\/wp-json\/wp\/v2\/media?parent=138"}],"curies":[{"name":"wp","href":"https:\/\/api.w.org\/{rel}","templated":true}]}}