{"id":77,"date":"2018-08-09T14:01:56","date_gmt":"2018-08-09T11:01:56","guid":{"rendered":"https:\/\/rotary.fi\/klubi2\/?page_id=77"},"modified":"2025-10-20T19:32:38","modified_gmt":"2025-10-20T16:32:38","slug":"mita-teemme","status":"publish","type":"page","link":"https:\/\/rotary.fi\/jyvaskyla-paijanne\/mita-teemme\/","title":{"rendered":"Mit\u00e4 teemme"},"content":{"rendered":"<p>[et_pb_section fb_built=&#8221;1&#8243; module_class=&#8221;jumbotron-page&#8221; _builder_version=&#8221;4.16&#8243; background_image=&#8221;https:\/\/rotary.fi\/jyvaskyla-paijanne\/wp-content\/uploads\/sites\/265\/2018\/08\/rotary_klubit_alasivu_paakuva_3.jpg&#8221; global_colors_info=&#8221;{}&#8221;][et_pb_row _builder_version=&#8221;4.16&#8243; background_size=&#8221;initial&#8221; background_position=&#8221;top_left&#8221; background_repeat=&#8221;repeat&#8221; global_colors_info=&#8221;{}&#8221;][et_pb_column type=&#8221;4_4&#8243; _builder_version=&#8221;4.16&#8243; custom_padding=&#8221;|||&#8221; global_colors_info=&#8221;{}&#8221; custom_padding__hover=&#8221;|||&#8221;][et_pb_text admin_label=&#8221;P\u00e4\u00e4otsikko&#8221; _builder_version=&#8221;4.16&#8243; text_orientation=&#8221;center&#8221; background_layout=&#8221;dark&#8221; global_colors_info=&#8221;{}&#8221;]<\/p>\n<h1>Mit\u00e4 teemme<\/h1>\n<p>[\/et_pb_text][\/et_pb_column][\/et_pb_row][\/et_pb_section][et_pb_section fb_built=&#8221;1&#8243; specialty=&#8221;on&#8221; module_class_2=&#8221;sivupalkki&#8221; _builder_version=&#8221;4.16&#8243; global_colors_info=&#8221;{}&#8221;][et_pb_column type=&#8221;2_3&#8243; specialty_columns=&#8221;2&#8243; _builder_version=&#8221;4.16&#8243; custom_padding=&#8221;|||&#8221; global_colors_info=&#8221;{}&#8221; custom_padding__hover=&#8221;|||&#8221;][et_pb_row_inner admin_label=&#8221;Rivi&#8221; _builder_version=&#8221;4.16&#8243; global_colors_info=&#8221;{}&#8221;][et_pb_column_inner saved_specialty_column_type=&#8221;2_3&#8243; _builder_version=&#8221;4.16&#8243; custom_padding=&#8221;|||&#8221; global_colors_info=&#8221;{}&#8221; custom_padding__hover=&#8221;|||&#8221;][et_pb_text _builder_version=&#8221;4.27.4&#8243; global_colors_info=&#8221;{}&#8221;]<\/p>\n<p>Rotarina on mahdollisuus toimia, vaikuttaa ja tehd\u00e4 hyv\u00e4\u00e4. Toiminnassa mukana ollessa saa laajan sosiaalisen verkoston ja elinik\u00e4isi\u00e4 yst\u00e4vi\u00e4 niin kotipaikkakunnalta kuin maailmanlaajuisesti ja voi my\u00f6s verkottua oman kiinnostuksen jakavien muiden rotareiden kanssa rotareiden moninaisissa kansainv\u00e4lisiss\u00e4kin harrastusryhmiss\u00e4.<\/p>\n<p>Rotaryklubit kokoontuvat joko viikoittain tai rotaryklubin harkinnan mukaisella mulla aikataululla. Toteutamme omia palveluprojekteja ja tuemme humanitaarisia projekteja koordinoivaa Rotarys\u00e4\u00e4ti\u00f6t\u00e4. Viikkokokouksissamme kuulemme mielenkiintoisia esitelmi\u00e4. Me my\u00f6s koulutamme j\u00e4seni\u00e4mme eri teht\u00e4viss\u00e4 toimimisen kautta ja annamme heille mahdollisuuden kehitt\u00e4\u00e4 eettist\u00e4 johtajuuttaan.<\/p>\n<p>Rotarit haluavat vaikuttaa ajankohtaisiin haasteisiin. Tartumme toimeen pysyvien muutosten aikaansaamiseksi \u2013 ymp\u00e4ri maapalloa, omissa yhteis\u00f6iss\u00e4mme ja my\u00f6s omassa itsess\u00e4mme.<\/p>\n<p>[\/et_pb_text][et_pb_image src=&#8221;https:\/\/rotary.fi\/jyvaskyla-paijanne\/wp-content\/uploads\/sites\/265\/2025\/09\/sonja-vectomov-kertoo1.jpeg&#8221; title_text=&#8221;Sonja-Vectomov-kertoo1&#8243; align=&#8221;center&#8221; _builder_version=&#8221;4.27.4&#8243; _module_preset=&#8221;default&#8221; global_colors_info=&#8221;{}&#8221;][\/et_pb_image][\/et_pb_column_inner][\/et_pb_row_inner][\/et_pb_column][et_pb_column type=&#8221;1_3&#8243; _builder_version=&#8221;4.16&#8243; custom_padding=&#8221;|||&#8221; global_colors_info=&#8221;{}&#8221; custom_padding__hover=&#8221;|||&#8221;][et_pb_sidebar area=&#8221;sidebar-1&#8243; module_class=&#8221;sivupalkki_sisalto&#8221; _builder_version=&#8221;4.16&#8243; locked=&#8221;on&#8221; global_colors_info=&#8221;{}&#8221;][\/et_pb_sidebar][\/et_pb_column][\/et_pb_section]<\/p>\n","protected":false},"excerpt":{"rendered":"<p>Mit\u00e4 teemme Rotarina on mahdollisuus toimia, vaikuttaa ja tehd\u00e4 hyv\u00e4\u00e4. Toiminnassa mukana ollessa saa laajan sosiaalisen verkoston ja elinik\u00e4isi\u00e4 yst\u00e4vi\u00e4 niin kotipaikkakunnalta kuin maailmanlaajuisesti ja voi my\u00f6s verkottua oman kiinnostuksen jakavien muiden rotareiden kanssa rotareiden moninaisissa kansainv\u00e4lisiss\u00e4kin harrastusryhmiss\u00e4. Rotaryklubit kokoontuvat joko viikoittain tai rotaryklubin harkinnan mukaisella mulla aikataululla. Toteutamme omia palveluprojekteja ja tuemme humanitaarisia projekteja [&hellip;]<\/p>\n","protected":false},"author":1,"featured_media":0,"parent":0,"menu_order":0,"comment_status":"closed","ping_status":"closed","template":"","meta":{"_acf_changed":false,"_et_pb_use_builder":"on","_et_pb_old_content":"","_et_gb_content_width":"","footnotes":""},"class_list":["post-77","page","type-page","status-publish","hentry"],"acf":[],"yoast_head":"<!-- This site is optimized with the Yoast SEO plugin v27.0 - https:\/\/yoast.com\/product\/yoast-seo-wordpress\/ -->\n<title>Mit\u00e4 teemme - Jyv\u00e4skyl\u00e4-P\u00e4ij\u00e4nne Rotaryklubi<\/title>\n<meta name=\"robots\" content=\"index, follow, max-snippet:-1, max-image-preview:large, max-video-preview:-1\" \/>\n<link rel=\"canonical\" href=\"https:\/\/rotary.fi\/jyvaskyla-paijanne\/mita-teemme\/\" \/>\n<meta property=\"og:locale\" content=\"fi_FI\" \/>\n<meta property=\"og:type\" content=\"article\" \/>\n<meta property=\"og:title\" content=\"Mit\u00e4 teemme - Jyv\u00e4skyl\u00e4-P\u00e4ij\u00e4nne Rotaryklubi\" \/>\n<meta property=\"og:description\" content=\"Mit\u00e4 teemme Rotarina on mahdollisuus toimia, vaikuttaa ja tehd\u00e4 hyv\u00e4\u00e4. Toiminnassa mukana ollessa saa laajan sosiaalisen verkoston ja elinik\u00e4isi\u00e4 yst\u00e4vi\u00e4 niin kotipaikkakunnalta kuin maailmanlaajuisesti ja voi my\u00f6s verkottua oman kiinnostuksen jakavien muiden rotareiden kanssa rotareiden moninaisissa kansainv\u00e4lisiss\u00e4kin harrastusryhmiss\u00e4. Rotaryklubit kokoontuvat joko viikoittain tai rotaryklubin harkinnan mukaisella mulla aikataululla. Toteutamme omia palveluprojekteja ja tuemme humanitaarisia projekteja [&hellip;]\" \/>\n<meta property=\"og:url\" content=\"https:\/\/rotary.fi\/jyvaskyla-paijanne\/mita-teemme\/\" \/>\n<meta property=\"og:site_name\" content=\"Jyv\u00e4skyl\u00e4-P\u00e4ij\u00e4nne Rotaryklubi\" \/>\n<meta property=\"article:modified_time\" content=\"2025-10-20T16:32:38+00:00\" \/>\n<meta name=\"twitter:card\" content=\"summary_large_image\" \/>\n<meta name=\"twitter:label1\" content=\"Arvioitu lukuaika\" \/>\n\t<meta name=\"twitter:data1\" content=\"2 minuuttia\" \/>\n<script type=\"application\/ld+json\" class=\"yoast-schema-graph\">{\"@context\":\"https:\/\/schema.org\",\"@graph\":[{\"@type\":\"WebPage\",\"@id\":\"https:\/\/rotary.fi\/jyvaskyla-paijanne\/mita-teemme\/\",\"url\":\"https:\/\/rotary.fi\/jyvaskyla-paijanne\/mita-teemme\/\",\"name\":\"Mit\u00e4 teemme - Jyv\u00e4skyl\u00e4-P\u00e4ij\u00e4nne Rotaryklubi\",\"isPartOf\":{\"@id\":\"https:\/\/rotary.fi\/jyvaskyla-paijanne\/#website\"},\"datePublished\":\"2018-08-09T11:01:56+00:00\",\"dateModified\":\"2025-10-20T16:32:38+00:00\",\"breadcrumb\":{\"@id\":\"https:\/\/rotary.fi\/jyvaskyla-paijanne\/mita-teemme\/#breadcrumb\"},\"inLanguage\":\"fi\",\"potentialAction\":[{\"@type\":\"ReadAction\",\"target\":[\"https:\/\/rotary.fi\/jyvaskyla-paijanne\/mita-teemme\/\"]}]},{\"@type\":\"BreadcrumbList\",\"@id\":\"https:\/\/rotary.fi\/jyvaskyla-paijanne\/mita-teemme\/#breadcrumb\",\"itemListElement\":[{\"@type\":\"ListItem\",\"position\":1,\"name\":\"Home\",\"item\":\"https:\/\/rotary.fi\/jyvaskyla-paijanne\/\"},{\"@type\":\"ListItem\",\"position\":2,\"name\":\"Mit\u00e4 teemme\"}]},{\"@type\":\"WebSite\",\"@id\":\"https:\/\/rotary.fi\/jyvaskyla-paijanne\/#website\",\"url\":\"https:\/\/rotary.fi\/jyvaskyla-paijanne\/\",\"name\":\"Jyv\u00e4skyl\u00e4-P\u00e4ij\u00e4nne Rotaryklubi\",\"description\":\"Uusi Rotary klubisivusto\",\"potentialAction\":[{\"@type\":\"SearchAction\",\"target\":{\"@type\":\"EntryPoint\",\"urlTemplate\":\"https:\/\/rotary.fi\/jyvaskyla-paijanne\/?s={search_term_string}\"},\"query-input\":{\"@type\":\"PropertyValueSpecification\",\"valueRequired\":true,\"valueName\":\"search_term_string\"}}],\"inLanguage\":\"fi\"}]}<\/script>\n<!-- \/ Yoast SEO plugin. -->","yoast_head_json":{"title":"Mit\u00e4 teemme - Jyv\u00e4skyl\u00e4-P\u00e4ij\u00e4nne Rotaryklubi","robots":{"index":"index","follow":"follow","max-snippet":"max-snippet:-1","max-image-preview":"max-image-preview:large","max-video-preview":"max-video-preview:-1"},"canonical":"https:\/\/rotary.fi\/jyvaskyla-paijanne\/mita-teemme\/","og_locale":"fi_FI","og_type":"article","og_title":"Mit\u00e4 teemme - Jyv\u00e4skyl\u00e4-P\u00e4ij\u00e4nne Rotaryklubi","og_description":"Mit\u00e4 teemme Rotarina on mahdollisuus toimia, vaikuttaa ja tehd\u00e4 hyv\u00e4\u00e4. Toiminnassa mukana ollessa saa laajan sosiaalisen verkoston ja elinik\u00e4isi\u00e4 yst\u00e4vi\u00e4 niin kotipaikkakunnalta kuin maailmanlaajuisesti ja voi my\u00f6s verkottua oman kiinnostuksen jakavien muiden rotareiden kanssa rotareiden moninaisissa kansainv\u00e4lisiss\u00e4kin harrastusryhmiss\u00e4. Rotaryklubit kokoontuvat joko viikoittain tai rotaryklubin harkinnan mukaisella mulla aikataululla. Toteutamme omia palveluprojekteja ja tuemme humanitaarisia projekteja [&hellip;]","og_url":"https:\/\/rotary.fi\/jyvaskyla-paijanne\/mita-teemme\/","og_site_name":"Jyv\u00e4skyl\u00e4-P\u00e4ij\u00e4nne Rotaryklubi","article_modified_time":"2025-10-20T16:32:38+00:00","twitter_card":"summary_large_image","twitter_misc":{"Arvioitu lukuaika":"2 minuuttia"},"schema":{"@context":"https:\/\/schema.org","@graph":[{"@type":"WebPage","@id":"https:\/\/rotary.fi\/jyvaskyla-paijanne\/mita-teemme\/","url":"https:\/\/rotary.fi\/jyvaskyla-paijanne\/mita-teemme\/","name":"Mit\u00e4 teemme - Jyv\u00e4skyl\u00e4-P\u00e4ij\u00e4nne Rotaryklubi","isPartOf":{"@id":"https:\/\/rotary.fi\/jyvaskyla-paijanne\/#website"},"datePublished":"2018-08-09T11:01:56+00:00","dateModified":"2025-10-20T16:32:38+00:00","breadcrumb":{"@id":"https:\/\/rotary.fi\/jyvaskyla-paijanne\/mita-teemme\/#breadcrumb"},"inLanguage":"fi","potentialAction":[{"@type":"ReadAction","target":["https:\/\/rotary.fi\/jyvaskyla-paijanne\/mita-teemme\/"]}]},{"@type":"BreadcrumbList","@id":"https:\/\/rotary.fi\/jyvaskyla-paijanne\/mita-teemme\/#breadcrumb","itemListElement":[{"@type":"ListItem","position":1,"name":"Home","item":"https:\/\/rotary.fi\/jyvaskyla-paijanne\/"},{"@type":"ListItem","position":2,"name":"Mit\u00e4 teemme"}]},{"@type":"WebSite","@id":"https:\/\/rotary.fi\/jyvaskyla-paijanne\/#website","url":"https:\/\/rotary.fi\/jyvaskyla-paijanne\/","name":"Jyv\u00e4skyl\u00e4-P\u00e4ij\u00e4nne Rotaryklubi","description":"Uusi Rotary klubisivusto","potentialAction":[{"@type":"SearchAction","target":{"@type":"EntryPoint","urlTemplate":"https:\/\/rotary.fi\/jyvaskyla-paijanne\/?s={search_term_string}"},"query-input":{"@type":"PropertyValueSpecification","valueRequired":true,"valueName":"search_term_string"}}],"inLanguage":"fi"}]}},"lang":"fi","translations":{"fi":77},"pll_sync_post":[],"_links":{"self":[{"href":"https:\/\/rotary.fi\/jyvaskyla-paijanne\/wp-json\/wp\/v2\/pages\/77","targetHints":{"allow":["GET"]}}],"collection":[{"href":"https:\/\/rotary.fi\/jyvaskyla-paijanne\/wp-json\/wp\/v2\/pages"}],"about":[{"href":"https:\/\/rotary.fi\/jyvaskyla-paijanne\/wp-json\/wp\/v2\/types\/page"}],"author":[{"embeddable":true,"href":"https:\/\/rotary.fi\/jyvaskyla-paijanne\/wp-json\/wp\/v2\/users\/1"}],"replies":[{"embeddable":true,"href":"https:\/\/rotary.fi\/jyvaskyla-paijanne\/wp-json\/wp\/v2\/comments?post=77"}],"version-history":[{"count":10,"href":"https:\/\/rotary.fi\/jyvaskyla-paijanne\/wp-json\/wp\/v2\/pages\/77\/revisions"}],"predecessor-version":[{"id":2027,"href":"https:\/\/rotary.fi\/jyvaskyla-paijanne\/wp-json\/wp\/v2\/pages\/77\/revisions\/2027"}],"wp:attachment":[{"href":"https:\/\/rotary.fi\/jyvaskyla-paijanne\/wp-json\/wp\/v2\/media?parent=77"}],"curies":[{"name":"wp","href":"https:\/\/api.w.org\/{rel}","templated":true}]}}