{"id":2054,"date":"2025-10-25T08:00:14","date_gmt":"2025-10-25T05:00:14","guid":{"rendered":"https:\/\/rotary.fi\/jyvaskyla-paijanne\/?page_id=2054"},"modified":"2025-10-27T09:28:01","modified_gmt":"2025-10-27T07:28:01","slug":"klubin-historia","status":"publish","type":"page","link":"https:\/\/rotary.fi\/jyvaskyla-paijanne\/keita-olemme\/klubin-historia\/","title":{"rendered":"Klubin historia"},"content":{"rendered":"<p>[et_pb_section fb_built=&#8221;1&#8243; module_class=&#8221;jumbotron-page&#8221; _builder_version=&#8221;4.27.4&#8243; background_image=&#8221;https:\/\/rotary.fi\/jyvaskyla-paijanne\/wp-content\/uploads\/sites\/265\/2018\/10\/rotary_klubit_etusivu_paakuva_15.jpg&#8221; global_colors_info=&#8221;{}&#8221;][et_pb_row _builder_version=&#8221;4.27.4&#8243; background_size=&#8221;initial&#8221; background_position=&#8221;top_left&#8221; background_repeat=&#8221;repeat&#8221; global_colors_info=&#8221;{}&#8221;][et_pb_column type=&#8221;4_4&#8243; _builder_version=&#8221;4.16&#8243; custom_padding=&#8221;|||&#8221; global_colors_info=&#8221;{}&#8221; custom_padding__hover=&#8221;|||&#8221;][et_pb_text admin_label=&#8221;P\u00e4\u00e4otsikko&#8221; _builder_version=&#8221;4.27.4&#8243; text_orientation=&#8221;center&#8221; background_layout=&#8221;dark&#8221; global_colors_info=&#8221;{}&#8221;]<\/p>\n<h1>Klubin historia 30 vuotta<\/h1>\n<p>[\/et_pb_text][\/et_pb_column][\/et_pb_row][\/et_pb_section][et_pb_section fb_built=&#8221;1&#8243; specialty=&#8221;on&#8221; module_class_2=&#8221;sivupalkki&#8221; _builder_version=&#8221;4.16&#8243; global_colors_info=&#8221;{}&#8221;][et_pb_column type=&#8221;2_3&#8243; specialty_columns=&#8221;2&#8243; _builder_version=&#8221;4.16&#8243; custom_padding=&#8221;|||&#8221; global_colors_info=&#8221;{}&#8221; parallax__hover=&#8221;off&#8221; parallax_method__hover=&#8221;on&#8221; custom_padding__hover=&#8221;|||&#8221;][et_pb_row_inner admin_label=&#8221;Rivi&#8221; _builder_version=&#8221;4.27.4&#8243; global_colors_info=&#8221;{}&#8221;][et_pb_column_inner saved_specialty_column_type=&#8221;2_3&#8243; _builder_version=&#8221;4.16&#8243; custom_padding=&#8221;|||&#8221; global_colors_info=&#8221;{}&#8221; parallax__hover=&#8221;off&#8221; parallax_method__hover=&#8221;on&#8221; custom_padding__hover=&#8221;|||&#8221;][et_pb_text _builder_version=&#8221;4.27.4&#8243; global_colors_info=&#8221;{}&#8221;]<\/p>\n<p>Jyv\u00e4skyl\u00e4-P\u00e4ij\u00e4nne Rotaryklubi ry. Historia \/Jarmo Levy<\/p>\n<h4>KLUBIN SYNTY<\/h4>\n<p>Jyv\u00e4skyl\u00e4-P\u00e4ij\u00e4nne rk:n perustaminen tapahtui Jyv\u00e4skyl\u00e4n Rotaryklubin aloitteesta heid\u00e4n 25.3.1958 pit\u00e4m\u00e4ss\u00e4\u00e4n kokouksessa. Kokouksessa valmistelu ja k\u00e4yt\u00e4nt\u00f6jen hoitaminen annettiin veli Veikko Hyyti\u00e4isen teht\u00e4v\u00e4ksi. Tavoite oli, ett\u00e4 asian lopullinen p\u00e4\u00e4t\u00f6s voitaisiin tehd\u00e4 kokouksessa 10.6.1958. Yksimielisesti hyv\u00e4ksyttiin esitys, ett\u00e4 Jyv\u00e4skyl\u00e4n kaupunkiin on tarpeellista perustaa toinen rotaryklubi.<\/p>\n<p>Kokouksen esityksen mukaan Jyv\u00e4skyl\u00e4n rotaryklubin toimialueeksi j\u00e4i kaupungin keskusta suorakaiteessa Jyv\u00e4skyl\u00e4nkatu (nyk. Yliopistokatu) \u2013 V\u00e4in\u00f6nkatu \u2013 Hannikaisenkatu \u2013 Vaasankatu. Muu osa Jyv\u00e4skyl\u00e4n kaupunkia sek\u00e4 Jyv\u00e4skyl\u00e4 maalaiskunta ja S\u00e4yn\u00e4tsalon kunta tulivat uuden klubin vaikutusalueeksi. Ehdotettua nime\u00e4 \u201dP\u00e4ij\u00e4nteen Rotaryklubi\u201d pidettiin onnistuneena. Klubi merkittiin yhdistysrekisteriin 2.7.1958.<\/p>\n<p>[\/et_pb_text][et_pb_image src=&#8221;https:\/\/rotary.fi\/jyvaskyla-paijanne\/wp-content\/uploads\/sites\/265\/2025\/10\/kuva-1-historia.jpg&#8221; title_text=&#8221;Kuva 1_historia&#8221; _builder_version=&#8221;4.27.4&#8243; _module_preset=&#8221;default&#8221; global_colors_info=&#8221;{}&#8221;][\/et_pb_image][et_pb_text _builder_version=&#8221;4.27.4&#8243; _module_preset=&#8221;default&#8221; hover_enabled=&#8221;0&#8243; global_colors_info=&#8221;{}&#8221; sticky_enabled=&#8221;0&#8243;]<\/p>\n<p>Kuva 1. Alkuper\u00e4inen ehdotus, jossa Jyv\u00e4skyl\u00e4n klubin toimialue on rajattu punaisella<\/p>\n<p>P\u00e4ij\u00e4nteen rotaryklubi piti j\u00e4rjest\u00e4ytymiskokouksensa 3.6.1958 Jyv\u00e4skyl\u00e4n Klubin huoneistossa Gummeruksenkadulla. Presidentiksi valittiin varatuomari Eero Raevaara. Liittymismaksuksi vahvistettiin 1500 markkaa ja vuosij\u00e4senmaksuksi 3000 markkaa. Poissaolomaksuksi 100 markkaa, joka perit\u00e4\u00e4n riippumatta syyst\u00e4, onko poissaoloon ollut p\u00e4tev\u00e4 syy, vaiko ei. Poissaolo voidaan korvata osallistumisella toisen klubin kokoukseen, jolloin korvatusta poissaolosta maksua ei perit\u00e4. Varsinainen toiminta alkoi syyskuussa. P\u00e4ij\u00e4nteen rotaryklubin perustaminen kohtasi kuitenkin vaikeuksia. P\u00e4ij\u00e4nteen rotaryklubin presidentiksi valittu Eero Raevaara sai vastaanottaa 13.10.1958 kirjeen piirin 141 kuvern\u00f6\u00f6rilt\u00e4 Adolf Metzgerilt\u00e4, Se sis\u00e4lsi Z\u00fcrichin toimiston esimiehen, Walter Panzarin ilmoituksen, ettei h\u00e4n voi l\u00e4hett\u00e4\u00e4 P\u00e4ij\u00e4nteen klubin papereita eteenp\u00e4in, koska uuden klubin j\u00e4senist\u00f6ss\u00e4 on useita henkil\u00f6it\u00e4, joiden toimipaikka on Jyv\u00e4skyl\u00e4n klubin alueella. \u201dAsuinpaikka ei merkitse mit\u00e4\u00e4n t\u00e4ss\u00e4 yhteydess\u00e4 \u201d kirjeess\u00e4 mainittiin. J\u00e4senluettelo on h\u00e4nen mielest\u00e4\u00e4n s\u00e4\u00e4nt\u00f6jen vastainen. T\u00e4m\u00e4n j\u00e4lkeen kirjeess\u00e4 on luettelo j\u00e4senist\u00e4, joiden toimipaikka on vanhan klubin alueella sek\u00e4 mielipide, ett\u00e4 Jyv\u00e4skyl\u00e4n klubin ei pit\u00e4isi p\u00e4\u00e4st\u00e4\u00e4 noin suurta miesm\u00e4\u00e4r\u00e4\u00e4 j\u00e4seni\u00e4\u00e4n uuteen klubiin. Ongelma saatiin ratkaistua klubien v\u00e4lisen rajan uudelleen m\u00e4\u00e4rittelyll\u00e4. Vanha klubi pid\u00e4tti toiminta-alueekseen Asemakatu \u2013 Rautatiealue \u2013 Tourulantie \u2013 G. A. Serlachius Oy:n paperitehtaan alueen ymp\u00e4ri kulkeva tie \u2013 Tourulantie \u2013 Lohikoskentie \u2013 Puistokatu \u2013 Jyv\u00e4skyl\u00e4nkatu (nyk. Yliopistokatu). Tarkistusten j\u00e4lkeen P\u00e4ij\u00e4nteen klubi hyv\u00e4ksyttiin Rotary Internationaliin 31.10.1958. Rotarimerkit jaettiin 7.11.1958 pidetyss\u00e4 kokouksessa. Usko Herrasen suunnittelema klubin viiri vahvistettiin kokouksessa 28.11.1958.<\/p>\n<p>[\/et_pb_text][et_pb_image src=&#8221;https:\/\/rotary.fi\/jyvaskyla-paijanne\/wp-content\/uploads\/sites\/265\/2025\/10\/kuva-2-historia.jpg&#8221; title_text=&#8221;Kuva 2_historia&#8221; _builder_version=&#8221;4.27.4&#8243; _module_preset=&#8221;default&#8221; global_colors_info=&#8221;{}&#8221;][\/et_pb_image][et_pb_text _builder_version=&#8221;4.27.4&#8243; _module_preset=&#8221;default&#8221; global_colors_info=&#8221;{}&#8221;]<\/p>\n<p>Kuva 2. Hyv\u00e4ksytyt toimialueen rajat.<\/p>\n<p>P\u00e4ij\u00e4nne klubin perustamiseen liittyi toinenkin ongelma. Klubin suorittamaa RI:n j\u00e4senmaksua 428:- Sfr. ei voitu maksaa dollareina, vaan Suomen Pankin mukaan valuuttana piti k\u00e4ytt\u00e4\u00e4 Sveitsin frangeja. Tohtori Adolf Metzger kertoi kirjeess\u00e4\u00e4n 10.8.1958 saaneensa valuutta-asian kuntoon.<\/p>\n<p>P\u00e4ij\u00e4nteen Rotaryt ry p\u00e4\u00e4tti juhlistaa klubin synty\u00e4 j\u00e4rjest\u00e4m\u00e4ll\u00e4 Charter-juhlat Jyv\u00e4skyl\u00e4n Klubilla 7.12.1958. Jyv\u00e4skyl\u00e4n Kaupungin Poliisimestarille l\u00e4hettiin lupa-anomus tanssiaisten j\u00e4rjest\u00e4miseen ja aukioloajan jatkamista yhdell\u00e4 tunnilla 01.00 &#8211; 02.00. Kaupungin poliisilaitoksen leimamerkein varustetussa p\u00e4\u00e4t\u00f6ksess\u00e4 nr. 865\/1958 lupa tuli ja huvitilaisuus tulee lopettaa klo 02.00. P\u00e4\u00e4t\u00f6kseen tyytym\u00e4t\u00f6n sai hakea muutosta Vaasan l\u00e4\u00e4nin l\u00e4\u00e4ninhallitukselta. Charter juhlassa oli mukana 84 henkil\u00f6\u00e4.<\/p>\n<p>[\/et_pb_text][et_pb_image src=&#8221;https:\/\/rotary.fi\/jyvaskyla-paijanne\/wp-content\/uploads\/sites\/265\/2025\/10\/kuva-3-historia.jpg&#8221; title_text=&#8221;Kuva 3_historia&#8221; _builder_version=&#8221;4.27.4&#8243; _module_preset=&#8221;default&#8221; global_colors_info=&#8221;{}&#8221;][\/et_pb_image][et_pb_text _builder_version=&#8221;4.27.4&#8243; _module_preset=&#8221;default&#8221; global_colors_info=&#8221;{}&#8221;]<\/p>\n<p>Kuva 3. Charter-juhla 7.12.1958.<\/p>\n<h4>KLUBIN TOIMINTAA ENSIMM\u00c4ISEN KOLMENKYMMENEN VUODEN AIKANA<\/h4>\n<p>Viikkokokoukset pidettiin Jyv\u00e4skyl\u00e4n Klubin vanhassa puurakenteisessa huoneistossa Gummeruksenkadulla helmikuun loppuun 1962 asti. Tontilla alkoi uudisrakentaminen ja klubi siirtyi tilap\u00e4isesti pit\u00e4m\u00e4\u00e4n kokouksiaan Jyv\u00e4skyl\u00e4 Kauppaseuran huoneistossa Yliopistonkatu 20. Evakon j\u00e4lkeen palattiin uuteen Jyv\u00e4skyl\u00e4n Klubin rakennukseen. Klubin henkil\u00f6kunnan<br \/>loma-aikana kokouksia jouduttiin pit\u00e4m\u00e4\u00e4n Jyv\u00e4shovissa, Raatikellarissa tai Raatihotellissa. Viikkokokousten alkamisaika oli perjantaisin 16.45. kes\u00e4-elokuussa klo 12.00. Vuoden 1968 kev\u00e4\u00e4ll\u00e4 kokousp\u00e4iv\u00e4 muutettiin torstaiksi. T\u00e4m\u00e4 johtui k\u00e4ytt\u00f6\u00f6n tulleista vapaista lauantaip\u00e4ivist\u00e4. Perjantai koettiin hankalaksi kokousp\u00e4iv\u00e4ksi.<\/p>\n<p>Kokouksissa k\u00e4yminen koettiin velvollisuudeksi ja poissaolosta joutui maksamaan sakkoa. Sakkojen perimisess\u00e4 klubin taloudenhoitajalla oli tuskaisia hetki\u00e4. Er\u00e4\u00e4t klubilaiset k\u00e4viv\u00e4t kokouksissa sataprosenttisesti. Kolmenkymmenen ensimm\u00e4isen toimintavuoden aikana esimerkiksi Martti Hartalla oli 23 sadan prosentin vuotta ja Heikki Nuoranne ker\u00e4si 21 sadan prosentin vuotta.<\/p>\n<p>[\/et_pb_text][et_pb_image src=&#8221;https:\/\/rotary.fi\/jyvaskyla-paijanne\/wp-content\/uploads\/sites\/265\/2025\/10\/kuva-4-historia.jpg&#8221; title_text=&#8221;Kuva 4_historia&#8221; _builder_version=&#8221;4.27.4&#8243; _module_preset=&#8221;default&#8221; global_colors_info=&#8221;{}&#8221;][\/et_pb_image][et_pb_text _builder_version=&#8221;4.27.4&#8243; _module_preset=&#8221;default&#8221; global_colors_info=&#8221;{}&#8221;]<\/p>\n<p>Kokousten yhteydess\u00e4 kuultiin kauden aikana noin 30 esitelm\u00e4vuoroa, koska kes\u00e4kuukausina esitelmi\u00e4 ei pidetty. Esitelmi\u00e4 pitiv\u00e4t klubin omat j\u00e4senet, joten kullekin tuli esitelm\u00e4vuoro noin kahden vuoden v\u00e4lein, mutta my\u00f6s vierailevien rotarien tai asiantuntijoiden esitelmi\u00e4. Joskus esitelm\u00e4t venyiv\u00e4t ylipitkiksi. Kiireisten viikkokokousten sijaan on klubissa otettu k\u00e4ytt\u00f6\u00f6n my\u00f6s takkaillat, miss\u00e4 pienehk\u00f6ll\u00e4 joukolla on voitu k\u00e4yd\u00e4 syvent\u00e4v\u00e4\u00e4 keskustelua annetusta aiheesta. Vuonna 1982 nimitettiin t\u00e4llaisia kokouksia \u201dnoin seitsem\u00e4n veljeksen takkaillaksi\u201d.<\/p>\n<p>Klubin ensimm\u00e4inen Intercity-kokous j\u00e4rjestettiin Jyv\u00e4skyl\u00e4n Rotaryklubin kanssa jo ennen Charter-juhlaa 24.10.1958. Professori Niilo M\u00e4ki esitelm\u00f6i YK:n ty\u00f6st\u00e4 ja merkityksest\u00e4. ICkokouksia pidettiin my\u00f6s vuosina 1961, 1969, 1971, 1972, 1974 ja 1979.<\/p>\n<p>P\u00e4ij\u00e4nteen Rotaryklubin j\u00e4sen Juhani Aaltio sai kaulaansa piirin 139 governorien vitjat 1.7.1982.<\/p>\n<p>Klubissamme on valittu vuosittain 1961 l\u00e4htien nuorisovaihtoasiamies, jonka teht\u00e4v\u00e4n\u00e4 on hoitaa nuorisovaihtoon liittyv\u00e4t asiat.<\/p>\n<p>Klubi on tukenut my\u00f6s avustuksin Vapaussoturien huoltos\u00e4\u00e4ti\u00f6ty\u00f6t\u00e4, Jyv\u00e4skyl\u00e4n Sotainvalidit ry:t\u00e4, Jyv\u00e4skyl\u00e4n Vanhainkotiyhdistyst\u00e4 ja Haukkalan lastenpsykiatrista hoitolaitosta. Rotarij\u00e4rjest\u00f6jen 75-vuotisjuhlaprojektina k\u00e4ynnistettiin klubimme toimesta kampanja ty\u00f6paikkojen hankkimiseksi nuorille. Klubimme sai aikaan 341 ty\u00f6- tai harjoittelupaikkaa. Er\u00e4s klubin projekteista oli kirjaker\u00e4ys Eskilstunassa asuville suomalaisille, jonka tuloksena luovutettiin noin 700 kirjaa kummikaupunkimme Eskilstunan kirjastolle.<\/p>\n<p>Klubimme toimi my\u00f6s kummiklubina Jyv\u00e4skyl\u00e4n nelj\u00e4nnelle klubille Tourulan Rotaryklubille. Se perustettiin 17.5.1983. Aiemmin oli perustettu jo Laajavuoren Rotaryklubi vuonna 1970.<\/p>\n<p>Omia vuosijuhlia klubimme on viett\u00e4nyt t\u00e4ytt\u00e4ess\u00e4\u00e4n kolme vuotta, kymmenen vuotta, kaksikymment\u00e4 vuotta ja 25 vuotta. Tuolloin 14.6.1983 vieraili Jyv\u00e4skyl\u00e4ss\u00e4 RI:n maailmanpresidentti Hiroji Mukasa puolisoineen, neuvotellen piirigovernor Juhani Aaltion kanssa. Klubimme presidenttin\u00e4 oli tuolloin Tapani Py\u00f6r\u00e4l\u00e4.<\/p>\n<p>Viikkokouksen ohjelmaan kuului, ett\u00e4 presidentti aloitti kokoukseen jonkinlaisella kevennetyll\u00e4 jutulla. Esitelmist\u00e4 tehtiin p\u00f6yt\u00e4kirjaan kirjallinen kooste, tai aineisto luovutettiin klubille. Ne on my\u00f6s arkistoitu.<\/p>\n<p>[\/et_pb_text][et_pb_image src=&#8221;https:\/\/rotary.fi\/jyvaskyla-paijanne\/wp-content\/uploads\/sites\/265\/2025\/10\/kuva-5-historia.jpg&#8221; title_text=&#8221;Kuva 5_historia&#8221; _builder_version=&#8221;4.27.4&#8243; _module_preset=&#8221;default&#8221; global_colors_info=&#8221;{}&#8221;][\/et_pb_image][et_pb_text _builder_version=&#8221;4.27.4&#8243; _module_preset=&#8221;default&#8221; global_colors_info=&#8221;{}&#8221;]<\/p>\n<p>Kuva 5. P\u00e4ij\u00e4nteen rotaryklubin arkistomapit ensimm\u00e4isen 30:n vuoden ajalta ovat Kansallisarkiston Jyv\u00e4skyl\u00e4n toimipisteess\u00e4.<\/p>\n<p>P\u00e4ij\u00e4nteen Rotaryklubi ry:n nimi muutettiin vuonna 2014 tehdyss\u00e4 s\u00e4\u00e4nt\u00f6jen muutoksen yhteydess\u00e4 Jyv\u00e4skyl\u00e4-P\u00e4ij\u00e4nne Rotaryklubi ry:ksi. Suomen muissakin klubeissa tehtiin vastaava muutos, jotta nimest\u00e4 ilmenisi klubin sijainti.<\/p>\n<p>[\/et_pb_text][\/et_pb_column_inner][\/et_pb_row_inner][\/et_pb_column][et_pb_column type=&#8221;1_3&#8243; module_class=&#8221;sivupalkki&#8221; _builder_version=&#8221;4.16&#8243; custom_padding=&#8221;|||&#8221; global_colors_info=&#8221;{}&#8221; parallax__hover=&#8221;off&#8221; parallax_method__hover=&#8221;on&#8221; module_class__hover=&#8221;sivupalkki&#8221; custom_padding__hover=&#8221;|||&#8221;][et_pb_sidebar area=&#8221;sidebar-1&#8243; module_class=&#8221;sivupalkki_sisalto&#8221; _builder_version=&#8221;4.16&#8243; locked=&#8221;on&#8221; global_colors_info=&#8221;{}&#8221;][\/et_pb_sidebar][\/et_pb_column][\/et_pb_section]<\/p>\n","protected":false},"excerpt":{"rendered":"<p>Klubin historia 30 vuottaJyv\u00e4skyl\u00e4-P\u00e4ij\u00e4nne Rotaryklubi ry. Historia \/Jarmo Levy KLUBIN SYNTY Jyv\u00e4skyl\u00e4-P\u00e4ij\u00e4nne rk:n perustaminen tapahtui Jyv\u00e4skyl\u00e4n Rotaryklubin aloitteesta heid\u00e4n 25.3.1958 pit\u00e4m\u00e4ss\u00e4\u00e4n kokouksessa. Kokouksessa valmistelu ja k\u00e4yt\u00e4nt\u00f6jen hoitaminen annettiin veli Veikko Hyyti\u00e4isen teht\u00e4v\u00e4ksi. Tavoite oli, ett\u00e4 asian lopullinen p\u00e4\u00e4t\u00f6s voitaisiin tehd\u00e4 kokouksessa 10.6.1958. Yksimielisesti hyv\u00e4ksyttiin esitys, ett\u00e4 Jyv\u00e4skyl\u00e4n kaupunkiin on tarpeellista perustaa toinen rotaryklubi. Kokouksen esityksen [&hellip;]<\/p>\n","protected":false},"author":818,"featured_media":0,"parent":129,"menu_order":6,"comment_status":"closed","ping_status":"closed","template":"","meta":{"_acf_changed":false,"_et_pb_use_builder":"on","_et_pb_old_content":"","_et_gb_content_width":"","footnotes":""},"class_list":["post-2054","page","type-page","status-publish","hentry"],"acf":[],"yoast_head":"<!-- This site is optimized with the Yoast SEO plugin v27.0 - https:\/\/yoast.com\/product\/yoast-seo-wordpress\/ -->\n<title>Klubin historia - Jyv\u00e4skyl\u00e4-P\u00e4ij\u00e4nne Rotaryklubi<\/title>\n<meta name=\"robots\" content=\"index, follow, max-snippet:-1, max-image-preview:large, max-video-preview:-1\" \/>\n<link rel=\"canonical\" href=\"https:\/\/rotary.fi\/jyvaskyla-paijanne\/keita-olemme\/klubin-historia\/\" \/>\n<meta property=\"og:locale\" content=\"fi_FI\" \/>\n<meta property=\"og:type\" content=\"article\" \/>\n<meta property=\"og:title\" content=\"Klubin historia - Jyv\u00e4skyl\u00e4-P\u00e4ij\u00e4nne Rotaryklubi\" \/>\n<meta property=\"og:description\" content=\"Klubin historia 30 vuottaJyv\u00e4skyl\u00e4-P\u00e4ij\u00e4nne Rotaryklubi ry. Historia \/Jarmo Levy KLUBIN SYNTY Jyv\u00e4skyl\u00e4-P\u00e4ij\u00e4nne rk:n perustaminen tapahtui Jyv\u00e4skyl\u00e4n Rotaryklubin aloitteesta heid\u00e4n 25.3.1958 pit\u00e4m\u00e4ss\u00e4\u00e4n kokouksessa. Kokouksessa valmistelu ja k\u00e4yt\u00e4nt\u00f6jen hoitaminen annettiin veli Veikko Hyyti\u00e4isen teht\u00e4v\u00e4ksi. Tavoite oli, ett\u00e4 asian lopullinen p\u00e4\u00e4t\u00f6s voitaisiin tehd\u00e4 kokouksessa 10.6.1958. Yksimielisesti hyv\u00e4ksyttiin esitys, ett\u00e4 Jyv\u00e4skyl\u00e4n kaupunkiin on tarpeellista perustaa toinen rotaryklubi. Kokouksen esityksen [&hellip;]\" \/>\n<meta property=\"og:url\" content=\"https:\/\/rotary.fi\/jyvaskyla-paijanne\/keita-olemme\/klubin-historia\/\" \/>\n<meta property=\"og:site_name\" content=\"Jyv\u00e4skyl\u00e4-P\u00e4ij\u00e4nne Rotaryklubi\" \/>\n<meta property=\"article:modified_time\" content=\"2025-10-27T07:28:01+00:00\" \/>\n<meta name=\"twitter:card\" content=\"summary_large_image\" \/>\n<meta name=\"twitter:label1\" content=\"Arvioitu lukuaika\" \/>\n\t<meta name=\"twitter:data1\" content=\"7 minuuttia\" \/>\n<script type=\"application\/ld+json\" class=\"yoast-schema-graph\">{\"@context\":\"https:\/\/schema.org\",\"@graph\":[{\"@type\":\"WebPage\",\"@id\":\"https:\/\/rotary.fi\/jyvaskyla-paijanne\/keita-olemme\/klubin-historia\/\",\"url\":\"https:\/\/rotary.fi\/jyvaskyla-paijanne\/keita-olemme\/klubin-historia\/\",\"name\":\"Klubin historia - Jyv\u00e4skyl\u00e4-P\u00e4ij\u00e4nne Rotaryklubi\",\"isPartOf\":{\"@id\":\"https:\/\/rotary.fi\/jyvaskyla-paijanne\/#website\"},\"datePublished\":\"2025-10-25T05:00:14+00:00\",\"dateModified\":\"2025-10-27T07:28:01+00:00\",\"breadcrumb\":{\"@id\":\"https:\/\/rotary.fi\/jyvaskyla-paijanne\/keita-olemme\/klubin-historia\/#breadcrumb\"},\"inLanguage\":\"fi\",\"potentialAction\":[{\"@type\":\"ReadAction\",\"target\":[\"https:\/\/rotary.fi\/jyvaskyla-paijanne\/keita-olemme\/klubin-historia\/\"]}]},{\"@type\":\"BreadcrumbList\",\"@id\":\"https:\/\/rotary.fi\/jyvaskyla-paijanne\/keita-olemme\/klubin-historia\/#breadcrumb\",\"itemListElement\":[{\"@type\":\"ListItem\",\"position\":1,\"name\":\"Home\",\"item\":\"https:\/\/rotary.fi\/jyvaskyla-paijanne\/\"},{\"@type\":\"ListItem\",\"position\":2,\"name\":\"Keit\u00e4 olemme\",\"item\":\"https:\/\/rotary.fi\/jyvaskyla-paijanne\/keita-olemme\/\"},{\"@type\":\"ListItem\",\"position\":3,\"name\":\"Klubin historia\"}]},{\"@type\":\"WebSite\",\"@id\":\"https:\/\/rotary.fi\/jyvaskyla-paijanne\/#website\",\"url\":\"https:\/\/rotary.fi\/jyvaskyla-paijanne\/\",\"name\":\"Jyv\u00e4skyl\u00e4-P\u00e4ij\u00e4nne Rotaryklubi\",\"description\":\"Uusi Rotary klubisivusto\",\"potentialAction\":[{\"@type\":\"SearchAction\",\"target\":{\"@type\":\"EntryPoint\",\"urlTemplate\":\"https:\/\/rotary.fi\/jyvaskyla-paijanne\/?s={search_term_string}\"},\"query-input\":{\"@type\":\"PropertyValueSpecification\",\"valueRequired\":true,\"valueName\":\"search_term_string\"}}],\"inLanguage\":\"fi\"}]}<\/script>\n<!-- \/ Yoast SEO plugin. -->","yoast_head_json":{"title":"Klubin historia - Jyv\u00e4skyl\u00e4-P\u00e4ij\u00e4nne Rotaryklubi","robots":{"index":"index","follow":"follow","max-snippet":"max-snippet:-1","max-image-preview":"max-image-preview:large","max-video-preview":"max-video-preview:-1"},"canonical":"https:\/\/rotary.fi\/jyvaskyla-paijanne\/keita-olemme\/klubin-historia\/","og_locale":"fi_FI","og_type":"article","og_title":"Klubin historia - Jyv\u00e4skyl\u00e4-P\u00e4ij\u00e4nne Rotaryklubi","og_description":"Klubin historia 30 vuottaJyv\u00e4skyl\u00e4-P\u00e4ij\u00e4nne Rotaryklubi ry. Historia \/Jarmo Levy KLUBIN SYNTY Jyv\u00e4skyl\u00e4-P\u00e4ij\u00e4nne rk:n perustaminen tapahtui Jyv\u00e4skyl\u00e4n Rotaryklubin aloitteesta heid\u00e4n 25.3.1958 pit\u00e4m\u00e4ss\u00e4\u00e4n kokouksessa. Kokouksessa valmistelu ja k\u00e4yt\u00e4nt\u00f6jen hoitaminen annettiin veli Veikko Hyyti\u00e4isen teht\u00e4v\u00e4ksi. Tavoite oli, ett\u00e4 asian lopullinen p\u00e4\u00e4t\u00f6s voitaisiin tehd\u00e4 kokouksessa 10.6.1958. Yksimielisesti hyv\u00e4ksyttiin esitys, ett\u00e4 Jyv\u00e4skyl\u00e4n kaupunkiin on tarpeellista perustaa toinen rotaryklubi. Kokouksen esityksen [&hellip;]","og_url":"https:\/\/rotary.fi\/jyvaskyla-paijanne\/keita-olemme\/klubin-historia\/","og_site_name":"Jyv\u00e4skyl\u00e4-P\u00e4ij\u00e4nne Rotaryklubi","article_modified_time":"2025-10-27T07:28:01+00:00","twitter_card":"summary_large_image","twitter_misc":{"Arvioitu lukuaika":"7 minuuttia"},"schema":{"@context":"https:\/\/schema.org","@graph":[{"@type":"WebPage","@id":"https:\/\/rotary.fi\/jyvaskyla-paijanne\/keita-olemme\/klubin-historia\/","url":"https:\/\/rotary.fi\/jyvaskyla-paijanne\/keita-olemme\/klubin-historia\/","name":"Klubin historia - Jyv\u00e4skyl\u00e4-P\u00e4ij\u00e4nne Rotaryklubi","isPartOf":{"@id":"https:\/\/rotary.fi\/jyvaskyla-paijanne\/#website"},"datePublished":"2025-10-25T05:00:14+00:00","dateModified":"2025-10-27T07:28:01+00:00","breadcrumb":{"@id":"https:\/\/rotary.fi\/jyvaskyla-paijanne\/keita-olemme\/klubin-historia\/#breadcrumb"},"inLanguage":"fi","potentialAction":[{"@type":"ReadAction","target":["https:\/\/rotary.fi\/jyvaskyla-paijanne\/keita-olemme\/klubin-historia\/"]}]},{"@type":"BreadcrumbList","@id":"https:\/\/rotary.fi\/jyvaskyla-paijanne\/keita-olemme\/klubin-historia\/#breadcrumb","itemListElement":[{"@type":"ListItem","position":1,"name":"Home","item":"https:\/\/rotary.fi\/jyvaskyla-paijanne\/"},{"@type":"ListItem","position":2,"name":"Keit\u00e4 olemme","item":"https:\/\/rotary.fi\/jyvaskyla-paijanne\/keita-olemme\/"},{"@type":"ListItem","position":3,"name":"Klubin historia"}]},{"@type":"WebSite","@id":"https:\/\/rotary.fi\/jyvaskyla-paijanne\/#website","url":"https:\/\/rotary.fi\/jyvaskyla-paijanne\/","name":"Jyv\u00e4skyl\u00e4-P\u00e4ij\u00e4nne Rotaryklubi","description":"Uusi Rotary klubisivusto","potentialAction":[{"@type":"SearchAction","target":{"@type":"EntryPoint","urlTemplate":"https:\/\/rotary.fi\/jyvaskyla-paijanne\/?s={search_term_string}"},"query-input":{"@type":"PropertyValueSpecification","valueRequired":true,"valueName":"search_term_string"}}],"inLanguage":"fi"}]}},"lang":"fi","translations":{"fi":2054},"pll_sync_post":[],"_links":{"self":[{"href":"https:\/\/rotary.fi\/jyvaskyla-paijanne\/wp-json\/wp\/v2\/pages\/2054","targetHints":{"allow":["GET"]}}],"collection":[{"href":"https:\/\/rotary.fi\/jyvaskyla-paijanne\/wp-json\/wp\/v2\/pages"}],"about":[{"href":"https:\/\/rotary.fi\/jyvaskyla-paijanne\/wp-json\/wp\/v2\/types\/page"}],"author":[{"embeddable":true,"href":"https:\/\/rotary.fi\/jyvaskyla-paijanne\/wp-json\/wp\/v2\/users\/818"}],"replies":[{"embeddable":true,"href":"https:\/\/rotary.fi\/jyvaskyla-paijanne\/wp-json\/wp\/v2\/comments?post=2054"}],"version-history":[{"count":10,"href":"https:\/\/rotary.fi\/jyvaskyla-paijanne\/wp-json\/wp\/v2\/pages\/2054\/revisions"}],"predecessor-version":[{"id":2097,"href":"https:\/\/rotary.fi\/jyvaskyla-paijanne\/wp-json\/wp\/v2\/pages\/2054\/revisions\/2097"}],"up":[{"embeddable":true,"href":"https:\/\/rotary.fi\/jyvaskyla-paijanne\/wp-json\/wp\/v2\/pages\/129"}],"wp:attachment":[{"href":"https:\/\/rotary.fi\/jyvaskyla-paijanne\/wp-json\/wp\/v2\/media?parent=2054"}],"curies":[{"name":"wp","href":"https:\/\/api.w.org\/{rel}","templated":true}]}}