{"id":165,"date":"2018-08-13T09:52:52","date_gmt":"2018-08-13T06:52:52","guid":{"rendered":"https:\/\/rotary.fi\/jyvaskyla-paijanne\/?page_id=165"},"modified":"2025-10-20T19:45:15","modified_gmt":"2025-10-20T16:45:15","slug":"yhteistyo","status":"publish","type":"page","link":"https:\/\/rotary.fi\/jyvaskyla-paijanne\/mita-teemme\/yhteistyo\/","title":{"rendered":"Yhteisty\u00f6"},"content":{"rendered":"<p>[et_pb_section fb_built=&#8221;1&#8243; module_class=&#8221;jumbotron-page&#8221; _builder_version=&#8221;4.16&#8243; background_image=&#8221;https:\/\/rotary.fi\/jyvaskyla-paijanne\/wp-content\/uploads\/sites\/265\/2018\/08\/rotary_klubit_alasivu_paakuva_6.jpg&#8221; global_colors_info=&#8221;{}&#8221;][et_pb_row _builder_version=&#8221;4.16&#8243; background_size=&#8221;initial&#8221; background_position=&#8221;top_left&#8221; background_repeat=&#8221;repeat&#8221; global_colors_info=&#8221;{}&#8221;][et_pb_column type=&#8221;4_4&#8243; _builder_version=&#8221;4.16&#8243; custom_padding=&#8221;|||&#8221; global_colors_info=&#8221;{}&#8221; custom_padding__hover=&#8221;|||&#8221;][et_pb_text admin_label=&#8221;P\u00e4\u00e4otsikko&#8221; _builder_version=&#8221;4.16&#8243; text_orientation=&#8221;center&#8221; background_layout=&#8221;dark&#8221; global_colors_info=&#8221;{}&#8221;]<\/p>\n<h1>Yhteisty\u00f6<\/h1>\n<p>[\/et_pb_text][\/et_pb_column][\/et_pb_row][\/et_pb_section][et_pb_section fb_built=&#8221;1&#8243; specialty=&#8221;on&#8221; module_class_2=&#8221;sivupalkki&#8221; _builder_version=&#8221;4.16&#8243; global_colors_info=&#8221;{}&#8221;][et_pb_column type=&#8221;2_3&#8243; specialty_columns=&#8221;2&#8243; _builder_version=&#8221;4.16&#8243; custom_padding=&#8221;|||&#8221; global_colors_info=&#8221;{}&#8221; parallax__hover=&#8221;off&#8221; parallax_method__hover=&#8221;on&#8221; custom_padding__hover=&#8221;|||&#8221;][et_pb_row_inner admin_label=&#8221;Rivi&#8221; _builder_version=&#8221;4.16&#8243; global_colors_info=&#8221;{}&#8221;][et_pb_column_inner saved_specialty_column_type=&#8221;2_3&#8243; _builder_version=&#8221;4.16&#8243; custom_padding=&#8221;|||&#8221; global_colors_info=&#8221;{}&#8221; parallax__hover=&#8221;off&#8221; parallax_method__hover=&#8221;on&#8221; custom_padding__hover=&#8221;|||&#8221;][et_pb_text _builder_version=&#8221;4.27.4&#8243; global_colors_info=&#8221;{}&#8221;]<\/p>\n<p>Klubimme toimii aktiivisesti nuorisovaihdossa sek\u00e4 palvelu- ja hyv\u00e4ntekev\u00e4isyysprojekteissa.\u00a0<\/p>\n<h5>Yhteisty\u00f6 Jyv\u00e4skyl\u00e4 Sinfonian kanssa<\/h5>\n<p>Olemme mukana Jyv\u00e4skyl\u00e4 Sinfonian On the Move -tapahtumassa j\u00e4rjest\u00e4m\u00e4ll\u00e4 sinfoniaorkesterin kanssa ilmaiskonsertteja\u00a0 vanhusten hoivakoteihin (<em>Telk\u00e4npes\u00e4<\/em> ja <em>Pehtorihoiva<\/em>). Klubimme j\u00e4sen Ingvor Anttila toimii sek\u00e4 yhteydenpit\u00e4j\u00e4n\u00e4 konserttien j\u00e4rjestelyihin liittyen ett\u00e4 juontajana tilaisuuksissa.<\/p>\n<p><img loading=\"lazy\" decoding=\"async\" class=\"alignnone wp-image-1733 size-full\" src=\"https:\/\/rotary.fi\/jyvaskyla-paijanne\/wp-content\/uploads\/sites\/265\/2025\/09\/konsertti-250.jpg\" alt=\"\" width=\"411\" height=\"250\" srcset=\"https:\/\/rotary.fi\/jyvaskyla-paijanne\/wp-content\/uploads\/sites\/265\/2025\/09\/konsertti-250.jpg 411w, https:\/\/rotary.fi\/jyvaskyla-paijanne\/wp-content\/uploads\/sites\/265\/2025\/09\/konsertti-250-300x182.jpg 300w\" sizes=\"(max-width: 411px) 100vw, 411px\" \/><\/p>\n<p><strong>Kiit\u00e4mme l\u00e4mpim\u00e4sti kaikkia toimintamme tukijoita!<\/strong><\/p>\n<p>Jos haluat osallistua rotareiden ty\u00f6h\u00f6n lahjoittamalla aikaasi tai varoja, ota yst\u00e4v\u00e4llisesti yhteytt\u00e4 klubimme presidenttiin.<\/p>\n<p>[\/et_pb_text][\/et_pb_column_inner][\/et_pb_row_inner][\/et_pb_column][et_pb_column type=&#8221;1_3&#8243; module_class=&#8221;sivupalkki&#8221; _builder_version=&#8221;4.16&#8243; custom_padding=&#8221;|||&#8221; global_colors_info=&#8221;{}&#8221; parallax__hover=&#8221;off&#8221; parallax_method__hover=&#8221;on&#8221; module_class__hover=&#8221;sivupalkki&#8221; custom_padding__hover=&#8221;|||&#8221;][et_pb_sidebar area=&#8221;sidebar-1&#8243; module_class=&#8221;sivupalkki_sisalto&#8221; _builder_version=&#8221;4.16&#8243; locked=&#8221;off&#8221; global_colors_info=&#8221;{}&#8221;][\/et_pb_sidebar][\/et_pb_column][\/et_pb_section]<\/p>\n","protected":false},"excerpt":{"rendered":"<p>Yhteisty\u00f6 Klubimme toimii aktiivisesti nuorisovaihdossa sek\u00e4 palvelu- ja hyv\u00e4ntekev\u00e4isyysprojekteissa.\u00a0 Yhteisty\u00f6 Jyv\u00e4skyl\u00e4 Sinfonian kanssa Olemme mukana Jyv\u00e4skyl\u00e4 Sinfonian On the Move -tapahtumassa j\u00e4rjest\u00e4m\u00e4ll\u00e4 sinfoniaorkesterin kanssa ilmaiskonsertteja\u00a0 vanhusten hoivakoteihin (Telk\u00e4npes\u00e4 ja Pehtorihoiva). Klubimme j\u00e4sen Ingvor Anttila toimii sek\u00e4 yhteydenpit\u00e4j\u00e4n\u00e4 konserttien j\u00e4rjestelyihin liittyen ett\u00e4 juontajana tilaisuuksissa. Kiit\u00e4mme l\u00e4mpim\u00e4sti kaikkia toimintamme tukijoita! Jos haluat osallistua rotareiden ty\u00f6h\u00f6n lahjoittamalla aikaasi [&hellip;]<\/p>\n","protected":false},"author":1,"featured_media":0,"parent":77,"menu_order":0,"comment_status":"closed","ping_status":"closed","template":"","meta":{"_acf_changed":false,"_et_pb_use_builder":"on","_et_pb_old_content":"","_et_gb_content_width":"","footnotes":""},"class_list":["post-165","page","type-page","status-publish","hentry"],"acf":[],"yoast_head":"<!-- This site is optimized with the Yoast SEO plugin v27.0 - https:\/\/yoast.com\/product\/yoast-seo-wordpress\/ -->\n<title>Yhteisty\u00f6 - Jyv\u00e4skyl\u00e4-P\u00e4ij\u00e4nne Rotaryklubi<\/title>\n<meta name=\"robots\" content=\"index, follow, max-snippet:-1, max-image-preview:large, max-video-preview:-1\" \/>\n<link rel=\"canonical\" href=\"https:\/\/rotary.fi\/jyvaskyla-paijanne\/mita-teemme\/yhteistyo\/\" \/>\n<meta property=\"og:locale\" content=\"fi_FI\" \/>\n<meta property=\"og:type\" content=\"article\" \/>\n<meta property=\"og:title\" content=\"Yhteisty\u00f6 - Jyv\u00e4skyl\u00e4-P\u00e4ij\u00e4nne Rotaryklubi\" \/>\n<meta property=\"og:description\" content=\"Yhteisty\u00f6 Klubimme toimii aktiivisesti nuorisovaihdossa sek\u00e4 palvelu- ja hyv\u00e4ntekev\u00e4isyysprojekteissa.\u00a0 Yhteisty\u00f6 Jyv\u00e4skyl\u00e4 Sinfonian kanssa Olemme mukana Jyv\u00e4skyl\u00e4 Sinfonian On the Move -tapahtumassa j\u00e4rjest\u00e4m\u00e4ll\u00e4 sinfoniaorkesterin kanssa ilmaiskonsertteja\u00a0 vanhusten hoivakoteihin (Telk\u00e4npes\u00e4 ja Pehtorihoiva). Klubimme j\u00e4sen Ingvor Anttila toimii sek\u00e4 yhteydenpit\u00e4j\u00e4n\u00e4 konserttien j\u00e4rjestelyihin liittyen ett\u00e4 juontajana tilaisuuksissa. Kiit\u00e4mme l\u00e4mpim\u00e4sti kaikkia toimintamme tukijoita! Jos haluat osallistua rotareiden ty\u00f6h\u00f6n lahjoittamalla aikaasi [&hellip;]\" \/>\n<meta property=\"og:url\" content=\"https:\/\/rotary.fi\/jyvaskyla-paijanne\/mita-teemme\/yhteistyo\/\" \/>\n<meta property=\"og:site_name\" content=\"Jyv\u00e4skyl\u00e4-P\u00e4ij\u00e4nne Rotaryklubi\" \/>\n<meta property=\"article:modified_time\" content=\"2025-10-20T16:45:15+00:00\" \/>\n<meta property=\"og:image\" content=\"https:\/\/rotary.fi\/jyvaskyla-paijanne\/wp-content\/uploads\/sites\/265\/2025\/09\/konsertti-250.jpg\" \/>\n\t<meta property=\"og:image:width\" content=\"411\" \/>\n\t<meta property=\"og:image:height\" content=\"250\" \/>\n\t<meta property=\"og:image:type\" content=\"image\/jpeg\" \/>\n<meta name=\"twitter:card\" content=\"summary_large_image\" \/>\n<meta name=\"twitter:label1\" content=\"Arvioitu lukuaika\" \/>\n\t<meta name=\"twitter:data1\" content=\"2 minuuttia\" \/>\n<script type=\"application\/ld+json\" class=\"yoast-schema-graph\">{\"@context\":\"https:\/\/schema.org\",\"@graph\":[{\"@type\":\"WebPage\",\"@id\":\"https:\/\/rotary.fi\/jyvaskyla-paijanne\/mita-teemme\/yhteistyo\/\",\"url\":\"https:\/\/rotary.fi\/jyvaskyla-paijanne\/mita-teemme\/yhteistyo\/\",\"name\":\"Yhteisty\u00f6 - Jyv\u00e4skyl\u00e4-P\u00e4ij\u00e4nne Rotaryklubi\",\"isPartOf\":{\"@id\":\"https:\/\/rotary.fi\/jyvaskyla-paijanne\/#website\"},\"primaryImageOfPage\":{\"@id\":\"https:\/\/rotary.fi\/jyvaskyla-paijanne\/mita-teemme\/yhteistyo\/#primaryimage\"},\"image\":{\"@id\":\"https:\/\/rotary.fi\/jyvaskyla-paijanne\/mita-teemme\/yhteistyo\/#primaryimage\"},\"thumbnailUrl\":\"https:\/\/rotary.fi\/jyvaskyla-paijanne\/wp-content\/uploads\/sites\/265\/2025\/09\/konsertti-250.jpg\",\"datePublished\":\"2018-08-13T06:52:52+00:00\",\"dateModified\":\"2025-10-20T16:45:15+00:00\",\"breadcrumb\":{\"@id\":\"https:\/\/rotary.fi\/jyvaskyla-paijanne\/mita-teemme\/yhteistyo\/#breadcrumb\"},\"inLanguage\":\"fi\",\"potentialAction\":[{\"@type\":\"ReadAction\",\"target\":[\"https:\/\/rotary.fi\/jyvaskyla-paijanne\/mita-teemme\/yhteistyo\/\"]}]},{\"@type\":\"ImageObject\",\"inLanguage\":\"fi\",\"@id\":\"https:\/\/rotary.fi\/jyvaskyla-paijanne\/mita-teemme\/yhteistyo\/#primaryimage\",\"url\":\"https:\/\/rotary.fi\/jyvaskyla-paijanne\/wp-content\/uploads\/sites\/265\/2025\/09\/konsertti-250.jpg\",\"contentUrl\":\"https:\/\/rotary.fi\/jyvaskyla-paijanne\/wp-content\/uploads\/sites\/265\/2025\/09\/konsertti-250.jpg\",\"width\":411,\"height\":250},{\"@type\":\"BreadcrumbList\",\"@id\":\"https:\/\/rotary.fi\/jyvaskyla-paijanne\/mita-teemme\/yhteistyo\/#breadcrumb\",\"itemListElement\":[{\"@type\":\"ListItem\",\"position\":1,\"name\":\"Home\",\"item\":\"https:\/\/rotary.fi\/jyvaskyla-paijanne\/\"},{\"@type\":\"ListItem\",\"position\":2,\"name\":\"Mit\u00e4 teemme\",\"item\":\"https:\/\/rotary.fi\/jyvaskyla-paijanne\/mita-teemme\/\"},{\"@type\":\"ListItem\",\"position\":3,\"name\":\"Yhteisty\u00f6\"}]},{\"@type\":\"WebSite\",\"@id\":\"https:\/\/rotary.fi\/jyvaskyla-paijanne\/#website\",\"url\":\"https:\/\/rotary.fi\/jyvaskyla-paijanne\/\",\"name\":\"Jyv\u00e4skyl\u00e4-P\u00e4ij\u00e4nne Rotaryklubi\",\"description\":\"Uusi Rotary klubisivusto\",\"potentialAction\":[{\"@type\":\"SearchAction\",\"target\":{\"@type\":\"EntryPoint\",\"urlTemplate\":\"https:\/\/rotary.fi\/jyvaskyla-paijanne\/?s={search_term_string}\"},\"query-input\":{\"@type\":\"PropertyValueSpecification\",\"valueRequired\":true,\"valueName\":\"search_term_string\"}}],\"inLanguage\":\"fi\"}]}<\/script>\n<!-- \/ Yoast SEO plugin. -->","yoast_head_json":{"title":"Yhteisty\u00f6 - Jyv\u00e4skyl\u00e4-P\u00e4ij\u00e4nne Rotaryklubi","robots":{"index":"index","follow":"follow","max-snippet":"max-snippet:-1","max-image-preview":"max-image-preview:large","max-video-preview":"max-video-preview:-1"},"canonical":"https:\/\/rotary.fi\/jyvaskyla-paijanne\/mita-teemme\/yhteistyo\/","og_locale":"fi_FI","og_type":"article","og_title":"Yhteisty\u00f6 - Jyv\u00e4skyl\u00e4-P\u00e4ij\u00e4nne Rotaryklubi","og_description":"Yhteisty\u00f6 Klubimme toimii aktiivisesti nuorisovaihdossa sek\u00e4 palvelu- ja hyv\u00e4ntekev\u00e4isyysprojekteissa.\u00a0 Yhteisty\u00f6 Jyv\u00e4skyl\u00e4 Sinfonian kanssa Olemme mukana Jyv\u00e4skyl\u00e4 Sinfonian On the Move -tapahtumassa j\u00e4rjest\u00e4m\u00e4ll\u00e4 sinfoniaorkesterin kanssa ilmaiskonsertteja\u00a0 vanhusten hoivakoteihin (Telk\u00e4npes\u00e4 ja Pehtorihoiva). Klubimme j\u00e4sen Ingvor Anttila toimii sek\u00e4 yhteydenpit\u00e4j\u00e4n\u00e4 konserttien j\u00e4rjestelyihin liittyen ett\u00e4 juontajana tilaisuuksissa. Kiit\u00e4mme l\u00e4mpim\u00e4sti kaikkia toimintamme tukijoita! Jos haluat osallistua rotareiden ty\u00f6h\u00f6n lahjoittamalla aikaasi [&hellip;]","og_url":"https:\/\/rotary.fi\/jyvaskyla-paijanne\/mita-teemme\/yhteistyo\/","og_site_name":"Jyv\u00e4skyl\u00e4-P\u00e4ij\u00e4nne Rotaryklubi","article_modified_time":"2025-10-20T16:45:15+00:00","og_image":[{"width":411,"height":250,"url":"https:\/\/rotary.fi\/jyvaskyla-paijanne\/wp-content\/uploads\/sites\/265\/2025\/09\/konsertti-250.jpg","type":"image\/jpeg"}],"twitter_card":"summary_large_image","twitter_misc":{"Arvioitu lukuaika":"2 minuuttia"},"schema":{"@context":"https:\/\/schema.org","@graph":[{"@type":"WebPage","@id":"https:\/\/rotary.fi\/jyvaskyla-paijanne\/mita-teemme\/yhteistyo\/","url":"https:\/\/rotary.fi\/jyvaskyla-paijanne\/mita-teemme\/yhteistyo\/","name":"Yhteisty\u00f6 - Jyv\u00e4skyl\u00e4-P\u00e4ij\u00e4nne Rotaryklubi","isPartOf":{"@id":"https:\/\/rotary.fi\/jyvaskyla-paijanne\/#website"},"primaryImageOfPage":{"@id":"https:\/\/rotary.fi\/jyvaskyla-paijanne\/mita-teemme\/yhteistyo\/#primaryimage"},"image":{"@id":"https:\/\/rotary.fi\/jyvaskyla-paijanne\/mita-teemme\/yhteistyo\/#primaryimage"},"thumbnailUrl":"https:\/\/rotary.fi\/jyvaskyla-paijanne\/wp-content\/uploads\/sites\/265\/2025\/09\/konsertti-250.jpg","datePublished":"2018-08-13T06:52:52+00:00","dateModified":"2025-10-20T16:45:15+00:00","breadcrumb":{"@id":"https:\/\/rotary.fi\/jyvaskyla-paijanne\/mita-teemme\/yhteistyo\/#breadcrumb"},"inLanguage":"fi","potentialAction":[{"@type":"ReadAction","target":["https:\/\/rotary.fi\/jyvaskyla-paijanne\/mita-teemme\/yhteistyo\/"]}]},{"@type":"ImageObject","inLanguage":"fi","@id":"https:\/\/rotary.fi\/jyvaskyla-paijanne\/mita-teemme\/yhteistyo\/#primaryimage","url":"https:\/\/rotary.fi\/jyvaskyla-paijanne\/wp-content\/uploads\/sites\/265\/2025\/09\/konsertti-250.jpg","contentUrl":"https:\/\/rotary.fi\/jyvaskyla-paijanne\/wp-content\/uploads\/sites\/265\/2025\/09\/konsertti-250.jpg","width":411,"height":250},{"@type":"BreadcrumbList","@id":"https:\/\/rotary.fi\/jyvaskyla-paijanne\/mita-teemme\/yhteistyo\/#breadcrumb","itemListElement":[{"@type":"ListItem","position":1,"name":"Home","item":"https:\/\/rotary.fi\/jyvaskyla-paijanne\/"},{"@type":"ListItem","position":2,"name":"Mit\u00e4 teemme","item":"https:\/\/rotary.fi\/jyvaskyla-paijanne\/mita-teemme\/"},{"@type":"ListItem","position":3,"name":"Yhteisty\u00f6"}]},{"@type":"WebSite","@id":"https:\/\/rotary.fi\/jyvaskyla-paijanne\/#website","url":"https:\/\/rotary.fi\/jyvaskyla-paijanne\/","name":"Jyv\u00e4skyl\u00e4-P\u00e4ij\u00e4nne Rotaryklubi","description":"Uusi Rotary klubisivusto","potentialAction":[{"@type":"SearchAction","target":{"@type":"EntryPoint","urlTemplate":"https:\/\/rotary.fi\/jyvaskyla-paijanne\/?s={search_term_string}"},"query-input":{"@type":"PropertyValueSpecification","valueRequired":true,"valueName":"search_term_string"}}],"inLanguage":"fi"}]}},"lang":"fi","translations":{"fi":165},"pll_sync_post":[],"_links":{"self":[{"href":"https:\/\/rotary.fi\/jyvaskyla-paijanne\/wp-json\/wp\/v2\/pages\/165","targetHints":{"allow":["GET"]}}],"collection":[{"href":"https:\/\/rotary.fi\/jyvaskyla-paijanne\/wp-json\/wp\/v2\/pages"}],"about":[{"href":"https:\/\/rotary.fi\/jyvaskyla-paijanne\/wp-json\/wp\/v2\/types\/page"}],"author":[{"embeddable":true,"href":"https:\/\/rotary.fi\/jyvaskyla-paijanne\/wp-json\/wp\/v2\/users\/1"}],"replies":[{"embeddable":true,"href":"https:\/\/rotary.fi\/jyvaskyla-paijanne\/wp-json\/wp\/v2\/comments?post=165"}],"version-history":[{"count":8,"href":"https:\/\/rotary.fi\/jyvaskyla-paijanne\/wp-json\/wp\/v2\/pages\/165\/revisions"}],"predecessor-version":[{"id":2034,"href":"https:\/\/rotary.fi\/jyvaskyla-paijanne\/wp-json\/wp\/v2\/pages\/165\/revisions\/2034"}],"up":[{"embeddable":true,"href":"https:\/\/rotary.fi\/jyvaskyla-paijanne\/wp-json\/wp\/v2\/pages\/77"}],"wp:attachment":[{"href":"https:\/\/rotary.fi\/jyvaskyla-paijanne\/wp-json\/wp\/v2\/media?parent=165"}],"curies":[{"name":"wp","href":"https:\/\/api.w.org\/{rel}","templated":true}]}}