{"id":160,"date":"2018-08-13T09:49:16","date_gmt":"2018-08-13T06:49:16","guid":{"rendered":"https:\/\/rotary.fi\/jyvaskyla-paijanne\/?page_id=160"},"modified":"2025-10-20T19:39:44","modified_gmt":"2025-10-20T16:39:44","slug":"yhteiset-projektit","status":"publish","type":"page","link":"https:\/\/rotary.fi\/jyvaskyla-paijanne\/mita-teemme\/yhteiset-projektit\/","title":{"rendered":"Yhteiset projektit"},"content":{"rendered":"<p>[et_pb_section fb_built=&#8221;1&#8243; module_class=&#8221;jumbotron-page&#8221; _builder_version=&#8221;4.16&#8243; background_image=&#8221;https:\/\/rotary.fi\/jyvaskyla-paijanne\/wp-content\/uploads\/sites\/265\/2018\/10\/rotary_klubit_alasivu_paakuva_15.jpg&#8221; global_colors_info=&#8221;{}&#8221;][et_pb_row _builder_version=&#8221;4.16&#8243; background_size=&#8221;initial&#8221; background_position=&#8221;top_left&#8221; background_repeat=&#8221;repeat&#8221; global_colors_info=&#8221;{}&#8221;][et_pb_column type=&#8221;4_4&#8243; _builder_version=&#8221;4.16&#8243; custom_padding=&#8221;|||&#8221; global_colors_info=&#8221;{}&#8221; custom_padding__hover=&#8221;|||&#8221;][et_pb_text admin_label=&#8221;P\u00e4\u00e4otsikko&#8221; _builder_version=&#8221;4.16&#8243; text_orientation=&#8221;center&#8221; background_layout=&#8221;dark&#8221; global_colors_info=&#8221;{}&#8221;]<\/p>\n<h1>Yhteiset projektit<\/h1>\n<p>[\/et_pb_text][\/et_pb_column][\/et_pb_row][\/et_pb_section][et_pb_section fb_built=&#8221;1&#8243; specialty=&#8221;on&#8221; module_class_2=&#8221;sivupalkki&#8221; _builder_version=&#8221;4.16&#8243; global_colors_info=&#8221;{}&#8221;][et_pb_column type=&#8221;2_3&#8243; specialty_columns=&#8221;2&#8243; _builder_version=&#8221;4.16&#8243; custom_padding=&#8221;|||&#8221; global_colors_info=&#8221;{}&#8221; custom_padding__hover=&#8221;|||&#8221;][et_pb_row_inner admin_label=&#8221;Rivi&#8221; _builder_version=&#8221;4.16&#8243; global_colors_info=&#8221;{}&#8221;][et_pb_column_inner saved_specialty_column_type=&#8221;2_3&#8243; _builder_version=&#8221;4.16&#8243; custom_padding=&#8221;|||&#8221; global_colors_info=&#8221;{}&#8221; custom_padding__hover=&#8221;|||&#8221;][et_pb_text _builder_version=&#8221;4.27.4&#8243; global_colors_info=&#8221;{}&#8221;]<\/p>\n<h5>Vocational Study Exchange (VSE)<\/h5>\n<p>Jyv\u00e4skyl\u00e4-P\u00e4ijanne -rotarykubi toteutti syksyll\u00e4 VSE-yhteisty\u00f6projektin Lahti-Wesij\u00e4rviklubin ja Keski-Englannissa sijaitsevan piirin 1210 kanssa. T\u00e4st\u00e4 piirist\u00e4 oli viisi vierasta ensin ensin viikon Lahdessa, sitten viikon Jyv\u00e4skyl\u00e4ss\u00e4 lokakuussa 2024.<\/p>\n<p>Vierailun aiheena oli kest\u00e4v\u00e4 kehitys, ja vierailukohteita olivat muun muassa<\/p>\n<ul>\n<li>CeFMof (https:\/\/cefmof.org\/)<\/li>\n<li>Jyv\u00e4skyl\u00e4n yliopiston School of Resource Wisdom, ELY-keskus ja Keskisuomen Liitto<\/li>\n<li>Jyv\u00e4skyl\u00e4n kaupunki (resurssiviisaustiimi)<\/li>\n<li>Aalto2-museo<\/li>\n<li>Jyv\u00e4skyl\u00e4n yritystehdas, PoweResta ja Green Carbon<\/li>\n<li>Kankaan \u00e4lykaupunki<\/li>\n<\/ul>\n<p>Englanitilaiset p\u00e4\u00e4ttiv\u00e4t vierailunsa osallistumalla Jyv\u00e4skyl\u00e4-P\u00e4ij\u00e4nne -rotaryklubin viikkokokoukseen. Kev\u00e4\u00e4ll\u00e4 2025 toteutettu vastavierailu piiriin 1210 toteutettiin Lahti-Wesij\u00e4rvi-klubin ja lahtelaisten toimijoiden toimesta.<\/p>\n<p>[\/et_pb_text][\/et_pb_column_inner][\/et_pb_row_inner][\/et_pb_column][et_pb_column type=&#8221;1_3&#8243; _builder_version=&#8221;4.16&#8243; custom_padding=&#8221;|||&#8221; global_colors_info=&#8221;{}&#8221; custom_padding__hover=&#8221;|||&#8221;][et_pb_sidebar area=&#8221;sidebar-1&#8243; module_class=&#8221;sivupalkki_sisalto&#8221; _builder_version=&#8221;4.16&#8243; locked=&#8221;on&#8221; global_colors_info=&#8221;{}&#8221;]<br \/>\n[\/et_pb_sidebar][\/et_pb_column][\/et_pb_section]<\/p>\n","protected":false},"excerpt":{"rendered":"<p>Yhteiset projektit Vocational Study Exchange (VSE) Jyv\u00e4skyl\u00e4-P\u00e4ijanne -rotarykubi toteutti syksyll\u00e4 VSE-yhteisty\u00f6projektin Lahti-Wesij\u00e4rviklubin ja Keski-Englannissa sijaitsevan piirin 1210 kanssa. T\u00e4st\u00e4 piirist\u00e4 oli viisi vierasta ensin ensin viikon Lahdessa, sitten viikon Jyv\u00e4skyl\u00e4ss\u00e4 lokakuussa 2024. Vierailun aiheena oli kest\u00e4v\u00e4 kehitys, ja vierailukohteita olivat muun muassa CeFMof (https:\/\/cefmof.org\/) Jyv\u00e4skyl\u00e4n yliopiston School of Resource Wisdom, ELY-keskus ja Keskisuomen Liitto Jyv\u00e4skyl\u00e4n [&hellip;]<\/p>\n","protected":false},"author":1,"featured_media":0,"parent":77,"menu_order":0,"comment_status":"closed","ping_status":"closed","template":"","meta":{"_acf_changed":false,"_et_pb_use_builder":"on","_et_pb_old_content":"","_et_gb_content_width":"","footnotes":""},"class_list":["post-160","page","type-page","status-publish","hentry"],"acf":[],"yoast_head":"<!-- This site is optimized with the Yoast SEO plugin v27.0 - https:\/\/yoast.com\/product\/yoast-seo-wordpress\/ -->\n<title>Yhteiset projektit - Jyv\u00e4skyl\u00e4-P\u00e4ij\u00e4nne Rotaryklubi<\/title>\n<meta name=\"robots\" content=\"index, follow, max-snippet:-1, max-image-preview:large, max-video-preview:-1\" \/>\n<link rel=\"canonical\" href=\"https:\/\/rotary.fi\/jyvaskyla-paijanne\/mita-teemme\/yhteiset-projektit\/\" \/>\n<meta property=\"og:locale\" content=\"fi_FI\" \/>\n<meta property=\"og:type\" content=\"article\" \/>\n<meta property=\"og:title\" content=\"Yhteiset projektit - Jyv\u00e4skyl\u00e4-P\u00e4ij\u00e4nne Rotaryklubi\" \/>\n<meta property=\"og:description\" content=\"Yhteiset projektit Vocational Study Exchange (VSE) Jyv\u00e4skyl\u00e4-P\u00e4ijanne -rotarykubi toteutti syksyll\u00e4 VSE-yhteisty\u00f6projektin Lahti-Wesij\u00e4rviklubin ja Keski-Englannissa sijaitsevan piirin 1210 kanssa. T\u00e4st\u00e4 piirist\u00e4 oli viisi vierasta ensin ensin viikon Lahdessa, sitten viikon Jyv\u00e4skyl\u00e4ss\u00e4 lokakuussa 2024. Vierailun aiheena oli kest\u00e4v\u00e4 kehitys, ja vierailukohteita olivat muun muassa CeFMof (https:\/\/cefmof.org\/) Jyv\u00e4skyl\u00e4n yliopiston School of Resource Wisdom, ELY-keskus ja Keskisuomen Liitto Jyv\u00e4skyl\u00e4n [&hellip;]\" \/>\n<meta property=\"og:url\" content=\"https:\/\/rotary.fi\/jyvaskyla-paijanne\/mita-teemme\/yhteiset-projektit\/\" \/>\n<meta property=\"og:site_name\" content=\"Jyv\u00e4skyl\u00e4-P\u00e4ij\u00e4nne Rotaryklubi\" \/>\n<meta property=\"article:modified_time\" content=\"2025-10-20T16:39:44+00:00\" \/>\n<meta name=\"twitter:card\" content=\"summary_large_image\" \/>\n<meta name=\"twitter:label1\" content=\"Arvioitu lukuaika\" \/>\n\t<meta name=\"twitter:data1\" content=\"2 minuuttia\" \/>\n<script type=\"application\/ld+json\" class=\"yoast-schema-graph\">{\"@context\":\"https:\/\/schema.org\",\"@graph\":[{\"@type\":\"WebPage\",\"@id\":\"https:\/\/rotary.fi\/jyvaskyla-paijanne\/mita-teemme\/yhteiset-projektit\/\",\"url\":\"https:\/\/rotary.fi\/jyvaskyla-paijanne\/mita-teemme\/yhteiset-projektit\/\",\"name\":\"Yhteiset projektit - Jyv\u00e4skyl\u00e4-P\u00e4ij\u00e4nne Rotaryklubi\",\"isPartOf\":{\"@id\":\"https:\/\/rotary.fi\/jyvaskyla-paijanne\/#website\"},\"datePublished\":\"2018-08-13T06:49:16+00:00\",\"dateModified\":\"2025-10-20T16:39:44+00:00\",\"breadcrumb\":{\"@id\":\"https:\/\/rotary.fi\/jyvaskyla-paijanne\/mita-teemme\/yhteiset-projektit\/#breadcrumb\"},\"inLanguage\":\"fi\",\"potentialAction\":[{\"@type\":\"ReadAction\",\"target\":[\"https:\/\/rotary.fi\/jyvaskyla-paijanne\/mita-teemme\/yhteiset-projektit\/\"]}]},{\"@type\":\"BreadcrumbList\",\"@id\":\"https:\/\/rotary.fi\/jyvaskyla-paijanne\/mita-teemme\/yhteiset-projektit\/#breadcrumb\",\"itemListElement\":[{\"@type\":\"ListItem\",\"position\":1,\"name\":\"Home\",\"item\":\"https:\/\/rotary.fi\/jyvaskyla-paijanne\/\"},{\"@type\":\"ListItem\",\"position\":2,\"name\":\"Mit\u00e4 teemme\",\"item\":\"https:\/\/rotary.fi\/jyvaskyla-paijanne\/mita-teemme\/\"},{\"@type\":\"ListItem\",\"position\":3,\"name\":\"Yhteiset projektit\"}]},{\"@type\":\"WebSite\",\"@id\":\"https:\/\/rotary.fi\/jyvaskyla-paijanne\/#website\",\"url\":\"https:\/\/rotary.fi\/jyvaskyla-paijanne\/\",\"name\":\"Jyv\u00e4skyl\u00e4-P\u00e4ij\u00e4nne Rotaryklubi\",\"description\":\"Uusi Rotary klubisivusto\",\"potentialAction\":[{\"@type\":\"SearchAction\",\"target\":{\"@type\":\"EntryPoint\",\"urlTemplate\":\"https:\/\/rotary.fi\/jyvaskyla-paijanne\/?s={search_term_string}\"},\"query-input\":{\"@type\":\"PropertyValueSpecification\",\"valueRequired\":true,\"valueName\":\"search_term_string\"}}],\"inLanguage\":\"fi\"}]}<\/script>\n<!-- \/ Yoast SEO plugin. -->","yoast_head_json":{"title":"Yhteiset projektit - Jyv\u00e4skyl\u00e4-P\u00e4ij\u00e4nne Rotaryklubi","robots":{"index":"index","follow":"follow","max-snippet":"max-snippet:-1","max-image-preview":"max-image-preview:large","max-video-preview":"max-video-preview:-1"},"canonical":"https:\/\/rotary.fi\/jyvaskyla-paijanne\/mita-teemme\/yhteiset-projektit\/","og_locale":"fi_FI","og_type":"article","og_title":"Yhteiset projektit - Jyv\u00e4skyl\u00e4-P\u00e4ij\u00e4nne Rotaryklubi","og_description":"Yhteiset projektit Vocational Study Exchange (VSE) Jyv\u00e4skyl\u00e4-P\u00e4ijanne -rotarykubi toteutti syksyll\u00e4 VSE-yhteisty\u00f6projektin Lahti-Wesij\u00e4rviklubin ja Keski-Englannissa sijaitsevan piirin 1210 kanssa. T\u00e4st\u00e4 piirist\u00e4 oli viisi vierasta ensin ensin viikon Lahdessa, sitten viikon Jyv\u00e4skyl\u00e4ss\u00e4 lokakuussa 2024. Vierailun aiheena oli kest\u00e4v\u00e4 kehitys, ja vierailukohteita olivat muun muassa CeFMof (https:\/\/cefmof.org\/) Jyv\u00e4skyl\u00e4n yliopiston School of Resource Wisdom, ELY-keskus ja Keskisuomen Liitto Jyv\u00e4skyl\u00e4n [&hellip;]","og_url":"https:\/\/rotary.fi\/jyvaskyla-paijanne\/mita-teemme\/yhteiset-projektit\/","og_site_name":"Jyv\u00e4skyl\u00e4-P\u00e4ij\u00e4nne Rotaryklubi","article_modified_time":"2025-10-20T16:39:44+00:00","twitter_card":"summary_large_image","twitter_misc":{"Arvioitu lukuaika":"2 minuuttia"},"schema":{"@context":"https:\/\/schema.org","@graph":[{"@type":"WebPage","@id":"https:\/\/rotary.fi\/jyvaskyla-paijanne\/mita-teemme\/yhteiset-projektit\/","url":"https:\/\/rotary.fi\/jyvaskyla-paijanne\/mita-teemme\/yhteiset-projektit\/","name":"Yhteiset projektit - Jyv\u00e4skyl\u00e4-P\u00e4ij\u00e4nne Rotaryklubi","isPartOf":{"@id":"https:\/\/rotary.fi\/jyvaskyla-paijanne\/#website"},"datePublished":"2018-08-13T06:49:16+00:00","dateModified":"2025-10-20T16:39:44+00:00","breadcrumb":{"@id":"https:\/\/rotary.fi\/jyvaskyla-paijanne\/mita-teemme\/yhteiset-projektit\/#breadcrumb"},"inLanguage":"fi","potentialAction":[{"@type":"ReadAction","target":["https:\/\/rotary.fi\/jyvaskyla-paijanne\/mita-teemme\/yhteiset-projektit\/"]}]},{"@type":"BreadcrumbList","@id":"https:\/\/rotary.fi\/jyvaskyla-paijanne\/mita-teemme\/yhteiset-projektit\/#breadcrumb","itemListElement":[{"@type":"ListItem","position":1,"name":"Home","item":"https:\/\/rotary.fi\/jyvaskyla-paijanne\/"},{"@type":"ListItem","position":2,"name":"Mit\u00e4 teemme","item":"https:\/\/rotary.fi\/jyvaskyla-paijanne\/mita-teemme\/"},{"@type":"ListItem","position":3,"name":"Yhteiset projektit"}]},{"@type":"WebSite","@id":"https:\/\/rotary.fi\/jyvaskyla-paijanne\/#website","url":"https:\/\/rotary.fi\/jyvaskyla-paijanne\/","name":"Jyv\u00e4skyl\u00e4-P\u00e4ij\u00e4nne Rotaryklubi","description":"Uusi Rotary klubisivusto","potentialAction":[{"@type":"SearchAction","target":{"@type":"EntryPoint","urlTemplate":"https:\/\/rotary.fi\/jyvaskyla-paijanne\/?s={search_term_string}"},"query-input":{"@type":"PropertyValueSpecification","valueRequired":true,"valueName":"search_term_string"}}],"inLanguage":"fi"}]}},"lang":"fi","translations":{"fi":160},"pll_sync_post":[],"_links":{"self":[{"href":"https:\/\/rotary.fi\/jyvaskyla-paijanne\/wp-json\/wp\/v2\/pages\/160","targetHints":{"allow":["GET"]}}],"collection":[{"href":"https:\/\/rotary.fi\/jyvaskyla-paijanne\/wp-json\/wp\/v2\/pages"}],"about":[{"href":"https:\/\/rotary.fi\/jyvaskyla-paijanne\/wp-json\/wp\/v2\/types\/page"}],"author":[{"embeddable":true,"href":"https:\/\/rotary.fi\/jyvaskyla-paijanne\/wp-json\/wp\/v2\/users\/1"}],"replies":[{"embeddable":true,"href":"https:\/\/rotary.fi\/jyvaskyla-paijanne\/wp-json\/wp\/v2\/comments?post=160"}],"version-history":[{"count":8,"href":"https:\/\/rotary.fi\/jyvaskyla-paijanne\/wp-json\/wp\/v2\/pages\/160\/revisions"}],"predecessor-version":[{"id":2031,"href":"https:\/\/rotary.fi\/jyvaskyla-paijanne\/wp-json\/wp\/v2\/pages\/160\/revisions\/2031"}],"up":[{"embeddable":true,"href":"https:\/\/rotary.fi\/jyvaskyla-paijanne\/wp-json\/wp\/v2\/pages\/77"}],"wp:attachment":[{"href":"https:\/\/rotary.fi\/jyvaskyla-paijanne\/wp-json\/wp\/v2\/media?parent=160"}],"curies":[{"name":"wp","href":"https:\/\/api.w.org\/{rel}","templated":true}]}}