{"id":129,"date":"2018-08-10T13:41:39","date_gmt":"2018-08-10T10:41:39","guid":{"rendered":"https:\/\/rotary.fi\/klubi2\/?page_id=129"},"modified":"2026-04-18T06:46:50","modified_gmt":"2026-04-18T03:46:50","slug":"keita-olemme","status":"publish","type":"page","link":"https:\/\/rotary.fi\/jyvaskyla-paijanne\/keita-olemme\/","title":{"rendered":"Keit\u00e4 olemme"},"content":{"rendered":"<p>[et_pb_section fb_built=&#8221;1&#8243; module_class=&#8221;jumbotron-page&#8221; _builder_version=&#8221;4.27.4&#8243; background_image=&#8221;https:\/\/rotary.fi\/jyvaskyla-paijanne\/wp-content\/uploads\/sites\/265\/2018\/08\/rotary_klubit_etusivu_paakuva_3.jpg&#8221; background_position=&#8221;top_center&#8221; background_vertical_offset=&#8221;50%&#8221; global_colors_info=&#8221;{}&#8221;][et_pb_row _builder_version=&#8221;4.16&#8243; background_size=&#8221;initial&#8221; background_position=&#8221;top_left&#8221; background_repeat=&#8221;repeat&#8221; global_colors_info=&#8221;{}&#8221;][et_pb_column type=&#8221;4_4&#8243; _builder_version=&#8221;4.16&#8243; custom_padding=&#8221;|||&#8221; global_colors_info=&#8221;{}&#8221; custom_padding__hover=&#8221;|||&#8221;][et_pb_text admin_label=&#8221;P\u00e4\u00e4otsikko&#8221; _builder_version=&#8221;4.27.4&#8243; text_orientation=&#8221;center&#8221; background_layout=&#8221;dark&#8221; global_colors_info=&#8221;{}&#8221;]<\/p>\n<h1>Keit\u00e4 olemme<\/h1>\n<p>[\/et_pb_text][\/et_pb_column][\/et_pb_row][\/et_pb_section][et_pb_section fb_built=&#8221;1&#8243; specialty=&#8221;on&#8221; module_class_2=&#8221;sivupalkki&#8221; _builder_version=&#8221;4.27.4&#8243; global_colors_info=&#8221;{}&#8221;][et_pb_column type=&#8221;2_3&#8243; specialty_columns=&#8221;2&#8243; _builder_version=&#8221;4.16&#8243; custom_padding=&#8221;|||&#8221; global_colors_info=&#8221;{}&#8221; custom_padding__hover=&#8221;|||&#8221;][et_pb_row_inner admin_label=&#8221;Rivi&#8221; _builder_version=&#8221;4.16&#8243; global_colors_info=&#8221;{}&#8221;][et_pb_column_inner saved_specialty_column_type=&#8221;2_3&#8243; _builder_version=&#8221;4.16&#8243; custom_padding=&#8221;|||&#8221; global_colors_info=&#8221;{}&#8221; custom_padding__hover=&#8221;|||&#8221;][et_pb_text _builder_version=&#8221;4.27.4&#8243; global_colors_info=&#8221;{}&#8221;]<\/p>\n<h5 style=\"text-align: center\">Jyv\u00e4skyl\u00e4-P\u00e4ij\u00e4nne Rotaryklubi<\/h5>\n<p>Jyv\u00e4skyl\u00e4-P\u00e4ij\u00e4nne Rotaryklubi (9872) on jyv\u00e4skyl\u00e4l\u00e4inen L\u00e4nsi-Suomen rotarypiiriin kuuluva aktiivinen rotaryklubi. Se on perustettu 31.10.1958.<\/p>\n<p>Kummiklubimme on <a href=\"http:\/\/piirit.rotary.fi\/1390\/jyvaskyla\/\">Jyv\u00e4skyl\u00e4n Rotaryklubi<\/a>. J\u00e4seni\u00e4 klubissamme on t\u00e4ll\u00e4 hetkell\u00e4 38 henkil\u00f6\u00e4, joista noin puolet on naisia. Kuulumme rotarypiiriin <a href=\"https:\/\/rotary.fi\/d1390\/\">1390<\/a>.<\/p>\n<p>Muita Keski-Suomen alueella toimivia Rotaryklubeja ovat <a href=\"https:\/\/rotary.fi\/jyvaskylalaajavuori\/ajankohtaista\/tapahtumakalenteri\/\">Jyv\u00e4skyl\u00e4-Laajavuoren Rotaryklubi<\/a>,\u00a0<a href=\"https:\/\/rotary.fi\/laukaa\/\">Laukaan Rotaryklubi,<\/a>\u00a0<a href=\"https:\/\/rotary.fi\/muurame\/\">Muuramen Rotaryklubi<\/a> sek\u00e4\u00a0<a href=\"https:\/\/rotary.fi\/petajavesi\/\">Pet\u00e4j\u00e4veden Rotaryklubi<\/a>.\u00a0<a href=\"https:\/\/rotary.fi\/kuusamo\/\">Kuusamon Rotaryklubin<\/a> kanssa j\u00e4rjest\u00e4mme kausittain yhteiskokouksia.<\/p>\n<p>Keskeist\u00e4 toiminnassamme ovat viikoittaiset kokoukset monipuolisine esitelmineen, koko vuoden tai kes\u00e4n l\u00e4pi kest\u00e4v\u00e4t kansainv\u00e4liset nuorisovaihdot sek\u00e4 erilaiset hyv\u00e4ntekev\u00e4isyysprojektit ja vapaaehtoisty\u00f6.<\/p>\n<p>Nuorisovaihto antaa osallistujalleen el\u00e4m\u00e4nik\u00e4isi\u00e4 kasvun kokemuksia ja on samalla loistavaa ruohonjuuritason kansainv\u00e4listymis- ja rauhankasvatusta. Hyv\u00e4ntekev\u00e4isyysprojektit ja vapaaehtoisty\u00f6 puolestaan tukevat t\u00e4rkeit\u00e4 kansallisia sosiaalisen ja yhteiskunnallisen kehitt\u00e4misen tarpeita.<\/p>\n<p>Kansainv\u00e4linen Rotary International ponnistelee maailmanlaajuisten kysymysten \u00e4\u00e4rell\u00e4, muun muassa polion h\u00e4vitt\u00e4miseksi maapallolta. Pelk\u00e4st\u00e4\u00e4n t\u00e4h\u00e4n ty\u00f6h\u00f6n Rotary-j\u00e4rjest\u00f6 on suunnannut runsaasti vapaaehtoisvoimaa sek\u00e4 rahaa jo yli 1,2 miljardia US-dollaria.<\/p>\n<p>Aktiivisina rotareina opimme my\u00f6s Jyv\u00e4skyl\u00e4-P\u00e4ij\u00e4nne Rotaryklubilla jatkuvasti uutta. <em>Vaikutamme, opimme ja viihdymme yhteisten tavoitteiden \u00e4\u00e4rell\u00e4<\/em> kuuluu klubimme motto.<\/p>\n<h5 style=\"text-align: center\">Rotary &#8211; vaikuttava kansainv\u00e4linen verkosto<\/h5>\n<p>Rotary on Chicagossa 23.2.1905 perustettu kansainv\u00e4linen palvelu- ja hyv\u00e4ntekev\u00e4isyysorganisaatio. Rotary Internationalin kotipaikka on Evanston, USA:n osavaltiossa Illinoisissa. Rotarien tunnuslause on <em>Palvelu itsekkyyden edelle<\/em> (Service Above Self).\u00a0T\u00e4n\u00e4 p\u00e4iv\u00e4n\u00e4 Rotaryyn kuuluu 1,2 miljoona j\u00e4sent\u00e4 35 000 klubissa yli 200 maassa. Rotary on merkitt\u00e4v\u00e4 kansainv\u00e4linen palvelu- ja hyv\u00e4ntekev\u00e4isyysj\u00e4rjest\u00f6.<\/p>\n<p>Suomi on jaettu kuuteen rotarypiiriin, joista yhteen kuuluvat my\u00f6s Viron klubit. Suomessa ja Virossa on yhteens\u00e4 300 klubia, joissa on runsaat 10 000 rotaria.<\/p>\n<p>[\/et_pb_text][\/et_pb_column_inner][\/et_pb_row_inner][\/et_pb_column][et_pb_column type=&#8221;1_3&#8243; _builder_version=&#8221;4.16&#8243; custom_padding=&#8221;|||&#8221; global_colors_info=&#8221;{}&#8221; custom_padding__hover=&#8221;|||&#8221;][et_pb_sidebar area=&#8221;sidebar-1&#8243; module_class=&#8221;sivupalkki_sisalto&#8221; _builder_version=&#8221;4.16&#8243; locked=&#8221;on&#8221; global_colors_info=&#8221;{}&#8221;]<\/p>\n<p>[\/et_pb_sidebar][\/et_pb_column][\/et_pb_section]<\/p>\n","protected":false},"excerpt":{"rendered":"<p>Keit\u00e4 olemmeJyv\u00e4skyl\u00e4-P\u00e4ij\u00e4nne Rotaryklubi Jyv\u00e4skyl\u00e4-P\u00e4ij\u00e4nne Rotaryklubi (9872) on jyv\u00e4skyl\u00e4l\u00e4inen L\u00e4nsi-Suomen rotarypiiriin kuuluva aktiivinen rotaryklubi. Se on perustettu 31.10.1958. Kummiklubimme on Jyv\u00e4skyl\u00e4n Rotaryklubi. J\u00e4seni\u00e4 klubissamme on t\u00e4ll\u00e4 hetkell\u00e4 38 henkil\u00f6\u00e4, joista noin puolet on naisia. Kuulumme rotarypiiriin 1390. Muita Keski-Suomen alueella toimivia Rotaryklubeja ovat Jyv\u00e4skyl\u00e4-Laajavuoren Rotaryklubi,\u00a0Laukaan Rotaryklubi,\u00a0Muuramen Rotaryklubi sek\u00e4\u00a0Pet\u00e4j\u00e4veden Rotaryklubi.\u00a0Kuusamon Rotaryklubin kanssa j\u00e4rjest\u00e4mme kausittain yhteiskokouksia. Keskeist\u00e4 toiminnassamme [&hellip;]<\/p>\n","protected":false},"author":1,"featured_media":0,"parent":0,"menu_order":0,"comment_status":"closed","ping_status":"closed","template":"","meta":{"_acf_changed":false,"_et_pb_use_builder":"on","_et_pb_old_content":"","_et_gb_content_width":"","footnotes":""},"class_list":["post-129","page","type-page","status-publish","hentry"],"acf":[],"yoast_head":"<!-- This site is optimized with the Yoast SEO plugin v27.4 - https:\/\/yoast.com\/product\/yoast-seo-wordpress\/ -->\n<title>Keit\u00e4 olemme - Jyv\u00e4skyl\u00e4-P\u00e4ij\u00e4nne Rotaryklubi<\/title>\n<meta name=\"robots\" content=\"index, follow, max-snippet:-1, max-image-preview:large, max-video-preview:-1\" \/>\n<link rel=\"canonical\" href=\"https:\/\/rotary.fi\/jyvaskyla-paijanne\/keita-olemme\/\" \/>\n<meta property=\"og:locale\" content=\"fi_FI\" \/>\n<meta property=\"og:type\" content=\"article\" \/>\n<meta property=\"og:title\" content=\"Keit\u00e4 olemme - Jyv\u00e4skyl\u00e4-P\u00e4ij\u00e4nne Rotaryklubi\" \/>\n<meta property=\"og:description\" content=\"Keit\u00e4 olemmeJyv\u00e4skyl\u00e4-P\u00e4ij\u00e4nne Rotaryklubi Jyv\u00e4skyl\u00e4-P\u00e4ij\u00e4nne Rotaryklubi (9872) on jyv\u00e4skyl\u00e4l\u00e4inen L\u00e4nsi-Suomen rotarypiiriin kuuluva aktiivinen rotaryklubi. Se on perustettu 31.10.1958. Kummiklubimme on Jyv\u00e4skyl\u00e4n Rotaryklubi. J\u00e4seni\u00e4 klubissamme on t\u00e4ll\u00e4 hetkell\u00e4 38 henkil\u00f6\u00e4, joista noin puolet on naisia. Kuulumme rotarypiiriin 1390. Muita Keski-Suomen alueella toimivia Rotaryklubeja ovat Jyv\u00e4skyl\u00e4-Laajavuoren Rotaryklubi,\u00a0Laukaan Rotaryklubi,\u00a0Muuramen Rotaryklubi sek\u00e4\u00a0Pet\u00e4j\u00e4veden Rotaryklubi.\u00a0Kuusamon Rotaryklubin kanssa j\u00e4rjest\u00e4mme kausittain yhteiskokouksia. Keskeist\u00e4 toiminnassamme [&hellip;]\" \/>\n<meta property=\"og:url\" content=\"https:\/\/rotary.fi\/jyvaskyla-paijanne\/keita-olemme\/\" \/>\n<meta property=\"og:site_name\" content=\"Jyv\u00e4skyl\u00e4-P\u00e4ij\u00e4nne Rotaryklubi\" \/>\n<meta property=\"article:modified_time\" content=\"2026-04-18T03:46:50+00:00\" \/>\n<meta name=\"twitter:card\" content=\"summary_large_image\" \/>\n<meta name=\"twitter:label1\" content=\"Arvioitu lukuaika\" \/>\n\t<meta name=\"twitter:data1\" content=\"2 minuuttia\" \/>\n<script type=\"application\/ld+json\" class=\"yoast-schema-graph\">{\"@context\":\"https:\\\/\\\/schema.org\",\"@graph\":[{\"@type\":\"WebPage\",\"@id\":\"https:\\\/\\\/rotary.fi\\\/jyvaskyla-paijanne\\\/keita-olemme\\\/\",\"url\":\"https:\\\/\\\/rotary.fi\\\/jyvaskyla-paijanne\\\/keita-olemme\\\/\",\"name\":\"Keit\u00e4 olemme - Jyv\u00e4skyl\u00e4-P\u00e4ij\u00e4nne Rotaryklubi\",\"isPartOf\":{\"@id\":\"https:\\\/\\\/rotary.fi\\\/jyvaskyla-paijanne\\\/#website\"},\"datePublished\":\"2018-08-10T10:41:39+00:00\",\"dateModified\":\"2026-04-18T03:46:50+00:00\",\"breadcrumb\":{\"@id\":\"https:\\\/\\\/rotary.fi\\\/jyvaskyla-paijanne\\\/keita-olemme\\\/#breadcrumb\"},\"inLanguage\":\"fi\",\"potentialAction\":[{\"@type\":\"ReadAction\",\"target\":[\"https:\\\/\\\/rotary.fi\\\/jyvaskyla-paijanne\\\/keita-olemme\\\/\"]}]},{\"@type\":\"BreadcrumbList\",\"@id\":\"https:\\\/\\\/rotary.fi\\\/jyvaskyla-paijanne\\\/keita-olemme\\\/#breadcrumb\",\"itemListElement\":[{\"@type\":\"ListItem\",\"position\":1,\"name\":\"Home\",\"item\":\"https:\\\/\\\/rotary.fi\\\/jyvaskyla-paijanne\\\/\"},{\"@type\":\"ListItem\",\"position\":2,\"name\":\"Keit\u00e4 olemme\"}]},{\"@type\":\"WebSite\",\"@id\":\"https:\\\/\\\/rotary.fi\\\/jyvaskyla-paijanne\\\/#website\",\"url\":\"https:\\\/\\\/rotary.fi\\\/jyvaskyla-paijanne\\\/\",\"name\":\"Jyv\u00e4skyl\u00e4-P\u00e4ij\u00e4nne Rotaryklubi\",\"description\":\"Uusi Rotary klubisivusto\",\"potentialAction\":[{\"@type\":\"SearchAction\",\"target\":{\"@type\":\"EntryPoint\",\"urlTemplate\":\"https:\\\/\\\/rotary.fi\\\/jyvaskyla-paijanne\\\/?s={search_term_string}\"},\"query-input\":{\"@type\":\"PropertyValueSpecification\",\"valueRequired\":true,\"valueName\":\"search_term_string\"}}],\"inLanguage\":\"fi\"}]}<\/script>\n<!-- \/ Yoast SEO plugin. -->","yoast_head_json":{"title":"Keit\u00e4 olemme - Jyv\u00e4skyl\u00e4-P\u00e4ij\u00e4nne Rotaryklubi","robots":{"index":"index","follow":"follow","max-snippet":"max-snippet:-1","max-image-preview":"max-image-preview:large","max-video-preview":"max-video-preview:-1"},"canonical":"https:\/\/rotary.fi\/jyvaskyla-paijanne\/keita-olemme\/","og_locale":"fi_FI","og_type":"article","og_title":"Keit\u00e4 olemme - Jyv\u00e4skyl\u00e4-P\u00e4ij\u00e4nne Rotaryklubi","og_description":"Keit\u00e4 olemmeJyv\u00e4skyl\u00e4-P\u00e4ij\u00e4nne Rotaryklubi Jyv\u00e4skyl\u00e4-P\u00e4ij\u00e4nne Rotaryklubi (9872) on jyv\u00e4skyl\u00e4l\u00e4inen L\u00e4nsi-Suomen rotarypiiriin kuuluva aktiivinen rotaryklubi. Se on perustettu 31.10.1958. Kummiklubimme on Jyv\u00e4skyl\u00e4n Rotaryklubi. J\u00e4seni\u00e4 klubissamme on t\u00e4ll\u00e4 hetkell\u00e4 38 henkil\u00f6\u00e4, joista noin puolet on naisia. Kuulumme rotarypiiriin 1390. Muita Keski-Suomen alueella toimivia Rotaryklubeja ovat Jyv\u00e4skyl\u00e4-Laajavuoren Rotaryklubi,\u00a0Laukaan Rotaryklubi,\u00a0Muuramen Rotaryklubi sek\u00e4\u00a0Pet\u00e4j\u00e4veden Rotaryklubi.\u00a0Kuusamon Rotaryklubin kanssa j\u00e4rjest\u00e4mme kausittain yhteiskokouksia. Keskeist\u00e4 toiminnassamme [&hellip;]","og_url":"https:\/\/rotary.fi\/jyvaskyla-paijanne\/keita-olemme\/","og_site_name":"Jyv\u00e4skyl\u00e4-P\u00e4ij\u00e4nne Rotaryklubi","article_modified_time":"2026-04-18T03:46:50+00:00","twitter_card":"summary_large_image","twitter_misc":{"Arvioitu lukuaika":"2 minuuttia"},"schema":{"@context":"https:\/\/schema.org","@graph":[{"@type":"WebPage","@id":"https:\/\/rotary.fi\/jyvaskyla-paijanne\/keita-olemme\/","url":"https:\/\/rotary.fi\/jyvaskyla-paijanne\/keita-olemme\/","name":"Keit\u00e4 olemme - Jyv\u00e4skyl\u00e4-P\u00e4ij\u00e4nne Rotaryklubi","isPartOf":{"@id":"https:\/\/rotary.fi\/jyvaskyla-paijanne\/#website"},"datePublished":"2018-08-10T10:41:39+00:00","dateModified":"2026-04-18T03:46:50+00:00","breadcrumb":{"@id":"https:\/\/rotary.fi\/jyvaskyla-paijanne\/keita-olemme\/#breadcrumb"},"inLanguage":"fi","potentialAction":[{"@type":"ReadAction","target":["https:\/\/rotary.fi\/jyvaskyla-paijanne\/keita-olemme\/"]}]},{"@type":"BreadcrumbList","@id":"https:\/\/rotary.fi\/jyvaskyla-paijanne\/keita-olemme\/#breadcrumb","itemListElement":[{"@type":"ListItem","position":1,"name":"Home","item":"https:\/\/rotary.fi\/jyvaskyla-paijanne\/"},{"@type":"ListItem","position":2,"name":"Keit\u00e4 olemme"}]},{"@type":"WebSite","@id":"https:\/\/rotary.fi\/jyvaskyla-paijanne\/#website","url":"https:\/\/rotary.fi\/jyvaskyla-paijanne\/","name":"Jyv\u00e4skyl\u00e4-P\u00e4ij\u00e4nne Rotaryklubi","description":"Uusi Rotary klubisivusto","potentialAction":[{"@type":"SearchAction","target":{"@type":"EntryPoint","urlTemplate":"https:\/\/rotary.fi\/jyvaskyla-paijanne\/?s={search_term_string}"},"query-input":{"@type":"PropertyValueSpecification","valueRequired":true,"valueName":"search_term_string"}}],"inLanguage":"fi"}]}},"lang":"fi","translations":{"fi":129},"pll_sync_post":[],"_links":{"self":[{"href":"https:\/\/rotary.fi\/jyvaskyla-paijanne\/wp-json\/wp\/v2\/pages\/129","targetHints":{"allow":["GET"]}}],"collection":[{"href":"https:\/\/rotary.fi\/jyvaskyla-paijanne\/wp-json\/wp\/v2\/pages"}],"about":[{"href":"https:\/\/rotary.fi\/jyvaskyla-paijanne\/wp-json\/wp\/v2\/types\/page"}],"author":[{"embeddable":true,"href":"https:\/\/rotary.fi\/jyvaskyla-paijanne\/wp-json\/wp\/v2\/users\/1"}],"replies":[{"embeddable":true,"href":"https:\/\/rotary.fi\/jyvaskyla-paijanne\/wp-json\/wp\/v2\/comments?post=129"}],"version-history":[{"count":12,"href":"https:\/\/rotary.fi\/jyvaskyla-paijanne\/wp-json\/wp\/v2\/pages\/129\/revisions"}],"predecessor-version":[{"id":2150,"href":"https:\/\/rotary.fi\/jyvaskyla-paijanne\/wp-json\/wp\/v2\/pages\/129\/revisions\/2150"}],"wp:attachment":[{"href":"https:\/\/rotary.fi\/jyvaskyla-paijanne\/wp-json\/wp\/v2\/media?parent=129"}],"curies":[{"name":"wp","href":"https:\/\/api.w.org\/{rel}","templated":true}]}}