{"id":132,"date":"2018-08-10T13:59:56","date_gmt":"2018-08-10T10:59:56","guid":{"rendered":"https:\/\/rotary.fi\/klubi2\/?page_id=132"},"modified":"2026-01-24T10:24:03","modified_gmt":"2026-01-24T08:24:03","slug":"hallitus-ja-toimihenkilot","status":"publish","type":"page","link":"https:\/\/rotary.fi\/jussinkylanrotaryklubi\/keita-olemme\/hallitus-ja-toimihenkilot\/","title":{"rendered":"Hallitus ja toimihenkil\u00f6t"},"content":{"rendered":"<p>[et_pb_section fb_built=&#8221;1&#8243; module_class=&#8221;jumbotron-page&#8221; _builder_version=&#8221;4.16&#8243; background_image=&#8221;https:\/\/rotary.fi\/jussinkylanrotaryklubi\/wp-content\/uploads\/sites\/81\/2018\/10\/rotary_klubit_alasivu_paakuva_12.jpg&#8221; collapsed=&#8221;off&#8221; global_colors_info=&#8221;{}&#8221;][et_pb_row _builder_version=&#8221;4.16&#8243; background_size=&#8221;initial&#8221; background_position=&#8221;top_left&#8221; background_repeat=&#8221;repeat&#8221; collapsed=&#8221;off&#8221; global_colors_info=&#8221;{}&#8221;][et_pb_column type=&#8221;4_4&#8243; _builder_version=&#8221;4.16&#8243; custom_padding=&#8221;|||&#8221; global_colors_info=&#8221;{}&#8221; custom_padding__hover=&#8221;|||&#8221;][et_pb_text admin_label=&#8221;P\u00e4\u00e4otsikko&#8221; _builder_version=&#8221;4.16&#8243; text_orientation=&#8221;center&#8221; background_layout=&#8221;dark&#8221; global_colors_info=&#8221;{}&#8221;]<\/p>\n<h1>Hallitus ja toimihenkil\u00f6t<\/h1>\n<p>[\/et_pb_text][\/et_pb_column][\/et_pb_row][\/et_pb_section][et_pb_section fb_built=&#8221;1&#8243; specialty=&#8221;on&#8221; module_class_2=&#8221;sivupalkki&#8221; _builder_version=&#8221;4.16&#8243; inner_max_width=&#8221;none&#8221; custom_padding=&#8221;|3px||||&#8221; global_colors_info=&#8221;{}&#8221;][et_pb_column type=&#8221;2_3&#8243; specialty_columns=&#8221;2&#8243; _builder_version=&#8221;4.16&#8243; custom_padding=&#8221;|||&#8221; global_colors_info=&#8221;{}&#8221; custom_padding__hover=&#8221;|||&#8221;][et_pb_row_inner admin_label=&#8221;Rivi&#8221; _builder_version=&#8221;4.16&#8243; global_colors_info=&#8221;{}&#8221;][et_pb_column_inner saved_specialty_column_type=&#8221;2_3&#8243; _builder_version=&#8221;4.16&#8243; custom_padding=&#8221;|||&#8221; global_colors_info=&#8221;{}&#8221; custom_padding__hover=&#8221;|||&#8221;][et_pb_text admin_label=&#8221;Otsikko&#8221; _builder_version=&#8221;4.16&#8243; text_orientation=&#8221;center&#8221; global_colors_info=&#8221;{}&#8221;]<\/p>\n<h1>Hallitus ja toimihenkil\u00f6t<\/h1>\n<p>[\/et_pb_text][\/et_pb_column_inner][\/et_pb_row_inner][et_pb_row_inner column_structure=&#8221;1_3,1_3,1_3&#8243; admin_label=&#8221;Rivi&#8221; _builder_version=&#8221;4.16&#8243; global_colors_info=&#8221;{}&#8221;][et_pb_column_inner type=&#8221;1_3&#8243; saved_specialty_column_type=&#8221;2_3&#8243; _builder_version=&#8221;4.16&#8243; custom_padding=&#8221;|||&#8221; global_colors_info=&#8221;{}&#8221; custom_padding__hover=&#8221;|||&#8221;][et_pb_text admin_label=&#8221;Teksti&#8221; _builder_version=&#8221;4.16&#8243; z_index_tablet=&#8221;500&#8243; global_colors_info=&#8221;{}&#8221;]<\/p>\n<h2><\/h2>\n<p>&nbsp;<\/p>\n<h2>Hallitus (korostettuna) ja toimihenkil\u00f6t 2025-2026<\/h2>\n<p>&nbsp;<\/p>\n<table style=\"height: 669px;width: 607px\" rules=\"NONE\" cellspacing=\"0\" border=\"0\">\n<colgroup>\n<col width=\"191\" \/>\n<col width=\"116\" \/><\/colgroup>\n<tbody>\n<tr>\n<td style=\"width: 305.797px\" height=\"17\" align=\"LEFT\"><b>Presidentti<\/b><\/td>\n<td style=\"width: 300.203px\" align=\"LEFT\"><strong><span style=\"font-size: 12pt;color: #3b3b3b;font-style: normal;font-variant: normal\">Ovaskainen Jari<\/span><\/strong><\/td>\n<\/tr>\n<tr>\n<td style=\"width: 305.797px\" height=\"17\" align=\"LEFT\"><b>Tuleva presidentti<\/b><\/td>\n<td style=\"width: 300.203px\" align=\"LEFT\"><strong>Mattila Jouni<\/strong><\/td>\n<\/tr>\n<tr>\n<td style=\"width: 305.797px\" height=\"17\" align=\"LEFT\"><b>Varapresidentti<\/b><\/td>\n<td style=\"width: 300.203px\" align=\"LEFT\"><\/td>\n<\/tr>\n<tr>\n<td style=\"width: 305.797px\" height=\"17\" align=\"LEFT\"><b>Edellinen presidentti<\/b><\/td>\n<td style=\"width: 300.203px\" align=\"LEFT\"><span style=\"font-size: 12pt;color: #3b3b3b;font-style: normal;font-variant: normal\"><b>Kantola Heikki<\/b><\/span><\/td>\n<\/tr>\n<tr>\n<td style=\"width: 305.797px\" height=\"17\" align=\"LEFT\"><b>1. Sihteeri<\/b><\/td>\n<td style=\"width: 300.203px\" align=\"LEFT\"><strong><span style=\"font-size: 12pt;color: #3b3b3b;font-style: normal;font-variant: normal\">Ehder-Gahm Matti<\/span><\/strong><\/td>\n<\/tr>\n<tr>\n<td style=\"width: 305.797px\" height=\"17\" align=\"LEFT\">\n<p>2. Sihteeri<span style=\"font-size: 16px\">\u00a0<\/span><\/p>\n<\/td>\n<td style=\"width: 300.203px\" align=\"LEFT\">\n<p>Korhonen Juha<\/p>\n<\/td>\n<\/tr>\n<tr>\n<td style=\"width: 305.797px\" height=\"17\" align=\"LEFT\">\n<p><b>Rahastonhoitaja<\/b><\/p>\n<\/td>\n<td style=\"width: 300.203px\" align=\"LEFT\"><b>Rantanen Mikko<\/b><\/td>\n<\/tr>\n<tr>\n<td style=\"width: 305.797px\" height=\"17\" align=\"LEFT\"><b>1. Klubimestari<\/b><\/td>\n<td style=\"width: 300.203px\" align=\"LEFT\"><b><strong><span style=\"font-size: 12pt;color: #3b3b3b;font-style: normal;font-variant: normal\">Jyrkinen Jorma<\/span><\/strong><\/b><\/td>\n<\/tr>\n<tr>\n<td style=\"width: 305.797px\" height=\"17\" align=\"LEFT\">2. Klubimestari<\/td>\n<td style=\"width: 300.203px\" align=\"LEFT\">Uosukainen Petri<\/td>\n<\/tr>\n<tr>\n<td style=\"width: 305.797px\" height=\"17\" align=\"LEFT\"><b>Nuorisovaihto<\/b><\/td>\n<td style=\"width: 300.203px\" align=\"LEFT\"><b>V\u00e4h\u00e4maa Raimo<\/b><\/td>\n<\/tr>\n<tr>\n<td style=\"width: 305.797px\" height=\"17\" align=\"LEFT\">lT-vastaava<\/td>\n<td style=\"width: 300.203px\" align=\"LEFT\">Hietam\u00e4ki Jouni<\/td>\n<\/tr>\n<tr>\n<td style=\"width: 305.797px\" height=\"17\" align=\"LEFT\"><b>Rotarys\u00e4\u00e4ti\u00f6asiamies<\/b><\/td>\n<td style=\"width: 300.203px\" align=\"LEFT\"><strong>Syrj\u00e4l\u00e4inen Harri<\/strong><\/td>\n<\/tr>\n<tr>\n<td style=\"width: 305.797px\" height=\"17\" align=\"LEFT\"><b>Ohjelmakomitea<\/b><\/td>\n<td style=\"width: 300.203px\" align=\"LEFT\"><strong><span style=\"font-size: 12pt;color: #3b3b3b;font-style: normal;font-variant: normal\">Miettinen Jarkko<\/span><\/strong><\/td>\n<\/tr>\n<tr>\n<td style=\"width: 305.797px\" height=\"17\" align=\"LEFT\"><\/td>\n<td style=\"width: 300.203px\" align=\"LEFT\"><span style=\"font-size: 12pt;color: #3b3b3b;font-style: normal;font-variant: normal\">Rosenqvist Hannu<\/span><\/td>\n<\/tr>\n<tr>\n<td style=\"width: 305.797px\" height=\"17\" align=\"LEFT\"><\/td>\n<td style=\"width: 300.203px\" align=\"LEFT\"><span style=\"font-size: 12pt;color: #3b3b3b;font-style: normal;font-variant: normal\">Pohjoism\u00e4ki Ilkka<\/span><\/td>\n<\/tr>\n<tr>\n<td style=\"width: 305.797px\" height=\"17\" align=\"LEFT\"><strong>Julkisuuskomitea<\/strong><\/td>\n<td style=\"width: 300.203px\" align=\"LEFT\"><span style=\"font-size: 12pt;color: #3b3b3b;font-style: normal;font-variant: normal\"><b>Somppi Tapio<\/b><\/span><\/td>\n<\/tr>\n<tr>\n<td style=\"width: 305.797px\" height=\"17\" align=\"LEFT\"><\/td>\n<td style=\"width: 300.203px\" align=\"LEFT\">Virtanen Antero<\/td>\n<\/tr>\n<tr>\n<td style=\"width: 305.797px\" height=\"17\" align=\"LEFT\"><\/td>\n<td style=\"width: 300.203px\" align=\"LEFT\">\n<p>V\u00e4\u00e4n\u00e4nen Pentti<\/p>\n<\/td>\n<\/tr>\n<tr>\n<td style=\"width: 305.797px\" height=\"17\" align=\"LEFT\">\n<p>&nbsp;<\/p>\n<\/td>\n<td style=\"width: 300.203px\" align=\"LEFT\">\n<p>Mattila Jouni<\/p>\n<\/td>\n<\/tr>\n<tr>\n<td style=\"width: 305.797px\" height=\"17\" align=\"LEFT\"><b>J\u00e4senyyskomitea<\/b><\/td>\n<td style=\"width: 300.203px\" align=\"LEFT\"><strong>Keskinen Timo<\/strong><\/td>\n<\/tr>\n<tr>\n<td style=\"width: 305.797px\" height=\"17\" align=\"LEFT\">Turva-asiamies<\/td>\n<td style=\"width: 300.203px\" align=\"LEFT\">Uusi-Pietil\u00e4 Mika<\/td>\n<\/tr>\n<tr>\n<td style=\"width: 305.797px\" height=\"17\" align=\"LEFT\">Toiminnantarkastaja<\/td>\n<td style=\"width: 300.203px\" align=\"LEFT\">Virtanen Antero<\/td>\n<\/tr>\n<tr>\n<td style=\"width: 305.797px\" height=\"17\" align=\"LEFT\">Toiminnantarkastajan sijainen<\/td>\n<td style=\"width: 300.203px\" align=\"LEFT\"><span style=\"font-size: 12pt;color: #3b3b3b;font-style: normal;font-variant: normal\">V\u00e4\u00e4n\u00e4nen Pentti<\/span><\/td>\n<\/tr>\n<\/tbody>\n<\/table>\n<p>&nbsp;<\/p>\n<p>[\/et_pb_text][\/et_pb_column_inner][et_pb_column_inner type=&#8221;1_3&#8243; _builder_version=&#8221;4.16&#8243; _module_preset=&#8221;default&#8221; global_colors_info=&#8221;{}&#8221;][\/et_pb_column_inner][et_pb_column_inner type=&#8221;1_3&#8243; saved_specialty_column_type=&#8221;2_3&#8243; _builder_version=&#8221;4.16&#8243; custom_padding=&#8221;|||&#8221; global_colors_info=&#8221;{}&#8221; custom_padding__hover=&#8221;|||&#8221;][\/et_pb_column_inner][\/et_pb_row_inner][\/et_pb_column][et_pb_column type=&#8221;1_3&#8243; _builder_version=&#8221;4.16&#8243; custom_padding=&#8221;|||&#8221; global_colors_info=&#8221;{}&#8221; custom_padding__hover=&#8221;|||&#8221;][et_pb_sidebar area=&#8221;sidebar-1&#8243; module_class=&#8221;sivupalkki_sisalto&#8221; _builder_version=&#8221;4.16&#8243; locked=&#8221;on&#8221; global_colors_info=&#8221;{}&#8221;]<br \/>\n[\/et_pb_sidebar][\/et_pb_column][\/et_pb_section]<\/p>\n","protected":false},"excerpt":{"rendered":"<p>Hallitus ja toimihenkil\u00f6t Hallitus ja toimihenkil\u00f6t &nbsp; Hallitus (korostettuna) ja toimihenkil\u00f6t 2025-2026 &nbsp; Presidentti Ovaskainen Jari Tuleva presidentti Mattila Jouni Varapresidentti Edellinen presidentti Kantola Heikki 1. Sihteeri Ehder-Gahm Matti 2. Sihteeri\u00a0 Korhonen Juha Rahastonhoitaja Rantanen Mikko 1. Klubimestari Jyrkinen Jorma 2. Klubimestari Uosukainen Petri Nuorisovaihto V\u00e4h\u00e4maa Raimo lT-vastaava Hietam\u00e4ki Jouni Rotarys\u00e4\u00e4ti\u00f6asiamies Syrj\u00e4l\u00e4inen Harri Ohjelmakomitea Miettinen [&hellip;]<\/p>\n","protected":false},"author":1,"featured_media":0,"parent":129,"menu_order":0,"comment_status":"closed","ping_status":"closed","template":"","meta":{"_acf_changed":false,"_et_pb_use_builder":"on","_et_pb_old_content":"","_et_gb_content_width":"","footnotes":""},"class_list":["post-132","page","type-page","status-publish","hentry"],"acf":[],"yoast_head":"<!-- This site is optimized with the Yoast SEO plugin v27.0 - https:\/\/yoast.com\/product\/yoast-seo-wordpress\/ -->\n<title>Hallitus ja toimihenkil\u00f6t - Tampere-Jussinkyl\u00e4n Rotaryklubi<\/title>\n<meta name=\"robots\" content=\"index, follow, max-snippet:-1, max-image-preview:large, max-video-preview:-1\" \/>\n<link rel=\"canonical\" href=\"https:\/\/rotary.fi\/jussinkylanrotaryklubi\/keita-olemme\/hallitus-ja-toimihenkilot\/\" \/>\n<meta property=\"og:locale\" content=\"fi_FI\" \/>\n<meta property=\"og:type\" content=\"article\" \/>\n<meta property=\"og:title\" content=\"Hallitus ja toimihenkil\u00f6t - Tampere-Jussinkyl\u00e4n Rotaryklubi\" \/>\n<meta property=\"og:description\" content=\"Hallitus ja toimihenkil\u00f6t Hallitus ja toimihenkil\u00f6t &nbsp; Hallitus (korostettuna) ja toimihenkil\u00f6t 2025-2026 &nbsp; Presidentti Ovaskainen Jari Tuleva presidentti Mattila Jouni Varapresidentti Edellinen presidentti Kantola Heikki 1. Sihteeri Ehder-Gahm Matti 2. Sihteeri\u00a0 Korhonen Juha Rahastonhoitaja Rantanen Mikko 1. Klubimestari Jyrkinen Jorma 2. Klubimestari Uosukainen Petri Nuorisovaihto V\u00e4h\u00e4maa Raimo lT-vastaava Hietam\u00e4ki Jouni Rotarys\u00e4\u00e4ti\u00f6asiamies Syrj\u00e4l\u00e4inen Harri Ohjelmakomitea Miettinen [&hellip;]\" \/>\n<meta property=\"og:url\" content=\"https:\/\/rotary.fi\/jussinkylanrotaryklubi\/keita-olemme\/hallitus-ja-toimihenkilot\/\" \/>\n<meta property=\"og:site_name\" content=\"Tampere-Jussinkyl\u00e4n Rotaryklubi\" \/>\n<meta property=\"article:modified_time\" content=\"2026-01-24T08:24:03+00:00\" \/>\n<meta name=\"twitter:card\" content=\"summary_large_image\" \/>\n<script type=\"application\/ld+json\" class=\"yoast-schema-graph\">{\"@context\":\"https:\/\/schema.org\",\"@graph\":[{\"@type\":\"WebPage\",\"@id\":\"https:\/\/rotary.fi\/jussinkylanrotaryklubi\/keita-olemme\/hallitus-ja-toimihenkilot\/\",\"url\":\"https:\/\/rotary.fi\/jussinkylanrotaryklubi\/keita-olemme\/hallitus-ja-toimihenkilot\/\",\"name\":\"Hallitus ja toimihenkil\u00f6t - Tampere-Jussinkyl\u00e4n Rotaryklubi\",\"isPartOf\":{\"@id\":\"https:\/\/rotary.fi\/jussinkylanrotaryklubi\/#website\"},\"datePublished\":\"2018-08-10T10:59:56+00:00\",\"dateModified\":\"2026-01-24T08:24:03+00:00\",\"breadcrumb\":{\"@id\":\"https:\/\/rotary.fi\/jussinkylanrotaryklubi\/keita-olemme\/hallitus-ja-toimihenkilot\/#breadcrumb\"},\"inLanguage\":\"fi\",\"potentialAction\":[{\"@type\":\"ReadAction\",\"target\":[\"https:\/\/rotary.fi\/jussinkylanrotaryklubi\/keita-olemme\/hallitus-ja-toimihenkilot\/\"]}]},{\"@type\":\"BreadcrumbList\",\"@id\":\"https:\/\/rotary.fi\/jussinkylanrotaryklubi\/keita-olemme\/hallitus-ja-toimihenkilot\/#breadcrumb\",\"itemListElement\":[{\"@type\":\"ListItem\",\"position\":1,\"name\":\"Home\",\"item\":\"https:\/\/rotary.fi\/jussinkylanrotaryklubi\/\"},{\"@type\":\"ListItem\",\"position\":2,\"name\":\"Keit\u00e4 olemme\",\"item\":\"https:\/\/rotary.fi\/jussinkylanrotaryklubi\/keita-olemme\/\"},{\"@type\":\"ListItem\",\"position\":3,\"name\":\"Hallitus ja toimihenkil\u00f6t\"}]},{\"@type\":\"WebSite\",\"@id\":\"https:\/\/rotary.fi\/jussinkylanrotaryklubi\/#website\",\"url\":\"https:\/\/rotary.fi\/jussinkylanrotaryklubi\/\",\"name\":\"Tampere-Jussinkyl\u00e4n Rotaryklubi\",\"description\":\"Uusi Rotary klubisivusto\",\"potentialAction\":[{\"@type\":\"SearchAction\",\"target\":{\"@type\":\"EntryPoint\",\"urlTemplate\":\"https:\/\/rotary.fi\/jussinkylanrotaryklubi\/?s={search_term_string}\"},\"query-input\":{\"@type\":\"PropertyValueSpecification\",\"valueRequired\":true,\"valueName\":\"search_term_string\"}}],\"inLanguage\":\"fi\"}]}<\/script>\n<!-- \/ Yoast SEO plugin. -->","yoast_head_json":{"title":"Hallitus ja toimihenkil\u00f6t - Tampere-Jussinkyl\u00e4n Rotaryklubi","robots":{"index":"index","follow":"follow","max-snippet":"max-snippet:-1","max-image-preview":"max-image-preview:large","max-video-preview":"max-video-preview:-1"},"canonical":"https:\/\/rotary.fi\/jussinkylanrotaryklubi\/keita-olemme\/hallitus-ja-toimihenkilot\/","og_locale":"fi_FI","og_type":"article","og_title":"Hallitus ja toimihenkil\u00f6t - Tampere-Jussinkyl\u00e4n Rotaryklubi","og_description":"Hallitus ja toimihenkil\u00f6t Hallitus ja toimihenkil\u00f6t &nbsp; Hallitus (korostettuna) ja toimihenkil\u00f6t 2025-2026 &nbsp; Presidentti Ovaskainen Jari Tuleva presidentti Mattila Jouni Varapresidentti Edellinen presidentti Kantola Heikki 1. Sihteeri Ehder-Gahm Matti 2. Sihteeri\u00a0 Korhonen Juha Rahastonhoitaja Rantanen Mikko 1. Klubimestari Jyrkinen Jorma 2. Klubimestari Uosukainen Petri Nuorisovaihto V\u00e4h\u00e4maa Raimo lT-vastaava Hietam\u00e4ki Jouni Rotarys\u00e4\u00e4ti\u00f6asiamies Syrj\u00e4l\u00e4inen Harri Ohjelmakomitea Miettinen [&hellip;]","og_url":"https:\/\/rotary.fi\/jussinkylanrotaryklubi\/keita-olemme\/hallitus-ja-toimihenkilot\/","og_site_name":"Tampere-Jussinkyl\u00e4n Rotaryklubi","article_modified_time":"2026-01-24T08:24:03+00:00","twitter_card":"summary_large_image","schema":{"@context":"https:\/\/schema.org","@graph":[{"@type":"WebPage","@id":"https:\/\/rotary.fi\/jussinkylanrotaryklubi\/keita-olemme\/hallitus-ja-toimihenkilot\/","url":"https:\/\/rotary.fi\/jussinkylanrotaryklubi\/keita-olemme\/hallitus-ja-toimihenkilot\/","name":"Hallitus ja toimihenkil\u00f6t - Tampere-Jussinkyl\u00e4n Rotaryklubi","isPartOf":{"@id":"https:\/\/rotary.fi\/jussinkylanrotaryklubi\/#website"},"datePublished":"2018-08-10T10:59:56+00:00","dateModified":"2026-01-24T08:24:03+00:00","breadcrumb":{"@id":"https:\/\/rotary.fi\/jussinkylanrotaryklubi\/keita-olemme\/hallitus-ja-toimihenkilot\/#breadcrumb"},"inLanguage":"fi","potentialAction":[{"@type":"ReadAction","target":["https:\/\/rotary.fi\/jussinkylanrotaryklubi\/keita-olemme\/hallitus-ja-toimihenkilot\/"]}]},{"@type":"BreadcrumbList","@id":"https:\/\/rotary.fi\/jussinkylanrotaryklubi\/keita-olemme\/hallitus-ja-toimihenkilot\/#breadcrumb","itemListElement":[{"@type":"ListItem","position":1,"name":"Home","item":"https:\/\/rotary.fi\/jussinkylanrotaryklubi\/"},{"@type":"ListItem","position":2,"name":"Keit\u00e4 olemme","item":"https:\/\/rotary.fi\/jussinkylanrotaryklubi\/keita-olemme\/"},{"@type":"ListItem","position":3,"name":"Hallitus ja toimihenkil\u00f6t"}]},{"@type":"WebSite","@id":"https:\/\/rotary.fi\/jussinkylanrotaryklubi\/#website","url":"https:\/\/rotary.fi\/jussinkylanrotaryklubi\/","name":"Tampere-Jussinkyl\u00e4n Rotaryklubi","description":"Uusi Rotary klubisivusto","potentialAction":[{"@type":"SearchAction","target":{"@type":"EntryPoint","urlTemplate":"https:\/\/rotary.fi\/jussinkylanrotaryklubi\/?s={search_term_string}"},"query-input":{"@type":"PropertyValueSpecification","valueRequired":true,"valueName":"search_term_string"}}],"inLanguage":"fi"}]}},"lang":"fi","translations":{"fi":132},"pll_sync_post":[],"_links":{"self":[{"href":"https:\/\/rotary.fi\/jussinkylanrotaryklubi\/wp-json\/wp\/v2\/pages\/132","targetHints":{"allow":["GET"]}}],"collection":[{"href":"https:\/\/rotary.fi\/jussinkylanrotaryklubi\/wp-json\/wp\/v2\/pages"}],"about":[{"href":"https:\/\/rotary.fi\/jussinkylanrotaryklubi\/wp-json\/wp\/v2\/types\/page"}],"author":[{"embeddable":true,"href":"https:\/\/rotary.fi\/jussinkylanrotaryklubi\/wp-json\/wp\/v2\/users\/1"}],"replies":[{"embeddable":true,"href":"https:\/\/rotary.fi\/jussinkylanrotaryklubi\/wp-json\/wp\/v2\/comments?post=132"}],"version-history":[{"count":10,"href":"https:\/\/rotary.fi\/jussinkylanrotaryklubi\/wp-json\/wp\/v2\/pages\/132\/revisions"}],"predecessor-version":[{"id":2020,"href":"https:\/\/rotary.fi\/jussinkylanrotaryklubi\/wp-json\/wp\/v2\/pages\/132\/revisions\/2020"}],"up":[{"embeddable":true,"href":"https:\/\/rotary.fi\/jussinkylanrotaryklubi\/wp-json\/wp\/v2\/pages\/129"}],"wp:attachment":[{"href":"https:\/\/rotary.fi\/jussinkylanrotaryklubi\/wp-json\/wp\/v2\/media?parent=132"}],"curies":[{"name":"wp","href":"https:\/\/api.w.org\/{rel}","templated":true}]}}