{"id":156,"date":"2018-08-13T09:46:59","date_gmt":"2018-08-13T06:46:59","guid":{"rendered":"https:\/\/rotary.fi\/jurva\/?page_id=156"},"modified":"2022-11-21T13:21:43","modified_gmt":"2022-11-21T11:21:43","slug":"projektit","status":"publish","type":"page","link":"https:\/\/rotary.fi\/jurva\/mita-teemme\/projektit\/","title":{"rendered":"Projektit"},"content":{"rendered":"<p>[et_pb_section fb_built=&#8221;1&#8243; module_class=&#8221;jumbotron-page&#8221; _builder_version=&#8221;4.16&#8243; background_image=&#8221;https:\/\/rotary.fi\/jurva\/wp-content\/uploads\/sites\/170\/2018\/08\/rotary_klubit_alasivu_paakuva_5.jpg&#8221; global_colors_info=&#8221;{}&#8221;][et_pb_row _builder_version=&#8221;4.16&#8243; background_size=&#8221;initial&#8221; background_position=&#8221;top_left&#8221; background_repeat=&#8221;repeat&#8221; global_colors_info=&#8221;{}&#8221;][et_pb_column type=&#8221;4_4&#8243; _builder_version=&#8221;4.16&#8243; custom_padding=&#8221;|||&#8221; global_colors_info=&#8221;{}&#8221; custom_padding__hover=&#8221;|||&#8221;][et_pb_text admin_label=&#8221;P\u00e4\u00e4otsikko&#8221; _builder_version=&#8221;4.16&#8243; text_orientation=&#8221;center&#8221; background_layout=&#8221;dark&#8221; global_colors_info=&#8221;{}&#8221;]<\/p>\n<h1>Projektit<\/h1>\n<p>[\/et_pb_text][\/et_pb_column][\/et_pb_row][\/et_pb_section][et_pb_section fb_built=&#8221;1&#8243; specialty=&#8221;on&#8221; module_class_2=&#8221;sivupalkki&#8221; _builder_version=&#8221;4.16&#8243; global_colors_info=&#8221;{}&#8221;][et_pb_column type=&#8221;2_3&#8243; specialty_columns=&#8221;2&#8243; _builder_version=&#8221;4.16&#8243; custom_padding=&#8221;|||&#8221; global_colors_info=&#8221;{}&#8221; parallax__hover=&#8221;off&#8221; parallax_method__hover=&#8221;on&#8221; custom_padding__hover=&#8221;|||&#8221;][et_pb_row_inner admin_label=&#8221;Rivi&#8221; _builder_version=&#8221;4.16&#8243; global_colors_info=&#8221;{}&#8221;][et_pb_column_inner saved_specialty_column_type=&#8221;2_3&#8243; _builder_version=&#8221;4.16&#8243; custom_padding=&#8221;|||&#8221; global_colors_info=&#8221;{}&#8221; parallax__hover=&#8221;off&#8221; parallax_method__hover=&#8221;on&#8221; custom_padding__hover=&#8221;|||&#8221;][et_pb_text admin_label=&#8221;Projektit &#8211; Otsikko&#8221; _builder_version=&#8221;4.16&#8243; text_orientation=&#8221;center&#8221; global_colors_info=&#8221;{}&#8221;]<\/p>\n<h1>Projektit<\/h1>\n<p>[\/et_pb_text][et_pb_text _builder_version=&#8221;4.19.0&#8243; hover_enabled=&#8221;0&#8243; global_colors_info=&#8221;{}&#8221; sticky_enabled=&#8221;0&#8243;]<\/p>\n<table border=\"0\" width=\"800\">\n<tbody>\n<tr><\/tr>\n<tr>\n<td>Aihe\u00a0<\/td>\n<td>Teht\u00e4v\u00e4\u00a0<\/td>\n<\/tr>\n<tr>\n<td>Polio+<\/td>\n<td>Olemme mukana kansaiv\u00e4lisess\u00e4 Rotarien Polio+ hankkeessa<\/td>\n<td><\/td>\n<\/tr>\n<tr>\n<td>Kaupungin nuorisotila<\/td>\n<td>Y\u00f6-kahvila valvonta perjantaisin sopimuksen mukaan<\/td>\n<td><\/td>\n<\/tr>\n<tr>\n<td>Jurvan Saloveikot<\/td>\n<td>Partiotoiminnan tukeminen erilaisin ty\u00f6suorittein<\/td>\n<td><\/td>\n<\/tr>\n<tr>\n<td>Varainkeruu<\/td>\n<td>Nuorisovaihtoa ja muita paikallisia yhteis\u00f6j\u00e4 varten sek\u00e4 kansaiv\u00e4lisi\u00e4 projekteja varten erilaisin tempauksin<\/td>\n<\/tr>\n<\/tbody>\n<\/table>\n<p>Rotary on palveluj\u00e4rjest\u00f6. Toimimme tunnuslauseemme Palvelu itsekkyyden edelle (Service above self) mukaisesti paikallisesti ja maailmanlaajuisesti. Kansainv\u00e4linen humanit\u00e4\u00e4rinen palvelumme toteutuu Rotarys\u00e4\u00e4ti\u00f6mme koordinoimana ja hyv\u00e4ksyttyjen kumppaneiden kanssa.<\/p>\n<p>&nbsp;<\/p>\n<p>&nbsp;<\/p>\n<p>[\/et_pb_text][\/et_pb_column_inner][\/et_pb_row_inner][\/et_pb_column][et_pb_column type=&#8221;1_3&#8243; module_class=&#8221;sivupalkki&#8221; _builder_version=&#8221;4.16&#8243; custom_padding=&#8221;|||&#8221; global_colors_info=&#8221;{}&#8221; parallax__hover=&#8221;off&#8221; parallax_method__hover=&#8221;on&#8221; module_class__hover=&#8221;sivupalkki&#8221; custom_padding__hover=&#8221;|||&#8221;][et_pb_sidebar area=&#8221;sidebar-1&#8243; module_class=&#8221;sivupalkki_sisalto&#8221; _builder_version=&#8221;4.16&#8243; locked=&#8221;on&#8221; global_colors_info=&#8221;{}&#8221;][\/et_pb_sidebar][\/et_pb_column][\/et_pb_section]<\/p>\n","protected":false},"excerpt":{"rendered":"<p>Projektit Projektit Aihe\u00a0 Teht\u00e4v\u00e4\u00a0 Polio+ Olemme mukana kansaiv\u00e4lisess\u00e4 Rotarien Polio+ hankkeessa Kaupungin nuorisotila Y\u00f6-kahvila valvonta perjantaisin sopimuksen mukaan Jurvan Saloveikot Partiotoiminnan tukeminen erilaisin ty\u00f6suorittein Varainkeruu Nuorisovaihtoa ja muita paikallisia yhteis\u00f6j\u00e4 varten sek\u00e4 kansaiv\u00e4lisi\u00e4 projekteja varten erilaisin tempauksin Rotary on palveluj\u00e4rjest\u00f6. Toimimme tunnuslauseemme Palvelu itsekkyyden edelle (Service above self) mukaisesti paikallisesti ja maailmanlaajuisesti. Kansainv\u00e4linen humanit\u00e4\u00e4rinen palvelumme [&hellip;]<\/p>\n","protected":false},"author":1,"featured_media":0,"parent":77,"menu_order":0,"comment_status":"closed","ping_status":"closed","template":"","meta":{"_acf_changed":false,"_et_pb_use_builder":"on","_et_pb_old_content":"","_et_gb_content_width":"","footnotes":""},"class_list":["post-156","page","type-page","status-publish","hentry"],"acf":[],"yoast_head":"<!-- This site is optimized with the Yoast SEO plugin v27.0 - https:\/\/yoast.com\/product\/yoast-seo-wordpress\/ -->\n<title>Projektit - Jurvan Rotaryklubi<\/title>\n<meta name=\"robots\" content=\"index, follow, max-snippet:-1, max-image-preview:large, max-video-preview:-1\" \/>\n<link rel=\"canonical\" href=\"https:\/\/rotary.fi\/jurva\/mita-teemme\/projektit\/\" \/>\n<meta property=\"og:locale\" content=\"fi_FI\" \/>\n<meta property=\"og:type\" content=\"article\" \/>\n<meta property=\"og:title\" content=\"Projektit - Jurvan Rotaryklubi\" \/>\n<meta property=\"og:description\" content=\"Projektit Projektit Aihe\u00a0 Teht\u00e4v\u00e4\u00a0 Polio+ Olemme mukana kansaiv\u00e4lisess\u00e4 Rotarien Polio+ hankkeessa Kaupungin nuorisotila Y\u00f6-kahvila valvonta perjantaisin sopimuksen mukaan Jurvan Saloveikot Partiotoiminnan tukeminen erilaisin ty\u00f6suorittein Varainkeruu Nuorisovaihtoa ja muita paikallisia yhteis\u00f6j\u00e4 varten sek\u00e4 kansaiv\u00e4lisi\u00e4 projekteja varten erilaisin tempauksin Rotary on palveluj\u00e4rjest\u00f6. Toimimme tunnuslauseemme Palvelu itsekkyyden edelle (Service above self) mukaisesti paikallisesti ja maailmanlaajuisesti. Kansainv\u00e4linen humanit\u00e4\u00e4rinen palvelumme [&hellip;]\" \/>\n<meta property=\"og:url\" content=\"https:\/\/rotary.fi\/jurva\/mita-teemme\/projektit\/\" \/>\n<meta property=\"og:site_name\" content=\"Jurvan Rotaryklubi\" \/>\n<meta property=\"article:modified_time\" content=\"2022-11-21T11:21:43+00:00\" \/>\n<meta name=\"twitter:card\" content=\"summary_large_image\" \/>\n<meta name=\"twitter:label1\" content=\"Arvioitu lukuaika\" \/>\n\t<meta name=\"twitter:data1\" content=\"2 minuuttia\" \/>\n<script type=\"application\/ld+json\" class=\"yoast-schema-graph\">{\"@context\":\"https:\/\/schema.org\",\"@graph\":[{\"@type\":\"WebPage\",\"@id\":\"https:\/\/rotary.fi\/jurva\/mita-teemme\/projektit\/\",\"url\":\"https:\/\/rotary.fi\/jurva\/mita-teemme\/projektit\/\",\"name\":\"Projektit - Jurvan Rotaryklubi\",\"isPartOf\":{\"@id\":\"https:\/\/rotary.fi\/jurva\/#website\"},\"datePublished\":\"2018-08-13T06:46:59+00:00\",\"dateModified\":\"2022-11-21T11:21:43+00:00\",\"breadcrumb\":{\"@id\":\"https:\/\/rotary.fi\/jurva\/mita-teemme\/projektit\/#breadcrumb\"},\"inLanguage\":\"fi\",\"potentialAction\":[{\"@type\":\"ReadAction\",\"target\":[\"https:\/\/rotary.fi\/jurva\/mita-teemme\/projektit\/\"]}]},{\"@type\":\"BreadcrumbList\",\"@id\":\"https:\/\/rotary.fi\/jurva\/mita-teemme\/projektit\/#breadcrumb\",\"itemListElement\":[{\"@type\":\"ListItem\",\"position\":1,\"name\":\"Home\",\"item\":\"https:\/\/rotary.fi\/jurva\/\"},{\"@type\":\"ListItem\",\"position\":2,\"name\":\"Mit\u00e4 teemme\",\"item\":\"https:\/\/rotary.fi\/jurva\/mita-teemme\/\"},{\"@type\":\"ListItem\",\"position\":3,\"name\":\"Projektit\"}]},{\"@type\":\"WebSite\",\"@id\":\"https:\/\/rotary.fi\/jurva\/#website\",\"url\":\"https:\/\/rotary.fi\/jurva\/\",\"name\":\"Jurvan Rotaryklubi\",\"description\":\"Uusi Rotary klubisivusto\",\"potentialAction\":[{\"@type\":\"SearchAction\",\"target\":{\"@type\":\"EntryPoint\",\"urlTemplate\":\"https:\/\/rotary.fi\/jurva\/?s={search_term_string}\"},\"query-input\":{\"@type\":\"PropertyValueSpecification\",\"valueRequired\":true,\"valueName\":\"search_term_string\"}}],\"inLanguage\":\"fi\"}]}<\/script>\n<!-- \/ Yoast SEO plugin. -->","yoast_head_json":{"title":"Projektit - Jurvan Rotaryklubi","robots":{"index":"index","follow":"follow","max-snippet":"max-snippet:-1","max-image-preview":"max-image-preview:large","max-video-preview":"max-video-preview:-1"},"canonical":"https:\/\/rotary.fi\/jurva\/mita-teemme\/projektit\/","og_locale":"fi_FI","og_type":"article","og_title":"Projektit - Jurvan Rotaryklubi","og_description":"Projektit Projektit Aihe\u00a0 Teht\u00e4v\u00e4\u00a0 Polio+ Olemme mukana kansaiv\u00e4lisess\u00e4 Rotarien Polio+ hankkeessa Kaupungin nuorisotila Y\u00f6-kahvila valvonta perjantaisin sopimuksen mukaan Jurvan Saloveikot Partiotoiminnan tukeminen erilaisin ty\u00f6suorittein Varainkeruu Nuorisovaihtoa ja muita paikallisia yhteis\u00f6j\u00e4 varten sek\u00e4 kansaiv\u00e4lisi\u00e4 projekteja varten erilaisin tempauksin Rotary on palveluj\u00e4rjest\u00f6. Toimimme tunnuslauseemme Palvelu itsekkyyden edelle (Service above self) mukaisesti paikallisesti ja maailmanlaajuisesti. Kansainv\u00e4linen humanit\u00e4\u00e4rinen palvelumme [&hellip;]","og_url":"https:\/\/rotary.fi\/jurva\/mita-teemme\/projektit\/","og_site_name":"Jurvan Rotaryklubi","article_modified_time":"2022-11-21T11:21:43+00:00","twitter_card":"summary_large_image","twitter_misc":{"Arvioitu lukuaika":"2 minuuttia"},"schema":{"@context":"https:\/\/schema.org","@graph":[{"@type":"WebPage","@id":"https:\/\/rotary.fi\/jurva\/mita-teemme\/projektit\/","url":"https:\/\/rotary.fi\/jurva\/mita-teemme\/projektit\/","name":"Projektit - Jurvan Rotaryklubi","isPartOf":{"@id":"https:\/\/rotary.fi\/jurva\/#website"},"datePublished":"2018-08-13T06:46:59+00:00","dateModified":"2022-11-21T11:21:43+00:00","breadcrumb":{"@id":"https:\/\/rotary.fi\/jurva\/mita-teemme\/projektit\/#breadcrumb"},"inLanguage":"fi","potentialAction":[{"@type":"ReadAction","target":["https:\/\/rotary.fi\/jurva\/mita-teemme\/projektit\/"]}]},{"@type":"BreadcrumbList","@id":"https:\/\/rotary.fi\/jurva\/mita-teemme\/projektit\/#breadcrumb","itemListElement":[{"@type":"ListItem","position":1,"name":"Home","item":"https:\/\/rotary.fi\/jurva\/"},{"@type":"ListItem","position":2,"name":"Mit\u00e4 teemme","item":"https:\/\/rotary.fi\/jurva\/mita-teemme\/"},{"@type":"ListItem","position":3,"name":"Projektit"}]},{"@type":"WebSite","@id":"https:\/\/rotary.fi\/jurva\/#website","url":"https:\/\/rotary.fi\/jurva\/","name":"Jurvan Rotaryklubi","description":"Uusi Rotary klubisivusto","potentialAction":[{"@type":"SearchAction","target":{"@type":"EntryPoint","urlTemplate":"https:\/\/rotary.fi\/jurva\/?s={search_term_string}"},"query-input":{"@type":"PropertyValueSpecification","valueRequired":true,"valueName":"search_term_string"}}],"inLanguage":"fi"}]}},"lang":"fi","translations":{"fi":156},"pll_sync_post":[],"_links":{"self":[{"href":"https:\/\/rotary.fi\/jurva\/wp-json\/wp\/v2\/pages\/156","targetHints":{"allow":["GET"]}}],"collection":[{"href":"https:\/\/rotary.fi\/jurva\/wp-json\/wp\/v2\/pages"}],"about":[{"href":"https:\/\/rotary.fi\/jurva\/wp-json\/wp\/v2\/types\/page"}],"author":[{"embeddable":true,"href":"https:\/\/rotary.fi\/jurva\/wp-json\/wp\/v2\/users\/1"}],"replies":[{"embeddable":true,"href":"https:\/\/rotary.fi\/jurva\/wp-json\/wp\/v2\/comments?post=156"}],"version-history":[{"count":5,"href":"https:\/\/rotary.fi\/jurva\/wp-json\/wp\/v2\/pages\/156\/revisions"}],"predecessor-version":[{"id":1676,"href":"https:\/\/rotary.fi\/jurva\/wp-json\/wp\/v2\/pages\/156\/revisions\/1676"}],"up":[{"embeddable":true,"href":"https:\/\/rotary.fi\/jurva\/wp-json\/wp\/v2\/pages\/77"}],"wp:attachment":[{"href":"https:\/\/rotary.fi\/jurva\/wp-json\/wp\/v2\/media?parent=156"}],"curies":[{"name":"wp","href":"https:\/\/api.w.org\/{rel}","templated":true}]}}