{"id":156,"date":"2018-08-13T09:46:59","date_gmt":"2018-08-13T06:46:59","guid":{"rendered":"https:\/\/rotary.fi\/joutseno\/?page_id=156"},"modified":"2019-05-20T15:30:28","modified_gmt":"2019-05-20T12:30:28","slug":"projektit","status":"publish","type":"page","link":"https:\/\/rotary.fi\/joutseno\/mita-teemme\/projektit\/","title":{"rendered":"Projektit"},"content":{"rendered":"<p>[et_pb_section bb_built=&#8221;1&#8243; _builder_version=&#8221;3.22.3&#8243; next_background_color=&#8221;#ffffff&#8221; inner_width_tablet=&#8221;50px&#8221; inner_max_width_tablet=&#8221;50px&#8221; background_image=&#8221;https:\/\/rotary.fi\/joutseno\/wp-content\/uploads\/sites\/67\/2019\/05\/img_3203-versio-2.jpg&#8221; z_index_tablet=&#8221;500&#8243; module_class=&#8221;jumbotron-page&#8221;][et_pb_row _builder_version=&#8221;3.0.48&#8243; background_size=&#8221;initial&#8221; background_position=&#8221;top_left&#8221; background_repeat=&#8221;repeat&#8221; width=&#8221;80%&#8221; max_width=&#8221;1080px&#8221;][et_pb_column type=&#8221;4_4&#8243;][et_pb_text admin_label=&#8221;P\u00e4\u00e4otsikko&#8221; _builder_version=&#8221;3.19.5&#8243; text_orientation=&#8221;center&#8221; background_layout=&#8221;dark&#8221;]<\/p>\n<h1>Projektit<\/h1>\n<p>[\/et_pb_text][\/et_pb_column][\/et_pb_row][\/et_pb_section][et_pb_section bb_built=&#8221;1&#8243; specialty=&#8221;on&#8221; module_class_2=&#8221;sivupalkki&#8221; _builder_version=&#8221;3.4.1&#8243; prev_background_color=&#8221;#000000&#8243; inner_width=&#8221;auto&#8221; inner_max_width=&#8221;none&#8221;][et_pb_column type=&#8221;2_3&#8243; specialty_columns=&#8221;2&#8243;][et_pb_row_inner admin_label=&#8221;Rivi&#8221; _builder_version=&#8221;3.0.47&#8243;][et_pb_column_inner type=&#8221;4_4&#8243; saved_specialty_column_type=&#8221;2_3&#8243;][et_pb_text admin_label=&#8221;Projektit &#8211; Otsikko&#8221; _builder_version=&#8221;3.17&#8243; text_orientation=&#8221;center&#8221;]<\/p>\n<h1>Projektit<\/h1>\n<p>[\/et_pb_text][et_pb_text _builder_version=&#8221;3.21&#8243; module_alignment=&#8221;left&#8221;]<\/p>\n<p>\u00a0Rotary on palveluj\u00e4rjest\u00f6. Toimimme tunnuslauseemme Palvelu itsekkyyden edelle (Service above self) mukaisesti paikallisesti ja maailmanlaajuisesti. Kansainv\u00e4linen humanit\u00e4\u00e4rinen palvelumme toteutuu Rotarys\u00e4\u00e4ti\u00f6mme koordinoimana ja hyv\u00e4ksyttyjen kumppaneiden kanssa. \u00a0<\/p>\n<p>&nbsp;<\/p>\n<h6><b>Joutsenolaisten vammaisnuorten aktivointikampanja<\/b><\/h6>\n<p>&nbsp;<\/p>\n<p>\u00a0 Rotaryvuoden 2018-2019 suurin yksitt\u00e4inen hyv\u00e4ntekev\u00e4isyyshanke oli Joutsenon Kehitysvammaisten Tuki ry:n hyv\u00e4ksi tehty ker\u00e4ys, jonka tuotolla veimme kolmisenkymment\u00e4 joutsenolaista erityist\u00e4 huolenpitoa tarvitsevaa nuorta huoltajineen ensin 11.12. jouluaterialle kokouspaikkaamme ja viikon kuluttua katsomaan j\u00e4\u00e4kiekko-ottelua SaiPa-TPS Lappeenrannan j\u00e4\u00e4hallille. Suuri osa nuorista oli j\u00e4\u00e4kiekkokatsomossa ensimm\u00e4ist\u00e4 kertaa.<\/p>\n<p>[\/et_pb_text][et_pb_button _builder_version=&#8221;3.19.5&#8243; button_text=&#8221;Lue lis\u00e4\u00e4&#8221; button_url=&#8221;https:\/\/rotary.fi\/joutseno\/joutsenolaisten-vammaisnuorten-aktivointikampanja\/&#8221; button_alignment=&#8221;center&#8221; \/][et_pb_text _builder_version=&#8221;3.22.3&#8243; module_alignment=&#8221;left&#8221; text_text_shadow_horizontal_length=&#8221;text_text_shadow_style,%91object Object%93&#8243; text_text_shadow_vertical_length=&#8221;text_text_shadow_style,%91object Object%93&#8243; text_text_shadow_blur_strength=&#8221;text_text_shadow_style,%91object Object%93&#8243; link_text_shadow_horizontal_length=&#8221;link_text_shadow_style,%91object Object%93&#8243; link_text_shadow_vertical_length=&#8221;link_text_shadow_style,%91object Object%93&#8243; link_text_shadow_blur_strength=&#8221;link_text_shadow_style,%91object Object%93&#8243; ul_text_shadow_horizontal_length=&#8221;ul_text_shadow_style,%91object Object%93&#8243; ul_text_shadow_vertical_length=&#8221;ul_text_shadow_style,%91object Object%93&#8243; ul_text_shadow_blur_strength=&#8221;ul_text_shadow_style,%91object Object%93&#8243; ol_text_shadow_horizontal_length=&#8221;ol_text_shadow_style,%91object Object%93&#8243; ol_text_shadow_vertical_length=&#8221;ol_text_shadow_style,%91object Object%93&#8243; ol_text_shadow_blur_strength=&#8221;ol_text_shadow_style,%91object Object%93&#8243; quote_text_shadow_horizontal_length=&#8221;quote_text_shadow_style,%91object Object%93&#8243; quote_text_shadow_vertical_length=&#8221;quote_text_shadow_style,%91object Object%93&#8243; quote_text_shadow_blur_strength=&#8221;quote_text_shadow_style,%91object Object%93&#8243; header_text_shadow_horizontal_length=&#8221;header_text_shadow_style,%91object Object%93&#8243; header_text_shadow_vertical_length=&#8221;header_text_shadow_style,%91object Object%93&#8243; header_text_shadow_blur_strength=&#8221;header_text_shadow_style,%91object Object%93&#8243; header_2_text_shadow_horizontal_length=&#8221;header_2_text_shadow_style,%91object Object%93&#8243; header_2_text_shadow_vertical_length=&#8221;header_2_text_shadow_style,%91object Object%93&#8243; header_2_text_shadow_blur_strength=&#8221;header_2_text_shadow_style,%91object Object%93&#8243; header_3_text_shadow_horizontal_length=&#8221;header_3_text_shadow_style,%91object Object%93&#8243; header_3_text_shadow_vertical_length=&#8221;header_3_text_shadow_style,%91object Object%93&#8243; header_3_text_shadow_blur_strength=&#8221;header_3_text_shadow_style,%91object Object%93&#8243; header_4_text_shadow_horizontal_length=&#8221;header_4_text_shadow_style,%91object Object%93&#8243; header_4_text_shadow_vertical_length=&#8221;header_4_text_shadow_style,%91object Object%93&#8243; header_4_text_shadow_blur_strength=&#8221;header_4_text_shadow_style,%91object Object%93&#8243; header_5_text_shadow_horizontal_length=&#8221;header_5_text_shadow_style,%91object Object%93&#8243; header_5_text_shadow_vertical_length=&#8221;header_5_text_shadow_style,%91object Object%93&#8243; header_5_text_shadow_blur_strength=&#8221;header_5_text_shadow_style,%91object Object%93&#8243; header_6_text_shadow_horizontal_length=&#8221;header_6_text_shadow_style,%91object Object%93&#8243; header_6_text_shadow_vertical_length=&#8221;header_6_text_shadow_style,%91object Object%93&#8243; header_6_text_shadow_blur_strength=&#8221;header_6_text_shadow_style,%91object Object%93&#8243; z_index_tablet=&#8221;500&#8243;]<\/p>\n<h6>\u00a0<\/h6>\n<h6><strong>Joululahjoitukset 2018<\/strong><\/h6>\n<p>&nbsp;<\/p>\n<p>Joulun 2018 v\u00e4h\u00e4varaisten lapsiperheiden hyv\u00e4ksi tehty lahjoitus kanavoitiin apua tarvitseville Joutsenon ev.lut. seurakunnan diakoniatoiminnan kautta. Kirkkoherra Tero Kalpion mukaan seurakunnan diakoniaty\u00f6ss\u00e4 joudutaan keskelle suurinta h\u00e4t\u00e4\u00e4. Diakonin kuuluu olla paikalla usein silloinkin, kun yhteiskunnan sosiaaliset turvaverkot eiv\u00e4t toimi. Joululahjoituksella klubimme onnistui auttamaan monen Joutsenon alueen v\u00e4h\u00e4varaisen lapsiperheen arjen kriisist\u00e4 selvi\u00e4misess\u00e4. Samalla toivotamme voimia diakoniaty\u00f6n tekij\u00f6ille tulevaksi vuodeksi.<\/p>\n<p>&nbsp;<\/p>\n<h6><strong>Vanhusty\u00f6<\/strong><\/h6>\n<p>&nbsp;<\/p>\n<p><a href=\"https:\/\/rotary.fi\/joutseno\/wp-content\/uploads\/sites\/67\/2019\/03\/Joulukuusiprojekti.mp4\"><img loading=\"lazy\" decoding=\"async\" class=\"alignnone size-medium wp-image-1587\" src=\"https:\/\/rotary.fi\/joutseno\/wp-content\/uploads\/sites\/67\/2019\/01\/img_3161-300x225.jpg\" alt=\"\" width=\"300\" height=\"225\" srcset=\"https:\/\/rotary.fi\/joutseno\/wp-content\/uploads\/sites\/67\/2019\/01\/img_3161-300x225.jpg 300w, https:\/\/rotary.fi\/joutseno\/wp-content\/uploads\/sites\/67\/2019\/01\/img_3161-768x576.jpg 768w, https:\/\/rotary.fi\/joutseno\/wp-content\/uploads\/sites\/67\/2019\/01\/img_3161-1024x768.jpg 1024w, https:\/\/rotary.fi\/joutseno\/wp-content\/uploads\/sites\/67\/2019\/01\/img_3161-510x382.jpg 510w, https:\/\/rotary.fi\/joutseno\/wp-content\/uploads\/sites\/67\/2019\/01\/img_3161-1080x810.jpg 1080w\" sizes=\"(max-width: 300px) 100vw, 300px\" \/><\/a><\/p>\n<p>Rotaryveli Esan tontilta Karhusj\u00e4rvelt\u00e4 kaadettu perinteinen joulukuusi pystytettiin paikoilleen Palvelutalo Kangasvuokon pihalle puolilta p\u00e4ivin 22.11.2018. Pystytyksess\u00e4 ja valaisinsarjojen ripustuksessa avusti Joutsenon Talohoidon nostokone veli Heimon kuljettamana. Valojen teknisen toimivuuden tarkasti Lappeenrannan Energia Oy:n edustaja. Marraskuun 30. p\u00e4iv\u00e4n\u00e4 p\u00e4\u00e4stiin juhlimaan Kangasvuokon jouluvalojen sytytt\u00e4mist\u00e4. Laulattamisesta vastasi Kerttu Veikkolainen. Kodin asukkaita ja henkil\u00f6kuntaa oli mukana enn\u00e4tysm\u00e4\u00e4r\u00e4.<\/p>\n<p>[\/et_pb_text][et_pb_button _builder_version=&#8221;3.19.5&#8243; button_text=&#8221;AIEMPIA PROJEKTEJA&#8221; button_url=&#8221;https:\/\/rotary.fi\/joutseno\/aiemmat-projektit\/&#8221; button_alignment=&#8221;center&#8221; \/][\/et_pb_column_inner][\/et_pb_row_inner][\/et_pb_column][et_pb_column type=&#8221;1_3&#8243;][et_pb_sidebar area=&#8221;sidebar-1&#8243; module_class=&#8221;sivupalkki_sisalto&#8221; _builder_version=&#8221;3.4.1&#8243; locked=&#8221;on&#8221;]<\/p>\n<p>[\/et_pb_sidebar][\/et_pb_column][\/et_pb_section]<\/p>\n","protected":false},"excerpt":{"rendered":"<p>Projektit Projektit \u00a0Rotary on palveluj\u00e4rjest\u00f6. Toimimme tunnuslauseemme Palvelu itsekkyyden edelle (Service above self) mukaisesti paikallisesti ja maailmanlaajuisesti. Kansainv\u00e4linen humanit\u00e4\u00e4rinen palvelumme toteutuu Rotarys\u00e4\u00e4ti\u00f6mme koordinoimana ja hyv\u00e4ksyttyjen kumppaneiden kanssa. \u00a0 &nbsp; Joutsenolaisten vammaisnuorten aktivointikampanja &nbsp; \u00a0 Rotaryvuoden 2018-2019 suurin yksitt\u00e4inen hyv\u00e4ntekev\u00e4isyyshanke oli Joutsenon Kehitysvammaisten Tuki ry:n hyv\u00e4ksi tehty ker\u00e4ys, jonka tuotolla veimme kolmisenkymment\u00e4 joutsenolaista erityist\u00e4 huolenpitoa tarvitsevaa [&hellip;]<\/p>\n","protected":false},"author":1,"featured_media":0,"parent":77,"menu_order":0,"comment_status":"closed","ping_status":"closed","template":"","meta":{"_acf_changed":false,"_et_pb_use_builder":"on","_et_pb_old_content":"","_et_gb_content_width":"","footnotes":""},"class_list":["post-156","page","type-page","status-publish","hentry"],"acf":[],"yoast_head":"<!-- This site is optimized with the Yoast SEO plugin v27.4 - https:\/\/yoast.com\/product\/yoast-seo-wordpress\/ -->\n<title>Projektit - Joutsenon Rotaryklubi<\/title>\n<meta name=\"robots\" content=\"index, follow, max-snippet:-1, max-image-preview:large, max-video-preview:-1\" \/>\n<link rel=\"canonical\" href=\"https:\/\/rotary.fi\/joutseno\/mita-teemme\/projektit\/\" \/>\n<meta property=\"og:locale\" content=\"fi_FI\" \/>\n<meta property=\"og:type\" content=\"article\" \/>\n<meta property=\"og:title\" content=\"Projektit - Joutsenon Rotaryklubi\" \/>\n<meta property=\"og:description\" content=\"Projektit Projektit \u00a0Rotary on palveluj\u00e4rjest\u00f6. Toimimme tunnuslauseemme Palvelu itsekkyyden edelle (Service above self) mukaisesti paikallisesti ja maailmanlaajuisesti. Kansainv\u00e4linen humanit\u00e4\u00e4rinen palvelumme toteutuu Rotarys\u00e4\u00e4ti\u00f6mme koordinoimana ja hyv\u00e4ksyttyjen kumppaneiden kanssa. \u00a0 &nbsp; Joutsenolaisten vammaisnuorten aktivointikampanja &nbsp; \u00a0 Rotaryvuoden 2018-2019 suurin yksitt\u00e4inen hyv\u00e4ntekev\u00e4isyyshanke oli Joutsenon Kehitysvammaisten Tuki ry:n hyv\u00e4ksi tehty ker\u00e4ys, jonka tuotolla veimme kolmisenkymment\u00e4 joutsenolaista erityist\u00e4 huolenpitoa tarvitsevaa [&hellip;]\" \/>\n<meta property=\"og:url\" content=\"https:\/\/rotary.fi\/joutseno\/mita-teemme\/projektit\/\" \/>\n<meta property=\"og:site_name\" content=\"Joutsenon Rotaryklubi\" \/>\n<meta property=\"article:modified_time\" content=\"2019-05-20T12:30:28+00:00\" \/>\n<meta property=\"og:image\" content=\"https:\/\/rotary.fi\/joutseno\/wp-content\/uploads\/sites\/67\/2019\/01\/img_3161-300x225.jpg\" \/>\n<meta name=\"twitter:card\" content=\"summary_large_image\" \/>\n<meta name=\"twitter:label1\" content=\"Arvioitu lukuaika\" \/>\n\t<meta name=\"twitter:data1\" content=\"4 minuuttia\" \/>\n<script type=\"application\/ld+json\" class=\"yoast-schema-graph\">{\"@context\":\"https:\\\/\\\/schema.org\",\"@graph\":[{\"@type\":\"WebPage\",\"@id\":\"https:\\\/\\\/rotary.fi\\\/joutseno\\\/mita-teemme\\\/projektit\\\/\",\"url\":\"https:\\\/\\\/rotary.fi\\\/joutseno\\\/mita-teemme\\\/projektit\\\/\",\"name\":\"Projektit - Joutsenon Rotaryklubi\",\"isPartOf\":{\"@id\":\"https:\\\/\\\/rotary.fi\\\/joutseno\\\/#website\"},\"primaryImageOfPage\":{\"@id\":\"https:\\\/\\\/rotary.fi\\\/joutseno\\\/mita-teemme\\\/projektit\\\/#primaryimage\"},\"image\":{\"@id\":\"https:\\\/\\\/rotary.fi\\\/joutseno\\\/mita-teemme\\\/projektit\\\/#primaryimage\"},\"thumbnailUrl\":\"https:\\\/\\\/rotary.fi\\\/joutseno\\\/wp-content\\\/uploads\\\/sites\\\/67\\\/2019\\\/01\\\/img_3161-300x225.jpg\",\"datePublished\":\"2018-08-13T06:46:59+00:00\",\"dateModified\":\"2019-05-20T12:30:28+00:00\",\"breadcrumb\":{\"@id\":\"https:\\\/\\\/rotary.fi\\\/joutseno\\\/mita-teemme\\\/projektit\\\/#breadcrumb\"},\"inLanguage\":\"fi\",\"potentialAction\":[{\"@type\":\"ReadAction\",\"target\":[\"https:\\\/\\\/rotary.fi\\\/joutseno\\\/mita-teemme\\\/projektit\\\/\"]}]},{\"@type\":\"ImageObject\",\"inLanguage\":\"fi\",\"@id\":\"https:\\\/\\\/rotary.fi\\\/joutseno\\\/mita-teemme\\\/projektit\\\/#primaryimage\",\"url\":\"https:\\\/\\\/rotary.fi\\\/joutseno\\\/wp-content\\\/uploads\\\/sites\\\/67\\\/2019\\\/01\\\/img_3161.jpg\",\"contentUrl\":\"https:\\\/\\\/rotary.fi\\\/joutseno\\\/wp-content\\\/uploads\\\/sites\\\/67\\\/2019\\\/01\\\/img_3161.jpg\",\"width\":4000,\"height\":3000},{\"@type\":\"BreadcrumbList\",\"@id\":\"https:\\\/\\\/rotary.fi\\\/joutseno\\\/mita-teemme\\\/projektit\\\/#breadcrumb\",\"itemListElement\":[{\"@type\":\"ListItem\",\"position\":1,\"name\":\"Home\",\"item\":\"https:\\\/\\\/rotary.fi\\\/joutseno\\\/\"},{\"@type\":\"ListItem\",\"position\":2,\"name\":\"Mit\u00e4 teemme\",\"item\":\"https:\\\/\\\/rotary.fi\\\/joutseno\\\/mita-teemme\\\/\"},{\"@type\":\"ListItem\",\"position\":3,\"name\":\"Projektit\"}]},{\"@type\":\"WebSite\",\"@id\":\"https:\\\/\\\/rotary.fi\\\/joutseno\\\/#website\",\"url\":\"https:\\\/\\\/rotary.fi\\\/joutseno\\\/\",\"name\":\"Joutsenon Rotaryklubi\",\"description\":\"Uusi Rotary klubisivusto\",\"potentialAction\":[{\"@type\":\"SearchAction\",\"target\":{\"@type\":\"EntryPoint\",\"urlTemplate\":\"https:\\\/\\\/rotary.fi\\\/joutseno\\\/?s={search_term_string}\"},\"query-input\":{\"@type\":\"PropertyValueSpecification\",\"valueRequired\":true,\"valueName\":\"search_term_string\"}}],\"inLanguage\":\"fi\"}]}<\/script>\n<!-- \/ Yoast SEO plugin. -->","yoast_head_json":{"title":"Projektit - Joutsenon Rotaryklubi","robots":{"index":"index","follow":"follow","max-snippet":"max-snippet:-1","max-image-preview":"max-image-preview:large","max-video-preview":"max-video-preview:-1"},"canonical":"https:\/\/rotary.fi\/joutseno\/mita-teemme\/projektit\/","og_locale":"fi_FI","og_type":"article","og_title":"Projektit - Joutsenon Rotaryklubi","og_description":"Projektit Projektit \u00a0Rotary on palveluj\u00e4rjest\u00f6. Toimimme tunnuslauseemme Palvelu itsekkyyden edelle (Service above self) mukaisesti paikallisesti ja maailmanlaajuisesti. Kansainv\u00e4linen humanit\u00e4\u00e4rinen palvelumme toteutuu Rotarys\u00e4\u00e4ti\u00f6mme koordinoimana ja hyv\u00e4ksyttyjen kumppaneiden kanssa. \u00a0 &nbsp; Joutsenolaisten vammaisnuorten aktivointikampanja &nbsp; \u00a0 Rotaryvuoden 2018-2019 suurin yksitt\u00e4inen hyv\u00e4ntekev\u00e4isyyshanke oli Joutsenon Kehitysvammaisten Tuki ry:n hyv\u00e4ksi tehty ker\u00e4ys, jonka tuotolla veimme kolmisenkymment\u00e4 joutsenolaista erityist\u00e4 huolenpitoa tarvitsevaa [&hellip;]","og_url":"https:\/\/rotary.fi\/joutseno\/mita-teemme\/projektit\/","og_site_name":"Joutsenon Rotaryklubi","article_modified_time":"2019-05-20T12:30:28+00:00","og_image":[{"url":"https:\/\/rotary.fi\/joutseno\/wp-content\/uploads\/sites\/67\/2019\/01\/img_3161-300x225.jpg","type":"","width":"","height":""}],"twitter_card":"summary_large_image","twitter_misc":{"Arvioitu lukuaika":"4 minuuttia"},"schema":{"@context":"https:\/\/schema.org","@graph":[{"@type":"WebPage","@id":"https:\/\/rotary.fi\/joutseno\/mita-teemme\/projektit\/","url":"https:\/\/rotary.fi\/joutseno\/mita-teemme\/projektit\/","name":"Projektit - Joutsenon Rotaryklubi","isPartOf":{"@id":"https:\/\/rotary.fi\/joutseno\/#website"},"primaryImageOfPage":{"@id":"https:\/\/rotary.fi\/joutseno\/mita-teemme\/projektit\/#primaryimage"},"image":{"@id":"https:\/\/rotary.fi\/joutseno\/mita-teemme\/projektit\/#primaryimage"},"thumbnailUrl":"https:\/\/rotary.fi\/joutseno\/wp-content\/uploads\/sites\/67\/2019\/01\/img_3161-300x225.jpg","datePublished":"2018-08-13T06:46:59+00:00","dateModified":"2019-05-20T12:30:28+00:00","breadcrumb":{"@id":"https:\/\/rotary.fi\/joutseno\/mita-teemme\/projektit\/#breadcrumb"},"inLanguage":"fi","potentialAction":[{"@type":"ReadAction","target":["https:\/\/rotary.fi\/joutseno\/mita-teemme\/projektit\/"]}]},{"@type":"ImageObject","inLanguage":"fi","@id":"https:\/\/rotary.fi\/joutseno\/mita-teemme\/projektit\/#primaryimage","url":"https:\/\/rotary.fi\/joutseno\/wp-content\/uploads\/sites\/67\/2019\/01\/img_3161.jpg","contentUrl":"https:\/\/rotary.fi\/joutseno\/wp-content\/uploads\/sites\/67\/2019\/01\/img_3161.jpg","width":4000,"height":3000},{"@type":"BreadcrumbList","@id":"https:\/\/rotary.fi\/joutseno\/mita-teemme\/projektit\/#breadcrumb","itemListElement":[{"@type":"ListItem","position":1,"name":"Home","item":"https:\/\/rotary.fi\/joutseno\/"},{"@type":"ListItem","position":2,"name":"Mit\u00e4 teemme","item":"https:\/\/rotary.fi\/joutseno\/mita-teemme\/"},{"@type":"ListItem","position":3,"name":"Projektit"}]},{"@type":"WebSite","@id":"https:\/\/rotary.fi\/joutseno\/#website","url":"https:\/\/rotary.fi\/joutseno\/","name":"Joutsenon Rotaryklubi","description":"Uusi Rotary klubisivusto","potentialAction":[{"@type":"SearchAction","target":{"@type":"EntryPoint","urlTemplate":"https:\/\/rotary.fi\/joutseno\/?s={search_term_string}"},"query-input":{"@type":"PropertyValueSpecification","valueRequired":true,"valueName":"search_term_string"}}],"inLanguage":"fi"}]}},"lang":"fi","translations":{"fi":156},"pll_sync_post":[],"_links":{"self":[{"href":"https:\/\/rotary.fi\/joutseno\/wp-json\/wp\/v2\/pages\/156","targetHints":{"allow":["GET"]}}],"collection":[{"href":"https:\/\/rotary.fi\/joutseno\/wp-json\/wp\/v2\/pages"}],"about":[{"href":"https:\/\/rotary.fi\/joutseno\/wp-json\/wp\/v2\/types\/page"}],"author":[{"embeddable":true,"href":"https:\/\/rotary.fi\/joutseno\/wp-json\/wp\/v2\/users\/1"}],"replies":[{"embeddable":true,"href":"https:\/\/rotary.fi\/joutseno\/wp-json\/wp\/v2\/comments?post=156"}],"version-history":[{"count":29,"href":"https:\/\/rotary.fi\/joutseno\/wp-json\/wp\/v2\/pages\/156\/revisions"}],"predecessor-version":[{"id":2242,"href":"https:\/\/rotary.fi\/joutseno\/wp-json\/wp\/v2\/pages\/156\/revisions\/2242"}],"up":[{"embeddable":true,"href":"https:\/\/rotary.fi\/joutseno\/wp-json\/wp\/v2\/pages\/77"}],"wp:attachment":[{"href":"https:\/\/rotary.fi\/joutseno\/wp-json\/wp\/v2\/media?parent=156"}],"curies":[{"name":"wp","href":"https:\/\/api.w.org\/{rel}","templated":true}]}}