{"id":1479,"date":"2019-01-22T10:07:34","date_gmt":"2019-01-22T08:07:34","guid":{"rendered":"https:\/\/rotary.fi\/joutseno\/?page_id=1479"},"modified":"2025-10-13T20:07:15","modified_gmt":"2025-10-13T17:07:15","slug":"hallitus-ja-toimihenkilot-2","status":"publish","type":"page","link":"https:\/\/rotary.fi\/joutseno\/ajankohtaista\/hallitus-ja-toimihenkilot-2\/","title":{"rendered":"Hallitus ja toimihenkil\u00f6t"},"content":{"rendered":"<p>&nbsp;<\/p>\n<p>&nbsp;<\/p>\n<p>25 &#8211; 26 Pres Ulf Westersrohle<\/p>\n<p>varapresidentti Teemu Lecklin<\/p>\n<p>rahahastonhoitaja\u00a0 \u00a0Teemu<\/p>\n<p>sihteeri\u00a0 \u00a0Arttu Litmanen<\/p>\n<p>s\u00e4\u00e4ti\u00f6asiamies Aarre Jokelainen<\/p>\n<p>vaihtoasiamies Juhani Kettunen<\/p>\n<p>klubimestari Pekka Veikkolainen<\/p>\n<p>&nbsp;<\/p>\n","protected":false},"excerpt":{"rendered":"<p>&nbsp; &nbsp; 25 &#8211; 26 Pres Ulf Westersrohle varapresidentti Teemu Lecklin rahahastonhoitaja\u00a0 \u00a0Teemu sihteeri\u00a0 \u00a0Arttu Litmanen s\u00e4\u00e4ti\u00f6asiamies Aarre Jokelainen vaihtoasiamies Juhani Kettunen klubimestari Pekka Veikkolainen &nbsp;<\/p>\n","protected":false},"author":75,"featured_media":0,"parent":94,"menu_order":0,"comment_status":"closed","ping_status":"closed","template":"","meta":{"_acf_changed":false,"_et_pb_use_builder":"off","_et_pb_old_content":"","_et_gb_content_width":"","footnotes":""},"class_list":["post-1479","page","type-page","status-publish","hentry"],"acf":[],"yoast_head":"<!-- This site is optimized with the Yoast SEO plugin v27.4 - https:\/\/yoast.com\/product\/yoast-seo-wordpress\/ -->\n<title>Hallitus ja toimihenkil\u00f6t - Joutsenon Rotaryklubi<\/title>\n<meta name=\"robots\" content=\"index, follow, max-snippet:-1, max-image-preview:large, max-video-preview:-1\" \/>\n<link rel=\"canonical\" href=\"https:\/\/rotary.fi\/joutseno\/ajankohtaista\/hallitus-ja-toimihenkilot-2\/\" \/>\n<meta property=\"og:locale\" content=\"fi_FI\" \/>\n<meta property=\"og:type\" content=\"article\" \/>\n<meta property=\"og:title\" content=\"Hallitus ja toimihenkil\u00f6t - Joutsenon Rotaryklubi\" \/>\n<meta property=\"og:description\" content=\"&nbsp; &nbsp; 25 &#8211; 26 Pres Ulf Westersrohle varapresidentti Teemu Lecklin rahahastonhoitaja\u00a0 \u00a0Teemu sihteeri\u00a0 \u00a0Arttu Litmanen s\u00e4\u00e4ti\u00f6asiamies Aarre Jokelainen vaihtoasiamies Juhani Kettunen klubimestari Pekka Veikkolainen &nbsp;\" \/>\n<meta property=\"og:url\" content=\"https:\/\/rotary.fi\/joutseno\/ajankohtaista\/hallitus-ja-toimihenkilot-2\/\" \/>\n<meta property=\"og:site_name\" content=\"Joutsenon Rotaryklubi\" \/>\n<meta property=\"article:modified_time\" content=\"2025-10-13T17:07:15+00:00\" \/>\n<meta name=\"twitter:card\" content=\"summary_large_image\" \/>\n<meta name=\"twitter:label1\" content=\"Arvioitu lukuaika\" \/>\n\t<meta name=\"twitter:data1\" content=\"1 minuutti\" \/>\n<script type=\"application\/ld+json\" class=\"yoast-schema-graph\">{\"@context\":\"https:\\\/\\\/schema.org\",\"@graph\":[{\"@type\":\"WebPage\",\"@id\":\"https:\\\/\\\/rotary.fi\\\/joutseno\\\/ajankohtaista\\\/hallitus-ja-toimihenkilot-2\\\/\",\"url\":\"https:\\\/\\\/rotary.fi\\\/joutseno\\\/ajankohtaista\\\/hallitus-ja-toimihenkilot-2\\\/\",\"name\":\"Hallitus ja toimihenkil\u00f6t - Joutsenon Rotaryklubi\",\"isPartOf\":{\"@id\":\"https:\\\/\\\/rotary.fi\\\/joutseno\\\/#website\"},\"datePublished\":\"2019-01-22T08:07:34+00:00\",\"dateModified\":\"2025-10-13T17:07:15+00:00\",\"breadcrumb\":{\"@id\":\"https:\\\/\\\/rotary.fi\\\/joutseno\\\/ajankohtaista\\\/hallitus-ja-toimihenkilot-2\\\/#breadcrumb\"},\"inLanguage\":\"fi\",\"potentialAction\":[{\"@type\":\"ReadAction\",\"target\":[\"https:\\\/\\\/rotary.fi\\\/joutseno\\\/ajankohtaista\\\/hallitus-ja-toimihenkilot-2\\\/\"]}]},{\"@type\":\"BreadcrumbList\",\"@id\":\"https:\\\/\\\/rotary.fi\\\/joutseno\\\/ajankohtaista\\\/hallitus-ja-toimihenkilot-2\\\/#breadcrumb\",\"itemListElement\":[{\"@type\":\"ListItem\",\"position\":1,\"name\":\"Home\",\"item\":\"https:\\\/\\\/rotary.fi\\\/joutseno\\\/\"},{\"@type\":\"ListItem\",\"position\":2,\"name\":\"Ajankohtaista\",\"item\":\"https:\\\/\\\/rotary.fi\\\/joutseno\\\/ajankohtaista\\\/\"},{\"@type\":\"ListItem\",\"position\":3,\"name\":\"Hallitus ja toimihenkil\u00f6t\"}]},{\"@type\":\"WebSite\",\"@id\":\"https:\\\/\\\/rotary.fi\\\/joutseno\\\/#website\",\"url\":\"https:\\\/\\\/rotary.fi\\\/joutseno\\\/\",\"name\":\"Joutsenon Rotaryklubi\",\"description\":\"Uusi Rotary klubisivusto\",\"potentialAction\":[{\"@type\":\"SearchAction\",\"target\":{\"@type\":\"EntryPoint\",\"urlTemplate\":\"https:\\\/\\\/rotary.fi\\\/joutseno\\\/?s={search_term_string}\"},\"query-input\":{\"@type\":\"PropertyValueSpecification\",\"valueRequired\":true,\"valueName\":\"search_term_string\"}}],\"inLanguage\":\"fi\"}]}<\/script>\n<!-- \/ Yoast SEO plugin. -->","yoast_head_json":{"title":"Hallitus ja toimihenkil\u00f6t - Joutsenon Rotaryklubi","robots":{"index":"index","follow":"follow","max-snippet":"max-snippet:-1","max-image-preview":"max-image-preview:large","max-video-preview":"max-video-preview:-1"},"canonical":"https:\/\/rotary.fi\/joutseno\/ajankohtaista\/hallitus-ja-toimihenkilot-2\/","og_locale":"fi_FI","og_type":"article","og_title":"Hallitus ja toimihenkil\u00f6t - Joutsenon Rotaryklubi","og_description":"&nbsp; &nbsp; 25 &#8211; 26 Pres Ulf Westersrohle varapresidentti Teemu Lecklin rahahastonhoitaja\u00a0 \u00a0Teemu sihteeri\u00a0 \u00a0Arttu Litmanen s\u00e4\u00e4ti\u00f6asiamies Aarre Jokelainen vaihtoasiamies Juhani Kettunen klubimestari Pekka Veikkolainen &nbsp;","og_url":"https:\/\/rotary.fi\/joutseno\/ajankohtaista\/hallitus-ja-toimihenkilot-2\/","og_site_name":"Joutsenon Rotaryklubi","article_modified_time":"2025-10-13T17:07:15+00:00","twitter_card":"summary_large_image","twitter_misc":{"Arvioitu lukuaika":"1 minuutti"},"schema":{"@context":"https:\/\/schema.org","@graph":[{"@type":"WebPage","@id":"https:\/\/rotary.fi\/joutseno\/ajankohtaista\/hallitus-ja-toimihenkilot-2\/","url":"https:\/\/rotary.fi\/joutseno\/ajankohtaista\/hallitus-ja-toimihenkilot-2\/","name":"Hallitus ja toimihenkil\u00f6t - Joutsenon Rotaryklubi","isPartOf":{"@id":"https:\/\/rotary.fi\/joutseno\/#website"},"datePublished":"2019-01-22T08:07:34+00:00","dateModified":"2025-10-13T17:07:15+00:00","breadcrumb":{"@id":"https:\/\/rotary.fi\/joutseno\/ajankohtaista\/hallitus-ja-toimihenkilot-2\/#breadcrumb"},"inLanguage":"fi","potentialAction":[{"@type":"ReadAction","target":["https:\/\/rotary.fi\/joutseno\/ajankohtaista\/hallitus-ja-toimihenkilot-2\/"]}]},{"@type":"BreadcrumbList","@id":"https:\/\/rotary.fi\/joutseno\/ajankohtaista\/hallitus-ja-toimihenkilot-2\/#breadcrumb","itemListElement":[{"@type":"ListItem","position":1,"name":"Home","item":"https:\/\/rotary.fi\/joutseno\/"},{"@type":"ListItem","position":2,"name":"Ajankohtaista","item":"https:\/\/rotary.fi\/joutseno\/ajankohtaista\/"},{"@type":"ListItem","position":3,"name":"Hallitus ja toimihenkil\u00f6t"}]},{"@type":"WebSite","@id":"https:\/\/rotary.fi\/joutseno\/#website","url":"https:\/\/rotary.fi\/joutseno\/","name":"Joutsenon Rotaryklubi","description":"Uusi Rotary klubisivusto","potentialAction":[{"@type":"SearchAction","target":{"@type":"EntryPoint","urlTemplate":"https:\/\/rotary.fi\/joutseno\/?s={search_term_string}"},"query-input":{"@type":"PropertyValueSpecification","valueRequired":true,"valueName":"search_term_string"}}],"inLanguage":"fi"}]}},"lang":"fi","translations":{"fi":1479},"pll_sync_post":[],"_links":{"self":[{"href":"https:\/\/rotary.fi\/joutseno\/wp-json\/wp\/v2\/pages\/1479","targetHints":{"allow":["GET"]}}],"collection":[{"href":"https:\/\/rotary.fi\/joutseno\/wp-json\/wp\/v2\/pages"}],"about":[{"href":"https:\/\/rotary.fi\/joutseno\/wp-json\/wp\/v2\/types\/page"}],"author":[{"embeddable":true,"href":"https:\/\/rotary.fi\/joutseno\/wp-json\/wp\/v2\/users\/75"}],"replies":[{"embeddable":true,"href":"https:\/\/rotary.fi\/joutseno\/wp-json\/wp\/v2\/comments?post=1479"}],"version-history":[{"count":10,"href":"https:\/\/rotary.fi\/joutseno\/wp-json\/wp\/v2\/pages\/1479\/revisions"}],"predecessor-version":[{"id":3230,"href":"https:\/\/rotary.fi\/joutseno\/wp-json\/wp\/v2\/pages\/1479\/revisions\/3230"}],"up":[{"embeddable":true,"href":"https:\/\/rotary.fi\/joutseno\/wp-json\/wp\/v2\/pages\/94"}],"wp:attachment":[{"href":"https:\/\/rotary.fi\/joutseno\/wp-json\/wp\/v2\/media?parent=1479"}],"curies":[{"name":"wp","href":"https:\/\/api.w.org\/{rel}","templated":true}]}}