{"id":2019,"date":"2023-06-05T09:57:41","date_gmt":"2023-06-05T06:57:41","guid":{"rendered":"https:\/\/rotary.fi\/joensuuetelainen\/?page_id=2019"},"modified":"2025-03-26T16:23:21","modified_gmt":"2025-03-26T14:23:21","slug":"jasenten-yhteystiedot","status":"publish","type":"page","link":"https:\/\/rotary.fi\/joensuuetelainen\/jasenten-yhteystiedot\/","title":{"rendered":"J\u00e4senten yhteystiedot"},"content":{"rendered":"<p>[et_pb_section fb_built=&#8221;1&#8243; admin_label=&#8221;section&#8221; _builder_version=&#8221;4.16&#8243; global_colors_info=&#8221;{}&#8221;][et_pb_row _builder_version=&#8221;4.27.4&#8243; _module_preset=&#8221;default&#8221; global_colors_info=&#8221;{}&#8221; width=&#8221;81.6%&#8221;][et_pb_column type=&#8221;4_4&#8243; _builder_version=&#8221;4.27.4&#8243; _module_preset=&#8221;default&#8221; global_colors_info=&#8221;{}&#8221;][et_pb_text _builder_version=&#8221;4.27.4&#8243; _module_preset=&#8221;default&#8221; global_colors_info=&#8221;{}&#8221; custom_padding=&#8221;||0px|||&#8221; custom_margin=&#8221;||47px|||&#8221; min_height=&#8221;55px&#8221;]<\/p>\n<p><strong><a href=\"https:\/\/rotary.fi\/joensuuetelainen\/wp-content\/uploads\/sites\/238\/2025\/03\/Jasentietoja.pdf\">T\u00e4st\u00e4 linkst\u00e4<\/a> napsauttamalla saat avattua PDF-tiedoston j\u00e4senist\u00e4.<\/strong><\/p>\n<p>[\/et_pb_text][\/et_pb_column][\/et_pb_row][\/et_pb_section]<\/p>\n","protected":false},"excerpt":{"rendered":"<p>T\u00e4st\u00e4 linkst\u00e4 napsauttamalla saat avattua PDF-tiedoston j\u00e4senist\u00e4.<\/p>\n","protected":false},"author":636,"featured_media":0,"parent":0,"menu_order":0,"comment_status":"closed","ping_status":"closed","template":"","meta":{"_acf_changed":false,"_et_pb_use_builder":"on","_et_pb_old_content":"<table style=\"height: 1767px\" width=\"851\">\r\n<tbody>\r\n<tr>\r\n<td style=\"width: 168.422px\">\r\n<h5><strong>Sukunimi<\/strong><\/h5>\r\n<\/td>\r\n<td style=\"width: 168.422px\">\r\n<h5><strong>Etunimi<\/strong><\/h5>\r\n<\/td>\r\n<td style=\"width: 322.031px\">\r\n<h5><strong>S\u00e4hk\u00f6postiosoite<\/strong><\/h5>\r\n<\/td>\r\n<td style=\"width: 164.125px\">\r\n<h5><strong>Matkapuhelin<\/strong><\/h5>\r\n<\/td>\r\n<\/tr>\r\n<tr>\r\n<td style=\"width: 168.422px\">\r\n<h5>Aaltonen<\/h5>\r\n<\/td>\r\n<td style=\"width: 168.422px\">\r\n<h5>Mauri<\/h5>\r\n<\/td>\r\n<td style=\"width: 322.031px\">\r\n<h5>mauri.aaltonen00@gmail.com<\/h5>\r\n<\/td>\r\n<td style=\"width: 164.125px\">\r\n<h5>+358-50-540 7840<\/h5>\r\n<\/td>\r\n<\/tr>\r\n<tr>\r\n<td style=\"width: 168.422px\">\r\n<h5>Ahlholm<\/h5>\r\n<\/td>\r\n<td style=\"width: 168.422px\">\r\n<h5>Pekka<\/h5>\r\n<\/td>\r\n<td style=\"width: 322.031px\">\r\n<h5>pekka.ahlholm@gmail.com<\/h5>\r\n<\/td>\r\n<td style=\"width: 164.125px\">\r\n<h5>+358-400-393666<\/h5>\r\n<\/td>\r\n<\/tr>\r\n<tr>\r\n<td style=\"width: 168.422px\">\r\n<h5>Haaja<\/h5>\r\n<\/td>\r\n<td style=\"width: 168.422px\">\r\n<h5>Ky\u00f6sti<\/h5>\r\n<\/td>\r\n<td style=\"width: 322.031px\">\r\n<h5>kyosti.haaja@gmail.com<\/h5>\r\n<\/td>\r\n<td style=\"width: 164.125px\"><\/td>\r\n<\/tr>\r\n<tr>\r\n<td style=\"width: 168.422px\">\r\n<h5>Hautala<\/h5>\r\n<\/td>\r\n<td style=\"width: 168.422px\">\r\n<h5>Pekka<\/h5>\r\n<\/td>\r\n<td style=\"width: 322.031px\">\r\n<h5>pekka.hautala@pekkahautala.fi<\/h5>\r\n<\/td>\r\n<td style=\"width: 164.125px\">\r\n<h5>+358-500-579901<\/h5>\r\n<\/td>\r\n<\/tr>\r\n<tr>\r\n<td style=\"width: 168.422px\">\r\n<h5>Heikura<\/h5>\r\n<\/td>\r\n<td style=\"width: 168.422px\">\r\n<h5>Ismo<\/h5>\r\n<\/td>\r\n<td style=\"width: 322.031px\">\r\n<h5>ismo.heikura@stemma.fi<\/h5>\r\n<\/td>\r\n<td style=\"width: 164.125px\">\r\n<h5>+358-50-3378898<\/h5>\r\n<\/td>\r\n<\/tr>\r\n<tr>\r\n<td style=\"width: 168.422px\">\r\n<h5>Herranen<\/h5>\r\n<\/td>\r\n<td style=\"width: 168.422px\">\r\n<h5>Matti<\/h5>\r\n<\/td>\r\n<td style=\"width: 322.031px\">\r\n<h5>matti.herranen@kolumbus.fi<\/h5>\r\n<\/td>\r\n<td style=\"width: 164.125px\">\r\n<h5>+358-400-670768<\/h5>\r\n<\/td>\r\n<\/tr>\r\n<tr>\r\n<td style=\"width: 168.422px\">\r\n<h5>Islas Sedano<\/h5>\r\n<\/td>\r\n<td style=\"width: 168.422px\">\r\n<h5>Carolina<\/h5>\r\n<\/td>\r\n<td style=\"width: 322.031px\">\r\n<h5>caislas@gmail.com<\/h5>\r\n<\/td>\r\n<td style=\"width: 164.125px\">\r\n<h5>+358-44-9121069<\/h5>\r\n<\/td>\r\n<\/tr>\r\n<tr>\r\n<td style=\"width: 168.422px\">\r\n<h5>Kahelin<\/h5>\r\n<\/td>\r\n<td style=\"width: 168.422px\">\r\n<h5>Yrj\u00f6<\/h5>\r\n<\/td>\r\n<td style=\"width: 322.031px\">\r\n<h5>asianajotoimisto@yrjokahelin.fi<\/h5>\r\n<\/td>\r\n<td style=\"width: 164.125px\">\r\n<h5>+358-440-748006<\/h5>\r\n<\/td>\r\n<\/tr>\r\n<tr>\r\n<td style=\"width: 168.422px\">\r\n<h5>Kakkonen<\/h5>\r\n<\/td>\r\n<td style=\"width: 168.422px\">\r\n<h5>Ky\u00f6sti<\/h5>\r\n<\/td>\r\n<td style=\"width: 322.031px\">\r\n<h5>kyosti.kakkonen@k2.fi<\/h5>\r\n<\/td>\r\n<td style=\"width: 164.125px\">\r\n<h5>+358-50-65 222<\/h5>\r\n<\/td>\r\n<\/tr>\r\n<tr>\r\n<td style=\"width: 168.422px\">\r\n<h5>Kareinen<\/h5>\r\n<\/td>\r\n<td style=\"width: 168.422px\">\r\n<h5>Veijo<\/h5>\r\n<\/td>\r\n<td style=\"width: 322.031px\">\r\n<h5>veijo.kareinen@elisanet.fi<\/h5>\r\n<\/td>\r\n<td style=\"width: 164.125px\">\r\n<h5>+358-50-5234326<\/h5>\r\n<\/td>\r\n<\/tr>\r\n<tr>\r\n<td style=\"width: 168.422px\">\r\n<h5>Kinnunen<\/h5>\r\n<\/td>\r\n<td style=\"width: 168.422px\">\r\n<h5>Raimo<\/h5>\r\n<\/td>\r\n<td style=\"width: 322.031px\"><\/td>\r\n<td style=\"width: 164.125px\">\r\n<h5>+358-400-605997<\/h5>\r\n<\/td>\r\n<\/tr>\r\n<tr>\r\n<td style=\"width: 168.422px\">\r\n<h5>Kurki<\/h5>\r\n<\/td>\r\n<td style=\"width: 168.422px\">\r\n<h5>Juhana<\/h5>\r\n<\/td>\r\n<td style=\"width: 322.031px\">\r\n<h5>juhana.kurki@telemail.fi<\/h5>\r\n<\/td>\r\n<td style=\"width: 164.125px\"><\/td>\r\n<\/tr>\r\n<tr>\r\n<td style=\"width: 168.422px\">\r\n<h5>Kurkko<\/h5>\r\n<\/td>\r\n<td style=\"width: 168.422px\">\r\n<h5>Pekka<\/h5>\r\n<\/td>\r\n<td style=\"width: 322.031px\">\r\n<h5>pekka.kurkko@gmail.com<\/h5>\r\n<\/td>\r\n<td style=\"width: 164.125px\">\r\n<h5>+358-50-910 6031<\/h5>\r\n<\/td>\r\n<\/tr>\r\n<tr>\r\n<td style=\"width: 168.422px\">\r\n<h5>Kuskelin<\/h5>\r\n<\/td>\r\n<td style=\"width: 168.422px\">\r\n<h5>Kari<\/h5>\r\n<\/td>\r\n<td style=\"width: 322.031px\">\r\n<h5>kari.kuskelin@kk-kuva.fi<\/h5>\r\n<\/td>\r\n<td style=\"width: 164.125px\">\r\n<h5>+358-400-374174<\/h5>\r\n<\/td>\r\n<\/tr>\r\n<tr>\r\n<td style=\"width: 168.422px\">\r\n<h5>Laine<\/h5>\r\n<\/td>\r\n<td style=\"width: 168.422px\">\r\n<h5>Ilpo<\/h5>\r\n<\/td>\r\n<td style=\"width: 322.031px\">\r\n<h5>ilpo.laine@uef.fi<\/h5>\r\n<\/td>\r\n<td style=\"width: 164.125px\">\r\n<h5>+358-40-7770312<\/h5>\r\n<\/td>\r\n<\/tr>\r\n<tr>\r\n<td style=\"width: 168.422px\">\r\n<h5>Martikainen<\/h5>\r\n<\/td>\r\n<td style=\"width: 168.422px\">\r\n<h5>Hannu P<\/h5>\r\n<\/td>\r\n<td style=\"width: 322.031px\">\r\n<h5>hannu.p.martikainen@gmail.com<\/h5>\r\n<\/td>\r\n<td style=\"width: 164.125px\">\r\n<h5>+358-46-6005463<\/h5>\r\n<\/td>\r\n<\/tr>\r\n<tr>\r\n<td style=\"width: 168.422px\">\r\n<h5>Martikkala<\/h5>\r\n<\/td>\r\n<td style=\"width: 168.422px\">\r\n<h5>Vesa<\/h5>\r\n<\/td>\r\n<td style=\"width: 322.031px\">\r\n<h5>vpmartikkala@gmail.com<\/h5>\r\n<\/td>\r\n<td style=\"width: 164.125px\">\r\n<h5>+358-50-5403366<\/h5>\r\n<\/td>\r\n<\/tr>\r\n<tr>\r\n<td style=\"width: 168.422px\">\r\n<h5>Mattila<\/h5>\r\n<\/td>\r\n<td style=\"width: 168.422px\">\r\n<h5>Jouni<\/h5>\r\n<\/td>\r\n<td style=\"width: 322.031px\">\r\n<h5>jounimattila002@gmail.com<\/h5>\r\n<\/td>\r\n<td style=\"width: 164.125px\">\r\n<h5>+358-40-5344820<\/h5>\r\n<\/td>\r\n<\/tr>\r\n<tr>\r\n<td style=\"width: 168.422px\">\r\n<h5>Maukonen<\/h5>\r\n<\/td>\r\n<td style=\"width: 168.422px\">\r\n<h5>Matti<\/h5>\r\n<\/td>\r\n<td style=\"width: 322.031px\">\r\n<h5>matti.maukonen@elisanet.fi<\/h5>\r\n<\/td>\r\n<td style=\"width: 164.125px\">\r\n<h5>+358-50-4437141<\/h5>\r\n<\/td>\r\n<\/tr>\r\n<tr>\r\n<td style=\"width: 168.422px\">\r\n<h5>Miettinen<\/h5>\r\n<\/td>\r\n<td style=\"width: 168.422px\">\r\n<h5>Olavi<\/h5>\r\n<\/td>\r\n<td style=\"width: 322.031px\">\r\n<h5>v.olavi.miettinen@gmail.com<\/h5>\r\n<\/td>\r\n<td style=\"width: 164.125px\">\r\n<h5>+358-40-5167554<\/h5>\r\n<\/td>\r\n<\/tr>\r\n<tr>\r\n<td style=\"width: 168.422px\">\r\n<h5>Miikkulainen<\/h5>\r\n<\/td>\r\n<td style=\"width: 168.422px\">\r\n<h5>Teppo<\/h5>\r\n<\/td>\r\n<td style=\"width: 322.031px\">\r\n<h5>teppo.miikkulainen@gmail.com<\/h5>\r\n<\/td>\r\n<td style=\"width: 164.125px\">\r\n<h5>+358-400-341400<\/h5>\r\n<\/td>\r\n<\/tr>\r\n<tr>\r\n<td style=\"width: 168.422px\">\r\n<h5>Mustonen<\/h5>\r\n<\/td>\r\n<td style=\"width: 168.422px\">\r\n<h5>Tapio<\/h5>\r\n<\/td>\r\n<td style=\"width: 322.031px\">\r\n<h5>eevaliisa.mustonen@kolumbus.fi<\/h5>\r\n<\/td>\r\n<td style=\"width: 164.125px\">\r\n<h5>+358-40-7039777<\/h5>\r\n<\/td>\r\n<\/tr>\r\n<tr>\r\n<td style=\"width: 168.422px\">\r\n<h5>Naski<\/h5>\r\n<\/td>\r\n<td style=\"width: 168.422px\">\r\n<h5>Ismo<\/h5>\r\n<\/td>\r\n<td style=\"width: 322.031px\">\r\n<h5>ismo.naski@gmail.com<\/h5>\r\n<\/td>\r\n<td style=\"width: 164.125px\">\r\n<h5>+358-40-5887697<\/h5>\r\n<\/td>\r\n<\/tr>\r\n<tr>\r\n<td style=\"width: 168.422px\">\r\n<h5>Niemi<\/h5>\r\n<\/td>\r\n<td style=\"width: 168.422px\">\r\n<h5>Timo<\/h5>\r\n<\/td>\r\n<td style=\"width: 322.031px\">\r\n<h5>timo.niemi@pt-controlnet.fi<\/h5>\r\n<\/td>\r\n<td style=\"width: 164.125px\">\r\n<h5>+358-400-573479<\/h5>\r\n<\/td>\r\n<\/tr>\r\n<tr>\r\n<td style=\"width: 168.422px\">\r\n<h5>Panula-Ontto<\/h5>\r\n<\/td>\r\n<td style=\"width: 168.422px\">\r\n<h5>Tomi<\/h5>\r\n<\/td>\r\n<td style=\"width: 322.031px\">\r\n<h5>tomi.po@koodia.com<\/h5>\r\n<\/td>\r\n<td style=\"width: 164.125px\">\r\n<h5>+358-50-5845661<\/h5>\r\n<\/td>\r\n<\/tr>\r\n<tr>\r\n<td style=\"width: 168.422px\">\r\n<h5>Rinne<\/h5>\r\n<\/td>\r\n<td style=\"width: 168.422px\">\r\n<h5>Visa<\/h5>\r\n<\/td>\r\n<td style=\"width: 322.031px\">\r\n<h5>visa.rinne@te-toimisto.fi<\/h5>\r\n<\/td>\r\n<td style=\"width: 164.125px\">\r\n<h5>+358-50-5353431<\/h5>\r\n<\/td>\r\n<\/tr>\r\n<tr>\r\n<td style=\"width: 168.422px\">\r\n<h5>Ripatti<\/h5>\r\n<\/td>\r\n<td style=\"width: 168.422px\">\r\n<h5>Janne<\/h5>\r\n<\/td>\r\n<td style=\"width: 322.031px\">\r\n<h5>janne.ripatti@synergis.fi<\/h5>\r\n<\/td>\r\n<td style=\"width: 164.125px\">\r\n<h5>+358-50-5556090<\/h5>\r\n<\/td>\r\n<\/tr>\r\n<tr>\r\n<td style=\"width: 168.422px\">\r\n<h5>Ripatti<\/h5>\r\n<\/td>\r\n<td style=\"width: 168.422px\">\r\n<h5>Pekka<\/h5>\r\n<\/td>\r\n<td style=\"width: 322.031px\">\r\n<h5>pekka.j.ripatti@gmail.com<\/h5>\r\n<\/td>\r\n<td style=\"width: 164.125px\">\r\n<h5>+358-40-5671104<\/h5>\r\n<\/td>\r\n<\/tr>\r\n<tr>\r\n<td style=\"width: 168.422px\">\r\n<h5>Ruuskanen<\/h5>\r\n<\/td>\r\n<td style=\"width: 168.422px\">\r\n<h5>Osmo<\/h5>\r\n<\/td>\r\n<td style=\"width: 322.031px\">\r\n<h5>osmo.ruuskanen@elisanet.fi<\/h5>\r\n<\/td>\r\n<td style=\"width: 164.125px\"><\/td>\r\n<\/tr>\r\n<tr>\r\n<td style=\"width: 168.422px\">\r\n<h5>Sahama<\/h5>\r\n<\/td>\r\n<td style=\"width: 168.422px\">\r\n<h5>Yrj\u00f6<\/h5>\r\n<\/td>\r\n<td style=\"width: 322.031px\">\r\n<h5>yrjo.sahama@elisanet.fi<\/h5>\r\n<\/td>\r\n<td style=\"width: 164.125px\">\r\n<h5>+358-40-5300452<\/h5>\r\n<\/td>\r\n<\/tr>\r\n<tr>\r\n<td style=\"width: 168.422px\">\r\n<h5>Salo<\/h5>\r\n<\/td>\r\n<td style=\"width: 168.422px\">\r\n<h5>Kauko<\/h5>\r\n<\/td>\r\n<td style=\"width: 322.031px\">\r\n<h5>kaukojsalo2@gmail.com<\/h5>\r\n<\/td>\r\n<td style=\"width: 164.125px\">\r\n<h5>+358-45-6666131<\/h5>\r\n<\/td>\r\n<\/tr>\r\n<tr>\r\n<td style=\"width: 168.422px\">\r\n<h5>Schultz Rabin<\/h5>\r\n<\/td>\r\n<td style=\"width: 168.422px\">\r\n<h5>Kenneth<\/h5>\r\n<\/td>\r\n<td style=\"width: 322.031px\">\r\n<h5>kenneth.rabin@gmail.com<\/h5>\r\n<\/td>\r\n<td style=\"width: 164.125px\"><\/td>\r\n<\/tr>\r\n<tr>\r\n<td style=\"width: 168.422px\">\r\n<h5>Selkama<\/h5>\r\n<\/td>\r\n<td style=\"width: 168.422px\">\r\n<h5>Teuvo<\/h5>\r\n<\/td>\r\n<td style=\"width: 322.031px\">\r\n<h5>teuvo.selkama@gmail.com<\/h5>\r\n<\/td>\r\n<td style=\"width: 164.125px\">\r\n<h5>+358-400-627185<\/h5>\r\n<\/td>\r\n<\/tr>\r\n<tr>\r\n<td style=\"width: 168.422px\">\r\n<h5>V\u00e4h\u00e4rautio<\/h5>\r\n<\/td>\r\n<td style=\"width: 168.422px\">\r\n<h5>Erkki<\/h5>\r\n<\/td>\r\n<td style=\"width: 322.031px\">\r\n<h5>erkki.vahar@gmail.com<\/h5>\r\n<\/td>\r\n<td style=\"width: 164.125px\">\r\n<h5>+358-44-2464654<\/h5>\r\n<\/td>\r\n<\/tr>\r\n<tr>\r\n<td style=\"width: 168.422px\">\r\n<h5>V\u00e4nsk\u00e4<\/h5>\r\n<\/td>\r\n<td style=\"width: 168.422px\">\r\n<h5>Mauri<\/h5>\r\n<\/td>\r\n<td style=\"width: 322.031px\">\r\n<h5>vanskamauri@gmail.com<\/h5>\r\n<\/td>\r\n<td style=\"width: 164.125px\">\r\n<h5>+358-50-5441254<\/h5>\r\n<\/td>\r\n<\/tr>\r\n<\/tbody>\r\n<\/table>","_et_gb_content_width":"","footnotes":""},"class_list":["post-2019","page","type-page","status-publish","hentry"],"acf":[],"yoast_head":"<!-- This site is optimized with the Yoast SEO plugin v27.0 - https:\/\/yoast.com\/product\/yoast-seo-wordpress\/ -->\n<title>J\u00e4senten yhteystiedot - Joensuun Etel\u00e4inen Rotaryklubi<\/title>\n<meta name=\"robots\" content=\"index, follow, max-snippet:-1, max-image-preview:large, max-video-preview:-1\" \/>\n<link rel=\"canonical\" href=\"https:\/\/rotary.fi\/joensuuetelainen\/jasenten-yhteystiedot\/\" \/>\n<meta property=\"og:locale\" content=\"fi_FI\" \/>\n<meta property=\"og:type\" content=\"article\" \/>\n<meta property=\"og:title\" content=\"J\u00e4senten yhteystiedot - Joensuun Etel\u00e4inen Rotaryklubi\" \/>\n<meta property=\"og:description\" content=\"T\u00e4st\u00e4 linkst\u00e4 napsauttamalla saat avattua PDF-tiedoston j\u00e4senist\u00e4.\" \/>\n<meta property=\"og:url\" content=\"https:\/\/rotary.fi\/joensuuetelainen\/jasenten-yhteystiedot\/\" \/>\n<meta property=\"og:site_name\" content=\"Joensuun Etel\u00e4inen Rotaryklubi\" \/>\n<meta property=\"article:modified_time\" content=\"2025-03-26T14:23:21+00:00\" \/>\n<meta name=\"twitter:card\" content=\"summary_large_image\" \/>\n<meta name=\"twitter:label1\" content=\"Arvioitu lukuaika\" \/>\n\t<meta name=\"twitter:data1\" content=\"1 minuutti\" \/>\n<script type=\"application\/ld+json\" class=\"yoast-schema-graph\">{\"@context\":\"https:\/\/schema.org\",\"@graph\":[{\"@type\":\"WebPage\",\"@id\":\"https:\/\/rotary.fi\/joensuuetelainen\/jasenten-yhteystiedot\/\",\"url\":\"https:\/\/rotary.fi\/joensuuetelainen\/jasenten-yhteystiedot\/\",\"name\":\"J\u00e4senten yhteystiedot - Joensuun Etel\u00e4inen Rotaryklubi\",\"isPartOf\":{\"@id\":\"https:\/\/rotary.fi\/joensuuetelainen\/#website\"},\"datePublished\":\"2023-06-05T06:57:41+00:00\",\"dateModified\":\"2025-03-26T14:23:21+00:00\",\"breadcrumb\":{\"@id\":\"https:\/\/rotary.fi\/joensuuetelainen\/jasenten-yhteystiedot\/#breadcrumb\"},\"inLanguage\":\"fi\",\"potentialAction\":[{\"@type\":\"ReadAction\",\"target\":[\"https:\/\/rotary.fi\/joensuuetelainen\/jasenten-yhteystiedot\/\"]}]},{\"@type\":\"BreadcrumbList\",\"@id\":\"https:\/\/rotary.fi\/joensuuetelainen\/jasenten-yhteystiedot\/#breadcrumb\",\"itemListElement\":[{\"@type\":\"ListItem\",\"position\":1,\"name\":\"Home\",\"item\":\"https:\/\/rotary.fi\/joensuuetelainen\/\"},{\"@type\":\"ListItem\",\"position\":2,\"name\":\"J\u00e4senten yhteystiedot\"}]},{\"@type\":\"WebSite\",\"@id\":\"https:\/\/rotary.fi\/joensuuetelainen\/#website\",\"url\":\"https:\/\/rotary.fi\/joensuuetelainen\/\",\"name\":\"Joensuun Etel\u00e4inen Rotaryklubi\",\"description\":\"Rotary klubisivusto\",\"potentialAction\":[{\"@type\":\"SearchAction\",\"target\":{\"@type\":\"EntryPoint\",\"urlTemplate\":\"https:\/\/rotary.fi\/joensuuetelainen\/?s={search_term_string}\"},\"query-input\":{\"@type\":\"PropertyValueSpecification\",\"valueRequired\":true,\"valueName\":\"search_term_string\"}}],\"inLanguage\":\"fi\"}]}<\/script>\n<!-- \/ Yoast SEO plugin. -->","yoast_head_json":{"title":"J\u00e4senten yhteystiedot - Joensuun Etel\u00e4inen Rotaryklubi","robots":{"index":"index","follow":"follow","max-snippet":"max-snippet:-1","max-image-preview":"max-image-preview:large","max-video-preview":"max-video-preview:-1"},"canonical":"https:\/\/rotary.fi\/joensuuetelainen\/jasenten-yhteystiedot\/","og_locale":"fi_FI","og_type":"article","og_title":"J\u00e4senten yhteystiedot - Joensuun Etel\u00e4inen Rotaryklubi","og_description":"T\u00e4st\u00e4 linkst\u00e4 napsauttamalla saat avattua PDF-tiedoston j\u00e4senist\u00e4.","og_url":"https:\/\/rotary.fi\/joensuuetelainen\/jasenten-yhteystiedot\/","og_site_name":"Joensuun Etel\u00e4inen Rotaryklubi","article_modified_time":"2025-03-26T14:23:21+00:00","twitter_card":"summary_large_image","twitter_misc":{"Arvioitu lukuaika":"1 minuutti"},"schema":{"@context":"https:\/\/schema.org","@graph":[{"@type":"WebPage","@id":"https:\/\/rotary.fi\/joensuuetelainen\/jasenten-yhteystiedot\/","url":"https:\/\/rotary.fi\/joensuuetelainen\/jasenten-yhteystiedot\/","name":"J\u00e4senten yhteystiedot - Joensuun Etel\u00e4inen Rotaryklubi","isPartOf":{"@id":"https:\/\/rotary.fi\/joensuuetelainen\/#website"},"datePublished":"2023-06-05T06:57:41+00:00","dateModified":"2025-03-26T14:23:21+00:00","breadcrumb":{"@id":"https:\/\/rotary.fi\/joensuuetelainen\/jasenten-yhteystiedot\/#breadcrumb"},"inLanguage":"fi","potentialAction":[{"@type":"ReadAction","target":["https:\/\/rotary.fi\/joensuuetelainen\/jasenten-yhteystiedot\/"]}]},{"@type":"BreadcrumbList","@id":"https:\/\/rotary.fi\/joensuuetelainen\/jasenten-yhteystiedot\/#breadcrumb","itemListElement":[{"@type":"ListItem","position":1,"name":"Home","item":"https:\/\/rotary.fi\/joensuuetelainen\/"},{"@type":"ListItem","position":2,"name":"J\u00e4senten yhteystiedot"}]},{"@type":"WebSite","@id":"https:\/\/rotary.fi\/joensuuetelainen\/#website","url":"https:\/\/rotary.fi\/joensuuetelainen\/","name":"Joensuun Etel\u00e4inen Rotaryklubi","description":"Rotary klubisivusto","potentialAction":[{"@type":"SearchAction","target":{"@type":"EntryPoint","urlTemplate":"https:\/\/rotary.fi\/joensuuetelainen\/?s={search_term_string}"},"query-input":{"@type":"PropertyValueSpecification","valueRequired":true,"valueName":"search_term_string"}}],"inLanguage":"fi"}]}},"lang":"fi","translations":{"fi":2019},"pll_sync_post":[],"_links":{"self":[{"href":"https:\/\/rotary.fi\/joensuuetelainen\/wp-json\/wp\/v2\/pages\/2019","targetHints":{"allow":["GET"]}}],"collection":[{"href":"https:\/\/rotary.fi\/joensuuetelainen\/wp-json\/wp\/v2\/pages"}],"about":[{"href":"https:\/\/rotary.fi\/joensuuetelainen\/wp-json\/wp\/v2\/types\/page"}],"author":[{"embeddable":true,"href":"https:\/\/rotary.fi\/joensuuetelainen\/wp-json\/wp\/v2\/users\/636"}],"replies":[{"embeddable":true,"href":"https:\/\/rotary.fi\/joensuuetelainen\/wp-json\/wp\/v2\/comments?post=2019"}],"version-history":[{"count":10,"href":"https:\/\/rotary.fi\/joensuuetelainen\/wp-json\/wp\/v2\/pages\/2019\/revisions"}],"predecessor-version":[{"id":2508,"href":"https:\/\/rotary.fi\/joensuuetelainen\/wp-json\/wp\/v2\/pages\/2019\/revisions\/2508"}],"wp:attachment":[{"href":"https:\/\/rotary.fi\/joensuuetelainen\/wp-json\/wp\/v2\/media?parent=2019"}],"curies":[{"name":"wp","href":"https:\/\/api.w.org\/{rel}","templated":true}]}}