{"id":188,"date":"2018-08-13T13:26:12","date_gmt":"2018-08-13T10:26:12","guid":{"rendered":"https:\/\/rotary.fi\/joensuuetelainen\/?page_id=188"},"modified":"2026-02-20T16:09:11","modified_gmt":"2026-02-20T14:09:11","slug":"presidentin-uutiset","status":"publish","type":"page","link":"https:\/\/rotary.fi\/joensuuetelainen\/ajankohtaista\/presidentin-uutiset\/","title":{"rendered":"Presidentin uutiset"},"content":{"rendered":"<p>[et_pb_section fb_built=&#8221;1&#8243; module_class=&#8221;jumbotron-page&#8221; _builder_version=&#8221;4.16&#8243; background_image=&#8221;https:\/\/rotary.fi\/joensuuetelainen\/wp-content\/uploads\/sites\/238\/2018\/10\/rotary_klubit_alasivu_paakuva_11.jpg&#8221; global_colors_info=&#8221;{}&#8221;][et_pb_row _builder_version=&#8221;4.16&#8243; background_size=&#8221;initial&#8221; background_position=&#8221;top_left&#8221; background_repeat=&#8221;repeat&#8221; global_colors_info=&#8221;{}&#8221;][et_pb_column type=&#8221;4_4&#8243; _builder_version=&#8221;4.16&#8243; custom_padding=&#8221;|||&#8221; global_colors_info=&#8221;{}&#8221; custom_padding__hover=&#8221;|||&#8221;][et_pb_text admin_label=&#8221;P\u00e4\u00e4otsikko&#8221; _builder_version=&#8221;4.16&#8243; text_orientation=&#8221;center&#8221; background_layout=&#8221;dark&#8221; global_colors_info=&#8221;{}&#8221;]<\/p>\n<h1>Presidentin uutiset<\/h1>\n<p>[\/et_pb_text][\/et_pb_column][\/et_pb_row][\/et_pb_section][et_pb_section fb_built=&#8221;1&#8243; specialty=&#8221;on&#8221; module_class_2=&#8221;sivupalkki&#8221; _builder_version=&#8221;4.16&#8243; global_colors_info=&#8221;{}&#8221;][et_pb_column type=&#8221;2_3&#8243; specialty_columns=&#8221;2&#8243; _builder_version=&#8221;4.16&#8243; custom_padding=&#8221;|||&#8221; global_colors_info=&#8221;{}&#8221; custom_padding__hover=&#8221;|||&#8221;][et_pb_row_inner admin_label=&#8221;Rivi&#8221; _builder_version=&#8221;4.16&#8243; global_colors_info=&#8221;{}&#8221;][et_pb_column_inner saved_specialty_column_type=&#8221;2_3&#8243; _builder_version=&#8221;4.16&#8243; custom_padding=&#8221;|||&#8221; global_colors_info=&#8221;{}&#8221; custom_padding__hover=&#8221;|||&#8221;][et_pb_text admin_label=&#8221;Otsikko&#8221; _builder_version=&#8221;4.16&#8243; text_orientation=&#8221;center&#8221; global_colors_info=&#8221;{}&#8221;]<\/p>\n<h1>Presidentin uutiset<\/h1>\n<p style=\"text-align: left\">\n<p style=\"text-align: left\">\n<p style=\"text-align: left\"><a href=\"https:\/\/rotary.fi\/joensuuetelainen\/wp-content\/uploads\/sites\/238\/2026\/02\/Siun-sote-Yleisesittely_LeivonenKirsi_20_02_2026.pdf\">Kirsi Leivosen esitelm\u00e4 20.2.2026: &#8221;Siun Soten yleisesittely&#8221;<\/a><\/p>\n<p style=\"text-align: left\"><a href=\"https:\/\/rotary.fi\/joensuuetelainen\/ajankohtaiset\/viikkokokous-23-1-2026-tahtinavigoinnin-perusteita-kyosti-haaja\/#:~:text=Kokousesitelm%C3%A4%3A-,%E2%80%9DPOKAT%20%2Dohjelma%E2%80%9D,-%E2%80%93%20Eira%20Varis\">Eira Variksen esitelm\u00e4 23.1.2026: &#8221;Pohjois-Karjala -ohjelma&#8221;<\/a><\/p>\n<p style=\"text-align: left\"><a href=\"https:\/\/rotary.fi\/joensuuetelainen\/wp-content\/uploads\/sites\/238\/2026\/02\/Poytakirja_Hallitus_3.2.2026.pdf\">Hallituksen kokousp\u00f6yt\u00e4kirja 3.2.2026<\/a><\/p>\n<p style=\"text-align: left\"><a href=\"https:\/\/rotary.fi\/joensuuetelainen\/wp-content\/uploads\/sites\/238\/2026\/02\/PoytakirjaHallitus31102025.pdf\">Hallituksen kokousp\u00f6yt\u00e4kirja 31.10.2025<\/a><\/p>\n<p style=\"text-align: left\"><a href=\"https:\/\/rotary.fi\/joensuuetelainen\/wp-content\/uploads\/sites\/238\/2026\/02\/Poytakirja06082026.pdf\">Hallituksen kokousp\u00f6yt\u00e4kirja 6.8.2025<\/a><\/p>\n<p style=\"text-align: left\"><a href=\"https:\/\/rotary.fi\/joensuuetelainen\/wp-content\/uploads\/sites\/238\/2025\/03\/POYTAKIRJA_HALL_Joetry3.3.2025.pdf\">Hallituksen kokousp\u00f6yt\u00e4kirja 3.3.2025<\/a><a href=\"https:\/\/rotary.fi\/joensuuetelainen\/wp-content\/uploads\/sites\/238\/2025\/04\/Toimintasuunnitelma2025_26.pdf\"><\/a><\/p>\n<p style=\"text-align: left\"><a href=\"https:\/\/rotary.fi\/joensuuetelainen\/wp-content\/uploads\/sites\/238\/2024\/03\/toimintasuunnitelma_2024_2025-1.pdf\">Kev\u00e4tkokousp\u00f6yt\u00e4kirja 22.3.2024<\/a>\u00a0<\/p>\n<p style=\"text-align: left\"><a href=\"https:\/\/rotary.fi\/joensuuetelainen\/wp-content\/uploads\/sites\/238\/2024\/03\/Hallitus-18.3.2024-poytakirja.pdf\" style=\"font-size: 16px\">Hallituksen kokousp\u00f6yt\u00e4kirja 18.3.2024<\/a><\/p>\n<p style=\"text-align: left\"><a href=\"https:\/\/rotary.fi\/joensuuetelainen\/wp-content\/uploads\/sites\/238\/2024\/02\/Hallitus-9.2.2024.pdf\">Hallituksen kokousp\u00f6yt\u00e4kirja 9.2.2024<\/a><\/p>\n<p style=\"text-align: left\"><a href=\"https:\/\/rotary.fi\/joensuuetelainen\/wp-content\/uploads\/sites\/238\/2023\/11\/Hallitus-3.11.2023.pdf\">Hallituksen kokousp\u00f6yt\u00e4kirja 3.11.2023<\/a><\/p>\n<p style=\"text-align: left\"><a href=\"https:\/\/rotary.fi\/joensuuetelainen\/wp-content\/uploads\/sites\/238\/2023\/11\/Hallitus-29.9.2023.pdf\">Hallituksen kokousp\u00f6yt\u00e4kirja 29.9.2023<\/a><a href=\"https:\/\/rotary.fi\/joensuuetelainen\/wp-content\/uploads\/sites\/238\/2023\/09\/Poytakirja-8.9.2023.pdf\" style=\"font-size: 16px\"><\/a><\/p>\n<p style=\"text-align: left\"><a href=\"https:\/\/rotary.fi\/joensuuetelainen\/wp-content\/uploads\/sites\/238\/2023\/10\/PoytakirjaSyyskokous22092023.pdf\">Syyskokousp\u00f6yt\u00e4kirja 22.9.2023<\/a><\/p>\n<p style=\"text-align: left\"><a href=\"https:\/\/rotary.fi\/joensuuetelainen\/wp-content\/uploads\/sites\/238\/2023\/09\/Poytakirja-8.9.2023.pdf\" style=\"font-size: 16px\">Hallituksen kokousp\u00f6yt\u00e4kirja 8.9.2023<\/a><\/p>\n<p style=\"text-align: left\"><a href=\"https:\/\/rotary.fi\/joensuuetelainen\/wp-content\/uploads\/sites\/238\/2023\/05\/Poytakirja4_04032023.docx\">Hallituksen kokousp\u00f6yt\u00e4kirja 3.3.2023<\/a> (Word)<a href=\"https:\/\/rotary.fi\/joensuuetelainen\/wp-content\/uploads\/sites\/238\/2024\/02\/Hallitus-9.2.2024.pdf\"><\/a><\/p>\n<p style=\"text-align: left\"><a href=\"https:\/\/rotary.fi\/joensuuetelainen\/wp-content\/uploads\/sites\/238\/2023\/05\/Kevakokous2023_Poytakirja_17032023.pdf\">Kev\u00e4tkokous 2023 p\u00f6yt\u00e4kirja<\/a>\u00a0<\/p>\n<p style=\"text-align: left\"><a href=\"https:\/\/rotary.fi\/joensuuetelainen\/wp-content\/uploads\/sites\/238\/2023\/09\/Poytakirja-1_2023-24.pdf\">Hallituksen kokousp\u00f6yt\u00e4kirja 11.8.2023<\/a>\u00a0<a href=\"https:\/\/rotary.fi\/joensuuetelainen\/wp-content\/uploads\/sites\/238\/2025\/03\/POYTAKIRJA_HALL_Joetry3.3.2025.pdf\"><\/a><a href=\"https:\/\/rotary.fi\/joensuuetelainen\/wp-content\/uploads\/sites\/238\/2024\/03\/toimintasuunnitelma_2024_2025-1.pdf\"><\/a><a href=\"https:\/\/rotary.fi\/joensuuetelainen\/wp-content\/uploads\/sites\/238\/2024\/02\/Hallitus-9.2.2024.pdf\"><\/a><\/p>\n<p style=\"text-align: left\"><a href=\"https:\/\/rotary.fi\/joensuuetelainen\/wp-content\/uploads\/sites\/238\/2023\/11\/Hallitus-29.9.2023.pdf\"><\/a><\/p>\n<p style=\"text-align: left\">\n<p>[\/et_pb_text][et_pb_code admin_label=&#8221;Presidenti uutisten listaus&#8221; module_class=&#8221;kaikki_ajankohtaiset&#8221; _builder_version=&#8221;4.16&#8243; locked=&#8221;on&#8221; global_colors_info=&#8221;{}&#8221;]<ul class=\"display-posts-listing\"><li class=\"listing-item\"><a class=\"title\" href=\"https:\/\/rotary.fi\/joensuuetelainen\/en\/presidentin_uutiset\/meeting-8-9-2023\/\">Meeting 8.9.2023<\/a> <span class=\"date\">1.6. 2023<\/span><\/li><li class=\"listing-item\"><a class=\"title\" href=\"https:\/\/rotary.fi\/joensuuetelainen\/en\/presidentin_uutiset\/meeting-25-8-2023\/\">Meeting 25.8.2023<\/a> <span class=\"date\">1.6. 2023<\/span><\/li><li class=\"listing-item\"><a class=\"title\" href=\"https:\/\/rotary.fi\/joensuuetelainen\/en\/presidentin_uutiset\/we-start-the-meetings-on-11-8-2023\/\">We start the meetings on 11.8.2023<\/a> <span class=\"date\">1.6. 2023<\/span><\/li><\/ul>[\/et_pb_code][\/et_pb_column_inner][\/et_pb_row_inner][et_pb_row_inner _builder_version=&#8221;4.27.4&#8243; _module_preset=&#8221;default&#8221; global_colors_info=&#8221;{}&#8221;][et_pb_column_inner saved_specialty_column_type=&#8221;2_3&#8243; _builder_version=&#8221;4.27.4&#8243; _module_preset=&#8221;default&#8221; global_colors_info=&#8221;{}&#8221;][et_pb_text _builder_version=&#8221;4.27.4&#8243; _module_preset=&#8221;default&#8221; global_colors_info=&#8221;{}&#8221;]<\/p>\n<h3>Viimeisimm\u00e4t toimintasuunnitelmat ja -kertomukset<\/h3>\n<p>[\/et_pb_text][\/et_pb_column_inner][\/et_pb_row_inner][et_pb_row_inner _builder_version=&#8221;4.27.4&#8243; _module_preset=&#8221;default&#8221; min_height=&#8221;416px&#8221; global_colors_info=&#8221;{}&#8221;][et_pb_column_inner saved_specialty_column_type=&#8221;2_3&#8243; _builder_version=&#8221;4.27.4&#8243; _module_preset=&#8221;default&#8221; global_colors_info=&#8221;{}&#8221;][et_pb_text _builder_version=&#8221;4.27.4&#8243; _module_preset=&#8221;default&#8221; custom_padding=&#8221;||27px|||&#8221; global_colors_info=&#8221;{}&#8221;]<\/p>\n<p><a href=\"https:\/\/rotary.fi\/joensuuetelainen\/wp-content\/uploads\/sites\/238\/2024\/03\/toimintasuunnitelma_2024_2025-1.pdf\">Toimintasuunnitelma 2025-2026<\/a><\/p>\n<p><a href=\"https:\/\/rotary.fi\/joensuuetelainen\/wp-content\/uploads\/sites\/238\/2026\/02\/Toimintaskertomus2024-2025.pdf\">Toimintakertomus 2024-2025<\/a><\/p>\n<p><a href=\"https:\/\/rotary.fi\/joensuuetelainen\/wp-content\/uploads\/sites\/238\/2024\/03\/toimintasuunnitelma_2024_2025-1.pdf\">Toimintasuunnitelma 2024-2025<\/a><\/p>\n<p>\u00a0<a href=\"https:\/\/rotary.fi\/joensuuetelainen\/wp-content\/uploads\/sites\/238\/2026\/02\/Toimintaskertomus2023-2024.pdf\">Toimintakertomus 2023-2024<\/a><\/p>\n<p><a href=\"https:\/\/rotary.fi\/joensuuetelainen\/wp-content\/uploads\/sites\/238\/2023\/05\/toimintasuunnitelma_2023_2024.pdf\" style=\"font-size: 16px\">Toimintasuunnitelma 2023-2024<\/a><\/p>\n<p><a href=\"https:\/\/rotary.fi\/joensuuetelainen\/wp-content\/uploads\/sites\/238\/2023\/09\/ToimintakertomusJoetry2022_2023.pdf\">Toimintakertomus 2022-2023<\/a><\/p>\n<p><a href=\"https:\/\/rotary.fi\/joensuuetelainen\/wp-content\/uploads\/sites\/238\/2026\/02\/toimintasuunnitelma-2022-2023.pdf\"><span style=\"font-size: 16px\">Toimintasuunnitelma 2022-2023<\/span><\/a><\/p>\n<p>&nbsp;<\/p>\n<p>[\/et_pb_text][\/et_pb_column_inner][\/et_pb_row_inner][\/et_pb_column][et_pb_column type=&#8221;1_3&#8243; _builder_version=&#8221;4.16&#8243; custom_padding=&#8221;|||&#8221; global_colors_info=&#8221;{}&#8221; custom_padding__hover=&#8221;|||&#8221;][et_pb_sidebar area=&#8221;sidebar-1&#8243; module_class=&#8221;sivupalkki_sisalto&#8221; _builder_version=&#8221;4.16&#8243; locked=&#8221;on&#8221; global_colors_info=&#8221;{}&#8221;][\/et_pb_sidebar][\/et_pb_column][\/et_pb_section]<\/p>\n","protected":false},"excerpt":{"rendered":"<p>[et_pb_section fb_built=&#8221;1&#8243; module_class=&#8221;jumbotron-page&#8221; _builder_version=&#8221;4.16&#8243; background_image=&#8221;https:\/\/rotary.fi\/joensuuetelainen\/wp-content\/uploads\/sites\/238\/2018\/10\/rotary_klubit_alasivu_paakuva_11.jpg&#8221; global_colors_info=&#8221;{}&#8221;][et_pb_row _builder_version=&#8221;4.16&#8243; background_size=&#8221;initial&#8221; background_position=&#8221;top_left&#8221; background_repeat=&#8221;repeat&#8221; global_colors_info=&#8221;{}&#8221;][et_pb_column type=&#8221;4_4&#8243; _builder_version=&#8221;4.16&#8243; custom_padding=&#8221;|||&#8221; global_colors_info=&#8221;{}&#8221; custom_padding__hover=&#8221;|||&#8221;][et_pb_text admin_label=&#8221;P\u00e4\u00e4otsikko&#8221; _builder_version=&#8221;4.16&#8243; text_orientation=&#8221;center&#8221; background_layout=&#8221;dark&#8221; global_colors_info=&#8221;{}&#8221;] Presidentin uutiset [\/et_pb_text][\/et_pb_column][\/et_pb_row][\/et_pb_section][et_pb_section fb_built=&#8221;1&#8243; specialty=&#8221;on&#8221; module_class_2=&#8221;sivupalkki&#8221; _builder_version=&#8221;4.16&#8243; global_colors_info=&#8221;{}&#8221;][et_pb_column type=&#8221;2_3&#8243; specialty_columns=&#8221;2&#8243; _builder_version=&#8221;4.16&#8243; custom_padding=&#8221;|||&#8221; global_colors_info=&#8221;{}&#8221; custom_padding__hover=&#8221;|||&#8221;][et_pb_row_inner admin_label=&#8221;Rivi&#8221; _builder_version=&#8221;4.16&#8243; global_colors_info=&#8221;{}&#8221;][et_pb_column_inner saved_specialty_column_type=&#8221;2_3&#8243; _builder_version=&#8221;4.16&#8243; custom_padding=&#8221;|||&#8221; global_colors_info=&#8221;{}&#8221; custom_padding__hover=&#8221;|||&#8221;][et_pb_text admin_label=&#8221;Otsikko&#8221; _builder_version=&#8221;4.16&#8243; text_orientation=&#8221;center&#8221; global_colors_info=&#8221;{}&#8221;] Presidentin uutiset Kirsi Leivosen esitelm\u00e4 20.2.2026: &#8221;Siun Soten [&hellip;]<\/p>\n","protected":false},"author":1,"featured_media":0,"parent":94,"menu_order":0,"comment_status":"closed","ping_status":"closed","template":"","meta":{"_acf_changed":false,"_et_pb_use_builder":"on","_et_pb_old_content":"","_et_gb_content_width":"","footnotes":""},"class_list":["post-188","page","type-page","status-publish","hentry"],"acf":[],"yoast_head":"<!-- This site is optimized with the Yoast SEO plugin v27.0 - https:\/\/yoast.com\/product\/yoast-seo-wordpress\/ -->\n<title>Presidentin uutiset - Joensuun Etel\u00e4inen Rotaryklubi<\/title>\n<meta name=\"robots\" content=\"index, follow, max-snippet:-1, max-image-preview:large, max-video-preview:-1\" \/>\n<link rel=\"canonical\" href=\"https:\/\/rotary.fi\/joensuuetelainen\/ajankohtaista\/presidentin-uutiset\/\" \/>\n<meta property=\"og:locale\" content=\"fi_FI\" \/>\n<meta property=\"og:type\" content=\"article\" \/>\n<meta property=\"og:title\" content=\"Presidentin uutiset - Joensuun Etel\u00e4inen Rotaryklubi\" \/>\n<meta property=\"og:description\" content=\"[et_pb_section fb_built=&#8221;1&#8243; module_class=&#8221;jumbotron-page&#8221; _builder_version=&#8221;4.16&#8243; background_image=&#8221;https:\/\/rotary.fi\/joensuuetelainen\/wp-content\/uploads\/sites\/238\/2018\/10\/rotary_klubit_alasivu_paakuva_11.jpg&#8221; global_colors_info=&#8221;{}&#8221;][et_pb_row _builder_version=&#8221;4.16&#8243; background_size=&#8221;initial&#8221; background_position=&#8221;top_left&#8221; background_repeat=&#8221;repeat&#8221; global_colors_info=&#8221;{}&#8221;][et_pb_column type=&#8221;4_4&#8243; _builder_version=&#8221;4.16&#8243; custom_padding=&#8221;|||&#8221; global_colors_info=&#8221;{}&#8221; custom_padding__hover=&#8221;|||&#8221;][et_pb_text admin_label=&#8221;P\u00e4\u00e4otsikko&#8221; _builder_version=&#8221;4.16&#8243; text_orientation=&#8221;center&#8221; background_layout=&#8221;dark&#8221; global_colors_info=&#8221;{}&#8221;] Presidentin uutiset [\/et_pb_text][\/et_pb_column][\/et_pb_row][\/et_pb_section][et_pb_section fb_built=&#8221;1&#8243; specialty=&#8221;on&#8221; module_class_2=&#8221;sivupalkki&#8221; _builder_version=&#8221;4.16&#8243; global_colors_info=&#8221;{}&#8221;][et_pb_column type=&#8221;2_3&#8243; specialty_columns=&#8221;2&#8243; _builder_version=&#8221;4.16&#8243; custom_padding=&#8221;|||&#8221; global_colors_info=&#8221;{}&#8221; custom_padding__hover=&#8221;|||&#8221;][et_pb_row_inner admin_label=&#8221;Rivi&#8221; _builder_version=&#8221;4.16&#8243; global_colors_info=&#8221;{}&#8221;][et_pb_column_inner saved_specialty_column_type=&#8221;2_3&#8243; _builder_version=&#8221;4.16&#8243; custom_padding=&#8221;|||&#8221; global_colors_info=&#8221;{}&#8221; custom_padding__hover=&#8221;|||&#8221;][et_pb_text admin_label=&#8221;Otsikko&#8221; _builder_version=&#8221;4.16&#8243; text_orientation=&#8221;center&#8221; global_colors_info=&#8221;{}&#8221;] Presidentin uutiset Kirsi Leivosen esitelm\u00e4 20.2.2026: &#8221;Siun Soten [&hellip;]\" \/>\n<meta property=\"og:url\" content=\"https:\/\/rotary.fi\/joensuuetelainen\/ajankohtaista\/presidentin-uutiset\/\" \/>\n<meta property=\"og:site_name\" content=\"Joensuun Etel\u00e4inen Rotaryklubi\" \/>\n<meta property=\"article:modified_time\" content=\"2026-02-20T14:09:11+00:00\" \/>\n<meta name=\"twitter:card\" content=\"summary_large_image\" \/>\n<meta name=\"twitter:label1\" content=\"Arvioitu lukuaika\" \/>\n\t<meta name=\"twitter:data1\" content=\"2 minuuttia\" \/>\n<script type=\"application\/ld+json\" class=\"yoast-schema-graph\">{\"@context\":\"https:\/\/schema.org\",\"@graph\":[{\"@type\":\"WebPage\",\"@id\":\"https:\/\/rotary.fi\/joensuuetelainen\/ajankohtaista\/presidentin-uutiset\/\",\"url\":\"https:\/\/rotary.fi\/joensuuetelainen\/ajankohtaista\/presidentin-uutiset\/\",\"name\":\"Presidentin uutiset - Joensuun Etel\u00e4inen Rotaryklubi\",\"isPartOf\":{\"@id\":\"https:\/\/rotary.fi\/joensuuetelainen\/#website\"},\"datePublished\":\"2018-08-13T10:26:12+00:00\",\"dateModified\":\"2026-02-20T14:09:11+00:00\",\"breadcrumb\":{\"@id\":\"https:\/\/rotary.fi\/joensuuetelainen\/ajankohtaista\/presidentin-uutiset\/#breadcrumb\"},\"inLanguage\":\"fi\",\"potentialAction\":[{\"@type\":\"ReadAction\",\"target\":[\"https:\/\/rotary.fi\/joensuuetelainen\/ajankohtaista\/presidentin-uutiset\/\"]}]},{\"@type\":\"BreadcrumbList\",\"@id\":\"https:\/\/rotary.fi\/joensuuetelainen\/ajankohtaista\/presidentin-uutiset\/#breadcrumb\",\"itemListElement\":[{\"@type\":\"ListItem\",\"position\":1,\"name\":\"Home\",\"item\":\"https:\/\/rotary.fi\/joensuuetelainen\/\"},{\"@type\":\"ListItem\",\"position\":2,\"name\":\"Ajankohtaista\",\"item\":\"https:\/\/rotary.fi\/joensuuetelainen\/ajankohtaista\/\"},{\"@type\":\"ListItem\",\"position\":3,\"name\":\"Presidentin uutiset\"}]},{\"@type\":\"WebSite\",\"@id\":\"https:\/\/rotary.fi\/joensuuetelainen\/#website\",\"url\":\"https:\/\/rotary.fi\/joensuuetelainen\/\",\"name\":\"Joensuun Etel\u00e4inen Rotaryklubi\",\"description\":\"Rotary klubisivusto\",\"potentialAction\":[{\"@type\":\"SearchAction\",\"target\":{\"@type\":\"EntryPoint\",\"urlTemplate\":\"https:\/\/rotary.fi\/joensuuetelainen\/?s={search_term_string}\"},\"query-input\":{\"@type\":\"PropertyValueSpecification\",\"valueRequired\":true,\"valueName\":\"search_term_string\"}}],\"inLanguage\":\"fi\"}]}<\/script>\n<!-- \/ Yoast SEO plugin. -->","yoast_head_json":{"title":"Presidentin uutiset - Joensuun Etel\u00e4inen Rotaryklubi","robots":{"index":"index","follow":"follow","max-snippet":"max-snippet:-1","max-image-preview":"max-image-preview:large","max-video-preview":"max-video-preview:-1"},"canonical":"https:\/\/rotary.fi\/joensuuetelainen\/ajankohtaista\/presidentin-uutiset\/","og_locale":"fi_FI","og_type":"article","og_title":"Presidentin uutiset - Joensuun Etel\u00e4inen Rotaryklubi","og_description":"[et_pb_section fb_built=&#8221;1&#8243; module_class=&#8221;jumbotron-page&#8221; _builder_version=&#8221;4.16&#8243; background_image=&#8221;https:\/\/rotary.fi\/joensuuetelainen\/wp-content\/uploads\/sites\/238\/2018\/10\/rotary_klubit_alasivu_paakuva_11.jpg&#8221; global_colors_info=&#8221;{}&#8221;][et_pb_row _builder_version=&#8221;4.16&#8243; background_size=&#8221;initial&#8221; background_position=&#8221;top_left&#8221; background_repeat=&#8221;repeat&#8221; global_colors_info=&#8221;{}&#8221;][et_pb_column type=&#8221;4_4&#8243; _builder_version=&#8221;4.16&#8243; custom_padding=&#8221;|||&#8221; global_colors_info=&#8221;{}&#8221; custom_padding__hover=&#8221;|||&#8221;][et_pb_text admin_label=&#8221;P\u00e4\u00e4otsikko&#8221; _builder_version=&#8221;4.16&#8243; text_orientation=&#8221;center&#8221; background_layout=&#8221;dark&#8221; global_colors_info=&#8221;{}&#8221;] Presidentin uutiset [\/et_pb_text][\/et_pb_column][\/et_pb_row][\/et_pb_section][et_pb_section fb_built=&#8221;1&#8243; specialty=&#8221;on&#8221; module_class_2=&#8221;sivupalkki&#8221; _builder_version=&#8221;4.16&#8243; global_colors_info=&#8221;{}&#8221;][et_pb_column type=&#8221;2_3&#8243; specialty_columns=&#8221;2&#8243; _builder_version=&#8221;4.16&#8243; custom_padding=&#8221;|||&#8221; global_colors_info=&#8221;{}&#8221; custom_padding__hover=&#8221;|||&#8221;][et_pb_row_inner admin_label=&#8221;Rivi&#8221; _builder_version=&#8221;4.16&#8243; global_colors_info=&#8221;{}&#8221;][et_pb_column_inner saved_specialty_column_type=&#8221;2_3&#8243; _builder_version=&#8221;4.16&#8243; custom_padding=&#8221;|||&#8221; global_colors_info=&#8221;{}&#8221; custom_padding__hover=&#8221;|||&#8221;][et_pb_text admin_label=&#8221;Otsikko&#8221; _builder_version=&#8221;4.16&#8243; text_orientation=&#8221;center&#8221; global_colors_info=&#8221;{}&#8221;] Presidentin uutiset Kirsi Leivosen esitelm\u00e4 20.2.2026: &#8221;Siun Soten [&hellip;]","og_url":"https:\/\/rotary.fi\/joensuuetelainen\/ajankohtaista\/presidentin-uutiset\/","og_site_name":"Joensuun Etel\u00e4inen Rotaryklubi","article_modified_time":"2026-02-20T14:09:11+00:00","twitter_card":"summary_large_image","twitter_misc":{"Arvioitu lukuaika":"2 minuuttia"},"schema":{"@context":"https:\/\/schema.org","@graph":[{"@type":"WebPage","@id":"https:\/\/rotary.fi\/joensuuetelainen\/ajankohtaista\/presidentin-uutiset\/","url":"https:\/\/rotary.fi\/joensuuetelainen\/ajankohtaista\/presidentin-uutiset\/","name":"Presidentin uutiset - Joensuun Etel\u00e4inen Rotaryklubi","isPartOf":{"@id":"https:\/\/rotary.fi\/joensuuetelainen\/#website"},"datePublished":"2018-08-13T10:26:12+00:00","dateModified":"2026-02-20T14:09:11+00:00","breadcrumb":{"@id":"https:\/\/rotary.fi\/joensuuetelainen\/ajankohtaista\/presidentin-uutiset\/#breadcrumb"},"inLanguage":"fi","potentialAction":[{"@type":"ReadAction","target":["https:\/\/rotary.fi\/joensuuetelainen\/ajankohtaista\/presidentin-uutiset\/"]}]},{"@type":"BreadcrumbList","@id":"https:\/\/rotary.fi\/joensuuetelainen\/ajankohtaista\/presidentin-uutiset\/#breadcrumb","itemListElement":[{"@type":"ListItem","position":1,"name":"Home","item":"https:\/\/rotary.fi\/joensuuetelainen\/"},{"@type":"ListItem","position":2,"name":"Ajankohtaista","item":"https:\/\/rotary.fi\/joensuuetelainen\/ajankohtaista\/"},{"@type":"ListItem","position":3,"name":"Presidentin uutiset"}]},{"@type":"WebSite","@id":"https:\/\/rotary.fi\/joensuuetelainen\/#website","url":"https:\/\/rotary.fi\/joensuuetelainen\/","name":"Joensuun Etel\u00e4inen Rotaryklubi","description":"Rotary klubisivusto","potentialAction":[{"@type":"SearchAction","target":{"@type":"EntryPoint","urlTemplate":"https:\/\/rotary.fi\/joensuuetelainen\/?s={search_term_string}"},"query-input":{"@type":"PropertyValueSpecification","valueRequired":true,"valueName":"search_term_string"}}],"inLanguage":"fi"}]}},"lang":"fi","translations":{"fi":188,"en":1494},"pll_sync_post":[],"_links":{"self":[{"href":"https:\/\/rotary.fi\/joensuuetelainen\/wp-json\/wp\/v2\/pages\/188","targetHints":{"allow":["GET"]}}],"collection":[{"href":"https:\/\/rotary.fi\/joensuuetelainen\/wp-json\/wp\/v2\/pages"}],"about":[{"href":"https:\/\/rotary.fi\/joensuuetelainen\/wp-json\/wp\/v2\/types\/page"}],"author":[{"embeddable":true,"href":"https:\/\/rotary.fi\/joensuuetelainen\/wp-json\/wp\/v2\/users\/1"}],"replies":[{"embeddable":true,"href":"https:\/\/rotary.fi\/joensuuetelainen\/wp-json\/wp\/v2\/comments?post=188"}],"version-history":[{"count":10,"href":"https:\/\/rotary.fi\/joensuuetelainen\/wp-json\/wp\/v2\/pages\/188\/revisions"}],"predecessor-version":[{"id":2745,"href":"https:\/\/rotary.fi\/joensuuetelainen\/wp-json\/wp\/v2\/pages\/188\/revisions\/2745"}],"up":[{"embeddable":true,"href":"https:\/\/rotary.fi\/joensuuetelainen\/wp-json\/wp\/v2\/pages\/94"}],"wp:attachment":[{"href":"https:\/\/rotary.fi\/joensuuetelainen\/wp-json\/wp\/v2\/media?parent=188"}],"curies":[{"name":"wp","href":"https:\/\/api.w.org\/{rel}","templated":true}]}}