{"id":1822,"date":"2023-05-28T15:50:48","date_gmt":"2023-05-28T12:50:48","guid":{"rendered":"https:\/\/rotary.fi\/joensuuetelainen\/?page_id=1822"},"modified":"2023-06-02T11:11:33","modified_gmt":"2023-06-02T08:11:33","slug":"piirin-kalenteri","status":"publish","type":"page","link":"https:\/\/rotary.fi\/joensuuetelainen\/piirin-kalenteri\/","title":{"rendered":"Piirin kalenteri"},"content":{"rendered":"<p>[et_pb_section fb_built=&#8221;1&#8243; admin_label=&#8221;section&#8221; _builder_version=&#8221;4.16&#8243; global_colors_info=&#8221;{}&#8221;][et_pb_row admin_label=&#8221;row&#8221; _builder_version=&#8221;4.16&#8243; background_size=&#8221;initial&#8221; background_position=&#8221;top_left&#8221; background_repeat=&#8221;repeat&#8221; global_colors_info=&#8221;{}&#8221;][et_pb_column type=&#8221;4_4&#8243; _builder_version=&#8221;4.16&#8243; custom_padding=&#8221;|||&#8221; global_colors_info=&#8221;{}&#8221; custom_padding__hover=&#8221;|||&#8221;][et_pb_text admin_label=&#8221;Text&#8221; _builder_version=&#8221;4.16&#8243; background_size=&#8221;initial&#8221; background_position=&#8221;top_left&#8221; background_repeat=&#8221;repeat&#8221; min_height=&#8221;64px&#8221; custom_margin=&#8221;-3px||40px|||&#8221; global_colors_info=&#8221;{}&#8221;]<\/p>\n<p>&nbsp;<\/p>\n<h4><a href=\"https:\/\/rotary.fi\/d1430\/ajankohtaista\/tapahtumakalenteri\/\">T\u00e4st\u00e4 piirin 1430 kalenteriin<\/a><\/h4>\n<p>&nbsp;<\/p>\n<p>[\/et_pb_text][\/et_pb_column][\/et_pb_row][\/et_pb_section]<\/p>\n","protected":false},"excerpt":{"rendered":"<p>&nbsp; T\u00e4st\u00e4 piirin 1430 kalenteriin &nbsp;<\/p>\n","protected":false},"author":636,"featured_media":0,"parent":0,"menu_order":0,"comment_status":"closed","ping_status":"closed","template":"","meta":{"_acf_changed":false,"_et_pb_use_builder":"on","_et_pb_old_content":"<a href=\"https:\/\/rotary.fi\/d1430\/ajankohtaista\/tapahtumakalenteri\/\">https:\/\/rotary.fi\/d1430\/ajankohtaista\/tapahtumakalenteri\/<\/a>","_et_gb_content_width":"","footnotes":""},"class_list":["post-1822","page","type-page","status-publish","hentry"],"acf":[],"yoast_head":"<!-- This site is optimized with the Yoast SEO plugin v27.0 - https:\/\/yoast.com\/product\/yoast-seo-wordpress\/ -->\n<title>Piirin kalenteri - Joensuun Etel\u00e4inen Rotaryklubi<\/title>\n<meta name=\"robots\" content=\"index, follow, max-snippet:-1, max-image-preview:large, max-video-preview:-1\" \/>\n<link rel=\"canonical\" href=\"https:\/\/rotary.fi\/joensuuetelainen\/piirin-kalenteri\/\" \/>\n<meta property=\"og:locale\" content=\"fi_FI\" \/>\n<meta property=\"og:type\" content=\"article\" \/>\n<meta property=\"og:title\" content=\"Piirin kalenteri - Joensuun Etel\u00e4inen Rotaryklubi\" \/>\n<meta property=\"og:description\" content=\"&nbsp; T\u00e4st\u00e4 piirin 1430 kalenteriin &nbsp;\" \/>\n<meta property=\"og:url\" content=\"https:\/\/rotary.fi\/joensuuetelainen\/piirin-kalenteri\/\" \/>\n<meta property=\"og:site_name\" content=\"Joensuun Etel\u00e4inen Rotaryklubi\" \/>\n<meta property=\"article:modified_time\" content=\"2023-06-02T08:11:33+00:00\" \/>\n<meta name=\"twitter:card\" content=\"summary_large_image\" \/>\n<meta name=\"twitter:label1\" content=\"Arvioitu lukuaika\" \/>\n\t<meta name=\"twitter:data1\" content=\"1 minuutti\" \/>\n<script type=\"application\/ld+json\" class=\"yoast-schema-graph\">{\"@context\":\"https:\/\/schema.org\",\"@graph\":[{\"@type\":\"WebPage\",\"@id\":\"https:\/\/rotary.fi\/joensuuetelainen\/piirin-kalenteri\/\",\"url\":\"https:\/\/rotary.fi\/joensuuetelainen\/piirin-kalenteri\/\",\"name\":\"Piirin kalenteri - Joensuun Etel\u00e4inen Rotaryklubi\",\"isPartOf\":{\"@id\":\"https:\/\/rotary.fi\/joensuuetelainen\/#website\"},\"datePublished\":\"2023-05-28T12:50:48+00:00\",\"dateModified\":\"2023-06-02T08:11:33+00:00\",\"breadcrumb\":{\"@id\":\"https:\/\/rotary.fi\/joensuuetelainen\/piirin-kalenteri\/#breadcrumb\"},\"inLanguage\":\"fi\",\"potentialAction\":[{\"@type\":\"ReadAction\",\"target\":[\"https:\/\/rotary.fi\/joensuuetelainen\/piirin-kalenteri\/\"]}]},{\"@type\":\"BreadcrumbList\",\"@id\":\"https:\/\/rotary.fi\/joensuuetelainen\/piirin-kalenteri\/#breadcrumb\",\"itemListElement\":[{\"@type\":\"ListItem\",\"position\":1,\"name\":\"Home\",\"item\":\"https:\/\/rotary.fi\/joensuuetelainen\/\"},{\"@type\":\"ListItem\",\"position\":2,\"name\":\"Piirin kalenteri\"}]},{\"@type\":\"WebSite\",\"@id\":\"https:\/\/rotary.fi\/joensuuetelainen\/#website\",\"url\":\"https:\/\/rotary.fi\/joensuuetelainen\/\",\"name\":\"Joensuun Etel\u00e4inen Rotaryklubi\",\"description\":\"Rotary klubisivusto\",\"potentialAction\":[{\"@type\":\"SearchAction\",\"target\":{\"@type\":\"EntryPoint\",\"urlTemplate\":\"https:\/\/rotary.fi\/joensuuetelainen\/?s={search_term_string}\"},\"query-input\":{\"@type\":\"PropertyValueSpecification\",\"valueRequired\":true,\"valueName\":\"search_term_string\"}}],\"inLanguage\":\"fi\"}]}<\/script>\n<!-- \/ Yoast SEO plugin. -->","yoast_head_json":{"title":"Piirin kalenteri - Joensuun Etel\u00e4inen Rotaryklubi","robots":{"index":"index","follow":"follow","max-snippet":"max-snippet:-1","max-image-preview":"max-image-preview:large","max-video-preview":"max-video-preview:-1"},"canonical":"https:\/\/rotary.fi\/joensuuetelainen\/piirin-kalenteri\/","og_locale":"fi_FI","og_type":"article","og_title":"Piirin kalenteri - Joensuun Etel\u00e4inen Rotaryklubi","og_description":"&nbsp; T\u00e4st\u00e4 piirin 1430 kalenteriin &nbsp;","og_url":"https:\/\/rotary.fi\/joensuuetelainen\/piirin-kalenteri\/","og_site_name":"Joensuun Etel\u00e4inen Rotaryklubi","article_modified_time":"2023-06-02T08:11:33+00:00","twitter_card":"summary_large_image","twitter_misc":{"Arvioitu lukuaika":"1 minuutti"},"schema":{"@context":"https:\/\/schema.org","@graph":[{"@type":"WebPage","@id":"https:\/\/rotary.fi\/joensuuetelainen\/piirin-kalenteri\/","url":"https:\/\/rotary.fi\/joensuuetelainen\/piirin-kalenteri\/","name":"Piirin kalenteri - Joensuun Etel\u00e4inen Rotaryklubi","isPartOf":{"@id":"https:\/\/rotary.fi\/joensuuetelainen\/#website"},"datePublished":"2023-05-28T12:50:48+00:00","dateModified":"2023-06-02T08:11:33+00:00","breadcrumb":{"@id":"https:\/\/rotary.fi\/joensuuetelainen\/piirin-kalenteri\/#breadcrumb"},"inLanguage":"fi","potentialAction":[{"@type":"ReadAction","target":["https:\/\/rotary.fi\/joensuuetelainen\/piirin-kalenteri\/"]}]},{"@type":"BreadcrumbList","@id":"https:\/\/rotary.fi\/joensuuetelainen\/piirin-kalenteri\/#breadcrumb","itemListElement":[{"@type":"ListItem","position":1,"name":"Home","item":"https:\/\/rotary.fi\/joensuuetelainen\/"},{"@type":"ListItem","position":2,"name":"Piirin kalenteri"}]},{"@type":"WebSite","@id":"https:\/\/rotary.fi\/joensuuetelainen\/#website","url":"https:\/\/rotary.fi\/joensuuetelainen\/","name":"Joensuun Etel\u00e4inen Rotaryklubi","description":"Rotary klubisivusto","potentialAction":[{"@type":"SearchAction","target":{"@type":"EntryPoint","urlTemplate":"https:\/\/rotary.fi\/joensuuetelainen\/?s={search_term_string}"},"query-input":{"@type":"PropertyValueSpecification","valueRequired":true,"valueName":"search_term_string"}}],"inLanguage":"fi"}]}},"lang":"fi","translations":{"fi":1822},"pll_sync_post":[],"_links":{"self":[{"href":"https:\/\/rotary.fi\/joensuuetelainen\/wp-json\/wp\/v2\/pages\/1822","targetHints":{"allow":["GET"]}}],"collection":[{"href":"https:\/\/rotary.fi\/joensuuetelainen\/wp-json\/wp\/v2\/pages"}],"about":[{"href":"https:\/\/rotary.fi\/joensuuetelainen\/wp-json\/wp\/v2\/types\/page"}],"author":[{"embeddable":true,"href":"https:\/\/rotary.fi\/joensuuetelainen\/wp-json\/wp\/v2\/users\/636"}],"replies":[{"embeddable":true,"href":"https:\/\/rotary.fi\/joensuuetelainen\/wp-json\/wp\/v2\/comments?post=1822"}],"version-history":[{"count":4,"href":"https:\/\/rotary.fi\/joensuuetelainen\/wp-json\/wp\/v2\/pages\/1822\/revisions"}],"predecessor-version":[{"id":1982,"href":"https:\/\/rotary.fi\/joensuuetelainen\/wp-json\/wp\/v2\/pages\/1822\/revisions\/1982"}],"wp:attachment":[{"href":"https:\/\/rotary.fi\/joensuuetelainen\/wp-json\/wp\/v2\/media?parent=1822"}],"curies":[{"name":"wp","href":"https:\/\/api.w.org\/{rel}","templated":true}]}}