{"id":1479,"date":"2019-02-20T15:22:28","date_gmt":"2019-02-20T13:22:28","guid":{"rendered":"https:\/\/rotary.fi\/joensuuetelainen\/?page_id=1479"},"modified":"2023-06-01T16:00:05","modified_gmt":"2023-06-01T13:00:05","slug":"the-clubs-own-guidelines","status":"publish","type":"page","link":"https:\/\/rotary.fi\/joensuuetelainen\/en\/the-clubs-own-guidelines\/","title":{"rendered":"The Club&#8217;s Own Guidelines"},"content":{"rendered":"","protected":true},"excerpt":{"rendered":"","protected":true},"author":1,"featured_media":0,"parent":0,"menu_order":0,"comment_status":"closed","ping_status":"closed","template":"","meta":{"_acf_changed":false,"_et_pb_use_builder":"on","_et_pb_old_content":"","_et_gb_content_width":"","footnotes":""},"class_list":["post-1479","page","type-page","status-publish","post-password-required","hentry"],"acf":[],"yoast_head":"<!-- This site is optimized with the Yoast SEO plugin v27.0 - https:\/\/yoast.com\/product\/yoast-seo-wordpress\/ -->\n<title>The Club&#039;s Own Guidelines - Joensuun Etel\u00e4inen Rotaryklubi<\/title>\n<meta name=\"robots\" content=\"index, follow, max-snippet:-1, max-image-preview:large, max-video-preview:-1\" \/>\n<link rel=\"canonical\" href=\"https:\/\/rotary.fi\/joensuuetelainen\/en\/the-clubs-own-guidelines\/\" \/>\n<meta property=\"og:locale\" content=\"fi_FI\" \/>\n<meta property=\"og:type\" content=\"article\" \/>\n<meta property=\"og:title\" content=\"The Club&#039;s Own Guidelines - Joensuun Etel\u00e4inen Rotaryklubi\" \/>\n<meta property=\"og:description\" content=\"Otetta ei n\u00e4ytet\u00e4, koska artikkeli on suojattu.\" \/>\n<meta property=\"og:url\" content=\"https:\/\/rotary.fi\/joensuuetelainen\/en\/the-clubs-own-guidelines\/\" \/>\n<meta property=\"og:site_name\" content=\"Joensuun Etel\u00e4inen Rotaryklubi\" \/>\n<meta property=\"article:modified_time\" content=\"2023-06-01T13:00:05+00:00\" \/>\n<meta name=\"twitter:card\" content=\"summary_large_image\" \/>\n<meta name=\"twitter:label1\" content=\"Arvioitu lukuaika\" \/>\n\t<meta name=\"twitter:data1\" content=\"1 minuutti\" \/>\n<script type=\"application\/ld+json\" class=\"yoast-schema-graph\">{\"@context\":\"https:\/\/schema.org\",\"@graph\":[{\"@type\":\"WebPage\",\"@id\":\"https:\/\/rotary.fi\/joensuuetelainen\/en\/the-clubs-own-guidelines\/\",\"url\":\"https:\/\/rotary.fi\/joensuuetelainen\/en\/the-clubs-own-guidelines\/\",\"name\":\"The Club's Own Guidelines - Joensuun Etel\u00e4inen Rotaryklubi\",\"isPartOf\":{\"@id\":\"https:\/\/rotary.fi\/joensuuetelainen\/#website\"},\"datePublished\":\"2019-02-20T13:22:28+00:00\",\"dateModified\":\"2023-06-01T13:00:05+00:00\",\"breadcrumb\":{\"@id\":\"https:\/\/rotary.fi\/joensuuetelainen\/en\/the-clubs-own-guidelines\/#breadcrumb\"},\"inLanguage\":\"fi\"},{\"@type\":\"WebSite\",\"@id\":\"https:\/\/rotary.fi\/joensuuetelainen\/#website\",\"url\":\"https:\/\/rotary.fi\/joensuuetelainen\/\",\"name\":\"Joensuun Etel\u00e4inen Rotaryklubi\",\"description\":\"Rotary klubisivusto\",\"potentialAction\":[{\"@type\":\"SearchAction\",\"target\":{\"@type\":\"EntryPoint\",\"urlTemplate\":\"https:\/\/rotary.fi\/joensuuetelainen\/?s={search_term_string}\"},\"query-input\":{\"@type\":\"PropertyValueSpecification\",\"valueRequired\":true,\"valueName\":\"search_term_string\"}}],\"inLanguage\":\"fi\"}]}<\/script>\n<!-- \/ Yoast SEO plugin. -->","yoast_head_json":{"title":"The Club's Own Guidelines - Joensuun Etel\u00e4inen Rotaryklubi","robots":{"index":"index","follow":"follow","max-snippet":"max-snippet:-1","max-image-preview":"max-image-preview:large","max-video-preview":"max-video-preview:-1"},"canonical":"https:\/\/rotary.fi\/joensuuetelainen\/en\/the-clubs-own-guidelines\/","og_locale":"fi_FI","og_type":"article","og_title":"The Club's Own Guidelines - Joensuun Etel\u00e4inen Rotaryklubi","og_description":"Otetta ei n\u00e4ytet\u00e4, koska artikkeli on suojattu.","og_url":"https:\/\/rotary.fi\/joensuuetelainen\/en\/the-clubs-own-guidelines\/","og_site_name":"Joensuun Etel\u00e4inen Rotaryklubi","article_modified_time":"2023-06-01T13:00:05+00:00","twitter_card":"summary_large_image","twitter_misc":{"Arvioitu lukuaika":"1 minuutti"},"schema":{"@context":"https:\/\/schema.org","@graph":[{"@type":"WebPage","@id":"https:\/\/rotary.fi\/joensuuetelainen\/en\/the-clubs-own-guidelines\/","url":"https:\/\/rotary.fi\/joensuuetelainen\/en\/the-clubs-own-guidelines\/","name":"The Club's Own Guidelines - Joensuun Etel\u00e4inen Rotaryklubi","isPartOf":{"@id":"https:\/\/rotary.fi\/joensuuetelainen\/#website"},"datePublished":"2019-02-20T13:22:28+00:00","dateModified":"2023-06-01T13:00:05+00:00","breadcrumb":{"@id":"https:\/\/rotary.fi\/joensuuetelainen\/en\/the-clubs-own-guidelines\/#breadcrumb"},"inLanguage":"fi"},{"@type":"WebSite","@id":"https:\/\/rotary.fi\/joensuuetelainen\/#website","url":"https:\/\/rotary.fi\/joensuuetelainen\/","name":"Joensuun Etel\u00e4inen Rotaryklubi","description":"Rotary klubisivusto","potentialAction":[{"@type":"SearchAction","target":{"@type":"EntryPoint","urlTemplate":"https:\/\/rotary.fi\/joensuuetelainen\/?s={search_term_string}"},"query-input":{"@type":"PropertyValueSpecification","valueRequired":true,"valueName":"search_term_string"}}],"inLanguage":"fi"}]}},"lang":"en","translations":{"en":1479,"fi":258},"pll_sync_post":[],"_links":{"self":[{"href":"https:\/\/rotary.fi\/joensuuetelainen\/wp-json\/wp\/v2\/pages\/1479","targetHints":{"allow":["GET"]}}],"collection":[{"href":"https:\/\/rotary.fi\/joensuuetelainen\/wp-json\/wp\/v2\/pages"}],"about":[{"href":"https:\/\/rotary.fi\/joensuuetelainen\/wp-json\/wp\/v2\/types\/page"}],"author":[{"embeddable":true,"href":"https:\/\/rotary.fi\/joensuuetelainen\/wp-json\/wp\/v2\/users\/1"}],"replies":[{"embeddable":true,"href":"https:\/\/rotary.fi\/joensuuetelainen\/wp-json\/wp\/v2\/comments?post=1479"}],"version-history":[{"count":2,"href":"https:\/\/rotary.fi\/joensuuetelainen\/wp-json\/wp\/v2\/pages\/1479\/revisions"}],"predecessor-version":[{"id":1923,"href":"https:\/\/rotary.fi\/joensuuetelainen\/wp-json\/wp\/v2\/pages\/1479\/revisions\/1923"}],"wp:attachment":[{"href":"https:\/\/rotary.fi\/joensuuetelainen\/wp-json\/wp\/v2\/media?parent=1479"}],"curies":[{"name":"wp","href":"https:\/\/api.w.org\/{rel}","templated":true}]}}