{"id":129,"date":"2018-08-10T13:41:39","date_gmt":"2018-08-10T10:41:39","guid":{"rendered":"https:\/\/rotary.fi\/klubi2\/?page_id=129"},"modified":"2023-09-05T16:12:11","modified_gmt":"2023-09-05T13:12:11","slug":"keita-olemme","status":"publish","type":"page","link":"https:\/\/rotary.fi\/joensuuetelainen\/keita-olemme\/","title":{"rendered":"Keit\u00e4 olemme?"},"content":{"rendered":"<p>[et_pb_section fb_built=&#8221;1&#8243; admin_label=&#8221;section&#8221; _builder_version=&#8221;4.16&#8243; global_colors_info=&#8221;{}&#8221;][et_pb_row admin_label=&#8221;row&#8221; _builder_version=&#8221;4.16&#8243; background_size=&#8221;initial&#8221; background_position=&#8221;top_left&#8221; background_repeat=&#8221;repeat&#8221; global_colors_info=&#8221;{}&#8221;][et_pb_column type=&#8221;4_4&#8243; _builder_version=&#8221;4.16&#8243; custom_padding=&#8221;|||&#8221; global_colors_info=&#8221;{}&#8221; custom_padding__hover=&#8221;|||&#8221;][et_pb_text admin_label=&#8221;Text&#8221; _builder_version=&#8221;4.16&#8243; background_size=&#8221;initial&#8221; background_position=&#8221;top_left&#8221; background_repeat=&#8221;repeat&#8221; global_colors_info=&#8221;{}&#8221;]<\/p>\n<p>Joensuun Etel\u00e4inen Rotaryklubi on rekister\u00f6ity hyv\u00e4ntekev\u00e4isyysyhdistys, joka toimii paikallisesti, alueellisesti ja kansainv\u00e4lisesti.\u00a0 Alueellisesti klubi kuuluu Suomen it\u00e4iseen piiriin numero 1430, valtakunnallisesti klubi kuuluu Suomen ja Viron Rotarypalvelut ry:hyn ja kansainv\u00e4lisesti maailmanlaajuiseen Rotary Internationaliin. Rotaryj\u00e4rjest\u00f6 toimii yli 200 maassa \u2013 j\u00e4seni\u00e4 sill\u00e4 on yli 1,4 miljoonaa. Suomessa ja Virossa on yhteens\u00e4 300 rotaryklubia ja rotareita yhteens\u00e4 noin 10 300.<\/p>\n<p>Klubi osallistuu kansainv\u00e4lisiin, kansallisiin ja paikallisiin hyv\u00e4ntekev\u00e4isyyshankkeisiin, kansainv\u00e4liseen nuorisovaihtoon ja asiantuntijavaihtoon.<\/p>\n<p>Klubi kokoontuu kahden viikon v\u00e4lein parillisten viikkojen perjantaisin klo 12.00-13.00. Ennen kokousta on mahdollisuus lounaaseen Local Bistron kabinetissa Kauppakatu 32 klo 11.00-12.00. Ajankohtaista ja tapahtumat lehdilt\u00e4 voit seurata klubin ohjelmaa, luentoaiheita ja tapahtumia.<\/p>\n<p>&nbsp;<\/p>\n<p>[\/et_pb_text][\/et_pb_column][\/et_pb_row][et_pb_row _builder_version=&#8221;4.22.1&#8243; _module_preset=&#8221;default&#8221;][et_pb_column _builder_version=&#8221;4.22.1&#8243; _module_preset=&#8221;default&#8221; type=&#8221;4_4&#8243;][et_pb_image src=&#8221;https:\/\/rotary.fi\/joensuuetelainen\/wp-content\/uploads\/sites\/238\/2023\/09\/jnskaupungintalotni.jpg&#8221; _builder_version=&#8221;4.22.1&#8243; _module_preset=&#8221;default&#8221; title_text=&#8221;JNSKaupungintaloTNi&#8221; hover_enabled=&#8221;0&#8243; sticky_enabled=&#8221;0&#8243;][\/et_pb_image][\/et_pb_column][\/et_pb_row][\/et_pb_section]<\/p>\n","protected":false},"excerpt":{"rendered":"<p>Joensuun Etel\u00e4inen Rotaryklubi on rekister\u00f6ity hyv\u00e4ntekev\u00e4isyysyhdistys, joka toimii paikallisesti, alueellisesti ja kansainv\u00e4lisesti.\u00a0 Alueellisesti klubi kuuluu Suomen it\u00e4iseen piiriin numero 1430, valtakunnallisesti klubi kuuluu Suomen ja Viron Rotarypalvelut ry:hyn ja kansainv\u00e4lisesti maailmanlaajuiseen Rotary Internationaliin. Rotaryj\u00e4rjest\u00f6 toimii yli 200 maassa \u2013 j\u00e4seni\u00e4 sill\u00e4 on yli 1,4 miljoonaa. Suomessa ja Virossa on yhteens\u00e4 300 rotaryklubia ja rotareita yhteens\u00e4 [&hellip;]<\/p>\n","protected":false},"author":1,"featured_media":0,"parent":0,"menu_order":0,"comment_status":"closed","ping_status":"closed","template":"","meta":{"_acf_changed":false,"_et_pb_use_builder":"on","_et_pb_old_content":"Joensuun Etel\u00e4inen Rotaryklubi on rekister\u00f6ity hyv\u00e4ntekev\u00e4isyysyhdistys, joka toimii paikallisesti, alueellisesti ja kansainv\u00e4lisesti.\u00a0 Alueellisesti klubi kuuluu Suomen it\u00e4iseen piiriin numero 1430, valtakunnallisesti klubi kuuluu Suomen ja Viron Rotarypalvelut ry:hyn ja kansainv\u00e4lisesti maailmanlaajuiseen Rotary Internationaliin. Rotaryj\u00e4rjest\u00f6 toimii yli 200 maassa \u2013 j\u00e4seni\u00e4 sill\u00e4 on yli 1,4 miljoonaa. Suomessa ja Virossa on yhteens\u00e4 300 rotaryklubia ja rotareita yhteens\u00e4 noin 10 300.\r\n\r\nKlubi osallistuu kansainv\u00e4lisiin, kansallisiin ja paikallisiin hyv\u00e4ntekev\u00e4isyyshankkeisiin, kansainv\u00e4liseen nuorisovaihtoon ja asiantuntijavaihtoon.\r\n\r\nKlubi kokoontuu kahden viikon v\u00e4lein. Oikealla n\u00e4et kokoontumisajat ja paikan. Ajankohtaista ja tapahtumat lehdilt\u00e4 voit seurata klubin ohjelmaa, luentoaiheita ja tapahtumia.\r\n\r\n&nbsp;","_et_gb_content_width":"","footnotes":""},"class_list":["post-129","page","type-page","status-publish","hentry"],"acf":[],"yoast_head":"<!-- This site is optimized with the Yoast SEO plugin v27.0 - https:\/\/yoast.com\/product\/yoast-seo-wordpress\/ -->\n<title>Keit\u00e4 olemme? - Joensuun Etel\u00e4inen Rotaryklubi<\/title>\n<meta name=\"robots\" content=\"index, follow, max-snippet:-1, max-image-preview:large, max-video-preview:-1\" \/>\n<link rel=\"canonical\" href=\"https:\/\/rotary.fi\/joensuuetelainen\/keita-olemme\/\" \/>\n<meta property=\"og:locale\" content=\"fi_FI\" \/>\n<meta property=\"og:type\" content=\"article\" \/>\n<meta property=\"og:title\" content=\"Keit\u00e4 olemme? - Joensuun Etel\u00e4inen Rotaryklubi\" \/>\n<meta property=\"og:description\" content=\"Joensuun Etel\u00e4inen Rotaryklubi on rekister\u00f6ity hyv\u00e4ntekev\u00e4isyysyhdistys, joka toimii paikallisesti, alueellisesti ja kansainv\u00e4lisesti.\u00a0 Alueellisesti klubi kuuluu Suomen it\u00e4iseen piiriin numero 1430, valtakunnallisesti klubi kuuluu Suomen ja Viron Rotarypalvelut ry:hyn ja kansainv\u00e4lisesti maailmanlaajuiseen Rotary Internationaliin. Rotaryj\u00e4rjest\u00f6 toimii yli 200 maassa \u2013 j\u00e4seni\u00e4 sill\u00e4 on yli 1,4 miljoonaa. Suomessa ja Virossa on yhteens\u00e4 300 rotaryklubia ja rotareita yhteens\u00e4 [&hellip;]\" \/>\n<meta property=\"og:url\" content=\"https:\/\/rotary.fi\/joensuuetelainen\/keita-olemme\/\" \/>\n<meta property=\"og:site_name\" content=\"Joensuun Etel\u00e4inen Rotaryklubi\" \/>\n<meta property=\"article:modified_time\" content=\"2023-09-05T13:12:11+00:00\" \/>\n<meta name=\"twitter:card\" content=\"summary_large_image\" \/>\n<meta name=\"twitter:label1\" content=\"Arvioitu lukuaika\" \/>\n\t<meta name=\"twitter:data1\" content=\"1 minuutti\" \/>\n<script type=\"application\/ld+json\" class=\"yoast-schema-graph\">{\"@context\":\"https:\/\/schema.org\",\"@graph\":[{\"@type\":\"WebPage\",\"@id\":\"https:\/\/rotary.fi\/joensuuetelainen\/keita-olemme\/\",\"url\":\"https:\/\/rotary.fi\/joensuuetelainen\/keita-olemme\/\",\"name\":\"Keit\u00e4 olemme? - Joensuun Etel\u00e4inen Rotaryklubi\",\"isPartOf\":{\"@id\":\"https:\/\/rotary.fi\/joensuuetelainen\/#website\"},\"datePublished\":\"2018-08-10T10:41:39+00:00\",\"dateModified\":\"2023-09-05T13:12:11+00:00\",\"breadcrumb\":{\"@id\":\"https:\/\/rotary.fi\/joensuuetelainen\/keita-olemme\/#breadcrumb\"},\"inLanguage\":\"fi\",\"potentialAction\":[{\"@type\":\"ReadAction\",\"target\":[\"https:\/\/rotary.fi\/joensuuetelainen\/keita-olemme\/\"]}]},{\"@type\":\"BreadcrumbList\",\"@id\":\"https:\/\/rotary.fi\/joensuuetelainen\/keita-olemme\/#breadcrumb\",\"itemListElement\":[{\"@type\":\"ListItem\",\"position\":1,\"name\":\"Home\",\"item\":\"https:\/\/rotary.fi\/joensuuetelainen\/\"},{\"@type\":\"ListItem\",\"position\":2,\"name\":\"Keit\u00e4 olemme?\"}]},{\"@type\":\"WebSite\",\"@id\":\"https:\/\/rotary.fi\/joensuuetelainen\/#website\",\"url\":\"https:\/\/rotary.fi\/joensuuetelainen\/\",\"name\":\"Joensuun Etel\u00e4inen Rotaryklubi\",\"description\":\"Rotary klubisivusto\",\"potentialAction\":[{\"@type\":\"SearchAction\",\"target\":{\"@type\":\"EntryPoint\",\"urlTemplate\":\"https:\/\/rotary.fi\/joensuuetelainen\/?s={search_term_string}\"},\"query-input\":{\"@type\":\"PropertyValueSpecification\",\"valueRequired\":true,\"valueName\":\"search_term_string\"}}],\"inLanguage\":\"fi\"}]}<\/script>\n<!-- \/ Yoast SEO plugin. -->","yoast_head_json":{"title":"Keit\u00e4 olemme? - Joensuun Etel\u00e4inen Rotaryklubi","robots":{"index":"index","follow":"follow","max-snippet":"max-snippet:-1","max-image-preview":"max-image-preview:large","max-video-preview":"max-video-preview:-1"},"canonical":"https:\/\/rotary.fi\/joensuuetelainen\/keita-olemme\/","og_locale":"fi_FI","og_type":"article","og_title":"Keit\u00e4 olemme? - Joensuun Etel\u00e4inen Rotaryklubi","og_description":"Joensuun Etel\u00e4inen Rotaryklubi on rekister\u00f6ity hyv\u00e4ntekev\u00e4isyysyhdistys, joka toimii paikallisesti, alueellisesti ja kansainv\u00e4lisesti.\u00a0 Alueellisesti klubi kuuluu Suomen it\u00e4iseen piiriin numero 1430, valtakunnallisesti klubi kuuluu Suomen ja Viron Rotarypalvelut ry:hyn ja kansainv\u00e4lisesti maailmanlaajuiseen Rotary Internationaliin. Rotaryj\u00e4rjest\u00f6 toimii yli 200 maassa \u2013 j\u00e4seni\u00e4 sill\u00e4 on yli 1,4 miljoonaa. Suomessa ja Virossa on yhteens\u00e4 300 rotaryklubia ja rotareita yhteens\u00e4 [&hellip;]","og_url":"https:\/\/rotary.fi\/joensuuetelainen\/keita-olemme\/","og_site_name":"Joensuun Etel\u00e4inen Rotaryklubi","article_modified_time":"2023-09-05T13:12:11+00:00","twitter_card":"summary_large_image","twitter_misc":{"Arvioitu lukuaika":"1 minuutti"},"schema":{"@context":"https:\/\/schema.org","@graph":[{"@type":"WebPage","@id":"https:\/\/rotary.fi\/joensuuetelainen\/keita-olemme\/","url":"https:\/\/rotary.fi\/joensuuetelainen\/keita-olemme\/","name":"Keit\u00e4 olemme? - Joensuun Etel\u00e4inen Rotaryklubi","isPartOf":{"@id":"https:\/\/rotary.fi\/joensuuetelainen\/#website"},"datePublished":"2018-08-10T10:41:39+00:00","dateModified":"2023-09-05T13:12:11+00:00","breadcrumb":{"@id":"https:\/\/rotary.fi\/joensuuetelainen\/keita-olemme\/#breadcrumb"},"inLanguage":"fi","potentialAction":[{"@type":"ReadAction","target":["https:\/\/rotary.fi\/joensuuetelainen\/keita-olemme\/"]}]},{"@type":"BreadcrumbList","@id":"https:\/\/rotary.fi\/joensuuetelainen\/keita-olemme\/#breadcrumb","itemListElement":[{"@type":"ListItem","position":1,"name":"Home","item":"https:\/\/rotary.fi\/joensuuetelainen\/"},{"@type":"ListItem","position":2,"name":"Keit\u00e4 olemme?"}]},{"@type":"WebSite","@id":"https:\/\/rotary.fi\/joensuuetelainen\/#website","url":"https:\/\/rotary.fi\/joensuuetelainen\/","name":"Joensuun Etel\u00e4inen Rotaryklubi","description":"Rotary klubisivusto","potentialAction":[{"@type":"SearchAction","target":{"@type":"EntryPoint","urlTemplate":"https:\/\/rotary.fi\/joensuuetelainen\/?s={search_term_string}"},"query-input":{"@type":"PropertyValueSpecification","valueRequired":true,"valueName":"search_term_string"}}],"inLanguage":"fi"}]}},"lang":"fi","translations":{"fi":129,"en":1424},"pll_sync_post":[],"_links":{"self":[{"href":"https:\/\/rotary.fi\/joensuuetelainen\/wp-json\/wp\/v2\/pages\/129","targetHints":{"allow":["GET"]}}],"collection":[{"href":"https:\/\/rotary.fi\/joensuuetelainen\/wp-json\/wp\/v2\/pages"}],"about":[{"href":"https:\/\/rotary.fi\/joensuuetelainen\/wp-json\/wp\/v2\/types\/page"}],"author":[{"embeddable":true,"href":"https:\/\/rotary.fi\/joensuuetelainen\/wp-json\/wp\/v2\/users\/1"}],"replies":[{"embeddable":true,"href":"https:\/\/rotary.fi\/joensuuetelainen\/wp-json\/wp\/v2\/comments?post=129"}],"version-history":[{"count":9,"href":"https:\/\/rotary.fi\/joensuuetelainen\/wp-json\/wp\/v2\/pages\/129\/revisions"}],"predecessor-version":[{"id":2225,"href":"https:\/\/rotary.fi\/joensuuetelainen\/wp-json\/wp\/v2\/pages\/129\/revisions\/2225"}],"wp:attachment":[{"href":"https:\/\/rotary.fi\/joensuuetelainen\/wp-json\/wp\/v2\/media?parent=129"}],"curies":[{"name":"wp","href":"https:\/\/api.w.org\/{rel}","templated":true}]}}